{"id":4432,"date":"2022-04-11T06:49:18","date_gmt":"2022-04-11T06:49:18","guid":{"rendered":"https:\/\/www.hicreategames.com\/brugerdefineret-braetspil\/"},"modified":"2025-08-30T07:37:00","modified_gmt":"2025-08-30T07:37:00","slug":"brugerdefineret-braetspil","status":"publish","type":"page","link":"https:\/\/www.hicreategames.com\/da\/brugerdefineret-braetspil\/","title":{"rendered":"Specialfremstillet Br\u00e6tspil"},"content":{"rendered":"\n\n\t<h3>\n\t\t\t\tTilpasset Br\u00e6tspilsudbyder\n\t\t\t<\/h3>\n\t<p>Vi er specialister i at omdanne dine kreative br\u00e6tspilsid\u00e9er til konkrete produkter.<\/p>\n<p>Vores team kombinerer ekspertise inden for design, h\u00e5ndv\u00e6rk, avanceret trykteknologi og effektive produktionsprocesser for at levere premium br\u00e6tspil efter m\u00e5l.<\/p>\n\t\t\t<a href=\"#\" role=\"button\">\n\t\t\t\t\t\t\tF\u00e5 et Gratis Tilbud\n\t\t\t\t\t<\/a>\n\t\t\t\n<div class=\"wpcf7 no-js\" id=\"wpcf7-f4188-o1\" lang=\"da-DK\" dir=\"ltr\" data-wpcf7-id=\"4188\">\n<div class=\"screen-reader-response\"><p role=\"status\" aria-live=\"polite\" aria-atomic=\"true\"><\/p> <ul><\/ul><\/div>\n<form action=\"\/da\/wp-json\/wp\/v2\/pages\/4432#wpcf7-f4188-o1\" method=\"post\" class=\"wpcf7-form init\" aria-label=\"Kontaktformular\" enctype=\"multipart\/form-data\" novalidate=\"novalidate\" data-status=\"init\">\n<fieldset class=\"hidden-fields-container\"><input type=\"hidden\" name=\"_wpcf7\" value=\"4188\" \/><input type=\"hidden\" name=\"_wpcf7_version\" value=\"6.1.5\" \/><input type=\"hidden\" name=\"_wpcf7_locale\" value=\"da_DK\" \/><input type=\"hidden\" name=\"_wpcf7_unit_tag\" value=\"wpcf7-f4188-o1\" \/><input type=\"hidden\" name=\"_wpcf7_container_post\" value=\"0\" \/><input type=\"hidden\" name=\"_wpcf7_posted_data_hash\" value=\"\" \/><input type=\"hidden\" name=\"_wpcf7_recaptcha_response\" value=\"\" \/>\n<\/fieldset>\n<p><label> Dit navn<br \/>\n<span class=\"wpcf7-form-control-wrap\" data-name=\"your-name\"><input size=\"40\" maxlength=\"400\" class=\"wpcf7-form-control wpcf7-text wpcf7-validates-as-required\" aria-required=\"true\" aria-invalid=\"false\" value=\"\" type=\"text\" name=\"your-name\" \/><\/span> <\/label>\n<\/p>\n<p><label> Din email<br \/>\n<span class=\"wpcf7-form-control-wrap\" data-name=\"your-email\"><input size=\"40\" maxlength=\"400\" class=\"wpcf7-form-control wpcf7-email wpcf7-validates-as-required wpcf7-text wpcf7-validates-as-email\" aria-required=\"true\" aria-invalid=\"false\" value=\"\" type=\"email\" name=\"your-email\" \/><\/span> <\/label>\n<\/p>\n<p><label> Minimum Ordrem\u00e6ngde<br \/>\n<span class=\"wpcf7-form-control-wrap\" data-name=\"menu-734\"><select class=\"wpcf7-form-control wpcf7-select wpcf7-validates-as-required\" aria-required=\"true\" aria-invalid=\"false\" name=\"menu-734\"><option value=\"\">&#8212;V\u00e6lg venligst en mulighed&#8212;<\/option><option value=\"300\">300<\/option><option value=\"500\">500<\/option><option value=\"1000\">1000<\/option><\/select><\/span> <\/label>\n<\/p>\n<p><label> Din besked<br \/>\n<span class=\"wpcf7-form-control-wrap\" data-name=\"your-message\"><textarea cols=\"40\" rows=\"10\" maxlength=\"2000\" class=\"wpcf7-form-control wpcf7-textarea wpcf7-validates-as-required\" aria-required=\"true\" aria-invalid=\"false\" name=\"your-message\"><\/textarea><\/span> <\/label>\n<\/p>\n<p><label> Din fil (valgfrit)<br \/>\n<span class=\"wpcf7-form-control-wrap\" data-name=\"file-978\"><input size=\"40\" class=\"wpcf7-form-control wpcf7-file\" accept=\"audio\/*,video\/*,image\/*\" aria-invalid=\"false\" type=\"file\" name=\"file-978\" \/><\/span> <\/label>\n<\/p>\n<p><span class=\"wpcf7-form-control-wrap\" data-name=\"quiz-747\"><label><span class=\"wpcf7-quiz-label\">2+6=?<\/span> <input size=\"40\" class=\"wpcf7-form-control wpcf7-quiz\" autocomplete=\"off\" aria-required=\"true\" aria-invalid=\"false\" type=\"text\" name=\"quiz-747\" \/><\/label><input type=\"hidden\" name=\"_wpcf7_quiz_answer_quiz-747\" value=\"34fe0dce70d770da3a4b02c0e1fa88fe\" \/><\/span>\n<\/p>\n<p><input class=\"wpcf7-form-control wpcf7-submit has-spinner\" type=\"submit\" value=\"Indsend\" \/>\n<\/p><div class=\"wpcf7-response-output\" aria-hidden=\"true\"><\/div>\n<\/form>\n<\/div>\n\t\t\n\t<h3>\n\t\t\t\tHvad kan vi tilpasse til dit br\u00e6tspil?\n\t\t\t<\/h3>\n\t\t\t<p>Tilpas alle aspekter af dit br\u00e6tspil<\/p>\t\n\t\t\t\t<img decoding=\"async\" src=\"https:\/\/www.hicreategames.com\/wp-content\/uploads\/2022\/04\/board-game-themes.jpg\" alt=\"Br\u00e6tspilstemaer\" itemprop=\"image\" height=\"426\" width=\"640\" title=\"Br\u00e6tspilstemaer\" onerror=\"this.style.display='none'\" loading=\"lazy\" \/>\n\t<h5>\n\t\t\t\t<a href=\"https:\/\/www.hicreategames.com\/theme-vs-mechanics\/#Theme-First_Design\" title=\"1. Spiltemaer\" target=\"_self\"  aria-label=\"Go to https:\/\/www.hicreategames.com\/theme-vs-mechanics\/#Theme-First_Design\">\n\t\t\t\t1. Spiltemaer\n\t\t\t\t<\/a>\n\t\t\t<\/h5>\n\t\t\t<p>Et godt tema er n\u00f8glen til at skabe et godt br\u00e6tspil. Det adskiller dit spil fra konkurrenterne. Det s\u00e6tter ogs\u00e5 tonen for hele gameplayet og kan v\u00e6re med til at skabe en fordybende oplevelse.  <\/p>\t\n\t\t\t\t<img decoding=\"async\" src=\"https:\/\/www.hicreategames.com\/wp-content\/uploads\/2022\/04\/board-game-mechanisms.jpg\" alt=\"Br\u00e6tspilsmekanik\" itemprop=\"image\" height=\"426\" width=\"640\" title=\"Br\u00e6tspilsmekanik\" onerror=\"this.style.display='none'\" loading=\"lazy\" \/>\n\t<h5>\n\t\t\t\t<a href=\"https:\/\/www.hicreategames.com\/theme-vs-mechanics\/#Mechanics-First_Design\" title=\"2. Spilmekanik\" target=\"_self\"  aria-label=\"Go to https:\/\/www.hicreategames.com\/theme-vs-mechanics\/#Mechanics-First_Design\">\n\t\t\t\t2. Spilmekanik\n\t\t\t\t<\/a>\n\t\t\t<\/h5>\n\t\t\t<p>Spilmekanik er afg\u00f8rende for et vellykket br\u00e6tspil, de bestemte strukturen, reglerne og den strategiske dybde af et spil. En god mekaniker guider spillere ned ad forskellige veje mod sejr. <\/p>\t\n\t\t\t\t<img decoding=\"async\" src=\"https:\/\/www.hicreategames.com\/wp-content\/uploads\/2023\/08\/Board-Game-Rules.jpg\" alt=\"Br\u00e6tspilsregler\" itemprop=\"image\" height=\"426\" width=\"640\" title=\"Br\u00e6tspilsregler\" onerror=\"this.style.display='none'\" loading=\"lazy\" \/>\n\t<h5>\n\t\t\t\t<a href=\"https:\/\/www.hicreategames.com\/da\/hvordan-skriver-man-braetspilsregler-indhold-og-tips\/\" title=\"3. Spilleregler\" target=\"_self\"  aria-label=\"Go to https:\/\/www.hicreategames.com\/da\/hvordan-skriver-man-braetspilsregler-indhold-og-tips\/\">\n\t\t\t\t3. Spilleregler\n\t\t\t\t<\/a>\n\t\t\t<\/h5>\n\t\t\t<p>Spilleregler er afg\u00f8rende vigtige, da de giver en ramme for gameplay, der sikrer spillets balance og genspilbarhed. Gennemarbejdede regler giver vinderne en f\u00f8lelse af pr\u00e6station og tilfredshed. <\/p>\t\n\t\t\t\t<img decoding=\"async\" src=\"https:\/\/www.hicreategames.com\/wp-content\/uploads\/2022\/04\/Game-Boards.jpg\" alt=\"Spilleplader\" itemprop=\"image\" height=\"426\" width=\"640\" title=\"Spilleplader\" onerror=\"this.style.display='none'\" loading=\"lazy\" \/>\n\t<h5>\n\t\t\t\t<a href=\"https:\/\/www.hicreategames.com\/da\/brugerdefineret-spilleplade\/\" title=\"4. Spilleplader\" target=\"_self\"  aria-label=\"Go to https:\/\/www.hicreategames.com\/da\/brugerdefineret-spilleplade\/\">\n\t\t\t\t4. Spilleplader\n\t\t\t\t<\/a>\n\t\t\t<\/h5>\n\t\t\t<p>Lad dig ikke n\u00f8jes med en generisk spilleplade, der ikke fuldt ud opfylder dine behov. Lad os hj\u00e6lpe dig med at skabe en spilleplade, der er skr\u00e6ddersyet til dine unikke pr\u00e6ferencer. Vi kan tilpasse dens st\u00f8rrelser, materialer, tykkelse, foldemuligheder, printmuligheder og overfladefinish.  <\/p> \t\n\t\t\t\t<img decoding=\"async\" src=\"https:\/\/www.hicreategames.com\/wp-content\/uploads\/2022\/04\/Game-Cards.jpg\" alt=\"Spilkort\" itemprop=\"image\" height=\"426\" width=\"640\" title=\"Spilkort\" onerror=\"this.style.display='none'\" loading=\"lazy\" \/>\n\t<h5>\n\t\t\t\t<a href=\"https:\/\/www.hicreategames.com\/da\/brugerdefineret-kortspil\/\" title=\"5. Spilkort\" target=\"_self\"  aria-label=\"Go to https:\/\/www.hicreategames.com\/da\/brugerdefineret-kortspil\/\">\n\t\t\t\t5. Spilkort\n\t\t\t\t<\/a>\n\t\t\t<\/h5>\n\t\t\t<p>Vi kan hj\u00e6lpe dig med at tilpasse dem fra kunstv\u00e6rket til kortst\u00f8rrelse, materiale, form, printmuligheder og overfladefinish. Vi vil arbejde sammen med dig hvert trin p\u00e5 vejen for at sikre, at dine spilkort er pr\u00e6cis, som du forestiller dig dem. <\/p> \t\n\t\t\t\t<img decoding=\"async\" src=\"https:\/\/www.hicreategames.com\/wp-content\/uploads\/2023\/03\/Cardboard-Game-Box.jpg\" alt=\"Spillet\u00e6ske af pap\" itemprop=\"image\" height=\"426\" width=\"640\" title=\"Spillet\u00e6ske af pap\" onerror=\"this.style.display='none'\" loading=\"lazy\" \/>\n\t<h5>\n\t\t\t\t<a href=\"https:\/\/www.hicreategames.com\/da\/brugerdefinerede-spilaesker\/\" title=\"6. Spil\u00e6sker\" target=\"_self\"  aria-label=\"Go to https:\/\/www.hicreategames.com\/da\/brugerdefinerede-spilaesker\/\">\n\t\t\t\t6. Spil\u00e6sker\n\t\t\t\t<\/a>\n\t\t\t<\/h5>\n\t\t\t<p>Vi kan hj\u00e6lpe dig med at designe en spilleboks, der skiller sig ud og tiltr\u00e6kker potentielle spillere. Vores team kan tilpasse din boks fra type til materiale, tykkelse og printmuligheder. Lad os hj\u00e6lpe dig med at skabe en tilpasset l\u00f8sning, der adskiller dine spilbokse.   <\/p>\t\n\t\t\t\t<img decoding=\"async\" src=\"https:\/\/www.hicreategames.com\/wp-content\/uploads\/2022\/04\/Game-Token.jpg\" alt=\"Spiltoken\" itemprop=\"image\" height=\"426\" width=\"640\" title=\"Spiltoken\" onerror=\"this.style.display='none'\" loading=\"lazy\" \/>\n\t<h5>\n\t\t\t\t<a href=\"https:\/\/www.hicreategames.com\/da\/brugerdefineret-spiltoken\/\" title=\"7. Spiltoken\" target=\"_self\"  aria-label=\"Go to https:\/\/www.hicreategames.com\/da\/brugerdefineret-spiltoken\/\">\n\t\t\t\t7. Spiltoken\n\t\t\t\t<\/a>\n\t\t\t<\/h5>\n\t\t\t<p>Brugerdefinerede spilpoletter er en omkostningseffektiv m\u00e5de at tilf\u00f8je personlighed og unikhed til dit br\u00e6tspil. Vi kan tilpasse dit token fra kunstv\u00e6rk til form, st\u00f8rrelse, tykkelse, materiale og printmuligheder. <\/p>\t\n\t\t\t\t<img decoding=\"async\" src=\"https:\/\/www.hicreategames.com\/wp-content\/uploads\/2022\/04\/Dice.jpg\" alt=\"Terning\" itemprop=\"image\" height=\"426\" width=\"640\" title=\"Terning\" onerror=\"this.style.display='none'\" loading=\"lazy\" \/>\n\t<h5>\n\t\t\t\t<a href=\"https:\/\/www.hicreategames.com\/da\/brugerdefinerede-terninger\/\" title=\"8. Terninger\" target=\"_self\"  aria-label=\"Go to https:\/\/www.hicreategames.com\/da\/brugerdefinerede-terninger\/\">\n\t\t\t\t8. Terninger\n\t\t\t\t<\/a>\n\t\t\t<\/h5>\n\t\t\t<p>Du \u00f8nsker m\u00e5ske at tilpasse dine spilterninger med specifikke symboler eller tal og f\u00e5 dem til at se mere visuelt tiltalende eller unikke ud. Vi kan tilpasse dine terninger fra st\u00f8rrelse til materiale, type, farve og logotryk. <\/p>\n\t\t\t\t<img decoding=\"async\" src=\"https:\/\/www.hicreategames.com\/wp-content\/uploads\/2022\/04\/Miniatures.jpg\" alt=\"Miniaturer\" itemprop=\"image\" height=\"426\" width=\"640\" title=\"Miniaturer\" onerror=\"this.style.display='none'\" loading=\"lazy\" \/>\n\t<h5>\n\t\t\t\t<a href=\"https:\/\/www.hicreategames.com\/da\/brugerdefinerede-miniaturer\/\" title=\"9. Spilminiaturer\" target=\"_self\"  aria-label=\"Go to https:\/\/www.hicreategames.com\/da\/brugerdefinerede-miniaturer\/\">\n\t\t\t\t9. Spilminiaturer\n\t\t\t\t<\/a>\n\t\t\t<\/h5>\n\t\t\t<p>Ved at tilpasse dine miniaturer kan du skabe unikke karakterer, hvilket g\u00f8r det nemmere for spillere at identificere specifikke karakterer eller enheder p\u00e5 br\u00e6ttet. Lad os finjustere og f\u00e6rdigg\u00f8re 3D-print af din digitale model. <\/p>\t\n\t<h3>\n\t\t\t\tHvordan fremstiller vi dine br\u00e6tspil?\n\t\t\t<\/h3>\n\t\t\t<p>Fra koncept til f\u00e6rdigt spil i 3 hovedtrin<\/p>\t\n\t\t\t\t<img decoding=\"async\" src=\"https:\/\/www.hicreategames.com\/wp-content\/uploads\/2022\/04\/board-game-design.jpg\" alt=\"Br\u00e6tspil design\" itemprop=\"image\" height=\"427\" width=\"640\" title=\"Br\u00e6tspil design\" onerror=\"this.style.display='none'\" loading=\"lazy\" \/>\n\t<h5>\n\t\t\t\t1. Design Verifikation\n\t\t\t<\/h5>\n\t\t\t<p>N\u00e5r vi har modtaget dine br\u00e6tspilsideer eller filer, vil vi diskutere at give dig den mest omkostningseffektive l\u00f8sning.<\/p>\t\n\t\t\t\t<img decoding=\"async\" src=\"https:\/\/www.hicreategames.com\/wp-content\/uploads\/2022\/04\/Board-Game-Prototype.jpg\" alt=\"Br\u00e6tspil prototype\" itemprop=\"image\" height=\"426\" width=\"640\" title=\"Br\u00e6tspil prototype\" onerror=\"this.style.display='none'\" loading=\"lazy\" \/>\n\t<h5>\n\t\t\t\t2. Lav en prototype\n\t\t\t<\/h5>\n\t\t\t<p>Vi laver en professionelt udseende prototype af dit br\u00e6tspil og sender det til dig til pr\u00f8vekontrol og playtesting.<\/p>\t\n\t\t\t\t<img decoding=\"async\" src=\"https:\/\/www.hicreategames.com\/wp-content\/uploads\/2022\/04\/Board-Game-Mass-Production.jpg\" alt=\"Masseproduktion af br\u00e6tspil\" itemprop=\"image\" height=\"426\" width=\"640\" title=\"Masseproduktion af br\u00e6tspil\" onerror=\"this.style.display='none'\" loading=\"lazy\" \/>\n\t<h5>\n\t\t\t\t3. Masseproduktion\n\t\t\t<\/h5>\n\t\t\t<p>Hvis dit br\u00e6tspilspr\u00f8ve var blevet godkendt, arrangerer vi masseproduktionen.<\/p>\t\n<h3>\n\t\t\tKlassiske br\u00e6tspil, som vi kan tilpasse\t<\/h3>\n\t\t\t\t<img decoding=\"async\" src=\"https:\/\/www.hicreategames.com\/wp-content\/uploads\/2022\/04\/Monopoly-Board-Game.jpg\" alt=\"Monopoly-br\u00e6tspil\" itemprop=\"image\" height=\"426\" width=\"640\" title=\"Monopoly-br\u00e6tspil\" onerror=\"this.style.display='none'\" loading=\"lazy\" \/>\n\t<h5>\n\t\t\t\t<a href=\"https:\/\/www.hicreategames.com\/custom-monopoly-game\/\" title=\"Monopoly br\u00e6tspil\" target=\"_self\"  aria-label=\"Go to https:\/\/www.hicreategames.com\/custom-monopoly-game\/\">\n\t\t\t\tMonopoly br\u00e6tspil\n\t\t\t\t<\/a>\n\t\t\t<\/h5>\n\t\t\t<p>Den er skabt for at advare folk om farerne ved kapitalisme og monopolets asociale karakter. Vi kan hj\u00e6lpe dig med fuldt ud at tilpasse og fremstille dette ber\u00f8mte spil til en helt ny variation: fra temavalg til design af spilleplade, kort, poletter, spillepenge, terninger, regler og mere!<\/p>\t\n\t\t\t\t<img decoding=\"async\" src=\"https:\/\/www.hicreategames.com\/wp-content\/uploads\/2022\/04\/Clue-Board-Game.jpg\" alt=\"Cluedo br\u00e6tspil\" itemprop=\"image\" height=\"426\" width=\"640\" title=\"Cluedo br\u00e6tspil\" onerror=\"this.style.display='none'\" loading=\"lazy\" \/>\n\t<h5>\n\t\t\t\t<a href=\"https:\/\/www.hicreategames.com\/custom-clue-game\/\" title=\"Cluedo br\u00e6tspil\" target=\"_self\"  aria-label=\"Go to https:\/\/www.hicreategames.com\/custom-clue-game\/\">\n\t\t\t\tCluedo br\u00e6tspil\n\t\t\t\t<\/a>\n\t\t\t<\/h5>\n\t\t\t<p>Det er et klassisk mordmysteriespil til f\u00f8dselsdage, polterabends og familieweekender. Vi kan levere one-stop-l\u00f8sninger fra tilpasning til masseproduktion for dig, s\u00e5som scenariet for forbrydelsen, forholdet mellem karaktererne, k\u00f8replaner, tokens, kort og mere.<\/p>\t\n\t\t\t\t<img decoding=\"async\" src=\"https:\/\/www.hicreategames.com\/wp-content\/uploads\/2022\/04\/Catan-Board-Game.jpg\" alt=\"Catan br\u00e6tspil\" itemprop=\"image\" height=\"426\" width=\"640\" title=\"Catan br\u00e6tspil\" onerror=\"this.style.display='none'\" loading=\"lazy\" \/>\n\t<h5>\n\t\t\t\t<a href=\"https:\/\/www.hicreategames.com\/custom-catan-game\/\" title=\"Catan br\u00e6tspil\" target=\"_self\"  aria-label=\"Go to https:\/\/www.hicreategames.com\/custom-catan-game\/\">\n\t\t\t\tCatan br\u00e6tspil\n\t\t\t\t<\/a>\n\t\t\t<\/h5>\n\t\t\t<p>Catan er et klassisk br\u00e6tspil om h\u00f8st, handel og byggeri. For at forbedre dens spiloplevelse kan vi levere tilpassede tjenester, s\u00e5som konceptualisering af temaet, justering af spillereglerne og lave et unikt design af kortet, landtype, terr\u00e6nfliseform, kort, tokens og brikker.<\/p>\t\n\t<h3>\n\t\t\t\tBr\u00e6tspil ophavsretligt beskyttet af Hicreate\n\t\t\t<\/h3>\n\t\t\t<p>Vi ejer ophavsretten og varem\u00e6rkerne til disse br\u00e6tspil, hvilket betyder, at du kan f\u00e5 vores tilladelse til at s\u00e6lge dem, eller at vi kan tilpasse nye varianter baseret p\u00e5 dem.<\/p>\t\n\t\t\t\t<img decoding=\"async\" src=\"https:\/\/www.hicreategames.com\/wp-content\/uploads\/2023\/10\/The-War-of-Spirit-Stone.jpg\" alt=\"The War of Spirit Stone\" itemprop=\"image\" height=\"600\" width=\"600\" title=\"The War of Spirit Stone\" onerror=\"this.style.display='none'\" loading=\"lazy\" \/>\n<h5>\n\t\t\tThe War of Spirit Stone\t<\/h5>\n\t<p>Et monopolspil, der er tilpasset fra den klassiske animation om bjerge og floder, bringer b\u00f8rn ind i eventyrverdenen.<\/p>\n<ul>\n<li>Varenr.: HC186<\/li>\n<li>Antal spillere: 3-6<\/li>\n<li>Tid: 30-60 min<\/li>\n<\/ul>\n\t\t\t\t<img decoding=\"async\" src=\"https:\/\/www.hicreategames.com\/wp-content\/uploads\/2023\/10\/Super-Landmarks.jpg\" alt=\"Super Landmarks\" itemprop=\"image\" height=\"600\" width=\"600\" title=\"Super Landmarks\" onerror=\"this.style.display='none'\" loading=\"lazy\" \/>\n<h5>\n\t\t\tSuper Landmarks\t<\/h5>\n\t<p>Dette er et videnskabeligt spil om vartegn, som kan hj\u00e6lpe b\u00f8rn med at blive fortrolige med kontinenternes fordeling, nationale vartegn og meget mere.<\/p>\n<ul>\n<li>Varenr.: HC192<\/li>\n<li>Antal spillere: 2-4<\/li>\n<li>Tid: 30-60 min<\/li>\n<\/ul>\n\t\t\t\t<img decoding=\"async\" src=\"https:\/\/www.hicreategames.com\/wp-content\/uploads\/2023\/10\/Vast-Space.jpg\" alt=\"Vast Space\" itemprop=\"image\" height=\"600\" width=\"600\" title=\"Vast Space\" onerror=\"this.style.display='none'\" loading=\"lazy\" \/>\n<h5>\n\t\t\tVast Space\t<\/h5>\n\t<p>Dette er et Monopolspil, der stimulerer b\u00f8rns interesse for viden om universet.<\/p>\n<ul>\n<li>Varenr.: HC183<\/li>\n<li>Antal spillere: 3-6<\/li>\n<li>Tid: 30-60 min<\/li>\n<\/ul>\n\t\t\t\t<img decoding=\"async\" src=\"https:\/\/www.hicreategames.com\/wp-content\/uploads\/2023\/10\/Meow.jpg\" alt=\"Meow\" itemprop=\"image\" height=\"600\" width=\"600\" title=\"Meow\" onerror=\"this.style.display='none'\" loading=\"lazy\" \/>\n<h5>\n\t\t\tMeow\t<\/h5>\n\t<p>Dette er et Monopolspil med katte, der tr\u00e6ner ledelses- og regnef\u00e6rdigheder. Spillerne kan spille karakterer som katte. <\/p>\n<ul>\n<li>Varenr.: HC201<\/li>\n<li>Antal spillere: 2-4<\/li>\n<li>Tid: 25 min<\/li>\n<\/ul>\n\t\t\t\t<img decoding=\"async\" src=\"https:\/\/www.hicreategames.com\/wp-content\/uploads\/2023\/10\/Hallow-Candy-House.jpg\" alt=\"Hallow Candy House\" itemprop=\"image\" height=\"600\" width=\"600\" title=\"Hallow Candy House\" onerror=\"this.style.display='none'\" loading=\"lazy\" \/>\n<h5>\n\t\t\tHallow Candy House\t<\/h5>\n\t<p>Et regnespil med Halloween-tema, hvor spillerne skal bruge elementer til at hj\u00e6lpe alferne med at samle slikskatte.<\/p>\n<ul>\n<li>Varenr.: HC202<\/li>\n<li>Antal spillere: 3-6<\/li>\n<li>Tid: 30-60 min<\/li>\n<\/ul>\n\t\t\t\t<img decoding=\"async\" src=\"https:\/\/www.hicreategames.com\/wp-content\/uploads\/2023\/10\/Lucky-Lion.jpg\" alt=\"Lucky Lion\" itemprop=\"image\" height=\"600\" width=\"600\" title=\"Lucky Lion\" onerror=\"this.style.display='none'\" loading=\"lazy\" \/>\n<h5>\n\t\t\tLucky Lion\t<\/h5>\n\t<p>Dette er et actionbalance-spil, hvor man tr\u00e6ner sin koordination. Spillerne kan spille karakterer som l\u00f8vedansere. Den spiller, der placerer de h\u00f8jeste blokke, vinder.  <\/p>\n<ul>\n<li>Varenr.: HC199<\/li>\n<li>Antal spillere: 1-4<\/li>\n<li>Tid: 10-20 min<\/li>\n<\/ul>\n\t\t\t\t<img decoding=\"async\" src=\"https:\/\/www.hicreategames.com\/wp-content\/uploads\/2022\/04\/custom-board-game.png\" alt=\"Tilpasset br\u00e6tspil\" itemprop=\"image\" height=\"500\" width=\"500\" title=\"Tilpasset br\u00e6tspil\" onerror=\"this.style.display='none'\" loading=\"lazy\" \/>\n\t<h3>\n\t\t\t\tKontakt os nu\n\t\t\t<\/h3>\n\t\n<div class=\"wpcf7 no-js\" id=\"wpcf7-f4188-o2\" lang=\"da-DK\" dir=\"ltr\" data-wpcf7-id=\"4188\">\n<div class=\"screen-reader-response\"><p role=\"status\" aria-live=\"polite\" aria-atomic=\"true\"><\/p> <ul><\/ul><\/div>\n<form action=\"\/da\/wp-json\/wp\/v2\/pages\/4432#wpcf7-f4188-o2\" method=\"post\" class=\"wpcf7-form init\" aria-label=\"Kontaktformular\" enctype=\"multipart\/form-data\" novalidate=\"novalidate\" data-status=\"init\">\n<fieldset class=\"hidden-fields-container\"><input type=\"hidden\" name=\"_wpcf7\" value=\"4188\" \/><input type=\"hidden\" name=\"_wpcf7_version\" value=\"6.1.5\" \/><input type=\"hidden\" name=\"_wpcf7_locale\" value=\"da_DK\" \/><input type=\"hidden\" name=\"_wpcf7_unit_tag\" value=\"wpcf7-f4188-o2\" \/><input type=\"hidden\" name=\"_wpcf7_container_post\" value=\"0\" \/><input type=\"hidden\" name=\"_wpcf7_posted_data_hash\" value=\"\" \/><input type=\"hidden\" name=\"_wpcf7_recaptcha_response\" value=\"\" \/>\n<\/fieldset>\n<p><label> Dit navn<br \/>\n<span class=\"wpcf7-form-control-wrap\" data-name=\"your-name\"><input size=\"40\" maxlength=\"400\" class=\"wpcf7-form-control wpcf7-text wpcf7-validates-as-required\" aria-required=\"true\" aria-invalid=\"false\" value=\"\" type=\"text\" name=\"your-name\" \/><\/span> <\/label>\n<\/p>\n<p><label> Din email<br \/>\n<span class=\"wpcf7-form-control-wrap\" data-name=\"your-email\"><input size=\"40\" maxlength=\"400\" class=\"wpcf7-form-control wpcf7-email wpcf7-validates-as-required wpcf7-text wpcf7-validates-as-email\" aria-required=\"true\" aria-invalid=\"false\" value=\"\" type=\"email\" name=\"your-email\" \/><\/span> <\/label>\n<\/p>\n<p><label> Minimum Ordrem\u00e6ngde<br \/>\n<span class=\"wpcf7-form-control-wrap\" data-name=\"menu-734\"><select class=\"wpcf7-form-control wpcf7-select wpcf7-validates-as-required\" aria-required=\"true\" aria-invalid=\"false\" name=\"menu-734\"><option value=\"\">&#8212;V\u00e6lg venligst en mulighed&#8212;<\/option><option value=\"300\">300<\/option><option value=\"500\">500<\/option><option value=\"1000\">1000<\/option><\/select><\/span> <\/label>\n<\/p>\n<p><label> Din besked<br \/>\n<span class=\"wpcf7-form-control-wrap\" data-name=\"your-message\"><textarea cols=\"40\" rows=\"10\" maxlength=\"2000\" class=\"wpcf7-form-control wpcf7-textarea wpcf7-validates-as-required\" aria-required=\"true\" aria-invalid=\"false\" name=\"your-message\"><\/textarea><\/span> <\/label>\n<\/p>\n<p><label> Din fil (valgfrit)<br \/>\n<span class=\"wpcf7-form-control-wrap\" data-name=\"file-978\"><input size=\"40\" class=\"wpcf7-form-control wpcf7-file\" accept=\"audio\/*,video\/*,image\/*\" aria-invalid=\"false\" type=\"file\" name=\"file-978\" \/><\/span> <\/label>\n<\/p>\n<p><span class=\"wpcf7-form-control-wrap\" data-name=\"quiz-747\"><label><span class=\"wpcf7-quiz-label\">2+6=?<\/span> <input size=\"40\" class=\"wpcf7-form-control wpcf7-quiz\" autocomplete=\"off\" aria-required=\"true\" aria-invalid=\"false\" type=\"text\" name=\"quiz-747\" \/><\/label><input type=\"hidden\" name=\"_wpcf7_quiz_answer_quiz-747\" value=\"34fe0dce70d770da3a4b02c0e1fa88fe\" \/><\/span>\n<\/p>\n<p><input class=\"wpcf7-form-control wpcf7-submit has-spinner\" type=\"submit\" value=\"Indsend\" \/>\n<\/p><div class=\"wpcf7-response-output\" aria-hidden=\"true\"><\/div>\n<\/form>\n<\/div>\n\n\n","protected":false},"excerpt":{"rendered":"<p>Tilpasset Br\u00e6tspilsudbyder Vi er specialister i at omdanne dine kreative br\u00e6tspilsid\u00e9er til konkrete produkter. Vores team kombinerer ekspertise inden for design, h\u00e5ndv\u00e6rk, avanceret trykteknologi og effektive produktionsprocesser for at levere premium br\u00e6tspil efter m\u00e5l. F\u00e5 et Gratis Tilbud Hvad kan vi tilpasse til dit br\u00e6tspil? Tilpas alle aspekter af dit [&hellip;]<\/p>\n","protected":false},"author":1,"featured_media":0,"parent":0,"menu_order":0,"comment_status":"closed","ping_status":"closed","template":"","meta":{"site-sidebar-layout":"no-sidebar","site-content-layout":"page-builder","ast-site-content-layout":"default","site-content-style":"default","site-sidebar-style":"default","ast-global-header-display":"","ast-banner-title-visibility":"","ast-main-header-display":"","ast-hfb-above-header-display":"","ast-hfb-below-header-display":"","ast-hfb-mobile-header-display":"","site-post-title":"disabled","ast-breadcrumbs-content":"","ast-featured-img":"disabled","footer-sml-layout":"","ast-disable-related-posts":"","theme-transparent-header-meta":"default","adv-header-id-meta":"","stick-header-meta":"default","header-above-stick-meta":"","header-main-stick-meta":"","header-below-stick-meta":"","astra-migrate-meta-layouts":"default","ast-page-background-enabled":"default","ast-page-background-meta":{"desktop":{"background-color":"","background-image":"","background-repeat":"repeat","background-position":"center center","background-size":"auto","background-attachment":"scroll","background-type":"","background-media":"","overlay-type":"","overlay-color":"","overlay-opacity":"","overlay-gradient":""},"tablet":{"background-color":"","background-image":"","background-repeat":"repeat","background-position":"center center","background-size":"auto","background-attachment":"scroll","background-type":"","background-media":"","overlay-type":"","overlay-color":"","overlay-opacity":"","overlay-gradient":""},"mobile":{"background-color":"","background-image":"","background-repeat":"repeat","background-position":"center center","background-size":"auto","background-attachment":"scroll","background-type":"","background-media":"","overlay-type":"","overlay-color":"","overlay-opacity":"","overlay-gradient":""}},"ast-content-background-meta":{"desktop":{"background-color":"var(--ast-global-color-5)","background-image":"","background-repeat":"repeat","background-position":"center center","background-size":"auto","background-attachment":"scroll","background-type":"","background-media":"","overlay-type":"","overlay-color":"","overlay-opacity":"","overlay-gradient":""},"tablet":{"background-color":"var(--ast-global-color-5)","background-image":"","background-repeat":"repeat","background-position":"center center","background-size":"auto","background-attachment":"scroll","background-type":"","background-media":"","overlay-type":"","overlay-color":"","overlay-opacity":"","overlay-gradient":""},"mobile":{"background-color":"var(--ast-global-color-5)","background-image":"","background-repeat":"repeat","background-position":"center center","background-size":"auto","background-attachment":"scroll","background-type":"","background-media":"","overlay-type":"","overlay-color":"","overlay-opacity":"","overlay-gradient":""}},"footnotes":""},"class_list":["post-4432","page","type-page","status-publish","hentry"],"_links":{"self":[{"href":"https:\/\/www.hicreategames.com\/da\/wp-json\/wp\/v2\/pages\/4432","targetHints":{"allow":["GET"]}}],"collection":[{"href":"https:\/\/www.hicreategames.com\/da\/wp-json\/wp\/v2\/pages"}],"about":[{"href":"https:\/\/www.hicreategames.com\/da\/wp-json\/wp\/v2\/types\/page"}],"author":[{"embeddable":true,"href":"https:\/\/www.hicreategames.com\/da\/wp-json\/wp\/v2\/users\/1"}],"replies":[{"embeddable":true,"href":"https:\/\/www.hicreategames.com\/da\/wp-json\/wp\/v2\/comments?post=4432"}],"version-history":[{"count":5,"href":"https:\/\/www.hicreategames.com\/da\/wp-json\/wp\/v2\/pages\/4432\/revisions"}],"predecessor-version":[{"id":26720,"href":"https:\/\/www.hicreategames.com\/da\/wp-json\/wp\/v2\/pages\/4432\/revisions\/26720"}],"wp:attachment":[{"href":"https:\/\/www.hicreategames.com\/da\/wp-json\/wp\/v2\/media?parent=4432"}],"curies":[{"name":"wp","href":"https:\/\/api.w.org\/{rel}","templated":true}]}}