{"id":4438,"date":"2022-04-19T03:44:01","date_gmt":"2022-04-19T03:44:01","guid":{"rendered":"https:\/\/www.hicreategames.com\/brugerdefinerede-spilstykker\/"},"modified":"2025-08-26T11:08:32","modified_gmt":"2025-08-26T11:08:32","slug":"brugerdefinerede-spilstykker","status":"publish","type":"page","link":"https:\/\/www.hicreategames.com\/da\/brugerdefinerede-spilstykker\/","title":{"rendered":"Brugerdefinerede Spilstykker"},"content":{"rendered":"\n<h3>\n\t\tTilpas og fabrik\u00e9r dine spilstykker\n\t<\/h3>\n\t\t\t<a href=\"#\" role=\"button\">\n\t\t\t\t\t\t\tKontakt os og upload dine ideer\n\t\t\t<\/a>\n\t\t\n<div class=\"wpcf7 no-js\" id=\"wpcf7-f4188-o1\" lang=\"da-DK\" dir=\"ltr\" data-wpcf7-id=\"4188\">\n<div class=\"screen-reader-response\"><p role=\"status\" aria-live=\"polite\" aria-atomic=\"true\"><\/p> <ul><\/ul><\/div>\n<form action=\"\/da\/wp-json\/wp\/v2\/pages\/4438#wpcf7-f4188-o1\" method=\"post\" class=\"wpcf7-form init\" aria-label=\"Kontaktformular\" enctype=\"multipart\/form-data\" novalidate=\"novalidate\" data-status=\"init\">\n<fieldset class=\"hidden-fields-container\"><input type=\"hidden\" name=\"_wpcf7\" value=\"4188\" \/><input type=\"hidden\" name=\"_wpcf7_version\" value=\"6.1.5\" \/><input type=\"hidden\" name=\"_wpcf7_locale\" value=\"da_DK\" \/><input type=\"hidden\" name=\"_wpcf7_unit_tag\" value=\"wpcf7-f4188-o1\" \/><input type=\"hidden\" name=\"_wpcf7_container_post\" value=\"0\" \/><input type=\"hidden\" name=\"_wpcf7_posted_data_hash\" value=\"\" \/><input type=\"hidden\" name=\"_wpcf7_recaptcha_response\" value=\"\" \/>\n<\/fieldset>\n<p><label> Dit navn<br \/>\n<span class=\"wpcf7-form-control-wrap\" data-name=\"your-name\"><input size=\"40\" maxlength=\"400\" class=\"wpcf7-form-control wpcf7-text wpcf7-validates-as-required\" aria-required=\"true\" aria-invalid=\"false\" value=\"\" type=\"text\" name=\"your-name\" \/><\/span> <\/label>\n<\/p>\n<p><label> Din email<br \/>\n<span class=\"wpcf7-form-control-wrap\" data-name=\"your-email\"><input size=\"40\" maxlength=\"400\" class=\"wpcf7-form-control wpcf7-email wpcf7-validates-as-required wpcf7-text wpcf7-validates-as-email\" aria-required=\"true\" aria-invalid=\"false\" value=\"\" type=\"email\" name=\"your-email\" \/><\/span> <\/label>\n<\/p>\n<p><label> Minimum Ordrem\u00e6ngde<br \/>\n<span class=\"wpcf7-form-control-wrap\" data-name=\"menu-734\"><select class=\"wpcf7-form-control wpcf7-select wpcf7-validates-as-required\" aria-required=\"true\" aria-invalid=\"false\" name=\"menu-734\"><option value=\"\">&#8212;V\u00e6lg venligst en mulighed&#8212;<\/option><option value=\"300\">300<\/option><option value=\"500\">500<\/option><option value=\"1000\">1000<\/option><\/select><\/span> <\/label>\n<\/p>\n<p><label> Din besked<br \/>\n<span class=\"wpcf7-form-control-wrap\" data-name=\"your-message\"><textarea cols=\"40\" rows=\"10\" maxlength=\"2000\" class=\"wpcf7-form-control wpcf7-textarea wpcf7-validates-as-required\" aria-required=\"true\" aria-invalid=\"false\" name=\"your-message\"><\/textarea><\/span> <\/label>\n<\/p>\n<p><label> Din fil (valgfrit)<br \/>\n<span class=\"wpcf7-form-control-wrap\" data-name=\"file-978\"><input size=\"40\" class=\"wpcf7-form-control wpcf7-file\" accept=\"audio\/*,video\/*,image\/*\" aria-invalid=\"false\" type=\"file\" name=\"file-978\" \/><\/span> <\/label>\n<\/p>\n<p><span class=\"wpcf7-form-control-wrap\" data-name=\"quiz-747\"><label><span class=\"wpcf7-quiz-label\">2+6=?<\/span> <input size=\"40\" class=\"wpcf7-form-control wpcf7-quiz\" autocomplete=\"off\" aria-required=\"true\" aria-invalid=\"false\" type=\"text\" name=\"quiz-747\" \/><\/label><input type=\"hidden\" name=\"_wpcf7_quiz_answer_quiz-747\" value=\"34fe0dce70d770da3a4b02c0e1fa88fe\" \/><\/span>\n<\/p>\n<p><input class=\"wpcf7-form-control wpcf7-submit has-spinner\" type=\"submit\" value=\"Indsend\" \/>\n<\/p><div class=\"wpcf7-response-output\" aria-hidden=\"true\"><\/div>\n<\/form>\n<\/div>\n\t\n\t<h3>\n\t\t\t\tMaterialer til spillebrikker\n\t\t\t<\/h3>\n\t\t\t\t<img loading=\"lazy\" decoding=\"async\" src=\"https:\/\/www.hicreategames.com\/wp-content\/uploads\/2022\/04\/Wooden-Game-Pieces.jpg\" alt=\"Spillestykker af tr\u00e6\" itemprop=\"image\" height=\"426\" width=\"640\" title=\"Spillestykker af tr\u00e6\" onerror=\"this.style.display='none'\"  \/>\n\t<h5>\n\t\t\t\tTr\u00e6spilstykker\n\t\t\t<\/h5>\n\t\t\t<p>De er typisk lavet af tr\u00e6 og er designet til at v\u00e6re holdbare, taktile og visuelt tiltalende. Nogle almindelige eksempler p\u00e5 tr\u00e6spilstykker inkluderer bonde, terninger, terninger, diske og meeples.<\/p>\t\n\t\t\t\t<img loading=\"lazy\" decoding=\"async\" src=\"https:\/\/www.hicreategames.com\/wp-content\/uploads\/2022\/04\/Plastic-Game-Pieces.jpg\" alt=\"Spillestykker i plast\" itemprop=\"image\" height=\"426\" width=\"640\" title=\"Spillestykker i plast\" onerror=\"this.style.display='none'\"  \/>\n\t<h5>\n\t\t\t\tPlastspilstykker\n\t\t\t<\/h5>\n\t\t\t<p>Plastspilstykker foretr\u00e6kkes ofte frem for andre materialer som metal eller tr\u00e6, fordi de er overkommelige, lette, holdbare og kan fremstilles i en lang r\u00e6kke former og farver.<\/p>\t\n\t\t\t\t<img loading=\"lazy\" decoding=\"async\" src=\"https:\/\/www.hicreategames.com\/wp-content\/uploads\/2022\/04\/Metal-Game-Pieces.jpg\" alt=\"Metal spilstykker\" itemprop=\"image\" height=\"426\" width=\"640\" title=\"Metal spilstykker\" onerror=\"this.style.display='none'\"  \/>\n\t<h5>\n\t\t\t\tMetalspilstykker\n\t\t\t<\/h5>\n\t\t\t<p>Metalspilstykker kan laves af zink, tin, kobber eller aluminium gennem st\u00f8bning, stempling eller \u00e6tsningsprocesser. De foretr\u00e6kkes for deres v\u00e6gt, holdbarhed og premium -look og fornemmelse.<\/p>\t\n<h3>\n\t\tFremstillingsprocesser for tr\u00e6spilstykker\n\t<\/h3>\n\t\t\t\t<img loading=\"lazy\" decoding=\"async\" src=\"https:\/\/www.hicreategames.com\/wp-content\/uploads\/2022\/04\/wooden-raw-material.jpg\" alt=\"tr\u00e6 r\u00e5materiale\" itemprop=\"image\" height=\"125\" width=\"143\" title=\"tr\u00e6 r\u00e5materiale\" onerror=\"this.style.display='none'\"  \/>\n<h6>\n\t\tR\u00e5materiale\n\t<\/h6>\n\t\t\t\t<img loading=\"lazy\" decoding=\"async\" src=\"https:\/\/www.hicreategames.com\/wp-content\/uploads\/2022\/04\/wooden-distribution.jpg\" alt=\"fordeling af tr\u00e6\" itemprop=\"image\" height=\"126\" width=\"143\" title=\"fordeling af tr\u00e6\" onerror=\"this.style.display='none'\"  \/>\n<h6>\n\t\tFordeling\n\t<\/h6>\n\t\t\t\t<img loading=\"lazy\" decoding=\"async\" src=\"https:\/\/www.hicreategames.com\/wp-content\/uploads\/2022\/04\/wooden-cutting.jpg\" alt=\"tr\u00e6sk\u00e6ring\" itemprop=\"image\" height=\"127\" width=\"145\" title=\"tr\u00e6sk\u00e6ring\" onerror=\"this.style.display='none'\"  \/>\n<h6>\n\t\tSk\u00e6ring\n\t<\/h6>\n\t\t\t\t<img loading=\"lazy\" decoding=\"async\" src=\"https:\/\/www.hicreategames.com\/wp-content\/uploads\/2022\/04\/wooden-game-pieces-polishing.jpg\" alt=\"tr\u00e6 spillebrikker polering\" itemprop=\"image\" height=\"126\" width=\"146\" title=\"tr\u00e6 spillebrikker polering\" onerror=\"this.style.display='none'\"  \/>\n<h6>\n\t\tPolering\n\t<\/h6>\n\t\t\t\t<img loading=\"lazy\" decoding=\"async\" src=\"https:\/\/www.hicreategames.com\/wp-content\/uploads\/2022\/04\/wooden-game-pieces-assembly.jpg\" alt=\"tr\u00e6 spillebrikker samling\" itemprop=\"image\" height=\"123\" width=\"144\" title=\"tr\u00e6 spillebrikker samling\" onerror=\"this.style.display='none'\"  \/>\n<h6>\n\t\tmontage\n\t<\/h6>\n\t\t\t\t<img loading=\"lazy\" decoding=\"async\" src=\"https:\/\/www.hicreategames.com\/wp-content\/uploads\/2022\/04\/wooden-game-pieces-printing.jpg\" alt=\"tryk p\u00e5 spillebrikker i tr\u00e6\" itemprop=\"image\" height=\"123\" width=\"144\" title=\"tryk p\u00e5 spillebrikker i tr\u00e6\" onerror=\"this.style.display='none'\"  \/>\n<h6>\n\t\tTrykning\n\t<\/h6>\n\t\t\t\t<img loading=\"lazy\" decoding=\"async\" src=\"https:\/\/www.hicreategames.com\/wp-content\/uploads\/2022\/04\/wooden-game-pieces-shrink-wrap.jpg\" alt=\"spillebrikker af tr\u00e6 krympefolie\" itemprop=\"image\" height=\"122\" width=\"144\" title=\"spillebrikker af tr\u00e6 krympefolie\" onerror=\"this.style.display='none'\"  \/>\n<h6>\n\t\tShrink Wrap\n\t<\/h6>\n\t\t\t\t<img loading=\"lazy\" decoding=\"async\" src=\"https:\/\/www.hicreategames.com\/wp-content\/uploads\/2022\/04\/wooden-game-pieces-packaging.jpg\" alt=\"emballage til spillebrikker i tr\u00e6\" itemprop=\"image\" height=\"123\" width=\"144\" title=\"emballage til spillebrikker i tr\u00e6\" onerror=\"this.style.display='none'\"  \/>\n<h6>\n\t\tEmballage\n\t<\/h6>\n<h3>\n\t\tFremstillingsprocesser for plastspilstykker\n\t<\/h3>\n\t\t\t\t<img loading=\"lazy\" decoding=\"async\" src=\"https:\/\/www.hicreategames.com\/wp-content\/uploads\/2022\/04\/make-layout.jpg\" alt=\"lave layout\" itemprop=\"image\" height=\"141\" width=\"160\" title=\"lave layout\" onerror=\"this.style.display='none'\"  \/>\n<h6>\n\t\tLav layout\n\t<\/h6>\n\t\t\t\t<img loading=\"lazy\" decoding=\"async\" src=\"https:\/\/www.hicreategames.com\/wp-content\/uploads\/2022\/04\/creat-model.jpg\" alt=\"skabe model\" itemprop=\"image\" height=\"138\" width=\"159\" title=\"skabe model\" onerror=\"this.style.display='none'\"  \/>\n<h6>\n\t\tOpret model\n\t<\/h6>\n\t\t\t\t<img loading=\"lazy\" decoding=\"async\" src=\"https:\/\/www.hicreategames.com\/wp-content\/uploads\/2022\/04\/injection.jpg\" alt=\"indspr\u00f8jtning\" itemprop=\"image\" height=\"138\" width=\"159\" title=\"indspr\u00f8jtning\" onerror=\"this.style.display='none'\"  \/>\n<h6>\n\t\tIndspr\u00f8jtning\n\t<\/h6>\n\t\t\t\t<img loading=\"lazy\" decoding=\"async\" src=\"https:\/\/www.hicreategames.com\/wp-content\/uploads\/2022\/04\/composing.jpg\" alt=\"komponerer\" itemprop=\"image\" height=\"140\" width=\"159\" title=\"komponerer\" onerror=\"this.style.display='none'\"  \/>\n<h6>\n\t\tKomponerer\n\t<\/h6>\n\t\t\t\t<img loading=\"lazy\" decoding=\"async\" src=\"https:\/\/www.hicreategames.com\/wp-content\/uploads\/2022\/04\/engraving.jpg\" alt=\"gravering\" itemprop=\"image\" height=\"141\" width=\"160\" title=\"gravering\" onerror=\"this.style.display='none'\"  \/>\n<h6>\n\t\tGravering\n\t<\/h6>\n\t\t\t\t<img loading=\"lazy\" decoding=\"async\" src=\"https:\/\/www.hicreategames.com\/wp-content\/uploads\/2022\/04\/assembly-1.jpg\" alt=\"montage\" itemprop=\"image\" height=\"140\" width=\"161\" title=\"montage\" onerror=\"this.style.display='none'\"  \/>\n<h6>\n\t\tmontage\n\t<\/h6>\n\t\t\t\t<img loading=\"lazy\" decoding=\"async\" src=\"https:\/\/www.hicreategames.com\/wp-content\/uploads\/2022\/04\/inspection.jpg\" alt=\"inspektion\" itemprop=\"image\" height=\"141\" width=\"161\" title=\"inspektion\" onerror=\"this.style.display='none'\"  \/>\n<h6>\n\t\tInspektion\n\t<\/h6>\n\t\t\t\t<img loading=\"lazy\" decoding=\"async\" src=\"https:\/\/www.hicreategames.com\/wp-content\/uploads\/2022\/04\/packaging-1.jpg\" alt=\"emballage\" itemprop=\"image\" height=\"140\" width=\"160\" title=\"emballage\" onerror=\"this.style.display='none'\"  \/>\n<h6>\n\t\tEmballage\n\t<\/h6>\n<h3>\n\t\tFremstillingsprocesser for metalspilstykker\n\t<\/h3>\n\t\t\t\t<img loading=\"lazy\" decoding=\"async\" src=\"https:\/\/www.hicreategames.com\/wp-content\/uploads\/2022\/04\/Metal-Pieces-Manufacturing.jpg\" alt=\"Fremstilling af metalstykker\" itemprop=\"image\" height=\"390\" width=\"670\" title=\"Fremstilling af metalstykker\" onerror=\"this.style.display='none'\"  \/>\n\t<ul>\n<li>N\u00e6sten br\u00e6tspil har metalstykker, lavet af zinklegering, og elektropletterede overflader.<\/li>\n<li>Minimumsordrem\u00e6ngden (MOQ) er 500 stykker, og prisen afh\u00e6nger af kompleksiteten af dine metalstykker.<\/li>\n<li>Kan ikke lave 3D-pr\u00f8ver, producere dem direkte ved at \u00e5bne formen.<\/li>\n<li>Eksisterende pr\u00f8ver er gratis.<\/li>\n<\/ul>\n<h3>\n\t\tVores seneste spilprojekter\n\t<\/h3>\n\t<meta itemprop=\"url\" content=\"https:\/\/www.hicreategames.com\/wp-content\/uploads\/2022\/04\/Wooden-Game-Pieces.mp4\" \/><div style=\"width: 640px;\" class=\"wp-video\"><video class=\"wp-video-shortcode\" id=\"video-4438-1\" width=\"640\" height=\"360\" preload=\"metadata\" controls=\"controls\"><source type=\"video\/mp4\" src=\"https:\/\/www.hicreategames.com\/wp-content\/uploads\/2022\/04\/Wooden-Game-Pieces.mp4?_=1\" \/><source type=\"video\/mp4\" src=\"https:\/\/www.hicreategames.com\/wp-content\/uploads\/2022\/04\/Wooden-Game-Pieces.mp4?_=1\" \/><a href=\"https:\/\/www.hicreategames.com\/wp-content\/uploads\/2022\/04\/Wooden-Game-Pieces.mp4\">https:\/\/www.hicreategames.com\/wp-content\/uploads\/2022\/04\/Wooden-Game-Pieces.mp4<\/a><\/video><\/div>\n\t<meta itemprop=\"url\" content=\"https:\/\/www.hicreategames.com\/wp-content\/uploads\/2022\/04\/Plastic-Game-Pieces.mp4\" \/><div style=\"width: 640px;\" class=\"wp-video\"><video class=\"wp-video-shortcode\" id=\"video-4438-2\" width=\"640\" height=\"360\" preload=\"metadata\" controls=\"controls\"><source type=\"video\/mp4\" src=\"https:\/\/www.hicreategames.com\/wp-content\/uploads\/2022\/04\/Plastic-Game-Pieces.mp4?_=2\" \/><source type=\"video\/mp4\" src=\"https:\/\/www.hicreategames.com\/wp-content\/uploads\/2022\/04\/Plastic-Game-Pieces.mp4?_=2\" \/><a href=\"https:\/\/www.hicreategames.com\/wp-content\/uploads\/2022\/04\/Plastic-Game-Pieces.mp4\">https:\/\/www.hicreategames.com\/wp-content\/uploads\/2022\/04\/Plastic-Game-Pieces.mp4<\/a><\/video><\/div>\n\t<meta itemprop=\"url\" content=\"https:\/\/www.hicreategames.com\/wp-content\/uploads\/2022\/04\/Metal-Game-Pieces.mp4\" \/><div style=\"width: 640px;\" class=\"wp-video\"><video class=\"wp-video-shortcode\" id=\"video-4438-3\" width=\"640\" height=\"360\" preload=\"metadata\" controls=\"controls\"><source type=\"video\/mp4\" src=\"https:\/\/www.hicreategames.com\/wp-content\/uploads\/2022\/04\/Metal-Game-Pieces.mp4?_=3\" \/><source type=\"video\/mp4\" src=\"https:\/\/www.hicreategames.com\/wp-content\/uploads\/2022\/04\/Metal-Game-Pieces.mp4?_=3\" \/><a href=\"https:\/\/www.hicreategames.com\/wp-content\/uploads\/2022\/04\/Metal-Game-Pieces.mp4\">https:\/\/www.hicreategames.com\/wp-content\/uploads\/2022\/04\/Metal-Game-Pieces.mp4<\/a><\/video><\/div>\n\t<meta itemprop=\"url\" content=\"https:\/\/www.hicreategames.com\/wp-content\/uploads\/2022\/04\/Custom-Made-Card-Game-Pieces.mp4\" \/><div style=\"width: 640px;\" class=\"wp-video\"><video class=\"wp-video-shortcode\" id=\"video-4438-4\" width=\"640\" height=\"360\" preload=\"metadata\" controls=\"controls\"><source type=\"video\/mp4\" src=\"https:\/\/www.hicreategames.com\/wp-content\/uploads\/2022\/04\/Custom-Made-Card-Game-Pieces.mp4?_=4\" \/><source type=\"video\/mp4\" src=\"https:\/\/www.hicreategames.com\/wp-content\/uploads\/2022\/04\/Custom-Made-Card-Game-Pieces.mp4?_=4\" \/><a href=\"https:\/\/www.hicreategames.com\/wp-content\/uploads\/2022\/04\/Custom-Made-Card-Game-Pieces.mp4\">https:\/\/www.hicreategames.com\/wp-content\/uploads\/2022\/04\/Custom-Made-Card-Game-Pieces.mp4<\/a><\/video><\/div>\n\t\t\t\t<img loading=\"lazy\" decoding=\"async\" src=\"https:\/\/www.hicreategames.com\/wp-content\/uploads\/2022\/04\/custom-game-pieces.png\" alt=\"brugerdefinerede spillebrikker\" itemprop=\"image\" height=\"500\" width=\"500\" title=\"brugerdefinerede spillebrikker\" onerror=\"this.style.display='none'\"  \/>\n\t<h3>\n\t\t\t\tKom i kontakt med os nu\n\t\t\t<\/h3>\n\t\n<div class=\"wpcf7 no-js\" id=\"wpcf7-f4188-o2\" lang=\"da-DK\" dir=\"ltr\" data-wpcf7-id=\"4188\">\n<div class=\"screen-reader-response\"><p role=\"status\" aria-live=\"polite\" aria-atomic=\"true\"><\/p> <ul><\/ul><\/div>\n<form action=\"\/da\/wp-json\/wp\/v2\/pages\/4438#wpcf7-f4188-o2\" method=\"post\" class=\"wpcf7-form init\" aria-label=\"Kontaktformular\" enctype=\"multipart\/form-data\" novalidate=\"novalidate\" data-status=\"init\">\n<fieldset class=\"hidden-fields-container\"><input type=\"hidden\" name=\"_wpcf7\" value=\"4188\" \/><input type=\"hidden\" name=\"_wpcf7_version\" value=\"6.1.5\" \/><input type=\"hidden\" name=\"_wpcf7_locale\" value=\"da_DK\" \/><input type=\"hidden\" name=\"_wpcf7_unit_tag\" value=\"wpcf7-f4188-o2\" \/><input type=\"hidden\" name=\"_wpcf7_container_post\" value=\"0\" \/><input type=\"hidden\" name=\"_wpcf7_posted_data_hash\" value=\"\" \/><input type=\"hidden\" name=\"_wpcf7_recaptcha_response\" value=\"\" \/>\n<\/fieldset>\n<p><label> Dit navn<br \/>\n<span class=\"wpcf7-form-control-wrap\" data-name=\"your-name\"><input size=\"40\" maxlength=\"400\" class=\"wpcf7-form-control wpcf7-text wpcf7-validates-as-required\" aria-required=\"true\" aria-invalid=\"false\" value=\"\" type=\"text\" name=\"your-name\" \/><\/span> <\/label>\n<\/p>\n<p><label> Din email<br \/>\n<span class=\"wpcf7-form-control-wrap\" data-name=\"your-email\"><input size=\"40\" maxlength=\"400\" class=\"wpcf7-form-control wpcf7-email wpcf7-validates-as-required wpcf7-text wpcf7-validates-as-email\" aria-required=\"true\" aria-invalid=\"false\" value=\"\" type=\"email\" name=\"your-email\" \/><\/span> <\/label>\n<\/p>\n<p><label> Minimum Ordrem\u00e6ngde<br \/>\n<span class=\"wpcf7-form-control-wrap\" data-name=\"menu-734\"><select class=\"wpcf7-form-control wpcf7-select wpcf7-validates-as-required\" aria-required=\"true\" aria-invalid=\"false\" name=\"menu-734\"><option value=\"\">&#8212;V\u00e6lg venligst en mulighed&#8212;<\/option><option value=\"300\">300<\/option><option value=\"500\">500<\/option><option value=\"1000\">1000<\/option><\/select><\/span> <\/label>\n<\/p>\n<p><label> Din besked<br \/>\n<span class=\"wpcf7-form-control-wrap\" data-name=\"your-message\"><textarea cols=\"40\" rows=\"10\" maxlength=\"2000\" class=\"wpcf7-form-control wpcf7-textarea wpcf7-validates-as-required\" aria-required=\"true\" aria-invalid=\"false\" name=\"your-message\"><\/textarea><\/span> <\/label>\n<\/p>\n<p><label> Din fil (valgfrit)<br \/>\n<span class=\"wpcf7-form-control-wrap\" data-name=\"file-978\"><input size=\"40\" class=\"wpcf7-form-control wpcf7-file\" accept=\"audio\/*,video\/*,image\/*\" aria-invalid=\"false\" type=\"file\" name=\"file-978\" \/><\/span> <\/label>\n<\/p>\n<p><span class=\"wpcf7-form-control-wrap\" data-name=\"quiz-747\"><label><span class=\"wpcf7-quiz-label\">2+6=?<\/span> <input size=\"40\" class=\"wpcf7-form-control wpcf7-quiz\" autocomplete=\"off\" aria-required=\"true\" aria-invalid=\"false\" type=\"text\" name=\"quiz-747\" \/><\/label><input type=\"hidden\" name=\"_wpcf7_quiz_answer_quiz-747\" value=\"34fe0dce70d770da3a4b02c0e1fa88fe\" \/><\/span>\n<\/p>\n<p><input class=\"wpcf7-form-control wpcf7-submit has-spinner\" type=\"submit\" value=\"Indsend\" \/>\n<\/p><div class=\"wpcf7-response-output\" aria-hidden=\"true\"><\/div>\n<\/form>\n<\/div>\n\n\n","protected":false},"excerpt":{"rendered":"<p>Tilpas og fabrik\u00e9r dine spilstykker Kontakt os og upload dine ideer Materialer til spillebrikker Tr\u00e6spilstykker De er typisk lavet af tr\u00e6 og er designet til at v\u00e6re holdbare, taktile og visuelt tiltalende. Nogle almindelige eksempler p\u00e5 tr\u00e6spilstykker inkluderer bonde, terninger, terninger, diske og meeples. Plastspilstykker Plastspilstykker foretr\u00e6kkes ofte frem for [&hellip;]<\/p>\n","protected":false},"author":1,"featured_media":0,"parent":0,"menu_order":0,"comment_status":"closed","ping_status":"closed","template":"","meta":{"site-sidebar-layout":"no-sidebar","site-content-layout":"page-builder","ast-site-content-layout":"full-width-container","site-content-style":"unboxed","site-sidebar-style":"unboxed","ast-global-header-display":"","ast-banner-title-visibility":"","ast-main-header-display":"","ast-hfb-above-header-display":"","ast-hfb-below-header-display":"","ast-hfb-mobile-header-display":"","site-post-title":"disabled","ast-breadcrumbs-content":"","ast-featured-img":"disabled","footer-sml-layout":"","ast-disable-related-posts":"","theme-transparent-header-meta":"default","adv-header-id-meta":"","stick-header-meta":"default","header-above-stick-meta":"","header-main-stick-meta":"","header-below-stick-meta":"","astra-migrate-meta-layouts":"default","ast-page-background-enabled":"default","ast-page-background-meta":{"desktop":{"background-color":"","background-image":"","background-repeat":"repeat","background-position":"center center","background-size":"auto","background-attachment":"scroll","background-type":"","background-media":"","overlay-type":"","overlay-color":"","overlay-opacity":"","overlay-gradient":""},"tablet":{"background-color":"","background-image":"","background-repeat":"repeat","background-position":"center center","background-size":"auto","background-attachment":"scroll","background-type":"","background-media":"","overlay-type":"","overlay-color":"","overlay-opacity":"","overlay-gradient":""},"mobile":{"background-color":"","background-image":"","background-repeat":"repeat","background-position":"center center","background-size":"auto","background-attachment":"scroll","background-type":"","background-media":"","overlay-type":"","overlay-color":"","overlay-opacity":"","overlay-gradient":""}},"ast-content-background-meta":{"desktop":{"background-color":"var(--ast-global-color-5)","background-image":"","background-repeat":"repeat","background-position":"center center","background-size":"auto","background-attachment":"scroll","background-type":"","background-media":"","overlay-type":"","overlay-color":"","overlay-opacity":"","overlay-gradient":""},"tablet":{"background-color":"var(--ast-global-color-5)","background-image":"","background-repeat":"repeat","background-position":"center center","background-size":"auto","background-attachment":"scroll","background-type":"","background-media":"","overlay-type":"","overlay-color":"","overlay-opacity":"","overlay-gradient":""},"mobile":{"background-color":"var(--ast-global-color-5)","background-image":"","background-repeat":"repeat","background-position":"center center","background-size":"auto","background-attachment":"scroll","background-type":"","background-media":"","overlay-type":"","overlay-color":"","overlay-opacity":"","overlay-gradient":""}},"footnotes":""},"class_list":["post-4438","page","type-page","status-publish","hentry"],"_links":{"self":[{"href":"https:\/\/www.hicreategames.com\/da\/wp-json\/wp\/v2\/pages\/4438","targetHints":{"allow":["GET"]}}],"collection":[{"href":"https:\/\/www.hicreategames.com\/da\/wp-json\/wp\/v2\/pages"}],"about":[{"href":"https:\/\/www.hicreategames.com\/da\/wp-json\/wp\/v2\/types\/page"}],"author":[{"embeddable":true,"href":"https:\/\/www.hicreategames.com\/da\/wp-json\/wp\/v2\/users\/1"}],"replies":[{"embeddable":true,"href":"https:\/\/www.hicreategames.com\/da\/wp-json\/wp\/v2\/comments?post=4438"}],"version-history":[{"count":2,"href":"https:\/\/www.hicreategames.com\/da\/wp-json\/wp\/v2\/pages\/4438\/revisions"}],"predecessor-version":[{"id":25084,"href":"https:\/\/www.hicreategames.com\/da\/wp-json\/wp\/v2\/pages\/4438\/revisions\/25084"}],"wp:attachment":[{"href":"https:\/\/www.hicreategames.com\/da\/wp-json\/wp\/v2\/media?parent=4438"}],"curies":[{"name":"wp","href":"https:\/\/api.w.org\/{rel}","templated":true}]}}