{"id":4439,"date":"2022-04-08T06:38:58","date_gmt":"2022-04-08T06:38:58","guid":{"rendered":"https:\/\/www.hicreategames.com\/brugerdefineret-spiltoken\/"},"modified":"2025-08-28T03:58:26","modified_gmt":"2025-08-28T03:58:26","slug":"brugerdefineret-spiltoken","status":"publish","type":"page","link":"https:\/\/www.hicreategames.com\/da\/brugerdefineret-spiltoken\/","title":{"rendered":"Brugerdefineret Spiltoken"},"content":{"rendered":"\n<h3>\n\t\tTilpas og fabrik\u00e9r dit spiltoken\n\t<\/h3>\n\t\t\t<a href=\"#\" role=\"button\">\n\t\t\t\t\t\t\tKontakt os og upload dine ideer\n\t\t\t<\/a>\n\t\t\n<div class=\"wpcf7 no-js\" id=\"wpcf7-f4188-o1\" lang=\"da-DK\" dir=\"ltr\" data-wpcf7-id=\"4188\">\n<div class=\"screen-reader-response\"><p role=\"status\" aria-live=\"polite\" aria-atomic=\"true\"><\/p> <ul><\/ul><\/div>\n<form action=\"\/da\/wp-json\/wp\/v2\/pages\/4439#wpcf7-f4188-o1\" method=\"post\" class=\"wpcf7-form init\" aria-label=\"Kontaktformular\" enctype=\"multipart\/form-data\" novalidate=\"novalidate\" data-status=\"init\">\n<fieldset class=\"hidden-fields-container\"><input type=\"hidden\" name=\"_wpcf7\" value=\"4188\" \/><input type=\"hidden\" name=\"_wpcf7_version\" value=\"6.1.5\" \/><input type=\"hidden\" name=\"_wpcf7_locale\" value=\"da_DK\" \/><input type=\"hidden\" name=\"_wpcf7_unit_tag\" value=\"wpcf7-f4188-o1\" \/><input type=\"hidden\" name=\"_wpcf7_container_post\" value=\"0\" \/><input type=\"hidden\" name=\"_wpcf7_posted_data_hash\" value=\"\" \/><input type=\"hidden\" name=\"_wpcf7_recaptcha_response\" value=\"\" \/>\n<\/fieldset>\n<p><label> Dit navn<br \/>\n<span class=\"wpcf7-form-control-wrap\" data-name=\"your-name\"><input size=\"40\" maxlength=\"400\" class=\"wpcf7-form-control wpcf7-text wpcf7-validates-as-required\" aria-required=\"true\" aria-invalid=\"false\" value=\"\" type=\"text\" name=\"your-name\" \/><\/span> <\/label>\n<\/p>\n<p><label> Din email<br \/>\n<span class=\"wpcf7-form-control-wrap\" data-name=\"your-email\"><input size=\"40\" maxlength=\"400\" class=\"wpcf7-form-control wpcf7-email wpcf7-validates-as-required wpcf7-text wpcf7-validates-as-email\" aria-required=\"true\" aria-invalid=\"false\" value=\"\" type=\"email\" name=\"your-email\" \/><\/span> <\/label>\n<\/p>\n<p><label> Minimum Ordrem\u00e6ngde<br \/>\n<span class=\"wpcf7-form-control-wrap\" data-name=\"menu-734\"><select class=\"wpcf7-form-control wpcf7-select wpcf7-validates-as-required\" aria-required=\"true\" aria-invalid=\"false\" name=\"menu-734\"><option value=\"\">&#8212;V\u00e6lg venligst en mulighed&#8212;<\/option><option value=\"300\">300<\/option><option value=\"500\">500<\/option><option value=\"1000\">1000<\/option><\/select><\/span> <\/label>\n<\/p>\n<p><label> Din besked<br \/>\n<span class=\"wpcf7-form-control-wrap\" data-name=\"your-message\"><textarea cols=\"40\" rows=\"10\" maxlength=\"2000\" class=\"wpcf7-form-control wpcf7-textarea wpcf7-validates-as-required\" aria-required=\"true\" aria-invalid=\"false\" name=\"your-message\"><\/textarea><\/span> <\/label>\n<\/p>\n<p><label> Din fil (valgfrit)<br \/>\n<span class=\"wpcf7-form-control-wrap\" data-name=\"file-978\"><input size=\"40\" class=\"wpcf7-form-control wpcf7-file\" accept=\"audio\/*,video\/*,image\/*\" aria-invalid=\"false\" type=\"file\" name=\"file-978\" \/><\/span> <\/label>\n<\/p>\n<p><span class=\"wpcf7-form-control-wrap\" data-name=\"quiz-747\"><label><span class=\"wpcf7-quiz-label\">2+6=?<\/span> <input size=\"40\" class=\"wpcf7-form-control wpcf7-quiz\" autocomplete=\"off\" aria-required=\"true\" aria-invalid=\"false\" type=\"text\" name=\"quiz-747\" \/><\/label><input type=\"hidden\" name=\"_wpcf7_quiz_answer_quiz-747\" value=\"34fe0dce70d770da3a4b02c0e1fa88fe\" \/><\/span>\n<\/p>\n<p><input class=\"wpcf7-form-control wpcf7-submit has-spinner\" type=\"submit\" value=\"Indsend\" \/>\n<\/p><div class=\"wpcf7-response-output\" aria-hidden=\"true\"><\/div>\n<\/form>\n<\/div>\n\t\n\t<h3>\n\t\t\t\tHvad kan vi tilpasse til dine spiltokens?\n\t\t\t<\/h3>\n\t\t\t\t<img loading=\"lazy\" decoding=\"async\" src=\"https:\/\/www.hicreategames.com\/wp-content\/uploads\/2022\/04\/Customizable-Game-Token.jpg\" alt=\"Tilpasset spiltoken\" itemprop=\"image\" height=\"640\" width=\"427\" title=\"Tilpasset spiltoken\" onerror=\"this.style.display='none'\"  \/>\n\t<ul>\n<li>1,2 mm, 1,5 mm, 1,8 mm, 2,0 mm<\/li>\n<\/ul>\n\t<ul>\n<li>250 gsm CCNB + gr\u00e5 board + 250 gsm <span id=\"su_tooltip_69f920fd76a77_button\" class=\"su-tooltip-button su-tooltip-button-outline-yes\" aria-describedby=\"su_tooltip_69f920fd76a77\" data-settings='{\"position\":\"top\",\"behavior\":\"hover\",\"hideDelay\":0}' tabindex=\"0\"><u>CCNB<\/u><\/span><span style=\"display:none;z-index:100\" id=\"su_tooltip_69f920fd76a77\" class=\"su-tooltip\" role=\"tooltip\"><span class=\"su-tooltip-inner su-tooltip-shadow-yes\" style=\"z-index:100;background:#ffffff;color:#00000;font-size:14px;border-radius:5px;text-align:left;max-width:300px;line-height:1.25\"><span class=\"su-tooltip-title\"><\/span><span class=\"su-tooltip-content su-u-trim\">CCNB st\u00e5r for Clay Coated News Back. Den er brun eller gr\u00e5.<\/span><\/span><span id=\"su_tooltip_69f920fd76a77_arrow\" class=\"su-tooltip-arrow\" style=\"z-index:100;background:#ffffff\" data-popper-arrow><\/span><\/span><\/li>\n<\/ul>\n\t<ul>\n<li>Mindst 300 ppi eller derover<\/li>\n<\/ul>\n\t<ul>\n<li>4C\/4C eller 4C\/0C<\/li>\n<\/ul>\n\t<ul>\n<li>CMYK (Cyan, Magenta, Yellow, and Black)<\/li>\n<li>Sort har brug for ren sort (C:0 %,M:0% ,Y:0 %,K:100% )<\/li>\n<\/ul>\n\t<ul>\n<li>PDF, PSD, AI<\/li>\n<\/ul>\n\t<ul>\n<li>4 mm<\/li>\n<\/ul>\n\t<ul>\n<li>500<\/li>\n<\/ul>\n\t<h3>\n\t\t\t\tIndstillinger for spiltokenmateriale\n\t\t\t<\/h3>\n\t\t\t<p>En r\u00e6kke forskellige materialer kan bruges til at tilpasse dine br\u00e6tspil-tokens, afh\u00e6ngigt af budget, \u00e6stetik, f\u00f8lelse og holdbarhed.<\/p>\t\n\t\t\t\t<img loading=\"lazy\" decoding=\"async\" src=\"https:\/\/www.hicreategames.com\/wp-content\/uploads\/2023\/03\/Cardboard-Game-Poletter.jpg\" alt=\"Cardboard Game Poletter\" itemprop=\"image\" height=\"426\" width=\"640\" title=\"Cardboard Game Poletter\" onerror=\"this.style.display='none'\"  \/>\n\t<h5>\n\t\t\t\tCardboard Game Poletter\n\t\t\t<\/h5>\n\t\t\t<p>Det mest overkommelige spil-token, lavet af tykt pap og kommer i en r\u00e6kke tilpassede farver, tykkelser, former og st\u00f8rrelser.<\/p>\t\n\t\t\t\t<img loading=\"lazy\" decoding=\"async\" src=\"https:\/\/www.hicreategames.com\/wp-content\/uploads\/2023\/03\/Trae-spilpoletter.jpg\" alt=\"Tr\u00e6-spilpoletter\" itemprop=\"image\" height=\"426\" width=\"640\" title=\"Tr\u00e6-spilpoletter\" onerror=\"this.style.display='none'\"  \/>\n\t<h5>\n\t\t\t\tTr\u00e6-spilpoletter\n\t\t\t<\/h5>\n\t\t\t<p>En mere premium mulighed end pap, de er typisk inden for 2 tommer i diameter, milj\u00f8venlige, mere holdbare og har en naturlig taktil fornemmelse.<\/p>\t\n\t\t\t\t<img loading=\"lazy\" decoding=\"async\" src=\"https:\/\/www.hicreategames.com\/wp-content\/uploads\/2023\/03\/Metal-spil-tokens.jpg\" alt=\"Metal spil-tokens\" itemprop=\"image\" height=\"426\" width=\"640\" title=\"Metal spil-tokens\" onerror=\"this.style.display='none'\"  \/>\n\t<h5>\n\t\t\t\tMetal spil-tokens\n\t\t\t<\/h5>\n\t\t\t<p>Den mest premium mulighed p\u00e5 grund af deres v\u00e6gt, holdbarhed og karakteristiske lyd. De er dog ogs\u00e5 den dyreste mulighed.<\/p>\t\n\t\t\t\t<img loading=\"lazy\" decoding=\"async\" src=\"https:\/\/www.hicreategames.com\/wp-content\/uploads\/2023\/03\/Plast-spil-poletter.jpg\" alt=\"Plast spil-poletter\" itemprop=\"image\" height=\"426\" width=\"640\" title=\"Plast spil-poletter\" onerror=\"this.style.display='none'\"  \/>\n\t<h5>\n\t\t\t\tPlast spil-poletter\n\t\t\t<\/h5>\n\t\t\t<p>Bruges ofte som et alternativ til pap- eller metalpoletter. De er lettere og overkommelige end metal-poletter og mere holdbare end pap-poletter.<\/p>\t\n\t\t\t\t<img loading=\"lazy\" decoding=\"async\" src=\"https:\/\/www.hicreategames.com\/wp-content\/uploads\/2022\/04\/game-token-customization.png\" alt=\"tilpasning af spiltoken\" itemprop=\"image\" height=\"514\" width=\"485\" title=\"tilpasning af spiltoken\" onerror=\"this.style.display='none'\"  \/>\n\t<h3>\n\t\t\t\tKom i kontakt med os nu\n\t\t\t<\/h3>\n\t\n<div class=\"wpcf7 no-js\" id=\"wpcf7-f4188-o2\" lang=\"da-DK\" dir=\"ltr\" data-wpcf7-id=\"4188\">\n<div class=\"screen-reader-response\"><p role=\"status\" aria-live=\"polite\" aria-atomic=\"true\"><\/p> <ul><\/ul><\/div>\n<form action=\"\/da\/wp-json\/wp\/v2\/pages\/4439#wpcf7-f4188-o2\" method=\"post\" class=\"wpcf7-form init\" aria-label=\"Kontaktformular\" enctype=\"multipart\/form-data\" novalidate=\"novalidate\" data-status=\"init\">\n<fieldset class=\"hidden-fields-container\"><input type=\"hidden\" name=\"_wpcf7\" value=\"4188\" \/><input type=\"hidden\" name=\"_wpcf7_version\" value=\"6.1.5\" \/><input type=\"hidden\" name=\"_wpcf7_locale\" value=\"da_DK\" \/><input type=\"hidden\" name=\"_wpcf7_unit_tag\" value=\"wpcf7-f4188-o2\" \/><input type=\"hidden\" name=\"_wpcf7_container_post\" value=\"0\" \/><input type=\"hidden\" name=\"_wpcf7_posted_data_hash\" value=\"\" \/><input type=\"hidden\" name=\"_wpcf7_recaptcha_response\" value=\"\" \/>\n<\/fieldset>\n<p><label> Dit navn<br \/>\n<span class=\"wpcf7-form-control-wrap\" data-name=\"your-name\"><input size=\"40\" maxlength=\"400\" class=\"wpcf7-form-control wpcf7-text wpcf7-validates-as-required\" aria-required=\"true\" aria-invalid=\"false\" value=\"\" type=\"text\" name=\"your-name\" \/><\/span> <\/label>\n<\/p>\n<p><label> Din email<br \/>\n<span class=\"wpcf7-form-control-wrap\" data-name=\"your-email\"><input size=\"40\" maxlength=\"400\" class=\"wpcf7-form-control wpcf7-email wpcf7-validates-as-required wpcf7-text wpcf7-validates-as-email\" aria-required=\"true\" aria-invalid=\"false\" value=\"\" type=\"email\" name=\"your-email\" \/><\/span> <\/label>\n<\/p>\n<p><label> Minimum Ordrem\u00e6ngde<br \/>\n<span class=\"wpcf7-form-control-wrap\" data-name=\"menu-734\"><select class=\"wpcf7-form-control wpcf7-select wpcf7-validates-as-required\" aria-required=\"true\" aria-invalid=\"false\" name=\"menu-734\"><option value=\"\">&#8212;V\u00e6lg venligst en mulighed&#8212;<\/option><option value=\"300\">300<\/option><option value=\"500\">500<\/option><option value=\"1000\">1000<\/option><\/select><\/span> <\/label>\n<\/p>\n<p><label> Din besked<br \/>\n<span class=\"wpcf7-form-control-wrap\" data-name=\"your-message\"><textarea cols=\"40\" rows=\"10\" maxlength=\"2000\" class=\"wpcf7-form-control wpcf7-textarea wpcf7-validates-as-required\" aria-required=\"true\" aria-invalid=\"false\" name=\"your-message\"><\/textarea><\/span> <\/label>\n<\/p>\n<p><label> Din fil (valgfrit)<br \/>\n<span class=\"wpcf7-form-control-wrap\" data-name=\"file-978\"><input size=\"40\" class=\"wpcf7-form-control wpcf7-file\" accept=\"audio\/*,video\/*,image\/*\" aria-invalid=\"false\" type=\"file\" name=\"file-978\" \/><\/span> <\/label>\n<\/p>\n<p><span class=\"wpcf7-form-control-wrap\" data-name=\"quiz-747\"><label><span class=\"wpcf7-quiz-label\">2+6=?<\/span> <input size=\"40\" class=\"wpcf7-form-control wpcf7-quiz\" autocomplete=\"off\" aria-required=\"true\" aria-invalid=\"false\" type=\"text\" name=\"quiz-747\" \/><\/label><input type=\"hidden\" name=\"_wpcf7_quiz_answer_quiz-747\" value=\"34fe0dce70d770da3a4b02c0e1fa88fe\" \/><\/span>\n<\/p>\n<p><input class=\"wpcf7-form-control wpcf7-submit has-spinner\" type=\"submit\" value=\"Indsend\" \/>\n<\/p><div class=\"wpcf7-response-output\" aria-hidden=\"true\"><\/div>\n<\/form>\n<\/div>\n\n\n","protected":false},"excerpt":{"rendered":"<p>Tilpas og fabrik\u00e9r dit spiltoken Kontakt os og upload dine ideer Hvad kan vi tilpasse til dine spiltokens? 1,2 mm, 1,5 mm, 1,8 mm, 2,0 mm 250 gsm CCNB + gr\u00e5 board + 250 gsm Mindst 300 ppi eller derover 4C\/4C eller 4C\/0C CMYK (Cyan, Magenta, Yellow, and Black) Sort [&hellip;]<\/p>\n","protected":false},"author":1,"featured_media":0,"parent":0,"menu_order":0,"comment_status":"closed","ping_status":"closed","template":"","meta":{"site-sidebar-layout":"no-sidebar","site-content-layout":"page-builder","ast-site-content-layout":"default","site-content-style":"default","site-sidebar-style":"default","ast-global-header-display":"","ast-banner-title-visibility":"","ast-main-header-display":"","ast-hfb-above-header-display":"","ast-hfb-below-header-display":"","ast-hfb-mobile-header-display":"","site-post-title":"disabled","ast-breadcrumbs-content":"","ast-featured-img":"disabled","footer-sml-layout":"","ast-disable-related-posts":"","theme-transparent-header-meta":"default","adv-header-id-meta":"","stick-header-meta":"default","header-above-stick-meta":"","header-main-stick-meta":"","header-below-stick-meta":"","astra-migrate-meta-layouts":"default","ast-page-background-enabled":"default","ast-page-background-meta":{"desktop":{"background-color":"","background-image":"","background-repeat":"repeat","background-position":"center center","background-size":"auto","background-attachment":"scroll","background-type":"","background-media":"","overlay-type":"","overlay-color":"","overlay-opacity":"","overlay-gradient":""},"tablet":{"background-color":"","background-image":"","background-repeat":"repeat","background-position":"center center","background-size":"auto","background-attachment":"scroll","background-type":"","background-media":"","overlay-type":"","overlay-color":"","overlay-opacity":"","overlay-gradient":""},"mobile":{"background-color":"","background-image":"","background-repeat":"repeat","background-position":"center center","background-size":"auto","background-attachment":"scroll","background-type":"","background-media":"","overlay-type":"","overlay-color":"","overlay-opacity":"","overlay-gradient":""}},"ast-content-background-meta":{"desktop":{"background-color":"var(--ast-global-color-5)","background-image":"","background-repeat":"repeat","background-position":"center center","background-size":"auto","background-attachment":"scroll","background-type":"","background-media":"","overlay-type":"","overlay-color":"","overlay-opacity":"","overlay-gradient":""},"tablet":{"background-color":"var(--ast-global-color-5)","background-image":"","background-repeat":"repeat","background-position":"center center","background-size":"auto","background-attachment":"scroll","background-type":"","background-media":"","overlay-type":"","overlay-color":"","overlay-opacity":"","overlay-gradient":""},"mobile":{"background-color":"var(--ast-global-color-5)","background-image":"","background-repeat":"repeat","background-position":"center center","background-size":"auto","background-attachment":"scroll","background-type":"","background-media":"","overlay-type":"","overlay-color":"","overlay-opacity":"","overlay-gradient":""}},"footnotes":""},"class_list":["post-4439","page","type-page","status-publish","hentry"],"_links":{"self":[{"href":"https:\/\/www.hicreategames.com\/da\/wp-json\/wp\/v2\/pages\/4439","targetHints":{"allow":["GET"]}}],"collection":[{"href":"https:\/\/www.hicreategames.com\/da\/wp-json\/wp\/v2\/pages"}],"about":[{"href":"https:\/\/www.hicreategames.com\/da\/wp-json\/wp\/v2\/types\/page"}],"author":[{"embeddable":true,"href":"https:\/\/www.hicreategames.com\/da\/wp-json\/wp\/v2\/users\/1"}],"replies":[{"embeddable":true,"href":"https:\/\/www.hicreategames.com\/da\/wp-json\/wp\/v2\/comments?post=4439"}],"version-history":[{"count":2,"href":"https:\/\/www.hicreategames.com\/da\/wp-json\/wp\/v2\/pages\/4439\/revisions"}],"predecessor-version":[{"id":26217,"href":"https:\/\/www.hicreategames.com\/da\/wp-json\/wp\/v2\/pages\/4439\/revisions\/26217"}],"wp:attachment":[{"href":"https:\/\/www.hicreategames.com\/da\/wp-json\/wp\/v2\/media?parent=4439"}],"curies":[{"name":"wp","href":"https:\/\/api.w.org\/{rel}","templated":true}]}}