{"id":4440,"date":"2022-04-06T11:19:27","date_gmt":"2022-04-06T11:19:27","guid":{"rendered":"https:\/\/www.hicreategames.com\/brugerdefinerede-miniaturer\/"},"modified":"2025-08-27T10:12:52","modified_gmt":"2025-08-27T10:12:52","slug":"brugerdefinerede-miniaturer","status":"publish","type":"page","link":"https:\/\/www.hicreategames.com\/da\/brugerdefinerede-miniaturer\/","title":{"rendered":"Brugerdefinerede Miniaturer"},"content":{"rendered":"\n<h3>\n\t\tTilpas og print dine miniaturer\n\t<\/h3>\n\t\t\t<a href=\"#\" role=\"button\">\n\t\t\t\t\t\t\tKontakt os og upload dine ideer\n\t\t\t<\/a>\n\t\t\n<div class=\"wpcf7 no-js\" id=\"wpcf7-f4188-o1\" lang=\"da-DK\" dir=\"ltr\" data-wpcf7-id=\"4188\">\n<div class=\"screen-reader-response\"><p role=\"status\" aria-live=\"polite\" aria-atomic=\"true\"><\/p> <ul><\/ul><\/div>\n<form action=\"\/da\/wp-json\/wp\/v2\/pages\/4440#wpcf7-f4188-o1\" method=\"post\" class=\"wpcf7-form init\" aria-label=\"Kontaktformular\" enctype=\"multipart\/form-data\" novalidate=\"novalidate\" data-status=\"init\">\n<fieldset class=\"hidden-fields-container\"><input type=\"hidden\" name=\"_wpcf7\" value=\"4188\" \/><input type=\"hidden\" name=\"_wpcf7_version\" value=\"6.1.5\" \/><input type=\"hidden\" name=\"_wpcf7_locale\" value=\"da_DK\" \/><input type=\"hidden\" name=\"_wpcf7_unit_tag\" value=\"wpcf7-f4188-o1\" \/><input type=\"hidden\" name=\"_wpcf7_container_post\" value=\"0\" \/><input type=\"hidden\" name=\"_wpcf7_posted_data_hash\" value=\"\" \/><input type=\"hidden\" name=\"_wpcf7_recaptcha_response\" value=\"\" \/>\n<\/fieldset>\n<p><label> Dit navn<br \/>\n<span class=\"wpcf7-form-control-wrap\" data-name=\"your-name\"><input size=\"40\" maxlength=\"400\" class=\"wpcf7-form-control wpcf7-text wpcf7-validates-as-required\" aria-required=\"true\" aria-invalid=\"false\" value=\"\" type=\"text\" name=\"your-name\" \/><\/span> <\/label>\n<\/p>\n<p><label> Din email<br \/>\n<span class=\"wpcf7-form-control-wrap\" data-name=\"your-email\"><input size=\"40\" maxlength=\"400\" class=\"wpcf7-form-control wpcf7-email wpcf7-validates-as-required wpcf7-text wpcf7-validates-as-email\" aria-required=\"true\" aria-invalid=\"false\" value=\"\" type=\"email\" name=\"your-email\" \/><\/span> <\/label>\n<\/p>\n<p><label> Minimum Ordrem\u00e6ngde<br \/>\n<span class=\"wpcf7-form-control-wrap\" data-name=\"menu-734\"><select class=\"wpcf7-form-control wpcf7-select wpcf7-validates-as-required\" aria-required=\"true\" aria-invalid=\"false\" name=\"menu-734\"><option value=\"\">&#8212;V\u00e6lg venligst en mulighed&#8212;<\/option><option value=\"300\">300<\/option><option value=\"500\">500<\/option><option value=\"1000\">1000<\/option><\/select><\/span> <\/label>\n<\/p>\n<p><label> Din besked<br \/>\n<span class=\"wpcf7-form-control-wrap\" data-name=\"your-message\"><textarea cols=\"40\" rows=\"10\" maxlength=\"2000\" class=\"wpcf7-form-control wpcf7-textarea wpcf7-validates-as-required\" aria-required=\"true\" aria-invalid=\"false\" name=\"your-message\"><\/textarea><\/span> <\/label>\n<\/p>\n<p><label> Din fil (valgfrit)<br \/>\n<span class=\"wpcf7-form-control-wrap\" data-name=\"file-978\"><input size=\"40\" class=\"wpcf7-form-control wpcf7-file\" accept=\"audio\/*,video\/*,image\/*\" aria-invalid=\"false\" type=\"file\" name=\"file-978\" \/><\/span> <\/label>\n<\/p>\n<p><span class=\"wpcf7-form-control-wrap\" data-name=\"quiz-747\"><label><span class=\"wpcf7-quiz-label\">2+6=?<\/span> <input size=\"40\" class=\"wpcf7-form-control wpcf7-quiz\" autocomplete=\"off\" aria-required=\"true\" aria-invalid=\"false\" type=\"text\" name=\"quiz-747\" \/><\/label><input type=\"hidden\" name=\"_wpcf7_quiz_answer_quiz-747\" value=\"34fe0dce70d770da3a4b02c0e1fa88fe\" \/><\/span>\n<\/p>\n<p><input class=\"wpcf7-form-control wpcf7-submit has-spinner\" type=\"submit\" value=\"Indsend\" \/>\n<\/p><div class=\"wpcf7-response-output\" aria-hidden=\"true\"><\/div>\n<\/form>\n<\/div>\n\t\n\t<h3>\n\t\t\t\tPlast Miniature Produktionsproces\n\t\t\t<\/h3>\n\t<meta itemprop=\"url\" content=\"https:\/\/www.hicreategames.com\/wp-content\/uploads\/2022\/04\/Miniature-Procedure.mp4\" \/><div style=\"width: 640px;\" class=\"wp-video\"><video class=\"wp-video-shortcode\" id=\"video-4440-1\" width=\"640\" height=\"360\" preload=\"metadata\" controls=\"controls\"><source type=\"video\/mp4\" src=\"https:\/\/www.hicreategames.com\/wp-content\/uploads\/2022\/04\/Miniature-Procedure.mp4?_=1\" \/><source type=\"video\/mp4\" src=\"https:\/\/www.hicreategames.com\/wp-content\/uploads\/2022\/04\/Miniature-Procedure.mp4?_=1\" \/><a href=\"https:\/\/www.hicreategames.com\/wp-content\/uploads\/2022\/04\/Miniature-Procedure.mp4\">https:\/\/www.hicreategames.com\/wp-content\/uploads\/2022\/04\/Miniature-Procedure.mp4<\/a><\/video><\/div>\n\t<p>Miniature procedure<\/p>\n\t<p>1. Hvis du har 3D-kunstv\u00e6rker, laver vi en 3D-pr\u00f8ve om en uge og sender den til dig til din bekr\u00e6ftelse. S\u00e5 \u00e5bner vi formene (om en m\u00e5ned) og laver en pr\u00e6produktionspr\u00f8ve (PPS) om 3 ~ 5 dage til din bekr\u00e6ftelse. Til sidst vil vi arrangere masseproduktionen og farvel\u00e6gge dem.<\/p>\n<p>2. Hvis du kun kan levere billeder, giver vi dig 2 muligheder:<\/p>\n<ul>\n<li>1. Vi tegner STL-filer, hvilket er dyrt og fint;<\/li>\n<li>2. Prototype som er billig og mindre fin.<\/li>\n<\/ul>\n<p>S\u00e5 laver vi en 3D-pr\u00f8ve, \u00e5bner forme, laver en pr\u00e6produktionspr\u00f8ve, masseproduktion og farvning.<\/p>\n<p>3. For indg\u00e5ende pr\u00f8ver kopierer vi dem ved at lave en PU-pr\u00f8ve, de \u00e5bne forme, lave en pr\u00e6produktionspr\u00f8ve, masseproduktion og farvel\u00e6gning.<\/p>\n\t<h3>\n\t\t\t\tHvor meget koster brugerdefinerede miniaturer?\n\t\t\t<\/h3>\n\t<meta itemprop=\"url\" content=\"https:\/\/www.hicreategames.com\/wp-content\/uploads\/2022\/04\/Custom-Miniatures.mp4\" \/><div style=\"width: 640px;\" class=\"wp-video\"><video class=\"wp-video-shortcode\" id=\"video-4440-2\" width=\"640\" height=\"360\" preload=\"metadata\" controls=\"controls\"><source type=\"video\/mp4\" src=\"https:\/\/www.hicreategames.com\/wp-content\/uploads\/2022\/04\/Custom-Miniatures.mp4?_=2\" \/><source type=\"video\/mp4\" src=\"https:\/\/www.hicreategames.com\/wp-content\/uploads\/2022\/04\/Custom-Miniatures.mp4?_=2\" \/><a href=\"https:\/\/www.hicreategames.com\/wp-content\/uploads\/2022\/04\/Custom-Miniatures.mp4\">https:\/\/www.hicreategames.com\/wp-content\/uploads\/2022\/04\/Custom-Miniatures.mp4<\/a><\/video><\/div>\n\t<meta itemprop=\"url\" content=\"https:\/\/www.hicreategames.com\/wp-content\/uploads\/2022\/04\/Plastic-Miniature.mp4\" \/><div style=\"width: 640px;\" class=\"wp-video\"><video class=\"wp-video-shortcode\" id=\"video-4440-3\" width=\"640\" height=\"360\" preload=\"metadata\" controls=\"controls\"><source type=\"video\/mp4\" src=\"https:\/\/www.hicreategames.com\/wp-content\/uploads\/2022\/04\/Plastic-Miniature.mp4?_=3\" \/><source type=\"video\/mp4\" src=\"https:\/\/www.hicreategames.com\/wp-content\/uploads\/2022\/04\/Plastic-Miniature.mp4?_=3\" \/><a href=\"https:\/\/www.hicreategames.com\/wp-content\/uploads\/2022\/04\/Plastic-Miniature.mp4\">https:\/\/www.hicreategames.com\/wp-content\/uploads\/2022\/04\/Plastic-Miniature.mp4<\/a><\/video><\/div>\n\t<p>Prisen for brugerdefinerede plastikminiaturer best\u00e5r af to dele: formafgiften og produktomkostningerne.<\/p>\n<p><strong>1. Skimmelsvampladning<\/strong><\/p>\n<p>Omkostningerne ved st\u00f8bningen afh\u00e6nger af kompleksiteten af din miniature. S\u00e5 vi skal bekr\u00e6fte prisen i henhold til dit kunstv\u00e6rk. Om n\u00f8dvendigt skal vi finjustere dit kunstv\u00e6rk.<\/p>\n<ul>\n<li>For at tilpasse en mere kompleks miniature skal vi opdele dit kunstv\u00e6rk for at afspejle dets detaljer; Lav derefter en separat form for hver del; Til sidst samles de sammen med lim.<\/li>\n<li>Miniature med enkel struktur, der er ingen grund til at opdele dit kunstv\u00e6rk.<\/li>\n<\/ul>\n<p><strong>2. Produktomkostninger<\/strong><\/p>\n<p>Prisen p\u00e5 produktet afh\u00e6nger af metoden til miniatureudst\u00f8dningsmetoden, om det er enkelt-hulrum eller multi-hulrum .<\/p>\n<p>S\u00e5 det n\u00f8jagtige citat er baseret p\u00e5 dit kunstv\u00e6rk, filformatkravene er STL , OBJ og STP .<\/p>\n<p><strong>3. Gebyr for designkunstv\u00e6rker<\/strong><\/p>\n<p>Vi kan hj\u00e6lpe kunder med at tegne kunstv\u00e6rker og opkr\u00e6ve det tilsvarende gebyr i henhold til sv\u00e6rhedsgraden.<\/p>\n\t<h3>\n\t\t\t\tMaterialemuligheder til 3D-miniaturepr\u00f8ver\n\t\t\t<\/h3>\n\t<meta itemprop=\"url\" content=\"https:\/\/www.hicreategames.com\/wp-content\/uploads\/2022\/04\/Miniature-Materials.mp4\" \/><div style=\"width: 640px;\" class=\"wp-video\"><video class=\"wp-video-shortcode\" id=\"video-4440-4\" width=\"640\" height=\"360\" preload=\"metadata\" controls=\"controls\"><source type=\"video\/mp4\" src=\"https:\/\/www.hicreategames.com\/wp-content\/uploads\/2022\/04\/Miniature-Materials.mp4?_=4\" \/><source type=\"video\/mp4\" src=\"https:\/\/www.hicreategames.com\/wp-content\/uploads\/2022\/04\/Miniature-Materials.mp4?_=4\" \/><a href=\"https:\/\/www.hicreategames.com\/wp-content\/uploads\/2022\/04\/Miniature-Materials.mp4\">https:\/\/www.hicreategames.com\/wp-content\/uploads\/2022\/04\/Miniature-Materials.mp4<\/a><\/video><\/div>\n\t<p>Til forskel fra metalminiaturer kan vi levere 3D-pr\u00f8ver til plastikminiaturer. Der er to slags materialer at v\u00e6lge imellem til fremstilling af 3D-pr\u00f8ver.<\/p>\n<p><strong>1. R\u00f8d voks<\/strong><\/p>\n<p>Med h\u00f8jere pr\u00e6cision kan den afspejle detaljerne og perfekt gendanne kunstv\u00e6rket. Det er dyrere og har normalt v\u00e6ret brugt p\u00e5 komplekse miniaturer.<\/p>\n<p><strong>2. Hvid voks<\/strong><\/p>\n<p>Den har lavere pr\u00e6cision og bruges normalt p\u00e5 miniaturer med enkle designs.<\/p>\n<p><strong>3. PU<\/strong><\/p>\n<p>Generelt, for bedre at kunne pr\u00e6sentere detaljerne i designmanuskriptet, leverer vi r\u00f8de vokspr\u00f8ver, men r\u00f8d voks er et meget skr\u00f8beligt materiale og beskadiges let under transport, s\u00e5 vi kopierer ogs\u00e5 en PU-pr\u00f8ve for at bekr\u00e6fte.<\/p>\n<p><strong>4. PVC<\/strong><\/p>\n<p>Til den endelige masseproduktion vil vi bruge PVC-materiale.<\/p>\n<p>Forholdsm\u00e6ssigt set er PU-pr\u00f8ver st\u00e6rkere og mindre let beskadiget under transport; men de er stadig relativt sk\u00f8re sammenlignet med PVC-materialer.<\/p>\n\t\t\t\t<img loading=\"lazy\" decoding=\"async\" src=\"https:\/\/www.hicreategames.com\/wp-content\/uploads\/2022\/04\/custom-miniatures.png\" alt=\"brugerdefinerede miniaturer\" itemprop=\"image\" height=\"500\" width=\"500\" title=\"brugerdefinerede miniaturer\" onerror=\"this.style.display='none'\"  \/>\n\t<h3>\n\t\t\t\tKom i kontakt med os nu\n\t\t\t<\/h3>\n\t\n<div class=\"wpcf7 no-js\" id=\"wpcf7-f4188-o2\" lang=\"da-DK\" dir=\"ltr\" data-wpcf7-id=\"4188\">\n<div class=\"screen-reader-response\"><p role=\"status\" aria-live=\"polite\" aria-atomic=\"true\"><\/p> <ul><\/ul><\/div>\n<form action=\"\/da\/wp-json\/wp\/v2\/pages\/4440#wpcf7-f4188-o2\" method=\"post\" class=\"wpcf7-form init\" aria-label=\"Kontaktformular\" enctype=\"multipart\/form-data\" novalidate=\"novalidate\" data-status=\"init\">\n<fieldset class=\"hidden-fields-container\"><input type=\"hidden\" name=\"_wpcf7\" value=\"4188\" \/><input type=\"hidden\" name=\"_wpcf7_version\" value=\"6.1.5\" \/><input type=\"hidden\" name=\"_wpcf7_locale\" value=\"da_DK\" \/><input type=\"hidden\" name=\"_wpcf7_unit_tag\" value=\"wpcf7-f4188-o2\" \/><input type=\"hidden\" name=\"_wpcf7_container_post\" value=\"0\" \/><input type=\"hidden\" name=\"_wpcf7_posted_data_hash\" value=\"\" \/><input type=\"hidden\" name=\"_wpcf7_recaptcha_response\" value=\"\" \/>\n<\/fieldset>\n<p><label> Dit navn<br \/>\n<span class=\"wpcf7-form-control-wrap\" data-name=\"your-name\"><input size=\"40\" maxlength=\"400\" class=\"wpcf7-form-control wpcf7-text wpcf7-validates-as-required\" aria-required=\"true\" aria-invalid=\"false\" value=\"\" type=\"text\" name=\"your-name\" \/><\/span> <\/label>\n<\/p>\n<p><label> Din email<br \/>\n<span class=\"wpcf7-form-control-wrap\" data-name=\"your-email\"><input size=\"40\" maxlength=\"400\" class=\"wpcf7-form-control wpcf7-email wpcf7-validates-as-required wpcf7-text wpcf7-validates-as-email\" aria-required=\"true\" aria-invalid=\"false\" value=\"\" type=\"email\" name=\"your-email\" \/><\/span> <\/label>\n<\/p>\n<p><label> Minimum Ordrem\u00e6ngde<br \/>\n<span class=\"wpcf7-form-control-wrap\" data-name=\"menu-734\"><select class=\"wpcf7-form-control wpcf7-select wpcf7-validates-as-required\" aria-required=\"true\" aria-invalid=\"false\" name=\"menu-734\"><option value=\"\">&#8212;V\u00e6lg venligst en mulighed&#8212;<\/option><option value=\"300\">300<\/option><option value=\"500\">500<\/option><option value=\"1000\">1000<\/option><\/select><\/span> <\/label>\n<\/p>\n<p><label> Din besked<br \/>\n<span class=\"wpcf7-form-control-wrap\" data-name=\"your-message\"><textarea cols=\"40\" rows=\"10\" maxlength=\"2000\" class=\"wpcf7-form-control wpcf7-textarea wpcf7-validates-as-required\" aria-required=\"true\" aria-invalid=\"false\" name=\"your-message\"><\/textarea><\/span> <\/label>\n<\/p>\n<p><label> Din fil (valgfrit)<br \/>\n<span class=\"wpcf7-form-control-wrap\" data-name=\"file-978\"><input size=\"40\" class=\"wpcf7-form-control wpcf7-file\" accept=\"audio\/*,video\/*,image\/*\" aria-invalid=\"false\" type=\"file\" name=\"file-978\" \/><\/span> <\/label>\n<\/p>\n<p><span class=\"wpcf7-form-control-wrap\" data-name=\"quiz-747\"><label><span class=\"wpcf7-quiz-label\">2+6=?<\/span> <input size=\"40\" class=\"wpcf7-form-control wpcf7-quiz\" autocomplete=\"off\" aria-required=\"true\" aria-invalid=\"false\" type=\"text\" name=\"quiz-747\" \/><\/label><input type=\"hidden\" name=\"_wpcf7_quiz_answer_quiz-747\" value=\"34fe0dce70d770da3a4b02c0e1fa88fe\" \/><\/span>\n<\/p>\n<p><input class=\"wpcf7-form-control wpcf7-submit has-spinner\" type=\"submit\" value=\"Indsend\" \/>\n<\/p><div class=\"wpcf7-response-output\" aria-hidden=\"true\"><\/div>\n<\/form>\n<\/div>\n\n\n","protected":false},"excerpt":{"rendered":"<p>Tilpas og print dine miniaturer Kontakt os og upload dine ideer Plast Miniature Produktionsproces Miniature procedure 1. Hvis du har 3D-kunstv\u00e6rker, laver vi en 3D-pr\u00f8ve om en uge og sender den til dig til din bekr\u00e6ftelse. S\u00e5 \u00e5bner vi formene (om en m\u00e5ned) og laver en pr\u00e6produktionspr\u00f8ve (PPS) om 3 [&hellip;]<\/p>\n","protected":false},"author":1,"featured_media":0,"parent":0,"menu_order":0,"comment_status":"closed","ping_status":"closed","template":"","meta":{"site-sidebar-layout":"no-sidebar","site-content-layout":"page-builder","ast-site-content-layout":"full-width-container","site-content-style":"unboxed","site-sidebar-style":"unboxed","ast-global-header-display":"","ast-banner-title-visibility":"","ast-main-header-display":"","ast-hfb-above-header-display":"","ast-hfb-below-header-display":"","ast-hfb-mobile-header-display":"","site-post-title":"disabled","ast-breadcrumbs-content":"","ast-featured-img":"disabled","footer-sml-layout":"","ast-disable-related-posts":"","theme-transparent-header-meta":"default","adv-header-id-meta":"","stick-header-meta":"default","header-above-stick-meta":"","header-main-stick-meta":"","header-below-stick-meta":"","astra-migrate-meta-layouts":"default","ast-page-background-enabled":"default","ast-page-background-meta":{"desktop":{"background-color":"","background-image":"","background-repeat":"repeat","background-position":"center center","background-size":"auto","background-attachment":"scroll","background-type":"","background-media":"","overlay-type":"","overlay-color":"","overlay-opacity":"","overlay-gradient":""},"tablet":{"background-color":"","background-image":"","background-repeat":"repeat","background-position":"center center","background-size":"auto","background-attachment":"scroll","background-type":"","background-media":"","overlay-type":"","overlay-color":"","overlay-opacity":"","overlay-gradient":""},"mobile":{"background-color":"","background-image":"","background-repeat":"repeat","background-position":"center center","background-size":"auto","background-attachment":"scroll","background-type":"","background-media":"","overlay-type":"","overlay-color":"","overlay-opacity":"","overlay-gradient":""}},"ast-content-background-meta":{"desktop":{"background-color":"var(--ast-global-color-5)","background-image":"","background-repeat":"repeat","background-position":"center center","background-size":"auto","background-attachment":"scroll","background-type":"","background-media":"","overlay-type":"","overlay-color":"","overlay-opacity":"","overlay-gradient":""},"tablet":{"background-color":"var(--ast-global-color-5)","background-image":"","background-repeat":"repeat","background-position":"center center","background-size":"auto","background-attachment":"scroll","background-type":"","background-media":"","overlay-type":"","overlay-color":"","overlay-opacity":"","overlay-gradient":""},"mobile":{"background-color":"var(--ast-global-color-5)","background-image":"","background-repeat":"repeat","background-position":"center center","background-size":"auto","background-attachment":"scroll","background-type":"","background-media":"","overlay-type":"","overlay-color":"","overlay-opacity":"","overlay-gradient":""}},"footnotes":""},"class_list":["post-4440","page","type-page","status-publish","hentry"],"_links":{"self":[{"href":"https:\/\/www.hicreategames.com\/da\/wp-json\/wp\/v2\/pages\/4440","targetHints":{"allow":["GET"]}}],"collection":[{"href":"https:\/\/www.hicreategames.com\/da\/wp-json\/wp\/v2\/pages"}],"about":[{"href":"https:\/\/www.hicreategames.com\/da\/wp-json\/wp\/v2\/types\/page"}],"author":[{"embeddable":true,"href":"https:\/\/www.hicreategames.com\/da\/wp-json\/wp\/v2\/users\/1"}],"replies":[{"embeddable":true,"href":"https:\/\/www.hicreategames.com\/da\/wp-json\/wp\/v2\/comments?post=4440"}],"version-history":[{"count":2,"href":"https:\/\/www.hicreategames.com\/da\/wp-json\/wp\/v2\/pages\/4440\/revisions"}],"predecessor-version":[{"id":26207,"href":"https:\/\/www.hicreategames.com\/da\/wp-json\/wp\/v2\/pages\/4440\/revisions\/26207"}],"wp:attachment":[{"href":"https:\/\/www.hicreategames.com\/da\/wp-json\/wp\/v2\/media?parent=4440"}],"curies":[{"name":"wp","href":"https:\/\/api.w.org\/{rel}","templated":true}]}}