{"id":4441,"date":"2017-07-11T08:54:31","date_gmt":"2017-07-11T08:54:31","guid":{"rendered":"https:\/\/www.hicreategames.com\/hjemmeside\/"},"modified":"2025-08-25T07:21:09","modified_gmt":"2025-08-25T07:21:09","slug":"hjemmeside","status":"publish","type":"page","link":"https:\/\/www.hicreategames.com\/da\/","title":{"rendered":"Hjemmeside"},"content":{"rendered":"\n\n\t\t\t\t<img decoding=\"async\" src=\"https:\/\/www.hicreategames.com\/wp-content\/uploads\/2021\/03\/home.png\" alt=\"home\" title=\"home\" itemprop=\"image\"\/>\n\t<h1>\n\t\t\t\tProducent af Bordspil og Brikker\n\t\t\t<\/h1>\n\t\t\t<p>Leverer OEM- og ODM-service<\/p>\t\n\t\t\t<a href=\"https:\/\/www.hicreategames.com\/da\/projekter\/\" title=\"Click Here\" target=\"_self\"   role=\"button\" aria-label=\"Tjek vores projekter\">\n\t\t\t\t\t\t\tTjek vores projekter\n\t\t<\/a>\n\t\t\t<a href=\"https:\/\/www.hicreategames.com\/da\/kontakt-os\/\" title=\"Click Here\" target=\"_self\"   role=\"button\" aria-label=\"F\u00e5 et tilbud nu\">\n\t\t\t\t\t\t\tF\u00e5 et tilbud nu\n\t\t<\/a>\n\t<h3>\n\t\t\t\tVelkommen til Hicreate Games\n\t\t\t<\/h3>\n\t\t\t<p>Hvor vi g\u00f8r dine spilideer til virkelighed.<\/p>\t\n\t<p>Jiangsu Hicreate Entertainment Co., Ltd. blev grundlagt i 2015 og er en f\u00f8rende producent af br\u00e6tspil og kortspil. Vi er specialiseret i forskning, udvikling, tilpasning, produktion og salg af alle former for br\u00e6tspil og kortspil samt relevante spilkomponenter som brikker, miniaturer og terninger.<\/p>\n<p>Vi har vores eget designteam og serviceteam, som kan betjene kunder over hele verden.<\/p>\n<p>Velkommen til at bes\u00f8ge vores virksomhed og etablere et forretningsforhold med os.<\/p>\n\t\t<meta itemprop=\"url\" content=\"https:\/\/www.hicreategames.com\/wp-content\/uploads\/2022\/04\/Custom-Board-Games-Design-Partner-Company.mp4\" \/><div style=\"width: 640px;\" class=\"wp-video\"><video class=\"wp-video-shortcode\" id=\"video-4441-1\" width=\"640\" height=\"360\" poster=\"https:\/\/www.hicreategames.com\/wp-content\/uploads\/2025\/08\/Company-Introduction-Video.jpg\" preload=\"none\" controls=\"controls\"><source type=\"video\/mp4\" src=\"https:\/\/www.hicreategames.com\/wp-content\/uploads\/2022\/04\/Custom-Board-Games-Design-Partner-Company.mp4?_=1\" \/><source type=\"video\/mp4\" src=\"https:\/\/www.hicreategames.com\/wp-content\/uploads\/2022\/04\/Custom-Board-Games-Design-Partner-Company.mp4?_=1\" \/><a href=\"https:\/\/www.hicreategames.com\/wp-content\/uploads\/2022\/04\/Custom-Board-Games-Design-Partner-Company.mp4\">https:\/\/www.hicreategames.com\/wp-content\/uploads\/2022\/04\/Custom-Board-Games-Design-Partner-Company.mp4<\/a><\/video><\/div>\t\n\t\t\t<a href=\"https:\/\/www.hicreategames.com\/da\/om-os\/\" title=\"Click Here\" target=\"_self\"   role=\"button\" aria-label=\"Mere om os\">\n\t\t\t\t\t\t\tMere om os\n\t\t<\/a>\n\t\t\t\t<img decoding=\"async\" src=\"https:\/\/www.hicreategames.com\/wp-content\/uploads\/2023\/09\/Customer-Concentration-Countries-Regions.jpg\" alt=\"Customer Concentration CountriesRegions\" itemprop=\"image\" height=\"522\" width=\"909\" title=\"Kundekoncentration Lande Regioner\" onerror=\"this.style.display='none'\" loading=\"lazy\" \/>\n\t<ul>\n\t\t<li>\t\t\t\t\n\t\t<p>15 avanceret udstyr<\/p><\/li><li>\t\t\t\t\n\t\t<p>500m\u00b3 lager<\/p><\/li><li>\t\t\t\t\n\t\t<p>100+ eksporterede lande<\/p><\/li><li>\t\t\t\t\n\t\t<p>Samarbejdede med mere end 100 spildesignere om \u00e5ret<\/p><\/li><li>\t\t\t\t\n\t\t<p>Mere end 15 \u00e5rs erfaring med brugerdefinerede br\u00e6tspil<\/p><\/li>\t<\/ul>\n\t<h2>\n\t\t\t\tVores tjenester\n\t\t\t<\/h2>\n\t\t\t<p>Ud over produktion af br\u00e6tspil og komponenter tilbyder vores team ogs\u00e5 one-stop-tjenester fra design til masseproduktion.<\/p>\t\n\t\t\t\t<img decoding=\"async\" src=\"https:\/\/www.hicreategames.com\/wp-content\/uploads\/2023\/09\/board-game-service.jpg\" alt=\"br\u00e6tspilsservice\" itemprop=\"image\" height=\"453\" width=\"800\" title=\"br\u00e6tspilsservice\" onerror=\"this.style.display='none'\" loading=\"lazy\" \/>\n\t<p>Hvis du f\u00f8lger nedenst\u00e5ende trin, vil du opdage, at det er meget behageligt at arbejde med Hicreate Games.<\/p>\n<ol>\n<li>Konsultation &amp; tilbud<\/li>\n<li>Design Verifikation<\/li>\n<li>Prototyping<\/li>\n<li>Pr\u00f8vekontrol<\/li>\n<li>Masseproduktion<\/li>\n<li>Samling<\/li>\n<li>Pakning &amp; forsendelse<\/li>\n<\/ol>\n\t\t\t<a href=\"https:\/\/www.hicreategames.com\/da\/kontakt-os\/\" title=\"Click Here\" target=\"_self\"   role=\"button\" aria-label=\"Kontakt os nu\">\n\t\t\t\t\t\t\tKontakt os nu\n\t\t<\/a>\n\t<h2>\n\t\t\t\tVores arbejde\n\t\t\t<\/h2>\n\t\t\t<p>Vi g\u00f8r vores bedste for at opfylde vores kunders krav, fra design, produktion og trykning.<\/p>\t\n\t\t\t\t<img decoding=\"async\" src=\"https:\/\/www.hicreategames.com\/wp-content\/uploads\/2023\/09\/Board-Game-Icon.png\" alt=\"Board Game Icon\" title=\"Board Game Icon\" itemprop=\"image\"\/>\n\t<h5>\n\t\t\t\t<a href=\"https:\/\/www.hicreategames.com\/da\/brugerdefineret-braetspil\/\" title=\"Br\u00e6tspil -&gt;\" target=\"_self\"  aria-label=\"Go to https:\/\/www.hicreategames.com\/da\/brugerdefineret-braetspil\/\">\n\t\t\t\tBr\u00e6tspil -&gt;\n\t\t\t\t<\/a>\n\t\t\t<\/h5>\n\t\t\t<p>Uanset om det drejer sig om at skabe indviklede spilmekanismer, designe f\u00e6ngende illustrationer eller sikre f\u00f8rsteklasses kvalitet, er vi her for at g\u00f8re dine br\u00e6tspilsdr\u00f8mme til virkelighed.<\/p>\t\n\t\t\t\t<img decoding=\"async\" src=\"https:\/\/www.hicreategames.com\/wp-content\/uploads\/2022\/04\/Leksand-Board-Game.jpg\" alt=\"Leksand Board Game\" title=\"Leksand Board Game\" itemprop=\"image\"\/>\n\t\t<h5>\n\t\t\tLeksandspelet\t<\/h5>\n\t\t\t\t<img decoding=\"async\" src=\"https:\/\/www.hicreategames.com\/wp-content\/uploads\/2022\/04\/Game-of-Homes.jpg\" alt=\"Game of Homes Board Game\" title=\"Game of Homes Board Game\" itemprop=\"image\"\/>\n\t\t<h5>\n\t\t\tGame of Homes\t<\/h5>\n\t\t\t\t<img decoding=\"async\" src=\"https:\/\/www.hicreategames.com\/wp-content\/uploads\/2022\/04\/Holland-America-Line-GrandVenture.jpg\" alt=\"Holland America Line GrandVenture Board Game\" title=\"Holland America Line GrandVenture Board Game\" itemprop=\"image\"\/>\n\t\t<h5>\n\t\t\tGrandVenture\t<\/h5>\n\t\t\t\t<img decoding=\"async\" src=\"https:\/\/www.hicreategames.com\/wp-content\/uploads\/2023\/09\/Card-Game-Icon.png\" alt=\"Card Game Icon\" title=\"Card Game Icon\" itemprop=\"image\"\/>\n\t<h5>\n\t\t\t\t<a href=\"https:\/\/www.hicreategames.com\/da\/brugerdefineret-kortspil\/\" title=\"Kortspil -&gt;\" target=\"_self\"  aria-label=\"Go to https:\/\/www.hicreategames.com\/da\/brugerdefineret-kortspil\/\">\n\t\t\t\tKortspil -&gt;\n\t\t\t\t<\/a>\n\t\t\t<\/h5>\n\t\t\t<p>Fra fremstilling af holdbare kort i h\u00f8j kvalitet til design af f\u00e6ngende illustrationer, pr\u00e6cis trykning og emballering sikrer vi, at alle detaljer stemmer overens med din vision.<\/p>\t\n\t\t\t\t<img decoding=\"async\" src=\"https:\/\/www.hicreategames.com\/wp-content\/uploads\/2022\/04\/Penguin-Brawl.jpg\" alt=\"Penguin Brawl Action Card Game\" title=\"Penguin Brawl Action Card Game\" itemprop=\"image\"\/>\n\t\t<h5>\n\t\t\tPenguin Brawl Action\t<\/h5>\n\t\t\t\t<img decoding=\"async\" src=\"https:\/\/www.hicreategames.com\/wp-content\/uploads\/2022\/04\/Original-Tarot-Cards-Deck.jpg\" alt=\"Original Tarot Cards Deck\" title=\"Original Tarot Cards Deck\" itemprop=\"image\"\/>\n\t\t<h5>\n\t\t\tTarot\t<\/h5>\n\t\t\t\t<img decoding=\"async\" src=\"https:\/\/www.hicreategames.com\/wp-content\/uploads\/2023\/09\/Buzz-Card-Game.jpg\" alt=\"Buzz Card Game\" title=\"Buzz Card Game\" itemprop=\"image\"\/>\n\t\t<h5>\n\t\t\tBuzz\t<\/h5>\n\t\t\t\t<img decoding=\"async\" src=\"https:\/\/www.hicreategames.com\/wp-content\/uploads\/2023\/09\/Game-Component-Icon.png\" alt=\"Game Component Icon\" title=\"Game Component Icon\" itemprop=\"image\"\/>\n\t<h5>\n\t\t\t\tSpilkomponenter\n\t\t\t<\/h5>\n\t\t\t<p>Vi er specialiserede i at fremstille spilkomponenter, der opfylder de h\u00f8jeste standarder for kvalitet, holdbarhed og \u00e6stetik, hvilket vil l\u00f8fte dit spil til nye h\u00f8jder.<\/p>\t\n\t\t\t\t<img decoding=\"async\" src=\"https:\/\/www.hicreategames.com\/wp-content\/uploads\/2023\/09\/Plastic-Miniatures.jpg\" alt=\"Plastic Miniatures\" title=\"Plastic Miniatures\" itemprop=\"image\"\/>\n\t\t<h5>\n\t\t<a href=\"https:\/\/www.hicreategames.com\/da\/brugerdefinerede-miniaturer\/\" title=\"Miniaturer -&gt;\"  target=\"_self\">\n\t\t\tMiniaturer -&gt;\t\t<\/a>\n\t<\/h5>\n\t\t\t\t<img decoding=\"async\" src=\"https:\/\/www.hicreategames.com\/wp-content\/uploads\/2023\/09\/Wooden-Meeples.jpg\" alt=\"Wooden Meeples\" title=\"Wooden Meeples\" itemprop=\"image\"\/>\n\t\t<h5>\n\t\t<a href=\"https:\/\/www.hicreategames.com\/custom-meeples\/\" title=\"Meeples -&gt;\"  target=\"_self\">\n\t\t\tMeeples -&gt;\t\t<\/a>\n\t<\/h5>\n\t\t\t\t<img decoding=\"async\" src=\"https:\/\/www.hicreategames.com\/wp-content\/uploads\/2023\/09\/Dice.jpg\" alt=\"Plastic Dice\" title=\"Plastic Dice\" itemprop=\"image\"\/>\n\t\t<h5>\n\t\t<a href=\"https:\/\/www.hicreategames.com\/da\/brugerdefinerede-terninger\/\" title=\"Terninger -&gt;\"  target=\"_self\">\n\t\t\tTerninger -&gt;\t\t<\/a>\n\t<\/h5>\n<h4>\n\t\t\tHar du en god spilid\u00e9?\t<\/h4>\n\t\t\t<a href=\"https:\/\/www.hicreategames.com\/da\/kontakt-os\/\" target=\"_self\">\n\t\t\t\t\t\tG\u00f8r det til virkelighed nu\n\t\t\t\t\t<\/a>\n\t<h2>\n\t\t\t\tFoto- og videogalleri\n\t\t\t<\/h2>\n\t\t\t\t<img decoding=\"async\" src=\"https:\/\/www.hicreategames.com\/wp-content\/uploads\/2022\/04\/company.jpg\" alt=\"hicreate Selskab\" itemprop=\"image\" height=\"400\" width=\"708\" title=\"hicreate Selskab\" onerror=\"this.style.display='none'\" loading=\"lazy\" \/>\n\t\t\t\t<img decoding=\"async\" src=\"https:\/\/www.hicreategames.com\/wp-content\/uploads\/2022\/04\/office.jpg\" alt=\"Hicreate kontor\" itemprop=\"image\" height=\"398\" width=\"708\" title=\"Hicreate kontor\" onerror=\"this.style.display='none'\" loading=\"lazy\" \/>\n\t\t<iframe loading=\"lazy\" width=\"560\" height=\"315\" src=\"https:\/\/www.youtube.com\/embed\/te7dcPvWyEg\" title=\"YouTube video player\" frameborder=\"0\" allow=\"accelerometer; autoplay; clipboard-write; encrypted-media; gyroscope; picture-in-picture\" allowfullscreen><\/iframe>\t\n\t\t<iframe loading=\"lazy\" width=\"560\" height=\"315\" src=\"https:\/\/www.youtube.com\/embed\/9Pi4wGsqZVA\" title=\"YouTube video player\" frameborder=\"0\" allow=\"accelerometer; autoplay; clipboard-write; encrypted-media; gyroscope; picture-in-picture\" allowfullscreen><\/iframe>\t\n\t\t<iframe loading=\"lazy\" width=\"560\" height=\"315\" src=\"https:\/\/www.youtube.com\/embed\/OnjXwID_HDM\" title=\"YouTube video player\" frameborder=\"0\" allow=\"accelerometer; autoplay; clipboard-write; encrypted-media; gyroscope; picture-in-picture\" allowfullscreen><\/iframe>\t\n\n","protected":false},"excerpt":{"rendered":"<p>Producent af Bordspil og Brikker Leverer OEM- og ODM-service Tjek vores projekter F\u00e5 et tilbud nu Velkommen til Hicreate Games Hvor vi g\u00f8r dine spilideer til virkelighed. Jiangsu Hicreate Entertainment Co., Ltd. blev grundlagt i 2015 og er en f\u00f8rende producent af br\u00e6tspil og kortspil. Vi er specialiseret i forskning, [&hellip;]<\/p>\n","protected":false},"author":1,"featured_media":0,"parent":0,"menu_order":0,"comment_status":"closed","ping_status":"open","template":"","meta":{"site-sidebar-layout":"no-sidebar","site-content-layout":"page-builder","ast-site-content-layout":"default","site-content-style":"default","site-sidebar-style":"default","ast-global-header-display":"","ast-banner-title-visibility":"","ast-main-header-display":"","ast-hfb-above-header-display":"","ast-hfb-below-header-display":"","ast-hfb-mobile-header-display":"","site-post-title":"disabled","ast-breadcrumbs-content":"","ast-featured-img":"disabled","footer-sml-layout":"","ast-disable-related-posts":"","theme-transparent-header-meta":"default","adv-header-id-meta":"","stick-header-meta":"default","header-above-stick-meta":"","header-main-stick-meta":"","header-below-stick-meta":"","astra-migrate-meta-layouts":"default","ast-page-background-enabled":"default","ast-page-background-meta":{"desktop":{"background-color":"","background-image":"","background-repeat":"repeat","background-position":"center center","background-size":"auto","background-attachment":"scroll","background-type":"","background-media":"","overlay-type":"","overlay-color":"","overlay-opacity":"","overlay-gradient":""},"tablet":{"background-color":"","background-image":"","background-repeat":"repeat","background-position":"center center","background-size":"auto","background-attachment":"scroll","background-type":"","background-media":"","overlay-type":"","overlay-color":"","overlay-opacity":"","overlay-gradient":""},"mobile":{"background-color":"","background-image":"","background-repeat":"repeat","background-position":"center center","background-size":"auto","background-attachment":"scroll","background-type":"","background-media":"","overlay-type":"","overlay-color":"","overlay-opacity":"","overlay-gradient":""}},"ast-content-background-meta":{"desktop":{"background-color":"var(--ast-global-color-5)","background-image":"","background-repeat":"repeat","background-position":"center center","background-size":"auto","background-attachment":"scroll","background-type":"","background-media":"","overlay-type":"","overlay-color":"","overlay-opacity":"","overlay-gradient":""},"tablet":{"background-color":"var(--ast-global-color-5)","background-image":"","background-repeat":"repeat","background-position":"center center","background-size":"auto","background-attachment":"scroll","background-type":"","background-media":"","overlay-type":"","overlay-color":"","overlay-opacity":"","overlay-gradient":""},"mobile":{"background-color":"var(--ast-global-color-5)","background-image":"","background-repeat":"repeat","background-position":"center center","background-size":"auto","background-attachment":"scroll","background-type":"","background-media":"","overlay-type":"","overlay-color":"","overlay-opacity":"","overlay-gradient":""}},"footnotes":""},"class_list":["post-4441","page","type-page","status-publish","hentry"],"_links":{"self":[{"href":"https:\/\/www.hicreategames.com\/da\/wp-json\/wp\/v2\/pages\/4441","targetHints":{"allow":["GET"]}}],"collection":[{"href":"https:\/\/www.hicreategames.com\/da\/wp-json\/wp\/v2\/pages"}],"about":[{"href":"https:\/\/www.hicreategames.com\/da\/wp-json\/wp\/v2\/types\/page"}],"author":[{"embeddable":true,"href":"https:\/\/www.hicreategames.com\/da\/wp-json\/wp\/v2\/users\/1"}],"replies":[{"embeddable":true,"href":"https:\/\/www.hicreategames.com\/da\/wp-json\/wp\/v2\/comments?post=4441"}],"version-history":[{"count":2,"href":"https:\/\/www.hicreategames.com\/da\/wp-json\/wp\/v2\/pages\/4441\/revisions"}],"predecessor-version":[{"id":24436,"href":"https:\/\/www.hicreategames.com\/da\/wp-json\/wp\/v2\/pages\/4441\/revisions\/24436"}],"wp:attachment":[{"href":"https:\/\/www.hicreategames.com\/da\/wp-json\/wp\/v2\/media?parent=4441"}],"curies":[{"name":"wp","href":"https:\/\/api.w.org\/{rel}","templated":true}]}}