{"id":4442,"date":"2022-04-19T07:05:40","date_gmt":"2022-04-19T07:05:40","guid":{"rendered":"https:\/\/www.hicreategames.com\/andre-spilkomponenter\/"},"modified":"2025-08-26T15:25:18","modified_gmt":"2025-08-26T15:25:18","slug":"andre-spilkomponenter","status":"publish","type":"page","link":"https:\/\/www.hicreategames.com\/da\/andre-spilkomponenter\/","title":{"rendered":"Andre spilkomponenter"},"content":{"rendered":"\n<h3>\n\t\tBrugerdefinerede spilkomponenter\n\t<\/h3>\n\t\t\t\t<img loading=\"lazy\" decoding=\"async\" src=\"https:\/\/www.hicreategames.com\/wp-content\/uploads\/2022\/04\/Money-Pack.png\" alt=\"Pengepakke\" itemprop=\"image\" height=\"404\" width=\"618\" title=\"Pengepakke\" onerror=\"this.style.display='none'\"  \/>\n\t<h3>\n\t\t\t\t\tPenge\n\t\t\t\t<\/h3>\n\t<p><strong>Tilg\u00e6ngeligt materiale:<\/strong><\/p>\n<ul>\n<li>80 gsm (gram pr. kvadratmeter) tr\u00e6frit papir<\/li>\n<li>100 g tr\u00e6frit papir<\/li>\n<\/ul>\n<p><strong>Tilg\u00e6ngelig st\u00f8rrelse:<\/strong><\/p>\n<ul>\n<li>100*52 mm<\/li>\n<li>op til dine egne krav<\/li>\n<\/ul>\n\t<h3>\n\t\t\t\t\tSand-timer\n\t\t\t\t<\/h3>\n\t<ul>\n<li><strong>Materiale<\/strong> : PP+glas<\/li>\n<li><strong>DIM<\/strong> : 8,5*2,5 cm<\/li>\n<li><strong>NW<\/strong> : 0,013 kg<\/li>\n<li><strong>Farve<\/strong> : Farverig<\/li>\n<li><strong>Tid<\/strong> : 30 sek\/1 min\/2 min\/3 min\/5 min\/10 min<\/li>\n<\/ul>\n<p>Accepter OEM eller efter vores design<\/p>\n\t\t\t\t<img loading=\"lazy\" decoding=\"async\" src=\"https:\/\/www.hicreategames.com\/wp-content\/uploads\/2022\/04\/Sand-Timer.png\" alt=\"Sand timer\" itemprop=\"image\" height=\"500\" width=\"500\" title=\"Sand timer\" onerror=\"this.style.display='none'\"  \/>\n\t\t\t\t<img loading=\"lazy\" decoding=\"async\" src=\"https:\/\/www.hicreategames.com\/wp-content\/uploads\/2022\/04\/Marker-Pen.jpg\" alt=\"Overstregningstusch\" itemprop=\"image\" height=\"500\" width=\"500\" title=\"Overstregningstusch\" onerror=\"this.style.display='none'\"  \/>\n\t<h3>\n\t\t\t\t\tOverstregningstusch\n\t\t\t\t<\/h3>\n\t<ul>\n<li><strong>Materiale:<\/strong> plast+bl\u00e6k<\/li>\n<li>Milj\u00f8venligt<\/li>\n<li>Accepter OEM eller k\u00f8b vores design<\/li>\n<\/ul>\n\t<h3>\n\t\t\t\t\tSpinner\n\t\t\t\t<\/h3>\n\t\t\t\t<img loading=\"lazy\" decoding=\"async\" src=\"https:\/\/www.hicreategames.com\/wp-content\/uploads\/2022\/04\/Spinner.png\" alt=\"Spinner\" itemprop=\"image\" height=\"402\" width=\"620\" title=\"Spinner\" onerror=\"this.style.display='none'\"  \/>\n\t<h3>\n\t\t\t\t\tE-Fl\u00f8jtebakke\n\t\t\t\t<\/h3>\n\t\t\t\t<img loading=\"lazy\" decoding=\"async\" src=\"https:\/\/www.hicreategames.com\/wp-content\/uploads\/2022\/04\/E-Flute-Tray.png\" alt=\"E-Fl\u00f8jtebakke\" itemprop=\"image\" height=\"500\" width=\"500\" title=\"E-Fl\u00f8jtebakke\" onerror=\"this.style.display='none'\"  \/>\n\t<h3>\n\t\t\t\t\tPlastbakke\n\t\t\t\t<\/h3>\n\t\t\t\t<img loading=\"lazy\" decoding=\"async\" src=\"https:\/\/www.hicreategames.com\/wp-content\/uploads\/2022\/04\/Plastic-Tray.png\" alt=\"Plastbakke\" itemprop=\"image\" height=\"500\" width=\"500\" title=\"Plastbakke\" onerror=\"this.style.display='none'\"  \/>\n\t\t\t\t<img loading=\"lazy\" decoding=\"async\" src=\"https:\/\/www.hicreategames.com\/wp-content\/uploads\/2022\/04\/Board-Game-Components.png\" alt=\"Producent af spilkomponenter\" itemprop=\"image\" height=\"500\" width=\"500\" title=\"Br\u00e6tspilskomponenter\" onerror=\"this.style.display='none'\"  \/>\n\t<h3>\n\t\t\t\t\tKom i kontakt med os nu\n\t\t\t\t<\/h3>\n\t\n<div class=\"wpcf7 no-js\" id=\"wpcf7-f4188-o1\" lang=\"da-DK\" dir=\"ltr\" data-wpcf7-id=\"4188\">\n<div class=\"screen-reader-response\"><p role=\"status\" aria-live=\"polite\" aria-atomic=\"true\"><\/p> <ul><\/ul><\/div>\n<form action=\"\/da\/wp-json\/wp\/v2\/pages\/4442#wpcf7-f4188-o1\" method=\"post\" class=\"wpcf7-form init\" aria-label=\"Kontaktformular\" enctype=\"multipart\/form-data\" novalidate=\"novalidate\" data-status=\"init\">\n<fieldset class=\"hidden-fields-container\"><input type=\"hidden\" name=\"_wpcf7\" value=\"4188\" \/><input type=\"hidden\" name=\"_wpcf7_version\" value=\"6.1.5\" \/><input type=\"hidden\" name=\"_wpcf7_locale\" value=\"da_DK\" \/><input type=\"hidden\" name=\"_wpcf7_unit_tag\" value=\"wpcf7-f4188-o1\" \/><input type=\"hidden\" name=\"_wpcf7_container_post\" value=\"0\" \/><input type=\"hidden\" name=\"_wpcf7_posted_data_hash\" value=\"\" \/><input type=\"hidden\" name=\"_wpcf7_recaptcha_response\" value=\"\" \/>\n<\/fieldset>\n<p><label> Dit navn<br \/>\n<span class=\"wpcf7-form-control-wrap\" data-name=\"your-name\"><input size=\"40\" maxlength=\"400\" class=\"wpcf7-form-control wpcf7-text wpcf7-validates-as-required\" aria-required=\"true\" aria-invalid=\"false\" value=\"\" type=\"text\" name=\"your-name\" \/><\/span> <\/label>\n<\/p>\n<p><label> Din email<br \/>\n<span class=\"wpcf7-form-control-wrap\" data-name=\"your-email\"><input size=\"40\" maxlength=\"400\" class=\"wpcf7-form-control wpcf7-email wpcf7-validates-as-required wpcf7-text wpcf7-validates-as-email\" aria-required=\"true\" aria-invalid=\"false\" value=\"\" type=\"email\" name=\"your-email\" \/><\/span> <\/label>\n<\/p>\n<p><label> Minimum Ordrem\u00e6ngde<br \/>\n<span class=\"wpcf7-form-control-wrap\" data-name=\"menu-734\"><select class=\"wpcf7-form-control wpcf7-select wpcf7-validates-as-required\" aria-required=\"true\" aria-invalid=\"false\" name=\"menu-734\"><option value=\"\">&#8212;V\u00e6lg venligst en mulighed&#8212;<\/option><option value=\"300\">300<\/option><option value=\"500\">500<\/option><option value=\"1000\">1000<\/option><\/select><\/span> <\/label>\n<\/p>\n<p><label> Din besked<br \/>\n<span class=\"wpcf7-form-control-wrap\" data-name=\"your-message\"><textarea cols=\"40\" rows=\"10\" maxlength=\"2000\" class=\"wpcf7-form-control wpcf7-textarea wpcf7-validates-as-required\" aria-required=\"true\" aria-invalid=\"false\" name=\"your-message\"><\/textarea><\/span> <\/label>\n<\/p>\n<p><label> Din fil (valgfrit)<br \/>\n<span class=\"wpcf7-form-control-wrap\" data-name=\"file-978\"><input size=\"40\" class=\"wpcf7-form-control wpcf7-file\" accept=\"audio\/*,video\/*,image\/*\" aria-invalid=\"false\" type=\"file\" name=\"file-978\" \/><\/span> <\/label>\n<\/p>\n<p><span class=\"wpcf7-form-control-wrap\" data-name=\"quiz-747\"><label><span class=\"wpcf7-quiz-label\">2+6=?<\/span> <input size=\"40\" class=\"wpcf7-form-control wpcf7-quiz\" autocomplete=\"off\" aria-required=\"true\" aria-invalid=\"false\" type=\"text\" name=\"quiz-747\" \/><\/label><input type=\"hidden\" name=\"_wpcf7_quiz_answer_quiz-747\" value=\"34fe0dce70d770da3a4b02c0e1fa88fe\" \/><\/span>\n<\/p>\n<p><input class=\"wpcf7-form-control wpcf7-submit has-spinner\" type=\"submit\" value=\"Indsend\" \/>\n<\/p><div class=\"wpcf7-response-output\" aria-hidden=\"true\"><\/div>\n<\/form>\n<\/div>\n\n\n","protected":false},"excerpt":{"rendered":"<p>Brugerdefinerede spilkomponenter Penge Tilg\u00e6ngeligt materiale: 80 gsm (gram pr. kvadratmeter) tr\u00e6frit papir 100 g tr\u00e6frit papir Tilg\u00e6ngelig st\u00f8rrelse: 100*52 mm op til dine egne krav Sand-timer Materiale : PP+glas DIM : 8,5*2,5 cm NW : 0,013 kg Farve : Farverig Tid : 30 sek\/1 min\/2 min\/3 min\/5 min\/10 min Accepter [&hellip;]<\/p>\n","protected":false},"author":1,"featured_media":0,"parent":0,"menu_order":0,"comment_status":"closed","ping_status":"closed","template":"","meta":{"site-sidebar-layout":"no-sidebar","site-content-layout":"page-builder","ast-site-content-layout":"default","site-content-style":"default","site-sidebar-style":"default","ast-global-header-display":"","ast-banner-title-visibility":"","ast-main-header-display":"","ast-hfb-above-header-display":"","ast-hfb-below-header-display":"","ast-hfb-mobile-header-display":"","site-post-title":"disabled","ast-breadcrumbs-content":"","ast-featured-img":"disabled","footer-sml-layout":"","ast-disable-related-posts":"","theme-transparent-header-meta":"default","adv-header-id-meta":"","stick-header-meta":"default","header-above-stick-meta":"","header-main-stick-meta":"","header-below-stick-meta":"","astra-migrate-meta-layouts":"default","ast-page-background-enabled":"default","ast-page-background-meta":{"desktop":{"background-color":"","background-image":"","background-repeat":"repeat","background-position":"center center","background-size":"auto","background-attachment":"scroll","background-type":"","background-media":"","overlay-type":"","overlay-color":"","overlay-opacity":"","overlay-gradient":""},"tablet":{"background-color":"","background-image":"","background-repeat":"repeat","background-position":"center center","background-size":"auto","background-attachment":"scroll","background-type":"","background-media":"","overlay-type":"","overlay-color":"","overlay-opacity":"","overlay-gradient":""},"mobile":{"background-color":"","background-image":"","background-repeat":"repeat","background-position":"center center","background-size":"auto","background-attachment":"scroll","background-type":"","background-media":"","overlay-type":"","overlay-color":"","overlay-opacity":"","overlay-gradient":""}},"ast-content-background-meta":{"desktop":{"background-color":"var(--ast-global-color-5)","background-image":"","background-repeat":"repeat","background-position":"center center","background-size":"auto","background-attachment":"scroll","background-type":"","background-media":"","overlay-type":"","overlay-color":"","overlay-opacity":"","overlay-gradient":""},"tablet":{"background-color":"var(--ast-global-color-5)","background-image":"","background-repeat":"repeat","background-position":"center center","background-size":"auto","background-attachment":"scroll","background-type":"","background-media":"","overlay-type":"","overlay-color":"","overlay-opacity":"","overlay-gradient":""},"mobile":{"background-color":"var(--ast-global-color-5)","background-image":"","background-repeat":"repeat","background-position":"center center","background-size":"auto","background-attachment":"scroll","background-type":"","background-media":"","overlay-type":"","overlay-color":"","overlay-opacity":"","overlay-gradient":""}},"footnotes":""},"class_list":["post-4442","page","type-page","status-publish","hentry"],"_links":{"self":[{"href":"https:\/\/www.hicreategames.com\/da\/wp-json\/wp\/v2\/pages\/4442","targetHints":{"allow":["GET"]}}],"collection":[{"href":"https:\/\/www.hicreategames.com\/da\/wp-json\/wp\/v2\/pages"}],"about":[{"href":"https:\/\/www.hicreategames.com\/da\/wp-json\/wp\/v2\/types\/page"}],"author":[{"embeddable":true,"href":"https:\/\/www.hicreategames.com\/da\/wp-json\/wp\/v2\/users\/1"}],"replies":[{"embeddable":true,"href":"https:\/\/www.hicreategames.com\/da\/wp-json\/wp\/v2\/comments?post=4442"}],"version-history":[{"count":1,"href":"https:\/\/www.hicreategames.com\/da\/wp-json\/wp\/v2\/pages\/4442\/revisions"}],"predecessor-version":[{"id":25089,"href":"https:\/\/www.hicreategames.com\/da\/wp-json\/wp\/v2\/pages\/4442\/revisions\/25089"}],"wp:attachment":[{"href":"https:\/\/www.hicreategames.com\/da\/wp-json\/wp\/v2\/media?parent=4442"}],"curies":[{"name":"wp","href":"https:\/\/api.w.org\/{rel}","templated":true}]}}