{"id":4443,"date":"2017-07-12T05:54:02","date_gmt":"2017-07-12T05:54:02","guid":{"rendered":"https:\/\/www.hicreategames.com\/projekter\/"},"modified":"2025-08-25T05:57:01","modified_gmt":"2025-08-25T05:57:01","slug":"projekter","status":"publish","type":"page","link":"https:\/\/www.hicreategames.com\/da\/projekter\/","title":{"rendered":"Projekter"},"content":{"rendered":"\n\n\t<h1>\n\t\t\t\t\tProjekter\n\t\t\t\t<\/h1>\n\t<h2>\n\t\t\t\t\tVores seneste projekter\n\t\t\t\t<\/h2>\n\t\t\t<p>Vi har med succes gennemf\u00f8rt mange brugerdefinerede br\u00e6t- og kortspils design, fremstilling og trykning. Tjek venligst nogle af vores seneste projekter, h\u00e5ber de kan give dig lidt inspiration.<\/p>\n\t\t\t\t<img decoding=\"async\" src=\"https:\/\/www.hicreategames.com\/wp-content\/uploads\/2022\/04\/Leksandspelet-Board-Game.jpg\" alt=\"Leksandspelet Board Game\" itemprop=\"image\"\/>\n\t<h5>\n\t\t\t\t\tSports br\u00e6tspil\n\t\t\t\t<\/h5>\n\t<h3>\n\t\t\t\t\tLeksandspelet\n\t\t\t\t<\/h3>\n\t\t\t<p>Et br\u00e6tspil for fans af <a href=\"https:\/\/www.leksandsif.se\/p\/\">Leksands IF<\/a> (et svensk ishockeyhold)<\/p>\n\t<p>Spillere f\u00e5r chancen for at vinde serien, mens de husker tidens klassiske spillere og sammenligner dem med nutidens stjerner.<\/p>\n<p>Det sker ved at spille kampe, styre klubbens \u00f8konomi, rekruttere klassiske spil, deltage i bestyrelsesm\u00f8der og svare p\u00e5 sp\u00f8rgsm\u00e5l.<\/p>\n<p>Kast terningerne, spil og husk!<\/p>\n\t<h3>\n\t\t\t\t\tGame of Homes\n\t\t\t\t<\/h3>\n\t\t\t<p>Et br\u00e6tspil til tr\u00e6ning i boligl\u00e5n<\/p>\n\t<p>Fannie Mae \u00f8nsker at udvikle et br\u00e6tspil, der er i stand til at uddanne deres interne teams om alle ins og outs ved at bel\u00e5ne et hjem.<\/p>\n<p>Det er et monopol-inspireret br\u00e6tspilsprojekt.<\/p>\n\t\t\t\t<img decoding=\"async\" src=\"https:\/\/www.hicreategames.com\/wp-content\/uploads\/2022\/04\/monopoly-mortgage-board-game.jpg\" alt=\"monopoly mortgage board game\" itemprop=\"image\"\/>\n\t<h5>\n\t\t\t\t\tMonopoly-spil\n\t\t\t\t<\/h5>\n\t\t\t\t<img decoding=\"async\" src=\"https:\/\/www.hicreategames.com\/wp-content\/uploads\/2022\/04\/GrandVenture.jpg\" alt=\"GrandVenture\" itemprop=\"image\"\/>\n\t<h5>\n\t\t\t\t\tMonopoly-spil\n\t\t\t\t<\/h5>\n\t<h3>\n\t\t\t\t\tGrandVenture\n\t\t\t\t<\/h3>\n\t\t\t<p>Hurtig handel med ejendomshandel<\/p>\n\t<p>Dette spil var et salgsfremmende produkt lavet til Holland American Cruise Lines i 2018.<\/p>\n<p>Spillet spilles meget som et monopolspil &#8211; s\u00e5som at k\u00f8be ejendomme, indsamle huslejer og planl\u00e6gge dig vej til rigdom.<\/p>\n\t<h3>\n\t\t\t\t\tThe War Of Spirit Stone\n\t\t\t\t<\/h3>\n\t\t\t<p>Et for\u00e6ldre-barn br\u00e6tspil<\/p>\n\t<p>Dets tilbeh\u00f8r og plot er relativt komplet og komplekst, og hele historiens baggrund har et nyt verdensbillede.<\/p>\n<p>Derfor har dette spil en vis t\u00e6rskel for b\u00f8rn under 6 \u00e5r.<\/p>\n\t<p>&nbsp;<\/p>\n<p>&nbsp;<\/p>\n\t<meta itemprop=\"url\" content=\"https:\/\/www.hicreategames.com\/wp-content\/uploads\/2022\/04\/The-War-Of-Spirit-Stone.mp4\" \/><div style=\"width: 640px;\" class=\"wp-video\"><video class=\"wp-video-shortcode\" id=\"video-4443-1\" width=\"640\" height=\"360\" preload=\"metadata\" controls=\"controls\"><source type=\"video\/mp4\" src=\"https:\/\/www.hicreategames.com\/wp-content\/uploads\/2022\/04\/The-War-Of-Spirit-Stone.mp4?_=1\" \/><a href=\"https:\/\/www.hicreategames.com\/wp-content\/uploads\/2022\/04\/The-War-Of-Spirit-Stone.mp4\">https:\/\/www.hicreategames.com\/wp-content\/uploads\/2022\/04\/The-War-Of-Spirit-Stone.mp4<\/a><\/video><\/div>\n\t<h5>\n\t\t\t\t\tFamilievenligt spil\n\t\t\t\t<\/h5>\n\t\t\t\t<img decoding=\"async\" src=\"https:\/\/www.hicreategames.com\/wp-content\/uploads\/2022\/04\/Penguin-Brawl-1.jpg\" alt=\"Penguin Brawl\" itemprop=\"image\"\/>\n\t<h5>\n\t\t\t\t\tKortspil\n\t\t\t\t<\/h5>\n\t<h3>\n\t\t\t\t\tPenguin Brawl: Battle Of The Gods\n\t\t\t\t<\/h3>\n\t\t\t<p>30 Kortudvidelsesudskrivning<\/p>\n\t<p>Den f\u00f8rste mikro-udvidelse til Penguin Brawl tilf\u00f8jer 30 nye kort til spillet, som omfatter seks nye karakterkort.<\/p>\n\n","protected":false},"excerpt":{"rendered":"<p>Projekter Vores seneste projekter Vi har med succes gennemf\u00f8rt mange brugerdefinerede br\u00e6t- og kortspils design, fremstilling og trykning. Tjek venligst nogle af vores seneste projekter, h\u00e5ber de kan give dig lidt inspiration. Sports br\u00e6tspil Leksandspelet Et br\u00e6tspil for fans af Leksands IF (et svensk ishockeyhold) Spillere f\u00e5r chancen for at [&hellip;]<\/p>\n","protected":false},"author":1,"featured_media":0,"parent":0,"menu_order":0,"comment_status":"closed","ping_status":"closed","template":"","meta":{"site-sidebar-layout":"no-sidebar","site-content-layout":"page-builder","ast-site-content-layout":"default","site-content-style":"default","site-sidebar-style":"default","ast-global-header-display":"","ast-banner-title-visibility":"","ast-main-header-display":"","ast-hfb-above-header-display":"","ast-hfb-below-header-display":"","ast-hfb-mobile-header-display":"","site-post-title":"disabled","ast-breadcrumbs-content":"","ast-featured-img":"disabled","footer-sml-layout":"","ast-disable-related-posts":"","theme-transparent-header-meta":"default","adv-header-id-meta":"","stick-header-meta":"default","header-above-stick-meta":"","header-main-stick-meta":"","header-below-stick-meta":"","astra-migrate-meta-layouts":"default","ast-page-background-enabled":"default","ast-page-background-meta":{"desktop":{"background-color":"","background-image":"","background-repeat":"repeat","background-position":"center center","background-size":"auto","background-attachment":"scroll","background-type":"","background-media":"","overlay-type":"","overlay-color":"","overlay-opacity":"","overlay-gradient":""},"tablet":{"background-color":"","background-image":"","background-repeat":"repeat","background-position":"center center","background-size":"auto","background-attachment":"scroll","background-type":"","background-media":"","overlay-type":"","overlay-color":"","overlay-opacity":"","overlay-gradient":""},"mobile":{"background-color":"","background-image":"","background-repeat":"repeat","background-position":"center center","background-size":"auto","background-attachment":"scroll","background-type":"","background-media":"","overlay-type":"","overlay-color":"","overlay-opacity":"","overlay-gradient":""}},"ast-content-background-meta":{"desktop":{"background-color":"var(--ast-global-color-5)","background-image":"","background-repeat":"repeat","background-position":"center center","background-size":"auto","background-attachment":"scroll","background-type":"","background-media":"","overlay-type":"","overlay-color":"","overlay-opacity":"","overlay-gradient":""},"tablet":{"background-color":"var(--ast-global-color-5)","background-image":"","background-repeat":"repeat","background-position":"center center","background-size":"auto","background-attachment":"scroll","background-type":"","background-media":"","overlay-type":"","overlay-color":"","overlay-opacity":"","overlay-gradient":""},"mobile":{"background-color":"var(--ast-global-color-5)","background-image":"","background-repeat":"repeat","background-position":"center center","background-size":"auto","background-attachment":"scroll","background-type":"","background-media":"","overlay-type":"","overlay-color":"","overlay-opacity":"","overlay-gradient":""}},"footnotes":""},"class_list":["post-4443","page","type-page","status-publish","hentry"],"_links":{"self":[{"href":"https:\/\/www.hicreategames.com\/da\/wp-json\/wp\/v2\/pages\/4443","targetHints":{"allow":["GET"]}}],"collection":[{"href":"https:\/\/www.hicreategames.com\/da\/wp-json\/wp\/v2\/pages"}],"about":[{"href":"https:\/\/www.hicreategames.com\/da\/wp-json\/wp\/v2\/types\/page"}],"author":[{"embeddable":true,"href":"https:\/\/www.hicreategames.com\/da\/wp-json\/wp\/v2\/users\/1"}],"replies":[{"embeddable":true,"href":"https:\/\/www.hicreategames.com\/da\/wp-json\/wp\/v2\/comments?post=4443"}],"version-history":[{"count":1,"href":"https:\/\/www.hicreategames.com\/da\/wp-json\/wp\/v2\/pages\/4443\/revisions"}],"predecessor-version":[{"id":24333,"href":"https:\/\/www.hicreategames.com\/da\/wp-json\/wp\/v2\/pages\/4443\/revisions\/24333"}],"wp:attachment":[{"href":"https:\/\/www.hicreategames.com\/da\/wp-json\/wp\/v2\/media?parent=4443"}],"curies":[{"name":"wp","href":"https:\/\/api.w.org\/{rel}","templated":true}]}}