{"id":4445,"date":"2022-04-04T04:59:18","date_gmt":"2022-04-04T04:59:18","guid":{"rendered":"https:\/\/www.hicreategames.com\/vilkaar-og-betingelser\/"},"modified":"2022-05-05T02:42:20","modified_gmt":"2022-05-05T02:42:20","slug":"vilkaar-og-betingelser","status":"publish","type":"page","link":"https:\/\/www.hicreategames.com\/da\/vilkaar-og-betingelser\/","title":{"rendered":"Vilk\u00e5r og Betingelser"},"content":{"rendered":"\n\n\t<h2>Oversigt<\/h2>\n<p>Dette websted drives af HicreateGames. P\u00e5 hele webstedet henviser udtrykkene &#8220;vi&#8221;, &#8220;os&#8221; og &#8220;vores&#8221; til HicreateGames. HicreateGames tilbyder dette websted, herunder alle oplysninger, v\u00e6rkt\u00f8jer og tjenester, der er tilg\u00e6ngelige fra dette websted til dig, brugeren, betinget af at du accepterer alle vilk\u00e5r, betingelser, politikker og meddelelser, der er angivet her.<\/p>\n<p>Ved at bes\u00f8ge vores websted og\/ eller k\u00f8be noget fra os, deltager du i vores &#8220;Service&#8221; og accepterer at v\u00e6re bundet af f\u00f8lgende vilk\u00e5r og betingelser (&#8220;Servicebetingelser&#8221;, &#8220;Vilk\u00e5r&#8221;), herunder disse yderligere vilk\u00e5r og betingelser og politikker refereret heri og\/eller tilg\u00e6ngelig via hyperlink. Disse servicebetingelser g\u00e6lder for alle brugere af webstedet, herunder uden begr\u00e6nsning brugere, der er browsere, leverand\u00f8rer, kunder, forhandlere og\/ eller bidragydere til indhold.<\/p>\n<p>L\u00e6s disse servicebetingelser omhyggeligt, f\u00f8r du \u00e5bner eller bruger vores websted. Ved at f\u00e5 adgang til eller bruge en del af webstedet accepterer du at v\u00e6re bundet af disse servicevilk\u00e5r. Hvis du ikke accepterer alle vilk\u00e5r og betingelser i denne aftale, m\u00e5 du ikke f\u00e5 adgang til webstedet eller bruge nogen tjenester. Hvis disse servicevilk\u00e5r betragtes som et tilbud, er accept udtrykkeligt begr\u00e6nset til disse servicevilk\u00e5r.<\/p>\n<p>Eventuelle nye funktioner eller v\u00e6rkt\u00f8jer, der tilf\u00f8jes til den aktuelle butik, er ogs\u00e5 underlagt servicevilk\u00e5rene. Du kan til enhver tid gennemg\u00e5 den nyeste version af servicevilk\u00e5rene p\u00e5 denne side. Vi forbeholder os retten til at opdatere, \u00e6ndre eller erstatte enhver del af disse servicevilk\u00e5r ved at offentligg\u00f8re opdateringer og\/eller \u00e6ndringer p\u00e5 vores websted. Det er dit ansvar at tjekke denne side med j\u00e6vne mellemrum for \u00e6ndringer. Din fortsatte brug af eller adgang til webstedet efter offentligg\u00f8relsen af \u200b\u200beventuelle \u00e6ndringer udg\u00f8r accept af disse \u00e6ndringer.<\/p>\n<p>Vores butik er hostet p\u00e5 Shopify Inc. De giver os en online e-handelsplatform, der giver os mulighed for at s\u00e6lge vores produkter og tjenester til dig.<\/p>\n<h2>Afsnit 1 &#8211; Betingelser for onlinebutikker<\/h2>\n<p>Ved at acceptere disse servicevilk\u00e5r repr\u00e6senterer du, at du mindst er myndighedsalder i din bop\u00e6lsstat eller -provins, eller at du er myndighedsalder i din stat eller bop\u00e6l, og du har givet os dit samtykke til tillade enhver af dine mindre afh\u00e6ngige at bruge dette websted.<\/p>\n<p>Du m\u00e5 ikke bruge vores produkter til ulovlige eller uautoriserede form\u00e5l, og du m\u00e5 heller ikke under brugen af \u200b\u200btjenesten overtr\u00e6de love i din jurisdiktion (herunder, men ikke begr\u00e6nset til, love om ophavsret).<\/p>\n<p>Du m\u00e5 ikke overf\u00f8re orme eller vira eller nogen kode af destruktiv art.<\/p>\n<p>Et brud p\u00e5 eller overtr\u00e6delse af vilk\u00e5rene vil medf\u00f8re en \u00f8jeblikkelig afslutning af dine tjenester.<\/p>\n<h2>Afsnit 2 &#8211; Generelle betingelser<\/h2>\n<p>Vi forbeholder os retten til n\u00e5r som helst at n\u00e6gte service til nogen af \u200b\u200benhver grund.<\/p>\n<p>Du forst\u00e5r, at dit indhold (ikke inklusive kreditkortoplysninger) kan overf\u00f8res ukrypteret og involvere (a) transmissioner over forskellige netv\u00e6rk; og (b) \u00e6ndringer for at tilpasse sig og tilpasse sig de tekniske krav til tilslutning af netv\u00e6rk eller enheder. Kreditkortoplysninger krypteres altid under overf\u00f8rsel over netv\u00e6rk.<\/p>\n<p>Du accepterer ikke at reproducere, kopiere, kopiere, s\u00e6lge, videres\u00e6lge eller udnytte nogen del af Tjenesten, brug af Tjenesten eller adgang til Tjenesten eller enhver kontakt p\u00e5 det websted, som tjenesten leveres gennem, uden udtrykkelig skriftlig tilladelse fra os .<\/p>\n<p>Overskrifterne i denne aftale er kun inkluderet for nemheds skyld og vil ikke begr\u00e6nse eller p\u00e5 anden m\u00e5de p\u00e5virke disse vilk\u00e5r.<\/p>\n<h2>Afsnit 3 &#8211; N\u00f8jagtighed, fuldst\u00e6ndighed og rettidig information<\/h2>\n<p>Vi er ikke ansvarlige, hvis oplysninger, der stilles til r\u00e5dighed p\u00e5 dette websted, ikke er n\u00f8jagtige, fuldst\u00e6ndige eller aktuelle. Materialet p\u00e5 dette websted er udelukkende til generel information og b\u00f8r ikke p\u00e5ber\u00e5bes eller bruges som det eneste grundlag for at tr\u00e6ffe beslutninger uden at konsultere prim\u00e6re, mere pr\u00e6cise, mere komplette eller mere rettidige informationskilder. Enhver afh\u00e6ngighed af materialet p\u00e5 dette websted er p\u00e5 egen risiko.<\/p>\n<p>Dette websted kan indeholde visse historiske oplysninger. Historiske oplysninger er n\u00f8dvendigvis ikke aktuelle og er kun til reference. Vi forbeholder os retten til n\u00e5r som helst at \u00e6ndre indholdet p\u00e5 dette websted, men vi har ingen forpligtelse til at opdatere oplysninger om vores websted. Du accepterer, at det er dit ansvar at overv\u00e5ge \u00e6ndringer af vores websted.<\/p>\n<h2>Afsnit 4 &#8211; \u00c6ndringer i service og priser<\/h2>\n<p>Priserne p\u00e5 vores produkter kan \u00e6ndres uden varsel.<\/p>\n<p>Vi forbeholder os retten til n\u00e5r som helst at \u00e6ndre eller afbryde tjenesten (eller en del eller indhold heraf) uden varsel til enhver tid.<\/p>\n<p>Vi h\u00e6fter ikke over for dig eller tredjemand for \u00e6ndringer, pris\u00e6ndringer, suspension eller afbrydelse af tjenesten.<\/p>\n<h2>Afsnit 5 &#8211; Produkter eller tjenester (hvis det er relevant)<\/h2>\n<p>Visse produkter eller tjenester er muligvis udelukkende tilg\u00e6ngelige online via webstedet. Disse produkter eller tjenester kan have begr\u00e6nsede m\u00e6ngder og kan kun returneres eller byttes i henhold til vores returpolitik.<\/p>\n<p>Vi har gjort alt for at vise farverne og billederne af vores produkter s\u00e5 pr\u00e6cist som muligt i butikken. Vi kan ikke garantere, at din computersk\u00e6rms visning af enhver farve er n\u00f8jagtig.<\/p>\n<p>Vi forbeholder os retten, men er ikke forpligtet til at begr\u00e6nse salget af vores produkter eller tjenester til nogen person, geografisk region eller jurisdiktion. Vi kan ud\u00f8ve denne ret fra sag til sag. Vi forbeholder os retten til at begr\u00e6nse m\u00e6ngderne af alle produkter eller tjenester, vi tilbyder. Alle beskrivelser af produkter eller produktpriser kan til enhver tid \u00e6ndres uden varsel efter eget sk\u00f8n. Vi forbeholder os retten til n\u00e5r som helst at afbryde ethvert produkt. Ethvert tilbud p\u00e5 ethvert produkt eller service, der foretages p\u00e5 dette websted, er ugyldigt, hvor det er forbudt.<\/p>\n<p>Vi garanterer ikke, at kvaliteten af \u200b\u200bnogen produkter, tjenester, oplysninger eller andet materiale k\u00f8bt eller opn\u00e5et af dig vil opfylde dine forventninger, eller at eventuelle fejl i tjenesten vil blive rettet.<\/p>\n<h2>Afsnit 6 &#8211; N\u00f8jagtighed i fakturering og kontooplysninger<\/h2>\n<p>Vi forbeholder os retten til at n\u00e6gte enhver ordre, du afgiver hos os. Vi kan efter eget sk\u00f8n begr\u00e6nse eller annullere k\u00f8bte m\u00e6ngder pr. Person, pr. Husstand eller pr. Ordre. Disse begr\u00e6nsninger kan omfatte ordrer foretaget af eller under den samme kundekonto, det samme kreditkort og\/eller ordrer, der bruger den samme fakturerings- og\/eller forsendelsesadresse. I tilf\u00e6lde af at vi foretager en \u00e6ndring af eller annullerer en ordre, kan vi fors\u00f8ge at give dig besked ved at kontakte e -mail og\/eller faktureringsadresse\/telefonnummer, der blev oplyst p\u00e5 det tidspunkt, hvor ordren blev foretaget. Vi forbeholder os retten til at begr\u00e6nse eller forbyde ordrer, der efter vores egen vurdering synes at v\u00e6re placeret af forhandlere, forhandlere eller distribut\u00f8rer.<\/p>\n<p>Du accepterer at give aktuelle, fuldst\u00e6ndige og pr\u00e6cise k\u00f8bs- og kontooplysninger for alle k\u00f8b foretaget i vores butik. Du accepterer straks at opdatere din konto og andre oplysninger, herunder din e -mail -adresse og kreditkortnumre og udl\u00f8bsdatoer, s\u00e5 vi kan gennemf\u00f8re dine transaktioner og kontakte dig efter behov.<\/p>\n<p>For flere detaljer, bedes du l\u00e6se vores returpolitik.<\/p>\n<h2>Afsnit 7 &#8211; Valgfrit v\u00e6rkt\u00f8j<\/h2>\nVi kan give dig adgang til tredjepartsv\u00e6rkt\u00f8jer, som vi hverken overv\u00e5ger eller har kontrol eller input over.<br \/>\nDu anerkender og accepterer, at vi giver adgang til s\u00e5danne v\u00e6rkt\u00f8jer &#8220;som de er&#8221; og &#8220;som tilg\u00e6ngelige&#8221; uden nogen form for garantier, repr\u00e6sentationer eller betingelser af nogen art og uden nogen godkendelse. Vi p\u00e5tager os intet ansvar som f\u00f8lge af eller i forbindelse med din brug af valgfrie tredjepartsv\u00e6rkt\u00f8jer.\n<p>Enhver brug af dig af valgfrie v\u00e6rkt\u00f8jer, der tilbydes via webstedet, er helt p\u00e5 egen risiko og sk\u00f8n, og du b\u00f8r sikre, at du er bekendt med og godkender vilk\u00e5rene for hvilke v\u00e6rkt\u00f8jer, der leveres af de relevante tredjepartsudbyder (er).<\/p>\n<p>Vi kan ogs\u00e5 i fremtiden tilbyde nye tjenester og\/eller funktioner via webstedet (herunder frigivelse af nye v\u00e6rkt\u00f8jer og ressourcer). S\u00e5danne nye funktioner og\/eller tjenester er ogs\u00e5 underlagt disse servicevilk\u00e5r.<\/p>\n<h2>Afsnit 8-Tredjeparts links<\/h2>\n<p>Noget indhold, produkter og tjenester, der er tilg\u00e6ngelige via vores service, kan omfatte materialer fra tredjeparter.<\/p>\n<p>Tredjeparts links p\u00e5 dette websted kan lede dig til tredjeparts websteder, der ikke er tilknyttet os. Vi er ikke ansvarlige for at unders\u00f8ge eller evaluere indholdet eller n\u00f8jagtigheden, og vi garanterer ikke og vil ikke have noget ansvar eller ansvar for tredjeparts materialer eller websteder eller for andre materialer, produkter eller tjenester fra tredjeparter.<\/p>\n<p>Vi er ikke ansvarlige for nogen skade eller skader i forbindelse med k\u00f8b eller brug af varer, tjenester, ressourcer, indhold eller andre transaktioner, der foretages i forbindelse med tredjepartswebsteder. Gennemg\u00e5 omhyggeligt tredjeparts politikker og praksis, og s\u00f8rg for at forst\u00e5 dem, f\u00f8r du foretager en transaktion. Klager, krav, bekymringer eller sp\u00f8rgsm\u00e5l vedr\u00f8rende tredjepartsprodukter skal rettes til tredjepart.<\/p>\n<h2>Afsnit 9 &#8211; Brugerkommentarer, feedback og andre indsendelser<\/h2>\n<p>Hvis du p\u00e5 vores anmodning sender bestemte bestemte bidrag (f.eks. Konkurrenceindl\u00e6g) eller uden anmodning fra os sender du kreative ideer, forslag, forslag, planer eller andet materiale, hvad enten det er online, via e -mail, med post eller p\u00e5 anden m\u00e5de ( i f\u00e6llesskab, &#8216;kommentarer), accepterer du, at vi til enhver tid uden begr\u00e6nsninger kan redigere, kopiere, offentligg\u00f8re, distribuere, overs\u00e6tte og p\u00e5 anden m\u00e5de bruge ethvert medium, som du videresender til os. Vi er og er ikke forpligtede (1) til at bevare eventuelle kommentarer i fortrolighed; (2) at betale kompensation for eventuelle kommentarer eller (3) for at svare p\u00e5 eventuelle kommentarer.<\/p>\n<p>Vi m\u00e5, men har ingen forpligtelse til, at overv\u00e5ge, redigere eller fjerne indhold, som vi efter eget sk\u00f8n fastsl\u00e5r er ulovligt, kr\u00e6nkende, truende, \u00e6rekr\u00e6nkende, \u00e6rekr\u00e6nkende, pornografisk, uanst\u00e6ndigt eller p\u00e5 anden m\u00e5de st\u00f8dende eller kr\u00e6nker en parts intellektuelle ejendomsret eller disse vilk\u00e5r for Service.<\/p>\n<p>Du accepterer, at dine kommentarer ikke kr\u00e6nker nogen tredjeparts rettigheder, herunder ophavsret, varem\u00e6rker, privatliv, personlighed eller andre personlige eller ejendomsrettigheder. Du accepterer endvidere, at dine kommentarer ikke vil indeholde injurierende eller p\u00e5 anden m\u00e5de ulovligt, kr\u00e6nkende eller uanst\u00e6ndigt materiale eller indeholde computervirus eller anden malware, der p\u00e5 nogen m\u00e5de kan p\u00e5virke tjenesten eller et relateret websted. Du m\u00e5 ikke bruge en falsk e-mail-adresse, foregive at v\u00e6re en anden end dig selv eller p\u00e5 anden m\u00e5de vildlede os eller tredjeparter med hensyn til oprindelsen af \u200b\u200beventuelle kommentarer. Du er eneansvarlig for eventuelle kommentarer, du foretager, og deres n\u00f8jagtighed. Vi p\u00e5tager os intet ansvar og p\u00e5tager os intet ansvar for kommentarer sendt af dig eller tredjepart.<\/p>\n<h2>Afsnit 10 &#8211; Personlige oplysninger<\/h2>\n<p>Din indsendelse af personlige oplysninger via butikken er underlagt vores fortrolighedspolitik. For at se vores fortrolighedspolitik.<\/p>\n<h2>Afsnit 11 &#8211; Fejl, un\u00f8jagtigheder og mangler<\/h2>\n<p>Nogle gange kan der v\u00e6re oplysninger p\u00e5 vores websted eller i tjenesten, der indeholder typografiske fejl, un\u00f8jagtigheder eller mangler, der kan vedr\u00f8re produktbeskrivelser, priser, kampagner, tilbud, produktforsendelsesgebyrer, transporttider og tilg\u00e6ngelighed. Vi forbeholder os retten til at rette eventuelle fejl, un\u00f8jagtigheder eller mangler og til at \u00e6ndre eller opdatere oplysninger eller annullere ordrer, hvis oplysninger i tjenesten eller p\u00e5 et relateret websted til enhver tid er un\u00f8jagtige uden forudg\u00e5ende varsel.<\/p>\n<p>Vi p\u00e5tager os ingen forpligtelse til at opdatere, \u00e6ndre eller pr\u00e6cisere oplysninger i tjenesten eller p\u00e5 et relateret websted, herunder uden begr\u00e6nsning, prisoplysninger, undtagen som kr\u00e6vet ved lov. Ingen specificeret opdaterings- eller opdateringsdato, der anvendes i tjenesten eller p\u00e5 et relateret websted, b\u00f8r tages for at angive, at alle oplysninger i tjenesten eller p\u00e5 et relateret websted er blevet \u00e6ndret eller opdateret.<\/p>\n<h2>Afsnit 12 &#8211; Forbudt brug<\/h2>\n<p>Ud over andre forbud som angivet i servicevilk\u00e5rene er det forbudt at bruge webstedet eller dets indhold:<\/p>\n<ul>\n<li>(a) til ethvert ulovligt form\u00e5l<\/li>\n<li>(b) at anmode andre om at udf\u00f8re eller deltage i ulovlige handlinger;<\/li>\n<li>(c) at overtr\u00e6de internationale, f\u00f8derale, provinsielle eller statslige forskrifter, regler, love eller lokale forordninger;<\/li>\n<li>(d) at kr\u00e6nke eller kr\u00e6nke vores intellektuelle ejendomsrettigheder eller andres intellektuelle ejendomsrettigheder;<\/li>\n<li>(e) at chikanere, misbruge, forn\u00e6rme, skade, \u00e6rekr\u00e6nke, bagvaskelse, neds\u00e6tte, skr\u00e6mme eller diskriminere p\u00e5 grund af k\u00f8n, seksuel orientering, religion, etnicitet, race, alder, national oprindelse eller handicap<\/li>\n<li>(f) at indsende falske eller vildledende oplysninger<\/li>\n<li>(g) at uploade eller transmittere vira eller andre former for ondsindet kode, der vil eller kan blive brugt p\u00e5 nogen m\u00e5de, der p\u00e5virker funktionaliteten eller driften af \u200b\u200bTjenesten eller et relateret websted, andre websteder eller Internettet;<\/li>\n<li>(h) at indsamle eller spore andres personlige oplysninger<\/li>\n<li>(i) til spam, phish, pharm, p\u00e5skud, edderkop, crawl eller skrabe;<\/li>\n<li>(j) til ethvert uanst\u00e6ndigt eller umoralsk form\u00e5l;<\/li>\n<li>(k) at forstyrre eller omg\u00e5 sikkerhedsfunktionerne i Tjenesten eller et relateret websted, andre websteder eller Internettet. Vi forbeholder os retten til at afslutte din brug af tjenesten eller et relateret websted for overtr\u00e6delse af nogen af \u200b\u200bde forbudte anvendelser.<\/li>\n<\/ul>\n<h2>Afsnit 13 &#8211; Ansvarsfraskrivelse; Ansvarsbegr\u00e6nsning<\/h2>\n<p>Vi garanterer, repr\u00e6senterer eller garanterer ikke, at din brug af vores service vil v\u00e6re uafbrudt, rettidig, sikker eller fejlfri. Vi garanterer ikke, at de resultater, der kan opn\u00e5s ved brug af tjenesten, vil v\u00e6re n\u00f8jagtige eller p\u00e5lidelige.<\/p>\n<p>Du accepterer, at vi fra tid til anden kan fjerne tjenesten p\u00e5 ubestemt tid eller annullere tjenesten n\u00e5r som helst uden varsel til dig.<\/p>\n<p>Du accepterer udtrykkeligt, at din brug af eller manglende evne til at bruge tjenesten er p\u00e5 egen risiko. Tjenesten og alle produkter og tjenester leveret til dig gennem tjenesten leveres (undtagen som udtrykkeligt angivet af os) &#8216;som den er&#8217; og &#8216;som tilg\u00e6ngelig til din brug, uden nogen form for repr\u00e6sentation, garantier eller vilk\u00e5r af nogen art, enten udtrykkeligt eller underforst\u00e5et, herunder alle underforst\u00e5ede garantier eller betingelser for salgbarhed, salgbar kvalitet, egnethed til et bestemt form\u00e5l, holdbarhed, ejendomsret og ikke-kr\u00e6nkelse.<\/p>\n<p>HicreateGames, vores direkt\u00f8rer, officerer, medarbejdere, associerede selskaber, agenter, entrepren\u00f8rer, praktikanter, leverand\u00f8rer, tjenesteudbydere eller licensgivere er under ingen omst\u00e6ndigheder ansvarlige for skader, tab, krav eller direkte, indirekte, tilf\u00e6ldige, straffende, s\u00e6rlige, eller f\u00f8lgeskader af enhver art, herunder, uden begr\u00e6nsning tabt fortjeneste, tabt indt\u00e6gt, tabt besparelse, tab af data, erstatningsomkostninger eller lignende skader, uanset om det er baseret p\u00e5 kontrakt, tort (herunder uagtsomhed), strengt ansvar eller p\u00e5 anden m\u00e5de som f\u00f8lge af din brug af nogen af \u200b\u200btjenesterne eller produkter, der anskaffes ved hj\u00e6lp af tjenesten, eller for ethvert andet krav, der p\u00e5 nogen m\u00e5de er relateret til din brug af tjenesten eller et produkt, herunder, men ikke begr\u00e6nset til, eventuelle fejl eller mangler i indhold, eller ethvert tab eller beskadigelse af enhver art, der er opst\u00e5et som f\u00f8lge af brugen af \u200b\u200btjenesten eller ethvert indhold (eller produkt), der er lagt ud, transmitteret eller p\u00e5 anden m\u00e5de gjort tilg\u00e6ngeligt via tjenesten, selvom de informeres om deres mulighed. Fordi nogle stater eller jurisdiktioner ikke tillader udelukkelse eller begr\u00e6nsning af ansvaret for f\u00f8lgeskader eller tilf\u00e6ldige skader, i s\u00e5danne stater eller jurisdiktioner, er vores ansvar begr\u00e6nset til det maksimale omfang, der er tilladt ved lov.<\/p>\n<h2>Afsnit 14 &#8211; Skadesl\u00f8sholdelse<\/h2>\n<p>Du accepterer at skadesl\u00f8sholde, forsvare og holde HicreateGames og vores moderselskab, datterselskaber, datterselskaber, partnere, officerer, direkt\u00f8rer, agenter, entrepren\u00f8rer, licensgivere, serviceudbydere, underleverand\u00f8rer, leverand\u00f8rer, praktikanter og ansatte, ufarlige fra ethvert krav eller krav, herunder rimelige advokatgebyrer, foretaget af en tredjepart p\u00e5 grund af eller som f\u00f8lge af din overtr\u00e6delse af disse servicevilk\u00e5r eller de dokumenter, de inkorporerer som reference eller din overtr\u00e6delse af enhver lov eller tredjemands rettigheder.<\/p>\n<h2>Afsnit 15 &#8211; Adskillelighed<\/h2>\n<p>I tilf\u00e6lde af at en bestemmelse i disse servicevilk\u00e5r fastsl\u00e5s at v\u00e6re ulovlig, ugyldig eller ikke kan h\u00e5ndh\u00e6ves, skal denne bestemmelse ikke desto mindre kunne h\u00e5ndh\u00e6ves i det omfang det er tilladt i henhold til g\u00e6ldende lov, og den ikke -h\u00e5ndh\u00e6velige del anses for at v\u00e6re adskilt fra disse vilk\u00e5r af tjenesten, p\u00e5virker en s\u00e5dan afg\u00f8relse ikke gyldigheden og h\u00e5ndh\u00e6velsen af \u200b\u200bandre resterende bestemmelser.<\/p>\n<h2>Afdeling 16 &#8211; Opsigelse<\/h2>\n<p>Parternes forpligtelser og forpligtelser, der var p\u00e5l\u00f8bet f\u00f8r opsigelsesdatoen, skal overleve opsigelsen af \u200b\u200bdenne aftale til alle form\u00e5l.<\/p>\nDisse servicevilk\u00e5r er g\u00e6ldende, medmindre og indtil de opsiges af enten dig eller os. Du kan til enhver tid opsige disse servicevilk\u00e5r ved at underrette os om, at du ikke l\u00e6ngere \u00f8nsker at bruge vores tjenester, eller n\u00e5r du holder op med at bruge vores websted.<br \/>\nHvis du efter vores egen vurdering undlader, eller vi har mistanke om, at du har undladt at overholde vilk\u00e5r eller bestemmelser i disse servicevilk\u00e5r, kan vi ogs\u00e5 opsige denne aftale n\u00e5r som helst uden varsel, og du vil fortsat v\u00e6re ansvarlig for alle skyldige bel\u00f8b til og med datoen for opsigelsen og\/eller i overensstemmelse hermed kan n\u00e6gte dig adgang til vores tjenester (eller en del heraf).\n<h2>Afsnit 17 &#8211; Hele aftalen<\/h2>\n<p>Manglende evne til at ud\u00f8ve eller h\u00e5ndh\u00e6ve nogen rettigheder eller bestemmelser i disse servicebetingelser udg\u00f8r ikke et afkald p\u00e5 en s\u00e5dan ret eller bestemmelse.<\/p>\n<p>Disse servicebetingelser og alle politikker eller driftsregler, der er lagt ud af os p\u00e5 dette websted eller i forbindelse med tjenesten, udg\u00f8r hele aftalen og forst\u00e5elsen mellem dig og os og styrer din brug af tjenesten, der erstatter tidligere eller samtidige aftaler, kommunikation og forslag, mundtlige eller skriftlige, mellem dig og os (herunder, men ikke begr\u00e6nset til, tidligere versioner af servicevilk\u00e5rene).<\/p>\n<p>Eventuelle uklarheder i fortolkningen af \u200b\u200bdisse servicevilk\u00e5r m\u00e5 ikke tolkes over for den opstillende part.<\/p>\n<h2>Afdeling 18 &#8211; Lovgivning<\/h2>\n<p>Disse servicebetingelser og eventuelle separate aftaler, hvorved vi leverer dig tjenester, er underlagt og fortolket i overensstemmelse med lovgivningen i Kina.<\/p>\n<h2>Afsnit 19 &#8211; \u00c6ndringer af servicevilk\u00e5r<\/h2>\n<p>Du kan til enhver tid gennemg\u00e5 den nyeste version af servicevilk\u00e5rene p\u00e5 denne side.<\/p>\n<p>Vi forbeholder os retten til efter eget sk\u00f8n at opdatere, \u00e6ndre eller erstatte enhver del af disse servicevilk\u00e5r ved at offentligg\u00f8re opdateringer og \u00e6ndringer p\u00e5 vores websted. Det er dit ansvar at tjekke vores websted med j\u00e6vne mellemrum for \u00e6ndringer.<\/p>\n<p>Din fortsatte brug af eller adgang til vores websted eller tjenesten efter offentligg\u00f8relsen af \u200b\u200beventuelle \u00e6ndringer i disse servicevilk\u00e5r udg\u00f8r accept af disse \u00e6ndringer.<\/p>\n\n","protected":false},"excerpt":{"rendered":"<p>Oversigt Dette websted drives af HicreateGames. P\u00e5 hele webstedet henviser udtrykkene &#8220;vi&#8221;, &#8220;os&#8221; og &#8220;vores&#8221; til HicreateGames. HicreateGames tilbyder dette websted, herunder alle oplysninger, v\u00e6rkt\u00f8jer og tjenester, der er tilg\u00e6ngelige fra dette websted til dig, brugeren, betinget af at du accepterer alle vilk\u00e5r, betingelser, politikker og meddelelser, der er angivet [&hellip;]<\/p>\n","protected":false},"author":1,"featured_media":0,"parent":0,"menu_order":0,"comment_status":"closed","ping_status":"closed","template":"","meta":{"site-sidebar-layout":"no-sidebar","site-content-layout":"page-builder","ast-site-content-layout":"default","site-content-style":"default","site-sidebar-style":"default","ast-global-header-display":"","ast-banner-title-visibility":"","ast-main-header-display":"","ast-hfb-above-header-display":"","ast-hfb-below-header-display":"","ast-hfb-mobile-header-display":"","site-post-title":"disabled","ast-breadcrumbs-content":"","ast-featured-img":"disabled","footer-sml-layout":"","ast-disable-related-posts":"","theme-transparent-header-meta":"default","adv-header-id-meta":"","stick-header-meta":"default","header-above-stick-meta":"","header-main-stick-meta":"","header-below-stick-meta":"","astra-migrate-meta-layouts":"default","ast-page-background-enabled":"default","ast-page-background-meta":{"desktop":{"background-color":"","background-image":"","background-repeat":"repeat","background-position":"center center","background-size":"auto","background-attachment":"scroll","background-type":"","background-media":"","overlay-type":"","overlay-color":"","overlay-opacity":"","overlay-gradient":""},"tablet":{"background-color":"","background-image":"","background-repeat":"repeat","background-position":"center center","background-size":"auto","background-attachment":"scroll","background-type":"","background-media":"","overlay-type":"","overlay-color":"","overlay-opacity":"","overlay-gradient":""},"mobile":{"background-color":"","background-image":"","background-repeat":"repeat","background-position":"center center","background-size":"auto","background-attachment":"scroll","background-type":"","background-media":"","overlay-type":"","overlay-color":"","overlay-opacity":"","overlay-gradient":""}},"ast-content-background-meta":{"desktop":{"background-color":"var(--ast-global-color-5)","background-image":"","background-repeat":"repeat","background-position":"center center","background-size":"auto","background-attachment":"scroll","background-type":"","background-media":"","overlay-type":"","overlay-color":"","overlay-opacity":"","overlay-gradient":""},"tablet":{"background-color":"var(--ast-global-color-5)","background-image":"","background-repeat":"repeat","background-position":"center center","background-size":"auto","background-attachment":"scroll","background-type":"","background-media":"","overlay-type":"","overlay-color":"","overlay-opacity":"","overlay-gradient":""},"mobile":{"background-color":"var(--ast-global-color-5)","background-image":"","background-repeat":"repeat","background-position":"center center","background-size":"auto","background-attachment":"scroll","background-type":"","background-media":"","overlay-type":"","overlay-color":"","overlay-opacity":"","overlay-gradient":""}},"footnotes":""},"class_list":["post-4445","page","type-page","status-publish","hentry"],"_links":{"self":[{"href":"https:\/\/www.hicreategames.com\/da\/wp-json\/wp\/v2\/pages\/4445","targetHints":{"allow":["GET"]}}],"collection":[{"href":"https:\/\/www.hicreategames.com\/da\/wp-json\/wp\/v2\/pages"}],"about":[{"href":"https:\/\/www.hicreategames.com\/da\/wp-json\/wp\/v2\/types\/page"}],"author":[{"embeddable":true,"href":"https:\/\/www.hicreategames.com\/da\/wp-json\/wp\/v2\/users\/1"}],"replies":[{"embeddable":true,"href":"https:\/\/www.hicreategames.com\/da\/wp-json\/wp\/v2\/comments?post=4445"}],"version-history":[{"count":0,"href":"https:\/\/www.hicreategames.com\/da\/wp-json\/wp\/v2\/pages\/4445\/revisions"}],"wp:attachment":[{"href":"https:\/\/www.hicreategames.com\/da\/wp-json\/wp\/v2\/media?parent=4445"}],"curies":[{"name":"wp","href":"https:\/\/api.w.org\/{rel}","templated":true}]}}