{"id":8240,"date":"2022-12-02T09:09:52","date_gmt":"2022-12-02T09:09:52","guid":{"rendered":"https:\/\/www.hicreategames.com\/specialfremstillet-spillekort\/"},"modified":"2025-08-29T09:29:42","modified_gmt":"2025-08-29T09:29:42","slug":"specialfremstillet-spillekort","status":"publish","type":"page","link":"https:\/\/www.hicreategames.com\/da\/specialfremstillet-spillekort\/","title":{"rendered":"Specialfremstillet Spillekort"},"content":{"rendered":"\n<h3>\n\t\t\tTilpas og Print Dine Pokerkort\t<\/h3>\n\t<p>Vi er specialister i trykning af spillekort i h\u00f8j kvalitet med fuld fleksibilitet med hensyn til design, st\u00f8rrelse, materiale, finish og emballage.<\/p>\n\t\t\t<a href=\"#\" role=\"button\">\n\t\t\t\t\t\t\tF\u00e5 et Gratis Tilbud\n\t\t\t\t\t<\/a>\n\t\t\t\n<div class=\"wpcf7 no-js\" id=\"wpcf7-f4188-o1\" lang=\"da-DK\" dir=\"ltr\" data-wpcf7-id=\"4188\">\n<div class=\"screen-reader-response\"><p role=\"status\" aria-live=\"polite\" aria-atomic=\"true\"><\/p> <ul><\/ul><\/div>\n<form action=\"\/da\/wp-json\/wp\/v2\/pages\/8240#wpcf7-f4188-o1\" method=\"post\" class=\"wpcf7-form init\" aria-label=\"Kontaktformular\" enctype=\"multipart\/form-data\" novalidate=\"novalidate\" data-status=\"init\">\n<fieldset class=\"hidden-fields-container\"><input type=\"hidden\" name=\"_wpcf7\" value=\"4188\" \/><input type=\"hidden\" name=\"_wpcf7_version\" value=\"6.1.5\" \/><input type=\"hidden\" name=\"_wpcf7_locale\" value=\"da_DK\" \/><input type=\"hidden\" name=\"_wpcf7_unit_tag\" value=\"wpcf7-f4188-o1\" \/><input type=\"hidden\" name=\"_wpcf7_container_post\" value=\"0\" \/><input type=\"hidden\" name=\"_wpcf7_posted_data_hash\" value=\"\" \/><input type=\"hidden\" name=\"_wpcf7_recaptcha_response\" value=\"\" \/>\n<\/fieldset>\n<p><label> Dit navn<br \/>\n<span class=\"wpcf7-form-control-wrap\" data-name=\"your-name\"><input size=\"40\" maxlength=\"400\" class=\"wpcf7-form-control wpcf7-text wpcf7-validates-as-required\" aria-required=\"true\" aria-invalid=\"false\" value=\"\" type=\"text\" name=\"your-name\" \/><\/span> <\/label>\n<\/p>\n<p><label> Din email<br \/>\n<span class=\"wpcf7-form-control-wrap\" data-name=\"your-email\"><input size=\"40\" maxlength=\"400\" class=\"wpcf7-form-control wpcf7-email wpcf7-validates-as-required wpcf7-text wpcf7-validates-as-email\" aria-required=\"true\" aria-invalid=\"false\" value=\"\" type=\"email\" name=\"your-email\" \/><\/span> <\/label>\n<\/p>\n<p><label> Minimum Ordrem\u00e6ngde<br \/>\n<span class=\"wpcf7-form-control-wrap\" data-name=\"menu-734\"><select class=\"wpcf7-form-control wpcf7-select wpcf7-validates-as-required\" aria-required=\"true\" aria-invalid=\"false\" name=\"menu-734\"><option value=\"\">&#8212;V\u00e6lg venligst en mulighed&#8212;<\/option><option value=\"300\">300<\/option><option value=\"500\">500<\/option><option value=\"1000\">1000<\/option><\/select><\/span> <\/label>\n<\/p>\n<p><label> Din besked<br \/>\n<span class=\"wpcf7-form-control-wrap\" data-name=\"your-message\"><textarea cols=\"40\" rows=\"10\" maxlength=\"2000\" class=\"wpcf7-form-control wpcf7-textarea wpcf7-validates-as-required\" aria-required=\"true\" aria-invalid=\"false\" name=\"your-message\"><\/textarea><\/span> <\/label>\n<\/p>\n<p><label> Din fil (valgfrit)<br \/>\n<span class=\"wpcf7-form-control-wrap\" data-name=\"file-978\"><input size=\"40\" class=\"wpcf7-form-control wpcf7-file\" accept=\"audio\/*,video\/*,image\/*\" aria-invalid=\"false\" type=\"file\" name=\"file-978\" \/><\/span> <\/label>\n<\/p>\n<p><span class=\"wpcf7-form-control-wrap\" data-name=\"quiz-747\"><label><span class=\"wpcf7-quiz-label\">2+6=?<\/span> <input size=\"40\" class=\"wpcf7-form-control wpcf7-quiz\" autocomplete=\"off\" aria-required=\"true\" aria-invalid=\"false\" type=\"text\" name=\"quiz-747\" \/><\/label><input type=\"hidden\" name=\"_wpcf7_quiz_answer_quiz-747\" value=\"34fe0dce70d770da3a4b02c0e1fa88fe\" \/><\/span>\n<\/p>\n<p><input class=\"wpcf7-form-control wpcf7-submit has-spinner\" type=\"submit\" value=\"Indsend\" \/>\n<\/p><div class=\"wpcf7-response-output\" aria-hidden=\"true\"><\/div>\n<\/form>\n<\/div>\n\t\t\n\t<h3>\n\t\t\t\tSt\u00f8rrelse p\u00e5 Pokerkort\n\t\t\t<\/h3>\n\t\t\t\t<img decoding=\"async\" src=\"https:\/\/www.hicreategames.com\/wp-content\/uploads\/2022\/12\/Mini-Playing-Cards.jpg\" alt=\"Mini St\u00f8rrelse\" itemprop=\"image\" height=\"500\" width=\"500\" title=\"Mini St\u00f8rrelse\" onerror=\"this.style.display='none'\" loading=\"lazy\" \/>\n\t<h5>\n\t\t\t\tMini St\u00f8rrelse\n\t\t\t<\/h5>\n\t\t\t<p>Disse spillekort i minist\u00f8rrelse er b\u00e6rbare med en bredde mellem 3,2-3,7 cm og en l\u00e6ngde mellem 6-8,7 cm.<\/p>\t\n\t\t\t\t<img decoding=\"async\" src=\"https:\/\/www.hicreategames.com\/wp-content\/uploads\/2022\/12\/Bridge-Size-Playing-Cards.jpg\" alt=\"Bro St\u00f8rrelse\" itemprop=\"image\" height=\"500\" width=\"500\" title=\"Bro St\u00f8rrelse\" onerror=\"this.style.display='none'\" loading=\"lazy\" \/>\n\t<h5>\n\t\t\t\tBro St\u00f8rrelse\n\t\t\t<\/h5>\n\t\t\t<p>Dette er den mest almindelige spillekortst\u00f8rrelse (5,7*8,8 cm), som sikrede komforten for spillere med 13 kort.<\/p>\t\n\t\t\t\t<img decoding=\"async\" src=\"https:\/\/www.hicreategames.com\/wp-content\/uploads\/2022\/12\/Poker-Playing-Card.jpg\" alt=\"Poker St\u00f8rrelse\" itemprop=\"image\" height=\"500\" width=\"500\" title=\"Poker St\u00f8rrelse\" onerror=\"this.style.display='none'\" loading=\"lazy\" \/>\n\t<h5>\n\t\t\t\tPoker St\u00f8rrelse\n\t\t\t<\/h5>\n\t\t\t<p>Som spillekort i standardst\u00f8rrelse (6,3*8,8 cm) er det velegnet til internationale pokerkonkurrencer.<\/p>\t\n\t\t\t\t<img decoding=\"async\" src=\"https:\/\/www.hicreategames.com\/wp-content\/uploads\/2022\/12\/Jumbo-Size-Playing-Cards.jpg\" alt=\"Jumbo St\u00f8rrelse\" itemprop=\"image\" height=\"500\" width=\"500\" title=\"Jumbo St\u00f8rrelse\" onerror=\"this.style.display='none'\" loading=\"lazy\" \/>\n\t<h5>\n\t\t\t\tJumbo St\u00f8rrelse\n\t\t\t<\/h5>\n\t\t\t<p>Spillekort i denne jumbo-st\u00f8rrelse er ofte tilpasset til lejligheder som s\u00e6rlige forestillinger og visninger.<\/p>\t\n\t<h3>\n\t\t\t\tPokerkort Materialer\n\t\t\t<\/h3>\n\t\t\t<p>Fra prisbilligt papir, plastik til luksusmetal og forgyldt.<\/p>\t\n\t\t\t\t<img decoding=\"async\" src=\"https:\/\/www.hicreategames.com\/wp-content\/uploads\/2022\/12\/Paper-Playing-Cards.jpg\" alt=\"Papir Pokerkort\" itemprop=\"image\" height=\"500\" width=\"500\" title=\"Papir Pokerkort\" onerror=\"this.style.display='none'\" loading=\"lazy\" \/>\n\t<h5>\n\t\t\t\tPapir Pokerkort\n\t\t\t<\/h5>\n\t\t\t<p>Papir er det mest overkommelige materiale til at lave pokerkort, kortenes kvalitet afh\u00e6nger af GSM og cardstock.<\/p>\t\n\t\t\t\t<img decoding=\"async\" src=\"https:\/\/www.hicreategames.com\/wp-content\/uploads\/2022\/12\/Plastic-Playing-Cards.jpg\" alt=\"Plast Pokerkort\" itemprop=\"image\" height=\"500\" width=\"500\" title=\"Plast Pokerkort\" onerror=\"this.style.display='none'\" loading=\"lazy\" \/>\n\t<h5>\n\t\t\t\tPlast Pokerkort\n\t\t\t<\/h5>\n\t\t\t<p>PVC er den almindelige plastik til pokerkort. Det kan g\u00f8re kort mere holdbare end papirkort, de vil have 50 gange l\u00e6ngere end papird\u00e6kkort. <\/p>\t\n\t\t\t\t<img decoding=\"async\" src=\"https:\/\/www.hicreategames.com\/wp-content\/uploads\/2022\/12\/Metal-Playing-Cards.jpg\" alt=\"Metal Pokerkort\" itemprop=\"image\" height=\"500\" width=\"500\" title=\"Metal Pokerkort\" onerror=\"this.style.display='none'\" loading=\"lazy\" \/>\n\t<h5>\n\t\t\t\tMetal Pokerkort\n\t\t\t<\/h5>\n\t\t\t<p>Rustfrit st\u00e5l og kobber er 2 almindelige materialer til fremstilling af metal pokerkort. Du kan ikke blande dem traditionelt p\u00e5 grund af v\u00e6gt og h\u00f8jderyg. <\/p>\t\n\t<h3>\n\t\t\t\tFlere tilpassede muligheder til dine Pokerkort\n\t\t\t<\/h3>\n\t\t\t\t<img decoding=\"async\" src=\"https:\/\/www.hicreategames.com\/wp-content\/uploads\/2025\/08\/Custom-Playing-Cards-Front.jpg\" alt=\"Brugerdefinerede spillekort Forside\" itemprop=\"image\" height=\"426\" width=\"600\" title=\"Brugerdefinerede spillekort Forside\" onerror=\"this.style.display='none'\" loading=\"lazy\" \/>\n\t<h5>\n\t\t\t\tKortforsider (forside)\n\t\t\t<\/h5>\n\t<ul>\n\t\t<li>\t\t\t\t\n\t\tKlassiske standardkort til traditionelle pokerspil.<\/li><li>\t\t\t\t\n\t\tFuldt tilpasset grafik til unikke designs.<\/li><li>\t\t\t\t\n\t\tTilpas jokere, tal og billedkort med din grafik eller dine fotos.<\/li>\t<\/ul>\n\t\t\t\t<img decoding=\"async\" src=\"https:\/\/www.hicreategames.com\/wp-content\/uploads\/2025\/08\/Custom-Playing-Card-Backs.jpg\" alt=\"Brugerdefinerede spillekort bagside\" itemprop=\"image\" height=\"426\" width=\"600\" title=\"Brugerdefinerede spillekort bagside\" onerror=\"this.style.display='none'\" loading=\"lazy\" \/>\n\t<h5>\n\t\t\t\tKortbagside\n\t\t\t<\/h5>\n\t<ul>\n\t\t<li>\t\t\t\t\n\t\tEnkeltfarvet tryk for en enkel, elegant stil.<\/li><li>\t\t\t\t\n\t\tFuldfarvet tryk for levende, i\u00f8jnefaldende designs.<\/li><li>\t\t\t\t\n\t\tTilf\u00f8j logoer, branding eller personlige illustrationer for et personligt pr\u00e6g.<\/li>\t<\/ul>\n\t\t\t\t<img decoding=\"async\" src=\"https:\/\/www.hicreategames.com\/wp-content\/uploads\/2025\/08\/Playing-Card-Cardstock.jpg\" alt=\"Spillekort karton\" itemprop=\"image\" height=\"426\" width=\"600\" title=\"Spillekort karton\" onerror=\"this.style.display='none'\" loading=\"lazy\" \/>\n\t<h5>\n\t\t\t\tKarton\n\t\t\t<\/h5>\n\t<ul>\n\t\t<li>\t\t\t\t\n\t\t300 gsm premium papir til daglig brug.<\/li><li>\t\t\t\t\n\t\t310 gsm linnedfinish for glat h\u00e5ndtering og blandingsf\u00f8lelse.<\/li><li>\t\t\t\t\n\t\t100 % plastkort for vandt\u00e6t, rivfast og lang holdbarhed.<\/li>\t<\/ul>\n\t\t\t\t<img decoding=\"async\" src=\"https:\/\/www.hicreategames.com\/wp-content\/uploads\/2025\/08\/Smooth-Finish-Playing-Cards.jpg\" alt=\"Spillekort med glat finish\" itemprop=\"image\" height=\"426\" width=\"600\" title=\"Spillekort med glat finish\" onerror=\"this.style.display='none'\" loading=\"lazy\" \/>\n\t<h5>\n\t\t\t\tOverflader\n\t\t\t<\/h5>\n\t<ul>\n\t\t<li>\t\t\t\t\n\t\tGlat overflade for nem blanding og klassisk fornemmelse.<\/li><li>\t\t\t\t\n\t\tLinen (luftpude) finish for professionel h\u00e5ndtering og holdbarhed.<\/li><li>\t\t\t\t\n\t\tMat, blank eller UV-bel\u00e6gning for ekstra beskyttelse og visuelt udseende.<\/li>\t<\/ul>\n\t\t\t\t<img decoding=\"async\" src=\"https:\/\/www.hicreategames.com\/wp-content\/uploads\/2025\/08\/Gold-Gilt-Edged-Playing-Cards.jpg\" alt=\"Spillekort med guldforgyldte kanter\" itemprop=\"image\" height=\"426\" width=\"600\" title=\"Spillekort med guldforgyldte kanter\" onerror=\"this.style.display='none'\" loading=\"lazy\" \/>\n\t<h5>\n\t\t\t\tSpecialeffekter\n\t\t\t<\/h5>\n\t<ul>\n\t\t<li>\t\t\t\t\n\t\tFoliestempling for at fremh\u00e6ve logoer, navne eller designs.<\/li><li>\t\t\t\t\n\t\tPr\u00e6gning eller spot UV for tekstur og premium \u00e6stetik.<\/li><li>\t\t\t\t\n\t\tMetalliske trykfarver eller forgyldte kanter for at g\u00f8re kortspilene virkelig i\u00f8jnefaldende.<\/li>\t<\/ul>\n\t\t\t\t<img decoding=\"async\" src=\"https:\/\/www.hicreategames.com\/wp-content\/uploads\/2025\/08\/Playing-Cards-Tuck-Box.jpg\" alt=\"Spillekort\u00e6ske\" itemprop=\"image\" height=\"426\" width=\"600\" title=\"Spillekort\u00e6ske\" onerror=\"this.style.display='none'\" loading=\"lazy\" \/>\n\t<h5>\n\t\t\t\tEmballage\n\t\t\t<\/h5>\n\t<ul>\n\t\t<li>\t\t\t\t\n\t\tStandard\u00e6sker til traditionel pr\u00e6sentation af kort.<\/li><li>\t\t\t\t\n\t\tMagnetiske eller stive \u00e6sker for luksuri\u00f8s, eksklusiv fornemmelse.<\/li><li>\t\t\t\t\n\t\tTin- eller plast\u00e6sker til samlerkortspil eller vandt\u00e6t opbevaring.<\/li>\t<\/ul>\n\t<h3>\n\t\t\t\tVores Pokerkortprojekter\n\t\t\t<\/h3>\n\t\t<meta itemprop=\"url\" content=\"https:\/\/www.hicreategames.com\/wp-content\/uploads\/2025\/08\/Gold-Edge-Poker-Playing-Cards.mp4\" \/><div style=\"width: 640px;\" class=\"wp-video\"><video class=\"wp-video-shortcode\" id=\"video-8240-1\" width=\"640\" height=\"360\" poster=\"https:\/\/www.hicreategames.com\/wp-content\/uploads\/2025\/08\/Gold-Edge-Poker-Playing-Cards.jpg\" preload=\"none\" controls=\"controls\"><source type=\"video\/mp4\" src=\"https:\/\/www.hicreategames.com\/wp-content\/uploads\/2025\/08\/Gold-Edge-Poker-Playing-Cards.mp4?_=1\" \/><source type=\"video\/mp4\" src=\"https:\/\/www.hicreategames.com\/wp-content\/uploads\/2025\/08\/Gold-Edge-Poker-Playing-Cards.mp4?_=1\" \/><a href=\"https:\/\/www.hicreategames.com\/wp-content\/uploads\/2025\/08\/Gold-Edge-Poker-Playing-Cards.mp4\">https:\/\/www.hicreategames.com\/wp-content\/uploads\/2025\/08\/Gold-Edge-Poker-Playing-Cards.mp4<\/a><\/video><\/div>\t\n\t\t<meta itemprop=\"url\" content=\"https:\/\/www.hicreategames.com\/wp-content\/uploads\/2025\/08\/PVC-Gold-Foil-Poker-Playing-Cards.mp4\" \/><div style=\"width: 640px;\" class=\"wp-video\"><video class=\"wp-video-shortcode\" id=\"video-8240-2\" width=\"640\" height=\"360\" poster=\"https:\/\/www.hicreategames.com\/wp-content\/uploads\/2025\/08\/PVC-Gold-Foil-Poker-Playing-Cards.jpg\" preload=\"none\" controls=\"controls\"><source type=\"video\/mp4\" src=\"https:\/\/www.hicreategames.com\/wp-content\/uploads\/2025\/08\/PVC-Gold-Foil-Poker-Playing-Cards.mp4?_=2\" \/><source type=\"video\/mp4\" src=\"https:\/\/www.hicreategames.com\/wp-content\/uploads\/2025\/08\/PVC-Gold-Foil-Poker-Playing-Cards.mp4?_=2\" \/><a href=\"https:\/\/www.hicreategames.com\/wp-content\/uploads\/2025\/08\/PVC-Gold-Foil-Poker-Playing-Cards.mp4\">https:\/\/www.hicreategames.com\/wp-content\/uploads\/2025\/08\/PVC-Gold-Foil-Poker-Playing-Cards.mp4<\/a><\/video><\/div>\t\n\t\t<meta itemprop=\"url\" content=\"https:\/\/www.hicreategames.com\/wp-content\/uploads\/2025\/08\/Mahjong-Playing-Cards.mp4\" \/><div style=\"width: 640px;\" class=\"wp-video\"><video class=\"wp-video-shortcode\" id=\"video-8240-3\" width=\"640\" height=\"360\" poster=\"https:\/\/www.hicreategames.com\/wp-content\/uploads\/2025\/08\/Mahjong-Playing-Cards.jpg\" preload=\"none\" controls=\"controls\"><source type=\"video\/mp4\" src=\"https:\/\/www.hicreategames.com\/wp-content\/uploads\/2025\/08\/Mahjong-Playing-Cards.mp4?_=3\" \/><source type=\"video\/mp4\" src=\"https:\/\/www.hicreategames.com\/wp-content\/uploads\/2025\/08\/Mahjong-Playing-Cards.mp4?_=3\" \/><a href=\"https:\/\/www.hicreategames.com\/wp-content\/uploads\/2025\/08\/Mahjong-Playing-Cards.mp4\">https:\/\/www.hicreategames.com\/wp-content\/uploads\/2025\/08\/Mahjong-Playing-Cards.mp4<\/a><\/video><\/div>\t\n\t\t<meta itemprop=\"url\" content=\"https:\/\/www.hicreategames.com\/wp-content\/uploads\/2025\/08\/The-Surprise-Poker-Playing-Cards.mp4\" \/><div style=\"width: 640px;\" class=\"wp-video\"><video class=\"wp-video-shortcode\" id=\"video-8240-4\" width=\"640\" height=\"360\" poster=\"https:\/\/www.hicreategames.com\/wp-content\/uploads\/2025\/08\/The-Surprise-Poker-Playing-Cards.jpg\" preload=\"none\" controls=\"controls\"><source type=\"video\/mp4\" src=\"https:\/\/www.hicreategames.com\/wp-content\/uploads\/2025\/08\/The-Surprise-Poker-Playing-Cards.mp4?_=4\" \/><source type=\"video\/mp4\" src=\"https:\/\/www.hicreategames.com\/wp-content\/uploads\/2025\/08\/The-Surprise-Poker-Playing-Cards.mp4?_=4\" \/><a href=\"https:\/\/www.hicreategames.com\/wp-content\/uploads\/2025\/08\/The-Surprise-Poker-Playing-Cards.mp4\">https:\/\/www.hicreategames.com\/wp-content\/uploads\/2025\/08\/The-Surprise-Poker-Playing-Cards.mp4<\/a><\/video><\/div>\t\n\t<h3>\n\t\t\t\tKontakt os\n\t\t\t<\/h3>\n\t\t\t\t<img decoding=\"async\" src=\"https:\/\/www.hicreategames.com\/wp-content\/uploads\/2022\/12\/Custom-Playing-Cards-with-Photos.jpg\" alt=\"Specialfremstillede spillekort med fotos\" itemprop=\"image\" height=\"500\" width=\"500\" title=\"Specialfremstillede spillekort med fotos\" onerror=\"this.style.display='none'\" loading=\"lazy\" \/>\n\t\n<div class=\"wpcf7 no-js\" id=\"wpcf7-f4188-o2\" lang=\"da-DK\" dir=\"ltr\" data-wpcf7-id=\"4188\">\n<div class=\"screen-reader-response\"><p role=\"status\" aria-live=\"polite\" aria-atomic=\"true\"><\/p> <ul><\/ul><\/div>\n<form action=\"\/da\/wp-json\/wp\/v2\/pages\/8240#wpcf7-f4188-o2\" method=\"post\" class=\"wpcf7-form init\" aria-label=\"Kontaktformular\" enctype=\"multipart\/form-data\" novalidate=\"novalidate\" data-status=\"init\">\n<fieldset class=\"hidden-fields-container\"><input type=\"hidden\" name=\"_wpcf7\" value=\"4188\" \/><input type=\"hidden\" name=\"_wpcf7_version\" value=\"6.1.5\" \/><input type=\"hidden\" name=\"_wpcf7_locale\" value=\"da_DK\" \/><input type=\"hidden\" name=\"_wpcf7_unit_tag\" value=\"wpcf7-f4188-o2\" \/><input type=\"hidden\" name=\"_wpcf7_container_post\" value=\"0\" \/><input type=\"hidden\" name=\"_wpcf7_posted_data_hash\" value=\"\" \/><input type=\"hidden\" name=\"_wpcf7_recaptcha_response\" value=\"\" \/>\n<\/fieldset>\n<p><label> Dit navn<br \/>\n<span class=\"wpcf7-form-control-wrap\" data-name=\"your-name\"><input size=\"40\" maxlength=\"400\" class=\"wpcf7-form-control wpcf7-text wpcf7-validates-as-required\" aria-required=\"true\" aria-invalid=\"false\" value=\"\" type=\"text\" name=\"your-name\" \/><\/span> <\/label>\n<\/p>\n<p><label> Din email<br \/>\n<span class=\"wpcf7-form-control-wrap\" data-name=\"your-email\"><input size=\"40\" maxlength=\"400\" class=\"wpcf7-form-control wpcf7-email wpcf7-validates-as-required wpcf7-text wpcf7-validates-as-email\" aria-required=\"true\" aria-invalid=\"false\" value=\"\" type=\"email\" name=\"your-email\" \/><\/span> <\/label>\n<\/p>\n<p><label> Minimum Ordrem\u00e6ngde<br \/>\n<span class=\"wpcf7-form-control-wrap\" data-name=\"menu-734\"><select class=\"wpcf7-form-control wpcf7-select wpcf7-validates-as-required\" aria-required=\"true\" aria-invalid=\"false\" name=\"menu-734\"><option value=\"\">&#8212;V\u00e6lg venligst en mulighed&#8212;<\/option><option value=\"300\">300<\/option><option value=\"500\">500<\/option><option value=\"1000\">1000<\/option><\/select><\/span> <\/label>\n<\/p>\n<p><label> Din besked<br \/>\n<span class=\"wpcf7-form-control-wrap\" data-name=\"your-message\"><textarea cols=\"40\" rows=\"10\" maxlength=\"2000\" class=\"wpcf7-form-control wpcf7-textarea wpcf7-validates-as-required\" aria-required=\"true\" aria-invalid=\"false\" name=\"your-message\"><\/textarea><\/span> <\/label>\n<\/p>\n<p><label> Din fil (valgfrit)<br \/>\n<span class=\"wpcf7-form-control-wrap\" data-name=\"file-978\"><input size=\"40\" class=\"wpcf7-form-control wpcf7-file\" accept=\"audio\/*,video\/*,image\/*\" aria-invalid=\"false\" type=\"file\" name=\"file-978\" \/><\/span> <\/label>\n<\/p>\n<p><span class=\"wpcf7-form-control-wrap\" data-name=\"quiz-747\"><label><span class=\"wpcf7-quiz-label\">2+6=?<\/span> <input size=\"40\" class=\"wpcf7-form-control wpcf7-quiz\" autocomplete=\"off\" aria-required=\"true\" aria-invalid=\"false\" type=\"text\" name=\"quiz-747\" \/><\/label><input type=\"hidden\" name=\"_wpcf7_quiz_answer_quiz-747\" value=\"34fe0dce70d770da3a4b02c0e1fa88fe\" \/><\/span>\n<\/p>\n<p><input class=\"wpcf7-form-control wpcf7-submit has-spinner\" type=\"submit\" value=\"Indsend\" \/>\n<\/p><div class=\"wpcf7-response-output\" aria-hidden=\"true\"><\/div>\n<\/form>\n<\/div>\n\n\n","protected":false},"excerpt":{"rendered":"<p>Tilpas og Print Dine Pokerkort Vi er specialister i trykning af spillekort i h\u00f8j kvalitet med fuld fleksibilitet med hensyn til design, st\u00f8rrelse, materiale, finish og emballage. F\u00e5 et Gratis Tilbud St\u00f8rrelse p\u00e5 Pokerkort Mini St\u00f8rrelse Disse spillekort i minist\u00f8rrelse er b\u00e6rbare med en bredde mellem 3,2-3,7 cm og en [&hellip;]<\/p>\n","protected":false},"author":1,"featured_media":0,"parent":0,"menu_order":0,"comment_status":"closed","ping_status":"closed","template":"","meta":{"site-sidebar-layout":"no-sidebar","site-content-layout":"page-builder","ast-site-content-layout":"full-width-container","site-content-style":"unboxed","site-sidebar-style":"unboxed","ast-global-header-display":"","ast-banner-title-visibility":"","ast-main-header-display":"","ast-hfb-above-header-display":"","ast-hfb-below-header-display":"","ast-hfb-mobile-header-display":"","site-post-title":"disabled","ast-breadcrumbs-content":"","ast-featured-img":"disabled","footer-sml-layout":"","ast-disable-related-posts":"","theme-transparent-header-meta":"default","adv-header-id-meta":"","stick-header-meta":"default","header-above-stick-meta":"","header-main-stick-meta":"","header-below-stick-meta":"","astra-migrate-meta-layouts":"default","ast-page-background-enabled":"default","ast-page-background-meta":{"desktop":{"background-color":"","background-image":"","background-repeat":"repeat","background-position":"center center","background-size":"auto","background-attachment":"scroll","background-type":"","background-media":"","overlay-type":"","overlay-color":"","overlay-opacity":"","overlay-gradient":""},"tablet":{"background-color":"","background-image":"","background-repeat":"repeat","background-position":"center center","background-size":"auto","background-attachment":"scroll","background-type":"","background-media":"","overlay-type":"","overlay-color":"","overlay-opacity":"","overlay-gradient":""},"mobile":{"background-color":"","background-image":"","background-repeat":"repeat","background-position":"center center","background-size":"auto","background-attachment":"scroll","background-type":"","background-media":"","overlay-type":"","overlay-color":"","overlay-opacity":"","overlay-gradient":""}},"ast-content-background-meta":{"desktop":{"background-color":"var(--ast-global-color-5)","background-image":"","background-repeat":"repeat","background-position":"center center","background-size":"auto","background-attachment":"scroll","background-type":"","background-media":"","overlay-type":"","overlay-color":"","overlay-opacity":"","overlay-gradient":""},"tablet":{"background-color":"var(--ast-global-color-5)","background-image":"","background-repeat":"repeat","background-position":"center center","background-size":"auto","background-attachment":"scroll","background-type":"","background-media":"","overlay-type":"","overlay-color":"","overlay-opacity":"","overlay-gradient":""},"mobile":{"background-color":"var(--ast-global-color-5)","background-image":"","background-repeat":"repeat","background-position":"center center","background-size":"auto","background-attachment":"scroll","background-type":"","background-media":"","overlay-type":"","overlay-color":"","overlay-opacity":"","overlay-gradient":""}},"footnotes":""},"class_list":["post-8240","page","type-page","status-publish","hentry"],"_links":{"self":[{"href":"https:\/\/www.hicreategames.com\/da\/wp-json\/wp\/v2\/pages\/8240","targetHints":{"allow":["GET"]}}],"collection":[{"href":"https:\/\/www.hicreategames.com\/da\/wp-json\/wp\/v2\/pages"}],"about":[{"href":"https:\/\/www.hicreategames.com\/da\/wp-json\/wp\/v2\/types\/page"}],"author":[{"embeddable":true,"href":"https:\/\/www.hicreategames.com\/da\/wp-json\/wp\/v2\/users\/1"}],"replies":[{"embeddable":true,"href":"https:\/\/www.hicreategames.com\/da\/wp-json\/wp\/v2\/comments?post=8240"}],"version-history":[{"count":3,"href":"https:\/\/www.hicreategames.com\/da\/wp-json\/wp\/v2\/pages\/8240\/revisions"}],"predecessor-version":[{"id":26690,"href":"https:\/\/www.hicreategames.com\/da\/wp-json\/wp\/v2\/pages\/8240\/revisions\/26690"}],"wp:attachment":[{"href":"https:\/\/www.hicreategames.com\/da\/wp-json\/wp\/v2\/media?parent=8240"}],"curies":[{"name":"wp","href":"https:\/\/api.w.org\/{rel}","templated":true}]}}