{"id":14831,"date":"2024-03-13T08:25:42","date_gmt":"2024-03-13T08:25:42","guid":{"rendered":"https:\/\/www.hicreategames.com\/personalisieren-cluedo-spiel\/"},"modified":"2025-08-25T14:41:19","modified_gmt":"2025-08-25T14:41:19","slug":"personalisieren-cluedo-spiel","status":"publish","type":"page","link":"https:\/\/www.hicreategames.com\/de\/personalisieren-cluedo-spiel\/","title":{"rendered":"Personalisieren Cluedo-Spiel"},"content":{"rendered":"\n\n\t<h3>\n\t\t\t\tPersonalisieren Cluedo-Spiel: Wer, Wo und Wie\n\t\t\t<\/h3>\n\t<p>Machen Sie das klassische Detektivspiel komplexer und spielbarer.<\/p>\n\t\t\t<a href=\"#\" role=\"button\">\n\t\t\t\t\t\t\tAngebot Einholen\n\t\t\t\t\t<\/a>\n\t\t\t\n<div class=\"wpcf7 no-js\" id=\"wpcf7-f2452-o1\" lang=\"de-DE\" dir=\"ltr\" data-wpcf7-id=\"2452\">\n<div class=\"screen-reader-response\"><p role=\"status\" aria-live=\"polite\" aria-atomic=\"true\"><\/p> <ul><\/ul><\/div>\n<form action=\"\/de\/wp-json\/wp\/v2\/pages\/14831#wpcf7-f2452-o1\" method=\"post\" class=\"wpcf7-form init\" aria-label=\"Kontaktformular\" enctype=\"multipart\/form-data\" novalidate=\"novalidate\" data-status=\"init\">\n<fieldset class=\"hidden-fields-container\"><input type=\"hidden\" name=\"_wpcf7\" value=\"2452\" \/><input type=\"hidden\" name=\"_wpcf7_version\" value=\"6.1.5\" \/><input type=\"hidden\" name=\"_wpcf7_locale\" value=\"de_DE\" \/><input type=\"hidden\" name=\"_wpcf7_unit_tag\" value=\"wpcf7-f2452-o1\" \/><input type=\"hidden\" name=\"_wpcf7_container_post\" value=\"0\" \/><input type=\"hidden\" name=\"_wpcf7_posted_data_hash\" value=\"\" \/><input type=\"hidden\" name=\"_wpcf7_recaptcha_response\" value=\"\" \/>\n<\/fieldset>\n<p><label> Dein Name<br \/>\n<span class=\"wpcf7-form-control-wrap\" data-name=\"your-name\"><input size=\"40\" maxlength=\"400\" class=\"wpcf7-form-control wpcf7-text wpcf7-validates-as-required\" aria-required=\"true\" aria-invalid=\"false\" value=\"\" type=\"text\" name=\"your-name\" \/><\/span> <\/label>\n<\/p>\n<p><label> Deine E-Mail<br \/>\n<span class=\"wpcf7-form-control-wrap\" data-name=\"your-email\"><input size=\"40\" maxlength=\"400\" class=\"wpcf7-form-control wpcf7-email wpcf7-validates-as-required wpcf7-text wpcf7-validates-as-email\" aria-required=\"true\" aria-invalid=\"false\" value=\"\" type=\"email\" name=\"your-email\" \/><\/span> <\/label>\n<\/p>\n<p><label> Mindestbestellmenge<br \/>\n<span class=\"wpcf7-form-control-wrap\" data-name=\"menu-734\"><select class=\"wpcf7-form-control wpcf7-select wpcf7-validates-as-required\" aria-required=\"true\" aria-invalid=\"false\" name=\"menu-734\"><option value=\"\">&#8211; Bitte ausw\u00e4hlen &#8211;<\/option><option value=\"300\">300<\/option><option value=\"500\">500<\/option><option value=\"1000\">1000<\/option><\/select><\/span> <\/label>\n<\/p>\n<p><label> Ihre Nachricht<br \/>\n<span class=\"wpcf7-form-control-wrap\" data-name=\"your-message\"><textarea cols=\"40\" rows=\"10\" maxlength=\"2000\" class=\"wpcf7-form-control wpcf7-textarea wpcf7-validates-as-required\" aria-required=\"true\" aria-invalid=\"false\" name=\"your-message\"><\/textarea><\/span> <\/label>\n<\/p>\n<p><label> Ihre Datei (optional)<br \/>\n<span class=\"wpcf7-form-control-wrap\" data-name=\"file-978\"><input size=\"40\" class=\"wpcf7-form-control wpcf7-file\" accept=\"audio\/*,video\/*,image\/*\" aria-invalid=\"false\" type=\"file\" name=\"file-978\" \/><\/span> <\/label>\n<\/p>\n<p><span class=\"wpcf7-form-control-wrap\" data-name=\"quiz-747\"><label><span class=\"wpcf7-quiz-label\">2+6=?<\/span> <input size=\"40\" class=\"wpcf7-form-control wpcf7-quiz\" autocomplete=\"off\" aria-required=\"true\" aria-invalid=\"false\" type=\"text\" name=\"quiz-747\" \/><\/label><input type=\"hidden\" name=\"_wpcf7_quiz_answer_quiz-747\" value=\"34fe0dce70d770da3a4b02c0e1fa88fe\" \/><\/span>\n<\/p>\n<p><input class=\"wpcf7-form-control wpcf7-submit has-spinner\" type=\"submit\" value=\"Einreichen\" \/>\n<\/p><div class=\"wpcf7-response-output\" aria-hidden=\"true\"><\/div>\n<\/form>\n<\/div>\n\t\t\n<h3>\n\t\t\tWas k\u00f6nnen wir f\u00fcr Ihr Cluedo-Spiel personalisieren?\t<\/h3>\n\t\t\t\t<img decoding=\"async\" src=\"https:\/\/www.hicreategames.com\/wp-content\/uploads\/2024\/03\/Individuelle-Cluedo-Geschichte.jpg\" alt=\"Individuelle Cluedo-Geschichte\" itemprop=\"image\" height=\"426\" width=\"640\" title=\"Individuelle Cluedo-Geschichte\" onerror=\"this.style.display='none'\" loading=\"lazy\" \/>\n\t<h5>\n\t\t\t\t1. Krimi-Geschichte\n\t\t\t<\/h5>\n\t\t\t<p>Gestalten Sie eine detaillierte Erz\u00e4hlung rund um den Krimi und geben Sie den Spielern so mehr Kontext und Motivation. Dies k\u00f6nnte einen Prolog, Charaktermotive und sogar Drehbuch-Enth\u00fcllungen umfassen. <\/p>\t\n\t\t\t\t<img decoding=\"async\" src=\"https:\/\/www.hicreategames.com\/wp-content\/uploads\/2024\/03\/Individuelles-Cluedo-Spielbrett.jpg\" alt=\"Individuelles Cluedo-Spielbrett\" itemprop=\"image\" height=\"426\" width=\"640\" title=\"Individuelles Cluedo-Spielbrett\" onerror=\"this.style.display='none'\" loading=\"lazy\" \/>\n\t<h5>\n\t\t\t\t2. Spielbrett\n\t\t\t<\/h5>\n\t\t\t<p>Ma\u00dfgeschneiderte Cluedo-Bretter, um Ihr Spiel einzigartig zu machen. Wir k\u00f6nnen Ihnen dabei helfen, Ihr Board mit personalisierten Optionen anzupassen, einschlie\u00dflich verschiedener Layouts, Formen, mehr R\u00e4ume, Gr\u00f6\u00dfen, Materialien usw. <\/p>\t\n\t\t\t\t<img decoding=\"async\" src=\"https:\/\/www.hicreategames.com\/wp-content\/uploads\/2024\/03\/Individuelle-Cluedo-Spielteile.jpg\" alt=\"Individuelle Cluedo-Spielteile\" itemprop=\"image\" height=\"426\" width=\"640\" title=\"Individuelle Cluedo-Spielteile\" onerror=\"this.style.display='none'\" loading=\"lazy\" \/>\n\t<h5>\n\t\t\t\t3. Spielsteine\n\t\t\t<\/h5>\n\t\t\t<p>Dabei kann es sich um das Bemalen vorhandener Plastikspielteile oder die Anpassung neuer Materialien handeln, um mithilfe des 3D-Drucks neue herzustellen. Durch die Einbeziehung pers\u00f6nlicher Akzente wird das Spiel spannender. <\/p>\t\n\t\t\t\t<img decoding=\"async\" src=\"https:\/\/www.hicreategames.com\/wp-content\/uploads\/2024\/03\/Individuelle-Cluedo-Charakterkarten.jpg\" alt=\"Individuelle Cluedo-Charakterkarten\" itemprop=\"image\" height=\"426\" width=\"640\" title=\"Individuelle Cluedo-Charakterkarten\" onerror=\"this.style.display='none'\" loading=\"lazy\" \/>\n\t<h5>\n\t\t\t\t4. Charakterkarten\n\t\t\t<\/h5>\n\t\t\t<p>Ersetzen Sie die Standard-Cluedo-Charakterkarten durch personalisierte. Sie k\u00f6nnen mit neuen Texten und Bildern gestaltet werden. Sie k\u00f6nnen auch Hintergrundgeschichten f\u00fcr diese Charaktere erstellen, um dem Spiel Tiefe zu verleihen.  <\/p>\t\n\t\t\t\t<img decoding=\"async\" src=\"https:\/\/www.hicreategames.com\/wp-content\/uploads\/2024\/03\/Individuelle-Cluedo-Waffenkarte.jpg\" alt=\"Individuelle Cluedo-Waffenkarte\" itemprop=\"image\" height=\"426\" width=\"640\" title=\"Individuelle Cluedo-Waffenkarte\" onerror=\"this.style.display='none'\" loading=\"lazy\" \/>\n\t<h5>\n\t\t\t\t5. Waffenkarten\n\t\t\t<\/h5>\n\t\t\t<p>Denken Sie \u00fcber die urspr\u00fcnglichen Kerzen-, Messer- und Revolverkarten hinaus auch an die Erstellung einzigartiger Waffenkarten, die bei dem Verbrechen verwendet werden k\u00f6nnten. Dies kann von einem Zauberstab bis hin zu einem ma\u00dfgeschneiderten Ger\u00e4t reichen. <\/p>\t\n\t\t\t\t<img decoding=\"async\" src=\"https:\/\/www.hicreategames.com\/wp-content\/uploads\/2024\/03\/Anpassade-Cluedo-lador.jpg\" alt=\"Anpassade Cluedo-l\u00e5dor\" itemprop=\"image\" height=\"426\" width=\"640\" title=\"Anpassade Cluedo-l\u00e5dor\" onerror=\"this.style.display='none'\" loading=\"lazy\" \/>\n\t<h5>\n\t\t\t\t6. Verpackungsbox\n\t\t\t<\/h5>\n\t\t\t<p>Erstellen Sie eine individuelle Box f\u00fcr Ihr Cluedo-Spiel und verwandeln Sie es von einer Standardausgabe in eine einzigartige. Die Verpackung kann Charakterportr\u00e4ts und eine Vorschau des Board-Designs enthalten. <\/p>\t\n\t<h3>\n\t\t\t\tVorteile der Anpassung einer neuen Version\n\t\t\t<\/h3>\n\t\t\t<p>Die Anpassung von Cluedo kann das Spiel zug\u00e4nglicher und ansprechender machen, das Spielerlebnis durch tieferes Eintauchen verbessern und neue wirtschaftliche M\u00f6glichkeiten f\u00fcr Entwickler und Vertreiber er\u00f6ffnen.<\/p>\n\t\t\t\t<img decoding=\"async\" src=\"https:\/\/www.hicreategames.com\/wp-content\/uploads\/2024\/03\/Cluedo-Spielspieler.jpg\" alt=\"Cluedo Spielspieler\" itemprop=\"image\" height=\"426\" width=\"640\" title=\"Cluedo Spielspieler\" onerror=\"this.style.display='none'\" loading=\"lazy\" \/>\n\t<h5>\n\t\t\t\tPassen Sie sich an mehr Spieler an\n\t\t\t<\/h5>\n\t\t\t<p>Durch die Einf\u00fchrung zus\u00e4tzlicher Charaktere, Waffen und R\u00e4ume kann das Spiel erweitert werden, sodass mehr Personen gleichzeitig spielen k\u00f6nnen. Dies macht das Spiel nicht nur umfassender, sondern erh\u00f6ht auch die Komplexit\u00e4t und Abwechslung des Gameplays. <\/p>\n\t\t\t\t<img decoding=\"async\" src=\"https:\/\/www.hicreategames.com\/wp-content\/uploads\/2024\/03\/Verbessern-Sie-das-Eintauchen-in-das-Clue-Spiel.jpg\" alt=\"Verbessern Sie das Eintauchen in das Clue-Spiel\" itemprop=\"image\" height=\"426\" width=\"640\" title=\"Verbessern Sie das Eintauchen in das Clue-Spiel\" onerror=\"this.style.display='none'\" loading=\"lazy\" \/>\n\t<h5>\n\t\t\t\tVerbessertes Eintauchen\n\t\t\t<\/h5>\n\t\t\t<p>Indem das Thema, die Einstellungen und die Charaktere des Spiels an die Vorlieben der Spieler angepasst werden, wird das Spiel immersiver. Dies kann Spieler dazu ermutigen, sich voll und ganz auf die Geschichte und Mechanik einzulassen und auch ihr Geschichtenerz\u00e4hlen f\u00f6rdern. <\/p>\t\n\t\t\t\t<img decoding=\"async\" src=\"https:\/\/www.hicreategames.com\/wp-content\/uploads\/2024\/03\/Individuelle-Cluedo-Wirtschaftliches-Potenzial.jpg\" alt=\"Individuelle Cluedo Wirtschaftliches Potenzial\" itemprop=\"image\" height=\"426\" width=\"640\" title=\"Individuelle Cluedo Wirtschaftliches Potenzial\" onerror=\"this.style.display='none'\" loading=\"lazy\" \/>\n\t<h5>\n\t\t\t\tWirtschaftliches Potenzial\n\t\t\t<\/h5>\n\t\t\t<p>Benutzerdefinierte Versionen des Cluedo-Spiels k\u00f6nnen Sammler und Enthusiasten anziehen, die bereit sind, f\u00fcr einzigartige oder exklusive Inhalte einen Aufpreis zu zahlen. Dar\u00fcber hinaus kann es f\u00fcr besondere Anl\u00e4sse vermarktet werden und er\u00f6ffnet so neue Marktsegmente \u00fcber das urspr\u00fcngliche Cluedo hinaus. <\/p>\t\n\t<h3>\n\t\t\t\tKontaktieren Sie uns\n\t\t\t<\/h3>\n\t\t\t\t<img decoding=\"async\" src=\"https:\/\/www.hicreategames.com\/wp-content\/uploads\/2024\/03\/Personalisiertes-Clue-Brettspiel.jpg\" alt=\"Personalisiertes Clue-Brettspiel\" itemprop=\"image\" height=\"600\" width=\"600\" title=\"Personalisiertes Clue-Brettspiel\" onerror=\"this.style.display='none'\" loading=\"lazy\" \/>\n\t\n<div class=\"wpcf7 no-js\" id=\"wpcf7-f2452-o2\" lang=\"de-DE\" dir=\"ltr\" data-wpcf7-id=\"2452\">\n<div class=\"screen-reader-response\"><p role=\"status\" aria-live=\"polite\" aria-atomic=\"true\"><\/p> <ul><\/ul><\/div>\n<form action=\"\/de\/wp-json\/wp\/v2\/pages\/14831#wpcf7-f2452-o2\" method=\"post\" class=\"wpcf7-form init\" aria-label=\"Kontaktformular\" enctype=\"multipart\/form-data\" novalidate=\"novalidate\" data-status=\"init\">\n<fieldset class=\"hidden-fields-container\"><input type=\"hidden\" name=\"_wpcf7\" value=\"2452\" \/><input type=\"hidden\" name=\"_wpcf7_version\" value=\"6.1.5\" \/><input type=\"hidden\" name=\"_wpcf7_locale\" value=\"de_DE\" \/><input type=\"hidden\" name=\"_wpcf7_unit_tag\" value=\"wpcf7-f2452-o2\" \/><input type=\"hidden\" name=\"_wpcf7_container_post\" value=\"0\" \/><input type=\"hidden\" name=\"_wpcf7_posted_data_hash\" value=\"\" \/><input type=\"hidden\" name=\"_wpcf7_recaptcha_response\" value=\"\" \/>\n<\/fieldset>\n<p><label> Dein Name<br \/>\n<span class=\"wpcf7-form-control-wrap\" data-name=\"your-name\"><input size=\"40\" maxlength=\"400\" class=\"wpcf7-form-control wpcf7-text wpcf7-validates-as-required\" aria-required=\"true\" aria-invalid=\"false\" value=\"\" type=\"text\" name=\"your-name\" \/><\/span> <\/label>\n<\/p>\n<p><label> Deine E-Mail<br \/>\n<span class=\"wpcf7-form-control-wrap\" data-name=\"your-email\"><input size=\"40\" maxlength=\"400\" class=\"wpcf7-form-control wpcf7-email wpcf7-validates-as-required wpcf7-text wpcf7-validates-as-email\" aria-required=\"true\" aria-invalid=\"false\" value=\"\" type=\"email\" name=\"your-email\" \/><\/span> <\/label>\n<\/p>\n<p><label> Mindestbestellmenge<br \/>\n<span class=\"wpcf7-form-control-wrap\" data-name=\"menu-734\"><select class=\"wpcf7-form-control wpcf7-select wpcf7-validates-as-required\" aria-required=\"true\" aria-invalid=\"false\" name=\"menu-734\"><option value=\"\">&#8211; Bitte ausw\u00e4hlen &#8211;<\/option><option value=\"300\">300<\/option><option value=\"500\">500<\/option><option value=\"1000\">1000<\/option><\/select><\/span> <\/label>\n<\/p>\n<p><label> Ihre Nachricht<br \/>\n<span class=\"wpcf7-form-control-wrap\" data-name=\"your-message\"><textarea cols=\"40\" rows=\"10\" maxlength=\"2000\" class=\"wpcf7-form-control wpcf7-textarea wpcf7-validates-as-required\" aria-required=\"true\" aria-invalid=\"false\" name=\"your-message\"><\/textarea><\/span> <\/label>\n<\/p>\n<p><label> Ihre Datei (optional)<br \/>\n<span class=\"wpcf7-form-control-wrap\" data-name=\"file-978\"><input size=\"40\" class=\"wpcf7-form-control wpcf7-file\" accept=\"audio\/*,video\/*,image\/*\" aria-invalid=\"false\" type=\"file\" name=\"file-978\" \/><\/span> <\/label>\n<\/p>\n<p><span class=\"wpcf7-form-control-wrap\" data-name=\"quiz-747\"><label><span class=\"wpcf7-quiz-label\">2+6=?<\/span> <input size=\"40\" class=\"wpcf7-form-control wpcf7-quiz\" autocomplete=\"off\" aria-required=\"true\" aria-invalid=\"false\" type=\"text\" name=\"quiz-747\" \/><\/label><input type=\"hidden\" name=\"_wpcf7_quiz_answer_quiz-747\" value=\"34fe0dce70d770da3a4b02c0e1fa88fe\" \/><\/span>\n<\/p>\n<p><input class=\"wpcf7-form-control wpcf7-submit has-spinner\" type=\"submit\" value=\"Einreichen\" \/>\n<\/p><div class=\"wpcf7-response-output\" aria-hidden=\"true\"><\/div>\n<\/form>\n<\/div>\n\n\n","protected":false},"excerpt":{"rendered":"<p>Personalisieren Cluedo-Spiel: Wer, Wo und Wie Machen Sie das klassische Detektivspiel komplexer und spielbarer. Angebot Einholen Was k\u00f6nnen wir f\u00fcr Ihr Cluedo-Spiel personalisieren? 1. Krimi-Geschichte Gestalten Sie eine detaillierte Erz\u00e4hlung rund um den Krimi und geben Sie den Spielern so mehr Kontext und Motivation. Dies k\u00f6nnte einen Prolog, Charaktermotive und [&hellip;]<\/p>\n","protected":false},"author":1,"featured_media":0,"parent":0,"menu_order":0,"comment_status":"closed","ping_status":"closed","template":"","meta":{"site-sidebar-layout":"no-sidebar","site-content-layout":"page-builder","ast-site-content-layout":"full-width-container","site-content-style":"unboxed","site-sidebar-style":"unboxed","ast-global-header-display":"","ast-banner-title-visibility":"","ast-main-header-display":"","ast-hfb-above-header-display":"","ast-hfb-below-header-display":"","ast-hfb-mobile-header-display":"","site-post-title":"disabled","ast-breadcrumbs-content":"","ast-featured-img":"disabled","footer-sml-layout":"","ast-disable-related-posts":"","theme-transparent-header-meta":"default","adv-header-id-meta":"","stick-header-meta":"default","header-above-stick-meta":"","header-main-stick-meta":"","header-below-stick-meta":"","astra-migrate-meta-layouts":"default","ast-page-background-enabled":"default","ast-page-background-meta":{"desktop":{"background-color":"","background-image":"","background-repeat":"repeat","background-position":"center center","background-size":"auto","background-attachment":"scroll","background-type":"","background-media":"","overlay-type":"","overlay-color":"","overlay-opacity":"","overlay-gradient":""},"tablet":{"background-color":"","background-image":"","background-repeat":"repeat","background-position":"center center","background-size":"auto","background-attachment":"scroll","background-type":"","background-media":"","overlay-type":"","overlay-color":"","overlay-opacity":"","overlay-gradient":""},"mobile":{"background-color":"","background-image":"","background-repeat":"repeat","background-position":"center center","background-size":"auto","background-attachment":"scroll","background-type":"","background-media":"","overlay-type":"","overlay-color":"","overlay-opacity":"","overlay-gradient":""}},"ast-content-background-meta":{"desktop":{"background-color":"var(--ast-global-color-5)","background-image":"","background-repeat":"repeat","background-position":"center center","background-size":"auto","background-attachment":"scroll","background-type":"","background-media":"","overlay-type":"","overlay-color":"","overlay-opacity":"","overlay-gradient":""},"tablet":{"background-color":"var(--ast-global-color-5)","background-image":"","background-repeat":"repeat","background-position":"center center","background-size":"auto","background-attachment":"scroll","background-type":"","background-media":"","overlay-type":"","overlay-color":"","overlay-opacity":"","overlay-gradient":""},"mobile":{"background-color":"var(--ast-global-color-5)","background-image":"","background-repeat":"repeat","background-position":"center center","background-size":"auto","background-attachment":"scroll","background-type":"","background-media":"","overlay-type":"","overlay-color":"","overlay-opacity":"","overlay-gradient":""}},"footnotes":""},"class_list":["post-14831","page","type-page","status-publish","hentry"],"_links":{"self":[{"href":"https:\/\/www.hicreategames.com\/de\/wp-json\/wp\/v2\/pages\/14831","targetHints":{"allow":["GET"]}}],"collection":[{"href":"https:\/\/www.hicreategames.com\/de\/wp-json\/wp\/v2\/pages"}],"about":[{"href":"https:\/\/www.hicreategames.com\/de\/wp-json\/wp\/v2\/types\/page"}],"author":[{"embeddable":true,"href":"https:\/\/www.hicreategames.com\/de\/wp-json\/wp\/v2\/users\/1"}],"replies":[{"embeddable":true,"href":"https:\/\/www.hicreategames.com\/de\/wp-json\/wp\/v2\/comments?post=14831"}],"version-history":[{"count":3,"href":"https:\/\/www.hicreategames.com\/de\/wp-json\/wp\/v2\/pages\/14831\/revisions"}],"predecessor-version":[{"id":24741,"href":"https:\/\/www.hicreategames.com\/de\/wp-json\/wp\/v2\/pages\/14831\/revisions\/24741"}],"wp:attachment":[{"href":"https:\/\/www.hicreategames.com\/de\/wp-json\/wp\/v2\/media?parent=14831"}],"curies":[{"name":"wp","href":"https:\/\/api.w.org\/{rel}","templated":true}]}}