{"id":16314,"date":"2024-04-07T10:50:09","date_gmt":"2024-04-07T10:50:09","guid":{"rendered":"https:\/\/www.hicreategames.com\/memory-spiel-personalisieren\/"},"modified":"2025-08-26T05:00:14","modified_gmt":"2025-08-26T05:00:14","slug":"memory-spiel-personalisieren","status":"publish","type":"page","link":"https:\/\/www.hicreategames.com\/de\/memory-spiel-personalisieren\/","title":{"rendered":"Memory Spiel Personalisieren"},"content":{"rendered":"\n\n\t<h2>\n\t\t\t\tMemory Spiel Personalisieren\n\t\t\t<\/h2>\n\t<p>Die Erstellung eines anpassbaren Memory-Kartenspiels erm\u00f6glicht ein personalisiertes Spielerlebnis, das auf verschiedene Themen, Schwierigkeitsstufen und \u00e4sthetische Vorlieben zugeschnitten ist.<\/p>\n<p>Hier sind die Elemente, die wir f\u00fcr Sie anpassen k\u00f6nnen:<\/p>\n\t\t\t<a href=\"#\" role=\"button\">\n\t\t\t\t\t\t\tAngebot Einholen\n\t\t\t\t\t<\/a>\n\t\t\t\n<div class=\"wpcf7 no-js\" id=\"wpcf7-f2452-o1\" lang=\"de-DE\" dir=\"ltr\" data-wpcf7-id=\"2452\">\n<div class=\"screen-reader-response\"><p role=\"status\" aria-live=\"polite\" aria-atomic=\"true\"><\/p> <ul><\/ul><\/div>\n<form action=\"\/de\/wp-json\/wp\/v2\/pages\/16314#wpcf7-f2452-o1\" method=\"post\" class=\"wpcf7-form init\" aria-label=\"Kontaktformular\" enctype=\"multipart\/form-data\" novalidate=\"novalidate\" data-status=\"init\">\n<fieldset class=\"hidden-fields-container\"><input type=\"hidden\" name=\"_wpcf7\" value=\"2452\" \/><input type=\"hidden\" name=\"_wpcf7_version\" value=\"6.1.5\" \/><input type=\"hidden\" name=\"_wpcf7_locale\" value=\"de_DE\" \/><input type=\"hidden\" name=\"_wpcf7_unit_tag\" value=\"wpcf7-f2452-o1\" \/><input type=\"hidden\" name=\"_wpcf7_container_post\" value=\"0\" \/><input type=\"hidden\" name=\"_wpcf7_posted_data_hash\" value=\"\" \/><input type=\"hidden\" name=\"_wpcf7_recaptcha_response\" value=\"\" \/>\n<\/fieldset>\n<p><label> Dein Name<br \/>\n<span class=\"wpcf7-form-control-wrap\" data-name=\"your-name\"><input size=\"40\" maxlength=\"400\" class=\"wpcf7-form-control wpcf7-text wpcf7-validates-as-required\" aria-required=\"true\" aria-invalid=\"false\" value=\"\" type=\"text\" name=\"your-name\" \/><\/span> <\/label>\n<\/p>\n<p><label> Deine E-Mail<br \/>\n<span class=\"wpcf7-form-control-wrap\" data-name=\"your-email\"><input size=\"40\" maxlength=\"400\" class=\"wpcf7-form-control wpcf7-email wpcf7-validates-as-required wpcf7-text wpcf7-validates-as-email\" aria-required=\"true\" aria-invalid=\"false\" value=\"\" type=\"email\" name=\"your-email\" \/><\/span> <\/label>\n<\/p>\n<p><label> Mindestbestellmenge<br \/>\n<span class=\"wpcf7-form-control-wrap\" data-name=\"menu-734\"><select class=\"wpcf7-form-control wpcf7-select wpcf7-validates-as-required\" aria-required=\"true\" aria-invalid=\"false\" name=\"menu-734\"><option value=\"\">&#8211; Bitte ausw\u00e4hlen &#8211;<\/option><option value=\"300\">300<\/option><option value=\"500\">500<\/option><option value=\"1000\">1000<\/option><\/select><\/span> <\/label>\n<\/p>\n<p><label> Ihre Nachricht<br \/>\n<span class=\"wpcf7-form-control-wrap\" data-name=\"your-message\"><textarea cols=\"40\" rows=\"10\" maxlength=\"2000\" class=\"wpcf7-form-control wpcf7-textarea wpcf7-validates-as-required\" aria-required=\"true\" aria-invalid=\"false\" name=\"your-message\"><\/textarea><\/span> <\/label>\n<\/p>\n<p><label> Ihre Datei (optional)<br \/>\n<span class=\"wpcf7-form-control-wrap\" data-name=\"file-978\"><input size=\"40\" class=\"wpcf7-form-control wpcf7-file\" accept=\"audio\/*,video\/*,image\/*\" aria-invalid=\"false\" type=\"file\" name=\"file-978\" \/><\/span> <\/label>\n<\/p>\n<p><span class=\"wpcf7-form-control-wrap\" data-name=\"quiz-747\"><label><span class=\"wpcf7-quiz-label\">2+6=?<\/span> <input size=\"40\" class=\"wpcf7-form-control wpcf7-quiz\" autocomplete=\"off\" aria-required=\"true\" aria-invalid=\"false\" type=\"text\" name=\"quiz-747\" \/><\/label><input type=\"hidden\" name=\"_wpcf7_quiz_answer_quiz-747\" value=\"34fe0dce70d770da3a4b02c0e1fa88fe\" \/><\/span>\n<\/p>\n<p><input class=\"wpcf7-form-control wpcf7-submit has-spinner\" type=\"submit\" value=\"Einreichen\" \/>\n<\/p><div class=\"wpcf7-response-output\" aria-hidden=\"true\"><\/div>\n<\/form>\n<\/div>\n\t\t\n\t<h3>\n\t\t\t\tZielen Sie auf Ihr Publikum\n\t\t\t<\/h3>\n\t\t\t<p>Indem Sie Thema und Design, Komplexit\u00e4t und Inhalt des Memory-Kartenspiels anpassen, um den Vorlieben von Erwachsenen, Senioren und Vorschulkindern gerecht zu werden.<\/p>\t\n\t\t\t\t<img decoding=\"async\" src=\"https:\/\/www.hicreategames.com\/wp-content\/uploads\/2024\/07\/Memory-Kartenspiele-fuer-Erwachsene.jpg\" alt=\"Memory Kartenspiele f\u00fcr Erwachsene\" itemprop=\"image\" height=\"426\" width=\"640\" title=\"Memory Kartenspiele f\u00fcr Erwachsene\" onerror=\"this.style.display='none'\" loading=\"lazy\" \/>\n\t<h5>\n\t\t\t\tF\u00fcr Erwachsene\n\t\t\t<\/h5>\n\t\t\t<p>W\u00e4hlen Sie Themen, die Erwachsene interessieren, wie Reisen, K\u00fcche oder Filme. Erh\u00f6hen Sie die Komplexit\u00e4t, indem Sie weitere Kartenpaare oder anspruchsvolle Inhalte hinzuf\u00fcgen. F\u00f6rdern Sie soziale Interaktion mit Aktions- oder Story-Karten.<\/p>\t\n\t\t\t\t<img decoding=\"async\" src=\"https:\/\/www.hicreategames.com\/wp-content\/uploads\/2024\/07\/Memory-Kartenspiele-fuer-Senioren.jpg\" alt=\"Memory Kartenspiele f\u00fcr Senioren\" itemprop=\"image\" height=\"426\" width=\"640\" title=\"Memory Kartenspiele f\u00fcr Senioren\" onerror=\"this.style.display='none'\" loading=\"lazy\" \/>\n\t<h5>\n\t\t\t\tF\u00fcr Senioren\n\t\t\t<\/h5>\n\t\t\t<p>Erstellen Sie ein Spiel f\u00fcr Senioren mit nostalgischen Themen wie Oldtimern oder Gartenarbeit. Vereinfachen Sie das Gameplay und verwenden Sie gro\u00dfe Schrift f\u00fcr einfaches Lesen. Integrieren Sie Ged\u00e4chtnisst\u00fctzen, um Personen mit kognitiven Einschr\u00e4nkungen zu helfen.<\/p>\n\t\t\t\t<img decoding=\"async\" src=\"https:\/\/www.hicreategames.com\/wp-content\/uploads\/2024\/07\/Zuordnungskartenspiele-fuer-Vorschulkinder.jpg\" alt=\"Zuordnungskartenspiele f\u00fcr Vorschulkinder\" itemprop=\"image\" height=\"426\" width=\"640\" title=\"Zuordnungskartenspiele f\u00fcr Vorschulkinder\" onerror=\"this.style.display='none'\" loading=\"lazy\" \/>\n\t<h5>\n\t\t\t\tF\u00fcr Vorschulkinder\n\t\t\t<\/h5>\n\t\t\t<p>Erstellen Sie Vorschulspiele mit Themen wie Tieren oder Farben, mit einfachem Matching-Gameplay, lebendigen Grafiken und p\u00e4dagogischen Inhalten wie Zahlen und Buchstaben f\u00fcr fr\u00fches Lernen und Entwicklung.<\/p>\n\t<h3>\n\t\t\t\tBer\u00fchmte Charaktere f\u00fcr Memory-Kartenspiele\n\t\t\t<\/h3>\n\t\t\t<p>Diese Charaktere stammen aus verschiedenen Franchises und sind weithin bekannt, was sie f\u00fcr ein Memory-Kartenspiel geeignet macht, das ein breites Publikum anspricht.<\/p>\n\t\t\t\t<img decoding=\"async\" src=\"https:\/\/www.hicreategames.com\/wp-content\/uploads\/2024\/07\/Super-Mario-Memory-Kartenspiel.jpg\" alt=\"Super Mario Memory Kartenspiel\" itemprop=\"image\" height=\"426\" width=\"640\" title=\"Super Mario Memory Kartenspiel\" onerror=\"this.style.display='none'\" loading=\"lazy\" \/>\n\t<h5>\n\t\t\t\tSuper Mario\n\t\t\t<\/h5>\n\t\t\t<p>Jede Memory-Karte k\u00f6nnte einen anderen Super Mario-Charakter, -Gegenstand oder -Element enthalten (wie Mario selbst, Pilze, M\u00fcnzen, Goombas usw.).<\/p>\t\n\t\t\t\t<img decoding=\"async\" src=\"https:\/\/www.hicreategames.com\/wp-content\/uploads\/2024\/07\/Harry-Potter-Memory-Kartenspiel.jpg\" alt=\"Harry Potter Memory Kartenspiel\" itemprop=\"image\" height=\"426\" width=\"640\" title=\"Harry Potter Memory Kartenspiel\" onerror=\"this.style.display='none'\" loading=\"lazy\" \/>\n\t<h5>\n\t\t\t\tHarry Potter\n\t\t\t<\/h5>\n\t\t\t<p>Entscheiden Sie, welche Elemente aus dem Harry Potter-Universum Sie verwenden m\u00f6chten. Sie k\u00f6nnten Charaktere, magische Gegenst\u00e4nde, Zauberspr\u00fcche oder sogar Orte aus der Serie ausw\u00e4hlen.<\/p>\t\n\t\t\t\t<img decoding=\"async\" src=\"https:\/\/www.hicreategames.com\/wp-content\/uploads\/2024\/07\/Dinosaurier-Memory-Kartenspiel.jpg\" alt=\"Dinosaurier Memory Kartenspiel\" itemprop=\"image\" height=\"426\" width=\"640\" title=\"Dinosaurier Memory Kartenspiel\" onerror=\"this.style.display='none'\" loading=\"lazy\" \/>\n\t<h5>\n\t\t\t\tDinosaurier\n\t\t\t<\/h5>\n\t\t\t<p>Beginnen Sie mit der Recherche verschiedener Dinosaurierarten. Erw\u00e4gen Sie die Aufnahme beliebter Dinosaurier, die sowohl Kindern als auch Erwachsenen bekannt sind.<\/p>\t\n\t\t\t\t<img decoding=\"async\" src=\"https:\/\/www.hicreategames.com\/wp-content\/uploads\/2024\/07\/Weihnachts-Memory-Kartenspiel.jpg\" alt=\"Weihnachts Memory Kartenspiel\" itemprop=\"image\" height=\"426\" width=\"640\" title=\"Weihnachts Memory Kartenspiel\" onerror=\"this.style.display='none'\" loading=\"lazy\" \/>\n\t<h5>\n\t\t\t\tWeihnachten\n\t\t\t<\/h5>\n\t\t\t<p>W\u00e4hlen Sie eine Auswahl bekannter und leicht erkennbarer Weihnachtsfiguren. Dazu k\u00f6nnen Weihnachtsm\u00e4nner, Rentiere, Elfen, Schneem\u00e4nner usw. geh\u00f6ren.<\/p>\t\n\t\t\t\t<img decoding=\"async\" src=\"https:\/\/www.hicreategames.com\/wp-content\/uploads\/2024\/07\/Pokemon-Memory-Kartenspiel.jpg\" alt=\"Pokemon Memory Kartenspiel\" itemprop=\"image\" height=\"426\" width=\"640\" title=\"Pokemon Memory Kartenspiel\" onerror=\"this.style.display='none'\" loading=\"lazy\" \/>\n\t<h5>\n\t\t\t\tPok\u00e9mon\n\t\t\t<\/h5>\n\t\t\t<p>Entscheiden Sie, welche Pok\u00e9mon-Figuren Sie in Ihrem Spiel verwenden m\u00f6chten. Sie k\u00f6nnen beliebte Figuren wie Pikachu, Glumanda, Bisasam, Schiggy usw. ausw\u00e4hlen.<\/p>\t\n\t\t\t\t<img decoding=\"async\" src=\"https:\/\/www.hicreategames.com\/wp-content\/uploads\/2024\/07\/Prinzessinnenpaar-Kartenspiel.jpg\" alt=\"Prinzessinnenpaar Kartenspiel\" itemprop=\"image\" height=\"426\" width=\"640\" title=\"Prinzessinnenpaar Kartenspiel\" onerror=\"this.style.display='none'\" loading=\"lazy\" \/>\n\t<h5>\n\t\t\t\tPrinzessin\n\t\t\t<\/h5>\n\t\t\t<p>W\u00e4hlen Sie eine Reihe von Prinzessinnenfiguren aus, die Sie aufnehmen m\u00f6chten. Dies k\u00f6nnten klassische Disney-Prinzessinnen wie Aschenputtel, Schneewittchen, Arielle, Belle, Jasmin usw. sein.<\/p>\t\n\t<h3>\n\t\t\t\tKontaktieren Sie uns\n\t\t\t<\/h3>\n\t\t\t\t<img decoding=\"async\" src=\"https:\/\/www.hicreategames.com\/wp-content\/uploads\/2024\/07\/Memory-Kartenspiel.jpg\" alt=\"Memory Kartenspiel\" itemprop=\"image\" height=\"600\" width=\"600\" title=\"Memory Kartenspiel\" onerror=\"this.style.display='none'\" loading=\"lazy\" \/>\n\t\n<div class=\"wpcf7 no-js\" id=\"wpcf7-f2452-o2\" lang=\"de-DE\" dir=\"ltr\" data-wpcf7-id=\"2452\">\n<div class=\"screen-reader-response\"><p role=\"status\" aria-live=\"polite\" aria-atomic=\"true\"><\/p> <ul><\/ul><\/div>\n<form action=\"\/de\/wp-json\/wp\/v2\/pages\/16314#wpcf7-f2452-o2\" method=\"post\" class=\"wpcf7-form init\" aria-label=\"Kontaktformular\" enctype=\"multipart\/form-data\" novalidate=\"novalidate\" data-status=\"init\">\n<fieldset class=\"hidden-fields-container\"><input type=\"hidden\" name=\"_wpcf7\" value=\"2452\" \/><input type=\"hidden\" name=\"_wpcf7_version\" value=\"6.1.5\" \/><input type=\"hidden\" name=\"_wpcf7_locale\" value=\"de_DE\" \/><input type=\"hidden\" name=\"_wpcf7_unit_tag\" value=\"wpcf7-f2452-o2\" \/><input type=\"hidden\" name=\"_wpcf7_container_post\" value=\"0\" \/><input type=\"hidden\" name=\"_wpcf7_posted_data_hash\" value=\"\" \/><input type=\"hidden\" name=\"_wpcf7_recaptcha_response\" value=\"\" \/>\n<\/fieldset>\n<p><label> Dein Name<br \/>\n<span class=\"wpcf7-form-control-wrap\" data-name=\"your-name\"><input size=\"40\" maxlength=\"400\" class=\"wpcf7-form-control wpcf7-text wpcf7-validates-as-required\" aria-required=\"true\" aria-invalid=\"false\" value=\"\" type=\"text\" name=\"your-name\" \/><\/span> <\/label>\n<\/p>\n<p><label> Deine E-Mail<br \/>\n<span class=\"wpcf7-form-control-wrap\" data-name=\"your-email\"><input size=\"40\" maxlength=\"400\" class=\"wpcf7-form-control wpcf7-email wpcf7-validates-as-required wpcf7-text wpcf7-validates-as-email\" aria-required=\"true\" aria-invalid=\"false\" value=\"\" type=\"email\" name=\"your-email\" \/><\/span> <\/label>\n<\/p>\n<p><label> Mindestbestellmenge<br \/>\n<span class=\"wpcf7-form-control-wrap\" data-name=\"menu-734\"><select class=\"wpcf7-form-control wpcf7-select wpcf7-validates-as-required\" aria-required=\"true\" aria-invalid=\"false\" name=\"menu-734\"><option value=\"\">&#8211; Bitte ausw\u00e4hlen &#8211;<\/option><option value=\"300\">300<\/option><option value=\"500\">500<\/option><option value=\"1000\">1000<\/option><\/select><\/span> <\/label>\n<\/p>\n<p><label> Ihre Nachricht<br \/>\n<span class=\"wpcf7-form-control-wrap\" data-name=\"your-message\"><textarea cols=\"40\" rows=\"10\" maxlength=\"2000\" class=\"wpcf7-form-control wpcf7-textarea wpcf7-validates-as-required\" aria-required=\"true\" aria-invalid=\"false\" name=\"your-message\"><\/textarea><\/span> <\/label>\n<\/p>\n<p><label> Ihre Datei (optional)<br \/>\n<span class=\"wpcf7-form-control-wrap\" data-name=\"file-978\"><input size=\"40\" class=\"wpcf7-form-control wpcf7-file\" accept=\"audio\/*,video\/*,image\/*\" aria-invalid=\"false\" type=\"file\" name=\"file-978\" \/><\/span> <\/label>\n<\/p>\n<p><span class=\"wpcf7-form-control-wrap\" data-name=\"quiz-747\"><label><span class=\"wpcf7-quiz-label\">2+6=?<\/span> <input size=\"40\" class=\"wpcf7-form-control wpcf7-quiz\" autocomplete=\"off\" aria-required=\"true\" aria-invalid=\"false\" type=\"text\" name=\"quiz-747\" \/><\/label><input type=\"hidden\" name=\"_wpcf7_quiz_answer_quiz-747\" value=\"34fe0dce70d770da3a4b02c0e1fa88fe\" \/><\/span>\n<\/p>\n<p><input class=\"wpcf7-form-control wpcf7-submit has-spinner\" type=\"submit\" value=\"Einreichen\" \/>\n<\/p><div class=\"wpcf7-response-output\" aria-hidden=\"true\"><\/div>\n<\/form>\n<\/div>\n\n\n","protected":false},"excerpt":{"rendered":"<p>Memory Spiel Personalisieren Die Erstellung eines anpassbaren Memory-Kartenspiels erm\u00f6glicht ein personalisiertes Spielerlebnis, das auf verschiedene Themen, Schwierigkeitsstufen und \u00e4sthetische Vorlieben zugeschnitten ist. Hier sind die Elemente, die wir f\u00fcr Sie anpassen k\u00f6nnen: Angebot Einholen Zielen Sie auf Ihr Publikum Indem Sie Thema und Design, Komplexit\u00e4t und Inhalt des Memory-Kartenspiels anpassen, [&hellip;]<\/p>\n","protected":false},"author":1,"featured_media":0,"parent":0,"menu_order":0,"comment_status":"closed","ping_status":"closed","template":"","meta":{"site-sidebar-layout":"no-sidebar","site-content-layout":"page-builder","ast-site-content-layout":"full-width-container","site-content-style":"unboxed","site-sidebar-style":"unboxed","ast-global-header-display":"","ast-banner-title-visibility":"","ast-main-header-display":"","ast-hfb-above-header-display":"","ast-hfb-below-header-display":"","ast-hfb-mobile-header-display":"","site-post-title":"disabled","ast-breadcrumbs-content":"","ast-featured-img":"disabled","footer-sml-layout":"","ast-disable-related-posts":"","theme-transparent-header-meta":"default","adv-header-id-meta":"","stick-header-meta":"default","header-above-stick-meta":"","header-main-stick-meta":"","header-below-stick-meta":"","astra-migrate-meta-layouts":"default","ast-page-background-enabled":"default","ast-page-background-meta":{"desktop":{"background-color":"","background-image":"","background-repeat":"repeat","background-position":"center center","background-size":"auto","background-attachment":"scroll","background-type":"","background-media":"","overlay-type":"","overlay-color":"","overlay-opacity":"","overlay-gradient":""},"tablet":{"background-color":"","background-image":"","background-repeat":"repeat","background-position":"center center","background-size":"auto","background-attachment":"scroll","background-type":"","background-media":"","overlay-type":"","overlay-color":"","overlay-opacity":"","overlay-gradient":""},"mobile":{"background-color":"","background-image":"","background-repeat":"repeat","background-position":"center center","background-size":"auto","background-attachment":"scroll","background-type":"","background-media":"","overlay-type":"","overlay-color":"","overlay-opacity":"","overlay-gradient":""}},"ast-content-background-meta":{"desktop":{"background-color":"var(--ast-global-color-5)","background-image":"","background-repeat":"repeat","background-position":"center center","background-size":"auto","background-attachment":"scroll","background-type":"","background-media":"","overlay-type":"","overlay-color":"","overlay-opacity":"","overlay-gradient":""},"tablet":{"background-color":"var(--ast-global-color-5)","background-image":"","background-repeat":"repeat","background-position":"center center","background-size":"auto","background-attachment":"scroll","background-type":"","background-media":"","overlay-type":"","overlay-color":"","overlay-opacity":"","overlay-gradient":""},"mobile":{"background-color":"var(--ast-global-color-5)","background-image":"","background-repeat":"repeat","background-position":"center center","background-size":"auto","background-attachment":"scroll","background-type":"","background-media":"","overlay-type":"","overlay-color":"","overlay-opacity":"","overlay-gradient":""}},"footnotes":""},"class_list":["post-16314","page","type-page","status-publish","hentry"],"_links":{"self":[{"href":"https:\/\/www.hicreategames.com\/de\/wp-json\/wp\/v2\/pages\/16314","targetHints":{"allow":["GET"]}}],"collection":[{"href":"https:\/\/www.hicreategames.com\/de\/wp-json\/wp\/v2\/pages"}],"about":[{"href":"https:\/\/www.hicreategames.com\/de\/wp-json\/wp\/v2\/types\/page"}],"author":[{"embeddable":true,"href":"https:\/\/www.hicreategames.com\/de\/wp-json\/wp\/v2\/users\/1"}],"replies":[{"embeddable":true,"href":"https:\/\/www.hicreategames.com\/de\/wp-json\/wp\/v2\/comments?post=16314"}],"version-history":[{"count":4,"href":"https:\/\/www.hicreategames.com\/de\/wp-json\/wp\/v2\/pages\/16314\/revisions"}],"predecessor-version":[{"id":24766,"href":"https:\/\/www.hicreategames.com\/de\/wp-json\/wp\/v2\/pages\/16314\/revisions\/24766"}],"wp:attachment":[{"href":"https:\/\/www.hicreategames.com\/de\/wp-json\/wp\/v2\/media?parent=16314"}],"curies":[{"name":"wp","href":"https:\/\/api.w.org\/{rel}","templated":true}]}}