{"id":18986,"date":"2024-12-12T07:50:48","date_gmt":"2024-12-12T07:50:48","guid":{"rendered":"https:\/\/www.hicreategames.com\/affirmationskarten\/"},"modified":"2025-08-25T09:51:15","modified_gmt":"2025-08-25T09:51:15","slug":"affirmationskarten","status":"publish","type":"page","link":"https:\/\/www.hicreategames.com\/de\/affirmationskarten\/","title":{"rendered":"Affirmationskarten"},"content":{"rendered":"\n\n\t<h2>\n\t\t\t\tAffirmationskarten Drucken Lassen\n\t\t\t<\/h2>\n\t<p>Wir sind darauf spezialisiert, Affirmationskarten-Sets nach Ihren W\u00fcnschen zu gestalten und zu drucken.<\/p>\n<p>Unsere individuellen Services erm\u00f6glichen es Ihnen, aus einer Vielzahl von Designs, Gr\u00f6\u00dfen, Kartonarten, Druckverfahren, Oberfl\u00e4chenveredelungen und Verpackungsoptionen auszuw\u00e4hlen, sodass Ihre Karten perfekt Ihre Marke oder Ihren pers\u00f6nlichen Stil widerspiegeln.<\/p>\n\t\t\t<a href=\"#\" role=\"button\">\n\t\t\t\t\t\t\tAngebot Einholen\n\t\t\t\t\t<\/a>\n\t\t\t\n<div class=\"wpcf7 no-js\" id=\"wpcf7-f2452-o1\" lang=\"de-DE\" dir=\"ltr\" data-wpcf7-id=\"2452\">\n<div class=\"screen-reader-response\"><p role=\"status\" aria-live=\"polite\" aria-atomic=\"true\"><\/p> <ul><\/ul><\/div>\n<form action=\"\/de\/wp-json\/wp\/v2\/pages\/18986#wpcf7-f2452-o1\" method=\"post\" class=\"wpcf7-form init\" aria-label=\"Kontaktformular\" enctype=\"multipart\/form-data\" novalidate=\"novalidate\" data-status=\"init\">\n<fieldset class=\"hidden-fields-container\"><input type=\"hidden\" name=\"_wpcf7\" value=\"2452\" \/><input type=\"hidden\" name=\"_wpcf7_version\" value=\"6.1.5\" \/><input type=\"hidden\" name=\"_wpcf7_locale\" value=\"de_DE\" \/><input type=\"hidden\" name=\"_wpcf7_unit_tag\" value=\"wpcf7-f2452-o1\" \/><input type=\"hidden\" name=\"_wpcf7_container_post\" value=\"0\" \/><input type=\"hidden\" name=\"_wpcf7_posted_data_hash\" value=\"\" \/><input type=\"hidden\" name=\"_wpcf7_recaptcha_response\" value=\"\" \/>\n<\/fieldset>\n<p><label> Dein Name<br \/>\n<span class=\"wpcf7-form-control-wrap\" data-name=\"your-name\"><input size=\"40\" maxlength=\"400\" class=\"wpcf7-form-control wpcf7-text wpcf7-validates-as-required\" aria-required=\"true\" aria-invalid=\"false\" value=\"\" type=\"text\" name=\"your-name\" \/><\/span> <\/label>\n<\/p>\n<p><label> Deine E-Mail<br \/>\n<span class=\"wpcf7-form-control-wrap\" data-name=\"your-email\"><input size=\"40\" maxlength=\"400\" class=\"wpcf7-form-control wpcf7-email wpcf7-validates-as-required wpcf7-text wpcf7-validates-as-email\" aria-required=\"true\" aria-invalid=\"false\" value=\"\" type=\"email\" name=\"your-email\" \/><\/span> <\/label>\n<\/p>\n<p><label> Mindestbestellmenge<br \/>\n<span class=\"wpcf7-form-control-wrap\" data-name=\"menu-734\"><select class=\"wpcf7-form-control wpcf7-select wpcf7-validates-as-required\" aria-required=\"true\" aria-invalid=\"false\" name=\"menu-734\"><option value=\"\">&#8211; Bitte ausw\u00e4hlen &#8211;<\/option><option value=\"300\">300<\/option><option value=\"500\">500<\/option><option value=\"1000\">1000<\/option><\/select><\/span> <\/label>\n<\/p>\n<p><label> Ihre Nachricht<br \/>\n<span class=\"wpcf7-form-control-wrap\" data-name=\"your-message\"><textarea cols=\"40\" rows=\"10\" maxlength=\"2000\" class=\"wpcf7-form-control wpcf7-textarea wpcf7-validates-as-required\" aria-required=\"true\" aria-invalid=\"false\" name=\"your-message\"><\/textarea><\/span> <\/label>\n<\/p>\n<p><label> Ihre Datei (optional)<br \/>\n<span class=\"wpcf7-form-control-wrap\" data-name=\"file-978\"><input size=\"40\" class=\"wpcf7-form-control wpcf7-file\" accept=\"audio\/*,video\/*,image\/*\" aria-invalid=\"false\" type=\"file\" name=\"file-978\" \/><\/span> <\/label>\n<\/p>\n<p><span class=\"wpcf7-form-control-wrap\" data-name=\"quiz-747\"><label><span class=\"wpcf7-quiz-label\">2+6=?<\/span> <input size=\"40\" class=\"wpcf7-form-control wpcf7-quiz\" autocomplete=\"off\" aria-required=\"true\" aria-invalid=\"false\" type=\"text\" name=\"quiz-747\" \/><\/label><input type=\"hidden\" name=\"_wpcf7_quiz_answer_quiz-747\" value=\"34fe0dce70d770da3a4b02c0e1fa88fe\" \/><\/span>\n<\/p>\n<p><input class=\"wpcf7-form-control wpcf7-submit has-spinner\" type=\"submit\" value=\"Einreichen\" \/>\n<\/p><div class=\"wpcf7-response-output\" aria-hidden=\"true\"><\/div>\n<\/form>\n<\/div>\n\t\t\n<h3>\n\t\t\tWas k\u00f6nnen wir f\u00fcr Ihre Affirmationskarten anpassen?\t<\/h3>\n\t\t\t\t<img decoding=\"async\" src=\"https:\/\/www.hicreategames.com\/wp-content\/uploads\/2025\/04\/Zweck-von-Affirmationskarten.jpg\" alt=\"Zweck von Affirmationskarten\" itemprop=\"image\" height=\"426\" width=\"640\" title=\"Zweck von Affirmationskarten\" onerror=\"this.style.display='none'\" loading=\"lazy\" \/>\n\t<h5>\n\t\t\t\tZweck\/Ziel\n\t\t\t<\/h5>\n\t\t\t<p>Passen Sie Ihre Affirmationskarten an bestimmte Zwecke an, z. B. Achtsamkeit, Selbstliebe, Motivation oder Dankbarkeit.<\/p>\t\n\t\t\t\t<img decoding=\"async\" src=\"https:\/\/www.hicreategames.com\/wp-content\/uploads\/2025\/04\/Groessen-von-Affirmationskarten.jpg\" alt=\"Gr\u00f6\u00dfen von Affirmationskarten\" itemprop=\"image\" height=\"426\" width=\"640\" title=\"Gr\u00f6\u00dfen von Affirmationskarten\" onerror=\"this.style.display='none'\" loading=\"lazy\" \/>\n\t<h5>\n\t\t\t\tGr\u00f6\u00dfen\n\t\t\t<\/h5>\n\t\t\t<p>W\u00e4hlen Sie zwischen Standard-Kartenabmessungen oder individuellen Gr\u00f6\u00dfen, um die Affirmationskarten an das einzigartige Design oder die Funktionalit\u00e4t Ihrer Marke anzupassen.<\/p>\n\t\t\t\t<img decoding=\"async\" src=\"https:\/\/www.hicreategames.com\/wp-content\/uploads\/2025\/04\/Formen-von-Affirmationskarten.jpg\" alt=\"Formen von Affirmationskarten\" itemprop=\"image\" height=\"426\" width=\"640\" title=\"Formen von Affirmationskarten\" onerror=\"this.style.display='none'\" loading=\"lazy\" \/>\n\t<h5>\n\t\t\t\tFormen\n\t\t\t<\/h5>\n\t\t\t<p>Entdecken Sie eine Vielzahl von Formen wie rechteckig, quadratisch, rund oder sogar individuell gestanzte Formen, um Ihre Karten hervorzuheben.<\/p>\n\t\t\t\t<img decoding=\"async\" src=\"https:\/\/www.hicreategames.com\/wp-content\/uploads\/2025\/04\/Affirmationskarten-Karton.jpg\" alt=\"Affirmationskarten-Karton\" itemprop=\"image\" height=\"426\" width=\"640\" title=\"Affirmationskarten-Karton\" onerror=\"this.style.display='none'\" loading=\"lazy\" \/>\n\t<h5>\n\t\t\t\tKarteikarte\n\t\t\t<\/h5>\n\t\t\t<p>Eine Auswahl an 250 bis 350 g\/m\u00b2-Karton und grauen\/blauen\/wei\u00dfen\/schwarzen Kartonh\u00fclsen, um die perfekte Haltbarkeit zu erzielen.<\/p>\n\t\t\t\t<img decoding=\"async\" src=\"https:\/\/www.hicreategames.com\/wp-content\/uploads\/2025\/04\/Affirmationskarten-mit-Goldfolienrand.jpg\" alt=\"Affirmationskarten mit Goldfolienrand\" itemprop=\"image\" height=\"426\" width=\"640\" title=\"Affirmationskarten mit Goldfolienrand\" onerror=\"this.style.display='none'\" loading=\"lazy\" \/>\n\t<h5>\n\t\t\t\tR\u00e4nder\n\t\t\t<\/h5>\n\t\t\t<p>Passen Sie das Randdesign mit glatten, abgerundeten oder speziellen Kanten wie vergoldeten oder lackierten Oberfl\u00e4chen f\u00fcr einen edlen Look an.<\/p>\n\t\t\t\t<img decoding=\"async\" src=\"https:\/\/www.hicreategames.com\/wp-content\/uploads\/2025\/04\/Affirmationswoerter.jpg\" alt=\"Affirmationsw\u00f6rter\" itemprop=\"image\" height=\"426\" width=\"640\" title=\"Affirmationsw\u00f6rter\" onerror=\"this.style.display='none'\" loading=\"lazy\" \/>\n\t<h5>\n\t\t\t\tW\u00f6rter\n\t\t\t<\/h5>\n\t\t\t<p>Passen Sie den Text an, um Affirmationen, Mantras oder motivierende Zitate aufzunehmen, die auf Ihre Themen, Ihren Ton und Ihr Publikum zugeschnitten sind.<\/p>\t\n\t\t\t\t<img decoding=\"async\" src=\"https:\/\/www.hicreategames.com\/wp-content\/uploads\/2025\/04\/Oberflaechenbeschichtung-von-Affirmationskarten.jpg\" alt=\"Oberfl\u00e4chenbeschichtung von Affirmationskarten\" itemprop=\"image\" height=\"426\" width=\"640\" title=\"Oberfl\u00e4chenbeschichtung von Affirmationskarten\" onerror=\"this.style.display='none'\" loading=\"lazy\" \/>\n\t<h5>\n\t\t\t\tOberfl\u00e4chenveredelung\n\t\t\t<\/h5>\n\t\t\t<p>Verbessern Sie die \u00e4sthetische Wirkung mit Optionen wie matt, gl\u00e4nzend, gepr\u00e4gt, foliert oder UV-Spotlackierung f\u00fcr einen Premium-Touch.<\/p>\n\t\t\t\t<img decoding=\"async\" src=\"https:\/\/www.hicreategames.com\/wp-content\/uploads\/2025\/04\/Sprachen-von-Affirmationskarten.jpg\" alt=\"Sprachen von Affirmationskarten\" itemprop=\"image\" height=\"426\" width=\"640\" title=\"Sprachen von Affirmationskarten\" onerror=\"this.style.display='none'\" loading=\"lazy\" \/>\n\t<h5>\n\t\t\t\tSprachoptionen\n\t\t\t<\/h5>\n\t\t\t<p>Bieten Sie mehrsprachige Affirmationen an oder entwerfen Sie Karten in bestimmten Sprachen, um unterschiedliche M\u00e4rkte und Kulturen anzusprechen.<\/p>\n\t\t\t\t<img decoding=\"async\" src=\"https:\/\/www.hicreategames.com\/wp-content\/uploads\/2025\/04\/Verpackung-von-Affirmationskarten.jpg\" alt=\"Verpackung von Affirmationskarten\" itemprop=\"image\" height=\"426\" width=\"640\" title=\"Verpackung von Affirmationskarten\" onerror=\"this.style.display='none'\" loading=\"lazy\" \/>\n\t<h5>\n\t\t\t\tVerpackungs-Optionen\n\t\t\t<\/h5>\n\t\t\t<p>Passen Sie die Verpackung mit Optionen wie Steckboxen, Magnetboxen, Beuteln mit Kordelzug oder umweltfreundlichen Materialien an.<\/p>\n\t<h3>\n\t\t\t\tNach Publikum\n\t\t\t<\/h3>\n\t\t\t<p>Bei der Anpassung von Affirmationskarten an verschiedene Altersgruppen m\u00fcssen altersgerechte Sprache, Themen und Bilder verwendet werden. Bei Frauen sollte der Schwerpunkt auf St\u00e4rkung liegen, bei M\u00e4nnern auf St\u00e4rke und Belastbarkeit und bei Kindern auf Positivit\u00e4t und Spa\u00dfkonzepten. <\/p>\n\t\t\t\t<img decoding=\"async\" src=\"https:\/\/www.hicreategames.com\/wp-content\/uploads\/2025\/04\/Affirmationskarten-fuer-Frauen.jpg\" alt=\"Affirmationskarten f\u00fcr Frauen\" itemprop=\"image\" height=\"426\" width=\"640\" title=\"Affirmationskarten f\u00fcr Frauen\" onerror=\"this.style.display='none'\" loading=\"lazy\" \/>\n\t<h5>\n\t\t\t\tF\u00fcr Frauen\n\t\t\t<\/h5>\n\t\t\t<p>Personalisieren Sie mit ermutigenden Botschaften \u00fcber Selbstliebe, Vertrauensbildung und Wachstum. Verwenden Sie beruhigende oder aufmunternde Designs wie Blumenmuster, Pastellfarben oder abstrakte Kunst. <\/p>\t\n\t\t\t\t<img decoding=\"async\" src=\"https:\/\/www.hicreategames.com\/wp-content\/uploads\/2025\/04\/Affirmationskarten-fuer-Maenner.jpg\" alt=\"Affirmationskarten f\u00fcr M\u00e4nner\" itemprop=\"image\" height=\"426\" width=\"640\" title=\"Affirmationskarten f\u00fcr M\u00e4nner\" onerror=\"this.style.display='none'\" loading=\"lazy\" \/>\n\t<h5>\n\t\t\t\tF\u00fcr M\u00e4nner\n\t\t\t<\/h5>\n\t\t\t<p>Konzentrieren Sie sich auf Themen wie Selbstvertrauen, Ausdauer und Zielstrebigkeit. Entscheiden Sie sich f\u00fcr auff\u00e4llige Designs, erdige Farbt\u00f6ne und pr\u00e4gnante Affirmationen, die zu ihren Zielen und t\u00e4glichen Herausforderungen passen. <\/p>\n\t\t\t\t<img decoding=\"async\" src=\"https:\/\/www.hicreategames.com\/wp-content\/uploads\/2025\/04\/Affirmationskarten-fuer-Kinder.jpg\" alt=\"Affirmationskarten f\u00fcr Kinder\" itemprop=\"image\" height=\"426\" width=\"640\" title=\"Affirmationskarten f\u00fcr Kinder\" onerror=\"this.style.display='none'\" loading=\"lazy\" \/>\n\t<h5>\n\t\t\t\tF\u00fcr Kinder\n\t\t\t<\/h5>\n\t\t\t<p>Mit verspielten Illustrationen, leuchtenden Farben und einfachen, positiven S\u00e4tzen individuell gestalten. Themen wie Freundlichkeit, Mut und Lernen einbeziehen, um auf unterhaltsame und ansprechende Weise Selbstvertrauen und emotionales Wachstum zu f\u00f6rdern. <\/p>\n\t<h3>\n\t\t\t\tUnsere Affirmationskartens\u00e4tze Projekte\n\t\t\t<\/h3>\n\t\t\t\t<img decoding=\"async\" src=\"https:\/\/www.hicreategames.com\/wp-content\/uploads\/2025\/04\/Geistige-Fuelle-Karten.jpg\" alt=\"Geistige F\u00fclle Karten\" itemprop=\"image\" height=\"426\" width=\"640\" title=\"Geistige F\u00fclle Karten\" onerror=\"this.style.display='none'\" loading=\"lazy\" \/>\n\t<h5>\n\t\t\t\tGeistige F\u00fclle Karten\n\t\t\t<\/h5>\n\t\t\t<ul><li>Einzelgr\u00f6\u00dfe: 14*10*5,5 cm<\/li><li>Kartengr\u00f6\u00dfe: 60 St\u00fcck 9*12 cm<\/li><li>Packung: 18 Satz\/Karton<\/li><li>Gr\u00f6\u00dfe des Kartons: 30*32*18,5 cm<\/li><li>Gewicht des Kartons: 7,5 kg\/Karton<\/li><\/ul>\t\n\t\t\t\t<img decoding=\"async\" src=\"https:\/\/www.hicreategames.com\/wp-content\/uploads\/2025\/04\/Karte-Den-Geist-laeutern.jpg\" alt=\"Karte Den Geist l\u00e4utern\" itemprop=\"image\" height=\"426\" width=\"640\" title=\"Karte Den Geist l\u00e4utern\" onerror=\"this.style.display='none'\" loading=\"lazy\" \/>\n\t<h5>\n\t\t\t\tKarte &#8222;Den Geist l\u00e4utern\n\t\t\t<\/h5>\n\t\t\t<ul><li>Einzelgr\u00f6\u00dfe: 10,3*11,5*9,5 cm<\/li><li>Kartengr\u00f6\u00dfe: 60 St\u00fcck 8*9,5 cm<\/li><li>Packung: 18 Satz\/Karton<\/li><li>Gr\u00f6\u00dfe des Kartons: 33*37*21 cm<\/li><li>Gewicht des Kartons: 8,5 kg\/Karton<\/li><\/ul>\t\n\t\t\t\t<img decoding=\"async\" src=\"https:\/\/www.hicreategames.com\/wp-content\/uploads\/2025\/04\/Sie-sind-ausgezeichnet.jpg\" alt=\"Sie sind ausgezeichnet!\" itemprop=\"image\" height=\"426\" width=\"640\" title=\"Sie sind ausgezeichnet!\" onerror=\"this.style.display='none'\" loading=\"lazy\" \/>\n\t<h5>\n\t\t\t\tSie sind ausgezeichnet!\n\t\t\t<\/h5>\n\t\t\t<ul><li>Einzelgr\u00f6\u00dfe: 9,5*9,5*6,6 cm<\/li><li>Kartengr\u00f6\u00dfe: 60 St\u00fcck 16,3*8,8 cm<\/li><li>Packung: 27 Sets\/Karton<\/li><li>Gr\u00f6\u00dfe des Kartons: 31*31*22 cm<\/li><li>Gewicht des Kartons: 11kg\/Karton<\/li><\/ul>\t\n\t\t\t\t<img decoding=\"async\" src=\"https:\/\/www.hicreategames.com\/wp-content\/uploads\/2025\/04\/Jeden-Tag-gute-Laune-1.jpg\" alt=\"Jeden Tag gute Laune - 1\" itemprop=\"image\" height=\"426\" width=\"640\" title=\"Jeden Tag gute Laune - 1\" onerror=\"this.style.display='none'\" loading=\"lazy\" \/>\n\t<h5>\n\t\t\t\tJeden Tag gute Laune\n\t\t\t<\/h5>\n\t\t\t<ul><li>Einzelgr\u00f6\u00dfe: 13*8,15*4 cm<\/li><li>Kartengr\u00f6\u00dfe: 60 St\u00fcck 10*7 cm<\/li><li>Kartonpackung: 64 Satz\/Karton<\/li><li>Gr\u00f6\u00dfe des Kartons: 28*26*33.5 cm<\/li><li>Gewicht des Kartons: 12,5 kg\/Karton<\/li><\/ul>\t\n\t\t\t\t<img decoding=\"async\" src=\"https:\/\/www.hicreategames.com\/wp-content\/uploads\/2025\/04\/Jeden-Tag-gute-Laune-2.jpg\" alt=\"Jeden Tag gute Laune - 2\" itemprop=\"image\" height=\"426\" width=\"640\" title=\"Jeden Tag gute Laune - 2\" onerror=\"this.style.display='none'\" loading=\"lazy\" \/>\n\t<h5>\n\t\t\t\tJeden Tag gute Laune\n\t\t\t<\/h5>\n\t\t\t<ul><li>Einzelgr\u00f6\u00dfe: 15*18*4 cm<\/li><li>Kartengr\u00f6\u00dfe: 60 St\u00fcck 10*10 cm<\/li><li>Schachtelpackung: 40 Satz\/Karton<\/li><li>Gr\u00f6\u00dfe des Kartons: 32*36*40 cm<\/li><li>Gewicht des Kartons: 7kg\/Karton<\/li><\/ul>\t\n\t\t\t\t<img decoding=\"async\" src=\"https:\/\/www.hicreategames.com\/wp-content\/uploads\/2025\/04\/Diesen-Moment-geniessen.jpg\" alt=\"Diesen Moment genie\u00dfen\" itemprop=\"image\" height=\"426\" width=\"640\" title=\"Diesen Moment genie\u00dfen\" onerror=\"this.style.display='none'\" loading=\"lazy\" \/>\n\t<h5>\n\t\t\t\tDiesen Moment genie\u00dfen\n\t\t\t<\/h5>\n\t\t\t<ul><li>Gr\u00f6\u00dfe der Dose: 12,5*9*4 cm<\/li><li>Kartengr\u00f6\u00dfe: 51 St\u00fcck 11,5*8 cm<\/li><li>Packung: 48 Satz\/Karton<\/li><li>Gr\u00f6\u00dfe des Kartons: 28*26*33.5 cm<\/li><li>Gewicht des Kartons: 16.5kg\/Karton<\/li><\/ul>\t\n\t<h3>\n\t\t\t\tKontaktieren Sie uns\n\t\t\t<\/h3>\n\t\t\t\t<img decoding=\"async\" src=\"https:\/\/www.hicreategames.com\/wp-content\/uploads\/2025\/04\/Individuelle-Affirmationskarten-1.jpg\" alt=\"Individuelle Affirmationskarten\" itemprop=\"image\" height=\"500\" width=\"500\" title=\"Individuelle Affirmationskarten\" onerror=\"this.style.display='none'\" loading=\"lazy\" \/>\n\t\n<div class=\"wpcf7 no-js\" id=\"wpcf7-f2452-o2\" lang=\"de-DE\" dir=\"ltr\" data-wpcf7-id=\"2452\">\n<div class=\"screen-reader-response\"><p role=\"status\" aria-live=\"polite\" aria-atomic=\"true\"><\/p> <ul><\/ul><\/div>\n<form action=\"\/de\/wp-json\/wp\/v2\/pages\/18986#wpcf7-f2452-o2\" method=\"post\" class=\"wpcf7-form init\" aria-label=\"Kontaktformular\" enctype=\"multipart\/form-data\" novalidate=\"novalidate\" data-status=\"init\">\n<fieldset class=\"hidden-fields-container\"><input type=\"hidden\" name=\"_wpcf7\" value=\"2452\" \/><input type=\"hidden\" name=\"_wpcf7_version\" value=\"6.1.5\" \/><input type=\"hidden\" name=\"_wpcf7_locale\" value=\"de_DE\" \/><input type=\"hidden\" name=\"_wpcf7_unit_tag\" value=\"wpcf7-f2452-o2\" \/><input type=\"hidden\" name=\"_wpcf7_container_post\" value=\"0\" \/><input type=\"hidden\" name=\"_wpcf7_posted_data_hash\" value=\"\" \/><input type=\"hidden\" name=\"_wpcf7_recaptcha_response\" value=\"\" \/>\n<\/fieldset>\n<p><label> Dein Name<br \/>\n<span class=\"wpcf7-form-control-wrap\" data-name=\"your-name\"><input size=\"40\" maxlength=\"400\" class=\"wpcf7-form-control wpcf7-text wpcf7-validates-as-required\" aria-required=\"true\" aria-invalid=\"false\" value=\"\" type=\"text\" name=\"your-name\" \/><\/span> <\/label>\n<\/p>\n<p><label> Deine E-Mail<br \/>\n<span class=\"wpcf7-form-control-wrap\" data-name=\"your-email\"><input size=\"40\" maxlength=\"400\" class=\"wpcf7-form-control wpcf7-email wpcf7-validates-as-required wpcf7-text wpcf7-validates-as-email\" aria-required=\"true\" aria-invalid=\"false\" value=\"\" type=\"email\" name=\"your-email\" \/><\/span> <\/label>\n<\/p>\n<p><label> Mindestbestellmenge<br \/>\n<span class=\"wpcf7-form-control-wrap\" data-name=\"menu-734\"><select class=\"wpcf7-form-control wpcf7-select wpcf7-validates-as-required\" aria-required=\"true\" aria-invalid=\"false\" name=\"menu-734\"><option value=\"\">&#8211; Bitte ausw\u00e4hlen &#8211;<\/option><option value=\"300\">300<\/option><option value=\"500\">500<\/option><option value=\"1000\">1000<\/option><\/select><\/span> <\/label>\n<\/p>\n<p><label> Ihre Nachricht<br \/>\n<span class=\"wpcf7-form-control-wrap\" data-name=\"your-message\"><textarea cols=\"40\" rows=\"10\" maxlength=\"2000\" class=\"wpcf7-form-control wpcf7-textarea wpcf7-validates-as-required\" aria-required=\"true\" aria-invalid=\"false\" name=\"your-message\"><\/textarea><\/span> <\/label>\n<\/p>\n<p><label> Ihre Datei (optional)<br \/>\n<span class=\"wpcf7-form-control-wrap\" data-name=\"file-978\"><input size=\"40\" class=\"wpcf7-form-control wpcf7-file\" accept=\"audio\/*,video\/*,image\/*\" aria-invalid=\"false\" type=\"file\" name=\"file-978\" \/><\/span> <\/label>\n<\/p>\n<p><span class=\"wpcf7-form-control-wrap\" data-name=\"quiz-747\"><label><span class=\"wpcf7-quiz-label\">2+6=?<\/span> <input size=\"40\" class=\"wpcf7-form-control wpcf7-quiz\" autocomplete=\"off\" aria-required=\"true\" aria-invalid=\"false\" type=\"text\" name=\"quiz-747\" \/><\/label><input type=\"hidden\" name=\"_wpcf7_quiz_answer_quiz-747\" value=\"34fe0dce70d770da3a4b02c0e1fa88fe\" \/><\/span>\n<\/p>\n<p><input class=\"wpcf7-form-control wpcf7-submit has-spinner\" type=\"submit\" value=\"Einreichen\" \/>\n<\/p><div class=\"wpcf7-response-output\" aria-hidden=\"true\"><\/div>\n<\/form>\n<\/div>\n\n\n","protected":false},"excerpt":{"rendered":"<p>Affirmationskarten Drucken Lassen Wir sind darauf spezialisiert, Affirmationskarten-Sets nach Ihren W\u00fcnschen zu gestalten und zu drucken. Unsere individuellen Services erm\u00f6glichen es Ihnen, aus einer Vielzahl von Designs, Gr\u00f6\u00dfen, Kartonarten, Druckverfahren, Oberfl\u00e4chenveredelungen und Verpackungsoptionen auszuw\u00e4hlen, sodass Ihre Karten perfekt Ihre Marke oder Ihren pers\u00f6nlichen Stil widerspiegeln. Angebot Einholen Was k\u00f6nnen wir [&hellip;]<\/p>\n","protected":false},"author":1,"featured_media":0,"parent":0,"menu_order":0,"comment_status":"closed","ping_status":"closed","template":"","meta":{"site-sidebar-layout":"no-sidebar","site-content-layout":"page-builder","ast-site-content-layout":"full-width-container","site-content-style":"unboxed","site-sidebar-style":"unboxed","ast-global-header-display":"","ast-banner-title-visibility":"","ast-main-header-display":"","ast-hfb-above-header-display":"","ast-hfb-below-header-display":"","ast-hfb-mobile-header-display":"","site-post-title":"disabled","ast-breadcrumbs-content":"","ast-featured-img":"disabled","footer-sml-layout":"","ast-disable-related-posts":"","theme-transparent-header-meta":"default","adv-header-id-meta":"","stick-header-meta":"default","header-above-stick-meta":"","header-main-stick-meta":"","header-below-stick-meta":"","astra-migrate-meta-layouts":"default","ast-page-background-enabled":"default","ast-page-background-meta":{"desktop":{"background-color":"","background-image":"","background-repeat":"repeat","background-position":"center center","background-size":"auto","background-attachment":"scroll","background-type":"","background-media":"","overlay-type":"","overlay-color":"","overlay-opacity":"","overlay-gradient":""},"tablet":{"background-color":"","background-image":"","background-repeat":"repeat","background-position":"center center","background-size":"auto","background-attachment":"scroll","background-type":"","background-media":"","overlay-type":"","overlay-color":"","overlay-opacity":"","overlay-gradient":""},"mobile":{"background-color":"","background-image":"","background-repeat":"repeat","background-position":"center center","background-size":"auto","background-attachment":"scroll","background-type":"","background-media":"","overlay-type":"","overlay-color":"","overlay-opacity":"","overlay-gradient":""}},"ast-content-background-meta":{"desktop":{"background-color":"var(--ast-global-color-5)","background-image":"","background-repeat":"repeat","background-position":"center center","background-size":"auto","background-attachment":"scroll","background-type":"","background-media":"","overlay-type":"","overlay-color":"","overlay-opacity":"","overlay-gradient":""},"tablet":{"background-color":"var(--ast-global-color-5)","background-image":"","background-repeat":"repeat","background-position":"center center","background-size":"auto","background-attachment":"scroll","background-type":"","background-media":"","overlay-type":"","overlay-color":"","overlay-opacity":"","overlay-gradient":""},"mobile":{"background-color":"var(--ast-global-color-5)","background-image":"","background-repeat":"repeat","background-position":"center center","background-size":"auto","background-attachment":"scroll","background-type":"","background-media":"","overlay-type":"","overlay-color":"","overlay-opacity":"","overlay-gradient":""}},"footnotes":""},"class_list":["post-18986","page","type-page","status-publish","hentry"],"_links":{"self":[{"href":"https:\/\/www.hicreategames.com\/de\/wp-json\/wp\/v2\/pages\/18986","targetHints":{"allow":["GET"]}}],"collection":[{"href":"https:\/\/www.hicreategames.com\/de\/wp-json\/wp\/v2\/pages"}],"about":[{"href":"https:\/\/www.hicreategames.com\/de\/wp-json\/wp\/v2\/types\/page"}],"author":[{"embeddable":true,"href":"https:\/\/www.hicreategames.com\/de\/wp-json\/wp\/v2\/users\/1"}],"replies":[{"embeddable":true,"href":"https:\/\/www.hicreategames.com\/de\/wp-json\/wp\/v2\/comments?post=18986"}],"version-history":[{"count":2,"href":"https:\/\/www.hicreategames.com\/de\/wp-json\/wp\/v2\/pages\/18986\/revisions"}],"predecessor-version":[{"id":24728,"href":"https:\/\/www.hicreategames.com\/de\/wp-json\/wp\/v2\/pages\/18986\/revisions\/24728"}],"wp:attachment":[{"href":"https:\/\/www.hicreategames.com\/de\/wp-json\/wp\/v2\/media?parent=18986"}],"curies":[{"name":"wp","href":"https:\/\/api.w.org\/{rel}","templated":true}]}}