{"id":19404,"date":"2025-04-02T06:58:37","date_gmt":"2025-04-02T06:58:37","guid":{"rendered":"https:\/\/www.hicreategames.com\/individuelles-dobble-spiel\/"},"modified":"2025-08-25T10:32:32","modified_gmt":"2025-08-25T10:32:32","slug":"individuelles-dobble-spiel","status":"publish","type":"page","link":"https:\/\/www.hicreategames.com\/de\/individuelles-dobble-spiel\/","title":{"rendered":"Individuelles Dobble Spiel"},"content":{"rendered":"\n\n\t<h2>\n\t\t\t\tIndividuelles Dobble Spiel \n\t\t\t<\/h2>\n\t<p>Die Anpassung des klassischen Dobble an Ihre individuellen W\u00fcnsche kann ein unterhaltsames und kreatives Projekt sein.<\/p>\n\t\t\t<a href=\"#\" role=\"button\">\n\t\t\t\t\t\t\tAngebot Einholen\n\t\t\t\t\t<\/a>\n\t\t\t\n<div class=\"wpcf7 no-js\" id=\"wpcf7-f2452-o1\" lang=\"de-DE\" dir=\"ltr\" data-wpcf7-id=\"2452\">\n<div class=\"screen-reader-response\"><p role=\"status\" aria-live=\"polite\" aria-atomic=\"true\"><\/p> <ul><\/ul><\/div>\n<form action=\"\/de\/wp-json\/wp\/v2\/pages\/19404#wpcf7-f2452-o1\" method=\"post\" class=\"wpcf7-form init\" aria-label=\"Kontaktformular\" enctype=\"multipart\/form-data\" novalidate=\"novalidate\" data-status=\"init\">\n<fieldset class=\"hidden-fields-container\"><input type=\"hidden\" name=\"_wpcf7\" value=\"2452\" \/><input type=\"hidden\" name=\"_wpcf7_version\" value=\"6.1.5\" \/><input type=\"hidden\" name=\"_wpcf7_locale\" value=\"de_DE\" \/><input type=\"hidden\" name=\"_wpcf7_unit_tag\" value=\"wpcf7-f2452-o1\" \/><input type=\"hidden\" name=\"_wpcf7_container_post\" value=\"0\" \/><input type=\"hidden\" name=\"_wpcf7_posted_data_hash\" value=\"\" \/><input type=\"hidden\" name=\"_wpcf7_recaptcha_response\" value=\"\" \/>\n<\/fieldset>\n<p><label> Dein Name<br \/>\n<span class=\"wpcf7-form-control-wrap\" data-name=\"your-name\"><input size=\"40\" maxlength=\"400\" class=\"wpcf7-form-control wpcf7-text wpcf7-validates-as-required\" aria-required=\"true\" aria-invalid=\"false\" value=\"\" type=\"text\" name=\"your-name\" \/><\/span> <\/label>\n<\/p>\n<p><label> Deine E-Mail<br \/>\n<span class=\"wpcf7-form-control-wrap\" data-name=\"your-email\"><input size=\"40\" maxlength=\"400\" class=\"wpcf7-form-control wpcf7-email wpcf7-validates-as-required wpcf7-text wpcf7-validates-as-email\" aria-required=\"true\" aria-invalid=\"false\" value=\"\" type=\"email\" name=\"your-email\" \/><\/span> <\/label>\n<\/p>\n<p><label> Mindestbestellmenge<br \/>\n<span class=\"wpcf7-form-control-wrap\" data-name=\"menu-734\"><select class=\"wpcf7-form-control wpcf7-select wpcf7-validates-as-required\" aria-required=\"true\" aria-invalid=\"false\" name=\"menu-734\"><option value=\"\">&#8211; Bitte ausw\u00e4hlen &#8211;<\/option><option value=\"300\">300<\/option><option value=\"500\">500<\/option><option value=\"1000\">1000<\/option><\/select><\/span> <\/label>\n<\/p>\n<p><label> Ihre Nachricht<br \/>\n<span class=\"wpcf7-form-control-wrap\" data-name=\"your-message\"><textarea cols=\"40\" rows=\"10\" maxlength=\"2000\" class=\"wpcf7-form-control wpcf7-textarea wpcf7-validates-as-required\" aria-required=\"true\" aria-invalid=\"false\" name=\"your-message\"><\/textarea><\/span> <\/label>\n<\/p>\n<p><label> Ihre Datei (optional)<br \/>\n<span class=\"wpcf7-form-control-wrap\" data-name=\"file-978\"><input size=\"40\" class=\"wpcf7-form-control wpcf7-file\" accept=\"audio\/*,video\/*,image\/*\" aria-invalid=\"false\" type=\"file\" name=\"file-978\" \/><\/span> <\/label>\n<\/p>\n<p><span class=\"wpcf7-form-control-wrap\" data-name=\"quiz-747\"><label><span class=\"wpcf7-quiz-label\">2+6=?<\/span> <input size=\"40\" class=\"wpcf7-form-control wpcf7-quiz\" autocomplete=\"off\" aria-required=\"true\" aria-invalid=\"false\" type=\"text\" name=\"quiz-747\" \/><\/label><input type=\"hidden\" name=\"_wpcf7_quiz_answer_quiz-747\" value=\"34fe0dce70d770da3a4b02c0e1fa88fe\" \/><\/span>\n<\/p>\n<p><input class=\"wpcf7-form-control wpcf7-submit has-spinner\" type=\"submit\" value=\"Einreichen\" \/>\n<\/p><div class=\"wpcf7-response-output\" aria-hidden=\"true\"><\/div>\n<\/form>\n<\/div>\n\t\t\n<h3>\n\t\t\tWas k\u00f6nnen wir f\u00fcr Ihr Dobble-Spiel individuell anpassen? \t<\/h3>\n\t\t\t\t<img decoding=\"async\" src=\"https:\/\/www.hicreategames.com\/wp-content\/uploads\/2025\/04\/Dobble-Karten.jpg\" alt=\"Dobble Karten\" itemprop=\"image\" height=\"426\" width=\"640\" title=\"Dobble Karten\" onerror=\"this.style.display='none'\" loading=\"lazy\" \/>\n\t<h5>\n\t\t\t\tKreisf\u00f6rmige Karten\n\t\t\t<\/h5>\n\t\t\t<p>Wir k\u00f6nnen die Anzahl, Gr\u00f6\u00dfe, das Design, den Karton und die Veredelung der runden Karten individuell anpassen, sodass Sie einzigartige Symbole, Farben und Grafiken w\u00e4hlen k\u00f6nnen, die auf Ihr Thema oder Ihre Marke zugeschnitten sind.<\/p>\t\n\t\t\t\t<img decoding=\"async\" src=\"https:\/\/www.hicreategames.com\/wp-content\/uploads\/2025\/04\/Dobble-Symbole.jpg\" alt=\"Dobble-Symbole\" itemprop=\"image\" height=\"426\" width=\"640\" title=\"Dobble-Symbole\" onerror=\"this.style.display='none'\" loading=\"lazy\" \/>\n\t<h5>\n\t\t\t\tSymbole\n\t\t\t<\/h5>\n\t\t\t<p>Wir bieten Ihnen die Flexibilit\u00e4t, individuelle Symbole zu erstellen, die zum Thema Ihres Spiels passen. Ob Sie einzigartige Illustrationen oder Logos w\u00fcnschen, wir k\u00f6nnen diese entwerfen und auf die Karten drucken. <\/p>\n\t\t\t\t<img decoding=\"async\" src=\"https:\/\/www.hicreategames.com\/wp-content\/uploads\/2025\/04\/Dobble-Blechdose.jpg\" alt=\"Dobble-Blechdose\" itemprop=\"image\" height=\"426\" width=\"640\" title=\"Dobble-Blechdose\" onerror=\"this.style.display='none'\" loading=\"lazy\" \/>\n\t<h5>\n\t\t\t\tBlechdose\n\t\t\t<\/h5>\n\t\t\t<p>Unsere individuellen Blechdosen k\u00f6nnen mit Logos, Grafiken und Branding-Elementen personalisiert werden. Sie k\u00f6nnen das Design, die Oberfl\u00e4che und die Farben der Dose ausw\u00e4hlen, um sie an die Gesamt\u00e4sthetik des Spiels anzupassen. <\/p>\n\t<h3>\n\t\t\t\tCharakter-Versionen\n\t\t\t<\/h3>\n\t\t\t<p>Diese thematischen Variationen des Dobble-Spiels sorgen je nach den Interessen der Spieler f\u00fcr zus\u00e4tzliche Spannung und machen das Spiel noch fesselnder.<\/p>\t\n\t\t\t\t<img decoding=\"async\" src=\"https:\/\/www.hicreategames.com\/wp-content\/uploads\/2025\/04\/Tiere-Dobble.jpg\" alt=\"Tiere Dobble\" itemprop=\"image\" height=\"426\" width=\"640\" title=\"Tiere Dobble\" onerror=\"this.style.display='none'\" loading=\"lazy\" \/>\n\t<h5>\n\t\t\t\tTiere Dobble\n\t\t\t<\/h5>\n\t\t\t<p>Die Symbole auf den Karten sind verschiedene Tiere. Die Spieler suchen nach passenden Tieren, wie z. B. einem L\u00f6wen, einem Elefanten oder einem Delfin, die mit dem gleichen Tier auf einer anderen Karte \u00fcbereinstimmen. <\/p>\t\n\t\t\t\t<img decoding=\"async\" src=\"https:\/\/www.hicreategames.com\/wp-content\/uploads\/2025\/04\/Alphabete-Dobble.jpg\" alt=\"Alphabete Dobble\" itemprop=\"image\" height=\"426\" width=\"640\" title=\"Alphabete Dobble\" onerror=\"this.style.display='none'\" loading=\"lazy\" \/>\n\t<h5>\n\t\t\t\tAlphabete Dobble\n\t\t\t<\/h5>\n\t\t\t<p>Jede Karte enth\u00e4lt Buchstaben des Alphabets, wobei das Ziel darin besteht, Buchstaben mit einer anderen Karte zu verbinden. F\u00fcr zus\u00e4tzliche Herausforderungen k\u00f6nnen Gro\u00df- und Kleinbuchstaben verwendet werden! <\/p>\t\n\t\t\t\t<img decoding=\"async\" src=\"https:\/\/www.hicreategames.com\/wp-content\/uploads\/2025\/04\/Animes-Cartoons-Dobble.jpg\" alt=\"Animes Cartoons Dobble\" itemprop=\"image\" height=\"426\" width=\"640\" title=\"Animes Cartoons Dobble\" onerror=\"this.style.display='none'\" loading=\"lazy\" \/>\n\t<h5>\n\t\t\t\tAnimes \/ Cartoons Dobble\n\t\t\t<\/h5>\n\t\t\t<p>Figuren wie Paw Patrol, Pok\u00e9mon oder die Eisk\u00f6nigin aus beliebten Anime- oder Zeichentrickserien. Die Spieler m\u00fcssen Figuren aus derselben Serie oder Zeichentrickserie finden! <\/p>\t\n\t<h3>\n\t\t\t\tSport-Versionen\n\t\t\t<\/h3>\n\t\t\t<p>Mit Versionen zu verschiedenen Sportarten k\u00f6nnen Fans unterschiedlicher Sportarten noch mehr Spa\u00df haben. Hier sind einige Ideen f\u00fcr Versionen zu Fu\u00dfball, Hockey und Baseball: <\/p>\n\t\t\t\t<img decoding=\"async\" src=\"https:\/\/www.hicreategames.com\/wp-content\/uploads\/2025\/04\/Fussball-Dobbel.jpg\" alt=\"Fu\u00dfball-Dobbel\" itemprop=\"image\" height=\"426\" width=\"640\" title=\"Fu\u00dfball-Dobbel\" onerror=\"this.style.display='none'\" loading=\"lazy\" \/>\n\t<h5>\n\t\t\t\tFu\u00dfball-Dobbel\n\t\t\t<\/h5>\n\t\t\t<ul><li><strong>Symbole<\/strong>: Fu\u00dfball, Helm, Torpfosten, Pfeife, Teamlogo, Trikotnummer, Schiedsrichter, Cheerleader, Spielschema, Pokal<\/li><li><strong>Besondere Karten<\/strong>: Touchdown, Fumble, Hail Mary<\/li><li><strong>Thema<\/strong>: NFL oder College Football Motive<\/li><\/ul>\t\n\t\t\t\t<img decoding=\"async\" src=\"https:\/\/www.hicreategames.com\/wp-content\/uploads\/2025\/04\/Hockey-Dobble.jpg\" alt=\"Hockey-Dobble\" itemprop=\"image\" height=\"426\" width=\"640\" title=\"Hockey-Dobble\" onerror=\"this.style.display='none'\" loading=\"lazy\" \/>\n\t<h5>\n\t\t\t\tHockey Dobble\n\t\t\t<\/h5>\n\t\t\t<ul><li><strong>Symbole<\/strong>: Hockeyschl\u00e4ger, Puck, Torwartmaske, Eishockeybahn, Anspielkreis, Zamboni, Powerplay-Symbol, Schiedsrichter, Trikot, Stanley Cup<\/li><li><strong>Besondere Karten<\/strong>: Hattrick, Strafraum, Nachspielzeit<\/li><li><strong>Thema<\/strong>: NHL, Olympische oder lokale Ligen<\/li><\/ul>\t\n\t\t\t\t<img decoding=\"async\" src=\"https:\/\/www.hicreategames.com\/wp-content\/uploads\/2025\/04\/Baseball-Dobble.jpg\" alt=\"Baseball-Dobble\" itemprop=\"image\" height=\"426\" width=\"640\" title=\"Baseball-Dobble\" onerror=\"this.style.display='none'\" loading=\"lazy\" \/>\n\t<h5>\n\t\t\t\tBaseball Dobble\n\t\t\t<\/h5>\n\t\t\t<ul><li><strong>Symbole<\/strong>: Baseball, Schl\u00e4ger, Handschuh, Home Plate, Pitcher&#8217;s Mound, Anzeigetafel, Schiedsrichter, Hot Dog, Dugout, Meisterschaftsring<\/li><li><strong>Besondere Karten<\/strong>: Grand Slam, Home Run, Strikeout<\/li><li><strong>Thema<\/strong>: MLB oder Kleine Liga<\/li><\/ul>\t\n\t<h3>\n\t\t\t\tUrlaubsversionen\n\t\t\t<\/h3>\n\t\t\t<p>Mit den Versionen von Dobble zum Thema Feiertage k\u00f6nnen Sie das Spiel f\u00fcr besondere Anl\u00e4sse noch festlicher gestalten. In diesen Versionen werden die \u00fcblichen Symbole durch Bilder zum Thema Feiertage ersetzt. Hier sind einige unserer Ideen f\u00fcr Feiertagsversionen von Dobble:  <\/p>\t\n\t\t\t\t<img decoding=\"async\" src=\"https:\/\/www.hicreategames.com\/wp-content\/uploads\/2025\/04\/Weihnachts-Dobble.jpg\" alt=\"Weihnachts-Dobble\" itemprop=\"image\" height=\"426\" width=\"640\" title=\"Weihnachts-Dobble\" onerror=\"this.style.display='none'\" loading=\"lazy\" \/>\n\t<h5>\n\t\t\t\tWeihnachts-Dobble\n\t\t\t<\/h5>\n\t\t\t<p>Verwenden Sie Symbole wie Weihnachtsmann, Rentier, Weihnachtsbaum, Schneeflocke, Zuckerstange, Strumpf, Schneemann, Weihnachtsschmuck, Lebkuchenmann, Geschenk, Mistelzweig und Kranz. F\u00fcgen Sie dem Design glitzernde oder metallische Goldelemente hinzu, um eine festliche Atmosph\u00e4re zu schaffen. <\/p>\t\n\t\t\t\t<img decoding=\"async\" src=\"https:\/\/www.hicreategames.com\/wp-content\/uploads\/2025\/04\/Halloween-Dobble.jpg\" alt=\"Halloween-Dobble\" itemprop=\"image\" height=\"426\" width=\"640\" title=\"Halloween-Dobble\" onerror=\"this.style.display='none'\" loading=\"lazy\" \/>\n\t<h5>\n\t\t\t\tHalloween-Dobble\n\t\t\t<\/h5>\n\t\t\t<p>Verwenden Sie Halloween-Elemente wie K\u00fcrbis, Geist, Hexenhut, schwarze Katze, Spinnennetz, Hexenkessel, Fledermaus, Totenkopf, Besen, Vampir, Augapfel und Grabstein. Verleihen Sie den Karten einen besonderen Touch, indem Sie sie im Dunkeln leuchten lassen oder mit gruseligen Motiven gestalten. <\/p>\t\n\t\t\t\t<img decoding=\"async\" src=\"https:\/\/www.hicreategames.com\/wp-content\/uploads\/2025\/04\/Oster-Dobble.jpg\" alt=\"Oster-Dobble\" itemprop=\"image\" height=\"426\" width=\"640\" title=\"Oster-Dobble\" onerror=\"this.style.display='none'\" loading=\"lazy\" \/>\n\t<h5>\n\t\t\t\tOster-Dobble\n\t\t\t<\/h5>\n\t\t\t<p>Ersetzt durch Ostersymbole wie Osterhase, verzierte Eier, K\u00fcken, Korb, Tulpe, Schokoladenhase, Schmetterling, Regenbogen, Lamm, Osterhut, Gummib\u00e4rchen. Entworfen mit pastellfarbenen Hintergr\u00fcnden und Bord\u00fcren mit Fr\u00fchlingsmotiven. <\/p>\t\n\t<h3>\n\t\t\t\tKontaktieren Sie uns\n\t\t\t<\/h3>\n\t\t\t\t<img decoding=\"async\" src=\"https:\/\/www.hicreategames.com\/wp-content\/uploads\/2025\/04\/Individuelles-Dobble-Spiel.jpg\" alt=\"Individuelles Dobble Spiel\" itemprop=\"image\" height=\"600\" width=\"600\" title=\"Individuelles Dobble Spiel\" onerror=\"this.style.display='none'\" loading=\"lazy\" \/>\n\t\n<div class=\"wpcf7 no-js\" id=\"wpcf7-f2452-o2\" lang=\"de-DE\" dir=\"ltr\" data-wpcf7-id=\"2452\">\n<div class=\"screen-reader-response\"><p role=\"status\" aria-live=\"polite\" aria-atomic=\"true\"><\/p> <ul><\/ul><\/div>\n<form action=\"\/de\/wp-json\/wp\/v2\/pages\/19404#wpcf7-f2452-o2\" method=\"post\" class=\"wpcf7-form init\" aria-label=\"Kontaktformular\" enctype=\"multipart\/form-data\" novalidate=\"novalidate\" data-status=\"init\">\n<fieldset class=\"hidden-fields-container\"><input type=\"hidden\" name=\"_wpcf7\" value=\"2452\" \/><input type=\"hidden\" name=\"_wpcf7_version\" value=\"6.1.5\" \/><input type=\"hidden\" name=\"_wpcf7_locale\" value=\"de_DE\" \/><input type=\"hidden\" name=\"_wpcf7_unit_tag\" value=\"wpcf7-f2452-o2\" \/><input type=\"hidden\" name=\"_wpcf7_container_post\" value=\"0\" \/><input type=\"hidden\" name=\"_wpcf7_posted_data_hash\" value=\"\" \/><input type=\"hidden\" name=\"_wpcf7_recaptcha_response\" value=\"\" \/>\n<\/fieldset>\n<p><label> Dein Name<br \/>\n<span class=\"wpcf7-form-control-wrap\" data-name=\"your-name\"><input size=\"40\" maxlength=\"400\" class=\"wpcf7-form-control wpcf7-text wpcf7-validates-as-required\" aria-required=\"true\" aria-invalid=\"false\" value=\"\" type=\"text\" name=\"your-name\" \/><\/span> <\/label>\n<\/p>\n<p><label> Deine E-Mail<br \/>\n<span class=\"wpcf7-form-control-wrap\" data-name=\"your-email\"><input size=\"40\" maxlength=\"400\" class=\"wpcf7-form-control wpcf7-email wpcf7-validates-as-required wpcf7-text wpcf7-validates-as-email\" aria-required=\"true\" aria-invalid=\"false\" value=\"\" type=\"email\" name=\"your-email\" \/><\/span> <\/label>\n<\/p>\n<p><label> Mindestbestellmenge<br \/>\n<span class=\"wpcf7-form-control-wrap\" data-name=\"menu-734\"><select class=\"wpcf7-form-control wpcf7-select wpcf7-validates-as-required\" aria-required=\"true\" aria-invalid=\"false\" name=\"menu-734\"><option value=\"\">&#8211; Bitte ausw\u00e4hlen &#8211;<\/option><option value=\"300\">300<\/option><option value=\"500\">500<\/option><option value=\"1000\">1000<\/option><\/select><\/span> <\/label>\n<\/p>\n<p><label> Ihre Nachricht<br \/>\n<span class=\"wpcf7-form-control-wrap\" data-name=\"your-message\"><textarea cols=\"40\" rows=\"10\" maxlength=\"2000\" class=\"wpcf7-form-control wpcf7-textarea wpcf7-validates-as-required\" aria-required=\"true\" aria-invalid=\"false\" name=\"your-message\"><\/textarea><\/span> <\/label>\n<\/p>\n<p><label> Ihre Datei (optional)<br \/>\n<span class=\"wpcf7-form-control-wrap\" data-name=\"file-978\"><input size=\"40\" class=\"wpcf7-form-control wpcf7-file\" accept=\"audio\/*,video\/*,image\/*\" aria-invalid=\"false\" type=\"file\" name=\"file-978\" \/><\/span> <\/label>\n<\/p>\n<p><span class=\"wpcf7-form-control-wrap\" data-name=\"quiz-747\"><label><span class=\"wpcf7-quiz-label\">2+6=?<\/span> <input size=\"40\" class=\"wpcf7-form-control wpcf7-quiz\" autocomplete=\"off\" aria-required=\"true\" aria-invalid=\"false\" type=\"text\" name=\"quiz-747\" \/><\/label><input type=\"hidden\" name=\"_wpcf7_quiz_answer_quiz-747\" value=\"34fe0dce70d770da3a4b02c0e1fa88fe\" \/><\/span>\n<\/p>\n<p><input class=\"wpcf7-form-control wpcf7-submit has-spinner\" type=\"submit\" value=\"Einreichen\" \/>\n<\/p><div class=\"wpcf7-response-output\" aria-hidden=\"true\"><\/div>\n<\/form>\n<\/div>\n\n\n","protected":false},"excerpt":{"rendered":"<p>Individuelles Dobble Spiel Die Anpassung des klassischen Dobble an Ihre individuellen W\u00fcnsche kann ein unterhaltsames und kreatives Projekt sein. Angebot Einholen Was k\u00f6nnen wir f\u00fcr Ihr Dobble-Spiel individuell anpassen? Kreisf\u00f6rmige Karten Wir k\u00f6nnen die Anzahl, Gr\u00f6\u00dfe, das Design, den Karton und die Veredelung der runden Karten individuell anpassen, sodass Sie [&hellip;]<\/p>\n","protected":false},"author":1,"featured_media":0,"parent":0,"menu_order":0,"comment_status":"closed","ping_status":"closed","template":"","meta":{"site-sidebar-layout":"no-sidebar","site-content-layout":"page-builder","ast-site-content-layout":"full-width-container","site-content-style":"unboxed","site-sidebar-style":"unboxed","ast-global-header-display":"","ast-banner-title-visibility":"","ast-main-header-display":"","ast-hfb-above-header-display":"","ast-hfb-below-header-display":"","ast-hfb-mobile-header-display":"","site-post-title":"disabled","ast-breadcrumbs-content":"","ast-featured-img":"disabled","footer-sml-layout":"","ast-disable-related-posts":"","theme-transparent-header-meta":"default","adv-header-id-meta":"","stick-header-meta":"default","header-above-stick-meta":"","header-main-stick-meta":"","header-below-stick-meta":"","astra-migrate-meta-layouts":"default","ast-page-background-enabled":"default","ast-page-background-meta":{"desktop":{"background-color":"","background-image":"","background-repeat":"repeat","background-position":"center center","background-size":"auto","background-attachment":"scroll","background-type":"","background-media":"","overlay-type":"","overlay-color":"","overlay-opacity":"","overlay-gradient":""},"tablet":{"background-color":"","background-image":"","background-repeat":"repeat","background-position":"center center","background-size":"auto","background-attachment":"scroll","background-type":"","background-media":"","overlay-type":"","overlay-color":"","overlay-opacity":"","overlay-gradient":""},"mobile":{"background-color":"","background-image":"","background-repeat":"repeat","background-position":"center center","background-size":"auto","background-attachment":"scroll","background-type":"","background-media":"","overlay-type":"","overlay-color":"","overlay-opacity":"","overlay-gradient":""}},"ast-content-background-meta":{"desktop":{"background-color":"var(--ast-global-color-5)","background-image":"","background-repeat":"repeat","background-position":"center center","background-size":"auto","background-attachment":"scroll","background-type":"","background-media":"","overlay-type":"","overlay-color":"","overlay-opacity":"","overlay-gradient":""},"tablet":{"background-color":"var(--ast-global-color-5)","background-image":"","background-repeat":"repeat","background-position":"center center","background-size":"auto","background-attachment":"scroll","background-type":"","background-media":"","overlay-type":"","overlay-color":"","overlay-opacity":"","overlay-gradient":""},"mobile":{"background-color":"var(--ast-global-color-5)","background-image":"","background-repeat":"repeat","background-position":"center center","background-size":"auto","background-attachment":"scroll","background-type":"","background-media":"","overlay-type":"","overlay-color":"","overlay-opacity":"","overlay-gradient":""}},"footnotes":""},"class_list":["post-19404","page","type-page","status-publish","hentry"],"_links":{"self":[{"href":"https:\/\/www.hicreategames.com\/de\/wp-json\/wp\/v2\/pages\/19404","targetHints":{"allow":["GET"]}}],"collection":[{"href":"https:\/\/www.hicreategames.com\/de\/wp-json\/wp\/v2\/pages"}],"about":[{"href":"https:\/\/www.hicreategames.com\/de\/wp-json\/wp\/v2\/types\/page"}],"author":[{"embeddable":true,"href":"https:\/\/www.hicreategames.com\/de\/wp-json\/wp\/v2\/users\/1"}],"replies":[{"embeddable":true,"href":"https:\/\/www.hicreategames.com\/de\/wp-json\/wp\/v2\/comments?post=19404"}],"version-history":[{"count":3,"href":"https:\/\/www.hicreategames.com\/de\/wp-json\/wp\/v2\/pages\/19404\/revisions"}],"predecessor-version":[{"id":24733,"href":"https:\/\/www.hicreategames.com\/de\/wp-json\/wp\/v2\/pages\/19404\/revisions\/24733"}],"wp:attachment":[{"href":"https:\/\/www.hicreategames.com\/de\/wp-json\/wp\/v2\/media?parent=19404"}],"curies":[{"name":"wp","href":"https:\/\/api.w.org\/{rel}","templated":true}]}}