{"id":20179,"date":"2024-12-15T08:50:31","date_gmt":"2024-12-15T08:50:31","guid":{"rendered":"https:\/\/www.hicreategames.com\/trink-kartenspiel\/"},"modified":"2025-08-26T03:28:05","modified_gmt":"2025-08-26T03:28:05","slug":"trink-kartenspiel","status":"publish","type":"page","link":"https:\/\/www.hicreategames.com\/de\/trink-kartenspiel\/","title":{"rendered":"Trink Kartenspiel"},"content":{"rendered":"\n\n\t<h2>\n\t\t\t\tTrink Kartenspiel\n\t\t\t<\/h2>\n\t<p>Wir sind spezialisiert auf die Erstellung personalisierter, hochwertiger Trink-Kartenspiele, die auf Ihr individuelles Thema und Ihren Stil zugeschnitten sind. <\/p>\n<p>Mit unz\u00e4hligen Anpassungsm\u00f6glichkeiten, langlebigen Materialien und professionellen Druck- und Verpackungsl\u00f6sungen sorgen wir daf\u00fcr, dass Ihr Trinkspiel auf jeder Party, Veranstaltung oder jedem Treffen auff\u00e4llt.<\/p>\n\t\t\t<a href=\"#\" role=\"button\">\n\t\t\t\t\t\t\tAngebot Einholen\n\t\t\t\t\t<\/a>\n\t\t\t\n<div class=\"wpcf7 no-js\" id=\"wpcf7-f2452-o1\" lang=\"de-DE\" dir=\"ltr\" data-wpcf7-id=\"2452\">\n<div class=\"screen-reader-response\"><p role=\"status\" aria-live=\"polite\" aria-atomic=\"true\"><\/p> <ul><\/ul><\/div>\n<form action=\"\/de\/wp-json\/wp\/v2\/pages\/20179#wpcf7-f2452-o1\" method=\"post\" class=\"wpcf7-form init\" aria-label=\"Kontaktformular\" enctype=\"multipart\/form-data\" novalidate=\"novalidate\" data-status=\"init\">\n<fieldset class=\"hidden-fields-container\"><input type=\"hidden\" name=\"_wpcf7\" value=\"2452\" \/><input type=\"hidden\" name=\"_wpcf7_version\" value=\"6.1.5\" \/><input type=\"hidden\" name=\"_wpcf7_locale\" value=\"de_DE\" \/><input type=\"hidden\" name=\"_wpcf7_unit_tag\" value=\"wpcf7-f2452-o1\" \/><input type=\"hidden\" name=\"_wpcf7_container_post\" value=\"0\" \/><input type=\"hidden\" name=\"_wpcf7_posted_data_hash\" value=\"\" \/><input type=\"hidden\" name=\"_wpcf7_recaptcha_response\" value=\"\" \/>\n<\/fieldset>\n<p><label> Dein Name<br \/>\n<span class=\"wpcf7-form-control-wrap\" data-name=\"your-name\"><input size=\"40\" maxlength=\"400\" class=\"wpcf7-form-control wpcf7-text wpcf7-validates-as-required\" aria-required=\"true\" aria-invalid=\"false\" value=\"\" type=\"text\" name=\"your-name\" \/><\/span> <\/label>\n<\/p>\n<p><label> Deine E-Mail<br \/>\n<span class=\"wpcf7-form-control-wrap\" data-name=\"your-email\"><input size=\"40\" maxlength=\"400\" class=\"wpcf7-form-control wpcf7-email wpcf7-validates-as-required wpcf7-text wpcf7-validates-as-email\" aria-required=\"true\" aria-invalid=\"false\" value=\"\" type=\"email\" name=\"your-email\" \/><\/span> <\/label>\n<\/p>\n<p><label> Mindestbestellmenge<br \/>\n<span class=\"wpcf7-form-control-wrap\" data-name=\"menu-734\"><select class=\"wpcf7-form-control wpcf7-select wpcf7-validates-as-required\" aria-required=\"true\" aria-invalid=\"false\" name=\"menu-734\"><option value=\"\">&#8211; Bitte ausw\u00e4hlen &#8211;<\/option><option value=\"300\">300<\/option><option value=\"500\">500<\/option><option value=\"1000\">1000<\/option><\/select><\/span> <\/label>\n<\/p>\n<p><label> Ihre Nachricht<br \/>\n<span class=\"wpcf7-form-control-wrap\" data-name=\"your-message\"><textarea cols=\"40\" rows=\"10\" maxlength=\"2000\" class=\"wpcf7-form-control wpcf7-textarea wpcf7-validates-as-required\" aria-required=\"true\" aria-invalid=\"false\" name=\"your-message\"><\/textarea><\/span> <\/label>\n<\/p>\n<p><label> Ihre Datei (optional)<br \/>\n<span class=\"wpcf7-form-control-wrap\" data-name=\"file-978\"><input size=\"40\" class=\"wpcf7-form-control wpcf7-file\" accept=\"audio\/*,video\/*,image\/*\" aria-invalid=\"false\" type=\"file\" name=\"file-978\" \/><\/span> <\/label>\n<\/p>\n<p><span class=\"wpcf7-form-control-wrap\" data-name=\"quiz-747\"><label><span class=\"wpcf7-quiz-label\">2+6=?<\/span> <input size=\"40\" class=\"wpcf7-form-control wpcf7-quiz\" autocomplete=\"off\" aria-required=\"true\" aria-invalid=\"false\" type=\"text\" name=\"quiz-747\" \/><\/label><input type=\"hidden\" name=\"_wpcf7_quiz_answer_quiz-747\" value=\"34fe0dce70d770da3a4b02c0e1fa88fe\" \/><\/span>\n<\/p>\n<p><input class=\"wpcf7-form-control wpcf7-submit has-spinner\" type=\"submit\" value=\"Einreichen\" \/>\n<\/p><div class=\"wpcf7-response-output\" aria-hidden=\"true\"><\/div>\n<\/form>\n<\/div>\n\t\t\n<h3>\n\t\t\tIndividualisierungsoptionen f\u00fcr Ihr Trinkspiel\t<\/h3>\n\t\t\t\t<img decoding=\"async\" src=\"https:\/\/www.hicreategames.com\/wp-content\/uploads\/2025\/04\/Themen-fuer-Trink-Kartenspiel.jpg\" alt=\"Themen f\u00fcr Trink Kartenspiel\" itemprop=\"image\" height=\"426\" width=\"640\" title=\"Themen f\u00fcr Trink Kartenspiel\" onerror=\"this.style.display='none'\" loading=\"lazy\" \/>\n\t<h5>\n\t\t\t\tThemen und Konzepte\n\t\t\t<\/h5>\n\t\t\t<p>Mit einer gro\u00dfen Auswahl an Themen, von Partyhumor bis hin zu Fantasy-Abenteuern, die auf Ihre Veranstaltung, Ihre Marke oder Ihre einzigartigen Storytelling-Konzepte zugeschnitten sind.<\/p>\n\t\t\t\t<img decoding=\"async\" src=\"https:\/\/www.hicreategames.com\/wp-content\/uploads\/2025\/04\/Design-der-Trink-Kartenspiel.jpg\" alt=\"Design der Trink Kartenspiel\" itemprop=\"image\" height=\"426\" width=\"640\" title=\"Design der Trink Kartenspiel\" onerror=\"this.style.display='none'\" loading=\"lazy\" \/>\n\t<h5>\n\t\t\t\tKartendesign &amp; Artwork\n\t\t\t<\/h5>\n\t\t\t<p>Unser Team entwirft atemberaubende Kartendesigns mit individuellen Illustrationen, lebendigen Farben und einzigartigen Stilen, damit jede Karte Ihrer kreativen Vision entspricht.<\/p>\n\t\t\t\t<img decoding=\"async\" src=\"https:\/\/www.hicreategames.com\/wp-content\/uploads\/2025\/04\/Arten-von-Trink-Kartenspiel.jpg\" alt=\"Arten von Trink Kartenspiel\" itemprop=\"image\" height=\"426\" width=\"640\" title=\"Arten von Trink Kartenspiel\" onerror=\"this.style.display='none'\" loading=\"lazy\" \/>\n\t<h5>\n\t\t\t\tKarten-Typen\n\t\t\t<\/h5>\n\t\t\t<p>Wir bieten vielseitige, individuell gestaltbare Kartentypen zum Thema Trinken, darunter Herausforderungskarten, Trinkaktionskarten, Quizkarten, \u00dcberspringkarten und Umkehrkarten.<\/p>\n\t\t\t\t<img decoding=\"async\" src=\"https:\/\/www.hicreategames.com\/wp-content\/uploads\/2025\/04\/Regeln-fuer-Trink-Kartenspiel.jpg\" alt=\"Regeln f\u00fcr Trink Kartenspiel\" itemprop=\"image\" height=\"426\" width=\"640\" title=\"Regeln f\u00fcr Trink Kartenspiel\" onerror=\"this.style.display='none'\" loading=\"lazy\" \/>\n\t<h5>\n\t\t\t\tSpielregeln &amp; Aktionen\n\t\t\t<\/h5>\n\t\t\t<p>Vereinfachen Sie komplexe Ideen zu fesselnden Spielmechaniken. Wir bieten einen Service zur individuellen Anpassung der Regeln und Aktionen, damit diese Ihrem gew\u00fcnschten Spielstil entsprechen. <\/p>\n\t\t\t\t<img decoding=\"async\" src=\"https:\/\/www.hicreategames.com\/wp-content\/uploads\/2025\/04\/Spielmaterial-fuer-Trink-Kartenspiel.jpg\" alt=\"Spielmaterial f\u00fcr Trink Kartenspiel\" itemprop=\"image\" height=\"426\" width=\"640\" title=\"Spielmaterial f\u00fcr Trink Kartenspiel\" onerror=\"this.style.display='none'\" loading=\"lazy\" \/>\n\t<h5>\n\t\t\t\tSpiel Komponenten\n\t\t\t<\/h5>\n\t\t\t<p>\u00dcber die Karten hinaus bieten wir individuelle Schnapsgl\u00e4ser, Spielsteine, W\u00fcrfel, Drehscheiben und andere Spielkomponenten, die alle auf das Thema Ihres Trinkspiels abgestimmt sind.<\/p>\n\t\t\t\t<img decoding=\"async\" src=\"https:\/\/www.hicreategames.com\/wp-content\/uploads\/2025\/04\/Verpackung-fuer-Trink-Kartenspiel.jpg\" alt=\"Verpackung f\u00fcr Trink Kartenspiel\" itemprop=\"image\" height=\"426\" width=\"640\" title=\"Verpackung f\u00fcr Trink Kartenspiel\" onerror=\"this.style.display='none'\" loading=\"lazy\" \/>\n\t<h5>\n\t\t\t\tVerpackung &amp; Box Design\n\t\t\t<\/h5>\n\t\t\t<p>Heben Sie sich mit individuellen Verpackungen ab, von eleganten Schachteln bis hin zu umweltfreundlichen Optionen, mit ma\u00dfgeschneiderten Grafiken und Einlagen f\u00fcr ein unvergessliches Auspackerlebnis.<\/p>\n\t<h3>\n\t\t\t\tUnsere Copyright-Trinkspiele\n\t\t\t<\/h3>\n\t\t\t\t<img decoding=\"async\" src=\"https:\/\/www.hicreategames.com\/wp-content\/uploads\/2025\/04\/Abenteuer-oder-Getraenk-A.jpg\" alt=\"Abenteuer oder Getr\u00e4nk - A\" itemprop=\"image\" height=\"426\" width=\"640\" title=\"Abenteuer oder Getr\u00e4nk - A\" onerror=\"this.style.display='none'\" loading=\"lazy\" \/>\n\t<h5>\n\t\t\t\tAbenteuer oder Getr\u00e4nk &#8211; A\n\t\t\t<\/h5>\n\t\t\t<ul>\n<li>Einzelgr\u00f6\u00dfe: 8*12*3,2 cm<\/li>\n<li>Kartengr\u00f6\u00dfe: 60 St\u00fcck 6,8*10,8 cm<\/li>\n<li>Packung: 54 Satz\/Karton<\/li>\n<li>Gr\u00f6\u00dfe des Kartons: 27*26*31 cm<\/li>\n<li>Gewicht des Kartons: 14kg\/Karton<\/li>\n<\/ul>\n\t\t\t\t<img decoding=\"async\" src=\"https:\/\/www.hicreategames.com\/wp-content\/uploads\/2025\/04\/Abenteuer-oder-Getraenk-B.jpg\" alt=\"Abenteuer oder Getr\u00e4nk - B\" itemprop=\"image\" height=\"426\" width=\"640\" title=\"Abenteuer oder Getr\u00e4nk - B\" onerror=\"this.style.display='none'\" loading=\"lazy\" \/>\n\t<h5>\n\t\t\t\tAbenteuer oder Getr\u00e4nk &#8211; B\n\t\t\t<\/h5>\n\t\t\t<ul>\n<li>Einzelgr\u00f6\u00dfe: 22*22*4.4 cm<\/li>\n<li>Kartengr\u00f6\u00dfe: 60 St\u00fcck 6,8*10,8 cm<\/li>\n<li>Schnapsgl\u00e4ser: 4St\u00fcck<\/li>\n<li>Schachtelpackung: 16 Satz\/Karton<\/li>\n<li>Gr\u00f6\u00dfe des Kartons: 46*46*20 cm<\/li>\n<li>Gewicht des Kartons: 9kg\/Karton<\/li>\n<\/ul>\n\t\t\t\t<img decoding=\"async\" src=\"https:\/\/www.hicreategames.com\/wp-content\/uploads\/2025\/04\/Abenteuer-oder-Getraenk-C.jpg\" alt=\"Abenteuer oder Getr\u00e4nk - C\" itemprop=\"image\" height=\"426\" width=\"640\" title=\"Abenteuer oder Getr\u00e4nk - C\" onerror=\"this.style.display='none'\" loading=\"lazy\" \/>\n\t<h5>\n\t\t\t\tAbenteuer oder Getr\u00e4nk &#8211; C\n\t\t\t<\/h5>\n\t\t\t<ul>\n<li>Einzelgr\u00f6\u00dfe: 9,8*8,2*2,95 cm<\/li>\n<li>Kartengr\u00f6\u00dfe: 50 St\u00fcck 6,3*8,8 cm<\/li>\n<li>Schachtelpackung: 100 Satz\/Karton<\/li>\n<li>Gr\u00f6\u00dfe des Kartons: 44*21*33.5 cm<\/li>\n<li>Gewicht des Kartons: 15.5kg\/Karton<\/li>\n<\/ul>\n\t\t\t\t<img decoding=\"async\" src=\"https:\/\/www.hicreategames.com\/wp-content\/uploads\/2025\/04\/Wahrheit-Pflicht-Trinkspiel.jpg\" alt=\"Wahrheit &amp; Pflicht-Trinkspiel\" itemprop=\"image\" height=\"426\" width=\"640\" title=\"Wahrheit &amp; Pflicht-Trinkspiel\" onerror=\"this.style.display='none'\" loading=\"lazy\" \/>\n\t<h5>\n\t\t\t\tWahrheit &amp; Pflicht-Trinkspiel\n\t\t\t<\/h5>\n\t\t\t<ul>\n<li>Einzelgr\u00f6\u00dfe: 14,3*10*2,95 cm<\/li>\n<li>Kartengr\u00f6\u00dfe: 110 St\u00fcck 6,3*8,8 cm<\/li>\n<li>Schachtelpackung: 40 Satz\/Karton<\/li>\n<li>Gr\u00f6\u00dfe des Kartons: 32*30,5*22 cm<\/li>\n<li>Gewicht des Kartons: 11.5kg\/Karton<\/li>\n<\/ul>\n\t\t\t\t<img decoding=\"async\" src=\"https:\/\/www.hicreategames.com\/wp-content\/uploads\/2025\/04\/Zufall-oder-Getraenk.jpg\" alt=\"Zufall oder Getr\u00e4nk\" itemprop=\"image\" height=\"426\" width=\"640\" title=\"Zufall oder Getr\u00e4nk\" onerror=\"this.style.display='none'\" loading=\"lazy\" \/>\n\t<h5>\n\t\t\t\tZufall oder Getr\u00e4nk\n\t\t\t<\/h5>\n\t\t\t<ul>\n<li>Einzelgr\u00f6\u00dfe: 7,7*7,7*10,7 cm<\/li>\n<li>Kartengr\u00f6\u00dfe: 154 St\u00fcck 6,3*8,8 cm<\/li>\n<li>Packung: 46 Satz\/Karton<\/li>\n<li>Gr\u00f6\u00dfe des Kartons: 23.1*23.1*53.5 cm<\/li>\n<li>Gewicht des Kartons: 15kg\/Karton<\/li>\n<\/ul>\n\t\t\t\t<img decoding=\"async\" src=\"https:\/\/www.hicreategames.com\/wp-content\/uploads\/2025\/04\/Lustiges-Partyspiel.jpg\" alt=\"Lustiges Partyspiel\" itemprop=\"image\" height=\"426\" width=\"640\" title=\"Lustiges Partyspiel\" onerror=\"this.style.display='none'\" loading=\"lazy\" \/>\n\t<h5>\n\t\t\t\tLustiges Partyspiel\n\t\t\t<\/h5>\n\t\t\t<ul><li>R\u00f6hrenbox: H\u00f6he 24cm, Durchmesser 5,5cm<\/li><li>Holzstab: 50 Stck. 22*1 cm<\/li><li>Packung: 36 Satz\/Karton<\/li><li>Gr\u00f6\u00dfe des Kartons: 34*34*25.5 cm<\/li><li>Gewicht des Kartons: 8.2kg\/Karton<\/li><\/ul>\t\n\t<h3>\n\t\t\t\tKontaktieren Sie uns\n\t\t\t<\/h3>\n\t\t\t\t<img decoding=\"async\" src=\"https:\/\/www.hicreategames.com\/wp-content\/uploads\/2025\/04\/Trinkkartenspiele-fuer-Erwachsene.jpg\" alt=\"Trinkkartenspiele f\u00fcr Erwachsene\" itemprop=\"image\" height=\"500\" width=\"500\" title=\"Trinkkartenspiele f\u00fcr Erwachsene\" onerror=\"this.style.display='none'\" loading=\"lazy\" \/>\n\t\n<div class=\"wpcf7 no-js\" id=\"wpcf7-f2452-o2\" lang=\"de-DE\" dir=\"ltr\" data-wpcf7-id=\"2452\">\n<div class=\"screen-reader-response\"><p role=\"status\" aria-live=\"polite\" aria-atomic=\"true\"><\/p> <ul><\/ul><\/div>\n<form action=\"\/de\/wp-json\/wp\/v2\/pages\/20179#wpcf7-f2452-o2\" method=\"post\" class=\"wpcf7-form init\" aria-label=\"Kontaktformular\" enctype=\"multipart\/form-data\" novalidate=\"novalidate\" data-status=\"init\">\n<fieldset class=\"hidden-fields-container\"><input type=\"hidden\" name=\"_wpcf7\" value=\"2452\" \/><input type=\"hidden\" name=\"_wpcf7_version\" value=\"6.1.5\" \/><input type=\"hidden\" name=\"_wpcf7_locale\" value=\"de_DE\" \/><input type=\"hidden\" name=\"_wpcf7_unit_tag\" value=\"wpcf7-f2452-o2\" \/><input type=\"hidden\" name=\"_wpcf7_container_post\" value=\"0\" \/><input type=\"hidden\" name=\"_wpcf7_posted_data_hash\" value=\"\" \/><input type=\"hidden\" name=\"_wpcf7_recaptcha_response\" value=\"\" \/>\n<\/fieldset>\n<p><label> Dein Name<br \/>\n<span class=\"wpcf7-form-control-wrap\" data-name=\"your-name\"><input size=\"40\" maxlength=\"400\" class=\"wpcf7-form-control wpcf7-text wpcf7-validates-as-required\" aria-required=\"true\" aria-invalid=\"false\" value=\"\" type=\"text\" name=\"your-name\" \/><\/span> <\/label>\n<\/p>\n<p><label> Deine E-Mail<br \/>\n<span class=\"wpcf7-form-control-wrap\" data-name=\"your-email\"><input size=\"40\" maxlength=\"400\" class=\"wpcf7-form-control wpcf7-email wpcf7-validates-as-required wpcf7-text wpcf7-validates-as-email\" aria-required=\"true\" aria-invalid=\"false\" value=\"\" type=\"email\" name=\"your-email\" \/><\/span> <\/label>\n<\/p>\n<p><label> Mindestbestellmenge<br \/>\n<span class=\"wpcf7-form-control-wrap\" data-name=\"menu-734\"><select class=\"wpcf7-form-control wpcf7-select wpcf7-validates-as-required\" aria-required=\"true\" aria-invalid=\"false\" name=\"menu-734\"><option value=\"\">&#8211; Bitte ausw\u00e4hlen &#8211;<\/option><option value=\"300\">300<\/option><option value=\"500\">500<\/option><option value=\"1000\">1000<\/option><\/select><\/span> <\/label>\n<\/p>\n<p><label> Ihre Nachricht<br \/>\n<span class=\"wpcf7-form-control-wrap\" data-name=\"your-message\"><textarea cols=\"40\" rows=\"10\" maxlength=\"2000\" class=\"wpcf7-form-control wpcf7-textarea wpcf7-validates-as-required\" aria-required=\"true\" aria-invalid=\"false\" name=\"your-message\"><\/textarea><\/span> <\/label>\n<\/p>\n<p><label> Ihre Datei (optional)<br \/>\n<span class=\"wpcf7-form-control-wrap\" data-name=\"file-978\"><input size=\"40\" class=\"wpcf7-form-control wpcf7-file\" accept=\"audio\/*,video\/*,image\/*\" aria-invalid=\"false\" type=\"file\" name=\"file-978\" \/><\/span> <\/label>\n<\/p>\n<p><span class=\"wpcf7-form-control-wrap\" data-name=\"quiz-747\"><label><span class=\"wpcf7-quiz-label\">2+6=?<\/span> <input size=\"40\" class=\"wpcf7-form-control wpcf7-quiz\" autocomplete=\"off\" aria-required=\"true\" aria-invalid=\"false\" type=\"text\" name=\"quiz-747\" \/><\/label><input type=\"hidden\" name=\"_wpcf7_quiz_answer_quiz-747\" value=\"34fe0dce70d770da3a4b02c0e1fa88fe\" \/><\/span>\n<\/p>\n<p><input class=\"wpcf7-form-control wpcf7-submit has-spinner\" type=\"submit\" value=\"Einreichen\" \/>\n<\/p><div class=\"wpcf7-response-output\" aria-hidden=\"true\"><\/div>\n<\/form>\n<\/div>\n\n\n","protected":false},"excerpt":{"rendered":"<p>Trink Kartenspiel Wir sind spezialisiert auf die Erstellung personalisierter, hochwertiger Trink-Kartenspiele, die auf Ihr individuelles Thema und Ihren Stil zugeschnitten sind. Mit unz\u00e4hligen Anpassungsm\u00f6glichkeiten, langlebigen Materialien und professionellen Druck- und Verpackungsl\u00f6sungen sorgen wir daf\u00fcr, dass Ihr Trinkspiel auf jeder Party, Veranstaltung oder jedem Treffen auff\u00e4llt. Angebot Einholen Individualisierungsoptionen f\u00fcr Ihr [&hellip;]<\/p>\n","protected":false},"author":1,"featured_media":0,"parent":0,"menu_order":0,"comment_status":"closed","ping_status":"closed","template":"","meta":{"site-sidebar-layout":"no-sidebar","site-content-layout":"page-builder","ast-site-content-layout":"full-width-container","site-content-style":"unboxed","site-sidebar-style":"unboxed","ast-global-header-display":"","ast-banner-title-visibility":"","ast-main-header-display":"","ast-hfb-above-header-display":"","ast-hfb-below-header-display":"","ast-hfb-mobile-header-display":"","site-post-title":"disabled","ast-breadcrumbs-content":"","ast-featured-img":"disabled","footer-sml-layout":"","ast-disable-related-posts":"","theme-transparent-header-meta":"default","adv-header-id-meta":"","stick-header-meta":"default","header-above-stick-meta":"","header-main-stick-meta":"","header-below-stick-meta":"","astra-migrate-meta-layouts":"default","ast-page-background-enabled":"default","ast-page-background-meta":{"desktop":{"background-color":"","background-image":"","background-repeat":"repeat","background-position":"center center","background-size":"auto","background-attachment":"scroll","background-type":"","background-media":"","overlay-type":"","overlay-color":"","overlay-opacity":"","overlay-gradient":""},"tablet":{"background-color":"","background-image":"","background-repeat":"repeat","background-position":"center center","background-size":"auto","background-attachment":"scroll","background-type":"","background-media":"","overlay-type":"","overlay-color":"","overlay-opacity":"","overlay-gradient":""},"mobile":{"background-color":"","background-image":"","background-repeat":"repeat","background-position":"center center","background-size":"auto","background-attachment":"scroll","background-type":"","background-media":"","overlay-type":"","overlay-color":"","overlay-opacity":"","overlay-gradient":""}},"ast-content-background-meta":{"desktop":{"background-color":"var(--ast-global-color-5)","background-image":"","background-repeat":"repeat","background-position":"center center","background-size":"auto","background-attachment":"scroll","background-type":"","background-media":"","overlay-type":"","overlay-color":"","overlay-opacity":"","overlay-gradient":""},"tablet":{"background-color":"var(--ast-global-color-5)","background-image":"","background-repeat":"repeat","background-position":"center center","background-size":"auto","background-attachment":"scroll","background-type":"","background-media":"","overlay-type":"","overlay-color":"","overlay-opacity":"","overlay-gradient":""},"mobile":{"background-color":"var(--ast-global-color-5)","background-image":"","background-repeat":"repeat","background-position":"center center","background-size":"auto","background-attachment":"scroll","background-type":"","background-media":"","overlay-type":"","overlay-color":"","overlay-opacity":"","overlay-gradient":""}},"footnotes":""},"class_list":["post-20179","page","type-page","status-publish","hentry"],"_links":{"self":[{"href":"https:\/\/www.hicreategames.com\/de\/wp-json\/wp\/v2\/pages\/20179","targetHints":{"allow":["GET"]}}],"collection":[{"href":"https:\/\/www.hicreategames.com\/de\/wp-json\/wp\/v2\/pages"}],"about":[{"href":"https:\/\/www.hicreategames.com\/de\/wp-json\/wp\/v2\/types\/page"}],"author":[{"embeddable":true,"href":"https:\/\/www.hicreategames.com\/de\/wp-json\/wp\/v2\/users\/1"}],"replies":[{"embeddable":true,"href":"https:\/\/www.hicreategames.com\/de\/wp-json\/wp\/v2\/comments?post=20179"}],"version-history":[{"count":3,"href":"https:\/\/www.hicreategames.com\/de\/wp-json\/wp\/v2\/pages\/20179\/revisions"}],"predecessor-version":[{"id":24747,"href":"https:\/\/www.hicreategames.com\/de\/wp-json\/wp\/v2\/pages\/20179\/revisions\/24747"}],"wp:attachment":[{"href":"https:\/\/www.hicreategames.com\/de\/wp-json\/wp\/v2\/media?parent=20179"}],"curies":[{"name":"wp","href":"https:\/\/api.w.org\/{rel}","templated":true}]}}