{"id":2417,"date":"2017-07-11T08:54:31","date_gmt":"2017-07-11T08:54:31","guid":{"rendered":"https:\/\/www.hicreategames.com\/startseite\/"},"modified":"2025-08-25T07:44:51","modified_gmt":"2025-08-25T07:44:51","slug":"startseite","status":"publish","type":"page","link":"https:\/\/www.hicreategames.com\/de\/","title":{"rendered":"Startseite"},"content":{"rendered":"\n\n\t\t\t\t<img decoding=\"async\" src=\"https:\/\/www.hicreategames.com\/wp-content\/uploads\/2021\/03\/home.png\" alt=\"home\" title=\"home\" itemprop=\"image\"\/>\n\t<h1>\n\t\t\t\tHersteller von Tabletop-Spielen und Spielfiguren\n\t\t\t<\/h1>\n\t\t\t<p>OEM- und ODM-Service<\/p>\t\n\t\t\t<a href=\"https:\/\/www.hicreategames.com\/de\/projekte\/\" title=\"Hier klicken\" target=\"_self\"   role=\"button\" aria-label=\"\u00dcberpr\u00fcfen Sie unsere Projekte\">\n\t\t\t\t\t\t\t\u00dcberpr\u00fcfen Sie unsere Projekte\n\t\t<\/a>\n\t\t\t<a href=\"https:\/\/www.hicreategames.com\/de\/kontaktiere-uns\/\" title=\"Hier klicken\" target=\"_self\"   role=\"button\" aria-label=\"Holen Sie sich jetzt ein Angebot ein\">\n\t\t\t\t\t\t\tHolen Sie sich jetzt ein Angebot ein\n\t\t<\/a>\n\t<h3>\n\t\t\t\tWillkommen bei Hicreate Games\n\t\t\t<\/h3>\n\t\t\t<p>Hier verwirklichen wir Ihre Spielideen.<\/p>\t\n\t<p>Jiangsu Hicreate Entertainment Co., Ltd. wurde 2015 gegr\u00fcndet und ist ein f\u00fchrender Hersteller von Brett- und Kartenspielen. Wir sind spezialisiert auf die Forschung, Entwicklung, Anpassung, Herstellung und den Vertrieb aller Arten von Brett- und Kartenspielen sowie relevanter Spielkomponenten wie Spielfiguren, Miniaturen und W\u00fcrfel.<\/p>\n<p>Wir verf\u00fcgen \u00fcber ein eigenes Design- und Serviceteam, das Kunden weltweit betreut. <\/p>\n<p>Wir laden Sie herzlich ein, unser Unternehmen zu besuchen und eine Gesch\u00e4ftsbeziehung mit uns aufzubauen.<\/p>\n\t\t<meta itemprop=\"url\" content=\"https:\/\/www.hicreategames.com\/wp-content\/uploads\/2022\/04\/Custom-Board-Games-Design-Partner-Company.mp4\" \/><div style=\"width: 640px;\" class=\"wp-video\"><video class=\"wp-video-shortcode\" id=\"video-2417-1\" width=\"640\" height=\"360\" poster=\"https:\/\/www.hicreategames.com\/wp-content\/uploads\/2025\/08\/Company-Introduction-Video.jpg\" preload=\"none\" controls=\"controls\"><source type=\"video\/mp4\" src=\"https:\/\/www.hicreategames.com\/wp-content\/uploads\/2022\/04\/Custom-Board-Games-Design-Partner-Company.mp4?_=1\" \/><source type=\"video\/mp4\" src=\"https:\/\/www.hicreategames.com\/wp-content\/uploads\/2022\/04\/Custom-Board-Games-Design-Partner-Company.mp4?_=1\" \/><a href=\"https:\/\/www.hicreategames.com\/wp-content\/uploads\/2022\/04\/Custom-Board-Games-Design-Partner-Company.mp4\">https:\/\/www.hicreategames.com\/wp-content\/uploads\/2022\/04\/Custom-Board-Games-Design-Partner-Company.mp4<\/a><\/video><\/div>\t\n\t\t\t<a href=\"https:\/\/www.hicreategames.com\/de\/ueber\/\" title=\"Hier klicken\" target=\"_self\"   role=\"button\" aria-label=\"Mehr \u00fcber uns\">\n\t\t\t\t\t\t\tMehr \u00fcber uns\n\t\t<\/a>\n\t\t\t\t<img decoding=\"async\" src=\"https:\/\/www.hicreategames.com\/wp-content\/uploads\/2023\/09\/Customer-Concentration-Countries-Regions.jpg\" alt=\"Customer Concentration CountriesRegions\" itemprop=\"image\" height=\"522\" width=\"909\" title=\"Kundenkonzentration L\u00e4nder Regionen\" onerror=\"this.style.display='none'\" loading=\"lazy\" \/>\n\t<ul>\n\t\t<li>\t\t\t\t\n\t\t<p>15 fortschrittliche Ausr\u00fcstung<\/p><\/li><li>\t\t\t\t\n\t\t<p>500m\u00b3 Lagerhalle<\/p><\/li><li>\t\t\t\t\n\t\t<p>\u00dcber 100 Exportl\u00e4nder<\/p><\/li><li>\t\t\t\t\n\t\t<p>Zusammenarbeit mit mehr als 100 Spieleentwicklern pro Jahr<\/p><\/li><li>\t\t\t\t\n\t\t<p>Mehr als 15 Jahre Erfahrung mit ma\u00dfgeschneiderten Brettspielen<\/p><\/li>\t<\/ul>\n\t<h2>\n\t\t\t\tUnsere Dienstleistungen\n\t\t\t<\/h2>\n\t\t\t<p>Neben der Herstellung von Brettspielen und Spielkomponenten bietet unser Team auch Komplettl\u00f6sungen vom Design bis zur Massenproduktion.<\/p>\t\n\t\t\t\t<img decoding=\"async\" src=\"https:\/\/www.hicreategames.com\/wp-content\/uploads\/2023\/09\/board-game-service.jpg\" alt=\"Brettspiel-Service\" itemprop=\"image\" height=\"453\" width=\"800\" title=\"Brettspiel-Service\" onerror=\"this.style.display='none'\" loading=\"lazy\" \/>\n\t<p>Wenn Sie die folgenden Schritte befolgen, werden Sie feststellen, dass die Arbeit mit Hicreate Games sehr angenehm ist.<\/p>\n<ol>\n<li>Beratung &amp; Angebot<\/li>\n<li>Design\u00fcberpr\u00fcfung<\/li>\n<li>Prototyp entwickeln<\/li>\n<li>Stichprobenpr\u00fcfung<\/li>\n<li>Massenproduktion<\/li>\n<li>Zusammenbau<\/li>\n<li>Verpackung &amp; Versand<\/li>\n<\/ol>\n\t\t\t<a href=\"https:\/\/www.hicreategames.com\/de\/kontaktiere-uns\/\" title=\"Hier klicken\" target=\"_self\"   role=\"button\" aria-label=\"Kontaktiere uns jetzt\">\n\t\t\t\t\t\t\tKontaktiere uns jetzt\n\t\t<\/a>\n\t<h2>\n\t\t\t\tUnsere Arbeit\n\t\t\t<\/h2>\n\t\t\t<p>Wir geben unser Bestes, um die Anforderungen unserer Kunden zu erf\u00fcllen, vom Design \u00fcber die Herstellung bis hin zum Druck.<\/p>\t\n\t\t\t\t<img decoding=\"async\" src=\"https:\/\/www.hicreategames.com\/wp-content\/uploads\/2023\/09\/Board-Game-Icon.png\" alt=\"Board Game Icon\" title=\"Board Game Icon\" itemprop=\"image\"\/>\n\t<h5>\n\t\t\t\t<a href=\"https:\/\/www.hicreategames.com\/de\/benutzerdefiniertes-brettspiel\/\" title=\"Brettspiele -&gt;\" target=\"_self\"  aria-label=\"Gehe zu https:\/\/www.hicreategames.com\/de\/benutzerdefiniertes-brettspiel\/\">\n\t\t\t\tBrettspiele -&gt;\n\t\t\t\t<\/a>\n\t\t\t<\/h5>\n\t\t\t<p>Ob es um die Entwicklung komplexer Spielmechaniken, das Entwerfen faszinierender Grafiken oder die Gew\u00e4hrleistung erstklassiger Qualit\u00e4t geht &#8211; wir sind hier, um Ihre Brettspieltr\u00e4ume Wirklichkeit werden zu lassen.<\/p>\t\n\t\t\t\t<img decoding=\"async\" src=\"https:\/\/www.hicreategames.com\/wp-content\/uploads\/2022\/04\/Leksand-Board-Game.jpg\" alt=\"Leksand Board Game\" title=\"Leksand Board Game\" itemprop=\"image\"\/>\n\t\t<h5>\n\t\t\tLeksandspelet\t<\/h5>\n\t\t\t\t<img decoding=\"async\" src=\"https:\/\/www.hicreategames.com\/wp-content\/uploads\/2022\/04\/Game-of-Homes.jpg\" alt=\"Game of Homes Board Game\" title=\"Game of Homes Board Game\" itemprop=\"image\"\/>\n\t\t<h5>\n\t\t\tGame of Homes\t<\/h5>\n\t\t\t\t<img decoding=\"async\" src=\"https:\/\/www.hicreategames.com\/wp-content\/uploads\/2022\/04\/Holland-America-Line-GrandVenture.jpg\" alt=\"Holland America Line GrandVenture Board Game\" title=\"Holland America Line GrandVenture Board Game\" itemprop=\"image\"\/>\n\t\t<h5>\n\t\t\tGrandVenture\t<\/h5>\n\t\t\t\t<img decoding=\"async\" src=\"https:\/\/www.hicreategames.com\/wp-content\/uploads\/2023\/09\/Card-Game-Icon.png\" alt=\"Card Game Icon\" title=\"Card Game Icon\" itemprop=\"image\"\/>\n\t<h5>\n\t\t\t\t<a href=\"https:\/\/www.hicreategames.com\/de\/benutzerdefiniertes-kartenspiel\/\" title=\"Kartenspiele -&gt;\" target=\"_self\"  aria-label=\"Gehe zu https:\/\/www.hicreategames.com\/de\/benutzerdefiniertes-kartenspiel\/\">\n\t\t\t\tKartenspiele -&gt;\n\t\t\t\t<\/a>\n\t\t\t<\/h5>\n\t\t\t<p>Von der Herstellung hochwertiger, langlebiger Karten \u00fcber das Entwerfen faszinierender Grafiken bis hin zu pr\u00e4zisem Druck und Verpackung stellen wir sicher, dass jedes Detail Ihrer Vision entspricht.<\/p>\t\n\t\t\t\t<img decoding=\"async\" src=\"https:\/\/www.hicreategames.com\/wp-content\/uploads\/2022\/04\/Penguin-Brawl.jpg\" alt=\"Penguin Brawl Action Card Game\" title=\"Penguin Brawl Action Card Game\" itemprop=\"image\"\/>\n\t\t<h5>\n\t\t\tPenguin Brawl Action\t<\/h5>\n\t\t\t\t<img decoding=\"async\" src=\"https:\/\/www.hicreategames.com\/wp-content\/uploads\/2022\/04\/Original-Tarot-Cards-Deck.jpg\" alt=\"Original Tarot Cards Deck\" title=\"Original Tarot Cards Deck\" itemprop=\"image\"\/>\n\t\t<h5>\n\t\t\tTarotkartendeck\t<\/h5>\n\t\t\t\t<img decoding=\"async\" src=\"https:\/\/www.hicreategames.com\/wp-content\/uploads\/2023\/09\/Buzz-Card-Game.jpg\" alt=\"Buzz Card Game\" title=\"Buzz Card Game\" itemprop=\"image\"\/>\n\t\t<h5>\n\t\t\tBuzz\t<\/h5>\n\t\t\t\t<img decoding=\"async\" src=\"https:\/\/www.hicreategames.com\/wp-content\/uploads\/2023\/09\/Game-Component-Icon.png\" alt=\"Game Component Icon\" title=\"Game Component Icon\" itemprop=\"image\"\/>\n\t<h5>\n\t\t\t\tSpiel Komponenten\n\t\t\t<\/h5>\n\t\t\t<p>Wir sind auf die Herstellung von Spielkomponenten spezialisiert, die den h\u00f6chsten Standards in Bezug auf Qualit\u00e4t, Haltbarkeit und \u00c4sthetik entsprechen und Ihr Spiel auf ein neues Niveau heben.<\/p>\t\n\t\t\t\t<img decoding=\"async\" src=\"https:\/\/www.hicreategames.com\/wp-content\/uploads\/2023\/09\/Plastic-Miniatures.jpg\" alt=\"Plastic Miniatures\" title=\"Plastic Miniatures\" itemprop=\"image\"\/>\n\t\t<h5>\n\t\t<a href=\"https:\/\/www.hicreategames.com\/de\/benutzerdefinierte-miniaturen\/\" title=\"Miniaturen -&gt;\"  target=\"_self\">\n\t\t\tMiniaturen -&gt;\t\t<\/a>\n\t<\/h5>\n\t\t\t\t<img decoding=\"async\" src=\"https:\/\/www.hicreategames.com\/wp-content\/uploads\/2023\/09\/Wooden-Meeples.jpg\" alt=\"Wooden Meeples\" title=\"Wooden Meeples\" itemprop=\"image\"\/>\n\t\t<h5>\n\t\t<a href=\"https:\/\/www.hicreategames.com\/custom-meeples\/\" title=\"Meeples - &gt;\"  target=\"_self\">\n\t\t\tMeeples &#8211; &gt;\t\t<\/a>\n\t<\/h5>\n\t\t\t\t<img decoding=\"async\" src=\"https:\/\/www.hicreategames.com\/wp-content\/uploads\/2023\/09\/Dice.jpg\" alt=\"Plastic Dice\" title=\"Plastic Dice\" itemprop=\"image\"\/>\n\t\t<h5>\n\t\t<a href=\"https:\/\/www.hicreategames.com\/de\/benutzerdefinierte-wuerfel\/\" title=\"W\u00fcrfel - &gt;\"  target=\"_self\">\n\t\t\tW\u00fcrfel &#8211; &gt;\t\t<\/a>\n\t<\/h5>\n<h4>\n\t\t\tHaben Sie eine tolle Spielidee?\t<\/h4>\n\t\t\t<a href=\"https:\/\/www.hicreategames.com\/de\/kontaktiere-uns\/\" target=\"_self\">\n\t\t\t\t\t\tSetzen Sie es jetzt in die Realit\u00e4t um\n\t\t\t\t\t<\/a>\n\t<h2>\n\t\t\t\tFoto- und Videogalerie\n\t\t\t<\/h2>\n\t\t\t\t<img decoding=\"async\" src=\"https:\/\/www.hicreategames.com\/wp-content\/uploads\/2022\/04\/company.jpg\" alt=\"Unternehmen\" itemprop=\"image\" height=\"400\" width=\"708\" title=\"Unternehmen\" onerror=\"this.style.display='none'\" loading=\"lazy\" \/>\n\t\t\t\t<img decoding=\"async\" src=\"https:\/\/www.hicreategames.com\/wp-content\/uploads\/2022\/04\/office.jpg\" alt=\"hicreate B\u00fcro\" itemprop=\"image\" height=\"398\" width=\"708\" title=\"hicreate B\u00fcro\" onerror=\"this.style.display='none'\" loading=\"lazy\" \/>\n\t\t<iframe loading=\"lazy\" width=\"560\" height=\"315\" src=\"https:\/\/www.youtube.com\/embed\/te7dcPvWyEg\" title=\"YouTube video player\" frameborder=\"0\" allow=\"accelerometer; autoplay; clipboard-write; encrypted-media; gyroscope; picture-in-picture\" allowfullscreen><\/iframe>\t\n\t\t<iframe loading=\"lazy\" width=\"560\" height=\"315\" src=\"https:\/\/www.youtube.com\/embed\/9Pi4wGsqZVA\" title=\"YouTube video player\" frameborder=\"0\" allow=\"accelerometer; autoplay; clipboard-write; encrypted-media; gyroscope; picture-in-picture\" allowfullscreen><\/iframe>\t\n\t\t<iframe loading=\"lazy\" width=\"560\" height=\"315\" src=\"https:\/\/www.youtube.com\/embed\/OnjXwID_HDM\" title=\"YouTube video player\" frameborder=\"0\" allow=\"accelerometer; autoplay; clipboard-write; encrypted-media; gyroscope; picture-in-picture\" allowfullscreen><\/iframe>\t\n\n","protected":false},"excerpt":{"rendered":"<p>Hersteller von Tabletop-Spielen und Spielfiguren OEM- und ODM-Service \u00dcberpr\u00fcfen Sie unsere Projekte Holen Sie sich jetzt ein Angebot ein Willkommen bei Hicreate Games Hier verwirklichen wir Ihre Spielideen. Jiangsu Hicreate Entertainment Co., Ltd. wurde 2015 gegr\u00fcndet und ist ein f\u00fchrender Hersteller von Brett- und Kartenspielen. Wir sind spezialisiert auf die [&hellip;]<\/p>\n","protected":false},"author":1,"featured_media":0,"parent":0,"menu_order":0,"comment_status":"closed","ping_status":"open","template":"","meta":{"site-sidebar-layout":"no-sidebar","site-content-layout":"page-builder","ast-site-content-layout":"default","site-content-style":"default","site-sidebar-style":"default","ast-global-header-display":"","ast-banner-title-visibility":"","ast-main-header-display":"","ast-hfb-above-header-display":"","ast-hfb-below-header-display":"","ast-hfb-mobile-header-display":"","site-post-title":"disabled","ast-breadcrumbs-content":"","ast-featured-img":"disabled","footer-sml-layout":"","ast-disable-related-posts":"","theme-transparent-header-meta":"default","adv-header-id-meta":"","stick-header-meta":"default","header-above-stick-meta":"","header-main-stick-meta":"","header-below-stick-meta":"","astra-migrate-meta-layouts":"default","ast-page-background-enabled":"default","ast-page-background-meta":{"desktop":{"background-color":"","background-image":"","background-repeat":"repeat","background-position":"center center","background-size":"auto","background-attachment":"scroll","background-type":"","background-media":"","overlay-type":"","overlay-color":"","overlay-opacity":"","overlay-gradient":""},"tablet":{"background-color":"","background-image":"","background-repeat":"repeat","background-position":"center center","background-size":"auto","background-attachment":"scroll","background-type":"","background-media":"","overlay-type":"","overlay-color":"","overlay-opacity":"","overlay-gradient":""},"mobile":{"background-color":"","background-image":"","background-repeat":"repeat","background-position":"center center","background-size":"auto","background-attachment":"scroll","background-type":"","background-media":"","overlay-type":"","overlay-color":"","overlay-opacity":"","overlay-gradient":""}},"ast-content-background-meta":{"desktop":{"background-color":"var(--ast-global-color-5)","background-image":"","background-repeat":"repeat","background-position":"center center","background-size":"auto","background-attachment":"scroll","background-type":"","background-media":"","overlay-type":"","overlay-color":"","overlay-opacity":"","overlay-gradient":""},"tablet":{"background-color":"var(--ast-global-color-5)","background-image":"","background-repeat":"repeat","background-position":"center center","background-size":"auto","background-attachment":"scroll","background-type":"","background-media":"","overlay-type":"","overlay-color":"","overlay-opacity":"","overlay-gradient":""},"mobile":{"background-color":"var(--ast-global-color-5)","background-image":"","background-repeat":"repeat","background-position":"center center","background-size":"auto","background-attachment":"scroll","background-type":"","background-media":"","overlay-type":"","overlay-color":"","overlay-opacity":"","overlay-gradient":""}},"footnotes":""},"class_list":["post-2417","page","type-page","status-publish","hentry"],"_links":{"self":[{"href":"https:\/\/www.hicreategames.com\/de\/wp-json\/wp\/v2\/pages\/2417","targetHints":{"allow":["GET"]}}],"collection":[{"href":"https:\/\/www.hicreategames.com\/de\/wp-json\/wp\/v2\/pages"}],"about":[{"href":"https:\/\/www.hicreategames.com\/de\/wp-json\/wp\/v2\/types\/page"}],"author":[{"embeddable":true,"href":"https:\/\/www.hicreategames.com\/de\/wp-json\/wp\/v2\/users\/1"}],"replies":[{"embeddable":true,"href":"https:\/\/www.hicreategames.com\/de\/wp-json\/wp\/v2\/comments?post=2417"}],"version-history":[{"count":2,"href":"https:\/\/www.hicreategames.com\/de\/wp-json\/wp\/v2\/pages\/2417\/revisions"}],"predecessor-version":[{"id":24442,"href":"https:\/\/www.hicreategames.com\/de\/wp-json\/wp\/v2\/pages\/2417\/revisions\/24442"}],"wp:attachment":[{"href":"https:\/\/www.hicreategames.com\/de\/wp-json\/wp\/v2\/media?parent=2417"}],"curies":[{"name":"wp","href":"https:\/\/api.w.org\/{rel}","templated":true}]}}