{"id":2424,"date":"2017-07-12T05:53:59","date_gmt":"2017-07-12T05:53:59","guid":{"rendered":"https:\/\/www.hicreategames.com\/ueber\/"},"modified":"2025-08-25T05:22:21","modified_gmt":"2025-08-25T05:22:21","slug":"ueber","status":"publish","type":"page","link":"https:\/\/www.hicreategames.com\/de\/ueber\/","title":{"rendered":"\u00dcber"},"content":{"rendered":"\n\n\t<h1>\n\t\t\t\t\t\u00dcber uns\n\t\t\t\t<\/h1>\n\t<h2>\n\t\t\t\t\thicreate\n\t\t\t\t<\/h2>\n\t\t\t<p>Professioneller Brettspielhersteller<\/p>\n\t<p>Jiangsu Hicreate Entertainment Co., Ltd. wurde 2015 gegr\u00fcndet, als f\u00fchrender Hersteller von Brettspielen und Kartenspielen haben wir uns auf die Erforschung, Entwicklung, Anpassung, Herstellung und den Vertrieb aller Arten von Brettspielen und Kartenspielen sowie relevanter Spielkomponenten wie Bauern, Miniaturen und W\u00fcrfel spezialisiert.<\/p>\n<p>Wir haben unser eigenes Designteam und Serviceteam, das den Kunden weltweit bedienen kann.<\/p>\n<p>Unsere Philosophie: Service aus einer Hand anbieten und Ihre Kreation wahr werden lassen.<\/p>\n<p>Unser Ziel: Der beste Brettspielhersteller der Welt zu sein!<\/p>\n<p>Willkommen, um unser Unternehmen zu besuchen und eine Gesch\u00e4ftsbeziehung mit unserem Unternehmen aufzubauen.<\/p>\n\t<ul>\n\t\t<li>\t\t\t\t\n\t\t<h5>Professioneller Hersteller<\/h5><\/li><li>\t\t\t\t\n\t\t<h5>Brillante Ideen<\/h5><\/li>\t<\/ul>\n\t<ul>\n\t\t<li>\t\t\t\t\n\t\t<h5>Bester Preis &amp; Service<\/h5><\/li><li>\t\t\t\t\n\t\t<h5>24\/7-Hilfe<\/h5><\/li>\t<\/ul>\n\t\t\t\t<img loading=\"lazy\" decoding=\"async\" src=\"https:\/\/www.hicreategames.com\/wp-content\/uploads\/2022\/04\/company.jpg\" alt=\"Unternehmen\" itemprop=\"image\" height=\"400\" width=\"708\" title=\"Unternehmen\" onerror=\"this.style.display='none'\"  \/>\n\t\t\t\t<img loading=\"lazy\" decoding=\"async\" src=\"https:\/\/www.hicreategames.com\/wp-content\/uploads\/2022\/06\/hicreate-team.jpg\" alt=\"hicreate team\" itemprop=\"image\" height=\"475\" width=\"708\" title=\"hicreate team\" onerror=\"this.style.display='none'\"  \/>\n<h2>\n\t\tUnser Team\n\t<\/h2>\n\t\t\t\t<img decoding=\"async\" src=\"https:\/\/www.hicreategames.com\/wp-content\/uploads\/2022\/04\/team.jpg\" alt=\"hicreate team\" itemprop=\"image\"\/>\n\t\t<h5>\n\t\tMonatlicher Tourismus\n\t<\/h5>\n\t\t\t\t<img decoding=\"async\" src=\"https:\/\/www.hicreategames.com\/wp-content\/uploads\/2022\/04\/office.jpg\" alt=\"hicreate office\" itemprop=\"image\"\/>\n\t\t<h5>\n\t\tPr\u00e4zise arbeiten\n\t<\/h5>\n\t\t\t\t<img decoding=\"async\" src=\"https:\/\/www.hicreategames.com\/wp-content\/uploads\/2022\/04\/printing-equipment.jpg\" alt=\"hicreate printing equipment\" itemprop=\"image\"\/>\n\t\t<h5>\n\t\tIngenieurin\n\t<\/h5>\n<h2>\n\t\tUnsere Werkstatt\n\t<\/h2>\n\t\t\t\t<img decoding=\"async\" src=\"https:\/\/www.hicreategames.com\/wp-content\/uploads\/2022\/04\/assembly.jpg\" alt=\"assembly\" itemprop=\"image\"\/>\n\t\t<h5>\n\t\tMontage\n\t<\/h5>\n\t\t\t\t<img decoding=\"async\" src=\"https:\/\/www.hicreategames.com\/wp-content\/uploads\/2022\/04\/embossing.jpg\" alt=\"embossing\" itemprop=\"image\"\/>\n\t\t<h5>\n\t\tPr\u00e4gung\n\t<\/h5>\n\t\t\t\t<img decoding=\"async\" src=\"https:\/\/www.hicreategames.com\/wp-content\/uploads\/2022\/04\/forming-3.jpg\" alt=\"forming 3\" itemprop=\"image\"\/>\n\t\t<h5>\n\t\tFormung 3\n\t<\/h5>\n\t\t\t\t<img decoding=\"async\" src=\"https:\/\/www.hicreategames.com\/wp-content\/uploads\/2022\/04\/cutting.jpg\" alt=\"cutting\" itemprop=\"image\"\/>\n\t\t<h5>\n\t\tSchneiden\n\t<\/h5>\n\t\t\t\t<img decoding=\"async\" src=\"https:\/\/www.hicreategames.com\/wp-content\/uploads\/2022\/04\/forming-1.jpg\" alt=\"forming 1\" itemprop=\"image\"\/>\n\t\t<h5>\n\t\tBildung 1\n\t<\/h5>\n\t\t\t\t<img decoding=\"async\" src=\"https:\/\/www.hicreategames.com\/wp-content\/uploads\/2022\/04\/packaging.jpg\" alt=\"packaging\" itemprop=\"image\"\/>\n\t\t<h5>\n\t\tVerpackung\n\t<\/h5>\n\t\t\t\t<img decoding=\"async\" src=\"https:\/\/www.hicreategames.com\/wp-content\/uploads\/2022\/04\/die-cutting.jpg\" alt=\"die cutting\" itemprop=\"image\"\/>\n\t\t<h5>\n\t\tStanzen\n\t<\/h5>\n\t\t\t\t<img decoding=\"async\" src=\"https:\/\/www.hicreategames.com\/wp-content\/uploads\/2022\/04\/forming-2.jpg\" alt=\"forming 2\" itemprop=\"image\"\/>\n\t\t<h5>\n\t\tFormung 2\n\t<\/h5>\n\t\t\t\t<img decoding=\"async\" src=\"https:\/\/www.hicreategames.com\/wp-content\/uploads\/2022\/04\/printing.jpg\" alt=\"printing\" itemprop=\"image\"\/>\n\t\t<h5>\n\t\tDrucken\n\t<\/h5>\n<h2>\n\t\tUnsere Ausstellungen\n\t<\/h2>\n\t\t\t\t<img decoding=\"async\" src=\"https:\/\/www.hicreategames.com\/wp-content\/uploads\/2022\/04\/2017-Hong-Kong-Mega-Show.jpg\" alt=\"2017.10 Hong Kong Mega Show\" itemprop=\"image\"\/>\n\t\t<h6>\n\t\t2017.10 Hong Kong Mega-Show\n\t<\/h6>\n\t\t\t\t<img decoding=\"async\" src=\"https:\/\/www.hicreategames.com\/wp-content\/uploads\/2022\/04\/2019-Hong-Kong-Gift-And-Premium-Show.jpg\" alt=\"2019.4 Hong Kong Gift And Premium Show\" itemprop=\"image\"\/>\n\t\t<h6>\n\t\t2019.4 Geschenk- und Premium-Show in Hongkong\n\t<\/h6>\n\t\t\t\t<img decoding=\"async\" src=\"https:\/\/www.hicreategames.com\/wp-content\/uploads\/2022\/04\/2018-Hong-Kong-Gift-And-Premium-Show.jpg\" alt=\"2018.4 Hong Kong Gift And Premium Show\" itemprop=\"image\"\/>\n\t\t<h6>\n\t\t2018.4 Hong Kong Geschenk- und Premium-Show\n\t<\/h6>\n\t\t\t\t<img decoding=\"async\" src=\"https:\/\/www.hicreategames.com\/wp-content\/uploads\/2022\/04\/2019-Hong-Kong-Mega-Show.jpg\" alt=\"2019.10 Hong Kong Mega Show\" itemprop=\"image\"\/>\n\t\t<h6>\n\t\t2019.10 Hong Kong Mega Show\n\t<\/h6>\n\t\t\t\t<img decoding=\"async\" src=\"https:\/\/www.hicreategames.com\/wp-content\/uploads\/2022\/04\/2018-Hong-KongMega-Show.jpg\" alt=\"2018.10 Hong Kong Mega Show\" itemprop=\"image\"\/>\n\t\t<h6>\n\t\t2018.10 Hong Kong Mega Show\n\t<\/h6>\n\t\t\t\t<img decoding=\"async\" src=\"https:\/\/www.hicreategames.com\/wp-content\/uploads\/2022\/04\/2020-Nuremberg-International-Toy-Fair.jpg\" alt=\"2020.1 Nuremberg International Toy Fair\" itemprop=\"image\"\/>\n\t\t<h6>\n\t\t2020.1 Internationale Spielwarenmesse N\u00fcrnberg\n\t<\/h6>\n\n","protected":false},"excerpt":{"rendered":"<p>\u00dcber uns hicreate Professioneller Brettspielhersteller Jiangsu Hicreate Entertainment Co., Ltd. wurde 2015 gegr\u00fcndet, als f\u00fchrender Hersteller von Brettspielen und Kartenspielen haben wir uns auf die Erforschung, Entwicklung, Anpassung, Herstellung und den Vertrieb aller Arten von Brettspielen und Kartenspielen sowie relevanter Spielkomponenten wie Bauern, Miniaturen und W\u00fcrfel spezialisiert. Wir haben unser [&hellip;]<\/p>\n","protected":false},"author":1,"featured_media":0,"parent":0,"menu_order":0,"comment_status":"closed","ping_status":"closed","template":"","meta":{"site-sidebar-layout":"no-sidebar","site-content-layout":"page-builder","ast-site-content-layout":"default","site-content-style":"default","site-sidebar-style":"default","ast-global-header-display":"","ast-banner-title-visibility":"","ast-main-header-display":"","ast-hfb-above-header-display":"","ast-hfb-below-header-display":"","ast-hfb-mobile-header-display":"","site-post-title":"disabled","ast-breadcrumbs-content":"","ast-featured-img":"disabled","footer-sml-layout":"","ast-disable-related-posts":"","theme-transparent-header-meta":"","adv-header-id-meta":"","stick-header-meta":"","header-above-stick-meta":"","header-main-stick-meta":"","header-below-stick-meta":"","astra-migrate-meta-layouts":"default","ast-page-background-enabled":"default","ast-page-background-meta":{"desktop":{"background-color":"","background-image":"","background-repeat":"repeat","background-position":"center center","background-size":"auto","background-attachment":"scroll","background-type":"","background-media":"","overlay-type":"","overlay-color":"","overlay-opacity":"","overlay-gradient":""},"tablet":{"background-color":"","background-image":"","background-repeat":"repeat","background-position":"center center","background-size":"auto","background-attachment":"scroll","background-type":"","background-media":"","overlay-type":"","overlay-color":"","overlay-opacity":"","overlay-gradient":""},"mobile":{"background-color":"","background-image":"","background-repeat":"repeat","background-position":"center center","background-size":"auto","background-attachment":"scroll","background-type":"","background-media":"","overlay-type":"","overlay-color":"","overlay-opacity":"","overlay-gradient":""}},"ast-content-background-meta":{"desktop":{"background-color":"var(--ast-global-color-5)","background-image":"","background-repeat":"repeat","background-position":"center center","background-size":"auto","background-attachment":"scroll","background-type":"","background-media":"","overlay-type":"","overlay-color":"","overlay-opacity":"","overlay-gradient":""},"tablet":{"background-color":"var(--ast-global-color-5)","background-image":"","background-repeat":"repeat","background-position":"center center","background-size":"auto","background-attachment":"scroll","background-type":"","background-media":"","overlay-type":"","overlay-color":"","overlay-opacity":"","overlay-gradient":""},"mobile":{"background-color":"var(--ast-global-color-5)","background-image":"","background-repeat":"repeat","background-position":"center center","background-size":"auto","background-attachment":"scroll","background-type":"","background-media":"","overlay-type":"","overlay-color":"","overlay-opacity":"","overlay-gradient":""}},"footnotes":""},"class_list":["post-2424","page","type-page","status-publish","hentry"],"_links":{"self":[{"href":"https:\/\/www.hicreategames.com\/de\/wp-json\/wp\/v2\/pages\/2424","targetHints":{"allow":["GET"]}}],"collection":[{"href":"https:\/\/www.hicreategames.com\/de\/wp-json\/wp\/v2\/pages"}],"about":[{"href":"https:\/\/www.hicreategames.com\/de\/wp-json\/wp\/v2\/types\/page"}],"author":[{"embeddable":true,"href":"https:\/\/www.hicreategames.com\/de\/wp-json\/wp\/v2\/users\/1"}],"replies":[{"embeddable":true,"href":"https:\/\/www.hicreategames.com\/de\/wp-json\/wp\/v2\/comments?post=2424"}],"version-history":[{"count":1,"href":"https:\/\/www.hicreategames.com\/de\/wp-json\/wp\/v2\/pages\/2424\/revisions"}],"predecessor-version":[{"id":24088,"href":"https:\/\/www.hicreategames.com\/de\/wp-json\/wp\/v2\/pages\/2424\/revisions\/24088"}],"wp:attachment":[{"href":"https:\/\/www.hicreategames.com\/de\/wp-json\/wp\/v2\/media?parent=2424"}],"curies":[{"name":"wp","href":"https:\/\/api.w.org\/{rel}","templated":true}]}}