{"id":2441,"date":"2017-07-12T05:54:02","date_gmt":"2017-07-12T05:54:02","guid":{"rendered":"https:\/\/www.hicreategames.com\/projekte\/"},"modified":"2025-08-25T06:04:31","modified_gmt":"2025-08-25T06:04:31","slug":"projekte","status":"publish","type":"page","link":"https:\/\/www.hicreategames.com\/de\/projekte\/","title":{"rendered":"Projekte"},"content":{"rendered":"\n\n\t<h1>\n\t\t\t\t\tProjekte\n\t\t\t\t<\/h1>\n\t<h2>\n\t\t\t\t\tUnsere letzten Projekte\n\t\t\t\t<\/h2>\n\t\t\t<p>Wir haben das Entwerfen, Herstellen und Drucken vieler kundenspezifischer Brettspiele und Kartenspiele erfolgreich abgeschlossen. Bitte sehen Sie sich einige unserer j\u00fcngsten Projekte an und hoffen, dass sie Ihnen ein wenig Inspiration geben k\u00f6nnen.<\/p>\n\t\t\t\t<img decoding=\"async\" src=\"https:\/\/www.hicreategames.com\/wp-content\/uploads\/2022\/04\/Leksandspelet-Board-Game.jpg\" alt=\"Leksandspelet Board Game\" itemprop=\"image\"\/>\n\t<h5>\n\t\t\t\t\tSport-Brettspiel\n\t\t\t\t<\/h5>\n\t<h3>\n\t\t\t\t\tLeksandspelet\n\t\t\t\t<\/h3>\n\t\t\t<p>Ein Brettspiel f\u00fcr Fans von <em><a href=\"https:\/\/www.leksandsif.se\/p\/\">Leksands IF<\/a><\/em> (einem schwedischen Eishockeyteam)<\/p>\n\t<p>Die Spieler haben die Chance, die Serie zu gewinnen, w\u00e4hrend sie sich an die klassischen Spieler der damaligen Zeit erinnern und sie mit den heutigen Stars vergleichen.<\/p>\n<p>Dies geschieht durch das Spielen von Spielen, die Verwaltung der Vereinsfinanzen, die Rekrutierung klassischer Spiele, die Teilnahme an Vorstandssitzungen und die Beantwortung von Fragen.<\/p>\n<p>Wirf die W\u00fcrfel, spiele und erinnere dich!<\/p>\n\t<h3>\n\t\t\t\t\tGame of Homes\n\t\t\t\t<\/h3>\n\t\t\t<p>Ein Brettspiel f\u00fcr das Hypothekentraining<\/p>\n\t<p>Fannie Mae m\u00f6chte ein Brettspiel entwickeln, das in der Lage ist, ihre internen Teams \u00fcber alle Vor- und Nachteile der Hypothekenvergabe auf ein Haus aufzukl\u00e4ren.<\/p>\n<p>Es ist ein von Monopoly inspiriertes Hypotheken-Brettspielprojekt.<\/p>\n\t\t\t\t<img decoding=\"async\" src=\"https:\/\/www.hicreategames.com\/wp-content\/uploads\/2022\/04\/monopoly-mortgage-board-game.jpg\" alt=\"monopoly mortgage board game\" itemprop=\"image\"\/>\n\t<h5>\n\t\t\t\t\tMonopoly-Spiel\n\t\t\t\t<\/h5>\n\t\t\t\t<img decoding=\"async\" src=\"https:\/\/www.hicreategames.com\/wp-content\/uploads\/2022\/04\/GrandVenture.jpg\" alt=\"GrandVenture\" itemprop=\"image\"\/>\n\t<h5>\n\t\t\t\t\tMonopoly-Spiel\n\t\t\t\t<\/h5>\n\t<h3>\n\t\t\t\t\tGrandVenture\n\t\t\t\t<\/h3>\n\t\t\t<p>Schnelles Handelsspiel f\u00fcr Immobilien<\/p>\n\t<p>Dieses Spiel war ein Werbeprodukt, das 2018 f\u00fcr Holland American Cruise Lines hergestellt wurde.<\/p>\n<p>Das Spiel wird sehr \u00e4hnlich wie ein Monopolspiel gespielt &#8211; wie der Kauf von Immobilien, das Einziehen von Mieten und das Planen Ihres Wegs zum Reichtum.<\/p>\n\t<h3>\n\t\t\t\t\tThe War Of Spirit Stone\n\t\t\t\t<\/h3>\n\t\t\t<p>Ein Eltern-Kind-Brettspiel<\/p>\n\t<p>Das Zubeh\u00f6r und die Handlung sind relativ vollst\u00e4ndig und komplex, und der gesamte Hintergrund der Geschichte hat ein neues Weltanschauungssystem.<\/p>\n<p>Daher hat dieses Spiel eine gewisse Schwelle f\u00fcr Kinder unter 6 Jahren.<\/p>\n\t<p>&nbsp;<\/p>\n<p>&nbsp;<\/p>\n\t<meta itemprop=\"url\" content=\"https:\/\/www.hicreategames.com\/wp-content\/uploads\/2022\/04\/The-War-Of-Spirit-Stone.mp4\" \/><div style=\"width: 640px;\" class=\"wp-video\"><video class=\"wp-video-shortcode\" id=\"video-2441-1\" width=\"640\" height=\"360\" preload=\"metadata\" controls=\"controls\"><source type=\"video\/mp4\" src=\"https:\/\/www.hicreategames.com\/wp-content\/uploads\/2022\/04\/The-War-Of-Spirit-Stone.mp4?_=1\" \/><a href=\"https:\/\/www.hicreategames.com\/wp-content\/uploads\/2022\/04\/The-War-Of-Spirit-Stone.mp4\">https:\/\/www.hicreategames.com\/wp-content\/uploads\/2022\/04\/The-War-Of-Spirit-Stone.mp4<\/a><\/video><\/div>\n\t<h5>\n\t\t\t\t\tFamilienfreundliches Spiel\n\t\t\t\t<\/h5>\n\t\t\t\t<img decoding=\"async\" src=\"https:\/\/www.hicreategames.com\/wp-content\/uploads\/2022\/04\/Penguin-Brawl-1.jpg\" alt=\"Penguin Brawl\" itemprop=\"image\"\/>\n\t<h5>\n\t\t\t\t\tKartenspiel\n\t\t\t\t<\/h5>\n\t<h3>\n\t\t\t\t\tPenguin Brawl: Battle Of The Gods\n\t\t\t\t<\/h3>\n\t\t\t<p>30 Drucken von Kartenerweiterungen<\/p>\n\t<p>Die erste Mikroerweiterung f\u00fcr Penguin Brawl f\u00fcgt dem Spiel 30 neue Karten hinzu, die sechs neue Charakterkarten umfassen.<\/p>\n\n","protected":false},"excerpt":{"rendered":"<p>Projekte Unsere letzten Projekte Wir haben das Entwerfen, Herstellen und Drucken vieler kundenspezifischer Brettspiele und Kartenspiele erfolgreich abgeschlossen. Bitte sehen Sie sich einige unserer j\u00fcngsten Projekte an und hoffen, dass sie Ihnen ein wenig Inspiration geben k\u00f6nnen. Sport-Brettspiel Leksandspelet Ein Brettspiel f\u00fcr Fans von Leksands IF (einem schwedischen Eishockeyteam) Die [&hellip;]<\/p>\n","protected":false},"author":1,"featured_media":0,"parent":0,"menu_order":0,"comment_status":"closed","ping_status":"closed","template":"","meta":{"site-sidebar-layout":"no-sidebar","site-content-layout":"page-builder","ast-site-content-layout":"default","site-content-style":"default","site-sidebar-style":"default","ast-global-header-display":"","ast-banner-title-visibility":"","ast-main-header-display":"","ast-hfb-above-header-display":"","ast-hfb-below-header-display":"","ast-hfb-mobile-header-display":"","site-post-title":"disabled","ast-breadcrumbs-content":"","ast-featured-img":"disabled","footer-sml-layout":"","ast-disable-related-posts":"","theme-transparent-header-meta":"default","adv-header-id-meta":"","stick-header-meta":"default","header-above-stick-meta":"","header-main-stick-meta":"","header-below-stick-meta":"","astra-migrate-meta-layouts":"default","ast-page-background-enabled":"default","ast-page-background-meta":{"desktop":{"background-color":"","background-image":"","background-repeat":"repeat","background-position":"center center","background-size":"auto","background-attachment":"scroll","background-type":"","background-media":"","overlay-type":"","overlay-color":"","overlay-opacity":"","overlay-gradient":""},"tablet":{"background-color":"","background-image":"","background-repeat":"repeat","background-position":"center center","background-size":"auto","background-attachment":"scroll","background-type":"","background-media":"","overlay-type":"","overlay-color":"","overlay-opacity":"","overlay-gradient":""},"mobile":{"background-color":"","background-image":"","background-repeat":"repeat","background-position":"center center","background-size":"auto","background-attachment":"scroll","background-type":"","background-media":"","overlay-type":"","overlay-color":"","overlay-opacity":"","overlay-gradient":""}},"ast-content-background-meta":{"desktop":{"background-color":"var(--ast-global-color-5)","background-image":"","background-repeat":"repeat","background-position":"center center","background-size":"auto","background-attachment":"scroll","background-type":"","background-media":"","overlay-type":"","overlay-color":"","overlay-opacity":"","overlay-gradient":""},"tablet":{"background-color":"var(--ast-global-color-5)","background-image":"","background-repeat":"repeat","background-position":"center center","background-size":"auto","background-attachment":"scroll","background-type":"","background-media":"","overlay-type":"","overlay-color":"","overlay-opacity":"","overlay-gradient":""},"mobile":{"background-color":"var(--ast-global-color-5)","background-image":"","background-repeat":"repeat","background-position":"center center","background-size":"auto","background-attachment":"scroll","background-type":"","background-media":"","overlay-type":"","overlay-color":"","overlay-opacity":"","overlay-gradient":""}},"footnotes":""},"class_list":["post-2441","page","type-page","status-publish","hentry"],"_links":{"self":[{"href":"https:\/\/www.hicreategames.com\/de\/wp-json\/wp\/v2\/pages\/2441","targetHints":{"allow":["GET"]}}],"collection":[{"href":"https:\/\/www.hicreategames.com\/de\/wp-json\/wp\/v2\/pages"}],"about":[{"href":"https:\/\/www.hicreategames.com\/de\/wp-json\/wp\/v2\/types\/page"}],"author":[{"embeddable":true,"href":"https:\/\/www.hicreategames.com\/de\/wp-json\/wp\/v2\/users\/1"}],"replies":[{"embeddable":true,"href":"https:\/\/www.hicreategames.com\/de\/wp-json\/wp\/v2\/comments?post=2441"}],"version-history":[{"count":1,"href":"https:\/\/www.hicreategames.com\/de\/wp-json\/wp\/v2\/pages\/2441\/revisions"}],"predecessor-version":[{"id":24335,"href":"https:\/\/www.hicreategames.com\/de\/wp-json\/wp\/v2\/pages\/2441\/revisions\/24335"}],"wp:attachment":[{"href":"https:\/\/www.hicreategames.com\/de\/wp-json\/wp\/v2\/media?parent=2441"}],"curies":[{"name":"wp","href":"https:\/\/api.w.org\/{rel}","templated":true}]}}