{"id":2450,"date":"2022-04-19T07:05:40","date_gmt":"2022-04-19T07:05:40","guid":{"rendered":"https:\/\/www.hicreategames.com\/andere-spielkomponenten\/"},"modified":"2025-08-26T15:27:02","modified_gmt":"2025-08-26T15:27:02","slug":"andere-spielkomponenten","status":"publish","type":"page","link":"https:\/\/www.hicreategames.com\/de\/andere-spielkomponenten\/","title":{"rendered":"Andere Spielkomponenten"},"content":{"rendered":"\n<h3>\n\t\tIndividuelle Spielkomponenten\n\t<\/h3>\n\t\t\t\t<img loading=\"lazy\" decoding=\"async\" src=\"https:\/\/www.hicreategames.com\/wp-content\/uploads\/2022\/04\/Money-Pack.png\" alt=\"Geldpaket\" itemprop=\"image\" height=\"404\" width=\"618\" title=\"Geldpaket\" onerror=\"this.style.display='none'\"  \/>\n\t<h3>\n\t\t\t\t\tGeldpaket\n\t\t\t\t<\/h3>\n\t<p><strong>Verf\u00fcgbares Material:<\/strong><\/p>\n<ul>\n<li>80 g\/m\u00b2 holzfreies Papier<\/li>\n<li>100 g\/m\u00b2 holzfreies Papier<\/li>\n<\/ul>\n<p><strong>Verf\u00fcgbare Gr\u00f6\u00dfe:<\/strong><\/p>\n<ul>\n<li>100*52mm<\/li>\n<li>bis zu Ihren eigenen Anforderungen<\/li>\n<\/ul>\n\t<h3>\n\t\t\t\t\tSanduhr\n\t\t\t\t<\/h3>\n\t<ul>\n<li><strong>Material<\/strong>: PP+Glas<\/li>\n<li><strong>DIM<\/strong>: 8,5*2,5 cm<\/li>\n<li><strong>NW<\/strong>: 0,013 kg<\/li>\n<li><strong>Farbe<\/strong>: Bunt<\/li>\n<li><strong>Zeit<\/strong>: 30 Sek.\/1 Min.\/2 Min.\/3 Min.\/5 Min.\/10 Min<\/li>\n<\/ul>\n<p>Akzeptieren Sie OEM oder nach unserem Design<\/p>\n\t\t\t\t<img loading=\"lazy\" decoding=\"async\" src=\"https:\/\/www.hicreategames.com\/wp-content\/uploads\/2022\/04\/Sand-Timer.png\" alt=\"Sanduhr\" itemprop=\"image\" height=\"500\" width=\"500\" title=\"Sanduhr\" onerror=\"this.style.display='none'\"  \/>\n\t\t\t\t<img loading=\"lazy\" decoding=\"async\" src=\"https:\/\/www.hicreategames.com\/wp-content\/uploads\/2022\/04\/Marker-Pen.jpg\" alt=\"Textmarker\" itemprop=\"image\" height=\"500\" width=\"500\" title=\"Textmarker\" onerror=\"this.style.display='none'\"  \/>\n\t<h3>\n\t\t\t\t\tTextmarker\n\t\t\t\t<\/h3>\n\t<ul>\n<li><strong>Material<\/strong>: Kunststoff + Tinte<\/li>\n<li>Umweltfreundlich<\/li>\n<li>Akzeptieren Sie OEM oder kaufen Sie unser Design<\/li>\n<\/ul>\n\t<h3>\n\t\t\t\t\tSpinner\n\t\t\t\t<\/h3>\n\t\t\t\t<img loading=\"lazy\" decoding=\"async\" src=\"https:\/\/www.hicreategames.com\/wp-content\/uploads\/2022\/04\/Spinner.png\" alt=\"Spinner\" itemprop=\"image\" height=\"402\" width=\"620\" title=\"Spinner\" onerror=\"this.style.display='none'\"  \/>\n\t<h3>\n\t\t\t\t\tE-Flute-Fach\n\t\t\t\t<\/h3>\n\t\t\t\t<img loading=\"lazy\" decoding=\"async\" src=\"https:\/\/www.hicreategames.com\/wp-content\/uploads\/2022\/04\/E-Flute-Tray.png\" alt=\"E-Flute-Fach\" itemprop=\"image\" height=\"500\" width=\"500\" title=\"E-Flute-Fach\" onerror=\"this.style.display='none'\"  \/>\n\t<h3>\n\t\t\t\t\tKunststoffschale\n\t\t\t\t<\/h3>\n\t\t\t\t<img loading=\"lazy\" decoding=\"async\" src=\"https:\/\/www.hicreategames.com\/wp-content\/uploads\/2022\/04\/Plastic-Tray.png\" alt=\"Kunststoffschale\" itemprop=\"image\" height=\"500\" width=\"500\" title=\"Kunststoffschale\" onerror=\"this.style.display='none'\"  \/>\n\t\t\t\t<img loading=\"lazy\" decoding=\"async\" src=\"https:\/\/www.hicreategames.com\/wp-content\/uploads\/2022\/04\/Board-Game-Components.png\" alt=\"Hersteller von Spielkomponenten\" itemprop=\"image\" height=\"500\" width=\"500\" title=\"Brettspielkomponenten\" onerror=\"this.style.display='none'\"  \/>\n\t<h3>\n\t\t\t\t\tNehmen Sie jetzt Kontakt mit uns auf\n\t\t\t\t<\/h3>\n\t\n<div class=\"wpcf7 no-js\" id=\"wpcf7-f2452-o1\" lang=\"de-DE\" dir=\"ltr\" data-wpcf7-id=\"2452\">\n<div class=\"screen-reader-response\"><p role=\"status\" aria-live=\"polite\" aria-atomic=\"true\"><\/p> <ul><\/ul><\/div>\n<form action=\"\/de\/wp-json\/wp\/v2\/pages\/2450#wpcf7-f2452-o1\" method=\"post\" class=\"wpcf7-form init\" aria-label=\"Kontaktformular\" enctype=\"multipart\/form-data\" novalidate=\"novalidate\" data-status=\"init\">\n<fieldset class=\"hidden-fields-container\"><input type=\"hidden\" name=\"_wpcf7\" value=\"2452\" \/><input type=\"hidden\" name=\"_wpcf7_version\" value=\"6.1.5\" \/><input type=\"hidden\" name=\"_wpcf7_locale\" value=\"de_DE\" \/><input type=\"hidden\" name=\"_wpcf7_unit_tag\" value=\"wpcf7-f2452-o1\" \/><input type=\"hidden\" name=\"_wpcf7_container_post\" value=\"0\" \/><input type=\"hidden\" name=\"_wpcf7_posted_data_hash\" value=\"\" \/><input type=\"hidden\" name=\"_wpcf7_recaptcha_response\" value=\"\" \/>\n<\/fieldset>\n<p><label> Dein Name<br \/>\n<span class=\"wpcf7-form-control-wrap\" data-name=\"your-name\"><input size=\"40\" maxlength=\"400\" class=\"wpcf7-form-control wpcf7-text wpcf7-validates-as-required\" aria-required=\"true\" aria-invalid=\"false\" value=\"\" type=\"text\" name=\"your-name\" \/><\/span> <\/label>\n<\/p>\n<p><label> Deine E-Mail<br \/>\n<span class=\"wpcf7-form-control-wrap\" data-name=\"your-email\"><input size=\"40\" maxlength=\"400\" class=\"wpcf7-form-control wpcf7-email wpcf7-validates-as-required wpcf7-text wpcf7-validates-as-email\" aria-required=\"true\" aria-invalid=\"false\" value=\"\" type=\"email\" name=\"your-email\" \/><\/span> <\/label>\n<\/p>\n<p><label> Mindestbestellmenge<br \/>\n<span class=\"wpcf7-form-control-wrap\" data-name=\"menu-734\"><select class=\"wpcf7-form-control wpcf7-select wpcf7-validates-as-required\" aria-required=\"true\" aria-invalid=\"false\" name=\"menu-734\"><option value=\"\">&#8211; Bitte ausw\u00e4hlen &#8211;<\/option><option value=\"300\">300<\/option><option value=\"500\">500<\/option><option value=\"1000\">1000<\/option><\/select><\/span> <\/label>\n<\/p>\n<p><label> Ihre Nachricht<br \/>\n<span class=\"wpcf7-form-control-wrap\" data-name=\"your-message\"><textarea cols=\"40\" rows=\"10\" maxlength=\"2000\" class=\"wpcf7-form-control wpcf7-textarea wpcf7-validates-as-required\" aria-required=\"true\" aria-invalid=\"false\" name=\"your-message\"><\/textarea><\/span> <\/label>\n<\/p>\n<p><label> Ihre Datei (optional)<br \/>\n<span class=\"wpcf7-form-control-wrap\" data-name=\"file-978\"><input size=\"40\" class=\"wpcf7-form-control wpcf7-file\" accept=\"audio\/*,video\/*,image\/*\" aria-invalid=\"false\" type=\"file\" name=\"file-978\" \/><\/span> <\/label>\n<\/p>\n<p><span class=\"wpcf7-form-control-wrap\" data-name=\"quiz-747\"><label><span class=\"wpcf7-quiz-label\">2+6=?<\/span> <input size=\"40\" class=\"wpcf7-form-control wpcf7-quiz\" autocomplete=\"off\" aria-required=\"true\" aria-invalid=\"false\" type=\"text\" name=\"quiz-747\" \/><\/label><input type=\"hidden\" name=\"_wpcf7_quiz_answer_quiz-747\" value=\"34fe0dce70d770da3a4b02c0e1fa88fe\" \/><\/span>\n<\/p>\n<p><input class=\"wpcf7-form-control wpcf7-submit has-spinner\" type=\"submit\" value=\"Einreichen\" \/>\n<\/p><div class=\"wpcf7-response-output\" aria-hidden=\"true\"><\/div>\n<\/form>\n<\/div>\n\n\n","protected":false},"excerpt":{"rendered":"<p>Individuelle Spielkomponenten Geldpaket Verf\u00fcgbares Material: 80 g\/m\u00b2 holzfreies Papier 100 g\/m\u00b2 holzfreies Papier Verf\u00fcgbare Gr\u00f6\u00dfe: 100*52mm bis zu Ihren eigenen Anforderungen Sanduhr Material: PP+Glas DIM: 8,5*2,5 cm NW: 0,013 kg Farbe: Bunt Zeit: 30 Sek.\/1 Min.\/2 Min.\/3 Min.\/5 Min.\/10 Min Akzeptieren Sie OEM oder nach unserem Design Textmarker Material: Kunststoff [&hellip;]<\/p>\n","protected":false},"author":1,"featured_media":0,"parent":0,"menu_order":0,"comment_status":"closed","ping_status":"closed","template":"","meta":{"site-sidebar-layout":"no-sidebar","site-content-layout":"page-builder","ast-site-content-layout":"default","site-content-style":"default","site-sidebar-style":"default","ast-global-header-display":"","ast-banner-title-visibility":"","ast-main-header-display":"","ast-hfb-above-header-display":"","ast-hfb-below-header-display":"","ast-hfb-mobile-header-display":"","site-post-title":"disabled","ast-breadcrumbs-content":"","ast-featured-img":"disabled","footer-sml-layout":"","ast-disable-related-posts":"","theme-transparent-header-meta":"default","adv-header-id-meta":"","stick-header-meta":"default","header-above-stick-meta":"","header-main-stick-meta":"","header-below-stick-meta":"","astra-migrate-meta-layouts":"default","ast-page-background-enabled":"default","ast-page-background-meta":{"desktop":{"background-color":"","background-image":"","background-repeat":"repeat","background-position":"center center","background-size":"auto","background-attachment":"scroll","background-type":"","background-media":"","overlay-type":"","overlay-color":"","overlay-opacity":"","overlay-gradient":""},"tablet":{"background-color":"","background-image":"","background-repeat":"repeat","background-position":"center center","background-size":"auto","background-attachment":"scroll","background-type":"","background-media":"","overlay-type":"","overlay-color":"","overlay-opacity":"","overlay-gradient":""},"mobile":{"background-color":"","background-image":"","background-repeat":"repeat","background-position":"center center","background-size":"auto","background-attachment":"scroll","background-type":"","background-media":"","overlay-type":"","overlay-color":"","overlay-opacity":"","overlay-gradient":""}},"ast-content-background-meta":{"desktop":{"background-color":"var(--ast-global-color-5)","background-image":"","background-repeat":"repeat","background-position":"center center","background-size":"auto","background-attachment":"scroll","background-type":"","background-media":"","overlay-type":"","overlay-color":"","overlay-opacity":"","overlay-gradient":""},"tablet":{"background-color":"var(--ast-global-color-5)","background-image":"","background-repeat":"repeat","background-position":"center center","background-size":"auto","background-attachment":"scroll","background-type":"","background-media":"","overlay-type":"","overlay-color":"","overlay-opacity":"","overlay-gradient":""},"mobile":{"background-color":"var(--ast-global-color-5)","background-image":"","background-repeat":"repeat","background-position":"center center","background-size":"auto","background-attachment":"scroll","background-type":"","background-media":"","overlay-type":"","overlay-color":"","overlay-opacity":"","overlay-gradient":""}},"footnotes":""},"class_list":["post-2450","page","type-page","status-publish","hentry"],"_links":{"self":[{"href":"https:\/\/www.hicreategames.com\/de\/wp-json\/wp\/v2\/pages\/2450","targetHints":{"allow":["GET"]}}],"collection":[{"href":"https:\/\/www.hicreategames.com\/de\/wp-json\/wp\/v2\/pages"}],"about":[{"href":"https:\/\/www.hicreategames.com\/de\/wp-json\/wp\/v2\/types\/page"}],"author":[{"embeddable":true,"href":"https:\/\/www.hicreategames.com\/de\/wp-json\/wp\/v2\/users\/1"}],"replies":[{"embeddable":true,"href":"https:\/\/www.hicreategames.com\/de\/wp-json\/wp\/v2\/comments?post=2450"}],"version-history":[{"count":1,"href":"https:\/\/www.hicreategames.com\/de\/wp-json\/wp\/v2\/pages\/2450\/revisions"}],"predecessor-version":[{"id":25091,"href":"https:\/\/www.hicreategames.com\/de\/wp-json\/wp\/v2\/pages\/2450\/revisions\/25091"}],"wp:attachment":[{"href":"https:\/\/www.hicreategames.com\/de\/wp-json\/wp\/v2\/media?parent=2450"}],"curies":[{"name":"wp","href":"https:\/\/api.w.org\/{rel}","templated":true}]}}