{"id":2461,"date":"2022-04-11T08:38:16","date_gmt":"2022-04-11T08:38:16","guid":{"rendered":"https:\/\/www.hicreategames.com\/benutzerdefiniertes-kartenspiel\/"},"modified":"2025-08-29T10:04:50","modified_gmt":"2025-08-29T10:04:50","slug":"benutzerdefiniertes-kartenspiel","status":"publish","type":"page","link":"https:\/\/www.hicreategames.com\/de\/benutzerdefiniertes-kartenspiel\/","title":{"rendered":"Kartenspiel Personalisieren"},"content":{"rendered":"\r\n<h3>Kartenspielhersteller: Design &amp; Druck<\/h3>\r\n<p>Vom Konzept \u00fcber den Prototypenbau bis zur Serienfertigung &#8211; wir unterst\u00fctzen Spieleentwickler, Kickstarter-Entwickler und Verlage bei der Herstellung hochwertiger Kartenspiele mit umfassenden Anpassungsm\u00f6glichkeiten.<\/p>\r\n<p><a role=\"button\" href=\"#\"> Kontaktieren Sie uns und laden Sie Ihre Ideen hoch <\/a> \n<div class=\"wpcf7 no-js\" id=\"wpcf7-f2452-o1\" lang=\"de-DE\" dir=\"ltr\" data-wpcf7-id=\"2452\">\n<div class=\"screen-reader-response\"><p role=\"status\" aria-live=\"polite\" aria-atomic=\"true\"><\/p> <ul><\/ul><\/div>\n<form action=\"\/de\/wp-json\/wp\/v2\/pages\/2461#wpcf7-f2452-o1\" method=\"post\" class=\"wpcf7-form init\" aria-label=\"Kontaktformular\" enctype=\"multipart\/form-data\" novalidate=\"novalidate\" data-status=\"init\">\n<fieldset class=\"hidden-fields-container\"><input type=\"hidden\" name=\"_wpcf7\" value=\"2452\" \/><input type=\"hidden\" name=\"_wpcf7_version\" value=\"6.1.5\" \/><input type=\"hidden\" name=\"_wpcf7_locale\" value=\"de_DE\" \/><input type=\"hidden\" name=\"_wpcf7_unit_tag\" value=\"wpcf7-f2452-o1\" \/><input type=\"hidden\" name=\"_wpcf7_container_post\" value=\"0\" \/><input type=\"hidden\" name=\"_wpcf7_posted_data_hash\" value=\"\" \/><input type=\"hidden\" name=\"_wpcf7_recaptcha_response\" value=\"\" \/>\n<\/fieldset>\n<p><label> Dein Name<br \/>\n<span class=\"wpcf7-form-control-wrap\" data-name=\"your-name\"><input size=\"40\" maxlength=\"400\" class=\"wpcf7-form-control wpcf7-text wpcf7-validates-as-required\" aria-required=\"true\" aria-invalid=\"false\" value=\"\" type=\"text\" name=\"your-name\" \/><\/span> <\/label>\n<\/p>\n<p><label> Deine E-Mail<br \/>\n<span class=\"wpcf7-form-control-wrap\" data-name=\"your-email\"><input size=\"40\" maxlength=\"400\" class=\"wpcf7-form-control wpcf7-email wpcf7-validates-as-required wpcf7-text wpcf7-validates-as-email\" aria-required=\"true\" aria-invalid=\"false\" value=\"\" type=\"email\" name=\"your-email\" \/><\/span> <\/label>\n<\/p>\n<p><label> Mindestbestellmenge<br \/>\n<span class=\"wpcf7-form-control-wrap\" data-name=\"menu-734\"><select class=\"wpcf7-form-control wpcf7-select wpcf7-validates-as-required\" aria-required=\"true\" aria-invalid=\"false\" name=\"menu-734\"><option value=\"\">&#8211; Bitte ausw\u00e4hlen &#8211;<\/option><option value=\"300\">300<\/option><option value=\"500\">500<\/option><option value=\"1000\">1000<\/option><\/select><\/span> <\/label>\n<\/p>\n<p><label> Ihre Nachricht<br \/>\n<span class=\"wpcf7-form-control-wrap\" data-name=\"your-message\"><textarea cols=\"40\" rows=\"10\" maxlength=\"2000\" class=\"wpcf7-form-control wpcf7-textarea wpcf7-validates-as-required\" aria-required=\"true\" aria-invalid=\"false\" name=\"your-message\"><\/textarea><\/span> <\/label>\n<\/p>\n<p><label> Ihre Datei (optional)<br \/>\n<span class=\"wpcf7-form-control-wrap\" data-name=\"file-978\"><input size=\"40\" class=\"wpcf7-form-control wpcf7-file\" accept=\"audio\/*,video\/*,image\/*\" aria-invalid=\"false\" type=\"file\" name=\"file-978\" \/><\/span> <\/label>\n<\/p>\n<p><span class=\"wpcf7-form-control-wrap\" data-name=\"quiz-747\"><label><span class=\"wpcf7-quiz-label\">2+6=?<\/span> <input size=\"40\" class=\"wpcf7-form-control wpcf7-quiz\" autocomplete=\"off\" aria-required=\"true\" aria-invalid=\"false\" type=\"text\" name=\"quiz-747\" \/><\/label><input type=\"hidden\" name=\"_wpcf7_quiz_answer_quiz-747\" value=\"34fe0dce70d770da3a4b02c0e1fa88fe\" \/><\/span>\n<\/p>\n<p><input class=\"wpcf7-form-control wpcf7-submit has-spinner\" type=\"submit\" value=\"Einreichen\" \/>\n<\/p><div class=\"wpcf7-response-output\" aria-hidden=\"true\"><\/div>\n<\/form>\n<\/div>\n\r\n<h3>Was k\u00f6nnen wir f\u00fcr Ihr Kartenspiel Personalisieren?<\/h3>\r\n<p><img loading=\"lazy\" decoding=\"async\" title=\"Spielkartenregeln\" src=\"https:\/\/www.hicreategames.com\/wp-content\/uploads\/2022\/04\/Game-Card-Rules.jpg\" alt=\"Spielkartenregeln\" width=\"640\" height=\"426\" \/><\/p>\r\n<h4>Kartenspielregeln<\/h4>\r\n<p>F\u00fcr diejenigen, die keine Ahnung haben, wie man unterhaltsame und ansprechende Kartenspielregeln erstellt, k\u00f6nnen wir einen ma\u00dfgeschneiderten Service anbieten. Sie m\u00fcssen uns nur so viele Informationen wie m\u00f6glich \u00fcber Ihr Kartenspiel geben, einschlie\u00dflich Spieltyp, Anzahl der Spieler, Ziel, Mechanik usw.<\/p>\r\n<p><img loading=\"lazy\" decoding=\"async\" title=\"Spielkartengr\u00f6\u00dfe\" src=\"https:\/\/www.hicreategames.com\/wp-content\/uploads\/2022\/04\/Game-Card-Size.jpg\" alt=\"Spielkartengr\u00f6\u00dfe\" width=\"640\" height=\"426\" \/><\/p>\r\n<h4>Gemeinsame Kartengr\u00f6\u00dfe<\/h4>\r\n<p>Kartengr\u00f6\u00dfen wirken sich auf die Produktionskosten sowie auf die Kompatibilit\u00e4t mit anderen Spielkomponenten wie Kartenh\u00fcllen, Aufbewahrungsboxen und Spielbrettern aus. Hier sind einige g\u00e4ngige Gr\u00f6\u00dfen f\u00fcr Spielkarten: 63 x 88 mm f\u00fcr Poker, 57 x 88 mm f\u00fcr Bridge und 70 x 120 mm\/88 x 126 mm f\u00fcr Tarot.<\/p>\r\n<p><img loading=\"lazy\" decoding=\"async\" title=\"Spielkartenform\" src=\"https:\/\/www.hicreategames.com\/wp-content\/uploads\/2022\/04\/Game-Card-Shape.jpg\" alt=\"Spielkartenform\" width=\"640\" height=\"426\" \/><\/p>\r\n<h4>Kartenform<\/h4>\r\n<p>Als Hersteller von Kartenspielen verstehen wir, dass jede Spielkarte einzigartig ist und ein unverwechselbares Erscheinungsbild erfordert. Daher bieten wir Ihnen eine gro\u00dfe Auswahl an Formen, darunter quadratisch, rund, rechteckig, oval, herzf\u00f6rmig, sternf\u00f6rmig und dreieckig und kundenspezifische Sonderformen.<\/p>\r\n<h4>Kartonmaterial und Qualit\u00e4t<\/h4>\r\n<p><img loading=\"lazy\" decoding=\"async\" title=\"Kartonmaterial\" src=\"https:\/\/www.hicreategames.com\/wp-content\/uploads\/2022\/04\/Cardstock-Material.jpg\" alt=\"Kartonmaterial\" width=\"1024\" height=\"533\" \/><\/p>\r\n<ul>\r\n<li>250 \/300 \/350 GSM (gramm pro quadratmeter) C2S (zweiseitig beschichtet)<\/li>\r\n<li>280\/300 g\/m\u00b2 Greycore-Spielkarten<\/li>\r\n<li>310 g\/m\u00b2, in Deutschland hergestellte Spielkarten mit schwarzem Kern<\/li>\r\n<li>300 g\/m\u00b2 Spielkarten mit schwarzem Kern aus China<\/li>\r\n<li>250\/300 g\/m\u00b2 Spielkarten mit blauem Kern<\/li>\r\n<li>0,3-0,35 mm dickes wei\u00dfes\/schwarzes glattes PVC<br \/><hr \/><\/li>\r\n<\/ul>\r\n<ul>\r\n<li>Das Kartengewicht wird in GSM (Gramm pro Quadratmeter) gemessen, je h\u00f6her GSM, desto dicker und schwerer wird die Karte.<\/li>\r\n<li>Der Kartenkern geht von Wei\u00df \u00fcber Grau und Blau bis hin zu Schwarz und die Qualit\u00e4t und Haltbarkeit der Karte steigen.<\/li>\r\n<\/ul>\r\n<h4>Kartendruck<\/h4>\r\n<ul>\r\n<li>4C\/4C (4-farbiger 2-seitiger Druck)<\/li>\r\n<li>4C\/0C (4-farbiger 1-seitiger Druck)<br \/><hr \/><\/li>\r\n<\/ul>\r\n<ul>\r\n<li>4C bedeutet CMYK (Cyan, Magenta, Gelb und Schwarz)<\/li>\r\n<li>CMYK eignet sich am besten f\u00fcr gedruckte Materialien, da Druckmedien farbige Tinten f\u00fcr Botschaften verwenden.<\/li>\r\n<li>Kombinieren Sie diese 4 Farben, um eine breite Palette von Farben zu erhalten.<\/li>\r\n<\/ul>\r\n<p><img loading=\"lazy\" decoding=\"async\" title=\"CMYK-Druck\" src=\"https:\/\/www.hicreategames.com\/wp-content\/uploads\/2022\/04\/CMYK-Printing.png\" alt=\"CMYK-Druck\" width=\"665\" height=\"375\" \/><\/p>\r\n<h4>Oberfl\u00e4chenveredlung<\/h4>\r\n<p>Dieser Prozess verbessert das Aussehen und die Verschlei\u00dffestigkeit Ihrer Kunstwerke.<\/p>\r\n<p><img loading=\"lazy\" decoding=\"async\" title=\"Matte Lacke\" src=\"https:\/\/www.hicreategames.com\/wp-content\/uploads\/2022\/04\/Matt-Varnish.jpg\" alt=\"Matte Lacke\" width=\"250\" height=\"250\" \/><\/p>\r\n<h5>Matter Lack<\/h5>\r\n<p>Es bietet eine nicht gl\u00e4nzende Oberfl\u00e4che, die dazu beitragen kann, Blendung und Reflexionen zu reduzieren, wodurch der Text auf den Karten besser lesbar ist.<\/p>\r\n<p><img loading=\"lazy\" decoding=\"async\" title=\"Glanzlack\" src=\"https:\/\/www.hicreategames.com\/wp-content\/uploads\/2022\/04\/Gloss-Varnish.jpg\" alt=\"Glanzlack\" width=\"250\" height=\"250\" \/><\/p>\r\n<h5>Glanzlack<\/h5>\r\n<p>Es bietet eine gl\u00e4nzende und glatte Oberfl\u00e4che, die das Erscheinungsbild verbessert und das Verblassen gedruckter Designs verhindert.<\/p>\r\n<p><img loading=\"lazy\" decoding=\"async\" title=\"Laser-Farbfolienstempel\" src=\"https:\/\/www.hicreategames.com\/wp-content\/uploads\/2022\/04\/Laser-Color-Foil-Stamp.jpg\" alt=\"Laser-Farbfolienstempel\" width=\"250\" height=\"250\" \/><\/p>\r\n<h5>Laser-Farbfolienstempel<\/h5>\r\n<p>Die Kombination von Laserpr\u00e4gung und Farbfolienpr\u00e4gung erm\u00f6glicht ein auff\u00e4lliges Design, das Spielkarten einen Mehrwert verleihen kann.<\/p>\r\n<p><img loading=\"lazy\" decoding=\"async\" title=\"Laser-Gold-Silberfolie-Stempel\" src=\"https:\/\/www.hicreategames.com\/wp-content\/uploads\/2022\/04\/Laser-Gold-Sliver-Foil-Stamp.jpg\" alt=\"Laser-Gold-Silberfolie-Stempel\" width=\"250\" height=\"250\" \/><\/p>\r\n<h5>Laser-Gold-Silberfolie-Stempel<\/h5>\r\n<p>Durch Hitze und Druck wird eine d\u00fcnne Gold-Silber-Folienschicht auf die Oberfl\u00e4che \u00fcbertragen, wodurch ein gl\u00e4nzender, metallischer Effekt entsteht.<\/p>\r\n<p><img loading=\"lazy\" decoding=\"async\" title=\"Matte Laminierung\" src=\"https:\/\/www.hicreategames.com\/wp-content\/uploads\/2022\/04\/Matt-Lamination.jpg\" alt=\"Matte Laminierung\" width=\"250\" height=\"250\" \/><\/p>\r\n<h5>Matte Laminierung<\/h5>\r\n<p>Das Auftragen einer d\u00fcnnen matten Filmschicht auf die Oberfl\u00e4che sorgt f\u00fcr ein weicheres nat\u00fcrliches Aussehen, das Blendung durch helles Licht verhindert.<\/p>\r\n<p><img loading=\"lazy\" decoding=\"async\" title=\"Glanzlaminierung\" src=\"https:\/\/www.hicreategames.com\/wp-content\/uploads\/2022\/04\/Gloss-Lamination.jpg\" alt=\"Glanzlaminierung\" width=\"250\" height=\"250\" \/><\/p>\r\n<h5>Glanzlaminierung<\/h5>\r\n<p>Aufbringen einer d\u00fcnnen Schicht transparenter Kunststoff- oder Harzfolie auf die Oberfl\u00e4che von Spielkarten, um ein gl\u00e4nzenderes Aussehen zu erzielen.<\/p>\r\n<p><img loading=\"lazy\" decoding=\"async\" title=\"Leinen-Finish\" src=\"https:\/\/www.hicreategames.com\/wp-content\/uploads\/2022\/04\/Linen-Finish.jpg\" alt=\"Leinen-Finish\" width=\"250\" height=\"250\" \/><\/p>\r\n<h5>Leinen-Finish<\/h5>\r\n<p>Dies wird erreicht, indem der Karton mit einem feinen Leinenmuster gepr\u00e4gt wird, das sowohl visuelles Interesse als auch taktiles Feedback hinzuf\u00fcgt.<\/p>\r\n<p><img loading=\"lazy\" decoding=\"async\" title=\"Punktueller UV-Lack\" src=\"https:\/\/www.hicreategames.com\/wp-content\/uploads\/2022\/04\/Spot-UV-Coating.jpg\" alt=\"Punktueller UV-Lack\" width=\"250\" height=\"250\" \/><\/p>\r\n<h5>Punktueller UV-Lack<\/h5>\r\n<p>Es ist eine Deluxe-Drucktechnik, die die spezifischen Elemente Ihrer Spielkarten hervorheben kann und den besten Kontrast bietet.<\/p>\r\n<h3>Wie stellen wir Ihre Kartenspiele her?<\/h3>\r\n<p><img loading=\"lazy\" decoding=\"async\" title=\"Brettspieldesign\" src=\"https:\/\/www.hicreategames.com\/wp-content\/uploads\/2022\/04\/board-game-design.jpg\" alt=\"Brettspieldesign\" width=\"640\" height=\"427\" \/><\/p>\r\n<h5>1. Designverifizierung<\/h5>\r\n<p>Sobald wir Ihre Ideen oder Dateien f\u00fcr Kartenspiele erhalten haben, werden wir mit Ihnen die kosteng\u00fcnstigste L\u00f6sung besprechen.<\/p>\r\n<p><img loading=\"lazy\" decoding=\"async\" title=\"Kartenspiel-Prototyp\" src=\"https:\/\/www.hicreategames.com\/wp-content\/uploads\/2022\/04\/Card-Game-Prototype.jpg\" alt=\"Kartenspiel-Prototyp\" width=\"640\" height=\"427\" \/><\/p>\r\n<h5>2. Erstellen Sie einen Prototyp<\/h5>\r\n<p>Nachdem wir Druckgr\u00f6\u00dfe, Form und Papieroptionen best\u00e4tigt haben, erstellen wir einen Kartenspiel-Prototypen zur Musterpr\u00fcfung.<\/p>\r\n<p><img loading=\"lazy\" decoding=\"async\" title=\"Produktion von Kartenspielen\" src=\"https:\/\/www.hicreategames.com\/wp-content\/uploads\/2022\/04\/Card-Game-Production.jpg\" alt=\"Produktion von Kartenspielen\" width=\"640\" height=\"426\" \/><\/p>\r\n<h5>3. Massenproduktion<\/h5>\r\n<p>Wenn Ihr Kartenspielmuster genehmigt wurde, werden wir die Massenproduktion veranlassen.<\/p>\r\n<h3>Unsere neuesten Kartenspielprojekte<\/h3>\r\n<div style=\"width: 640px;\" class=\"wp-video\"><video class=\"wp-video-shortcode\" id=\"video-2461-1\" width=\"640\" height=\"360\" preload=\"metadata\" controls=\"controls\"><source type=\"video\/mp4\" src=\"https:\/\/www.hicreategames.com\/wp-content\/uploads\/2022\/04\/Penguin-Brawl-Action-Card-Game.mp4?_=1\" \/><source type=\"video\/mp4\" src=\"https:\/\/www.hicreategames.com\/wp-content\/uploads\/2022\/04\/Penguin-Brawl-Action-Card-Game.mp4?_=1\" \/><a href=\"https:\/\/www.hicreategames.com\/wp-content\/uploads\/2022\/04\/Penguin-Brawl-Action-Card-Game.mp4\">https:\/\/www.hicreategames.com\/wp-content\/uploads\/2022\/04\/Penguin-Brawl-Action-Card-Game.mp4<\/a><\/video><\/div>\r\n<div style=\"width: 640px;\" class=\"wp-video\"><video class=\"wp-video-shortcode\" id=\"video-2461-2\" width=\"640\" height=\"360\" preload=\"metadata\" controls=\"controls\"><source type=\"video\/mp4\" src=\"https:\/\/www.hicreategames.com\/wp-content\/uploads\/2022\/04\/custom-card-game.mp4?_=2\" \/><source type=\"video\/mp4\" src=\"https:\/\/www.hicreategames.com\/wp-content\/uploads\/2022\/04\/custom-card-game.mp4?_=2\" \/><a href=\"https:\/\/www.hicreategames.com\/wp-content\/uploads\/2022\/04\/custom-card-game.mp4\">https:\/\/www.hicreategames.com\/wp-content\/uploads\/2022\/04\/custom-card-game.mp4<\/a><\/video><\/div>\r\n<p><img loading=\"lazy\" decoding=\"async\" title=\"benutzerdefinierte Kartenspiele\" src=\"https:\/\/www.hicreategames.com\/wp-content\/uploads\/2022\/04\/custom-game-cards.png\" alt=\"benutzerdefinierte Kartenspiele\" width=\"500\" height=\"500\" \/><\/p>\r\n<h3>Nehmen Sie jetzt Kontakt mit uns auf<\/h3>\r\n\n<div class=\"wpcf7 no-js\" id=\"wpcf7-f2452-o2\" lang=\"de-DE\" dir=\"ltr\" data-wpcf7-id=\"2452\">\n<div class=\"screen-reader-response\"><p role=\"status\" aria-live=\"polite\" aria-atomic=\"true\"><\/p> <ul><\/ul><\/div>\n<form action=\"\/de\/wp-json\/wp\/v2\/pages\/2461#wpcf7-f2452-o2\" method=\"post\" class=\"wpcf7-form init\" aria-label=\"Kontaktformular\" enctype=\"multipart\/form-data\" novalidate=\"novalidate\" data-status=\"init\">\n<fieldset class=\"hidden-fields-container\"><input type=\"hidden\" name=\"_wpcf7\" value=\"2452\" \/><input type=\"hidden\" name=\"_wpcf7_version\" value=\"6.1.5\" \/><input type=\"hidden\" name=\"_wpcf7_locale\" value=\"de_DE\" \/><input type=\"hidden\" name=\"_wpcf7_unit_tag\" value=\"wpcf7-f2452-o2\" \/><input type=\"hidden\" name=\"_wpcf7_container_post\" value=\"0\" \/><input type=\"hidden\" name=\"_wpcf7_posted_data_hash\" value=\"\" \/><input type=\"hidden\" name=\"_wpcf7_recaptcha_response\" value=\"\" \/>\n<\/fieldset>\n<p><label> Dein Name<br \/>\n<span class=\"wpcf7-form-control-wrap\" data-name=\"your-name\"><input size=\"40\" maxlength=\"400\" class=\"wpcf7-form-control wpcf7-text wpcf7-validates-as-required\" aria-required=\"true\" aria-invalid=\"false\" value=\"\" type=\"text\" name=\"your-name\" \/><\/span> <\/label>\n<\/p>\n<p><label> Deine E-Mail<br \/>\n<span class=\"wpcf7-form-control-wrap\" data-name=\"your-email\"><input size=\"40\" maxlength=\"400\" class=\"wpcf7-form-control wpcf7-email wpcf7-validates-as-required wpcf7-text wpcf7-validates-as-email\" aria-required=\"true\" aria-invalid=\"false\" value=\"\" type=\"email\" name=\"your-email\" \/><\/span> <\/label>\n<\/p>\n<p><label> Mindestbestellmenge<br \/>\n<span class=\"wpcf7-form-control-wrap\" data-name=\"menu-734\"><select class=\"wpcf7-form-control wpcf7-select wpcf7-validates-as-required\" aria-required=\"true\" aria-invalid=\"false\" name=\"menu-734\"><option value=\"\">&#8211; Bitte ausw\u00e4hlen &#8211;<\/option><option value=\"300\">300<\/option><option value=\"500\">500<\/option><option value=\"1000\">1000<\/option><\/select><\/span> <\/label>\n<\/p>\n<p><label> Ihre Nachricht<br \/>\n<span class=\"wpcf7-form-control-wrap\" data-name=\"your-message\"><textarea cols=\"40\" rows=\"10\" maxlength=\"2000\" class=\"wpcf7-form-control wpcf7-textarea wpcf7-validates-as-required\" aria-required=\"true\" aria-invalid=\"false\" name=\"your-message\"><\/textarea><\/span> <\/label>\n<\/p>\n<p><label> Ihre Datei (optional)<br \/>\n<span class=\"wpcf7-form-control-wrap\" data-name=\"file-978\"><input size=\"40\" class=\"wpcf7-form-control wpcf7-file\" accept=\"audio\/*,video\/*,image\/*\" aria-invalid=\"false\" type=\"file\" name=\"file-978\" \/><\/span> <\/label>\n<\/p>\n<p><span class=\"wpcf7-form-control-wrap\" data-name=\"quiz-747\"><label><span class=\"wpcf7-quiz-label\">2+6=?<\/span> <input size=\"40\" class=\"wpcf7-form-control wpcf7-quiz\" autocomplete=\"off\" aria-required=\"true\" aria-invalid=\"false\" type=\"text\" name=\"quiz-747\" \/><\/label><input type=\"hidden\" name=\"_wpcf7_quiz_answer_quiz-747\" value=\"34fe0dce70d770da3a4b02c0e1fa88fe\" \/><\/span>\n<\/p>\n<p><input class=\"wpcf7-form-control wpcf7-submit has-spinner\" type=\"submit\" value=\"Einreichen\" \/>\n<\/p><div class=\"wpcf7-response-output\" aria-hidden=\"true\"><\/div>\n<\/form>\n<\/div>\n\r\n","protected":false},"excerpt":{"rendered":"<p>Kartenspielhersteller: Design &amp; Druck Vom Konzept \u00fcber den Prototypenbau bis zur Serienfertigung &#8211; wir unterst\u00fctzen Spieleentwickler, Kickstarter-Entwickler und Verlage bei der Herstellung hochwertiger Kartenspiele mit umfassenden Anpassungsm\u00f6glichkeiten. Kontaktieren Sie uns und laden Sie Ihre Ideen hoch Was k\u00f6nnen wir f\u00fcr Ihr Kartenspiel Personalisieren? Kartenspielregeln F\u00fcr diejenigen, die keine Ahnung haben, [&hellip;]<\/p>\n","protected":false},"author":1,"featured_media":0,"parent":0,"menu_order":0,"comment_status":"closed","ping_status":"closed","template":"","meta":{"site-sidebar-layout":"no-sidebar","site-content-layout":"page-builder","ast-site-content-layout":"default","site-content-style":"default","site-sidebar-style":"default","ast-global-header-display":"","ast-banner-title-visibility":"","ast-main-header-display":"","ast-hfb-above-header-display":"","ast-hfb-below-header-display":"","ast-hfb-mobile-header-display":"","site-post-title":"disabled","ast-breadcrumbs-content":"","ast-featured-img":"disabled","footer-sml-layout":"","ast-disable-related-posts":"","theme-transparent-header-meta":"default","adv-header-id-meta":"","stick-header-meta":"default","header-above-stick-meta":"","header-main-stick-meta":"","header-below-stick-meta":"","astra-migrate-meta-layouts":"set","ast-page-background-enabled":"default","ast-page-background-meta":{"desktop":{"background-color":"","background-image":"","background-repeat":"repeat","background-position":"center center","background-size":"auto","background-attachment":"scroll","background-type":"","background-media":"","overlay-type":"","overlay-color":"","overlay-opacity":"","overlay-gradient":""},"tablet":{"background-color":"","background-image":"","background-repeat":"repeat","background-position":"center center","background-size":"auto","background-attachment":"scroll","background-type":"","background-media":"","overlay-type":"","overlay-color":"","overlay-opacity":"","overlay-gradient":""},"mobile":{"background-color":"","background-image":"","background-repeat":"repeat","background-position":"center center","background-size":"auto","background-attachment":"scroll","background-type":"","background-media":"","overlay-type":"","overlay-color":"","overlay-opacity":"","overlay-gradient":""}},"ast-content-background-meta":{"desktop":{"background-color":"var(--ast-global-color-5)","background-image":"","background-repeat":"repeat","background-position":"center center","background-size":"auto","background-attachment":"scroll","background-type":"","background-media":"","overlay-type":"","overlay-color":"","overlay-opacity":"","overlay-gradient":""},"tablet":{"background-color":"var(--ast-global-color-5)","background-image":"","background-repeat":"repeat","background-position":"center center","background-size":"auto","background-attachment":"scroll","background-type":"","background-media":"","overlay-type":"","overlay-color":"","overlay-opacity":"","overlay-gradient":""},"mobile":{"background-color":"var(--ast-global-color-5)","background-image":"","background-repeat":"repeat","background-position":"center center","background-size":"auto","background-attachment":"scroll","background-type":"","background-media":"","overlay-type":"","overlay-color":"","overlay-opacity":"","overlay-gradient":""}},"footnotes":""},"class_list":["post-2461","page","type-page","status-publish","hentry"],"_links":{"self":[{"href":"https:\/\/www.hicreategames.com\/de\/wp-json\/wp\/v2\/pages\/2461","targetHints":{"allow":["GET"]}}],"collection":[{"href":"https:\/\/www.hicreategames.com\/de\/wp-json\/wp\/v2\/pages"}],"about":[{"href":"https:\/\/www.hicreategames.com\/de\/wp-json\/wp\/v2\/types\/page"}],"author":[{"embeddable":true,"href":"https:\/\/www.hicreategames.com\/de\/wp-json\/wp\/v2\/users\/1"}],"replies":[{"embeddable":true,"href":"https:\/\/www.hicreategames.com\/de\/wp-json\/wp\/v2\/comments?post=2461"}],"version-history":[{"count":5,"href":"https:\/\/www.hicreategames.com\/de\/wp-json\/wp\/v2\/pages\/2461\/revisions"}],"predecessor-version":[{"id":26705,"href":"https:\/\/www.hicreategames.com\/de\/wp-json\/wp\/v2\/pages\/2461\/revisions\/26705"}],"wp:attachment":[{"href":"https:\/\/www.hicreategames.com\/de\/wp-json\/wp\/v2\/media?parent=2461"}],"curies":[{"name":"wp","href":"https:\/\/api.w.org\/{rel}","templated":true}]}}