{"id":2465,"date":"2022-04-07T08:25:29","date_gmt":"2022-04-07T08:25:29","guid":{"rendered":"https:\/\/www.hicreategames.com\/benutzerdefinierte-wuerfel\/"},"modified":"2025-08-27T09:26:19","modified_gmt":"2025-08-27T09:26:19","slug":"benutzerdefinierte-wuerfel","status":"publish","type":"page","link":"https:\/\/www.hicreategames.com\/de\/benutzerdefinierte-wuerfel\/","title":{"rendered":"Benutzerdefinierte W\u00fcrfel"},"content":{"rendered":"\n<h3>\n\t\t\tIndividuelle W\u00fcrfeln Hersteller\t<\/h3>\n\t<p>Individuell gestaltete W\u00fcrfel erm\u00f6glichen es ihren Erstellern, einzigartige Geschichten, \u00c4sthetik und Markenzeichen zum Ausdruck zu bringen.<\/p>\n<p>Wir k\u00f6nnen jeden Aspekt Ihrer W\u00fcrfel individuell anpassen: Aussehen, Material, Gr\u00f6\u00dfe, Form, Zahlen\/Symbole, Oberfl\u00e4che und Verpackung.<\/p>\n\t\t\t<a href=\"#\" role=\"button\">\n\t\t\t\t\t\t\tAngebot Einholen\n\t\t\t\t\t<\/a>\n\t\t\t\n<div class=\"wpcf7 no-js\" id=\"wpcf7-f2452-o1\" lang=\"de-DE\" dir=\"ltr\" data-wpcf7-id=\"2452\">\n<div class=\"screen-reader-response\"><p role=\"status\" aria-live=\"polite\" aria-atomic=\"true\"><\/p> <ul><\/ul><\/div>\n<form action=\"\/de\/wp-json\/wp\/v2\/pages\/2465#wpcf7-f2452-o1\" method=\"post\" class=\"wpcf7-form init\" aria-label=\"Kontaktformular\" enctype=\"multipart\/form-data\" novalidate=\"novalidate\" data-status=\"init\">\n<fieldset class=\"hidden-fields-container\"><input type=\"hidden\" name=\"_wpcf7\" value=\"2452\" \/><input type=\"hidden\" name=\"_wpcf7_version\" value=\"6.1.5\" \/><input type=\"hidden\" name=\"_wpcf7_locale\" value=\"de_DE\" \/><input type=\"hidden\" name=\"_wpcf7_unit_tag\" value=\"wpcf7-f2452-o1\" \/><input type=\"hidden\" name=\"_wpcf7_container_post\" value=\"0\" \/><input type=\"hidden\" name=\"_wpcf7_posted_data_hash\" value=\"\" \/><input type=\"hidden\" name=\"_wpcf7_recaptcha_response\" value=\"\" \/>\n<\/fieldset>\n<p><label> Dein Name<br \/>\n<span class=\"wpcf7-form-control-wrap\" data-name=\"your-name\"><input size=\"40\" maxlength=\"400\" class=\"wpcf7-form-control wpcf7-text wpcf7-validates-as-required\" aria-required=\"true\" aria-invalid=\"false\" value=\"\" type=\"text\" name=\"your-name\" \/><\/span> <\/label>\n<\/p>\n<p><label> Deine E-Mail<br \/>\n<span class=\"wpcf7-form-control-wrap\" data-name=\"your-email\"><input size=\"40\" maxlength=\"400\" class=\"wpcf7-form-control wpcf7-email wpcf7-validates-as-required wpcf7-text wpcf7-validates-as-email\" aria-required=\"true\" aria-invalid=\"false\" value=\"\" type=\"email\" name=\"your-email\" \/><\/span> <\/label>\n<\/p>\n<p><label> Mindestbestellmenge<br \/>\n<span class=\"wpcf7-form-control-wrap\" data-name=\"menu-734\"><select class=\"wpcf7-form-control wpcf7-select wpcf7-validates-as-required\" aria-required=\"true\" aria-invalid=\"false\" name=\"menu-734\"><option value=\"\">&#8211; Bitte ausw\u00e4hlen &#8211;<\/option><option value=\"300\">300<\/option><option value=\"500\">500<\/option><option value=\"1000\">1000<\/option><\/select><\/span> <\/label>\n<\/p>\n<p><label> Ihre Nachricht<br \/>\n<span class=\"wpcf7-form-control-wrap\" data-name=\"your-message\"><textarea cols=\"40\" rows=\"10\" maxlength=\"2000\" class=\"wpcf7-form-control wpcf7-textarea wpcf7-validates-as-required\" aria-required=\"true\" aria-invalid=\"false\" name=\"your-message\"><\/textarea><\/span> <\/label>\n<\/p>\n<p><label> Ihre Datei (optional)<br \/>\n<span class=\"wpcf7-form-control-wrap\" data-name=\"file-978\"><input size=\"40\" class=\"wpcf7-form-control wpcf7-file\" accept=\"audio\/*,video\/*,image\/*\" aria-invalid=\"false\" type=\"file\" name=\"file-978\" \/><\/span> <\/label>\n<\/p>\n<p><span class=\"wpcf7-form-control-wrap\" data-name=\"quiz-747\"><label><span class=\"wpcf7-quiz-label\">2+6=?<\/span> <input size=\"40\" class=\"wpcf7-form-control wpcf7-quiz\" autocomplete=\"off\" aria-required=\"true\" aria-invalid=\"false\" type=\"text\" name=\"quiz-747\" \/><\/label><input type=\"hidden\" name=\"_wpcf7_quiz_answer_quiz-747\" value=\"34fe0dce70d770da3a4b02c0e1fa88fe\" \/><\/span>\n<\/p>\n<p><input class=\"wpcf7-form-control wpcf7-submit has-spinner\" type=\"submit\" value=\"Einreichen\" \/>\n<\/p><div class=\"wpcf7-response-output\" aria-hidden=\"true\"><\/div>\n<\/form>\n<\/div>\n\t\t\n\t<h3>\n\t\t\t\tWas k\u00f6nnen wir f\u00fcr Ihre W\u00fcrfel Individuelle?\n\t\t\t<\/h3>\n\t\t\t\t<img decoding=\"async\" src=\"https:\/\/www.hicreategames.com\/wp-content\/uploads\/2022\/04\/custom-dice.jpg\" alt=\"Individuell W\u00fcrfel\" itemprop=\"image\" height=\"960\" width=\"640\" title=\"Individuell W\u00fcrfel\" onerror=\"this.style.display='none'\" loading=\"lazy\" \/>\n\t<p>10mm, 12mm, 13mm, 14mm, 15mm, 6mm, 18mm, 19mm, 20mm, 22mm, 25mm, 30mm, 35mm, 40mm, 50mm, 100mm<\/p>\n\t<p>Acryl, Harz oder benutzerdefiniert<\/p>\n\t<p>D4 (4-seitig), D6 (6-seitig), D8 (8-seitig), D10 (10-seitig), D12 (12-seitig), D20 (20-seitig), D50 (50-seitig), D100 (100-seitig), individuelle DnD-W\u00fcrfel.<\/p>\n\t<p>Pantone-Farben nach Ma\u00df, zwei Farben gemischt<\/p>\n\t<p><strong>Siebdruck<\/strong>: Er eignet sich am besten f\u00fcr W\u00fcrfel mit einfachem Design, erzeugt haltbarere, langlebigere Bilder und ist bei gr\u00f6\u00dferen Mengen kosteng\u00fcnstiger.<\/p>\n<p><strong>W\u00e4rme\u00fcbertragung<\/strong>: Wird haupts\u00e4chlich f\u00fcr W\u00fcrfel mit komplexen Mustern verwendet, hat eine bessere Aufl\u00f6sung und ist bei kleinen Mengen kosteng\u00fcnstiger.<\/p>\n<p><strong>Gravieren<\/strong>: Es ist teurer und braucht mehr Zeit, aber dauerhaftere Muster.<\/p>\n\t<p>Einzelne Polybeutel, R\u00f6hrenverpackung, Geschenkbox oder nach Ma\u00df<\/p>\n\t<h3>\n\t\t\t\tVergleich der W\u00fcrfelmaterialien: Acryl, Harz, Metall, Stein\n\t\t\t<\/h3>\n\t\t\t\t<img decoding=\"async\" src=\"https:\/\/www.hicreategames.com\/wp-content\/uploads\/2022\/04\/Acrylic-Dice-300x300.png\" alt=\"Acrylw\u00fcrfel\" itemprop=\"image\" height=\"300\" width=\"300\" title=\"Acrylw\u00fcrfel\" onerror=\"this.style.display='none'\" loading=\"lazy\" \/>\n\t<h5>\n\t\t\t\t<a href=\"https:\/\/www.hicreategames.com\/de\/welche-materialwuerfel-sind-die-besten-acryl-harz-stein-oder-metall\/#Acrylic_Dice\" title=\"Acrylw\u00fcrfel\" target=\"_self\"  aria-label=\"Gehe zu https:\/\/www.hicreategames.com\/de\/welche-materialwuerfel-sind-die-besten-acryl-harz-stein-oder-metall\/#Acrylic_Dice\">\n\t\t\t\tAcrylw\u00fcrfel\n\t\t\t\t<\/a>\n\t\t\t<\/h5>\n\t\t\t<p>Acrylw\u00fcrfel sind die g\u00e4ngigste Art von W\u00fcrfeln. Sie sind leicht, langlebig, erschwinglich und gl\u00e4nzend. Sie k\u00f6nnen mit verschiedenen Designs mithilfe von Verfahren wie Gravur, Siebdruck und Thermotransfer individuell gestaltet werden. <\/p>\t\n\t\t\t\t<img decoding=\"async\" src=\"https:\/\/www.hicreategames.com\/wp-content\/uploads\/2022\/04\/Resin-Dice-300x300.png\" alt=\"Harzw\u00fcrfel\" itemprop=\"image\" height=\"300\" width=\"300\" title=\"Harzw\u00fcrfel\" onerror=\"this.style.display='none'\" loading=\"lazy\" \/>\n\t<h5>\n\t\t\t\t<a href=\"https:\/\/www.hicreategames.com\/de\/welche-materialwuerfel-sind-die-besten-acryl-harz-stein-oder-metall\/#Resin_Dice\" title=\"Harzw\u00fcrfel\" target=\"_self\"  aria-label=\"Gehe zu https:\/\/www.hicreategames.com\/de\/welche-materialwuerfel-sind-die-besten-acryl-harz-stein-oder-metall\/#Resin_Dice\">\n\t\t\t\tHarzw\u00fcrfel\n\t\t\t\t<\/a>\n\t\t\t<\/h5>\n\t\t\t<p>Harzw\u00fcrfel sind eine weitere Art von Kunststoffw\u00fcrfeln, die haltbarer und schwerer als Acryl sind, aber viel weniger glatt als Acryl. Sie lassen sich leichter mit einzigartigen Mustern und Farbkombinationen individuell gestalten, die bei anderen W\u00fcrfelarten nicht zu finden sind. <\/p>\t\n\t\t\t\t<img decoding=\"async\" src=\"https:\/\/www.hicreategames.com\/wp-content\/uploads\/2022\/04\/Metal-Dice-300x300.png\" alt=\"Metallw\u00fcrfel\" itemprop=\"image\" height=\"300\" width=\"300\" title=\"Metallw\u00fcrfel\" onerror=\"this.style.display='none'\" loading=\"lazy\" \/>\n\t<h5>\n\t\t\t\t<a href=\"https:\/\/www.hicreategames.com\/de\/welche-materialwuerfel-sind-die-besten-acryl-harz-stein-oder-metall\/#Metal_Dice\" title=\"Metallw\u00fcrfel\" target=\"_self\"  aria-label=\"Gehe zu https:\/\/www.hicreategames.com\/de\/welche-materialwuerfel-sind-die-besten-acryl-harz-stein-oder-metall\/#Metal_Dice\">\n\t\t\t\tMetallw\u00fcrfel\n\t\t\t\t<\/a>\n\t\t\t<\/h5>\n\t\t\t<p>Metallw\u00fcrfel sind viel teurer und sehr robust, aber in Bezug auf Balance und Gewicht sind sie die besten W\u00fcrfel. Sie k\u00f6nnen mit verschiedenen Designs oder Logos mithilfe von Techniken wie Lasergravur oder \u00c4tzung individuell gestaltet werden. <\/p>\t\n\t\t\t\t<img decoding=\"async\" src=\"https:\/\/www.hicreategames.com\/wp-content\/uploads\/2022\/04\/Stone-Dice-300x300.png\" alt=\"Steinw\u00fcrfel\" itemprop=\"image\" height=\"300\" width=\"300\" title=\"Steinw\u00fcrfel\" onerror=\"this.style.display='none'\" loading=\"lazy\" \/>\n\t<h5>\n\t\t\t\t<a href=\"https:\/\/www.hicreategames.com\/de\/welche-materialwuerfel-sind-die-besten-acryl-harz-stein-oder-metall\/#Stone_Dice\" title=\"Steinw\u00fcrfel\" target=\"_self\"  aria-label=\"Gehe zu https:\/\/www.hicreategames.com\/de\/welche-materialwuerfel-sind-die-besten-acryl-harz-stein-oder-metall\/#Stone_Dice\">\n\t\t\t\tSteinw\u00fcrfel\n\t\t\t\t<\/a>\n\t\t\t<\/h5>\n\t\t\t<p>Steinw\u00fcrfel haben eine einzigartige und nat\u00fcrliche Sch\u00f6nheit. Sie sind teurer, zerbrechlicher, weniger individuell gestaltbar und erfordern mehr Handwerkskunst als andere W\u00fcrfeltypen, aber sie erzeugen ein so befriedigendes Klappern, wenn sie auf den Tisch fallen. <\/p>\t\n\t<h3>\n\t\t\t\tWelche Arten von W\u00fcrfeln k\u00f6nnen wir liefern?\n\t\t\t<\/h3>\n\t\t\t\t<img decoding=\"async\" src=\"https:\/\/www.hicreategames.com\/wp-content\/uploads\/2022\/04\/D4-Dice-150x150.png\" alt=\"D4 W\u00fcrfel\" itemprop=\"image\" height=\"150\" width=\"150\" title=\"D4 W\u00fcrfel\" onerror=\"this.style.display='none'\" loading=\"lazy\" \/>\n\t<h5>\n\t\t\t\tD4 W\u00fcrfel\n\t\t\t<\/h5>\n\t\t\t<p>Jede Seite ist ein Dreieck. Die Zahlen auf der Unterseite sind die Zahlen f\u00fcr diesen Wurf. <\/p>\t\n\t\t\t\t<img decoding=\"async\" src=\"https:\/\/www.hicreategames.com\/wp-content\/uploads\/2022\/04\/D6-Dice-150x150.png\" alt=\"D6 W\u00fcrfel\" itemprop=\"image\" height=\"150\" width=\"150\" title=\"D6 W\u00fcrfel\" onerror=\"this.style.display='none'\" loading=\"lazy\" \/>\n\t<h5>\n\t\t\t\tD6 W\u00fcrfel\n\t\t\t<\/h5>\n\t\t\t<p>W\u00fcrfelw\u00fcrfel. Jede Seite ist ein Quadrat. Der g\u00e4ngigste W\u00fcrfel, der in verschiedenen Tischspielen weit verbreitet ist.  <\/p>\t\n\t\t\t\t<img decoding=\"async\" src=\"https:\/\/www.hicreategames.com\/wp-content\/uploads\/2022\/04\/D8-Dice-150x150.png\" alt=\"D8 W\u00fcrfel\" itemprop=\"image\" height=\"150\" width=\"150\" title=\"D8 W\u00fcrfel\" onerror=\"this.style.display='none'\" loading=\"lazy\" \/>\n\t<h5>\n\t\t\t\tD8 W\u00fcrfel\n\t\t\t<\/h5>\n\t\t\t<p>Jede Seite ist ein gleichseitiges Dreieck. Die Wurfgeschicklichkeit des W\u00fcrfels kann die Wahrscheinlichkeit erh\u00f6hen, dass eine bestimmte Seite des W\u00fcrfels f\u00e4llt. <\/p>\t\n\t\t\t\t<img decoding=\"async\" src=\"https:\/\/www.hicreategames.com\/wp-content\/uploads\/2022\/04\/D10-Dice-150x150.png\" alt=\"D10 W\u00fcrfel\" itemprop=\"image\" height=\"150\" width=\"150\" title=\"D10 W\u00fcrfel\" onerror=\"this.style.display='none'\" loading=\"lazy\" \/>\n\t<h5>\n\t\t\t\tD10 W\u00fcrfel\n\t\t\t<\/h5>\n\t\t\t<p>Er ist f\u00fcr bestimmte Spiele konzipiert. Achten Sie daher beim Spielen darauf, ob er gedreht wird. <\/p>\t\n\t\t\t\t<img decoding=\"async\" src=\"https:\/\/www.hicreategames.com\/wp-content\/uploads\/2022\/04\/D12-Dice-150x150.png\" alt=\"D12 W\u00fcrfel\" itemprop=\"image\" height=\"150\" width=\"150\" title=\"D12 W\u00fcrfel\" onerror=\"this.style.display='none'\" loading=\"lazy\" \/>\n\t<h5>\n\t\t\t\tD12 W\u00fcrfel\n\t\t\t<\/h5>\n\t\t\t<p>Es handelt sich um einen regul\u00e4ren Dodekaeder-W\u00fcrfel. Jede Seite ist ein regelm\u00e4\u00dfiges 5-eckiges Polygon. Er wird h\u00e4ufig in Tabletop-Rollenspielen verwendet.  <\/p>\t\n\t\t\t\t<img decoding=\"async\" src=\"https:\/\/www.hicreategames.com\/wp-content\/uploads\/2022\/04\/D20-Dice-150x150.png\" alt=\"D20 W\u00fcrfel\" itemprop=\"image\" height=\"150\" width=\"150\" title=\"D20 W\u00fcrfel\" onerror=\"this.style.display='none'\" loading=\"lazy\" \/>\n\t<h5>\n\t\t\t\tD20 W\u00fcrfel\n\t\t\t<\/h5>\n\t\t\t<p>20-seitige W\u00fcrfel werden sehr h\u00e4ufig in Brettspielen verwendet. Am h\u00e4ufigsten werden sie zum Markieren von Trefferpunkten verwendet. <\/p>\t\n\t\t\t\t<img decoding=\"async\" src=\"https:\/\/www.hicreategames.com\/wp-content\/uploads\/2022\/04\/D50-Dice-150x150.png\" alt=\"D50 W\u00fcrfel\" itemprop=\"image\" height=\"150\" width=\"150\" title=\"D50 W\u00fcrfel\" onerror=\"this.style.display='none'\" loading=\"lazy\" \/>\n\t<h5>\n\t\t\t\tD50 W\u00fcrfel\n\t\t\t<\/h5>\n\t\t\t<p>D50-W\u00fcrfel werden nicht so h\u00e4ufig verwendet wie andere, k\u00f6nnen aber in bestimmten Spielen, die einen gro\u00dfen Zahlenbereich erfordern, n\u00fctzlich sein.<\/p>\t\n\t\t\t\t<img decoding=\"async\" src=\"https:\/\/www.hicreategames.com\/wp-content\/uploads\/2022\/04\/D100-Dice-150x150.png\" alt=\"D100 W\u00fcrfel\" itemprop=\"image\" height=\"150\" width=\"150\" title=\"D100 W\u00fcrfel\" onerror=\"this.style.display='none'\" loading=\"lazy\" \/>\n\t<h5>\n\t\t\t\tD100 W\u00fcrfel\n\t\t\t<\/h5>\n\t\t\t<p>Wenn man in DND einen 100-seitigen W\u00fcrfel wirft, kann dies zu einem massiven, schweren Ball f\u00fchren, anstatt zu ein paar 10-seitigen W\u00fcrfeln.<\/p>\t\n\t<h3>\n\t\t\t\tW\u00fcrfel-Vitrine\n\t\t\t<\/h3>\n\t\t<meta itemprop=\"url\" content=\"https:\/\/www.hicreategames.com\/wp-content\/uploads\/2025\/08\/Dice-Showcase-1.mp4\" \/><div style=\"width: 640px;\" class=\"wp-video\"><video class=\"wp-video-shortcode\" id=\"video-2465-1\" width=\"640\" height=\"360\" poster=\"https:\/\/www.hicreategames.com\/wp-content\/uploads\/2025\/08\/Wuerfel-Vitrine-1.jpg\" preload=\"none\" controls=\"controls\"><source type=\"video\/mp4\" src=\"https:\/\/www.hicreategames.com\/wp-content\/uploads\/2025\/08\/Dice-Showcase-1.mp4?_=1\" \/><source type=\"video\/mp4\" src=\"https:\/\/www.hicreategames.com\/wp-content\/uploads\/2025\/08\/Dice-Showcase-1.mp4?_=1\" \/><a href=\"https:\/\/www.hicreategames.com\/wp-content\/uploads\/2025\/08\/Dice-Showcase-1.mp4\">https:\/\/www.hicreategames.com\/wp-content\/uploads\/2025\/08\/Dice-Showcase-1.mp4<\/a><\/video><\/div>\t\n\t\t<meta itemprop=\"url\" content=\"https:\/\/www.hicreategames.com\/wp-content\/uploads\/2025\/08\/Dice-Showcase-3.mp4\" \/><div style=\"width: 640px;\" class=\"wp-video\"><video class=\"wp-video-shortcode\" id=\"video-2465-2\" width=\"640\" height=\"360\" poster=\"https:\/\/www.hicreategames.com\/wp-content\/uploads\/2025\/08\/Wuerfel-Vitrine-3.jpg\" preload=\"none\" controls=\"controls\"><source type=\"video\/mp4\" src=\"https:\/\/www.hicreategames.com\/wp-content\/uploads\/2025\/08\/Dice-Showcase-3.mp4?_=2\" \/><source type=\"video\/mp4\" src=\"https:\/\/www.hicreategames.com\/wp-content\/uploads\/2025\/08\/Dice-Showcase-3.mp4?_=2\" \/><a href=\"https:\/\/www.hicreategames.com\/wp-content\/uploads\/2025\/08\/Dice-Showcase-3.mp4\">https:\/\/www.hicreategames.com\/wp-content\/uploads\/2025\/08\/Dice-Showcase-3.mp4<\/a><\/video><\/div>\t\n\t<h3>\n\t\t\t\tKontaktieren Sie uns\n\t\t\t<\/h3>\n\t\t\t\t<img decoding=\"async\" src=\"https:\/\/www.hicreategames.com\/wp-content\/uploads\/2022\/04\/personalised-dice.png\" alt=\"personalisierte W\u00fcrfel\" itemprop=\"image\" height=\"500\" width=\"500\" title=\"personalisierte W\u00fcrfel\" onerror=\"this.style.display='none'\" loading=\"lazy\" \/>\n\t\n<div class=\"wpcf7 no-js\" id=\"wpcf7-f2452-o2\" lang=\"de-DE\" dir=\"ltr\" data-wpcf7-id=\"2452\">\n<div class=\"screen-reader-response\"><p role=\"status\" aria-live=\"polite\" aria-atomic=\"true\"><\/p> <ul><\/ul><\/div>\n<form action=\"\/de\/wp-json\/wp\/v2\/pages\/2465#wpcf7-f2452-o2\" method=\"post\" class=\"wpcf7-form init\" aria-label=\"Kontaktformular\" enctype=\"multipart\/form-data\" novalidate=\"novalidate\" data-status=\"init\">\n<fieldset class=\"hidden-fields-container\"><input type=\"hidden\" name=\"_wpcf7\" value=\"2452\" \/><input type=\"hidden\" name=\"_wpcf7_version\" value=\"6.1.5\" \/><input type=\"hidden\" name=\"_wpcf7_locale\" value=\"de_DE\" \/><input type=\"hidden\" name=\"_wpcf7_unit_tag\" value=\"wpcf7-f2452-o2\" \/><input type=\"hidden\" name=\"_wpcf7_container_post\" value=\"0\" \/><input type=\"hidden\" name=\"_wpcf7_posted_data_hash\" value=\"\" \/><input type=\"hidden\" name=\"_wpcf7_recaptcha_response\" value=\"\" \/>\n<\/fieldset>\n<p><label> Dein Name<br \/>\n<span class=\"wpcf7-form-control-wrap\" data-name=\"your-name\"><input size=\"40\" maxlength=\"400\" class=\"wpcf7-form-control wpcf7-text wpcf7-validates-as-required\" aria-required=\"true\" aria-invalid=\"false\" value=\"\" type=\"text\" name=\"your-name\" \/><\/span> <\/label>\n<\/p>\n<p><label> Deine E-Mail<br \/>\n<span class=\"wpcf7-form-control-wrap\" data-name=\"your-email\"><input size=\"40\" maxlength=\"400\" class=\"wpcf7-form-control wpcf7-email wpcf7-validates-as-required wpcf7-text wpcf7-validates-as-email\" aria-required=\"true\" aria-invalid=\"false\" value=\"\" type=\"email\" name=\"your-email\" \/><\/span> <\/label>\n<\/p>\n<p><label> Mindestbestellmenge<br \/>\n<span class=\"wpcf7-form-control-wrap\" data-name=\"menu-734\"><select class=\"wpcf7-form-control wpcf7-select wpcf7-validates-as-required\" aria-required=\"true\" aria-invalid=\"false\" name=\"menu-734\"><option value=\"\">&#8211; Bitte ausw\u00e4hlen &#8211;<\/option><option value=\"300\">300<\/option><option value=\"500\">500<\/option><option value=\"1000\">1000<\/option><\/select><\/span> <\/label>\n<\/p>\n<p><label> Ihre Nachricht<br \/>\n<span class=\"wpcf7-form-control-wrap\" data-name=\"your-message\"><textarea cols=\"40\" rows=\"10\" maxlength=\"2000\" class=\"wpcf7-form-control wpcf7-textarea wpcf7-validates-as-required\" aria-required=\"true\" aria-invalid=\"false\" name=\"your-message\"><\/textarea><\/span> <\/label>\n<\/p>\n<p><label> Ihre Datei (optional)<br \/>\n<span class=\"wpcf7-form-control-wrap\" data-name=\"file-978\"><input size=\"40\" class=\"wpcf7-form-control wpcf7-file\" accept=\"audio\/*,video\/*,image\/*\" aria-invalid=\"false\" type=\"file\" name=\"file-978\" \/><\/span> <\/label>\n<\/p>\n<p><span class=\"wpcf7-form-control-wrap\" data-name=\"quiz-747\"><label><span class=\"wpcf7-quiz-label\">2+6=?<\/span> <input size=\"40\" class=\"wpcf7-form-control wpcf7-quiz\" autocomplete=\"off\" aria-required=\"true\" aria-invalid=\"false\" type=\"text\" name=\"quiz-747\" \/><\/label><input type=\"hidden\" name=\"_wpcf7_quiz_answer_quiz-747\" value=\"34fe0dce70d770da3a4b02c0e1fa88fe\" \/><\/span>\n<\/p>\n<p><input class=\"wpcf7-form-control wpcf7-submit has-spinner\" type=\"submit\" value=\"Einreichen\" \/>\n<\/p><div class=\"wpcf7-response-output\" aria-hidden=\"true\"><\/div>\n<\/form>\n<\/div>\n\n\n","protected":false},"excerpt":{"rendered":"<p>Individuelle W\u00fcrfeln Hersteller Individuell gestaltete W\u00fcrfel erm\u00f6glichen es ihren Erstellern, einzigartige Geschichten, \u00c4sthetik und Markenzeichen zum Ausdruck zu bringen. Wir k\u00f6nnen jeden Aspekt Ihrer W\u00fcrfel individuell anpassen: Aussehen, Material, Gr\u00f6\u00dfe, Form, Zahlen\/Symbole, Oberfl\u00e4che und Verpackung. Angebot Einholen Was k\u00f6nnen wir f\u00fcr Ihre W\u00fcrfel Individuelle? 10mm, 12mm, 13mm, 14mm, 15mm, 6mm, [&hellip;]<\/p>\n","protected":false},"author":1,"featured_media":0,"parent":0,"menu_order":0,"comment_status":"closed","ping_status":"closed","template":"","meta":{"site-sidebar-layout":"no-sidebar","site-content-layout":"page-builder","ast-site-content-layout":"full-width-container","site-content-style":"unboxed","site-sidebar-style":"unboxed","ast-global-header-display":"","ast-banner-title-visibility":"","ast-main-header-display":"","ast-hfb-above-header-display":"","ast-hfb-below-header-display":"","ast-hfb-mobile-header-display":"","site-post-title":"disabled","ast-breadcrumbs-content":"","ast-featured-img":"disabled","footer-sml-layout":"","ast-disable-related-posts":"","theme-transparent-header-meta":"default","adv-header-id-meta":"","stick-header-meta":"default","header-above-stick-meta":"","header-main-stick-meta":"","header-below-stick-meta":"","astra-migrate-meta-layouts":"default","ast-page-background-enabled":"default","ast-page-background-meta":{"desktop":{"background-color":"","background-image":"","background-repeat":"repeat","background-position":"center center","background-size":"auto","background-attachment":"scroll","background-type":"","background-media":"","overlay-type":"","overlay-color":"","overlay-opacity":"","overlay-gradient":""},"tablet":{"background-color":"","background-image":"","background-repeat":"repeat","background-position":"center center","background-size":"auto","background-attachment":"scroll","background-type":"","background-media":"","overlay-type":"","overlay-color":"","overlay-opacity":"","overlay-gradient":""},"mobile":{"background-color":"","background-image":"","background-repeat":"repeat","background-position":"center center","background-size":"auto","background-attachment":"scroll","background-type":"","background-media":"","overlay-type":"","overlay-color":"","overlay-opacity":"","overlay-gradient":""}},"ast-content-background-meta":{"desktop":{"background-color":"var(--ast-global-color-5)","background-image":"","background-repeat":"repeat","background-position":"center center","background-size":"auto","background-attachment":"scroll","background-type":"","background-media":"","overlay-type":"","overlay-color":"","overlay-opacity":"","overlay-gradient":""},"tablet":{"background-color":"var(--ast-global-color-5)","background-image":"","background-repeat":"repeat","background-position":"center center","background-size":"auto","background-attachment":"scroll","background-type":"","background-media":"","overlay-type":"","overlay-color":"","overlay-opacity":"","overlay-gradient":""},"mobile":{"background-color":"var(--ast-global-color-5)","background-image":"","background-repeat":"repeat","background-position":"center center","background-size":"auto","background-attachment":"scroll","background-type":"","background-media":"","overlay-type":"","overlay-color":"","overlay-opacity":"","overlay-gradient":""}},"footnotes":""},"class_list":["post-2465","page","type-page","status-publish","hentry"],"_links":{"self":[{"href":"https:\/\/www.hicreategames.com\/de\/wp-json\/wp\/v2\/pages\/2465","targetHints":{"allow":["GET"]}}],"collection":[{"href":"https:\/\/www.hicreategames.com\/de\/wp-json\/wp\/v2\/pages"}],"about":[{"href":"https:\/\/www.hicreategames.com\/de\/wp-json\/wp\/v2\/types\/page"}],"author":[{"embeddable":true,"href":"https:\/\/www.hicreategames.com\/de\/wp-json\/wp\/v2\/users\/1"}],"replies":[{"embeddable":true,"href":"https:\/\/www.hicreategames.com\/de\/wp-json\/wp\/v2\/comments?post=2465"}],"version-history":[{"count":3,"href":"https:\/\/www.hicreategames.com\/de\/wp-json\/wp\/v2\/pages\/2465\/revisions"}],"predecessor-version":[{"id":26038,"href":"https:\/\/www.hicreategames.com\/de\/wp-json\/wp\/v2\/pages\/2465\/revisions\/26038"}],"wp:attachment":[{"href":"https:\/\/www.hicreategames.com\/de\/wp-json\/wp\/v2\/media?parent=2465"}],"curies":[{"name":"wp","href":"https:\/\/api.w.org\/{rel}","templated":true}]}}