{"id":2468,"date":"2022-04-04T09:13:54","date_gmt":"2022-04-04T09:13:54","guid":{"rendered":"https:\/\/www.hicreategames.com\/benutzerdefiniertes-spielbrett\/"},"modified":"2025-08-27T05:44:31","modified_gmt":"2025-08-27T05:44:31","slug":"benutzerdefiniertes-spielbrett","status":"publish","type":"page","link":"https:\/\/www.hicreategames.com\/de\/benutzerdefiniertes-spielbrett\/","title":{"rendered":"Benutzerdefiniertes Spielbrett"},"content":{"rendered":"\n\n\t<h3>\n\t\t\t\tIndividuellen Spielbrettern\n\t\t\t<\/h3>\n\t<p>Von einfachen faltbaren Spielbrettern bis hin zu aufwendigen modularen Designs &#8211; wir sind darauf spezialisiert, hochwertige, vollst\u00e4ndig anpassbare Spielbretter herzustellen, die genau auf Ihre Vorstellungen zugeschnitten sind.<\/p>\n\t\t\t<a href=\"#\" role=\"button\">\n\t\t\t\t\t\t\tAngebot Einholen\n\t\t\t\t\t<\/a>\n\t\t\t\n<div class=\"wpcf7 no-js\" id=\"wpcf7-f2452-o1\" lang=\"de-DE\" dir=\"ltr\" data-wpcf7-id=\"2452\">\n<div class=\"screen-reader-response\"><p role=\"status\" aria-live=\"polite\" aria-atomic=\"true\"><\/p> <ul><\/ul><\/div>\n<form action=\"\/de\/wp-json\/wp\/v2\/pages\/2468#wpcf7-f2452-o1\" method=\"post\" class=\"wpcf7-form init\" aria-label=\"Kontaktformular\" enctype=\"multipart\/form-data\" novalidate=\"novalidate\" data-status=\"init\">\n<fieldset class=\"hidden-fields-container\"><input type=\"hidden\" name=\"_wpcf7\" value=\"2452\" \/><input type=\"hidden\" name=\"_wpcf7_version\" value=\"6.1.5\" \/><input type=\"hidden\" name=\"_wpcf7_locale\" value=\"de_DE\" \/><input type=\"hidden\" name=\"_wpcf7_unit_tag\" value=\"wpcf7-f2452-o1\" \/><input type=\"hidden\" name=\"_wpcf7_container_post\" value=\"0\" \/><input type=\"hidden\" name=\"_wpcf7_posted_data_hash\" value=\"\" \/><input type=\"hidden\" name=\"_wpcf7_recaptcha_response\" value=\"\" \/>\n<\/fieldset>\n<p><label> Dein Name<br \/>\n<span class=\"wpcf7-form-control-wrap\" data-name=\"your-name\"><input size=\"40\" maxlength=\"400\" class=\"wpcf7-form-control wpcf7-text wpcf7-validates-as-required\" aria-required=\"true\" aria-invalid=\"false\" value=\"\" type=\"text\" name=\"your-name\" \/><\/span> <\/label>\n<\/p>\n<p><label> Deine E-Mail<br \/>\n<span class=\"wpcf7-form-control-wrap\" data-name=\"your-email\"><input size=\"40\" maxlength=\"400\" class=\"wpcf7-form-control wpcf7-email wpcf7-validates-as-required wpcf7-text wpcf7-validates-as-email\" aria-required=\"true\" aria-invalid=\"false\" value=\"\" type=\"email\" name=\"your-email\" \/><\/span> <\/label>\n<\/p>\n<p><label> Mindestbestellmenge<br \/>\n<span class=\"wpcf7-form-control-wrap\" data-name=\"menu-734\"><select class=\"wpcf7-form-control wpcf7-select wpcf7-validates-as-required\" aria-required=\"true\" aria-invalid=\"false\" name=\"menu-734\"><option value=\"\">&#8211; Bitte ausw\u00e4hlen &#8211;<\/option><option value=\"300\">300<\/option><option value=\"500\">500<\/option><option value=\"1000\">1000<\/option><\/select><\/span> <\/label>\n<\/p>\n<p><label> Ihre Nachricht<br \/>\n<span class=\"wpcf7-form-control-wrap\" data-name=\"your-message\"><textarea cols=\"40\" rows=\"10\" maxlength=\"2000\" class=\"wpcf7-form-control wpcf7-textarea wpcf7-validates-as-required\" aria-required=\"true\" aria-invalid=\"false\" name=\"your-message\"><\/textarea><\/span> <\/label>\n<\/p>\n<p><label> Ihre Datei (optional)<br \/>\n<span class=\"wpcf7-form-control-wrap\" data-name=\"file-978\"><input size=\"40\" class=\"wpcf7-form-control wpcf7-file\" accept=\"audio\/*,video\/*,image\/*\" aria-invalid=\"false\" type=\"file\" name=\"file-978\" \/><\/span> <\/label>\n<\/p>\n<p><span class=\"wpcf7-form-control-wrap\" data-name=\"quiz-747\"><label><span class=\"wpcf7-quiz-label\">2+6=?<\/span> <input size=\"40\" class=\"wpcf7-form-control wpcf7-quiz\" autocomplete=\"off\" aria-required=\"true\" aria-invalid=\"false\" type=\"text\" name=\"quiz-747\" \/><\/label><input type=\"hidden\" name=\"_wpcf7_quiz_answer_quiz-747\" value=\"34fe0dce70d770da3a4b02c0e1fa88fe\" \/><\/span>\n<\/p>\n<p><input class=\"wpcf7-form-control wpcf7-submit has-spinner\" type=\"submit\" value=\"Einreichen\" \/>\n<\/p><div class=\"wpcf7-response-output\" aria-hidden=\"true\"><\/div>\n<\/form>\n<\/div>\n\t\t\n\t<h3>\n\t\t\t\tWas k\u00f6nnen wir f\u00fcr das Spielbrett Personalisieren?\n\t\t\t<\/h3>\n\t\t\t\t<img decoding=\"async\" src=\"https:\/\/www.hicreategames.com\/wp-content\/uploads\/2023\/07\/Automatische-Spielbrettformmaschine-von-Yamaha.jpg\" alt=\"Automatische Spielbrettformmaschine von Yamaha\" itemprop=\"image\" height=\"959\" width=\"640\" title=\"Automatische Spielbrettformmaschine von Yamaha\" onerror=\"this.style.display='none'\" loading=\"lazy\" \/>\n\t<p><em>Automatische Spielbrettformmaschine von Yamaha<\/em><\/p>\n\t<ul>\n<li>Akzeptieren Sie benutzerdefinierte Gr\u00f6\u00dfe<\/li>\n<li>Die maximale Gr\u00f6\u00dfe betr\u00e4gt 100 x 80 cm.<\/li>\n<\/ul>\n\t<ul>\n<li>157 gsm <span id=\"su_tooltip_6a023bee6a26c_button\" class=\"su-tooltip-button su-tooltip-button-outline-yes\" aria-describedby=\"su_tooltip_6a023bee6a26c\" data-settings='{\"position\":\"top\",\"behavior\":\"hover\",\"hideDelay\":0}' tabindex=\"0\"><u>C2S<\/u><\/span><span style=\"display:none;z-index:100\" id=\"su_tooltip_6a023bee6a26c\" class=\"su-tooltip\" role=\"tooltip\"><span class=\"su-tooltip-inner su-tooltip-shadow-yes\" style=\"z-index:100;background:#ffffff;color:#00000;font-size:14px;border-radius:5px;text-align:left;max-width:300px;line-height:1.25\"><span class=\"su-tooltip-title\"><\/span><span class=\"su-tooltip-content su-u-trim\">zweiseitig beschichtet<\/span><\/span><span id=\"su_tooltip_6a023bee6a26c_arrow\" class=\"su-tooltip-arrow\" style=\"z-index:100;background:#ffffff\" data-popper-arrow><\/span><\/span> + Graupappe + schwarzes Umh\u00fcllungspapier<\/li>\n<\/ul>\n\t<ul>\n<li>1.2mm\/1.5mm\/1.8mm\/2.0mm<\/li>\n<\/ul>\n\t<ul>\n<li>3~5 mm<\/li>\n<\/ul>\n\t<ul>\n<li>Zweifach, dreifach, vierfach, sechsfach, Ziehharmonikafaltung, Roll-up und Puzzle-Faltung.<\/li>\n<\/ul>\n\t<ul>\n<li>Glanz\/Mattlack<\/li>\n<li>Glanz\/Matt-Laminierung<\/li>\n<\/ul>\n\t<ul>\n<li>PDF, PSD, AI oder CRD<\/li>\n<\/ul>\n\t<ul>\n<li>Mindestens 300 ppi oder mehr<\/li>\n<\/ul>\n\t<ul>\n<li>CMYK (Cyan, Magenta, Gelb und Schwarz).<\/li>\n<li>Schwarz braucht reines Schwarz (C:0%,M:0%,Y:0%,K:100%)<\/li>\n<\/ul>\n\t<ul>\n<li>4C\/4C (4-farbiger 2-seitiger Druck)<\/li>\n<li>4C\/0C (4-farbiger 1-seitiger Druck)<\/li>\n<\/ul>\n\t<h3>\n\t\t\t\tFaktoren, die die Kosten von Spielbrettern beeinflussen\n\t\t\t<\/h3>\n\t\t\t<p>Die Kosten f\u00fcr Spielbretter k\u00f6nnen je nach Gr\u00f6\u00dfe, Material, Dicke, Faltoptionen, Oberfl\u00e4chenbehandlung, Komplexit\u00e4t des Designs und anderen individuellen Dienstleistungen stark variieren.<\/p>\t\n\t<p>Im Allgemeinen erfordern gr\u00f6\u00dfere Spielbretter mehr Material und Herstellungszeit. Dar\u00fcber hinaus sind gr\u00f6\u00dfere Verpackungsmaterialien und h\u00f6here Versandkosten erforderlich. <\/p>\n\t<p>Karton ist kosteng\u00fcnstiger als andere Materialien wie Kunststoff, Holz und Metall. Abgesehen davon k\u00f6nnen auch verschiedene Arten von Kartonmaterialien die Kosten beeinflussen. <\/p>\n\t<p>Dickere Spielbretter erfordern in der Regel mehr Material und komplexere Maschinen und Produktionsprozesse, was die Produktionskosten erh\u00f6ht.<\/p>\n\t<p>Spielbretter, die mehr Faltoptionen erfordern, sind in der Regel komplexer, da sie spezielle Maschinen und qualifizierte Arbeitskr\u00e4fte erfordern, um den korrekten Faltprozess zu gew\u00e4hrleisten.<\/p>\n\t<p>Komplexere Oberfl\u00e4chenbehandlungen wie Pr\u00e4gungen, Folienkaschierungen oder Spot-UV-Lackierungen erfordern spezielle Ger\u00e4te und Arbeitskr\u00e4fte, was die Produktionskosten erh\u00f6ht.<\/p>\n\t<p>Je komplexer das Design von Spielbrettern ist, desto mehr Zeit, Aufwand und Ressourcen sind f\u00fcr ihre Herstellung erforderlich, was wiederum zu h\u00f6heren Kosten f\u00fchren kann.<\/p>\n\t<h3>\n\t\t\t\tWie w\u00e4hlt man die richtige Dicke?\n\t\t\t<\/h3>\n\t\t<meta itemprop=\"url\" content=\"https:\/\/www.hicreategames.com\/wp-content\/uploads\/2022\/04\/custom-game-board.mp4\" \/><div style=\"width: 640px;\" class=\"wp-video\"><video class=\"wp-video-shortcode\" id=\"video-2468-1\" width=\"640\" height=\"360\" poster=\"https:\/\/www.hicreategames.com\/wp-content\/uploads\/2025\/08\/Dicke-von-Spielbrettern.jpg\" preload=\"none\" controls=\"controls\"><source type=\"video\/mp4\" src=\"https:\/\/www.hicreategames.com\/wp-content\/uploads\/2022\/04\/custom-game-board.mp4?_=1\" \/><source type=\"video\/mp4\" src=\"https:\/\/www.hicreategames.com\/wp-content\/uploads\/2022\/04\/custom-game-board.mp4?_=1\" \/><a href=\"https:\/\/www.hicreategames.com\/wp-content\/uploads\/2022\/04\/custom-game-board.mp4\">https:\/\/www.hicreategames.com\/wp-content\/uploads\/2022\/04\/custom-game-board.mp4<\/a><\/video><\/div>\t\n\t<p>Wir richten die Gr\u00f6\u00dfe der Box nach der Gr\u00f6\u00dfe des Spielbretts und seinen Faltm\u00f6glichkeiten aus.<\/p>\n<p>\u00dcblicherweise legen wir die Plattengr\u00f6\u00dfe 50x50cm als kritischen Wert fest.<\/p>\n<ul>\n<li>Wenn die L\u00e4nge oder Breite Ihres Spielbretts &lt;50 cm betr\u00e4gt, k\u00f6nnen Sie unser 1,5 mm starkes graues Brett w\u00e4hlen.<\/li>\n<li>Wenn die L\u00e4nge oder Breite Ihres Spielbretts &gt;50 cm betr\u00e4gt, k\u00f6nnen Sie unsere \u22651,8 mm graue Platte w\u00e4hlen.<\/li>\n<\/ul>\n<p>Wenn Sie ein gro\u00dfes Spielbrett haben und ein d\u00fcnnes graues Brett verwenden, verformt sich das Brett leicht.<\/p>\n\t<h3>\n\t\t\t\tFaltoptionen\n\t\t\t<\/h3>\n\t\t\t\t<img decoding=\"async\" src=\"https:\/\/www.hicreategames.com\/wp-content\/uploads\/2025\/08\/Zweifach-gefaltete-Spielbretter.png\" alt=\"Zweifach gefaltete Spielbretter\" itemprop=\"image\" height=\"310\" width=\"355\" title=\"Zweifach gefaltete Spielbretter\" onerror=\"this.style.display='none'\" loading=\"lazy\" \/>\n\t<h5>\n\t\t\t\tZweifach gefaltet\n\t\t\t<\/h5>\n\t\t\t<p>Dies ist die g\u00e4ngigste Art, Spielbretter zu falten. Sie werden h\u00e4ufig f\u00fcr Brettspiele verwendet, die eine gr\u00f6\u00dfere Spielfl\u00e4che haben oder mit mehreren Komponenten geliefert werden. <\/p>\t\n\t\t\t\t<img decoding=\"async\" src=\"https:\/\/www.hicreategames.com\/wp-content\/uploads\/2025\/08\/Dreifach-gefaltete-Spielbretter.png\" alt=\"Dreifach gefaltete Spielbretter\" itemprop=\"image\" height=\"310\" width=\"355\" title=\"Dreifach gefaltete Spielbretter\" onerror=\"this.style.display='none'\" loading=\"lazy\" \/>\n\t<h5>\n\t\t\t\tDreifach gefaltet\n\t\t\t<\/h5>\n\t\t\t<p>Das dreifach gefaltete Spielbrett ist eine beliebte Wahl, da es eine gro\u00dfe Spielfl\u00e4che bietet und gleichzeitig leicht zu transportieren und zu verstauen ist. Es ist au\u00dferdem eine kosteng\u00fcnstigere L\u00f6sung als ein einzelnes gro\u00dfes Brett. <\/p>\t\n\t\t\t\t<img decoding=\"async\" src=\"https:\/\/www.hicreategames.com\/wp-content\/uploads\/2025\/08\/Vierfach-gefaltete-Spielbretter.png\" alt=\"Vierfach gefaltete Spielbretter\" itemprop=\"image\" height=\"310\" width=\"355\" title=\"Vierfach gefaltete Spielbretter\" onerror=\"this.style.display='none'\" loading=\"lazy\" \/>\n\t<h5>\n\t\t\t\tVierfach gefaltet\n\t\t\t<\/h5>\n\t\t\t<p>Wenn es aufgeklappt ist, liegt das vierfach gefaltete Spielbrett flach und bietet eine gro\u00dfe Spielfl\u00e4che. Zum Verstauen kann das Brett in vier Teile gefaltet werden, wodurch es leicht zu verstauen ist. <\/p> \t\n\t\t\t\t<img decoding=\"async\" src=\"https:\/\/www.hicreategames.com\/wp-content\/uploads\/2025\/08\/Sechsfach-gefaltete-Spielbretter.png\" alt=\"Sechsfach gefaltete Spielbretter\" itemprop=\"image\" height=\"310\" width=\"355\" title=\"Sechsfach gefaltete Spielbretter\" onerror=\"this.style.display='none'\" loading=\"lazy\" \/>\n\t<h5>\n\t\t\t\tSechsfach gefaltet\n\t\t\t<\/h5>\n\t\t\t<p>Dies ist eine Art Spielbrett, das in sechs Teile gefaltet werden kann. Es besteht in der Regel aus robustem Material wie Pappe oder Kunststoff und ist f\u00fcr eine Vielzahl verschiedener Spiele konzipiert. <\/p> \t\n\t<h3>\n\t\t\t\tOberfl\u00e4chenbehandlung von Spielbrettern\n\t\t\t<\/h3>\n\t\t\t<p>Dies h\u00e4ngt vom gew\u00fcnschten Druckeffekt, dem gew\u00fcnschten Schutzniveau und dem Budget ab.<\/p>\t\n\t<strong>Oberfl\u00e4chenbehandlung mit Lack<br \/>\n<\/strong>Beim Lackieren wird eine transparente Silikonschicht auf die Oberfl\u00e4che Ihres Bretts aufgetragen, um es zu sch\u00fctzen und ihm ein gl\u00e4nzendes Finish zu verleihen.\n<div class=\"i2-pros-cons-icons i2-pros-cons-main-wrapper theme-i2pc-theme-1000 no-title no-button no-space-between-column no-outer-border no-round-corner no-heading-icon\"><div class=\"i2-pros-cons-wrapper\"><div class=\"i2-pros\"><strong class=\"i2-pros-title\">Vorteile<\/strong><div class=\"section\"><ul class='has-icon'><li><i class='icon icon-thumbs-up'><\/i>Billiger<\/li><li><i class='icon icon-thumbs-up'><\/i>Umweltfreundlich<\/li><\/ul><\/div><\/div><div class=\"i2-cons\"><strong class=\"i2-cons-title\">Nachteile<\/strong><div class=\"section\"><ul class='has-icon'><li><i class='icon icon-thumbs-down'><\/i>Weniger Schutz<\/li><\/ul><\/div><\/div><\/div><\/div>\n\t<strong>Oberfl\u00e4chenbehandlung durch Laminierung<\/strong><br \/>\nBei der Laminierung wird eine Kunststofffolie auf die Oberfl\u00e4che des Spielbretts aufgebracht, um es vor Abnutzung zu sch\u00fctzen.\n<div class=\"i2-pros-cons-icons i2-pros-cons-main-wrapper theme-i2pc-theme-1000 no-title no-button no-space-between-column no-outer-border no-round-corner no-heading-icon\"><div class=\"i2-pros-cons-wrapper\"><div class=\"i2-pros\"><strong class=\"i2-pros-title\">Vorteile<\/strong><div class=\"section\"><ul class='has-icon'><li><i class='icon icon-thumbs-up'><\/i>Mehr Schutz<\/li><\/ul><\/div><\/div><div class=\"i2-cons\"><strong class=\"i2-cons-title\">Nachteile<\/strong><div class=\"section\"><ul class='has-icon'><li><i class='icon icon-thumbs-down'><\/i>Weniger umweltfreundlich<\/li><li><i class='icon icon-thumbs-down'><\/i>Teuer<\/li><\/ul><\/div><\/div><\/div><\/div>\n\t\t\t\t<img decoding=\"async\" src=\"https:\/\/www.hicreategames.com\/wp-content\/uploads\/2025\/08\/Spielbretter.jpg\" alt=\"Spielbretter\" itemprop=\"image\" height=\"800\" width=\"800\" title=\"Spielbretter\" onerror=\"this.style.display='none'\" loading=\"lazy\" \/>\n\t<h3>\n\t\t\t\tKontaktieren Sie uns\n\t\t\t<\/h3>\n\t\n<div class=\"wpcf7 no-js\" id=\"wpcf7-f2452-o2\" lang=\"de-DE\" dir=\"ltr\" data-wpcf7-id=\"2452\">\n<div class=\"screen-reader-response\"><p role=\"status\" aria-live=\"polite\" aria-atomic=\"true\"><\/p> <ul><\/ul><\/div>\n<form action=\"\/de\/wp-json\/wp\/v2\/pages\/2468#wpcf7-f2452-o2\" method=\"post\" class=\"wpcf7-form init\" aria-label=\"Kontaktformular\" enctype=\"multipart\/form-data\" novalidate=\"novalidate\" data-status=\"init\">\n<fieldset class=\"hidden-fields-container\"><input type=\"hidden\" name=\"_wpcf7\" value=\"2452\" \/><input type=\"hidden\" name=\"_wpcf7_version\" value=\"6.1.5\" \/><input type=\"hidden\" name=\"_wpcf7_locale\" value=\"de_DE\" \/><input type=\"hidden\" name=\"_wpcf7_unit_tag\" value=\"wpcf7-f2452-o2\" \/><input type=\"hidden\" name=\"_wpcf7_container_post\" value=\"0\" \/><input type=\"hidden\" name=\"_wpcf7_posted_data_hash\" value=\"\" \/><input type=\"hidden\" name=\"_wpcf7_recaptcha_response\" value=\"\" \/>\n<\/fieldset>\n<p><label> Dein Name<br \/>\n<span class=\"wpcf7-form-control-wrap\" data-name=\"your-name\"><input size=\"40\" maxlength=\"400\" class=\"wpcf7-form-control wpcf7-text wpcf7-validates-as-required\" aria-required=\"true\" aria-invalid=\"false\" value=\"\" type=\"text\" name=\"your-name\" \/><\/span> <\/label>\n<\/p>\n<p><label> Deine E-Mail<br \/>\n<span class=\"wpcf7-form-control-wrap\" data-name=\"your-email\"><input size=\"40\" maxlength=\"400\" class=\"wpcf7-form-control wpcf7-email wpcf7-validates-as-required wpcf7-text wpcf7-validates-as-email\" aria-required=\"true\" aria-invalid=\"false\" value=\"\" type=\"email\" name=\"your-email\" \/><\/span> <\/label>\n<\/p>\n<p><label> Mindestbestellmenge<br \/>\n<span class=\"wpcf7-form-control-wrap\" data-name=\"menu-734\"><select class=\"wpcf7-form-control wpcf7-select wpcf7-validates-as-required\" aria-required=\"true\" aria-invalid=\"false\" name=\"menu-734\"><option value=\"\">&#8211; Bitte ausw\u00e4hlen &#8211;<\/option><option value=\"300\">300<\/option><option value=\"500\">500<\/option><option value=\"1000\">1000<\/option><\/select><\/span> <\/label>\n<\/p>\n<p><label> Ihre Nachricht<br \/>\n<span class=\"wpcf7-form-control-wrap\" data-name=\"your-message\"><textarea cols=\"40\" rows=\"10\" maxlength=\"2000\" class=\"wpcf7-form-control wpcf7-textarea wpcf7-validates-as-required\" aria-required=\"true\" aria-invalid=\"false\" name=\"your-message\"><\/textarea><\/span> <\/label>\n<\/p>\n<p><label> Ihre Datei (optional)<br \/>\n<span class=\"wpcf7-form-control-wrap\" data-name=\"file-978\"><input size=\"40\" class=\"wpcf7-form-control wpcf7-file\" accept=\"audio\/*,video\/*,image\/*\" aria-invalid=\"false\" type=\"file\" name=\"file-978\" \/><\/span> <\/label>\n<\/p>\n<p><span class=\"wpcf7-form-control-wrap\" data-name=\"quiz-747\"><label><span class=\"wpcf7-quiz-label\">2+6=?<\/span> <input size=\"40\" class=\"wpcf7-form-control wpcf7-quiz\" autocomplete=\"off\" aria-required=\"true\" aria-invalid=\"false\" type=\"text\" name=\"quiz-747\" \/><\/label><input type=\"hidden\" name=\"_wpcf7_quiz_answer_quiz-747\" value=\"34fe0dce70d770da3a4b02c0e1fa88fe\" \/><\/span>\n<\/p>\n<p><input class=\"wpcf7-form-control wpcf7-submit has-spinner\" type=\"submit\" value=\"Einreichen\" \/>\n<\/p><div class=\"wpcf7-response-output\" aria-hidden=\"true\"><\/div>\n<\/form>\n<\/div>\n\n\n","protected":false},"excerpt":{"rendered":"<p>Individuellen Spielbrettern Von einfachen faltbaren Spielbrettern bis hin zu aufwendigen modularen Designs &#8211; wir sind darauf spezialisiert, hochwertige, vollst\u00e4ndig anpassbare Spielbretter herzustellen, die genau auf Ihre Vorstellungen zugeschnitten sind. Angebot Einholen Was k\u00f6nnen wir f\u00fcr das Spielbrett Personalisieren? Automatische Spielbrettformmaschine von Yamaha Akzeptieren Sie benutzerdefinierte Gr\u00f6\u00dfe Die maximale Gr\u00f6\u00dfe betr\u00e4gt [&hellip;]<\/p>\n","protected":false},"author":1,"featured_media":0,"parent":0,"menu_order":0,"comment_status":"closed","ping_status":"closed","template":"","meta":{"site-sidebar-layout":"no-sidebar","site-content-layout":"page-builder","ast-site-content-layout":"default","site-content-style":"default","site-sidebar-style":"default","ast-global-header-display":"","ast-banner-title-visibility":"","ast-main-header-display":"","ast-hfb-above-header-display":"","ast-hfb-below-header-display":"","ast-hfb-mobile-header-display":"","site-post-title":"disabled","ast-breadcrumbs-content":"","ast-featured-img":"disabled","footer-sml-layout":"","ast-disable-related-posts":"","theme-transparent-header-meta":"default","adv-header-id-meta":"","stick-header-meta":"default","header-above-stick-meta":"","header-main-stick-meta":"","header-below-stick-meta":"","astra-migrate-meta-layouts":"default","ast-page-background-enabled":"default","ast-page-background-meta":{"desktop":{"background-color":"","background-image":"","background-repeat":"repeat","background-position":"center center","background-size":"auto","background-attachment":"scroll","background-type":"","background-media":"","overlay-type":"","overlay-color":"","overlay-opacity":"","overlay-gradient":""},"tablet":{"background-color":"","background-image":"","background-repeat":"repeat","background-position":"center center","background-size":"auto","background-attachment":"scroll","background-type":"","background-media":"","overlay-type":"","overlay-color":"","overlay-opacity":"","overlay-gradient":""},"mobile":{"background-color":"","background-image":"","background-repeat":"repeat","background-position":"center center","background-size":"auto","background-attachment":"scroll","background-type":"","background-media":"","overlay-type":"","overlay-color":"","overlay-opacity":"","overlay-gradient":""}},"ast-content-background-meta":{"desktop":{"background-color":"var(--ast-global-color-5)","background-image":"","background-repeat":"repeat","background-position":"center center","background-size":"auto","background-attachment":"scroll","background-type":"","background-media":"","overlay-type":"","overlay-color":"","overlay-opacity":"","overlay-gradient":""},"tablet":{"background-color":"var(--ast-global-color-5)","background-image":"","background-repeat":"repeat","background-position":"center center","background-size":"auto","background-attachment":"scroll","background-type":"","background-media":"","overlay-type":"","overlay-color":"","overlay-opacity":"","overlay-gradient":""},"mobile":{"background-color":"var(--ast-global-color-5)","background-image":"","background-repeat":"repeat","background-position":"center center","background-size":"auto","background-attachment":"scroll","background-type":"","background-media":"","overlay-type":"","overlay-color":"","overlay-opacity":"","overlay-gradient":""}},"footnotes":""},"class_list":["post-2468","page","type-page","status-publish","hentry"],"_links":{"self":[{"href":"https:\/\/www.hicreategames.com\/de\/wp-json\/wp\/v2\/pages\/2468","targetHints":{"allow":["GET"]}}],"collection":[{"href":"https:\/\/www.hicreategames.com\/de\/wp-json\/wp\/v2\/pages"}],"about":[{"href":"https:\/\/www.hicreategames.com\/de\/wp-json\/wp\/v2\/types\/page"}],"author":[{"embeddable":true,"href":"https:\/\/www.hicreategames.com\/de\/wp-json\/wp\/v2\/users\/1"}],"replies":[{"embeddable":true,"href":"https:\/\/www.hicreategames.com\/de\/wp-json\/wp\/v2\/comments?post=2468"}],"version-history":[{"count":4,"href":"https:\/\/www.hicreategames.com\/de\/wp-json\/wp\/v2\/pages\/2468\/revisions"}],"predecessor-version":[{"id":25394,"href":"https:\/\/www.hicreategames.com\/de\/wp-json\/wp\/v2\/pages\/2468\/revisions\/25394"}],"wp:attachment":[{"href":"https:\/\/www.hicreategames.com\/de\/wp-json\/wp\/v2\/media?parent=2468"}],"curies":[{"name":"wp","href":"https:\/\/api.w.org\/{rel}","templated":true}]}}