{"id":2486,"date":"2022-04-19T03:44:01","date_gmt":"2022-04-19T03:44:01","guid":{"rendered":"https:\/\/www.hicreategames.com\/benutzerdefinierte-spielfiguren\/"},"modified":"2025-08-29T09:46:53","modified_gmt":"2025-08-29T09:46:53","slug":"benutzerdefinierte-spielfiguren","status":"publish","type":"page","link":"https:\/\/www.hicreategames.com\/de\/benutzerdefinierte-spielfiguren\/","title":{"rendered":"Benutzerdefinierte Spielfiguren"},"content":{"rendered":"\n<h3>\n\t\t\tBenutzerdefinierte Spielfiguren\t<\/h3>\n\t<p>Individuell gestaltete Spielfiguren k\u00f6nnen Ihrem Brettspiel Identit\u00e4t, Charakter und Spielbarkeit verleihen.<\/p>\n<p>Mit unserer Expertise in der Herstellung von Spielfiguren bieten wir ma\u00dfgeschneiderte L\u00f6sungen, die Funktionalit\u00e4t, Langlebigkeit und Design vereinen.<\/p>\n\t\t\t<a href=\"#\" role=\"button\">\n\t\t\t\t\t\t\tAngebot Einholen\n\t\t\t\t\t<\/a>\n\t\t\t\n<div class=\"wpcf7 no-js\" id=\"wpcf7-f2452-o1\" lang=\"de-DE\" dir=\"ltr\" data-wpcf7-id=\"2452\">\n<div class=\"screen-reader-response\"><p role=\"status\" aria-live=\"polite\" aria-atomic=\"true\"><\/p> <ul><\/ul><\/div>\n<form action=\"\/de\/wp-json\/wp\/v2\/pages\/2486#wpcf7-f2452-o1\" method=\"post\" class=\"wpcf7-form init\" aria-label=\"Kontaktformular\" enctype=\"multipart\/form-data\" novalidate=\"novalidate\" data-status=\"init\">\n<fieldset class=\"hidden-fields-container\"><input type=\"hidden\" name=\"_wpcf7\" value=\"2452\" \/><input type=\"hidden\" name=\"_wpcf7_version\" value=\"6.1.5\" \/><input type=\"hidden\" name=\"_wpcf7_locale\" value=\"de_DE\" \/><input type=\"hidden\" name=\"_wpcf7_unit_tag\" value=\"wpcf7-f2452-o1\" \/><input type=\"hidden\" name=\"_wpcf7_container_post\" value=\"0\" \/><input type=\"hidden\" name=\"_wpcf7_posted_data_hash\" value=\"\" \/><input type=\"hidden\" name=\"_wpcf7_recaptcha_response\" value=\"\" \/>\n<\/fieldset>\n<p><label> Dein Name<br \/>\n<span class=\"wpcf7-form-control-wrap\" data-name=\"your-name\"><input size=\"40\" maxlength=\"400\" class=\"wpcf7-form-control wpcf7-text wpcf7-validates-as-required\" aria-required=\"true\" aria-invalid=\"false\" value=\"\" type=\"text\" name=\"your-name\" \/><\/span> <\/label>\n<\/p>\n<p><label> Deine E-Mail<br \/>\n<span class=\"wpcf7-form-control-wrap\" data-name=\"your-email\"><input size=\"40\" maxlength=\"400\" class=\"wpcf7-form-control wpcf7-email wpcf7-validates-as-required wpcf7-text wpcf7-validates-as-email\" aria-required=\"true\" aria-invalid=\"false\" value=\"\" type=\"email\" name=\"your-email\" \/><\/span> <\/label>\n<\/p>\n<p><label> Mindestbestellmenge<br \/>\n<span class=\"wpcf7-form-control-wrap\" data-name=\"menu-734\"><select class=\"wpcf7-form-control wpcf7-select wpcf7-validates-as-required\" aria-required=\"true\" aria-invalid=\"false\" name=\"menu-734\"><option value=\"\">&#8211; Bitte ausw\u00e4hlen &#8211;<\/option><option value=\"300\">300<\/option><option value=\"500\">500<\/option><option value=\"1000\">1000<\/option><\/select><\/span> <\/label>\n<\/p>\n<p><label> Ihre Nachricht<br \/>\n<span class=\"wpcf7-form-control-wrap\" data-name=\"your-message\"><textarea cols=\"40\" rows=\"10\" maxlength=\"2000\" class=\"wpcf7-form-control wpcf7-textarea wpcf7-validates-as-required\" aria-required=\"true\" aria-invalid=\"false\" name=\"your-message\"><\/textarea><\/span> <\/label>\n<\/p>\n<p><label> Ihre Datei (optional)<br \/>\n<span class=\"wpcf7-form-control-wrap\" data-name=\"file-978\"><input size=\"40\" class=\"wpcf7-form-control wpcf7-file\" accept=\"audio\/*,video\/*,image\/*\" aria-invalid=\"false\" type=\"file\" name=\"file-978\" \/><\/span> <\/label>\n<\/p>\n<p><span class=\"wpcf7-form-control-wrap\" data-name=\"quiz-747\"><label><span class=\"wpcf7-quiz-label\">2+6=?<\/span> <input size=\"40\" class=\"wpcf7-form-control wpcf7-quiz\" autocomplete=\"off\" aria-required=\"true\" aria-invalid=\"false\" type=\"text\" name=\"quiz-747\" \/><\/label><input type=\"hidden\" name=\"_wpcf7_quiz_answer_quiz-747\" value=\"34fe0dce70d770da3a4b02c0e1fa88fe\" \/><\/span>\n<\/p>\n<p><input class=\"wpcf7-form-control wpcf7-submit has-spinner\" type=\"submit\" value=\"Einreichen\" \/>\n<\/p><div class=\"wpcf7-response-output\" aria-hidden=\"true\"><\/div>\n<\/form>\n<\/div>\n\t\t\n<h3>\n\t\t\tMaterialien f\u00fcr Spielsteine\t<\/h3>\n\t\t\t\t<img decoding=\"async\" src=\"https:\/\/www.hicreategames.com\/wp-content\/uploads\/2022\/04\/Wooden-Game-Pieces.jpg\" alt=\"Spielfiguren aus Holz\" itemprop=\"image\" height=\"426\" width=\"640\" title=\"Spielfiguren aus Holz\" onerror=\"this.style.display='none'\" loading=\"lazy\" \/>\n\t<h5>\n\t\t\t\tSpielfiguren aus Holz\n\t\t\t<\/h5>\n\t\t\t<p>Sie werden normalerweise aus Holz hergestellt und sind so ausgelegt, dass sie langlebig, taktil und visuell ansprechend sind. Einige h\u00e4ufige Beispiele f\u00fcr Holzspielst\u00fccke sind Bauern, W\u00fcrfel, W\u00fcrfel, Discs und Meeples. <\/p>\t\n\t\t\t\t<img decoding=\"async\" src=\"https:\/\/www.hicreategames.com\/wp-content\/uploads\/2022\/04\/Plastic-Game-Pieces.jpg\" alt=\"Spielfiguren aus Kunststoff\" itemprop=\"image\" height=\"426\" width=\"640\" title=\"Spielfiguren aus Kunststoff\" onerror=\"this.style.display='none'\" loading=\"lazy\" \/>\n\t<h5>\n\t\t\t\tSpielfiguren aus Kunststoff\n\t\t\t<\/h5>\n\t\t\t<p>Plastikspielst\u00fccke werden oft gegen\u00fcber anderen Materialien wie Metall oder Holz bevorzugt, da sie erschwinglich, leicht, langlebig sind und in einer Vielzahl von Formen und Farben hergestellt werden k\u00f6nnen.<\/p>\t\n\t\t\t\t<img decoding=\"async\" src=\"https:\/\/www.hicreategames.com\/wp-content\/uploads\/2022\/04\/Metal-Game-Pieces.jpg\" alt=\"Spielfiguren aus Metall\" itemprop=\"image\" height=\"426\" width=\"640\" title=\"Spielfiguren aus Metall\" onerror=\"this.style.display='none'\" loading=\"lazy\" \/>\n\t<h5>\n\t\t\t\tSpielfiguren aus Metall\n\t\t\t<\/h5>\n\t\t\t<p>Metallspielst\u00fccke k\u00f6nnen aus Zink, Zinn, Kupfer oder Aluminium durch Gie\u00dfen, Stempeln oder \u00c4tzenprozesse hergestellt werden. Sie sind f\u00fcr ihr Gewicht, ihre Haltbarkeit und ihr Premium -Erscheinungsbild bevorzugt. <\/p>\t\n<h3>\n\t\t\tHerstellungsverfahren f\u00fcr Holzspielfiguren\t<\/h3>\n\t\t\t\t<img decoding=\"async\" src=\"https:\/\/www.hicreategames.com\/wp-content\/uploads\/2025\/08\/Wooden-Game-Pieces-Raw-Material.jpg\" alt=\"Holzspielfiguren Rohmaterial\" itemprop=\"image\" height=\"426\" width=\"600\" title=\"Holzspielfiguren Rohmaterial\" onerror=\"this.style.display='none'\" loading=\"lazy\" \/>\n\t<h5>\n\t\t\t\tMaterialauswahl\n\t\t\t<\/h5>\n\t\t\t<p>Die Auswahl von strapazierf\u00e4higen, hochwertigen H\u00f6lzern gew\u00e4hrleistet Langlebigkeit, Umweltfreundlichkeit und \u00c4sthetik.<\/p>\t\n\t\t\t\t<img decoding=\"async\" src=\"https:\/\/www.hicreategames.com\/wp-content\/uploads\/2025\/08\/Wooden-Game-Pieces-Cutting.jpg\" alt=\"Holzspielfiguren Schneiden\" itemprop=\"image\" height=\"426\" width=\"600\" title=\"Holzspielfiguren Schneiden\" onerror=\"this.style.display='none'\" loading=\"lazy\" \/>\n\t<h5>\n\t\t\t\tSchneiden und Formen\n\t\t\t<\/h5>\n\t\t\t<p>Pr\u00e4zise Bearbeitung des Holzes zu den gew\u00fcnschten Spielfigurenformen mit Hilfe modernster Schneide- und Formwerkzeuge.<\/p>\t\n\t\t\t\t<img decoding=\"async\" src=\"https:\/\/www.hicreategames.com\/wp-content\/uploads\/2025\/08\/Wooden-Game-Pieces-Surface-Polishing.jpg\" alt=\"Oberfl\u00e4chenpolieren von Spielfiguren aus Holz\" itemprop=\"image\" height=\"426\" width=\"600\" title=\"Oberfl\u00e4chenpolieren von Spielfiguren aus Holz\" onerror=\"this.style.display='none'\" loading=\"lazy\" \/>\n\t<h5>\n\t\t\t\tOberfl\u00e4chenpolieren\n\t\t\t<\/h5>\n\t\t\t<p>Gl\u00e4ttung rauer Kanten und Verfeinerung der Oberfl\u00e4chen f\u00fcr eine angenehme Haptik und eine hochwertige Oberfl\u00e4che.<\/p>\t\n\t\t\t\t<img decoding=\"async\" src=\"https:\/\/www.hicreategames.com\/wp-content\/uploads\/2025\/08\/Wooden-Game-Pieces-Painting.jpg\" alt=\"Bemalen von Spielfiguren aus Holz\" itemprop=\"image\" height=\"426\" width=\"600\" title=\"Bemalen von Spielfiguren aus Holz\" onerror=\"this.style.display='none'\" loading=\"lazy\" \/>\n\t<h5>\n\t\t\t\tLackieren und F\u00e4rben\n\t\t\t<\/h5>\n\t\t\t<p>Verwendung von Spr\u00fch-, Tauch- oder Handlackiertechniken f\u00fcr eine gleichm\u00e4\u00dfige, lebendige und lang anhaltende Farbauftragung.<\/p>\n<h3>\n\t\t\tHerstellungsverfahren f\u00fcr Spielfiguren aus Kunststoff\t<\/h3>\n\t\t\t\t<img decoding=\"async\" src=\"https:\/\/www.hicreategames.com\/wp-content\/uploads\/2025\/08\/Model-Designing.jpg\" alt=\"Modelldesign\" itemprop=\"image\" height=\"426\" width=\"600\" title=\"Modelldesign\" onerror=\"this.style.display='none'\" loading=\"lazy\" \/>\n\t<h5>\n\t\t\t\tModelldesign\n\t\t\t<\/h5>\n\t\t\t<p>Erstellung pr\u00e4ziser Formen, die die Grundlage f\u00fcr akkurate und hochwertige Spielfiguren aus Kunststoff bilden.<\/p>\n\t\t\t\t<img decoding=\"async\" src=\"https:\/\/www.hicreategames.com\/wp-content\/uploads\/2025\/08\/Injection.jpg\" alt=\"Injektion\" itemprop=\"image\" height=\"426\" width=\"600\" title=\"Injektion\" onerror=\"this.style.display='none'\" loading=\"lazy\" \/>\n\t<h5>\n\t\t\t\tInjektion\n\t\t\t<\/h5>\n\t\t\t<p>Geschmolzener Kunststoff wird in Formen gespritzt, um detaillierte, einheitliche Spielfiguren effizient und konsistent herzustellen.<\/p>\n\t\t\t\t<img decoding=\"async\" src=\"https:\/\/www.hicreategames.com\/wp-content\/uploads\/2025\/08\/Plastic-Game-Pieces-Assembly-1.jpg\" alt=\"Zusammenbau von Spielfiguren aus Kunststoff\" itemprop=\"image\" height=\"426\" width=\"600\" title=\"Zusammenbau von Spielfiguren aus Kunststoff\" onerror=\"this.style.display='none'\" loading=\"lazy\" \/>\n\t<h5>\n\t\t\t\tMontage\n\t\t\t<\/h5>\n\t\t\t<p>Zusammenbau mehrerer Komponenten oder Hinzuf\u00fcgen von Dekorationen, um komplexe Designs zu vervollst\u00e4ndigen.<\/p>\t\n\t\t\t\t<img decoding=\"async\" src=\"https:\/\/www.hicreategames.com\/wp-content\/uploads\/2025\/08\/Plastic-Game-Pieces-Engraving.jpg\" alt=\"Gravieren von Spielfiguren aus Kunststoff\" itemprop=\"image\" height=\"426\" width=\"600\" title=\"Gravieren von Spielfiguren aus Kunststoff\" onerror=\"this.style.display='none'\" loading=\"lazy\" \/>\n\t<h5>\n\t\t\t\tGravur\n\t\t\t<\/h5>\n\t\t\t<p>\u00c4tzen oder Schnitzen von Designs, Zahlen oder Symbolen auf Kunststoffteile zur Individualisierung und Verbesserung der Details.<\/p>\n<h3>\n\t\t\tHerstellungsverfahren f\u00fcr Spielfiguren aus Metall\t<\/h3>\n\t\t\t\t<img decoding=\"async\" src=\"https:\/\/www.hicreategames.com\/wp-content\/uploads\/2022\/04\/Metal-Pieces-Manufacturing.jpg\" alt=\"Herstellung von Metallteilen\" itemprop=\"image\" height=\"390\" width=\"670\" title=\"Herstellung von Metallteilen\" onerror=\"this.style.display='none'\" loading=\"lazy\" \/>\n\t<ul>\n<li>Fast Brettspiele haben Metallteile aus einer Zinklegierung und galvanisierte Oberfl\u00e4chen.<\/li>\n<li>Die Mindestbestellmenge betr\u00e4gt 500 St\u00fcck und der Preis h\u00e4ngt von der Komplexit\u00e4t Ihrer Metallteile ab.<\/li>\n<li>Kann keine 3D-Muster erstellen, produzieren Sie sie direkt durch \u00d6ffnen der Form.<\/li>\n<li>Vorhandene Muster sind kostenlos.<\/li>\n<\/ul>\n<h3>\n\t\t\tAnpassen klassischer Brettspielfiguren\t<\/h3>\n\t\t\t\t<img decoding=\"async\" src=\"https:\/\/www.hicreategames.com\/wp-content\/uploads\/2023\/03\/Custom-Monopoly-Pieces.jpg\" alt=\"Individuelle Monopoly-Spielfiguren\" itemprop=\"image\" height=\"426\" width=\"640\" title=\"Individuelle Monopoly-Spielfiguren\" onerror=\"this.style.display='none'\" loading=\"lazy\" \/>\n\t<h5>\n\t\t\t\tMonopoly-Figuren\n\t\t\t<\/h5>\n\t\t\t<p>Durch die individuelle Gestaltung Ihrer Monopoly-Figuren k\u00f6nnen wir Ihnen helfen, eine gr\u00f6\u00dfere Auswahl an Optionen und Themen f\u00fcr dieses klassische Brettspiel zu schaffen. So heben sich Ihre einzigartigen Spielfiguren von den Standardfiguren Hund, Katze, Pferd, Kanone und Hut ab. <\/p>\t\n\t\t\t\t<img decoding=\"async\" src=\"https:\/\/www.hicreategames.com\/wp-content\/uploads\/2023\/03\/Custom-Catan-Pieces.jpg\" alt=\"Individuelle Catan-Spielfiguren\" itemprop=\"image\" height=\"426\" width=\"640\" title=\"Individuelle Catan-Spielfiguren\" onerror=\"this.style.display='none'\" loading=\"lazy\" \/>\n\t<h5>\n\t\t\t\tSettlers of Catan-Spielfiguren\n\t\t\t<\/h5>\n\t\t\t<p>Um die \u00c4sthetik und Spielbarkeit zu verbessern, k\u00f6nnen wir Ihnen dabei helfen, Ihre Catan-Spielfiguren individuell zu gestalten, z. B. durch die Neugestaltung der traditionellen Catan-Spielfiguren (H\u00e4fen, R\u00e4uber, Stra\u00dfen, Siedlungen und St\u00e4dte) oder durch das Hinzuf\u00fcgen neuer Spielfiguren, die Ressourcen darstellen.<\/p>\t\n\t\t\t\t<img decoding=\"async\" src=\"https:\/\/www.hicreategames.com\/wp-content\/uploads\/2023\/03\/Custom-Risk-Pieces.jpg\" alt=\"Individuelle Risiko-Spielfiguren\" itemprop=\"image\" height=\"426\" width=\"640\" title=\"Individuelle Risiko-Spielfiguren\" onerror=\"this.style.display='none'\" loading=\"lazy\" \/>\n\t<h5>\n\t\t\t\tRisiko-Spielfiguren\n\t\t\t<\/h5>\n\t\t\t<p>Die Anpassung von Risiko-Brettspielfiguren mit einzigartigen Designs kann Ihrem Spiel eine pers\u00f6nliche Note verleihen und es von anderen unterscheiden. Neben Infanterie, Kavallerie und Artillerie k\u00f6nnen wir Ihnen dabei helfen, neue Truppenfiguren anzupassen, um dem Spiel eine neue strategische Ebene hinzuzuf\u00fcgen. <\/p>\t\n<h3>\n\t\t\tUnsere Spielfiguren-Projekte\t<\/h3>\n\t\t<meta itemprop=\"url\" content=\"https:\/\/www.hicreategames.com\/wp-content\/uploads\/2022\/04\/Wooden-Game-Pieces.mp4\" \/><div style=\"width: 640px;\" class=\"wp-video\"><video class=\"wp-video-shortcode\" id=\"video-2486-1\" width=\"640\" height=\"360\" poster=\"https:\/\/www.hicreategames.com\/wp-content\/uploads\/2025\/08\/Wooden-Game-Piece.jpg\" preload=\"none\" controls=\"controls\"><source type=\"video\/mp4\" src=\"https:\/\/www.hicreategames.com\/wp-content\/uploads\/2022\/04\/Wooden-Game-Pieces.mp4?_=1\" \/><source type=\"video\/mp4\" src=\"https:\/\/www.hicreategames.com\/wp-content\/uploads\/2022\/04\/Wooden-Game-Pieces.mp4?_=1\" \/><a href=\"https:\/\/www.hicreategames.com\/wp-content\/uploads\/2022\/04\/Wooden-Game-Pieces.mp4\">https:\/\/www.hicreategames.com\/wp-content\/uploads\/2022\/04\/Wooden-Game-Pieces.mp4<\/a><\/video><\/div>\t\n\t\t<meta itemprop=\"url\" content=\"https:\/\/www.hicreategames.com\/wp-content\/uploads\/2022\/04\/Plastic-Game-Pieces.mp4\" \/><div style=\"width: 640px;\" class=\"wp-video\"><video class=\"wp-video-shortcode\" id=\"video-2486-2\" width=\"640\" height=\"360\" poster=\"https:\/\/www.hicreategames.com\/wp-content\/uploads\/2025\/08\/Plastic-Game-Piece.jpg\" preload=\"none\" controls=\"controls\"><source type=\"video\/mp4\" src=\"https:\/\/www.hicreategames.com\/wp-content\/uploads\/2022\/04\/Plastic-Game-Pieces.mp4?_=2\" \/><source type=\"video\/mp4\" src=\"https:\/\/www.hicreategames.com\/wp-content\/uploads\/2022\/04\/Plastic-Game-Pieces.mp4?_=2\" \/><a href=\"https:\/\/www.hicreategames.com\/wp-content\/uploads\/2022\/04\/Plastic-Game-Pieces.mp4\">https:\/\/www.hicreategames.com\/wp-content\/uploads\/2022\/04\/Plastic-Game-Pieces.mp4<\/a><\/video><\/div>\t\n\t\t<meta itemprop=\"url\" content=\"https:\/\/www.hicreategames.com\/wp-content\/uploads\/2022\/04\/Metal-Game-Pieces.mp4\" \/><div style=\"width: 640px;\" class=\"wp-video\"><video class=\"wp-video-shortcode\" id=\"video-2486-3\" width=\"640\" height=\"360\" poster=\"https:\/\/www.hicreategames.com\/wp-content\/uploads\/2025\/08\/Metal-Game-Piece.jpg\" preload=\"none\" controls=\"controls\"><source type=\"video\/mp4\" src=\"https:\/\/www.hicreategames.com\/wp-content\/uploads\/2022\/04\/Metal-Game-Pieces.mp4?_=3\" \/><source type=\"video\/mp4\" src=\"https:\/\/www.hicreategames.com\/wp-content\/uploads\/2022\/04\/Metal-Game-Pieces.mp4?_=3\" \/><a href=\"https:\/\/www.hicreategames.com\/wp-content\/uploads\/2022\/04\/Metal-Game-Pieces.mp4\">https:\/\/www.hicreategames.com\/wp-content\/uploads\/2022\/04\/Metal-Game-Pieces.mp4<\/a><\/video><\/div>\t\n\t\t<meta itemprop=\"url\" content=\"https:\/\/www.hicreategames.com\/wp-content\/uploads\/2022\/04\/Custom-Made-Card-Game-Pieces.mp4\" \/><div style=\"width: 640px;\" class=\"wp-video\"><video class=\"wp-video-shortcode\" id=\"video-2486-4\" width=\"640\" height=\"360\" poster=\"https:\/\/www.hicreategames.com\/wp-content\/uploads\/2025\/08\/Custom-Made-Game-Piece.jpg\" preload=\"none\" controls=\"controls\"><source type=\"video\/mp4\" src=\"https:\/\/www.hicreategames.com\/wp-content\/uploads\/2022\/04\/Custom-Made-Card-Game-Pieces.mp4?_=4\" \/><source type=\"video\/mp4\" src=\"https:\/\/www.hicreategames.com\/wp-content\/uploads\/2022\/04\/Custom-Made-Card-Game-Pieces.mp4?_=4\" \/><a href=\"https:\/\/www.hicreategames.com\/wp-content\/uploads\/2022\/04\/Custom-Made-Card-Game-Pieces.mp4\">https:\/\/www.hicreategames.com\/wp-content\/uploads\/2022\/04\/Custom-Made-Card-Game-Pieces.mp4<\/a><\/video><\/div>\t\n<h3>\n\t\t\tKontaktieren Sie uns\t<\/h3>\n\t\t\t\t<img decoding=\"async\" src=\"https:\/\/www.hicreategames.com\/wp-content\/uploads\/2022\/04\/custom-game-pieces.png\" alt=\"benutzerdefinierte Spielsteine\" itemprop=\"image\" height=\"500\" width=\"500\" title=\"benutzerdefinierte Spielsteine\" onerror=\"this.style.display='none'\" loading=\"lazy\" \/>\n\t\n<div class=\"wpcf7 no-js\" id=\"wpcf7-f2452-o2\" lang=\"de-DE\" dir=\"ltr\" data-wpcf7-id=\"2452\">\n<div class=\"screen-reader-response\"><p role=\"status\" aria-live=\"polite\" aria-atomic=\"true\"><\/p> <ul><\/ul><\/div>\n<form action=\"\/de\/wp-json\/wp\/v2\/pages\/2486#wpcf7-f2452-o2\" method=\"post\" class=\"wpcf7-form init\" aria-label=\"Kontaktformular\" enctype=\"multipart\/form-data\" novalidate=\"novalidate\" data-status=\"init\">\n<fieldset class=\"hidden-fields-container\"><input type=\"hidden\" name=\"_wpcf7\" value=\"2452\" \/><input type=\"hidden\" name=\"_wpcf7_version\" value=\"6.1.5\" \/><input type=\"hidden\" name=\"_wpcf7_locale\" value=\"de_DE\" \/><input type=\"hidden\" name=\"_wpcf7_unit_tag\" value=\"wpcf7-f2452-o2\" \/><input type=\"hidden\" name=\"_wpcf7_container_post\" value=\"0\" \/><input type=\"hidden\" name=\"_wpcf7_posted_data_hash\" value=\"\" \/><input type=\"hidden\" name=\"_wpcf7_recaptcha_response\" value=\"\" \/>\n<\/fieldset>\n<p><label> Dein Name<br \/>\n<span class=\"wpcf7-form-control-wrap\" data-name=\"your-name\"><input size=\"40\" maxlength=\"400\" class=\"wpcf7-form-control wpcf7-text wpcf7-validates-as-required\" aria-required=\"true\" aria-invalid=\"false\" value=\"\" type=\"text\" name=\"your-name\" \/><\/span> <\/label>\n<\/p>\n<p><label> Deine E-Mail<br \/>\n<span class=\"wpcf7-form-control-wrap\" data-name=\"your-email\"><input size=\"40\" maxlength=\"400\" class=\"wpcf7-form-control wpcf7-email wpcf7-validates-as-required wpcf7-text wpcf7-validates-as-email\" aria-required=\"true\" aria-invalid=\"false\" value=\"\" type=\"email\" name=\"your-email\" \/><\/span> <\/label>\n<\/p>\n<p><label> Mindestbestellmenge<br \/>\n<span class=\"wpcf7-form-control-wrap\" data-name=\"menu-734\"><select class=\"wpcf7-form-control wpcf7-select wpcf7-validates-as-required\" aria-required=\"true\" aria-invalid=\"false\" name=\"menu-734\"><option value=\"\">&#8211; Bitte ausw\u00e4hlen &#8211;<\/option><option value=\"300\">300<\/option><option value=\"500\">500<\/option><option value=\"1000\">1000<\/option><\/select><\/span> <\/label>\n<\/p>\n<p><label> Ihre Nachricht<br \/>\n<span class=\"wpcf7-form-control-wrap\" data-name=\"your-message\"><textarea cols=\"40\" rows=\"10\" maxlength=\"2000\" class=\"wpcf7-form-control wpcf7-textarea wpcf7-validates-as-required\" aria-required=\"true\" aria-invalid=\"false\" name=\"your-message\"><\/textarea><\/span> <\/label>\n<\/p>\n<p><label> Ihre Datei (optional)<br \/>\n<span class=\"wpcf7-form-control-wrap\" data-name=\"file-978\"><input size=\"40\" class=\"wpcf7-form-control wpcf7-file\" accept=\"audio\/*,video\/*,image\/*\" aria-invalid=\"false\" type=\"file\" name=\"file-978\" \/><\/span> <\/label>\n<\/p>\n<p><span class=\"wpcf7-form-control-wrap\" data-name=\"quiz-747\"><label><span class=\"wpcf7-quiz-label\">2+6=?<\/span> <input size=\"40\" class=\"wpcf7-form-control wpcf7-quiz\" autocomplete=\"off\" aria-required=\"true\" aria-invalid=\"false\" type=\"text\" name=\"quiz-747\" \/><\/label><input type=\"hidden\" name=\"_wpcf7_quiz_answer_quiz-747\" value=\"34fe0dce70d770da3a4b02c0e1fa88fe\" \/><\/span>\n<\/p>\n<p><input class=\"wpcf7-form-control wpcf7-submit has-spinner\" type=\"submit\" value=\"Einreichen\" \/>\n<\/p><div class=\"wpcf7-response-output\" aria-hidden=\"true\"><\/div>\n<\/form>\n<\/div>\n\n\n","protected":false},"excerpt":{"rendered":"<p>Benutzerdefinierte Spielfiguren Individuell gestaltete Spielfiguren k\u00f6nnen Ihrem Brettspiel Identit\u00e4t, Charakter und Spielbarkeit verleihen. Mit unserer Expertise in der Herstellung von Spielfiguren bieten wir ma\u00dfgeschneiderte L\u00f6sungen, die Funktionalit\u00e4t, Langlebigkeit und Design vereinen. Angebot Einholen Materialien f\u00fcr Spielsteine Spielfiguren aus Holz Sie werden normalerweise aus Holz hergestellt und sind so ausgelegt, dass [&hellip;]<\/p>\n","protected":false},"author":1,"featured_media":0,"parent":0,"menu_order":0,"comment_status":"closed","ping_status":"closed","template":"","meta":{"site-sidebar-layout":"no-sidebar","site-content-layout":"page-builder","ast-site-content-layout":"full-width-container","site-content-style":"unboxed","site-sidebar-style":"unboxed","ast-global-header-display":"","ast-banner-title-visibility":"","ast-main-header-display":"","ast-hfb-above-header-display":"","ast-hfb-below-header-display":"","ast-hfb-mobile-header-display":"","site-post-title":"disabled","ast-breadcrumbs-content":"","ast-featured-img":"disabled","footer-sml-layout":"","ast-disable-related-posts":"","theme-transparent-header-meta":"default","adv-header-id-meta":"","stick-header-meta":"default","header-above-stick-meta":"","header-main-stick-meta":"","header-below-stick-meta":"","astra-migrate-meta-layouts":"default","ast-page-background-enabled":"default","ast-page-background-meta":{"desktop":{"background-color":"","background-image":"","background-repeat":"repeat","background-position":"center center","background-size":"auto","background-attachment":"scroll","background-type":"","background-media":"","overlay-type":"","overlay-color":"","overlay-opacity":"","overlay-gradient":""},"tablet":{"background-color":"","background-image":"","background-repeat":"repeat","background-position":"center center","background-size":"auto","background-attachment":"scroll","background-type":"","background-media":"","overlay-type":"","overlay-color":"","overlay-opacity":"","overlay-gradient":""},"mobile":{"background-color":"","background-image":"","background-repeat":"repeat","background-position":"center center","background-size":"auto","background-attachment":"scroll","background-type":"","background-media":"","overlay-type":"","overlay-color":"","overlay-opacity":"","overlay-gradient":""}},"ast-content-background-meta":{"desktop":{"background-color":"var(--ast-global-color-5)","background-image":"","background-repeat":"repeat","background-position":"center center","background-size":"auto","background-attachment":"scroll","background-type":"","background-media":"","overlay-type":"","overlay-color":"","overlay-opacity":"","overlay-gradient":""},"tablet":{"background-color":"var(--ast-global-color-5)","background-image":"","background-repeat":"repeat","background-position":"center center","background-size":"auto","background-attachment":"scroll","background-type":"","background-media":"","overlay-type":"","overlay-color":"","overlay-opacity":"","overlay-gradient":""},"mobile":{"background-color":"var(--ast-global-color-5)","background-image":"","background-repeat":"repeat","background-position":"center center","background-size":"auto","background-attachment":"scroll","background-type":"","background-media":"","overlay-type":"","overlay-color":"","overlay-opacity":"","overlay-gradient":""}},"footnotes":""},"class_list":["post-2486","page","type-page","status-publish","hentry"],"_links":{"self":[{"href":"https:\/\/www.hicreategames.com\/de\/wp-json\/wp\/v2\/pages\/2486","targetHints":{"allow":["GET"]}}],"collection":[{"href":"https:\/\/www.hicreategames.com\/de\/wp-json\/wp\/v2\/pages"}],"about":[{"href":"https:\/\/www.hicreategames.com\/de\/wp-json\/wp\/v2\/types\/page"}],"author":[{"embeddable":true,"href":"https:\/\/www.hicreategames.com\/de\/wp-json\/wp\/v2\/users\/1"}],"replies":[{"embeddable":true,"href":"https:\/\/www.hicreategames.com\/de\/wp-json\/wp\/v2\/comments?post=2486"}],"version-history":[{"count":3,"href":"https:\/\/www.hicreategames.com\/de\/wp-json\/wp\/v2\/pages\/2486\/revisions"}],"predecessor-version":[{"id":26703,"href":"https:\/\/www.hicreategames.com\/de\/wp-json\/wp\/v2\/pages\/2486\/revisions\/26703"}],"wp:attachment":[{"href":"https:\/\/www.hicreategames.com\/de\/wp-json\/wp\/v2\/media?parent=2486"}],"curies":[{"name":"wp","href":"https:\/\/api.w.org\/{rel}","templated":true}]}}