{"id":14835,"date":"2024-03-13T08:25:42","date_gmt":"2024-03-13T08:25:42","guid":{"rendered":"https:\/\/www.hicreategames.com\/cluedo-personalizado\/"},"modified":"2025-08-25T14:58:57","modified_gmt":"2025-08-25T14:58:57","slug":"cluedo-personalizado","status":"publish","type":"page","link":"https:\/\/www.hicreategames.com\/es\/cluedo-personalizado\/","title":{"rendered":"Cluedo Personalizado"},"content":{"rendered":"\n\n\t<h3>\n\t\t\t\tJuego Cluedo Personalizado: Qui\u00e9n, D\u00f3nde y C\u00f3mo\n\t\t\t<\/h3>\n\t<p>Haz que el cl\u00e1sico juego de detectives sea m\u00e1s complejo y jugable.<\/p>\n\t\t\t<a href=\"#\" role=\"button\">\n\t\t\t\t\t\t\tSolicite un Presupuesto\n\t\t\t\t\t<\/a>\n\t\t\t\n<div class=\"wpcf7 no-js\" id=\"wpcf7-f3522-o1\" lang=\"es-ES\" dir=\"ltr\" data-wpcf7-id=\"3522\">\n<div class=\"screen-reader-response\"><p role=\"status\" aria-live=\"polite\" aria-atomic=\"true\"><\/p> <ul><\/ul><\/div>\n<form action=\"\/es\/wp-json\/wp\/v2\/pages\/14835#wpcf7-f3522-o1\" method=\"post\" class=\"wpcf7-form init\" aria-label=\"Formulario de contacto\" enctype=\"multipart\/form-data\" novalidate=\"novalidate\" data-status=\"init\">\n<fieldset class=\"hidden-fields-container\"><input type=\"hidden\" name=\"_wpcf7\" value=\"3522\" \/><input type=\"hidden\" name=\"_wpcf7_version\" value=\"6.1.5\" \/><input type=\"hidden\" name=\"_wpcf7_locale\" value=\"es_ES\" \/><input type=\"hidden\" name=\"_wpcf7_unit_tag\" value=\"wpcf7-f3522-o1\" \/><input type=\"hidden\" name=\"_wpcf7_container_post\" value=\"0\" \/><input type=\"hidden\" name=\"_wpcf7_posted_data_hash\" value=\"\" \/><input type=\"hidden\" name=\"_wpcf7_recaptcha_response\" value=\"\" \/>\n<\/fieldset>\n<p><label> Su nombre<br \/>\n<span class=\"wpcf7-form-control-wrap\" data-name=\"your-name\"><input size=\"40\" maxlength=\"400\" class=\"wpcf7-form-control wpcf7-text wpcf7-validates-as-required\" aria-required=\"true\" aria-invalid=\"false\" value=\"\" type=\"text\" name=\"your-name\" \/><\/span> <\/label>\n<\/p>\n<p><label> Tu correo electr\u00f3nico<br \/>\n<span class=\"wpcf7-form-control-wrap\" data-name=\"your-email\"><input size=\"40\" maxlength=\"400\" class=\"wpcf7-form-control wpcf7-email wpcf7-validates-as-required wpcf7-text wpcf7-validates-as-email\" aria-required=\"true\" aria-invalid=\"false\" value=\"\" type=\"email\" name=\"your-email\" \/><\/span> <\/label>\n<\/p>\n<p><label> Cantidad m\u00ednima de pedido<br \/>\n<span class=\"wpcf7-form-control-wrap\" data-name=\"menu-734\"><select class=\"wpcf7-form-control wpcf7-select wpcf7-validates-as-required\" aria-required=\"true\" aria-invalid=\"false\" name=\"menu-734\"><option value=\"\">&#8212;Por favor, elige una opci\u00f3n&#8212;<\/option><option value=\"300\">300<\/option><option value=\"500\">500<\/option><option value=\"1000\">1000<\/option><\/select><\/span> <\/label>\n<\/p>\n<p><label> Tu mensaje<br \/>\n<span class=\"wpcf7-form-control-wrap\" data-name=\"your-message\"><textarea cols=\"40\" rows=\"10\" maxlength=\"2000\" class=\"wpcf7-form-control wpcf7-textarea wpcf7-validates-as-required\" aria-required=\"true\" aria-invalid=\"false\" name=\"your-message\"><\/textarea><\/span> <\/label>\n<\/p>\n<p><label> Tu archivo (opcional)<br \/>\n<span class=\"wpcf7-form-control-wrap\" data-name=\"file-978\"><input size=\"40\" class=\"wpcf7-form-control wpcf7-file\" accept=\"audio\/*,video\/*,image\/*\" aria-invalid=\"false\" type=\"file\" name=\"file-978\" \/><\/span> <\/label>\n<\/p>\n<p><span class=\"wpcf7-form-control-wrap\" data-name=\"quiz-747\"><label><span class=\"wpcf7-quiz-label\">2+6=?<\/span> <input size=\"40\" class=\"wpcf7-form-control wpcf7-quiz\" autocomplete=\"off\" aria-required=\"true\" aria-invalid=\"false\" type=\"text\" name=\"quiz-747\" \/><\/label><input type=\"hidden\" name=\"_wpcf7_quiz_answer_quiz-747\" value=\"34fe0dce70d770da3a4b02c0e1fa88fe\" \/><\/span>\n<\/p>\n<p><input class=\"wpcf7-form-control wpcf7-submit has-spinner\" type=\"submit\" value=\"Entregar\" \/>\n<\/p><div class=\"wpcf7-response-output\" aria-hidden=\"true\"><\/div>\n<\/form>\n<\/div>\n\t\t\n<h3>\n\t\t\t\u00bfQu\u00e9 podemos personalizar para tu juego Cluedo?\t<\/h3>\n\t\t\t\t<img decoding=\"async\" src=\"https:\/\/www.hicreategames.com\/wp-content\/uploads\/2024\/03\/Historia-del-juego-Cluedo-personalizada.jpg\" alt=\"Historia del juego Cluedo personalizada\" itemprop=\"image\" height=\"426\" width=\"640\" title=\"Historia del juego Cluedo personalizada\" onerror=\"this.style.display='none'\" loading=\"lazy\" \/>\n\t<h5>\n\t\t\t\t1. Historia de misterio y asesinato\n\t\t\t<\/h5>\n\t\t\t<p>Personaliza una narrativa detallada sobre el misterio del asesinato, brindando a los jugadores m\u00e1s contexto y motivaci\u00f3n. Esto podr\u00eda incluir un pr\u00f3logo, motivos de los personajes e incluso revelaciones con gui\u00f3n. <\/p>\t\n\t\t\t\t<img decoding=\"async\" src=\"https:\/\/www.hicreategames.com\/wp-content\/uploads\/2024\/03\/Tablero-Cluedo-personalizado.jpg\" alt=\"Tablero Cluedo personalizado\" itemprop=\"image\" height=\"426\" width=\"640\" title=\"Tablero Cluedo personalizado\" onerror=\"this.style.display='none'\" loading=\"lazy\" \/>\n\t<h5>\n\t\t\t\t2. Tablero de juego\n\t\t\t<\/h5>\n\t\t\t<p>Tableros Cluedo personalizados para que tu juego sea exclusivamente tuyo. Podemos ayudarlo a personalizar su tablero con opciones personalizadas que incluyen diferentes dise\u00f1os, formas, m\u00e1s habitaciones, tama\u00f1os, materiales, etc. <\/p>\t\n\t\t\t\t<img decoding=\"async\" src=\"https:\/\/www.hicreategames.com\/wp-content\/uploads\/2024\/03\/Piezas-Cluedo-personalizadas.jpg\" alt=\"Piezas Cluedo personalizadas\" itemprop=\"image\" height=\"426\" width=\"640\" title=\"Piezas Cluedo personalizadas\" onerror=\"this.style.display='none'\" loading=\"lazy\" \/>\n\t<h5>\n\t\t\t\t3. Piezas del juego\n\t\t\t<\/h5>\n\t\t\t<p>Esto podr\u00eda implicar pintar piezas de pl\u00e1stico existentes o adaptar nuevos materiales para crear otras nuevas con impresi\u00f3n 3D. Incorporar toques personales har\u00e1 que el juego sea m\u00e1s atractivo. <\/p>\t\n\t\t\t\t<img decoding=\"async\" src=\"https:\/\/www.hicreategames.com\/wp-content\/uploads\/2024\/03\/Tarjetas-de-personajes-Cluedo-personalizadas.jpg\" alt=\"Tarjetas de personajes Cluedo personalizadas\" itemprop=\"image\" height=\"426\" width=\"640\" title=\"Tarjetas de personajes Cluedo personalizadas\" onerror=\"this.style.display='none'\" loading=\"lazy\" \/>\n\t<h5>\n\t\t\t\t4. Tarjetas de personajes\n\t\t\t<\/h5>\n\t\t\t<p>Reemplaza las tarjetas de personajes est\u00e1ndar de Cluedo por otras personalizadas. Se pueden dise\u00f1ar con nuevos textos e im\u00e1genes. Tambi\u00e9n puedes crear historias de fondo para estos personajes para agregar profundidad al juego.  <\/p>\t\n\t\t\t\t<img decoding=\"async\" src=\"https:\/\/www.hicreategames.com\/wp-content\/uploads\/2024\/03\/Tarjeta-de-arma-Cluedo-personalizada.jpg\" alt=\"Tarjeta de arma Cluedo personalizada\" itemprop=\"image\" height=\"426\" width=\"640\" title=\"Tarjeta de arma Cluedo personalizada\" onerror=\"this.style.display='none'\" loading=\"lazy\" \/>\n\t<h5>\n\t\t\t\t5. Cartas de armas\n\t\t\t<\/h5>\n\t\t\t<p>M\u00e1s all\u00e1 de las cartas originales de candelabro, cuchillo y rev\u00f3lver, piensa en crear cartas de armas \u00fanicas que podr\u00edan usarse en el crimen. Esto podr\u00eda ir desde una varita m\u00e1gica hasta un dispositivo hecho a medida. <\/p>\t\n\t\t\t\t<img decoding=\"async\" src=\"https:\/\/www.hicreategames.com\/wp-content\/uploads\/2024\/03\/Cajas-Cluedo-personalizadas.jpg\" alt=\"Cajas Cluedo personalizadas\" itemprop=\"image\" height=\"426\" width=\"640\" title=\"Cajas Cluedo personalizadas\" onerror=\"this.style.display='none'\" loading=\"lazy\" \/>\n\t<h5>\n\t\t\t\t6. Caja de embalaje\n\t\t\t<\/h5>\n\t\t\t<p>Crear una caja personalizada para tu juego Cluedo puede transformarlo de una edici\u00f3n est\u00e1ndar a una \u00fanica. La caja de embalaje puede incluir retratos de personajes y una vista previa del dise\u00f1o del tablero. <\/p>\t\n\t<h3>\n\t\t\t\tBeneficios de personalizar una nueva versi\u00f3n\n\t\t\t<\/h3>\n\t\t\t<p>Personalizar Cluedo puede hacer que el juego sea m\u00e1s accesible y atractivo, mejorar la experiencia de juego a trav\u00e9s de una inmersi\u00f3n m\u00e1s profunda y desbloquear nuevas oportunidades econ\u00f3micas para creadores y distribuidores.<\/p>\n\t\t\t\t<img decoding=\"async\" src=\"https:\/\/www.hicreategames.com\/wp-content\/uploads\/2024\/03\/Jugadores-de-juegos-Cluedo.jpg\" alt=\"Jugadores de juegos Cluedo\" itemprop=\"image\" height=\"426\" width=\"640\" title=\"Jugadores de juegos Cluedo\" onerror=\"this.style.display='none'\" loading=\"lazy\" \/>\n\t<h5>\n\t\t\t\tAdaptarse a m\u00e1s jugadores\n\t\t\t<\/h5>\n\t\t\t<p>Al introducir personajes, armas y salas adicionales, el juego se puede ampliar para permitir que m\u00e1s personas jueguen simult\u00e1neamente. Esto no s\u00f3lo hace que el juego sea m\u00e1s inclusivo sino que tambi\u00e9n a\u00f1ade complejidad y variedad al juego. <\/p>\n\t\t\t\t<img decoding=\"async\" src=\"https:\/\/www.hicreategames.com\/wp-content\/uploads\/2024\/03\/Mejora-la-inmersion-en-el-juego-Cluedo.jpg\" alt=\"Mejora la inmersi\u00f3n en el juego Cluedo\" itemprop=\"image\" height=\"426\" width=\"640\" title=\"Mejora la inmersi\u00f3n en el juego Cluedo\" onerror=\"this.style.display='none'\" loading=\"lazy\" \/>\n\t<h5>\n\t\t\t\tInmersi\u00f3n mejorada\n\t\t\t<\/h5>\n\t\t\t<p>Al adaptar el tema, la configuraci\u00f3n y los personajes del juego para que coincidan con las preferencias de los jugadores, el juego se vuelve m\u00e1s inmersivo. Esto puede animar a los jugadores a involucrarse plenamente en la historia y la mec\u00e1nica y tambi\u00e9n promover su narraci\u00f3n. <\/p>\t\n\t\t\t\t<img decoding=\"async\" src=\"https:\/\/www.hicreategames.com\/wp-content\/uploads\/2024\/03\/Potencial-economico-de-Cluedo-personalizado.jpg\" alt=\"Potencial econ\u00f3mico de Cluedo personalizado\" itemprop=\"image\" height=\"426\" width=\"640\" title=\"Potencial econ\u00f3mico de Cluedo personalizado\" onerror=\"this.style.display='none'\" loading=\"lazy\" \/>\n\t<h5>\n\t\t\t\tPotencial econ\u00f3mico\n\t\t\t<\/h5>\n\t\t\t<p>Las versiones personalizadas del juego Cluedo pueden atraer a coleccionistas y entusiastas dispuestos a pagar m\u00e1s por contenido \u00fanico o exclusivo. Adem\u00e1s, se puede comercializar para eventos especiales, abriendo nuevos segmentos de mercado m\u00e1s all\u00e1 del Cluedo original. <\/p>\t\n\t<h3>\n\t\t\t\tCont\u00e1ctanos Ahora\n\t\t\t<\/h3>\n\t\t\t\t<img decoding=\"async\" src=\"https:\/\/www.hicreategames.com\/wp-content\/uploads\/2024\/03\/Juego-de-mesa-Cluedo-personalizado.jpg\" alt=\"Juego de mesa Cluedo personalizado\" itemprop=\"image\" height=\"600\" width=\"600\" title=\"Juego de mesa Cluedo personalizado\" onerror=\"this.style.display='none'\" loading=\"lazy\" \/>\n\t\n<div class=\"wpcf7 no-js\" id=\"wpcf7-f3522-o2\" lang=\"es-ES\" dir=\"ltr\" data-wpcf7-id=\"3522\">\n<div class=\"screen-reader-response\"><p role=\"status\" aria-live=\"polite\" aria-atomic=\"true\"><\/p> <ul><\/ul><\/div>\n<form action=\"\/es\/wp-json\/wp\/v2\/pages\/14835#wpcf7-f3522-o2\" method=\"post\" class=\"wpcf7-form init\" aria-label=\"Formulario de contacto\" enctype=\"multipart\/form-data\" novalidate=\"novalidate\" data-status=\"init\">\n<fieldset class=\"hidden-fields-container\"><input type=\"hidden\" name=\"_wpcf7\" value=\"3522\" \/><input type=\"hidden\" name=\"_wpcf7_version\" value=\"6.1.5\" \/><input type=\"hidden\" name=\"_wpcf7_locale\" value=\"es_ES\" \/><input type=\"hidden\" name=\"_wpcf7_unit_tag\" value=\"wpcf7-f3522-o2\" \/><input type=\"hidden\" name=\"_wpcf7_container_post\" value=\"0\" \/><input type=\"hidden\" name=\"_wpcf7_posted_data_hash\" value=\"\" \/><input type=\"hidden\" name=\"_wpcf7_recaptcha_response\" value=\"\" \/>\n<\/fieldset>\n<p><label> Su nombre<br \/>\n<span class=\"wpcf7-form-control-wrap\" data-name=\"your-name\"><input size=\"40\" maxlength=\"400\" class=\"wpcf7-form-control wpcf7-text wpcf7-validates-as-required\" aria-required=\"true\" aria-invalid=\"false\" value=\"\" type=\"text\" name=\"your-name\" \/><\/span> <\/label>\n<\/p>\n<p><label> Tu correo electr\u00f3nico<br \/>\n<span class=\"wpcf7-form-control-wrap\" data-name=\"your-email\"><input size=\"40\" maxlength=\"400\" class=\"wpcf7-form-control wpcf7-email wpcf7-validates-as-required wpcf7-text wpcf7-validates-as-email\" aria-required=\"true\" aria-invalid=\"false\" value=\"\" type=\"email\" name=\"your-email\" \/><\/span> <\/label>\n<\/p>\n<p><label> Cantidad m\u00ednima de pedido<br \/>\n<span class=\"wpcf7-form-control-wrap\" data-name=\"menu-734\"><select class=\"wpcf7-form-control wpcf7-select wpcf7-validates-as-required\" aria-required=\"true\" aria-invalid=\"false\" name=\"menu-734\"><option value=\"\">&#8212;Por favor, elige una opci\u00f3n&#8212;<\/option><option value=\"300\">300<\/option><option value=\"500\">500<\/option><option value=\"1000\">1000<\/option><\/select><\/span> <\/label>\n<\/p>\n<p><label> Tu mensaje<br \/>\n<span class=\"wpcf7-form-control-wrap\" data-name=\"your-message\"><textarea cols=\"40\" rows=\"10\" maxlength=\"2000\" class=\"wpcf7-form-control wpcf7-textarea wpcf7-validates-as-required\" aria-required=\"true\" aria-invalid=\"false\" name=\"your-message\"><\/textarea><\/span> <\/label>\n<\/p>\n<p><label> Tu archivo (opcional)<br \/>\n<span class=\"wpcf7-form-control-wrap\" data-name=\"file-978\"><input size=\"40\" class=\"wpcf7-form-control wpcf7-file\" accept=\"audio\/*,video\/*,image\/*\" aria-invalid=\"false\" type=\"file\" name=\"file-978\" \/><\/span> <\/label>\n<\/p>\n<p><span class=\"wpcf7-form-control-wrap\" data-name=\"quiz-747\"><label><span class=\"wpcf7-quiz-label\">2+6=?<\/span> <input size=\"40\" class=\"wpcf7-form-control wpcf7-quiz\" autocomplete=\"off\" aria-required=\"true\" aria-invalid=\"false\" type=\"text\" name=\"quiz-747\" \/><\/label><input type=\"hidden\" name=\"_wpcf7_quiz_answer_quiz-747\" value=\"34fe0dce70d770da3a4b02c0e1fa88fe\" \/><\/span>\n<\/p>\n<p><input class=\"wpcf7-form-control wpcf7-submit has-spinner\" type=\"submit\" value=\"Entregar\" \/>\n<\/p><div class=\"wpcf7-response-output\" aria-hidden=\"true\"><\/div>\n<\/form>\n<\/div>\n\n\n","protected":false},"excerpt":{"rendered":"<p>Juego Cluedo Personalizado: Qui\u00e9n, D\u00f3nde y C\u00f3mo Haz que el cl\u00e1sico juego de detectives sea m\u00e1s complejo y jugable. Solicite un Presupuesto \u00bfQu\u00e9 podemos personalizar para tu juego Cluedo? 1. Historia de misterio y asesinato Personaliza una narrativa detallada sobre el misterio del asesinato, brindando a los jugadores m\u00e1s contexto [&hellip;]<\/p>\n","protected":false},"author":1,"featured_media":0,"parent":0,"menu_order":0,"comment_status":"closed","ping_status":"closed","template":"","meta":{"site-sidebar-layout":"no-sidebar","site-content-layout":"page-builder","ast-site-content-layout":"full-width-container","site-content-style":"unboxed","site-sidebar-style":"unboxed","ast-global-header-display":"","ast-banner-title-visibility":"","ast-main-header-display":"","ast-hfb-above-header-display":"","ast-hfb-below-header-display":"","ast-hfb-mobile-header-display":"","site-post-title":"disabled","ast-breadcrumbs-content":"","ast-featured-img":"disabled","footer-sml-layout":"","ast-disable-related-posts":"","theme-transparent-header-meta":"default","adv-header-id-meta":"","stick-header-meta":"default","header-above-stick-meta":"","header-main-stick-meta":"","header-below-stick-meta":"","astra-migrate-meta-layouts":"default","ast-page-background-enabled":"default","ast-page-background-meta":{"desktop":{"background-color":"","background-image":"","background-repeat":"repeat","background-position":"center center","background-size":"auto","background-attachment":"scroll","background-type":"","background-media":"","overlay-type":"","overlay-color":"","overlay-opacity":"","overlay-gradient":""},"tablet":{"background-color":"","background-image":"","background-repeat":"repeat","background-position":"center center","background-size":"auto","background-attachment":"scroll","background-type":"","background-media":"","overlay-type":"","overlay-color":"","overlay-opacity":"","overlay-gradient":""},"mobile":{"background-color":"","background-image":"","background-repeat":"repeat","background-position":"center center","background-size":"auto","background-attachment":"scroll","background-type":"","background-media":"","overlay-type":"","overlay-color":"","overlay-opacity":"","overlay-gradient":""}},"ast-content-background-meta":{"desktop":{"background-color":"var(--ast-global-color-5)","background-image":"","background-repeat":"repeat","background-position":"center center","background-size":"auto","background-attachment":"scroll","background-type":"","background-media":"","overlay-type":"","overlay-color":"","overlay-opacity":"","overlay-gradient":""},"tablet":{"background-color":"var(--ast-global-color-5)","background-image":"","background-repeat":"repeat","background-position":"center center","background-size":"auto","background-attachment":"scroll","background-type":"","background-media":"","overlay-type":"","overlay-color":"","overlay-opacity":"","overlay-gradient":""},"mobile":{"background-color":"var(--ast-global-color-5)","background-image":"","background-repeat":"repeat","background-position":"center center","background-size":"auto","background-attachment":"scroll","background-type":"","background-media":"","overlay-type":"","overlay-color":"","overlay-opacity":"","overlay-gradient":""}},"footnotes":""},"class_list":["post-14835","page","type-page","status-publish","hentry"],"_links":{"self":[{"href":"https:\/\/www.hicreategames.com\/es\/wp-json\/wp\/v2\/pages\/14835","targetHints":{"allow":["GET"]}}],"collection":[{"href":"https:\/\/www.hicreategames.com\/es\/wp-json\/wp\/v2\/pages"}],"about":[{"href":"https:\/\/www.hicreategames.com\/es\/wp-json\/wp\/v2\/types\/page"}],"author":[{"embeddable":true,"href":"https:\/\/www.hicreategames.com\/es\/wp-json\/wp\/v2\/users\/1"}],"replies":[{"embeddable":true,"href":"https:\/\/www.hicreategames.com\/es\/wp-json\/wp\/v2\/comments?post=14835"}],"version-history":[{"count":3,"href":"https:\/\/www.hicreategames.com\/es\/wp-json\/wp\/v2\/pages\/14835\/revisions"}],"predecessor-version":[{"id":24744,"href":"https:\/\/www.hicreategames.com\/es\/wp-json\/wp\/v2\/pages\/14835\/revisions\/24744"}],"wp:attachment":[{"href":"https:\/\/www.hicreategames.com\/es\/wp-json\/wp\/v2\/media?parent=14835"}],"curies":[{"name":"wp","href":"https:\/\/api.w.org\/{rel}","templated":true}]}}