{"id":16316,"date":"2024-04-07T10:50:09","date_gmt":"2024-04-07T10:50:09","guid":{"rendered":"https:\/\/www.hicreategames.com\/juego-de-tarjetas-de-memoria-personalizado\/"},"modified":"2025-08-26T05:11:55","modified_gmt":"2025-08-26T05:11:55","slug":"juego-de-tarjetas-de-memoria-personalizado","status":"publish","type":"page","link":"https:\/\/www.hicreategames.com\/es\/juego-de-tarjetas-de-memoria-personalizado\/","title":{"rendered":"Juego de Tarjetas de Memoria Personalizado"},"content":{"rendered":"\n\n\t<h2>\n\t\t\t\tJuego de Tarjetas de Memoria Personalizado\n\t\t\t<\/h2>\n\t<p>La creaci\u00f3n de un juego de tarjetas de memoria personalizable permite una experiencia de juego personalizada adaptada a diversos temas, niveles de dificultad y preferencias est\u00e9ticas.<\/p>\n<p>Estos son los art\u00edculos que podemos personalizar para usted:<\/p>\n\t\t\t<a href=\"#\" role=\"button\">\n\t\t\t\t\t\t\tSolicite un Presupuesto\n\t\t\t\t\t<\/a>\n\t\t\t\n<div class=\"wpcf7 no-js\" id=\"wpcf7-f3522-o1\" lang=\"es-ES\" dir=\"ltr\" data-wpcf7-id=\"3522\">\n<div class=\"screen-reader-response\"><p role=\"status\" aria-live=\"polite\" aria-atomic=\"true\"><\/p> <ul><\/ul><\/div>\n<form action=\"\/es\/wp-json\/wp\/v2\/pages\/16316#wpcf7-f3522-o1\" method=\"post\" class=\"wpcf7-form init\" aria-label=\"Formulario de contacto\" enctype=\"multipart\/form-data\" novalidate=\"novalidate\" data-status=\"init\">\n<fieldset class=\"hidden-fields-container\"><input type=\"hidden\" name=\"_wpcf7\" value=\"3522\" \/><input type=\"hidden\" name=\"_wpcf7_version\" value=\"6.1.5\" \/><input type=\"hidden\" name=\"_wpcf7_locale\" value=\"es_ES\" \/><input type=\"hidden\" name=\"_wpcf7_unit_tag\" value=\"wpcf7-f3522-o1\" \/><input type=\"hidden\" name=\"_wpcf7_container_post\" value=\"0\" \/><input type=\"hidden\" name=\"_wpcf7_posted_data_hash\" value=\"\" \/><input type=\"hidden\" name=\"_wpcf7_recaptcha_response\" value=\"\" \/>\n<\/fieldset>\n<p><label> Su nombre<br \/>\n<span class=\"wpcf7-form-control-wrap\" data-name=\"your-name\"><input size=\"40\" maxlength=\"400\" class=\"wpcf7-form-control wpcf7-text wpcf7-validates-as-required\" aria-required=\"true\" aria-invalid=\"false\" value=\"\" type=\"text\" name=\"your-name\" \/><\/span> <\/label>\n<\/p>\n<p><label> Tu correo electr\u00f3nico<br \/>\n<span class=\"wpcf7-form-control-wrap\" data-name=\"your-email\"><input size=\"40\" maxlength=\"400\" class=\"wpcf7-form-control wpcf7-email wpcf7-validates-as-required wpcf7-text wpcf7-validates-as-email\" aria-required=\"true\" aria-invalid=\"false\" value=\"\" type=\"email\" name=\"your-email\" \/><\/span> <\/label>\n<\/p>\n<p><label> Cantidad m\u00ednima de pedido<br \/>\n<span class=\"wpcf7-form-control-wrap\" data-name=\"menu-734\"><select class=\"wpcf7-form-control wpcf7-select wpcf7-validates-as-required\" aria-required=\"true\" aria-invalid=\"false\" name=\"menu-734\"><option value=\"\">&#8212;Por favor, elige una opci\u00f3n&#8212;<\/option><option value=\"300\">300<\/option><option value=\"500\">500<\/option><option value=\"1000\">1000<\/option><\/select><\/span> <\/label>\n<\/p>\n<p><label> Tu mensaje<br \/>\n<span class=\"wpcf7-form-control-wrap\" data-name=\"your-message\"><textarea cols=\"40\" rows=\"10\" maxlength=\"2000\" class=\"wpcf7-form-control wpcf7-textarea wpcf7-validates-as-required\" aria-required=\"true\" aria-invalid=\"false\" name=\"your-message\"><\/textarea><\/span> <\/label>\n<\/p>\n<p><label> Tu archivo (opcional)<br \/>\n<span class=\"wpcf7-form-control-wrap\" data-name=\"file-978\"><input size=\"40\" class=\"wpcf7-form-control wpcf7-file\" accept=\"audio\/*,video\/*,image\/*\" aria-invalid=\"false\" type=\"file\" name=\"file-978\" \/><\/span> <\/label>\n<\/p>\n<p><span class=\"wpcf7-form-control-wrap\" data-name=\"quiz-747\"><label><span class=\"wpcf7-quiz-label\">2+6=?<\/span> <input size=\"40\" class=\"wpcf7-form-control wpcf7-quiz\" autocomplete=\"off\" aria-required=\"true\" aria-invalid=\"false\" type=\"text\" name=\"quiz-747\" \/><\/label><input type=\"hidden\" name=\"_wpcf7_quiz_answer_quiz-747\" value=\"34fe0dce70d770da3a4b02c0e1fa88fe\" \/><\/span>\n<\/p>\n<p><input class=\"wpcf7-form-control wpcf7-submit has-spinner\" type=\"submit\" value=\"Entregar\" \/>\n<\/p><div class=\"wpcf7-response-output\" aria-hidden=\"true\"><\/div>\n<\/form>\n<\/div>\n\t\t\n\t<h3>\n\t\t\t\tDir\u00edgete a tu audiencia\n\t\t\t<\/h3>\n\t\t\t<p>Personalizando el tema, el dise\u00f1o, la complejidad y el contenido del juego de tarjetas de memoria para satisfacer las preferencias de adultos, personas mayores y ni\u00f1os en edad preescolar.<\/p>\t\n\t\t\t\t<img decoding=\"async\" src=\"https:\/\/www.hicreategames.com\/wp-content\/uploads\/2024\/07\/Juegos-de-tarjetas-de-memoria-para-adultos.jpg\" alt=\"Juegos de tarjetas de memoria para adultos\" itemprop=\"image\" height=\"426\" width=\"640\" title=\"Juegos de tarjetas de memoria para adultos\" onerror=\"this.style.display='none'\" loading=\"lazy\" \/>\n\t<h5>\n\t\t\t\tPara adultos\n\t\t\t<\/h5>\n\t\t\t<p>Elija temas de inter\u00e9s para adultos, como viajes, cocina o pel\u00edculas. Aumente la complejidad agregando m\u00e1s pares de cartas o contenido desafiante. Fomente la interacci\u00f3n social con tarjetas de acci\u00f3n o historias.<\/p>\t\n\t\t\t\t<img decoding=\"async\" src=\"https:\/\/www.hicreategames.com\/wp-content\/uploads\/2024\/07\/Juegos-de-tarjetas-de-memoria-para-personas-mayores.jpg\" alt=\"Juegos de tarjetas de memoria para personas mayores\" itemprop=\"image\" height=\"426\" width=\"640\" title=\"Juegos de tarjetas de memoria para personas mayores\" onerror=\"this.style.display='none'\" loading=\"lazy\" \/>\n\t<h5>\n\t\t\t\tPara personas mayores\n\t\t\t<\/h5>\n\t\t\t<p>Crea un juego para personas mayores con temas nost\u00e1lgicos como los coches cl\u00e1sicos o la jardiner\u00eda. Simplifique el juego y utilice letra grande para facilitar la lectura. Incluya ayudas para la memoria para ayudar a quienes tienen desaf\u00edos cognitivos.<\/p>\n\t\t\t\t<img decoding=\"async\" src=\"https:\/\/www.hicreategames.com\/wp-content\/uploads\/2024\/07\/Juegos-de-cartas-a-juego-para-ninos-en-edad-preescolar.jpg\" alt=\"Juegos de cartas a juego para ni\u00f1os en edad preescolar\" itemprop=\"image\" height=\"426\" width=\"640\" title=\"Juegos de cartas a juego para ni\u00f1os en edad preescolar\" onerror=\"this.style.display='none'\" loading=\"lazy\" \/>\n\t<h5>\n\t\t\t\tPara ni\u00f1os en edad preescolar\n\t\t\t<\/h5>\n\t\t\t<p>Cree juegos preescolares con temas como animales o colores, con un juego de combinaci\u00f3n simple, im\u00e1genes vibrantes y contenido educativo como n\u00fameros y letras para el aprendizaje y el desarrollo tempranos.<\/p>\n\t<h3>\n\t\t\t\tPersonajes famosos del juego de cartas de memoria.\n\t\t\t<\/h3>\n\t\t\t<p>Estos personajes provienen de varias franquicias y son ampliamente reconocidos, lo que los hace adecuados para un juego de tarjetas de memoria que atraiga a una audiencia amplia.<\/p>\n\t\t\t\t<img decoding=\"async\" src=\"https:\/\/www.hicreategames.com\/wp-content\/uploads\/2024\/07\/Juego-de-cartas-de-memoria-Super-Mario.jpg\" alt=\"Juego de cartas de memoria Super Mario\" itemprop=\"image\" height=\"426\" width=\"640\" title=\"Juego de cartas de memoria Super Mario\" onerror=\"this.style.display='none'\" loading=\"lazy\" \/>\n\t<h5>\n\t\t\t\tSuper Mario\n\t\t\t<\/h5>\n\t\t\t<p>Cada tarjeta de memoria podr\u00eda incluir un personaje, objeto o elemento diferente de Super Mario (como el propio Mario, setas, monedas, Goombas, etc.).<\/p>\t\n\t\t\t\t<img decoding=\"async\" src=\"https:\/\/www.hicreategames.com\/wp-content\/uploads\/2024\/07\/Juego-de-cartas-de-memoria-de-Harry-Potter.jpg\" alt=\"Juego de cartas de memoria de Harry Potter\" itemprop=\"image\" height=\"426\" width=\"640\" title=\"Juego de cartas de memoria de Harry Potter\" onerror=\"this.style.display='none'\" loading=\"lazy\" \/>\n\t<h5>\n\t\t\t\tHarry Potter\n\t\t\t<\/h5>\n\t\t\t<p>Decide qu\u00e9 elementos del universo de Harry Potter puedes elegir: personajes, objetos m\u00e1gicos, hechizos o incluso ubicaciones de la serie.<\/p>\t\n\t\t\t\t<img decoding=\"async\" src=\"https:\/\/www.hicreategames.com\/wp-content\/uploads\/2024\/07\/Juego-de-cartas-de-memoria-de-dinosaurios.jpg\" alt=\"Juego de cartas de memoria de dinosaurios\" itemprop=\"image\" height=\"426\" width=\"640\" title=\"Juego de cartas de memoria de dinosaurios\" onerror=\"this.style.display='none'\" loading=\"lazy\" \/>\n\t<h5>\n\t\t\t\tDinosaurio\n\t\t\t<\/h5>\n\t\t\t<p>Empiece por investigar diferentes tipos de dinosaurios. Considere incluir dinosaurios populares que sean bien conocidos tanto por ni\u00f1os como por adultos.<\/p>\t\n\t\t\t\t<img decoding=\"async\" src=\"https:\/\/www.hicreategames.com\/wp-content\/uploads\/2024\/07\/Juego-de-cartas-de-memoria-navidenas.jpg\" alt=\"Juego de cartas de memoria navide\u00f1as\" itemprop=\"image\" height=\"426\" width=\"640\" title=\"Juego de cartas de memoria navide\u00f1as\" onerror=\"this.style.display='none'\" loading=\"lazy\" \/>\n\t<h5>\n\t\t\t\tNavidad\n\t\t\t<\/h5>\n\t\t\t<p>Elija una variedad de personajes navide\u00f1os que sean bien conocidos y f\u00e1cilmente reconocibles. Esto puede incluir a Pap\u00e1 Noel, renos, elfos, mu\u00f1ecos de nieve, etc.<\/p>\t\n\t\t\t\t<img decoding=\"async\" src=\"https:\/\/www.hicreategames.com\/wp-content\/uploads\/2024\/07\/Juego-de-cartas-de-memoria-de-Pokemon.jpg\" alt=\"Juego de cartas de memoria de Pok\u00e9mon\" itemprop=\"image\" height=\"426\" width=\"640\" title=\"Juego de cartas de memoria de Pok\u00e9mon\" onerror=\"this.style.display='none'\" loading=\"lazy\" \/>\n\t<h5>\n\t\t\t\tPok\u00e9mon\n\t\t\t<\/h5>\n\t\t\t<p>Decide qu\u00e9 personajes Pok\u00e9mon quieres incluir en tu juego. Puedes seleccionar los populares como Pikachu, Charmander, Bulbasaur, Squirtle, etc.<\/p>\t\n\t\t\t\t<img decoding=\"async\" src=\"https:\/\/www.hicreategames.com\/wp-content\/uploads\/2024\/07\/Juego-de-cartas-de-parejas-de-princesas.jpg\" alt=\"Juego de cartas de parejas de princesas\" itemprop=\"image\" height=\"426\" width=\"640\" title=\"Juego de cartas de parejas de princesas\" onerror=\"this.style.display='none'\" loading=\"lazy\" \/>\n\t<h5>\n\t\t\t\tPrincesa\n\t\t\t<\/h5>\n\t\t\t<p>Elige un conjunto de personajes de princesas que quieras incluir. Podr\u00edan ser princesas cl\u00e1sicas de Disney como Cenicienta, Blancanieves, Ariel, Bella, Jasmine, etc.<\/p>\t\n\t<h3>\n\t\t\t\tCont\u00e1ctanos Ahora\n\t\t\t<\/h3>\n\t\t\t\t<img decoding=\"async\" src=\"https:\/\/www.hicreategames.com\/wp-content\/uploads\/2024\/07\/Juego-de-cartas-de-memoria.jpg\" alt=\"Juego de cartas de memoria\" itemprop=\"image\" height=\"600\" width=\"600\" title=\"Juego de cartas de memoria\" onerror=\"this.style.display='none'\" loading=\"lazy\" \/>\n\t\n<div class=\"wpcf7 no-js\" id=\"wpcf7-f3522-o2\" lang=\"es-ES\" dir=\"ltr\" data-wpcf7-id=\"3522\">\n<div class=\"screen-reader-response\"><p role=\"status\" aria-live=\"polite\" aria-atomic=\"true\"><\/p> <ul><\/ul><\/div>\n<form action=\"\/es\/wp-json\/wp\/v2\/pages\/16316#wpcf7-f3522-o2\" method=\"post\" class=\"wpcf7-form init\" aria-label=\"Formulario de contacto\" enctype=\"multipart\/form-data\" novalidate=\"novalidate\" data-status=\"init\">\n<fieldset class=\"hidden-fields-container\"><input type=\"hidden\" name=\"_wpcf7\" value=\"3522\" \/><input type=\"hidden\" name=\"_wpcf7_version\" value=\"6.1.5\" \/><input type=\"hidden\" name=\"_wpcf7_locale\" value=\"es_ES\" \/><input type=\"hidden\" name=\"_wpcf7_unit_tag\" value=\"wpcf7-f3522-o2\" \/><input type=\"hidden\" name=\"_wpcf7_container_post\" value=\"0\" \/><input type=\"hidden\" name=\"_wpcf7_posted_data_hash\" value=\"\" \/><input type=\"hidden\" name=\"_wpcf7_recaptcha_response\" value=\"\" \/>\n<\/fieldset>\n<p><label> Su nombre<br \/>\n<span class=\"wpcf7-form-control-wrap\" data-name=\"your-name\"><input size=\"40\" maxlength=\"400\" class=\"wpcf7-form-control wpcf7-text wpcf7-validates-as-required\" aria-required=\"true\" aria-invalid=\"false\" value=\"\" type=\"text\" name=\"your-name\" \/><\/span> <\/label>\n<\/p>\n<p><label> Tu correo electr\u00f3nico<br \/>\n<span class=\"wpcf7-form-control-wrap\" data-name=\"your-email\"><input size=\"40\" maxlength=\"400\" class=\"wpcf7-form-control wpcf7-email wpcf7-validates-as-required wpcf7-text wpcf7-validates-as-email\" aria-required=\"true\" aria-invalid=\"false\" value=\"\" type=\"email\" name=\"your-email\" \/><\/span> <\/label>\n<\/p>\n<p><label> Cantidad m\u00ednima de pedido<br \/>\n<span class=\"wpcf7-form-control-wrap\" data-name=\"menu-734\"><select class=\"wpcf7-form-control wpcf7-select wpcf7-validates-as-required\" aria-required=\"true\" aria-invalid=\"false\" name=\"menu-734\"><option value=\"\">&#8212;Por favor, elige una opci\u00f3n&#8212;<\/option><option value=\"300\">300<\/option><option value=\"500\">500<\/option><option value=\"1000\">1000<\/option><\/select><\/span> <\/label>\n<\/p>\n<p><label> Tu mensaje<br \/>\n<span class=\"wpcf7-form-control-wrap\" data-name=\"your-message\"><textarea cols=\"40\" rows=\"10\" maxlength=\"2000\" class=\"wpcf7-form-control wpcf7-textarea wpcf7-validates-as-required\" aria-required=\"true\" aria-invalid=\"false\" name=\"your-message\"><\/textarea><\/span> <\/label>\n<\/p>\n<p><label> Tu archivo (opcional)<br \/>\n<span class=\"wpcf7-form-control-wrap\" data-name=\"file-978\"><input size=\"40\" class=\"wpcf7-form-control wpcf7-file\" accept=\"audio\/*,video\/*,image\/*\" aria-invalid=\"false\" type=\"file\" name=\"file-978\" \/><\/span> <\/label>\n<\/p>\n<p><span class=\"wpcf7-form-control-wrap\" data-name=\"quiz-747\"><label><span class=\"wpcf7-quiz-label\">2+6=?<\/span> <input size=\"40\" class=\"wpcf7-form-control wpcf7-quiz\" autocomplete=\"off\" aria-required=\"true\" aria-invalid=\"false\" type=\"text\" name=\"quiz-747\" \/><\/label><input type=\"hidden\" name=\"_wpcf7_quiz_answer_quiz-747\" value=\"34fe0dce70d770da3a4b02c0e1fa88fe\" \/><\/span>\n<\/p>\n<p><input class=\"wpcf7-form-control wpcf7-submit has-spinner\" type=\"submit\" value=\"Entregar\" \/>\n<\/p><div class=\"wpcf7-response-output\" aria-hidden=\"true\"><\/div>\n<\/form>\n<\/div>\n\n\n","protected":false},"excerpt":{"rendered":"<p>Juego de Tarjetas de Memoria Personalizado La creaci\u00f3n de un juego de tarjetas de memoria personalizable permite una experiencia de juego personalizada adaptada a diversos temas, niveles de dificultad y preferencias est\u00e9ticas. Estos son los art\u00edculos que podemos personalizar para usted: Solicite un Presupuesto Dir\u00edgete a tu audiencia Personalizando el [&hellip;]<\/p>\n","protected":false},"author":1,"featured_media":0,"parent":0,"menu_order":0,"comment_status":"closed","ping_status":"closed","template":"","meta":{"site-sidebar-layout":"no-sidebar","site-content-layout":"page-builder","ast-site-content-layout":"full-width-container","site-content-style":"unboxed","site-sidebar-style":"unboxed","ast-global-header-display":"","ast-banner-title-visibility":"","ast-main-header-display":"","ast-hfb-above-header-display":"","ast-hfb-below-header-display":"","ast-hfb-mobile-header-display":"","site-post-title":"disabled","ast-breadcrumbs-content":"","ast-featured-img":"disabled","footer-sml-layout":"","ast-disable-related-posts":"","theme-transparent-header-meta":"default","adv-header-id-meta":"","stick-header-meta":"default","header-above-stick-meta":"","header-main-stick-meta":"","header-below-stick-meta":"","astra-migrate-meta-layouts":"default","ast-page-background-enabled":"default","ast-page-background-meta":{"desktop":{"background-color":"","background-image":"","background-repeat":"repeat","background-position":"center center","background-size":"auto","background-attachment":"scroll","background-type":"","background-media":"","overlay-type":"","overlay-color":"","overlay-opacity":"","overlay-gradient":""},"tablet":{"background-color":"","background-image":"","background-repeat":"repeat","background-position":"center center","background-size":"auto","background-attachment":"scroll","background-type":"","background-media":"","overlay-type":"","overlay-color":"","overlay-opacity":"","overlay-gradient":""},"mobile":{"background-color":"","background-image":"","background-repeat":"repeat","background-position":"center center","background-size":"auto","background-attachment":"scroll","background-type":"","background-media":"","overlay-type":"","overlay-color":"","overlay-opacity":"","overlay-gradient":""}},"ast-content-background-meta":{"desktop":{"background-color":"var(--ast-global-color-5)","background-image":"","background-repeat":"repeat","background-position":"center center","background-size":"auto","background-attachment":"scroll","background-type":"","background-media":"","overlay-type":"","overlay-color":"","overlay-opacity":"","overlay-gradient":""},"tablet":{"background-color":"var(--ast-global-color-5)","background-image":"","background-repeat":"repeat","background-position":"center center","background-size":"auto","background-attachment":"scroll","background-type":"","background-media":"","overlay-type":"","overlay-color":"","overlay-opacity":"","overlay-gradient":""},"mobile":{"background-color":"var(--ast-global-color-5)","background-image":"","background-repeat":"repeat","background-position":"center center","background-size":"auto","background-attachment":"scroll","background-type":"","background-media":"","overlay-type":"","overlay-color":"","overlay-opacity":"","overlay-gradient":""}},"footnotes":""},"class_list":["post-16316","page","type-page","status-publish","hentry"],"_links":{"self":[{"href":"https:\/\/www.hicreategames.com\/es\/wp-json\/wp\/v2\/pages\/16316","targetHints":{"allow":["GET"]}}],"collection":[{"href":"https:\/\/www.hicreategames.com\/es\/wp-json\/wp\/v2\/pages"}],"about":[{"href":"https:\/\/www.hicreategames.com\/es\/wp-json\/wp\/v2\/types\/page"}],"author":[{"embeddable":true,"href":"https:\/\/www.hicreategames.com\/es\/wp-json\/wp\/v2\/users\/1"}],"replies":[{"embeddable":true,"href":"https:\/\/www.hicreategames.com\/es\/wp-json\/wp\/v2\/comments?post=16316"}],"version-history":[{"count":4,"href":"https:\/\/www.hicreategames.com\/es\/wp-json\/wp\/v2\/pages\/16316\/revisions"}],"predecessor-version":[{"id":24779,"href":"https:\/\/www.hicreategames.com\/es\/wp-json\/wp\/v2\/pages\/16316\/revisions\/24779"}],"wp:attachment":[{"href":"https:\/\/www.hicreategames.com\/es\/wp-json\/wp\/v2\/media?parent=16316"}],"curies":[{"name":"wp","href":"https:\/\/api.w.org\/{rel}","templated":true}]}}