{"id":18782,"date":"2024-12-12T07:50:48","date_gmt":"2024-12-12T07:50:48","guid":{"rendered":"https:\/\/www.hicreategames.com\/tarjetas-de-afirmaciones-positivas\/"},"modified":"2025-08-25T09:59:14","modified_gmt":"2025-08-25T09:59:14","slug":"tarjetas-de-afirmaciones-positivas","status":"publish","type":"page","link":"https:\/\/www.hicreategames.com\/es\/tarjetas-de-afirmaciones-positivas\/","title":{"rendered":"Tarjetas de Afirmaciones Positivas"},"content":{"rendered":"\n\n\t<h2>\n\t\t\t\tImpresi\u00f3n de Tarjetas de Afirmaciones Positivas\n\t\t\t<\/h2>\n\t<p>Nos especializamos en personalizar e imprimir barajas de tarjetas de afirmaci\u00f3n adaptadas a sus necesidades.<\/p>\n<p>Nuestros servicios personalizados le permiten elegir entre una amplia variedad de dise\u00f1os, tama\u00f1os, cartulinas, m\u00e9todos de impresi\u00f3n, acabados de superficie y opciones de embalaje, lo que garantiza que sus tarjetas reflejen perfectamente su marca o estilo personal.<\/p>\n\t\t\t<a href=\"#\" role=\"button\">\n\t\t\t\t\t\t\tSolicite un Presupuesto\n\t\t\t\t\t<\/a>\n\t\t\t\n<div class=\"wpcf7 no-js\" id=\"wpcf7-f3522-o1\" lang=\"es-ES\" dir=\"ltr\" data-wpcf7-id=\"3522\">\n<div class=\"screen-reader-response\"><p role=\"status\" aria-live=\"polite\" aria-atomic=\"true\"><\/p> <ul><\/ul><\/div>\n<form action=\"\/es\/wp-json\/wp\/v2\/pages\/18782#wpcf7-f3522-o1\" method=\"post\" class=\"wpcf7-form init\" aria-label=\"Formulario de contacto\" enctype=\"multipart\/form-data\" novalidate=\"novalidate\" data-status=\"init\">\n<fieldset class=\"hidden-fields-container\"><input type=\"hidden\" name=\"_wpcf7\" value=\"3522\" \/><input type=\"hidden\" name=\"_wpcf7_version\" value=\"6.1.5\" \/><input type=\"hidden\" name=\"_wpcf7_locale\" value=\"es_ES\" \/><input type=\"hidden\" name=\"_wpcf7_unit_tag\" value=\"wpcf7-f3522-o1\" \/><input type=\"hidden\" name=\"_wpcf7_container_post\" value=\"0\" \/><input type=\"hidden\" name=\"_wpcf7_posted_data_hash\" value=\"\" \/><input type=\"hidden\" name=\"_wpcf7_recaptcha_response\" value=\"\" \/>\n<\/fieldset>\n<p><label> Su nombre<br \/>\n<span class=\"wpcf7-form-control-wrap\" data-name=\"your-name\"><input size=\"40\" maxlength=\"400\" class=\"wpcf7-form-control wpcf7-text wpcf7-validates-as-required\" aria-required=\"true\" aria-invalid=\"false\" value=\"\" type=\"text\" name=\"your-name\" \/><\/span> <\/label>\n<\/p>\n<p><label> Tu correo electr\u00f3nico<br \/>\n<span class=\"wpcf7-form-control-wrap\" data-name=\"your-email\"><input size=\"40\" maxlength=\"400\" class=\"wpcf7-form-control wpcf7-email wpcf7-validates-as-required wpcf7-text wpcf7-validates-as-email\" aria-required=\"true\" aria-invalid=\"false\" value=\"\" type=\"email\" name=\"your-email\" \/><\/span> <\/label>\n<\/p>\n<p><label> Cantidad m\u00ednima de pedido<br \/>\n<span class=\"wpcf7-form-control-wrap\" data-name=\"menu-734\"><select class=\"wpcf7-form-control wpcf7-select wpcf7-validates-as-required\" aria-required=\"true\" aria-invalid=\"false\" name=\"menu-734\"><option value=\"\">&#8212;Por favor, elige una opci\u00f3n&#8212;<\/option><option value=\"300\">300<\/option><option value=\"500\">500<\/option><option value=\"1000\">1000<\/option><\/select><\/span> <\/label>\n<\/p>\n<p><label> Tu mensaje<br \/>\n<span class=\"wpcf7-form-control-wrap\" data-name=\"your-message\"><textarea cols=\"40\" rows=\"10\" maxlength=\"2000\" class=\"wpcf7-form-control wpcf7-textarea wpcf7-validates-as-required\" aria-required=\"true\" aria-invalid=\"false\" name=\"your-message\"><\/textarea><\/span> <\/label>\n<\/p>\n<p><label> Tu archivo (opcional)<br \/>\n<span class=\"wpcf7-form-control-wrap\" data-name=\"file-978\"><input size=\"40\" class=\"wpcf7-form-control wpcf7-file\" accept=\"audio\/*,video\/*,image\/*\" aria-invalid=\"false\" type=\"file\" name=\"file-978\" \/><\/span> <\/label>\n<\/p>\n<p><span class=\"wpcf7-form-control-wrap\" data-name=\"quiz-747\"><label><span class=\"wpcf7-quiz-label\">2+6=?<\/span> <input size=\"40\" class=\"wpcf7-form-control wpcf7-quiz\" autocomplete=\"off\" aria-required=\"true\" aria-invalid=\"false\" type=\"text\" name=\"quiz-747\" \/><\/label><input type=\"hidden\" name=\"_wpcf7_quiz_answer_quiz-747\" value=\"34fe0dce70d770da3a4b02c0e1fa88fe\" \/><\/span>\n<\/p>\n<p><input class=\"wpcf7-form-control wpcf7-submit has-spinner\" type=\"submit\" value=\"Entregar\" \/>\n<\/p><div class=\"wpcf7-response-output\" aria-hidden=\"true\"><\/div>\n<\/form>\n<\/div>\n\t\t\n<h3>\n\t\t\t\u00bfQu\u00e9 podemos personalizar para tus tarjetas de afirmaci\u00f3n?\t<\/h3>\n\t\t\t\t<img decoding=\"async\" src=\"https:\/\/www.hicreategames.com\/wp-content\/uploads\/2025\/04\/Tarjeta-de-afirmacion-Proposito.jpg\" alt=\"Tarjeta de afirmaci\u00f3n Prop\u00f3sito\" itemprop=\"image\" height=\"426\" width=\"640\" title=\"Tarjeta de afirmaci\u00f3n Prop\u00f3sito\" onerror=\"this.style.display='none'\" loading=\"lazy\" \/>\n\t<h5>\n\t\t\t\tProp\u00f3sito\/objetivo\n\t\t\t<\/h5>\n\t\t\t<p>Personalice sus tarjetas de afirmaci\u00f3n para que se adapten a fines espec\u00edficos, como la atenci\u00f3n plena, el amor propio, la motivaci\u00f3n o la gratitud.<\/p>\t\n\t\t\t\t<img decoding=\"async\" src=\"https:\/\/www.hicreategames.com\/wp-content\/uploads\/2025\/04\/Tamanos-de-tarjetas-de-afirmacion.jpg\" alt=\"Tama\u00f1os de tarjetas de afirmaci\u00f3n\" itemprop=\"image\" height=\"426\" width=\"640\" title=\"Tama\u00f1os de tarjetas de afirmaci\u00f3n\" onerror=\"this.style.display='none'\" loading=\"lazy\" \/>\n\t<h5>\n\t\t\t\tTallas\n\t\t\t<\/h5>\n\t\t\t<p>Elija entre las dimensiones est\u00e1ndar de las tarjetas o tama\u00f1os personalizados para que coincidan con la visi\u00f3n de dise\u00f1o o funcionalidad \u00fanica de su marca.<\/p>\n\t\t\t\t<img decoding=\"async\" src=\"https:\/\/www.hicreategames.com\/wp-content\/uploads\/2025\/04\/Formas-de-tarjetas-de-afirmacion.jpg\" alt=\"Formas de tarjetas de afirmaci\u00f3n\" itemprop=\"image\" height=\"426\" width=\"640\" title=\"Formas de tarjetas de afirmaci\u00f3n\" onerror=\"this.style.display='none'\" loading=\"lazy\" \/>\n\t<h5>\n\t\t\t\tFormas\n\t\t\t<\/h5>\n\t\t\t<p>Explore una variedad de formas como rectangulares, cuadradas, circulares o incluso formas troqueladas personalizadas para que sus tarjetas destaquen.<\/p>\n\t\t\t\t<img decoding=\"async\" src=\"https:\/\/www.hicreategames.com\/wp-content\/uploads\/2025\/04\/Cartulina-de-tarjetas-de-afirmacion.jpg\" alt=\"Cartulina de tarjetas de afirmaci\u00f3n\" itemprop=\"image\" height=\"426\" width=\"640\" title=\"Cartulina de tarjetas de afirmaci\u00f3n\" onerror=\"this.style.display='none'\" loading=\"lazy\" \/>\n\t<h5>\n\t\t\t\tCartulina\n\t\t\t<\/h5>\n\t\t\t<p>Una gama de cartulinas de 250 ~ 350 g\/m\u00b2 y opciones de n\u00facleo de tarjeta gris\/azul\/blanco\/negro, para lograr la durabilidad perfecta.<\/p>\n\t\t\t\t<img decoding=\"async\" src=\"https:\/\/www.hicreategames.com\/wp-content\/uploads\/2025\/04\/Borde-de-lamina-de-oro-de-tarjetas-de-afirmacion.jpg\" alt=\"Borde de l\u00e1mina de oro de tarjetas de afirmaci\u00f3n\" itemprop=\"image\" height=\"426\" width=\"640\" title=\"Borde de l\u00e1mina de oro de tarjetas de afirmaci\u00f3n\" onerror=\"this.style.display='none'\" loading=\"lazy\" \/>\n\t<h5>\n\t\t\t\tBordes\n\t\t\t<\/h5>\n\t\t\t<p>Personalice el dise\u00f1o del borde con bordes lisos, redondeados o especiales, como acabados dorados o pintados, para conseguir un aspecto m\u00e1s sofisticado.<\/p>\n\t\t\t\t<img decoding=\"async\" src=\"https:\/\/www.hicreategames.com\/wp-content\/uploads\/2025\/04\/Palabras-de-afirmacion.jpg\" alt=\"Palabras de afirmaci\u00f3n\" itemprop=\"image\" height=\"426\" width=\"640\" title=\"Palabras de afirmaci\u00f3n\" onerror=\"this.style.display='none'\" loading=\"lazy\" \/>\n\t<h5>\n\t\t\t\tPalabras\n\t\t\t<\/h5>\n\t\t\t<p>Personalice el texto para incluir afirmaciones, mantras o citas motivacionales adaptadas a sus temas, tono y p\u00fablico.<\/p>\t\n\t\t\t\t<img decoding=\"async\" src=\"https:\/\/www.hicreategames.com\/wp-content\/uploads\/2025\/04\/Acabado-de-superficie-de-tarjetas-de-afirmacion.jpg\" alt=\"Acabado de superficie de tarjetas de afirmaci\u00f3n\" itemprop=\"image\" height=\"426\" width=\"640\" title=\"Acabado de superficie de tarjetas de afirmaci\u00f3n\" onerror=\"this.style.display='none'\" loading=\"lazy\" \/>\n\t<h5>\n\t\t\t\tAcabados superficiales\n\t\t\t<\/h5>\n\t\t\t<p>Mejore el atractivo est\u00e9tico con opciones como acabados mate, brillante, en relieve, laminado o UV para un toque premium.<\/p>\n\t\t\t\t<img decoding=\"async\" src=\"https:\/\/www.hicreategames.com\/wp-content\/uploads\/2025\/04\/Idiomas-de-tarjetas-de-afirmacion.jpg\" alt=\"Idiomas de tarjetas de afirmaci\u00f3n\" itemprop=\"image\" height=\"426\" width=\"640\" title=\"Idiomas de tarjetas de afirmaci\u00f3n\" onerror=\"this.style.display='none'\" loading=\"lazy\" \/>\n\t<h5>\n\t\t\t\tOpciones de idioma\n\t\t\t<\/h5>\n\t\t\t<p>Ofrezca afirmaciones en varios idiomas o dise\u00f1e tarjetas en idiomas espec\u00edficos para atender a diversos mercados y culturas.<\/p>\n\t\t\t\t<img decoding=\"async\" src=\"https:\/\/www.hicreategames.com\/wp-content\/uploads\/2025\/04\/Embalaje-de-tarjetas-de-afirmacion.jpg\" alt=\"Embalaje de tarjetas de afirmaci\u00f3n\" itemprop=\"image\" height=\"426\" width=\"640\" title=\"Embalaje de tarjetas de afirmaci\u00f3n\" onerror=\"this.style.display='none'\" loading=\"lazy\" \/>\n\t<h5>\n\t\t\t\tOpciones de embalaje\n\t\t\t<\/h5>\n\t\t\t<p>Personalice el embalaje con opciones como estuches, cajas magn\u00e9ticas, bolsas con cord\u00f3n o materiales ecol\u00f3gicos.<\/p>\n\t<h3>\n\t\t\t\tPor la audiencia\n\t\t\t<\/h3>\n\t\t\t<p>Personalizar tarjetas de afirmaci\u00f3n para diferentes grupos de edad implica utilizar un lenguaje, temas y elementos visuales adecuados para cada edad. Para las mujeres, c\u00e9ntrate en el empoderamiento; para los hombres, en la fuerza y la resiliencia; para los ni\u00f1os, en conceptos positivos y divertidos. <\/p>\n\t\t\t\t<img decoding=\"async\" src=\"https:\/\/www.hicreategames.com\/wp-content\/uploads\/2025\/04\/Tarjetas-de-afirmacion-para-mujeres.jpg\" alt=\"Tarjetas de afirmaci\u00f3n para mujeres\" itemprop=\"image\" height=\"426\" width=\"640\" title=\"Tarjetas de afirmaci\u00f3n para mujeres\" onerror=\"this.style.display='none'\" loading=\"lazy\" \/>\n\t<h5>\n\t\t\t\tPara mujeres\n\t\t\t<\/h5>\n\t\t\t<p>Personal\u00edcelas con mensajes motivadores sobre el amor propio, el fomento de la confianza y el crecimiento. Utilice dise\u00f1os relajantes o estimulantes, como estampados florales, colores pastel o arte abstracto. <\/p>\t\n\t\t\t\t<img decoding=\"async\" src=\"https:\/\/www.hicreategames.com\/wp-content\/uploads\/2025\/04\/Tarjetas-de-afirmacion-para-hombres.jpg\" alt=\"Tarjetas de afirmaci\u00f3n para hombres\" itemprop=\"image\" height=\"426\" width=\"640\" title=\"Tarjetas de afirmaci\u00f3n para hombres\" onerror=\"this.style.display='none'\" loading=\"lazy\" \/>\n\t<h5>\n\t\t\t\tPara hombres\n\t\t\t<\/h5>\n\t\t\t<p>C\u00e9ntrese en temas como la confianza, la perseverancia y el prop\u00f3sito. Opte por dise\u00f1os atrevidos, tonos tierra y afirmaciones concisas que resuenen con sus objetivos y desaf\u00edos diarios. <\/p>\n\t\t\t\t<img decoding=\"async\" src=\"https:\/\/www.hicreategames.com\/wp-content\/uploads\/2025\/04\/Tarjetas-de-afirmacion-para-ninos.jpg\" alt=\"Tarjetas de afirmaci\u00f3n para ni\u00f1os\" itemprop=\"image\" height=\"426\" width=\"640\" title=\"Tarjetas de afirmaci\u00f3n para ni\u00f1os\" onerror=\"this.style.display='none'\" loading=\"lazy\" \/>\n\t<h5>\n\t\t\t\tPara ni\u00f1os\n\t\t\t<\/h5>\n\t\t\t<p>Personal\u00edcelas con ilustraciones divertidas, colores vivos y frases sencillas y positivas. Incluya temas como la bondad, el valor y el aprendizaje para fomentar la confianza y el crecimiento emocional de una manera divertida y atractiva. <\/p>\n\t<h3>\n\t\t\t\tNuestros proyectos de barajas de tarjetas de afirmaci\u00f3n\n\t\t\t<\/h3>\n\t\t\t\t<img decoding=\"async\" src=\"https:\/\/www.hicreategames.com\/wp-content\/uploads\/2025\/04\/Cartas-de-Plenitud-Mental.jpg\" alt=\"Cartas de Plenitud Mental\" itemprop=\"image\" height=\"426\" width=\"640\" title=\"Cartas de Plenitud Mental\" onerror=\"this.style.display='none'\" loading=\"lazy\" \/>\n\t<h5>\n\t\t\t\tCartas de Plenitud Mental\n\t\t\t<\/h5>\n\t\t\t<ul><li>Tama\u00f1o individual: 14*10*5,5 cm<\/li><li>Tama\u00f1o de la tarjeta: 60 unidades 9*12 cm<\/li><li>Paquete de cajas: 18 juegos\/caja<\/li><li>Tama\u00f1o de la caja: 30*32*18,5 cm<\/li><li>Peso de la caja: 7,5 kg\/caja<\/li><\/ul>\t\n\t\t\t\t<img decoding=\"async\" src=\"https:\/\/www.hicreategames.com\/wp-content\/uploads\/2025\/04\/Carta-Purificar-la-mente.jpg\" alt=\"Carta Purificar la mente\" itemprop=\"image\" height=\"426\" width=\"640\" title=\"Carta Purificar la mente\" onerror=\"this.style.display='none'\" loading=\"lazy\" \/>\n\t<h5>\n\t\t\t\tCarta Purificar la mente\n\t\t\t<\/h5>\n\t\t\t<ul><li>Tama\u00f1o individual: 10,3*11,5*9,5 cm<\/li><li>Tama\u00f1o de la tarjeta: 60 unidades 8*9,5 cm<\/li><li>Paquete de cajas: 18 juegos\/caja<\/li><li>Tama\u00f1o de la caja: 33*37*21 cm<\/li><li>Peso de la caja: 8,5 kg\/caja<\/li><\/ul>\t\n\t\t\t\t<img decoding=\"async\" src=\"https:\/\/www.hicreategames.com\/wp-content\/uploads\/2025\/04\/\u00a1Eres-excelente.jpg\" alt=\"\u00a1Eres excelente!\" itemprop=\"image\" height=\"426\" width=\"640\" title=\"\u00a1Eres excelente!\" onerror=\"this.style.display='none'\" loading=\"lazy\" \/>\n\t<h5>\n\t\t\t\t\u00a1Eres excelente!\n\t\t\t<\/h5>\n\t\t\t<ul><li>Tama\u00f1o individual: 9,5*9,5*6,6 cm<\/li><li>Tama\u00f1o de la tarjeta: 60 unidades 16,3*8,8 cm<\/li><li>Cajas: 27 unidades\/cart\u00f3n<\/li><li>Tama\u00f1o de la caja: 31*31*22 cm<\/li><li>Peso de la caja: 11 kg\/caja<\/li><\/ul>\t\n\t\t\t\t<img decoding=\"async\" src=\"https:\/\/www.hicreategames.com\/wp-content\/uploads\/2025\/04\/Buen-humor-todos-los-dias-1.jpg\" alt=\"Buen humor todos los d\u00edas - 1\" itemprop=\"image\" height=\"426\" width=\"640\" title=\"Buen humor todos los d\u00edas - 1\" onerror=\"this.style.display='none'\" loading=\"lazy\" \/>\n\t<h5>\n\t\t\t\tBuen humor todos los d\u00edas\n\t\t\t<\/h5>\n\t\t\t<ul><li>Tama\u00f1o individual: 13*8,15*4 cm<\/li><li>Tama\u00f1o de la tarjeta: 60 unidades 10*7 cm<\/li><li>Paquete de cajas: 64 juegos\/caja<\/li><li>Tama\u00f1o de la caja: 28*26*33,5 cm<\/li><li>Peso de la caja: 12,5 kg\/caja<\/li><\/ul>\t\n\t\t\t\t<img decoding=\"async\" src=\"https:\/\/www.hicreategames.com\/wp-content\/uploads\/2025\/04\/Buen-humor-todos-los-dias-2.jpg\" alt=\"Buen humor todos los d\u00edas - 2\" itemprop=\"image\" height=\"426\" width=\"640\" title=\"Buen humor todos los d\u00edas - 2\" onerror=\"this.style.display='none'\" loading=\"lazy\" \/>\n\t<h5>\n\t\t\t\tBuen humor todos los d\u00edas\n\t\t\t<\/h5>\n\t\t\t<ul><li>Tama\u00f1o individual: 15*18*4 cm<\/li><li>Tama\u00f1o de la tarjeta: 60 unidades 10*10 cm<\/li><li>Paquete de cajas: 40 juegos\/caja<\/li><li>Tama\u00f1o de la caja: 32*36*40 cm<\/li><li>Peso de la caja: 7 kg\/caja<\/li><\/ul>\t\n\t\t\t\t<img decoding=\"async\" src=\"https:\/\/www.hicreategames.com\/wp-content\/uploads\/2025\/04\/Disfrutar-de-este-momento.jpg\" alt=\"Disfrutar de este momento\" itemprop=\"image\" height=\"426\" width=\"640\" title=\"Disfrutar de este momento\" onerror=\"this.style.display='none'\" loading=\"lazy\" \/>\n\t<h5>\n\t\t\t\tDisfrutar de este momento\n\t\t\t<\/h5>\n\t\t\t<ul><li>Tama\u00f1o de la caja de hojalata: 12,5*9*4 cm<\/li><li>Tama\u00f1o de la tarjeta: 51 unidades 11,5*8 cm<\/li><li>Paquete de cajas: 48 juegos\/caja<\/li><li>Tama\u00f1o de la caja: 28*26*33,5 cm<\/li><li>Peso de la caja: 16,5 kg\/caja<\/li><\/ul>\t\n\t<h3>\n\t\t\t\tCont\u00e1ctanos Ahora\n\t\t\t<\/h3>\n\t\t\t\t<img decoding=\"async\" src=\"https:\/\/www.hicreategames.com\/wp-content\/uploads\/2025\/04\/Tarjetas-de-afirmacion-personalizadas.jpg\" alt=\"Tarjetas de afirmaci\u00f3n personalizadas\" itemprop=\"image\" height=\"500\" width=\"500\" title=\"Tarjetas de afirmaci\u00f3n personalizadas\" onerror=\"this.style.display='none'\" loading=\"lazy\" \/>\n\t\n<div class=\"wpcf7 no-js\" id=\"wpcf7-f3522-o2\" lang=\"es-ES\" dir=\"ltr\" data-wpcf7-id=\"3522\">\n<div class=\"screen-reader-response\"><p role=\"status\" aria-live=\"polite\" aria-atomic=\"true\"><\/p> <ul><\/ul><\/div>\n<form action=\"\/es\/wp-json\/wp\/v2\/pages\/18782#wpcf7-f3522-o2\" method=\"post\" class=\"wpcf7-form init\" aria-label=\"Formulario de contacto\" enctype=\"multipart\/form-data\" novalidate=\"novalidate\" data-status=\"init\">\n<fieldset class=\"hidden-fields-container\"><input type=\"hidden\" name=\"_wpcf7\" value=\"3522\" \/><input type=\"hidden\" name=\"_wpcf7_version\" value=\"6.1.5\" \/><input type=\"hidden\" name=\"_wpcf7_locale\" value=\"es_ES\" \/><input type=\"hidden\" name=\"_wpcf7_unit_tag\" value=\"wpcf7-f3522-o2\" \/><input type=\"hidden\" name=\"_wpcf7_container_post\" value=\"0\" \/><input type=\"hidden\" name=\"_wpcf7_posted_data_hash\" value=\"\" \/><input type=\"hidden\" name=\"_wpcf7_recaptcha_response\" value=\"\" \/>\n<\/fieldset>\n<p><label> Su nombre<br \/>\n<span class=\"wpcf7-form-control-wrap\" data-name=\"your-name\"><input size=\"40\" maxlength=\"400\" class=\"wpcf7-form-control wpcf7-text wpcf7-validates-as-required\" aria-required=\"true\" aria-invalid=\"false\" value=\"\" type=\"text\" name=\"your-name\" \/><\/span> <\/label>\n<\/p>\n<p><label> Tu correo electr\u00f3nico<br \/>\n<span class=\"wpcf7-form-control-wrap\" data-name=\"your-email\"><input size=\"40\" maxlength=\"400\" class=\"wpcf7-form-control wpcf7-email wpcf7-validates-as-required wpcf7-text wpcf7-validates-as-email\" aria-required=\"true\" aria-invalid=\"false\" value=\"\" type=\"email\" name=\"your-email\" \/><\/span> <\/label>\n<\/p>\n<p><label> Cantidad m\u00ednima de pedido<br \/>\n<span class=\"wpcf7-form-control-wrap\" data-name=\"menu-734\"><select class=\"wpcf7-form-control wpcf7-select wpcf7-validates-as-required\" aria-required=\"true\" aria-invalid=\"false\" name=\"menu-734\"><option value=\"\">&#8212;Por favor, elige una opci\u00f3n&#8212;<\/option><option value=\"300\">300<\/option><option value=\"500\">500<\/option><option value=\"1000\">1000<\/option><\/select><\/span> <\/label>\n<\/p>\n<p><label> Tu mensaje<br \/>\n<span class=\"wpcf7-form-control-wrap\" data-name=\"your-message\"><textarea cols=\"40\" rows=\"10\" maxlength=\"2000\" class=\"wpcf7-form-control wpcf7-textarea wpcf7-validates-as-required\" aria-required=\"true\" aria-invalid=\"false\" name=\"your-message\"><\/textarea><\/span> <\/label>\n<\/p>\n<p><label> Tu archivo (opcional)<br \/>\n<span class=\"wpcf7-form-control-wrap\" data-name=\"file-978\"><input size=\"40\" class=\"wpcf7-form-control wpcf7-file\" accept=\"audio\/*,video\/*,image\/*\" aria-invalid=\"false\" type=\"file\" name=\"file-978\" \/><\/span> <\/label>\n<\/p>\n<p><span class=\"wpcf7-form-control-wrap\" data-name=\"quiz-747\"><label><span class=\"wpcf7-quiz-label\">2+6=?<\/span> <input size=\"40\" class=\"wpcf7-form-control wpcf7-quiz\" autocomplete=\"off\" aria-required=\"true\" aria-invalid=\"false\" type=\"text\" name=\"quiz-747\" \/><\/label><input type=\"hidden\" name=\"_wpcf7_quiz_answer_quiz-747\" value=\"34fe0dce70d770da3a4b02c0e1fa88fe\" \/><\/span>\n<\/p>\n<p><input class=\"wpcf7-form-control wpcf7-submit has-spinner\" type=\"submit\" value=\"Entregar\" \/>\n<\/p><div class=\"wpcf7-response-output\" aria-hidden=\"true\"><\/div>\n<\/form>\n<\/div>\n\n\n","protected":false},"excerpt":{"rendered":"<p>Impresi\u00f3n de Tarjetas de Afirmaciones Positivas Nos especializamos en personalizar e imprimir barajas de tarjetas de afirmaci\u00f3n adaptadas a sus necesidades. Nuestros servicios personalizados le permiten elegir entre una amplia variedad de dise\u00f1os, tama\u00f1os, cartulinas, m\u00e9todos de impresi\u00f3n, acabados de superficie y opciones de embalaje, lo que garantiza que sus [&hellip;]<\/p>\n","protected":false},"author":1,"featured_media":0,"parent":0,"menu_order":0,"comment_status":"closed","ping_status":"closed","template":"","meta":{"site-sidebar-layout":"no-sidebar","site-content-layout":"page-builder","ast-site-content-layout":"full-width-container","site-content-style":"unboxed","site-sidebar-style":"unboxed","ast-global-header-display":"","ast-banner-title-visibility":"","ast-main-header-display":"","ast-hfb-above-header-display":"","ast-hfb-below-header-display":"","ast-hfb-mobile-header-display":"","site-post-title":"disabled","ast-breadcrumbs-content":"","ast-featured-img":"disabled","footer-sml-layout":"","ast-disable-related-posts":"","theme-transparent-header-meta":"default","adv-header-id-meta":"","stick-header-meta":"default","header-above-stick-meta":"","header-main-stick-meta":"","header-below-stick-meta":"","astra-migrate-meta-layouts":"default","ast-page-background-enabled":"default","ast-page-background-meta":{"desktop":{"background-color":"","background-image":"","background-repeat":"repeat","background-position":"center center","background-size":"auto","background-attachment":"scroll","background-type":"","background-media":"","overlay-type":"","overlay-color":"","overlay-opacity":"","overlay-gradient":""},"tablet":{"background-color":"","background-image":"","background-repeat":"repeat","background-position":"center center","background-size":"auto","background-attachment":"scroll","background-type":"","background-media":"","overlay-type":"","overlay-color":"","overlay-opacity":"","overlay-gradient":""},"mobile":{"background-color":"","background-image":"","background-repeat":"repeat","background-position":"center center","background-size":"auto","background-attachment":"scroll","background-type":"","background-media":"","overlay-type":"","overlay-color":"","overlay-opacity":"","overlay-gradient":""}},"ast-content-background-meta":{"desktop":{"background-color":"var(--ast-global-color-5)","background-image":"","background-repeat":"repeat","background-position":"center center","background-size":"auto","background-attachment":"scroll","background-type":"","background-media":"","overlay-type":"","overlay-color":"","overlay-opacity":"","overlay-gradient":""},"tablet":{"background-color":"var(--ast-global-color-5)","background-image":"","background-repeat":"repeat","background-position":"center center","background-size":"auto","background-attachment":"scroll","background-type":"","background-media":"","overlay-type":"","overlay-color":"","overlay-opacity":"","overlay-gradient":""},"mobile":{"background-color":"var(--ast-global-color-5)","background-image":"","background-repeat":"repeat","background-position":"center center","background-size":"auto","background-attachment":"scroll","background-type":"","background-media":"","overlay-type":"","overlay-color":"","overlay-opacity":"","overlay-gradient":""}},"footnotes":""},"class_list":["post-18782","page","type-page","status-publish","hentry"],"_links":{"self":[{"href":"https:\/\/www.hicreategames.com\/es\/wp-json\/wp\/v2\/pages\/18782","targetHints":{"allow":["GET"]}}],"collection":[{"href":"https:\/\/www.hicreategames.com\/es\/wp-json\/wp\/v2\/pages"}],"about":[{"href":"https:\/\/www.hicreategames.com\/es\/wp-json\/wp\/v2\/types\/page"}],"author":[{"embeddable":true,"href":"https:\/\/www.hicreategames.com\/es\/wp-json\/wp\/v2\/users\/1"}],"replies":[{"embeddable":true,"href":"https:\/\/www.hicreategames.com\/es\/wp-json\/wp\/v2\/comments?post=18782"}],"version-history":[{"count":3,"href":"https:\/\/www.hicreategames.com\/es\/wp-json\/wp\/v2\/pages\/18782\/revisions"}],"predecessor-version":[{"id":24729,"href":"https:\/\/www.hicreategames.com\/es\/wp-json\/wp\/v2\/pages\/18782\/revisions\/24729"}],"wp:attachment":[{"href":"https:\/\/www.hicreategames.com\/es\/wp-json\/wp\/v2\/media?parent=18782"}],"curies":[{"name":"wp","href":"https:\/\/api.w.org\/{rel}","templated":true}]}}