{"id":19407,"date":"2025-04-02T06:58:37","date_gmt":"2025-04-02T06:58:37","guid":{"rendered":"https:\/\/www.hicreategames.com\/dobble-personalizado\/"},"modified":"2025-08-25T11:00:15","modified_gmt":"2025-08-25T11:00:15","slug":"dobble-personalizado","status":"publish","type":"page","link":"https:\/\/www.hicreategames.com\/es\/dobble-personalizado\/","title":{"rendered":"Dobble Personalizado"},"content":{"rendered":"\n\n\t<h2>\n\t\t\t\tDobble Personalizado \n\t\t\t<\/h2>\n\t<p>Personalizar el cl\u00e1sico Dobble en versiones personalizadas puede ser un proyecto divertido y creativo.<\/p>\n\t\t\t<a href=\"#\" role=\"button\">\n\t\t\t\t\t\t\tSolicite un Presupuesto\n\t\t\t\t\t<\/a>\n\t\t\t\n<div class=\"wpcf7 no-js\" id=\"wpcf7-f3522-o1\" lang=\"es-ES\" dir=\"ltr\" data-wpcf7-id=\"3522\">\n<div class=\"screen-reader-response\"><p role=\"status\" aria-live=\"polite\" aria-atomic=\"true\"><\/p> <ul><\/ul><\/div>\n<form action=\"\/es\/wp-json\/wp\/v2\/pages\/19407#wpcf7-f3522-o1\" method=\"post\" class=\"wpcf7-form init\" aria-label=\"Formulario de contacto\" enctype=\"multipart\/form-data\" novalidate=\"novalidate\" data-status=\"init\">\n<fieldset class=\"hidden-fields-container\"><input type=\"hidden\" name=\"_wpcf7\" value=\"3522\" \/><input type=\"hidden\" name=\"_wpcf7_version\" value=\"6.1.5\" \/><input type=\"hidden\" name=\"_wpcf7_locale\" value=\"es_ES\" \/><input type=\"hidden\" name=\"_wpcf7_unit_tag\" value=\"wpcf7-f3522-o1\" \/><input type=\"hidden\" name=\"_wpcf7_container_post\" value=\"0\" \/><input type=\"hidden\" name=\"_wpcf7_posted_data_hash\" value=\"\" \/><input type=\"hidden\" name=\"_wpcf7_recaptcha_response\" value=\"\" \/>\n<\/fieldset>\n<p><label> Su nombre<br \/>\n<span class=\"wpcf7-form-control-wrap\" data-name=\"your-name\"><input size=\"40\" maxlength=\"400\" class=\"wpcf7-form-control wpcf7-text wpcf7-validates-as-required\" aria-required=\"true\" aria-invalid=\"false\" value=\"\" type=\"text\" name=\"your-name\" \/><\/span> <\/label>\n<\/p>\n<p><label> Tu correo electr\u00f3nico<br \/>\n<span class=\"wpcf7-form-control-wrap\" data-name=\"your-email\"><input size=\"40\" maxlength=\"400\" class=\"wpcf7-form-control wpcf7-email wpcf7-validates-as-required wpcf7-text wpcf7-validates-as-email\" aria-required=\"true\" aria-invalid=\"false\" value=\"\" type=\"email\" name=\"your-email\" \/><\/span> <\/label>\n<\/p>\n<p><label> Cantidad m\u00ednima de pedido<br \/>\n<span class=\"wpcf7-form-control-wrap\" data-name=\"menu-734\"><select class=\"wpcf7-form-control wpcf7-select wpcf7-validates-as-required\" aria-required=\"true\" aria-invalid=\"false\" name=\"menu-734\"><option value=\"\">&#8212;Por favor, elige una opci\u00f3n&#8212;<\/option><option value=\"300\">300<\/option><option value=\"500\">500<\/option><option value=\"1000\">1000<\/option><\/select><\/span> <\/label>\n<\/p>\n<p><label> Tu mensaje<br \/>\n<span class=\"wpcf7-form-control-wrap\" data-name=\"your-message\"><textarea cols=\"40\" rows=\"10\" maxlength=\"2000\" class=\"wpcf7-form-control wpcf7-textarea wpcf7-validates-as-required\" aria-required=\"true\" aria-invalid=\"false\" name=\"your-message\"><\/textarea><\/span> <\/label>\n<\/p>\n<p><label> Tu archivo (opcional)<br \/>\n<span class=\"wpcf7-form-control-wrap\" data-name=\"file-978\"><input size=\"40\" class=\"wpcf7-form-control wpcf7-file\" accept=\"audio\/*,video\/*,image\/*\" aria-invalid=\"false\" type=\"file\" name=\"file-978\" \/><\/span> <\/label>\n<\/p>\n<p><span class=\"wpcf7-form-control-wrap\" data-name=\"quiz-747\"><label><span class=\"wpcf7-quiz-label\">2+6=?<\/span> <input size=\"40\" class=\"wpcf7-form-control wpcf7-quiz\" autocomplete=\"off\" aria-required=\"true\" aria-invalid=\"false\" type=\"text\" name=\"quiz-747\" \/><\/label><input type=\"hidden\" name=\"_wpcf7_quiz_answer_quiz-747\" value=\"34fe0dce70d770da3a4b02c0e1fa88fe\" \/><\/span>\n<\/p>\n<p><input class=\"wpcf7-form-control wpcf7-submit has-spinner\" type=\"submit\" value=\"Entregar\" \/>\n<\/p><div class=\"wpcf7-response-output\" aria-hidden=\"true\"><\/div>\n<\/form>\n<\/div>\n\t\t\n<h3>\n\t\t\t\u00bfQu\u00e9 podemos personalizar para tu juego Dobble? \t<\/h3>\n\t\t\t\t<img decoding=\"async\" src=\"https:\/\/www.hicreategames.com\/wp-content\/uploads\/2025\/04\/Tarjetas-Dobble.jpg\" alt=\"Tarjetas Dobble\" itemprop=\"image\" height=\"426\" width=\"640\" title=\"Tarjetas Dobble\" onerror=\"this.style.display='none'\" loading=\"lazy\" \/>\n\t<h5>\n\t\t\t\tTarjetas circulares\n\t\t\t<\/h5>\n\t\t\t<p>Podemos personalizar el n\u00famero, el tama\u00f1o, el dise\u00f1o, el cart\u00f3n y el acabado de las cartas circulares, lo que te permite elegir s\u00edmbolos, colores e ilustraciones \u00fanicos que se adapten a tu tema o marca.<\/p>\t\n\t\t\t\t<img decoding=\"async\" src=\"https:\/\/www.hicreategames.com\/wp-content\/uploads\/2025\/04\/Simbolos-Dobble.jpg\" alt=\"S\u00edmbolos Dobble\" itemprop=\"image\" height=\"426\" width=\"640\" title=\"S\u00edmbolos Dobble\" onerror=\"this.style.display='none'\" loading=\"lazy\" \/>\n\t<h5>\n\t\t\t\tS\u00edmbolos\n\t\t\t<\/h5>\n\t\t\t<p>Ofrecemos la flexibilidad de crear s\u00edmbolos personalizados que se adapten al tema de tu juego. Tanto si deseas ilustraciones o logotipos \u00fanicos, podemos dise\u00f1arlos e imprimirlos en las cartas. <\/p>\n\t\t\t\t<img decoding=\"async\" src=\"https:\/\/www.hicreategames.com\/wp-content\/uploads\/2025\/04\/Caja-metalica-Dobble.jpg\" alt=\"Caja met\u00e1lica Dobble\" itemprop=\"image\" height=\"426\" width=\"640\" title=\"Caja met\u00e1lica Dobble\" onerror=\"this.style.display='none'\" loading=\"lazy\" \/>\n\t<h5>\n\t\t\t\tCaja de hojalata\n\t\t\t<\/h5>\n\t\t\t<p>Nuestras cajas de hojalata personalizadas se pueden personalizar con logotipos, gr\u00e1ficos y elementos de marca. Puedes seleccionar el dise\u00f1o, el acabado y los colores de la caja para que se adapten a la est\u00e9tica general del juego. <\/p>\n\t<h3>\n\t\t\t\tVersiones de personajes\n\t\t\t<\/h3>\n\t\t\t<p>Estas variaciones tem\u00e1ticas del juego Dobble a\u00f1adir\u00edan giros divertidos en funci\u00f3n de los intereses de los jugadores, haci\u00e9ndolo a\u00fan m\u00e1s atractivo.<\/p>\t\n\t\t\t\t<img decoding=\"async\" src=\"https:\/\/www.hicreategames.com\/wp-content\/uploads\/2025\/04\/Animales-Dobble.jpg\" alt=\"Animales Dobble\" itemprop=\"image\" height=\"426\" width=\"640\" title=\"Animales Dobble\" onerror=\"this.style.display='none'\" loading=\"lazy\" \/>\n\t<h5>\n\t\t\t\tAnimales Dobble\n\t\t\t<\/h5>\n\t\t\t<p>Los s\u00edmbolos de las cartas son diversos animales. Los jugadores deben encontrar animales iguales, como un le\u00f3n, un elefante o un delf\u00edn, para emparejarlos con el mismo animal de otra carta. <\/p>\t\n\t\t\t\t<img decoding=\"async\" src=\"https:\/\/www.hicreategames.com\/wp-content\/uploads\/2025\/04\/Alfabetos-Dobble.jpg\" alt=\"Alfabetos Dobble\" itemprop=\"image\" height=\"426\" width=\"640\" title=\"Alfabetos Dobble\" onerror=\"this.style.display='none'\" loading=\"lazy\" \/>\n\t<h5>\n\t\t\t\tAlfabetos Dobble\n\t\t\t<\/h5>\n\t\t\t<p>Cada carta contiene letras del alfabeto, y el objetivo es emparejar las letras con otra carta. \u00a1Se pueden incluir letras may\u00fasculas y min\u00fasculas para a\u00f1adir m\u00e1s dificultad! <\/p>\t\n\t\t\t\t<img decoding=\"async\" src=\"https:\/\/www.hicreategames.com\/wp-content\/uploads\/2025\/04\/Animes-Dibujos-Dobble.jpg\" alt=\"Animes Dibujos Dobble\" itemprop=\"image\" height=\"426\" width=\"640\" title=\"Animes Dibujos Dobble\" onerror=\"this.style.display='none'\" loading=\"lazy\" \/>\n\t<h5>\n\t\t\t\tAnimes\/Dibujos animados Dobble\n\t\t\t<\/h5>\n\t\t\t<p>Personajes como Paw Patrol, Pok\u00e9mon o las princesas de Frozen, de populares series de anime o dibujos animados. \u00a1Los jugadores deben emparejar personajes de la misma serie o programa! <\/p>\t\n\t<h3>\n\t\t\t\tVersiones deportivas\n\t\t\t<\/h3>\n\t\t\t<p>Crear versiones con tem\u00e1tica deportiva puede hacer que el juego sea m\u00e1s atractivo para los aficionados a diferentes deportes. Aqu\u00ed tienes algunas ideas para versiones de f\u00fatbol, hockey y b\u00e9isbol: <\/p>\n\t\t\t\t<img decoding=\"async\" src=\"https:\/\/www.hicreategames.com\/wp-content\/uploads\/2025\/04\/Futbol-Dobble.jpg\" alt=\"F\u00fatbol Dobble\" itemprop=\"image\" height=\"426\" width=\"640\" title=\"F\u00fatbol Dobble\" onerror=\"this.style.display='none'\" loading=\"lazy\" \/>\n\t<h5>\n\t\t\t\tF\u00fatbol Dobble\n\t\t\t<\/h5>\n\t\t\t<ul><li><strong>S\u00edmbolos<\/strong>: bal\u00f3n de f\u00fatbol, casco, porter\u00eda, silbato, escudo del equipo, n\u00famero de camiseta, \u00e1rbitro, animadora, diagrama de juego, trofeo<\/li><li><strong>Cartas Especiales<\/strong>: Touchdown, Fumble, Ave Mar\u00eda<\/li><li><strong>Tema<\/strong>: Dise\u00f1os de f\u00fatbol americano universitario o de la NFL<\/li><\/ul>\t\n\t\t\t\t<img decoding=\"async\" src=\"https:\/\/www.hicreategames.com\/wp-content\/uploads\/2025\/04\/Dobble-de-Hockey.jpg\" alt=\"Dobble de Hockey\" itemprop=\"image\" height=\"426\" width=\"640\" title=\"Dobble de Hockey\" onerror=\"this.style.display='none'\" loading=\"lazy\" \/>\n\t<h5>\n\t\t\t\tDobble de Hockey\n\t\t\t<\/h5>\n\t\t\t<ul><li><strong>S\u00edmbolos<\/strong>: stick de hockey, disco, m\u00e1scara de portero, pista de hielo, c\u00edrculo de saque, Zamboni, icono de power play, \u00e1rbitro, camiseta, Stanley Cup<\/li><li><strong>Tarjetas especiales<\/strong>: Hat Trick, Penalti, Tiempo extra<\/li><li><strong>Tema<\/strong>: NHL, ligas ol\u00edmpicas o locales<\/li><\/ul>\t\n\t\t\t\t<img decoding=\"async\" src=\"https:\/\/www.hicreategames.com\/wp-content\/uploads\/2025\/04\/Dobble-de-Beisbol.jpg\" alt=\"Dobble de B\u00e9isbol\" itemprop=\"image\" height=\"426\" width=\"640\" title=\"Dobble de B\u00e9isbol\" onerror=\"this.style.display='none'\" loading=\"lazy\" \/>\n\t<h5>\n\t\t\t\tDobble de B\u00e9isbol\n\t\t\t<\/h5>\n\t\t\t<ul><li><strong>S\u00edmbolos<\/strong>: pelota de b\u00e9isbol, bate, guante, home plate, mont\u00edculo del lanzador, marcador, \u00e1rbitro, perrito caliente, banquillo, anillo de campe\u00f3n<\/li><li><strong>Cartas Especiales<\/strong>: Grand Slam, Home Run, Strikeout<\/li><li><strong>Tema<\/strong>: MLB o Peque\u00f1as Ligas<\/li><\/ul>\t\n\t<h3>\n\t\t\t\tVersiones de vacaciones\n\t\t\t<\/h3>\n\t\t\t<p>Las versiones tem\u00e1ticas de Dobble pueden hacer que el juego sea m\u00e1s festivo para ocasiones especiales. En estas versiones, los s\u00edmbolos habituales se sustituyen por im\u00e1genes relacionadas con las fiestas. Estas son algunas de nuestras ideas para versiones festivas de Dobble:  <\/p>\t\n\t\t\t\t<img decoding=\"async\" src=\"https:\/\/www.hicreategames.com\/wp-content\/uploads\/2025\/04\/Dobble-de-Navidad.jpg\" alt=\"Dobble de Navidad\" itemprop=\"image\" height=\"426\" width=\"640\" title=\"Dobble de Navidad\" onerror=\"this.style.display='none'\" loading=\"lazy\" \/>\n\t<h5>\n\t\t\t\tDobble de Navidad\n\t\t\t<\/h5>\n\t\t\t<p>Utiliza s\u00edmbolos como Pap\u00e1 Noel, renos, \u00e1rboles de Navidad, copos de nieve, bastones de caramelo, calcetines, mu\u00f1ecos de nieve, adornos, hombrecitos de jengibre, regalos, mu\u00e9rdago y coronas navide\u00f1as. A\u00f1ade elementos brillantes o met\u00e1licos dorados al dise\u00f1o para darle un toque festivo. <\/p>\t\n\t\t\t\t<img decoding=\"async\" src=\"https:\/\/www.hicreategames.com\/wp-content\/uploads\/2025\/04\/Dobble-de-Halloween.jpg\" alt=\"Dobble de Halloween\" itemprop=\"image\" height=\"426\" width=\"640\" title=\"Dobble de Halloween\" onerror=\"this.style.display='none'\" loading=\"lazy\" \/>\n\t<h5>\n\t\t\t\tDobble de Halloween\n\t\t\t<\/h5>\n\t\t\t<p>Utiliza elementos de Halloween como calabazas, fantasmas, sombreros de bruja, gatos negros, telara\u00f1as, calderos, murci\u00e9lagos, calaveras, escobas, vampiros, ojos y l\u00e1pidas. A\u00f1ade toques especiales como fondos de cartas que brillan en la oscuridad o con motivos espeluznantes. <\/p>\t\n\t\t\t\t<img decoding=\"async\" src=\"https:\/\/www.hicreategames.com\/wp-content\/uploads\/2025\/04\/Dobble-de-Pascua.jpg\" alt=\"Dobble de Pascua\" itemprop=\"image\" height=\"426\" width=\"640\" title=\"Dobble de Pascua\" onerror=\"this.style.display='none'\" loading=\"lazy\" \/>\n\t<h5>\n\t\t\t\tDobble de Pascua\n\t\t\t<\/h5>\n\t\t\t<p>Sustituidos por s\u00edmbolos de Pascua, como el conejo de Pascua, huevos decorados, pollitos, cestas, tulipanes, conejitos de chocolate, mariposas, arco\u00edris, corderitos, gorros de Pascua y gominolas. Dise\u00f1ado con fondos en colores pastel y bordes con motivos primaverales. <\/p>\t\n\t<h3>\n\t\t\t\tCont\u00e1ctanos Ahora\n\t\t\t<\/h3>\n\t\t\t\t<img decoding=\"async\" src=\"https:\/\/www.hicreategames.com\/wp-content\/uploads\/2025\/04\/Dobble-Juego-Mesa.jpg\" alt=\"Dobble Juego Mesa\" itemprop=\"image\" height=\"600\" width=\"600\" title=\"Dobble Juego Mesa\" onerror=\"this.style.display='none'\" loading=\"lazy\" \/>\n\t\n<div class=\"wpcf7 no-js\" id=\"wpcf7-f3522-o2\" lang=\"es-ES\" dir=\"ltr\" data-wpcf7-id=\"3522\">\n<div class=\"screen-reader-response\"><p role=\"status\" aria-live=\"polite\" aria-atomic=\"true\"><\/p> <ul><\/ul><\/div>\n<form action=\"\/es\/wp-json\/wp\/v2\/pages\/19407#wpcf7-f3522-o2\" method=\"post\" class=\"wpcf7-form init\" aria-label=\"Formulario de contacto\" enctype=\"multipart\/form-data\" novalidate=\"novalidate\" data-status=\"init\">\n<fieldset class=\"hidden-fields-container\"><input type=\"hidden\" name=\"_wpcf7\" value=\"3522\" \/><input type=\"hidden\" name=\"_wpcf7_version\" value=\"6.1.5\" \/><input type=\"hidden\" name=\"_wpcf7_locale\" value=\"es_ES\" \/><input type=\"hidden\" name=\"_wpcf7_unit_tag\" value=\"wpcf7-f3522-o2\" \/><input type=\"hidden\" name=\"_wpcf7_container_post\" value=\"0\" \/><input type=\"hidden\" name=\"_wpcf7_posted_data_hash\" value=\"\" \/><input type=\"hidden\" name=\"_wpcf7_recaptcha_response\" value=\"\" \/>\n<\/fieldset>\n<p><label> Su nombre<br \/>\n<span class=\"wpcf7-form-control-wrap\" data-name=\"your-name\"><input size=\"40\" maxlength=\"400\" class=\"wpcf7-form-control wpcf7-text wpcf7-validates-as-required\" aria-required=\"true\" aria-invalid=\"false\" value=\"\" type=\"text\" name=\"your-name\" \/><\/span> <\/label>\n<\/p>\n<p><label> Tu correo electr\u00f3nico<br \/>\n<span class=\"wpcf7-form-control-wrap\" data-name=\"your-email\"><input size=\"40\" maxlength=\"400\" class=\"wpcf7-form-control wpcf7-email wpcf7-validates-as-required wpcf7-text wpcf7-validates-as-email\" aria-required=\"true\" aria-invalid=\"false\" value=\"\" type=\"email\" name=\"your-email\" \/><\/span> <\/label>\n<\/p>\n<p><label> Cantidad m\u00ednima de pedido<br \/>\n<span class=\"wpcf7-form-control-wrap\" data-name=\"menu-734\"><select class=\"wpcf7-form-control wpcf7-select wpcf7-validates-as-required\" aria-required=\"true\" aria-invalid=\"false\" name=\"menu-734\"><option value=\"\">&#8212;Por favor, elige una opci\u00f3n&#8212;<\/option><option value=\"300\">300<\/option><option value=\"500\">500<\/option><option value=\"1000\">1000<\/option><\/select><\/span> <\/label>\n<\/p>\n<p><label> Tu mensaje<br \/>\n<span class=\"wpcf7-form-control-wrap\" data-name=\"your-message\"><textarea cols=\"40\" rows=\"10\" maxlength=\"2000\" class=\"wpcf7-form-control wpcf7-textarea wpcf7-validates-as-required\" aria-required=\"true\" aria-invalid=\"false\" name=\"your-message\"><\/textarea><\/span> <\/label>\n<\/p>\n<p><label> Tu archivo (opcional)<br \/>\n<span class=\"wpcf7-form-control-wrap\" data-name=\"file-978\"><input size=\"40\" class=\"wpcf7-form-control wpcf7-file\" accept=\"audio\/*,video\/*,image\/*\" aria-invalid=\"false\" type=\"file\" name=\"file-978\" \/><\/span> <\/label>\n<\/p>\n<p><span class=\"wpcf7-form-control-wrap\" data-name=\"quiz-747\"><label><span class=\"wpcf7-quiz-label\">2+6=?<\/span> <input size=\"40\" class=\"wpcf7-form-control wpcf7-quiz\" autocomplete=\"off\" aria-required=\"true\" aria-invalid=\"false\" type=\"text\" name=\"quiz-747\" \/><\/label><input type=\"hidden\" name=\"_wpcf7_quiz_answer_quiz-747\" value=\"34fe0dce70d770da3a4b02c0e1fa88fe\" \/><\/span>\n<\/p>\n<p><input class=\"wpcf7-form-control wpcf7-submit has-spinner\" type=\"submit\" value=\"Entregar\" \/>\n<\/p><div class=\"wpcf7-response-output\" aria-hidden=\"true\"><\/div>\n<\/form>\n<\/div>\n\n\n","protected":false},"excerpt":{"rendered":"<p>Dobble Personalizado Personalizar el cl\u00e1sico Dobble en versiones personalizadas puede ser un proyecto divertido y creativo. Solicite un Presupuesto \u00bfQu\u00e9 podemos personalizar para tu juego Dobble? Tarjetas circulares Podemos personalizar el n\u00famero, el tama\u00f1o, el dise\u00f1o, el cart\u00f3n y el acabado de las cartas circulares, lo que te permite elegir [&hellip;]<\/p>\n","protected":false},"author":1,"featured_media":0,"parent":0,"menu_order":0,"comment_status":"closed","ping_status":"closed","template":"","meta":{"site-sidebar-layout":"no-sidebar","site-content-layout":"page-builder","ast-site-content-layout":"full-width-container","site-content-style":"unboxed","site-sidebar-style":"unboxed","ast-global-header-display":"","ast-banner-title-visibility":"","ast-main-header-display":"","ast-hfb-above-header-display":"","ast-hfb-below-header-display":"","ast-hfb-mobile-header-display":"","site-post-title":"disabled","ast-breadcrumbs-content":"","ast-featured-img":"disabled","footer-sml-layout":"","ast-disable-related-posts":"","theme-transparent-header-meta":"default","adv-header-id-meta":"","stick-header-meta":"default","header-above-stick-meta":"","header-main-stick-meta":"","header-below-stick-meta":"","astra-migrate-meta-layouts":"default","ast-page-background-enabled":"default","ast-page-background-meta":{"desktop":{"background-color":"","background-image":"","background-repeat":"repeat","background-position":"center center","background-size":"auto","background-attachment":"scroll","background-type":"","background-media":"","overlay-type":"","overlay-color":"","overlay-opacity":"","overlay-gradient":""},"tablet":{"background-color":"","background-image":"","background-repeat":"repeat","background-position":"center center","background-size":"auto","background-attachment":"scroll","background-type":"","background-media":"","overlay-type":"","overlay-color":"","overlay-opacity":"","overlay-gradient":""},"mobile":{"background-color":"","background-image":"","background-repeat":"repeat","background-position":"center center","background-size":"auto","background-attachment":"scroll","background-type":"","background-media":"","overlay-type":"","overlay-color":"","overlay-opacity":"","overlay-gradient":""}},"ast-content-background-meta":{"desktop":{"background-color":"var(--ast-global-color-5)","background-image":"","background-repeat":"repeat","background-position":"center center","background-size":"auto","background-attachment":"scroll","background-type":"","background-media":"","overlay-type":"","overlay-color":"","overlay-opacity":"","overlay-gradient":""},"tablet":{"background-color":"var(--ast-global-color-5)","background-image":"","background-repeat":"repeat","background-position":"center center","background-size":"auto","background-attachment":"scroll","background-type":"","background-media":"","overlay-type":"","overlay-color":"","overlay-opacity":"","overlay-gradient":""},"mobile":{"background-color":"var(--ast-global-color-5)","background-image":"","background-repeat":"repeat","background-position":"center center","background-size":"auto","background-attachment":"scroll","background-type":"","background-media":"","overlay-type":"","overlay-color":"","overlay-opacity":"","overlay-gradient":""}},"footnotes":""},"class_list":["post-19407","page","type-page","status-publish","hentry"],"_links":{"self":[{"href":"https:\/\/www.hicreategames.com\/es\/wp-json\/wp\/v2\/pages\/19407","targetHints":{"allow":["GET"]}}],"collection":[{"href":"https:\/\/www.hicreategames.com\/es\/wp-json\/wp\/v2\/pages"}],"about":[{"href":"https:\/\/www.hicreategames.com\/es\/wp-json\/wp\/v2\/types\/page"}],"author":[{"embeddable":true,"href":"https:\/\/www.hicreategames.com\/es\/wp-json\/wp\/v2\/users\/1"}],"replies":[{"embeddable":true,"href":"https:\/\/www.hicreategames.com\/es\/wp-json\/wp\/v2\/comments?post=19407"}],"version-history":[{"count":3,"href":"https:\/\/www.hicreategames.com\/es\/wp-json\/wp\/v2\/pages\/19407\/revisions"}],"predecessor-version":[{"id":24736,"href":"https:\/\/www.hicreategames.com\/es\/wp-json\/wp\/v2\/pages\/19407\/revisions\/24736"}],"wp:attachment":[{"href":"https:\/\/www.hicreategames.com\/es\/wp-json\/wp\/v2\/media?parent=19407"}],"curies":[{"name":"wp","href":"https:\/\/api.w.org\/{rel}","templated":true}]}}