{"id":20182,"date":"2024-12-15T08:50:31","date_gmt":"2024-12-15T08:50:31","guid":{"rendered":"https:\/\/www.hicreategames.com\/juego-de-cartas-para-beber\/"},"modified":"2025-08-26T03:35:03","modified_gmt":"2025-08-26T03:35:03","slug":"juego-de-cartas-para-beber","status":"publish","type":"page","link":"https:\/\/www.hicreategames.com\/es\/juego-de-cartas-para-beber\/","title":{"rendered":"Juego de Cartas para Beber"},"content":{"rendered":"\n\n\t<h2>\n\t\t\t\tJuego de Cartas para Beber\n\t\t\t<\/h2>\n\t<p>Nos especializamos en crear juegos de cartas para beber personalizados y de alta calidad, adaptados a tu tema y estilo \u00fanicos. <\/p>\n<p>Con infinitas opciones de personalizaci\u00f3n, materiales duraderos y soluciones profesionales de impresi\u00f3n y embalaje, nos aseguramos de que tu juego de cartas para beber destaque en cualquier fiesta, evento o reuni\u00f3n.<\/p>\n\t\t\t<a href=\"#\" role=\"button\">\n\t\t\t\t\t\t\tSolicite un Presupuesto\n\t\t\t\t\t<\/a>\n\t\t\t\n<div class=\"wpcf7 no-js\" id=\"wpcf7-f3522-o1\" lang=\"es-ES\" dir=\"ltr\" data-wpcf7-id=\"3522\">\n<div class=\"screen-reader-response\"><p role=\"status\" aria-live=\"polite\" aria-atomic=\"true\"><\/p> <ul><\/ul><\/div>\n<form action=\"\/es\/wp-json\/wp\/v2\/pages\/20182#wpcf7-f3522-o1\" method=\"post\" class=\"wpcf7-form init\" aria-label=\"Formulario de contacto\" enctype=\"multipart\/form-data\" novalidate=\"novalidate\" data-status=\"init\">\n<fieldset class=\"hidden-fields-container\"><input type=\"hidden\" name=\"_wpcf7\" value=\"3522\" \/><input type=\"hidden\" name=\"_wpcf7_version\" value=\"6.1.5\" \/><input type=\"hidden\" name=\"_wpcf7_locale\" value=\"es_ES\" \/><input type=\"hidden\" name=\"_wpcf7_unit_tag\" value=\"wpcf7-f3522-o1\" \/><input type=\"hidden\" name=\"_wpcf7_container_post\" value=\"0\" \/><input type=\"hidden\" name=\"_wpcf7_posted_data_hash\" value=\"\" \/><input type=\"hidden\" name=\"_wpcf7_recaptcha_response\" value=\"\" \/>\n<\/fieldset>\n<p><label> Su nombre<br \/>\n<span class=\"wpcf7-form-control-wrap\" data-name=\"your-name\"><input size=\"40\" maxlength=\"400\" class=\"wpcf7-form-control wpcf7-text wpcf7-validates-as-required\" aria-required=\"true\" aria-invalid=\"false\" value=\"\" type=\"text\" name=\"your-name\" \/><\/span> <\/label>\n<\/p>\n<p><label> Tu correo electr\u00f3nico<br \/>\n<span class=\"wpcf7-form-control-wrap\" data-name=\"your-email\"><input size=\"40\" maxlength=\"400\" class=\"wpcf7-form-control wpcf7-email wpcf7-validates-as-required wpcf7-text wpcf7-validates-as-email\" aria-required=\"true\" aria-invalid=\"false\" value=\"\" type=\"email\" name=\"your-email\" \/><\/span> <\/label>\n<\/p>\n<p><label> Cantidad m\u00ednima de pedido<br \/>\n<span class=\"wpcf7-form-control-wrap\" data-name=\"menu-734\"><select class=\"wpcf7-form-control wpcf7-select wpcf7-validates-as-required\" aria-required=\"true\" aria-invalid=\"false\" name=\"menu-734\"><option value=\"\">&#8212;Por favor, elige una opci\u00f3n&#8212;<\/option><option value=\"300\">300<\/option><option value=\"500\">500<\/option><option value=\"1000\">1000<\/option><\/select><\/span> <\/label>\n<\/p>\n<p><label> Tu mensaje<br \/>\n<span class=\"wpcf7-form-control-wrap\" data-name=\"your-message\"><textarea cols=\"40\" rows=\"10\" maxlength=\"2000\" class=\"wpcf7-form-control wpcf7-textarea wpcf7-validates-as-required\" aria-required=\"true\" aria-invalid=\"false\" name=\"your-message\"><\/textarea><\/span> <\/label>\n<\/p>\n<p><label> Tu archivo (opcional)<br \/>\n<span class=\"wpcf7-form-control-wrap\" data-name=\"file-978\"><input size=\"40\" class=\"wpcf7-form-control wpcf7-file\" accept=\"audio\/*,video\/*,image\/*\" aria-invalid=\"false\" type=\"file\" name=\"file-978\" \/><\/span> <\/label>\n<\/p>\n<p><span class=\"wpcf7-form-control-wrap\" data-name=\"quiz-747\"><label><span class=\"wpcf7-quiz-label\">2+6=?<\/span> <input size=\"40\" class=\"wpcf7-form-control wpcf7-quiz\" autocomplete=\"off\" aria-required=\"true\" aria-invalid=\"false\" type=\"text\" name=\"quiz-747\" \/><\/label><input type=\"hidden\" name=\"_wpcf7_quiz_answer_quiz-747\" value=\"34fe0dce70d770da3a4b02c0e1fa88fe\" \/><\/span>\n<\/p>\n<p><input class=\"wpcf7-form-control wpcf7-submit has-spinner\" type=\"submit\" value=\"Entregar\" \/>\n<\/p><div class=\"wpcf7-response-output\" aria-hidden=\"true\"><\/div>\n<\/form>\n<\/div>\n\t\t\n<h3>\n\t\t\tOpciones de personalizaci\u00f3n para tu juego de beber\t<\/h3>\n\t\t\t\t<img decoding=\"async\" src=\"https:\/\/www.hicreategames.com\/wp-content\/uploads\/2025\/04\/Temas-del-Juego-de-Cartas-para-Beber.jpg\" alt=\"Temas del Juego de Cartas para Beber\" itemprop=\"image\" height=\"426\" width=\"640\" title=\"Temas del Juego de Cartas para Beber\" onerror=\"this.style.display='none'\" loading=\"lazy\" \/>\n\t<h5>\n\t\t\t\tTemas y conceptos\n\t\t\t<\/h5>\n\t\t\t<p>Contamos con una amplia gama de temas, desde humor para fiestas hasta aventuras fant\u00e1sticas, adaptados a tu evento, marca o conceptos narrativos \u00fanicos.<\/p>\n\t\t\t\t<img decoding=\"async\" src=\"https:\/\/www.hicreategames.com\/wp-content\/uploads\/2025\/04\/Diseno-de-Cartas-para-Beber.jpg\" alt=\"Dise\u00f1o de Cartas para Beber\" itemprop=\"image\" height=\"426\" width=\"640\" title=\"Dise\u00f1o de Cartas para Beber\" onerror=\"this.style.display='none'\" loading=\"lazy\" \/>\n\t<h5>\n\t\t\t\tDise\u00f1o e ilustraci\u00f3n de tarjetas\n\t\t\t<\/h5>\n\t\t\t<p>Nuestro equipo crea impresionantes dise\u00f1os de cartas con ilustraciones personalizadas, colores vibrantes y estilos \u00fanicos, asegurando que cada carta se ajuste a tu visi\u00f3n creativa.<\/p>\n\t\t\t\t<img decoding=\"async\" src=\"https:\/\/www.hicreategames.com\/wp-content\/uploads\/2025\/04\/Tipos-de-Cartas-para-Beber.jpg\" alt=\"Tipos de Cartas para Beber\" itemprop=\"image\" height=\"426\" width=\"640\" title=\"Tipos de Cartas para Beber\" onerror=\"this.style.display='none'\" loading=\"lazy\" \/>\n\t<h5>\n\t\t\t\tTipos de tarjetas\n\t\t\t<\/h5>\n\t\t\t<p>Ofrecemos una gran variedad de tarjetas personalizadas relacionadas con la bebida, incluyendo tarjetas de desaf\u00edo, tarjetas de acci\u00f3n para beber, tarjetas de trivia, tarjetas de salto y tarjetas de reverso.<\/p>\n\t\t\t\t<img decoding=\"async\" src=\"https:\/\/www.hicreategames.com\/wp-content\/uploads\/2025\/04\/Reglas-del-Juego-de-Cartas-para-Beber.jpg\" alt=\"Reglas del Juego de Cartas para Beber\" itemprop=\"image\" height=\"426\" width=\"640\" title=\"Reglas del Juego de Cartas para Beber\" onerror=\"this.style.display='none'\" loading=\"lazy\" \/>\n\t<h5>\n\t\t\t\tReglas y acciones del juego\n\t\t\t<\/h5>\n\t\t\t<p>Simplifica ideas complejas en mec\u00e1nicas de juego atractivas. Ofrecemos un servicio de personalizaci\u00f3n de reglas y acciones, asegurando que se ajusten a tu estilo de juego deseado. <\/p>\n\t\t\t\t<img decoding=\"async\" src=\"https:\/\/www.hicreategames.com\/wp-content\/uploads\/2025\/04\/Componentes-del-Juego-de-Cartas-para-Beber.jpg\" alt=\"Componentes del Juego de Cartas para Beber\" itemprop=\"image\" height=\"426\" width=\"640\" title=\"Componentes del Juego de Cartas para Beber\" onerror=\"this.style.display='none'\" loading=\"lazy\" \/>\n\t<h5>\n\t\t\t\tComponentes del juego\n\t\t\t<\/h5>\n\t\t\t<p>Adem\u00e1s de las cartas, ofrecemos vasos de chupito personalizados, fichas, dados, ruletas y otros componentes de juego, todos ellos dise\u00f1ados para complementar la tem\u00e1tica de tu juego de beber.<\/p>\n\t\t\t\t<img decoding=\"async\" src=\"https:\/\/www.hicreategames.com\/wp-content\/uploads\/2025\/04\/Empaque-del-Juego-de-Cartas-para-Beber.jpg\" alt=\"Empaque del Juego de Cartas para Beber\" itemprop=\"image\" height=\"426\" width=\"640\" title=\"Empaque del Juego de Cartas para Beber\" onerror=\"this.style.display='none'\" loading=\"lazy\" \/>\n\t<h5>\n\t\t\t\tDise\u00f1o de envases y cajas\n\t\t\t<\/h5>\n\t\t\t<p>Destaca con un embalaje personalizado, desde elegantes cajas hasta opciones ecol\u00f3gicas, con gr\u00e1ficos a medida e insertos para una experiencia de desembalaje inolvidable.<\/p>\n\t<h3>\n\t\t\t\tNuestros juegos de beber con derechos de autor\n\t\t\t<\/h3>\n\t\t\t\t<img decoding=\"async\" src=\"https:\/\/www.hicreategames.com\/wp-content\/uploads\/2025\/04\/Aventura-o-Bebida-A.jpg\" alt=\"Aventura o Bebida - A\" itemprop=\"image\" height=\"426\" width=\"640\" title=\"Aventura o Bebida - A\" onerror=\"this.style.display='none'\" loading=\"lazy\" \/>\n\t<h5>\n\t\t\t\tAventura o Bebida &#8211; A\n\t\t\t<\/h5>\n\t\t\t<ul>\n<li>Tama\u00f1o individual: 8*12*3,2 cm<\/li>\n<li>Tama\u00f1o de la tarjeta: 60 unidades 6,8*10,8 cm<\/li>\n<li>Paquete de cajas: 54 juegos\/caja<\/li>\n<li>Tama\u00f1o de la caja: 27*26*31 cm<\/li>\n<li>Peso de la caja: 14 kg\/caja<\/li>\n<\/ul>\n\t\t\t\t<img decoding=\"async\" src=\"https:\/\/www.hicreategames.com\/wp-content\/uploads\/2025\/04\/Aventura-o-Bebida-B.jpg\" alt=\"Aventura o Bebida - B\" itemprop=\"image\" height=\"426\" width=\"640\" title=\"Aventura o Bebida - B\" onerror=\"this.style.display='none'\" loading=\"lazy\" \/>\n\t<h5>\n\t\t\t\tAventura o Bebida &#8211; B\n\t\t\t<\/h5>\n\t\t\t<ul>\n<li>Tama\u00f1o individual: 22*22*4,4 cm<\/li>\n<li>Tama\u00f1o de la tarjeta: 60 unidades 6,8*10,8 cm<\/li>\n<li>Vasos de chupito: 4 uds.<\/li>\n<li>Paquete de cajas: 16 juegos\/caja<\/li>\n<li>Tama\u00f1o de la caja: 46*46*20 cm<\/li>\n<li>Peso de la caja: 9 kg\/caja<\/li>\n<\/ul>\n\t\t\t\t<img decoding=\"async\" src=\"https:\/\/www.hicreategames.com\/wp-content\/uploads\/2025\/04\/Aventura-o-Bebida-C.jpg\" alt=\"Aventura o Bebida - C\" itemprop=\"image\" height=\"426\" width=\"640\" title=\"Aventura o Bebida - C\" onerror=\"this.style.display='none'\" loading=\"lazy\" \/>\n\t<h5>\n\t\t\t\tAventura o Bebida &#8211; C\n\t\t\t<\/h5>\n\t\t\t<ul>\n<li>Tama\u00f1o individual: 9,8*8,2*2,95 cm<\/li>\n<li>Tama\u00f1o de la tarjeta: 50 unidades 6,3*8,8 cm<\/li>\n<li>Paquete de cajas: 100 juegos\/caja<\/li>\n<li>Tama\u00f1o de la caja: 44*21*33,5 cm<\/li>\n<li>Peso de la caja: 15,5 kg\/caja<\/li>\n<\/ul>\n\t\t\t\t<img decoding=\"async\" src=\"https:\/\/www.hicreategames.com\/wp-content\/uploads\/2025\/04\/Juego-de-beber-Verdad-y-Reto.jpg\" alt=\"Juego de beber Verdad y Reto\" itemprop=\"image\" height=\"426\" width=\"640\" title=\"Juego de beber Verdad y Reto\" onerror=\"this.style.display='none'\" loading=\"lazy\" \/>\n\t<h5>\n\t\t\t\tJuego de beber Verdad y Reto\n\t\t\t<\/h5>\n\t\t\t<ul>\n<li>Tama\u00f1o individual: 14,3*10*2,95 cm<\/li>\n<li>Tama\u00f1o de la tarjeta: 110 unidades 6,3*8,8 cm<\/li>\n<li>Paquete de cajas: 40 juegos\/caja<\/li>\n<li>Tama\u00f1o de la caja: 32*30,5*22 cm<\/li>\n<li>Peso de la caja: 11,5 kg\/caja<\/li>\n<\/ul>\n\t\t\t\t<img decoding=\"async\" src=\"https:\/\/www.hicreategames.com\/wp-content\/uploads\/2025\/04\/Azar-o-beber.jpg\" alt=\"Azar o beber\" itemprop=\"image\" height=\"426\" width=\"640\" title=\"Azar o beber\" onerror=\"this.style.display='none'\" loading=\"lazy\" \/>\n\t<h5>\n\t\t\t\tAzar o beber\n\t\t\t<\/h5>\n\t\t\t<ul>\n<li>Tama\u00f1o individual: 7,7*7,7*10,7 cm<\/li>\n<li>Tama\u00f1o de la tarjeta: 154 unidades 6,3*8,8 cm<\/li>\n<li>Paquete de cajas: 46 juegos\/caja<\/li>\n<li>Tama\u00f1o de la caja: 23,1*23,1*53,5 cm<\/li>\n<li>Peso de la caja: 15 kg\/caja<\/li>\n<\/ul>\n\t\t\t\t<img decoding=\"async\" src=\"https:\/\/www.hicreategames.com\/wp-content\/uploads\/2025\/04\/Juego-divertido-para-fiestas.jpg\" alt=\"Juego divertido para fiestas\" itemprop=\"image\" height=\"426\" width=\"640\" title=\"Juego divertido para fiestas\" onerror=\"this.style.display='none'\" loading=\"lazy\" \/>\n\t<h5>\n\t\t\t\tJuego divertido para fiestas\n\t\t\t<\/h5>\n\t\t\t<ul><li>Caja tubular: altura 24 cm, di\u00e1metro 5,5 cm<\/li><li>Palo de madera: 50 unidades 22*1 cm<\/li><li>Paquete de cajas: 36 juegos\/caja<\/li><li>Tama\u00f1o de la caja: 34*34*25,5 cm<\/li><li>Peso de la caja: 8,2 kg\/caja<\/li><\/ul>\t\n\t<h3>\n\t\t\t\tCont\u00e1ctanos Ahora\n\t\t\t<\/h3>\n\t\t\t\t<img decoding=\"async\" src=\"https:\/\/www.hicreategames.com\/wp-content\/uploads\/2025\/04\/Juego-de-Cartas-para-Beber-para-Adultos.jpg\" alt=\"Juego de Cartas para Beber para Adultos\" itemprop=\"image\" height=\"500\" width=\"500\" title=\"Juego de Cartas para Beber para Adultos\" onerror=\"this.style.display='none'\" loading=\"lazy\" \/>\n\t\n<div class=\"wpcf7 no-js\" id=\"wpcf7-f3522-o2\" lang=\"es-ES\" dir=\"ltr\" data-wpcf7-id=\"3522\">\n<div class=\"screen-reader-response\"><p role=\"status\" aria-live=\"polite\" aria-atomic=\"true\"><\/p> <ul><\/ul><\/div>\n<form action=\"\/es\/wp-json\/wp\/v2\/pages\/20182#wpcf7-f3522-o2\" method=\"post\" class=\"wpcf7-form init\" aria-label=\"Formulario de contacto\" enctype=\"multipart\/form-data\" novalidate=\"novalidate\" data-status=\"init\">\n<fieldset class=\"hidden-fields-container\"><input type=\"hidden\" name=\"_wpcf7\" value=\"3522\" \/><input type=\"hidden\" name=\"_wpcf7_version\" value=\"6.1.5\" \/><input type=\"hidden\" name=\"_wpcf7_locale\" value=\"es_ES\" \/><input type=\"hidden\" name=\"_wpcf7_unit_tag\" value=\"wpcf7-f3522-o2\" \/><input type=\"hidden\" name=\"_wpcf7_container_post\" value=\"0\" \/><input type=\"hidden\" name=\"_wpcf7_posted_data_hash\" value=\"\" \/><input type=\"hidden\" name=\"_wpcf7_recaptcha_response\" value=\"\" \/>\n<\/fieldset>\n<p><label> Su nombre<br \/>\n<span class=\"wpcf7-form-control-wrap\" data-name=\"your-name\"><input size=\"40\" maxlength=\"400\" class=\"wpcf7-form-control wpcf7-text wpcf7-validates-as-required\" aria-required=\"true\" aria-invalid=\"false\" value=\"\" type=\"text\" name=\"your-name\" \/><\/span> <\/label>\n<\/p>\n<p><label> Tu correo electr\u00f3nico<br \/>\n<span class=\"wpcf7-form-control-wrap\" data-name=\"your-email\"><input size=\"40\" maxlength=\"400\" class=\"wpcf7-form-control wpcf7-email wpcf7-validates-as-required wpcf7-text wpcf7-validates-as-email\" aria-required=\"true\" aria-invalid=\"false\" value=\"\" type=\"email\" name=\"your-email\" \/><\/span> <\/label>\n<\/p>\n<p><label> Cantidad m\u00ednima de pedido<br \/>\n<span class=\"wpcf7-form-control-wrap\" data-name=\"menu-734\"><select class=\"wpcf7-form-control wpcf7-select wpcf7-validates-as-required\" aria-required=\"true\" aria-invalid=\"false\" name=\"menu-734\"><option value=\"\">&#8212;Por favor, elige una opci\u00f3n&#8212;<\/option><option value=\"300\">300<\/option><option value=\"500\">500<\/option><option value=\"1000\">1000<\/option><\/select><\/span> <\/label>\n<\/p>\n<p><label> Tu mensaje<br \/>\n<span class=\"wpcf7-form-control-wrap\" data-name=\"your-message\"><textarea cols=\"40\" rows=\"10\" maxlength=\"2000\" class=\"wpcf7-form-control wpcf7-textarea wpcf7-validates-as-required\" aria-required=\"true\" aria-invalid=\"false\" name=\"your-message\"><\/textarea><\/span> <\/label>\n<\/p>\n<p><label> Tu archivo (opcional)<br \/>\n<span class=\"wpcf7-form-control-wrap\" data-name=\"file-978\"><input size=\"40\" class=\"wpcf7-form-control wpcf7-file\" accept=\"audio\/*,video\/*,image\/*\" aria-invalid=\"false\" type=\"file\" name=\"file-978\" \/><\/span> <\/label>\n<\/p>\n<p><span class=\"wpcf7-form-control-wrap\" data-name=\"quiz-747\"><label><span class=\"wpcf7-quiz-label\">2+6=?<\/span> <input size=\"40\" class=\"wpcf7-form-control wpcf7-quiz\" autocomplete=\"off\" aria-required=\"true\" aria-invalid=\"false\" type=\"text\" name=\"quiz-747\" \/><\/label><input type=\"hidden\" name=\"_wpcf7_quiz_answer_quiz-747\" value=\"34fe0dce70d770da3a4b02c0e1fa88fe\" \/><\/span>\n<\/p>\n<p><input class=\"wpcf7-form-control wpcf7-submit has-spinner\" type=\"submit\" value=\"Entregar\" \/>\n<\/p><div class=\"wpcf7-response-output\" aria-hidden=\"true\"><\/div>\n<\/form>\n<\/div>\n\n\n","protected":false},"excerpt":{"rendered":"<p>Juego de Cartas para Beber Nos especializamos en crear juegos de cartas para beber personalizados y de alta calidad, adaptados a tu tema y estilo \u00fanicos. Con infinitas opciones de personalizaci\u00f3n, materiales duraderos y soluciones profesionales de impresi\u00f3n y embalaje, nos aseguramos de que tu juego de cartas para beber [&hellip;]<\/p>\n","protected":false},"author":1,"featured_media":0,"parent":0,"menu_order":0,"comment_status":"closed","ping_status":"closed","template":"","meta":{"site-sidebar-layout":"no-sidebar","site-content-layout":"page-builder","ast-site-content-layout":"full-width-container","site-content-style":"unboxed","site-sidebar-style":"unboxed","ast-global-header-display":"","ast-banner-title-visibility":"","ast-main-header-display":"","ast-hfb-above-header-display":"","ast-hfb-below-header-display":"","ast-hfb-mobile-header-display":"","site-post-title":"disabled","ast-breadcrumbs-content":"","ast-featured-img":"disabled","footer-sml-layout":"","ast-disable-related-posts":"","theme-transparent-header-meta":"default","adv-header-id-meta":"","stick-header-meta":"default","header-above-stick-meta":"","header-main-stick-meta":"","header-below-stick-meta":"","astra-migrate-meta-layouts":"default","ast-page-background-enabled":"default","ast-page-background-meta":{"desktop":{"background-color":"","background-image":"","background-repeat":"repeat","background-position":"center center","background-size":"auto","background-attachment":"scroll","background-type":"","background-media":"","overlay-type":"","overlay-color":"","overlay-opacity":"","overlay-gradient":""},"tablet":{"background-color":"","background-image":"","background-repeat":"repeat","background-position":"center center","background-size":"auto","background-attachment":"scroll","background-type":"","background-media":"","overlay-type":"","overlay-color":"","overlay-opacity":"","overlay-gradient":""},"mobile":{"background-color":"","background-image":"","background-repeat":"repeat","background-position":"center center","background-size":"auto","background-attachment":"scroll","background-type":"","background-media":"","overlay-type":"","overlay-color":"","overlay-opacity":"","overlay-gradient":""}},"ast-content-background-meta":{"desktop":{"background-color":"var(--ast-global-color-5)","background-image":"","background-repeat":"repeat","background-position":"center center","background-size":"auto","background-attachment":"scroll","background-type":"","background-media":"","overlay-type":"","overlay-color":"","overlay-opacity":"","overlay-gradient":""},"tablet":{"background-color":"var(--ast-global-color-5)","background-image":"","background-repeat":"repeat","background-position":"center center","background-size":"auto","background-attachment":"scroll","background-type":"","background-media":"","overlay-type":"","overlay-color":"","overlay-opacity":"","overlay-gradient":""},"mobile":{"background-color":"var(--ast-global-color-5)","background-image":"","background-repeat":"repeat","background-position":"center center","background-size":"auto","background-attachment":"scroll","background-type":"","background-media":"","overlay-type":"","overlay-color":"","overlay-opacity":"","overlay-gradient":""}},"footnotes":""},"class_list":["post-20182","page","type-page","status-publish","hentry"],"_links":{"self":[{"href":"https:\/\/www.hicreategames.com\/es\/wp-json\/wp\/v2\/pages\/20182","targetHints":{"allow":["GET"]}}],"collection":[{"href":"https:\/\/www.hicreategames.com\/es\/wp-json\/wp\/v2\/pages"}],"about":[{"href":"https:\/\/www.hicreategames.com\/es\/wp-json\/wp\/v2\/types\/page"}],"author":[{"embeddable":true,"href":"https:\/\/www.hicreategames.com\/es\/wp-json\/wp\/v2\/users\/1"}],"replies":[{"embeddable":true,"href":"https:\/\/www.hicreategames.com\/es\/wp-json\/wp\/v2\/comments?post=20182"}],"version-history":[{"count":4,"href":"https:\/\/www.hicreategames.com\/es\/wp-json\/wp\/v2\/pages\/20182\/revisions"}],"predecessor-version":[{"id":24748,"href":"https:\/\/www.hicreategames.com\/es\/wp-json\/wp\/v2\/pages\/20182\/revisions\/24748"}],"wp:attachment":[{"href":"https:\/\/www.hicreategames.com\/es\/wp-json\/wp\/v2\/media?parent=20182"}],"curies":[{"name":"wp","href":"https:\/\/api.w.org\/{rel}","templated":true}]}}