{"id":3405,"date":"2017-07-12T05:54:02","date_gmt":"2017-07-12T05:54:02","guid":{"rendered":"https:\/\/www.hicreategames.com\/proyectos\/"},"modified":"2025-08-25T06:54:51","modified_gmt":"2025-08-25T06:54:51","slug":"proyectos","status":"publish","type":"page","link":"https:\/\/www.hicreategames.com\/es\/proyectos\/","title":{"rendered":"Proyectos"},"content":{"rendered":"\n\n\t<h2>\n\t\t\t\tNuestros proyectos\n\t\t\t<\/h2>\n\t\t\t<p>Hemos completado con \u00e9xito el dise\u00f1o, la creaci\u00f3n de prototipos, la fabricaci\u00f3n y la entrega de muchos juegos de mesa y de cartas personalizados.Echa un vistazo a algunos de nuestros proyectos y esperamos que te sirvan de inspiraci\u00f3n.<\/p>\t\n\t\t<meta itemprop=\"url\" content=\"https:\/\/www.hicreategames.com\/wp-content\/uploads\/2025\/07\/Box-of-Humanity.mp4\" \/><div style=\"width: 640px;\" class=\"wp-video\"><video class=\"wp-video-shortcode\" id=\"video-3405-1\" width=\"640\" height=\"360\" poster=\"https:\/\/www.hicreategames.com\/wp-content\/uploads\/2025\/07\/Box-of-Humanity.jpg\" preload=\"none\" controls=\"controls\"><source type=\"video\/mp4\" src=\"https:\/\/www.hicreategames.com\/wp-content\/uploads\/2025\/07\/Box-of-Humanity.mp4?_=1\" \/><source type=\"video\/mp4\" src=\"https:\/\/www.hicreategames.com\/wp-content\/uploads\/2025\/07\/Box-of-Humanity.mp4?_=1\" \/><a href=\"https:\/\/www.hicreategames.com\/wp-content\/uploads\/2025\/07\/Box-of-Humanity.mp4\">https:\/\/www.hicreategames.com\/wp-content\/uploads\/2025\/07\/Box-of-Humanity.mp4<\/a><\/video><\/div>\t\n\t<h5>\n\t\t\t\tJuego de cartas\n\t\t\t<\/h5>\n\t<h3>\n\t\t\t\tBox of Humanity\n\t\t\t<\/h3>\n\t\t\t<p>Un viaje a situaciones de la vida real, donde los jugadores exploran el poder de las decisiones positivas.<\/p>\t\n\t<p>Box of Humanity es un juego de cartas que explora situaciones de la vida real y anima a los jugadores a elegir acciones y respuestas positivas.<\/p>\n<p>Est\u00e1 dise\u00f1ado para fomentar la empat\u00eda, la amabilidad y las conversaciones significativas, y es adecuado para familias, ni\u00f1os (a partir de 7 a\u00f1os) y diversos entornos sociales.<\/p>\n\t<h3>\n\t\t\t\tJuego de rompecabezas\n\t\t\t<\/h3>\n\t\t\t<p>Un juego de rompecabezas para la educaci\u00f3n infantil y el entrenamiento mental<\/p>\t\n\t<p>Hemos creado este juego para que los ni\u00f1os aprendan a observar, identificar patrones, establecer conexiones entre todos los elementos y mejorar su memoria.<\/p>\n\t\t<meta itemprop=\"url\" content=\"https:\/\/www.hicreategames.com\/wp-content\/uploads\/2023\/02\/Kids-Puzzle-Game.mp4\" \/><div style=\"width: 640px;\" class=\"wp-video\"><video class=\"wp-video-shortcode\" id=\"video-3405-2\" width=\"640\" height=\"360\" poster=\"https:\/\/www.hicreategames.com\/wp-content\/uploads\/2023\/02\/Kids-Puzzle-Game.jpg\" preload=\"none\" controls=\"controls\"><source type=\"video\/mp4\" src=\"https:\/\/www.hicreategames.com\/wp-content\/uploads\/2023\/02\/Kids-Puzzle-Game.mp4?_=2\" \/><source type=\"video\/mp4\" src=\"https:\/\/www.hicreategames.com\/wp-content\/uploads\/2023\/02\/Kids-Puzzle-Game.mp4?_=2\" \/><a href=\"https:\/\/www.hicreategames.com\/wp-content\/uploads\/2023\/02\/Kids-Puzzle-Game.mp4\">https:\/\/www.hicreategames.com\/wp-content\/uploads\/2023\/02\/Kids-Puzzle-Game.mp4<\/a><\/video><\/div>\t\n\t<h5>\n\t\t\t\tJuego de rompecabezas\n\t\t\t<\/h5>\n\t\t\t\t<img decoding=\"async\" src=\"https:\/\/www.hicreategames.com\/wp-content\/uploads\/2022\/04\/Leksandspelet-Board-Game.jpg\" alt=\"Leksandspelet Board Game\" title=\"Leksandspelet Board Game\" itemprop=\"image\"\/>\n\t<h5>\n\t\t\t\tJuego de mesa deportivo\n\t\t\t<\/h5>\n\t<h3>\n\t\t\t\tLeksandspelet\n\t\t\t<\/h3>\n\t\t\t<p>Un juego de mesa para los aficionados del Leksands IF (un equipo sueco de hockey sobre hielo)<\/p>\t\n\t<p>Los jugadores tienen la oportunidad de ganar la serie mientras recuerdan a los jugadores cl\u00e1sicos de la \u00e9poca y los comparan con las estrellas actuales.<\/p>\n<p>Esto se consigue jugando partidos, gestionando las finanzas del club, reclutando jugadores cl\u00e1sicos, asistiendo a reuniones de la junta directiva y respondiendo preguntas.<\/p>\n<p>\u00a1Tira los dados, juega y recuerda!<\/p>\n\t<h3>\n\t\t\t\tGame of Homes\n\t\t\t<\/h3>\n\t\t\t<p>Un juego de mesa para la formaci\u00f3n sobre hipotecas inmobiliarias<\/p>\t\n\t<p>Fannie Mae quiere desarrollar un juego de mesa capaz de formar a sus equipos internos sobre todos los entresijos de las hipotecas inmobiliarias.<\/p>\n<p>Se trata de un proyecto de juego de mesa sobre hipotecas inspirado en el Monopoly.<\/p>\n\t\t\t\t<img decoding=\"async\" src=\"https:\/\/www.hicreategames.com\/wp-content\/uploads\/2022\/04\/monopoly-mortgage-board-game.jpg\" alt=\"monopoly mortgage board game\" title=\"monopoly mortgage board game\" itemprop=\"image\"\/>\n\t<h5>\n\t\t\t\tJuego Monopoly\n\t\t\t<\/h5>\n\t\t\t\t<img decoding=\"async\" src=\"https:\/\/www.hicreategames.com\/wp-content\/uploads\/2022\/04\/GrandVenture.jpg\" alt=\"GrandVenture\" title=\"GrandVenture\" itemprop=\"image\"\/>\n\t<h5>\n\t\t\t\tJuego Monopoly\n\t\t\t<\/h5>\n\t<h3>\n\t\t\t\tGrandVenture\n\t\t\t<\/h3>\n\t\t\t<p>Juego r\u00e1pido de compraventa de propiedades<\/p>\t\n\t<p>Este juego fue un producto promocional creado para Holland American Cruise Lines en 2018.<\/p>\n<p>El juego se juega de forma muy similar al Monopoly: se compran propiedades, se cobran alquileres y se traman planes para hacerse rico.<\/p>\n\t<h3>\n\t\t\t\tThe War Of Spirit Stone\n\t\t\t<\/h3>\n\t\t\t<p>Un juego de mesa para padres e hijos<\/p>\t\n\t<p>Sus accesorios y trama son relativamente completos y complejos, y todo el trasfondo de la historia tiene un nuevo sistema de visi\u00f3n del mundo.<\/p>\n<p>Por lo tanto, este juego tiene un cierto umbral para los ni\u00f1os menores de 6 a\u00f1os.<\/p>\n\t\t<meta itemprop=\"url\" content=\"https:\/\/www.hicreategames.com\/wp-content\/uploads\/2022\/04\/The-War-Of-Spirit-Stone.mp4\" \/><div style=\"width: 640px;\" class=\"wp-video\"><video class=\"wp-video-shortcode\" id=\"video-3405-3\" width=\"640\" height=\"360\" preload=\"metadata\" controls=\"controls\"><source type=\"video\/mp4\" src=\"https:\/\/www.hicreategames.com\/wp-content\/uploads\/2022\/04\/The-War-Of-Spirit-Stone.mp4?_=3\" \/><source type=\"video\/mp4\" src=\"https:\/\/www.hicreategames.com\/wp-content\/uploads\/2022\/04\/The-War-Of-Spirit-Stone.mp4?_=3\" \/><a href=\"https:\/\/www.hicreategames.com\/wp-content\/uploads\/2022\/04\/The-War-Of-Spirit-Stone.mp4\">https:\/\/www.hicreategames.com\/wp-content\/uploads\/2022\/04\/The-War-Of-Spirit-Stone.mp4<\/a><\/video><\/div>\t\n\t<h5>\n\t\t\t\tJuego apto para toda la familia\n\t\t\t<\/h5>\n\t\t\t\t<img decoding=\"async\" src=\"https:\/\/www.hicreategames.com\/wp-content\/uploads\/2022\/04\/Penguin-Brawl-1.jpg\" alt=\"Penguin Brawl\" title=\"Penguin Brawl\" itemprop=\"image\"\/>\n\t<h5>\n\t\t\t\tJuego de cartas\n\t\t\t<\/h5>\n\t<h3>\n\t\t\t\tPenguin Brawl: Battle Of The Gods\n\t\t\t<\/h3>\n\t\t\t<p>Impresi\u00f3n de 30 cartas adicionalesDise\u00f1ado por <a href=\"https:\/\/teamcustardkraken.com\/\">Team Custard Kraken<\/a><\/p>\t\n\t<p>La primera microexpansi\u00f3n para Penguin Brawl a\u00f1ade 30 cartas nuevas al juego, que incluyen seis cartas de personajes nuevas.<\/p>\n\n","protected":false},"excerpt":{"rendered":"<p>Nuestros proyectos Hemos completado con \u00e9xito el dise\u00f1o, la creaci\u00f3n de prototipos, la fabricaci\u00f3n y la entrega de muchos juegos de mesa y de cartas personalizados.Echa un vistazo a algunos de nuestros proyectos y esperamos que te sirvan de inspiraci\u00f3n. Juego de cartas Box of Humanity Un viaje a situaciones [&hellip;]<\/p>\n","protected":false},"author":1,"featured_media":0,"parent":0,"menu_order":0,"comment_status":"closed","ping_status":"closed","template":"","meta":{"site-sidebar-layout":"no-sidebar","site-content-layout":"page-builder","ast-site-content-layout":"default","site-content-style":"default","site-sidebar-style":"default","ast-global-header-display":"","ast-banner-title-visibility":"","ast-main-header-display":"","ast-hfb-above-header-display":"","ast-hfb-below-header-display":"","ast-hfb-mobile-header-display":"","site-post-title":"disabled","ast-breadcrumbs-content":"","ast-featured-img":"disabled","footer-sml-layout":"","ast-disable-related-posts":"","theme-transparent-header-meta":"default","adv-header-id-meta":"","stick-header-meta":"default","header-above-stick-meta":"","header-main-stick-meta":"","header-below-stick-meta":"","astra-migrate-meta-layouts":"default","ast-page-background-enabled":"default","ast-page-background-meta":{"desktop":{"background-color":"","background-image":"","background-repeat":"repeat","background-position":"center center","background-size":"auto","background-attachment":"scroll","background-type":"","background-media":"","overlay-type":"","overlay-color":"","overlay-opacity":"","overlay-gradient":""},"tablet":{"background-color":"","background-image":"","background-repeat":"repeat","background-position":"center center","background-size":"auto","background-attachment":"scroll","background-type":"","background-media":"","overlay-type":"","overlay-color":"","overlay-opacity":"","overlay-gradient":""},"mobile":{"background-color":"","background-image":"","background-repeat":"repeat","background-position":"center center","background-size":"auto","background-attachment":"scroll","background-type":"","background-media":"","overlay-type":"","overlay-color":"","overlay-opacity":"","overlay-gradient":""}},"ast-content-background-meta":{"desktop":{"background-color":"var(--ast-global-color-5)","background-image":"","background-repeat":"repeat","background-position":"center center","background-size":"auto","background-attachment":"scroll","background-type":"","background-media":"","overlay-type":"","overlay-color":"","overlay-opacity":"","overlay-gradient":""},"tablet":{"background-color":"var(--ast-global-color-5)","background-image":"","background-repeat":"repeat","background-position":"center center","background-size":"auto","background-attachment":"scroll","background-type":"","background-media":"","overlay-type":"","overlay-color":"","overlay-opacity":"","overlay-gradient":""},"mobile":{"background-color":"var(--ast-global-color-5)","background-image":"","background-repeat":"repeat","background-position":"center center","background-size":"auto","background-attachment":"scroll","background-type":"","background-media":"","overlay-type":"","overlay-color":"","overlay-opacity":"","overlay-gradient":""}},"footnotes":""},"class_list":["post-3405","page","type-page","status-publish","hentry"],"_links":{"self":[{"href":"https:\/\/www.hicreategames.com\/es\/wp-json\/wp\/v2\/pages\/3405","targetHints":{"allow":["GET"]}}],"collection":[{"href":"https:\/\/www.hicreategames.com\/es\/wp-json\/wp\/v2\/pages"}],"about":[{"href":"https:\/\/www.hicreategames.com\/es\/wp-json\/wp\/v2\/types\/page"}],"author":[{"embeddable":true,"href":"https:\/\/www.hicreategames.com\/es\/wp-json\/wp\/v2\/users\/1"}],"replies":[{"embeddable":true,"href":"https:\/\/www.hicreategames.com\/es\/wp-json\/wp\/v2\/comments?post=3405"}],"version-history":[{"count":4,"href":"https:\/\/www.hicreategames.com\/es\/wp-json\/wp\/v2\/pages\/3405\/revisions"}],"predecessor-version":[{"id":24433,"href":"https:\/\/www.hicreategames.com\/es\/wp-json\/wp\/v2\/pages\/3405\/revisions\/24433"}],"wp:attachment":[{"href":"https:\/\/www.hicreategames.com\/es\/wp-json\/wp\/v2\/media?parent=3405"}],"curies":[{"name":"wp","href":"https:\/\/api.w.org\/{rel}","templated":true}]}}