{"id":3527,"date":"2022-04-11T08:38:16","date_gmt":"2022-04-11T08:38:16","guid":{"rendered":"https:\/\/www.hicreategames.com\/juego-de-cartas-personalizado\/"},"modified":"2025-08-29T04:11:01","modified_gmt":"2025-08-29T04:11:01","slug":"juego-de-cartas-personalizado","status":"publish","type":"page","link":"https:\/\/www.hicreategames.com\/es\/juego-de-cartas-personalizado\/","title":{"rendered":"Juego de Cartas Personalizado"},"content":{"rendered":"\r\n<h3>Fabricante de Juegos de Cartas: Dise\u00f1o e Impresi\u00f3n<\/h3>\r\n<p>Desde el concepto hasta la producci\u00f3n en masa de prototipos, ayudamos a los desarrolladores de juegos, creadores de Kickstarter y editores a fabricar juegos de cartas de alta calidad con opciones de personalizaci\u00f3n completas.<\/p>\r\n<p><a role=\"button\" href=\"#\"> Cont\u00e1ctanos y sube tus ideas <\/a> \n<div class=\"wpcf7 no-js\" id=\"wpcf7-f3522-o1\" lang=\"es-ES\" dir=\"ltr\" data-wpcf7-id=\"3522\">\n<div class=\"screen-reader-response\"><p role=\"status\" aria-live=\"polite\" aria-atomic=\"true\"><\/p> <ul><\/ul><\/div>\n<form action=\"\/es\/wp-json\/wp\/v2\/pages\/3527#wpcf7-f3522-o1\" method=\"post\" class=\"wpcf7-form init\" aria-label=\"Formulario de contacto\" enctype=\"multipart\/form-data\" novalidate=\"novalidate\" data-status=\"init\">\n<fieldset class=\"hidden-fields-container\"><input type=\"hidden\" name=\"_wpcf7\" value=\"3522\" \/><input type=\"hidden\" name=\"_wpcf7_version\" value=\"6.1.5\" \/><input type=\"hidden\" name=\"_wpcf7_locale\" value=\"es_ES\" \/><input type=\"hidden\" name=\"_wpcf7_unit_tag\" value=\"wpcf7-f3522-o1\" \/><input type=\"hidden\" name=\"_wpcf7_container_post\" value=\"0\" \/><input type=\"hidden\" name=\"_wpcf7_posted_data_hash\" value=\"\" \/><input type=\"hidden\" name=\"_wpcf7_recaptcha_response\" value=\"\" \/>\n<\/fieldset>\n<p><label> Su nombre<br \/>\n<span class=\"wpcf7-form-control-wrap\" data-name=\"your-name\"><input size=\"40\" maxlength=\"400\" class=\"wpcf7-form-control wpcf7-text wpcf7-validates-as-required\" aria-required=\"true\" aria-invalid=\"false\" value=\"\" type=\"text\" name=\"your-name\" \/><\/span> <\/label>\n<\/p>\n<p><label> Tu correo electr\u00f3nico<br \/>\n<span class=\"wpcf7-form-control-wrap\" data-name=\"your-email\"><input size=\"40\" maxlength=\"400\" class=\"wpcf7-form-control wpcf7-email wpcf7-validates-as-required wpcf7-text wpcf7-validates-as-email\" aria-required=\"true\" aria-invalid=\"false\" value=\"\" type=\"email\" name=\"your-email\" \/><\/span> <\/label>\n<\/p>\n<p><label> Cantidad m\u00ednima de pedido<br \/>\n<span class=\"wpcf7-form-control-wrap\" data-name=\"menu-734\"><select class=\"wpcf7-form-control wpcf7-select wpcf7-validates-as-required\" aria-required=\"true\" aria-invalid=\"false\" name=\"menu-734\"><option value=\"\">&#8212;Por favor, elige una opci\u00f3n&#8212;<\/option><option value=\"300\">300<\/option><option value=\"500\">500<\/option><option value=\"1000\">1000<\/option><\/select><\/span> <\/label>\n<\/p>\n<p><label> Tu mensaje<br \/>\n<span class=\"wpcf7-form-control-wrap\" data-name=\"your-message\"><textarea cols=\"40\" rows=\"10\" maxlength=\"2000\" class=\"wpcf7-form-control wpcf7-textarea wpcf7-validates-as-required\" aria-required=\"true\" aria-invalid=\"false\" name=\"your-message\"><\/textarea><\/span> <\/label>\n<\/p>\n<p><label> Tu archivo (opcional)<br \/>\n<span class=\"wpcf7-form-control-wrap\" data-name=\"file-978\"><input size=\"40\" class=\"wpcf7-form-control wpcf7-file\" accept=\"audio\/*,video\/*,image\/*\" aria-invalid=\"false\" type=\"file\" name=\"file-978\" \/><\/span> <\/label>\n<\/p>\n<p><span class=\"wpcf7-form-control-wrap\" data-name=\"quiz-747\"><label><span class=\"wpcf7-quiz-label\">2+6=?<\/span> <input size=\"40\" class=\"wpcf7-form-control wpcf7-quiz\" autocomplete=\"off\" aria-required=\"true\" aria-invalid=\"false\" type=\"text\" name=\"quiz-747\" \/><\/label><input type=\"hidden\" name=\"_wpcf7_quiz_answer_quiz-747\" value=\"34fe0dce70d770da3a4b02c0e1fa88fe\" \/><\/span>\n<\/p>\n<p><input class=\"wpcf7-form-control wpcf7-submit has-spinner\" type=\"submit\" value=\"Entregar\" \/>\n<\/p><div class=\"wpcf7-response-output\" aria-hidden=\"true\"><\/div>\n<\/form>\n<\/div>\n\r\n<h3>\u00bfQu\u00e9 podemos personalizar para su juego de cartas?<\/h3>\r\n<p><img loading=\"lazy\" decoding=\"async\" title=\"Reglas de las cartas de juego\" src=\"https:\/\/www.hicreategames.com\/wp-content\/uploads\/2022\/04\/Game-Card-Rules.jpg\" alt=\"Reglas de las cartas de juego\" width=\"640\" height=\"426\" \/><\/p>\r\n<h4>Reglas del juego de cartas<\/h4>\r\n<p>Para aquellos que no tienen idea de c\u00f3mo hacer que las reglas del juego de cartas sean divertidas y atractivas, podemos brindar un servicio personalizado. Solo necesita proporcionarnos la mayor cantidad de informaci\u00f3n posible de su juego de cartas, incluido el tipo de juego, la cantidad de jugadores, el objetivo, la mec\u00e1nica, etc.<\/p>\r\n<p><img loading=\"lazy\" decoding=\"async\" title=\"Tama\u00f1o de la tarjeta de juego\" src=\"https:\/\/www.hicreategames.com\/wp-content\/uploads\/2022\/04\/Game-Card-Size.jpg\" alt=\"Tama\u00f1o de la tarjeta de juego\" width=\"640\" height=\"426\" \/><\/p>\r\n<h4>Tama\u00f1o de tarjeta com\u00fan<\/h4>\r\n<p>Los tama\u00f1os de las cartas afectan el costo de producci\u00f3n, as\u00ed como la compatibilidad con otros componentes del juego, como protectores de cartas, cajas de almacenamiento y tableros de juego. Estos son algunos tama\u00f1os comunes para las cartas de juego: 63*88 mm para Poker, 57*88 mm para Bridge y 70*120 mm\/88*126 mm para Tarot.<\/p>\r\n<p><img loading=\"lazy\" decoding=\"async\" title=\"Forma de la tarjeta de juego\" src=\"https:\/\/www.hicreategames.com\/wp-content\/uploads\/2022\/04\/Game-Card-Shape.jpg\" alt=\"Forma de la tarjeta de juego\" width=\"640\" height=\"426\" \/><\/p>\r\n<h4>Forma de tarjeta<\/h4>\r\n<p>Como fabricante de juegos de cartas, entendemos que cada tarjeta de juego es \u00fanica y requiere una apariencia distinta, por lo que ofrecemos una amplia gama de formas para que elija, que incluyen cuadrado, redondo, rect\u00e1ngulo, \u00f3valo, coraz\u00f3n, estrella, tri\u00e1ngulo. y formas especiales personalizadas.<\/p>\r\n<h4>Material y grado de cartulina<\/h4>\r\n<p><img loading=\"lazy\" decoding=\"async\" title=\"Material de cartulina\" src=\"https:\/\/www.hicreategames.com\/wp-content\/uploads\/2022\/04\/Cardstock-Material.jpg\" alt=\"Material de cartulina\" width=\"1024\" height=\"533\" \/><\/p>\r\n<ul>\r\n<li>250 \/300 \/350 <span id=\"su_tooltip_69efa8721f5cc_button\" class=\"su-tooltip-button su-tooltip-button-outline-yes\" aria-describedby=\"su_tooltip_69efa8721f5cc\" data-settings='{\"position\":\"top\",\"behavior\":\"hover\",\"hideDelay\":0}' tabindex=\"0\"><u>g\/<\/u><\/span><span style=\"display:none;z-index:100\" id=\"su_tooltip_69efa8721f5cc\" class=\"su-tooltip\" role=\"tooltip\"><span class=\"su-tooltip-inner su-tooltip-shadow-yes\" style=\"z-index:100;background:#ffffff;color:#00000;font-size:14px;border-radius:5px;text-align:left;max-width:300px;line-height:1.25\"><span class=\"su-tooltip-title\"><\/span><span class=\"su-tooltip-content su-u-trim\">gramos por metro cuadrado<\/span><\/span><span id=\"su_tooltip_69efa8721f5cc_arrow\" class=\"su-tooltip-arrow\" style=\"z-index:100;background:#ffffff\" data-popper-arrow><\/span><\/span> <span id=\"su_tooltip_69efa8721f778_button\" class=\"su-tooltip-button su-tooltip-button-outline-yes\" aria-describedby=\"su_tooltip_69efa8721f778\" data-settings='{\"position\":\"top\",\"behavior\":\"hover\",\"hideDelay\":0}' tabindex=\"0\"><u>m\u00b2 C2S<\/u><\/span><span style=\"display:none;z-index:100\" id=\"su_tooltip_69efa8721f778\" class=\"su-tooltip\" role=\"tooltip\"><span class=\"su-tooltip-inner su-tooltip-shadow-yes\" style=\"z-index:100;background:#ffffff;color:#00000;font-size:14px;border-radius:5px;text-align:left;max-width:300px;line-height:1.25\"><span class=\"su-tooltip-title\"><\/span><span class=\"su-tooltip-content su-u-trim\">dos caras recubiertas<\/span><\/span><span id=\"su_tooltip_69efa8721f778_arrow\" class=\"su-tooltip-arrow\" style=\"z-index:100;background:#ffffff\" data-popper-arrow><\/span><\/span><\/li>\r\n<li>Naipes de n\u00facleo gris de 280\/300 g\/m\u00b2<\/li>\r\n<li>Naipes de n\u00facleo negro de fabricaci\u00f3n alemana de 310 gsm<\/li>\r\n<li>Naipes de n\u00facleo negro de 300 g\/m\u00b2 fabricados en China<\/li>\r\n<li>Naipes de n\u00facleo azul de 250\/300 g\/m\u00b2<\/li>\r\n<li>PVC liso blanco\/negro de 0,3-0,35 mm de espesor<br \/><hr \/><\/li>\r\n<\/ul>\r\n<ul>\r\n<li>El peso de la cartulina se mide en GSM (gramos por metro cuadrado), cuanto mayor sea el GSM, m\u00e1s gruesa y pesada ser\u00e1 la tarjeta.<\/li>\r\n<li>El n\u00facleo de la tarjeta pasa de blanco a gris y azul, y finalmente a negro, y la calidad y durabilidad de la tarjeta aumentan.<\/li>\r\n<\/ul>\r\n<h4>Impresi\u00f3n de tarjetas<\/h4>\r\n<ul>\r\n<li>4C\/4C (impresi\u00f3n a 2 caras en 4 colores)<\/li>\r\n<li>4C\/0C (impresi\u00f3n a 1 cara en 4 colores)<br \/><hr \/><\/li>\r\n<\/ul>\r\n<ul>\r\n<li>4C significa CMYK (cian, magenta, amarillo y negro)<\/li>\r\n<li>CMYK es mejor para materiales impresos porque los medios impresos usan tintas de colores para la mensajer\u00eda.<\/li>\r\n<li>Combinando estos 4 colores para hacer una amplia gama de colores.<\/li>\r\n<\/ul>\r\n<p><img loading=\"lazy\" decoding=\"async\" title=\"Impresi\u00f3n CMYK\" src=\"https:\/\/www.hicreategames.com\/wp-content\/uploads\/2022\/04\/CMYK-Printing.png\" alt=\"Impresi\u00f3n CMYK\" width=\"665\" height=\"375\" \/><\/p>\r\n<h4>Acabado de la superficie<\/h4>\r\n<p>Este proceso mejorar\u00e1 la apariencia y la resistencia al desgaste de sus obras de arte.<\/p>\r\n<p><img loading=\"lazy\" decoding=\"async\" title=\"Barniz Mate\" src=\"https:\/\/www.hicreategames.com\/wp-content\/uploads\/2022\/04\/Matt-Varnish.jpg\" alt=\"Barniz Mate\" width=\"250\" height=\"250\" \/><\/p>\r\n<h5>Barniz Mate<\/h5>\r\n<p>Proporciona un acabado no brillante que puede ayudar a reducir el brillo y los reflejos, lo que facilita la lectura del texto de las tarjetas.<\/p>\r\n<p><img loading=\"lazy\" decoding=\"async\" title=\"Barniz brillante\" src=\"https:\/\/www.hicreategames.com\/wp-content\/uploads\/2022\/04\/Gloss-Varnish.jpg\" alt=\"Barniz brillante\" width=\"250\" height=\"250\" \/><\/p>\r\n<h5>Barniz brillante<\/h5>\r\n<p>Brinda una superficie brillante y suave que mejora la apariencia y evita la decoloraci\u00f3n de los dise\u00f1os impresos.<\/p>\r\n<p>\u00a0 <img loading=\"lazy\" decoding=\"async\" title=\"Sello de l\u00e1mina de color l\u00e1ser\" src=\"https:\/\/www.hicreategames.com\/wp-content\/uploads\/2022\/04\/Laser-Color-Foil-Stamp.jpg\" alt=\"Sello de l\u00e1mina de color l\u00e1ser\" width=\"250\" height=\"250\" \/><\/p>\r\n<h5>Sello de l\u00e1mina de color l\u00e1ser<\/h5>\r\n<p>La combinaci\u00f3n de estampado l\u00e1ser y estampado de l\u00e1minas de color permite un dise\u00f1o llamativo que puede agregar valor a las tarjetas de juego.<\/p>\r\n<p><img loading=\"lazy\" decoding=\"async\" title=\"Sello de l\u00e1mina de plata dorada con l\u00e1ser\" src=\"https:\/\/www.hicreategames.com\/wp-content\/uploads\/2022\/04\/Laser-Gold-Sliver-Foil-Stamp.jpg\" alt=\"Sello de l\u00e1mina de plata dorada con l\u00e1ser\" width=\"250\" height=\"250\" \/><\/p>\r\n<h5>Sello de l\u00e1mina de plata dorada con l\u00e1ser<\/h5>\r\n<p>Usando calor y presi\u00f3n para transferir una fina capa de l\u00e1mina dorada y plateada a la superficie, creando un efecto met\u00e1lico brillante.<\/p>\r\n<p><img loading=\"lazy\" decoding=\"async\" title=\"Laminaci\u00f3n mate\" src=\"https:\/\/www.hicreategames.com\/wp-content\/uploads\/2022\/04\/Matt-Lamination.jpg\" alt=\"Laminaci\u00f3n mate\" width=\"250\" height=\"250\" \/><\/p>\r\n<h5>Laminaci\u00f3n mate<\/h5>\r\n<p>La aplicaci\u00f3n de una fina capa de pel\u00edcula mate sobre la superficie proporciona un aspecto natural m\u00e1s suave que evita el deslumbramiento de las luces brillantes.<\/p>\r\n<p><img loading=\"lazy\" decoding=\"async\" title=\"Laminaci\u00f3n brillante\" src=\"https:\/\/www.hicreategames.com\/wp-content\/uploads\/2022\/04\/Gloss-Lamination.jpg\" alt=\"Laminaci\u00f3n brillante\" width=\"250\" height=\"250\" \/><\/p>\r\n<h5>Laminaci\u00f3n brillante<\/h5>\r\n<p>Aplicar una fina capa de pl\u00e1stico transparente o pel\u00edcula de resina sobre la superficie de las tarjetas de juego para ofrecer una apariencia m\u00e1s brillante.<\/p>\r\n<p><img loading=\"lazy\" decoding=\"async\" title=\"Acabado Lino\" src=\"https:\/\/www.hicreategames.com\/wp-content\/uploads\/2022\/04\/Linen-Finish.jpg\" alt=\"Acabado Lino\" width=\"250\" height=\"250\" \/><\/p>\r\n<h5>Acabado Lino<\/h5>\r\n<p>Se logra grabando en relieve la cartulina con un patr\u00f3n de lino fino, que agrega inter\u00e9s visual y respuesta t\u00e1ctil.<\/p>\r\n<p><img loading=\"lazy\" decoding=\"async\" title=\"Recubrimiento UV puntual\" src=\"https:\/\/www.hicreategames.com\/wp-content\/uploads\/2022\/04\/Spot-UV-Coating.jpg\" alt=\"Recubrimiento UV puntual\" width=\"250\" height=\"250\" \/><\/p>\r\n<h5>Recubrimiento UV puntual<\/h5>\r\n<p>Es una t\u00e9cnica de impresi\u00f3n de lujo, puede resaltar los elementos espec\u00edficos de sus tarjetas de juego y ofrece el mejor contraste.<\/p>\r\n<p>&nbsp;<\/p>\r\n<h3>\u00bfC\u00f3mo fabricamos sus juegos de cartas?<\/h3>\r\n<p><img loading=\"lazy\" decoding=\"async\" title=\"dise\u00f1o de juegos de mesa\" src=\"https:\/\/www.hicreategames.com\/wp-content\/uploads\/2022\/04\/board-game-design.jpg\" alt=\"dise\u00f1o de juegos de mesa\" width=\"640\" height=\"427\" \/><\/p>\r\n<h5>1. Verificaci\u00f3n del dise\u00f1o<\/h5>\r\n<p>Una vez que recibamos sus ideas o archivos de juegos de cartas, analizaremos c\u00f3mo ofrecerle la soluci\u00f3n m\u00e1s rentable.<\/p>\r\n<p><img loading=\"lazy\" decoding=\"async\" title=\"Prototipo de juego de cartas\" src=\"https:\/\/www.hicreategames.com\/wp-content\/uploads\/2022\/04\/Card-Game-Prototype.jpg\" alt=\"Prototipo de juego de cartas\" width=\"640\" height=\"427\" \/><\/p>\r\n<h5>2. Haz un prototipo<\/h5>\r\n<p>Despu\u00e9s de confirmar el tama\u00f1o de impresi\u00f3n, la forma y las opciones de papel, haremos un prototipo de juego de cartas para la verificaci\u00f3n de muestras.<\/p>\r\n<p><img loading=\"lazy\" decoding=\"async\" title=\"Producci\u00f3n de juegos de cartas\" src=\"https:\/\/www.hicreategames.com\/wp-content\/uploads\/2022\/04\/Card-Game-Production.jpg\" alt=\"Producci\u00f3n de juegos de cartas\" width=\"640\" height=\"426\" \/><\/p>\r\n<h5>3. Producci\u00f3n en masa<\/h5>\r\n<p>Si su muestra de juego de cartas ha sido aprobada, organizaremos la producci\u00f3n en masa.<\/p>\r\n<p>&nbsp;<\/p>\r\n<h3>Nuestros proyectos recientes de juegos de cartas<\/h3>\r\n<div style=\"width: 640px;\" class=\"wp-video\"><video class=\"wp-video-shortcode\" id=\"video-3527-1\" width=\"640\" height=\"360\" preload=\"metadata\" controls=\"controls\"><source type=\"video\/mp4\" src=\"https:\/\/www.hicreategames.com\/wp-content\/uploads\/2022\/04\/Penguin-Brawl-Action-Card-Game.mp4?_=1\" \/><source type=\"video\/mp4\" src=\"https:\/\/www.hicreategames.com\/wp-content\/uploads\/2022\/04\/Penguin-Brawl-Action-Card-Game.mp4?_=1\" \/><a href=\"https:\/\/www.hicreategames.com\/wp-content\/uploads\/2022\/04\/Penguin-Brawl-Action-Card-Game.mp4\">https:\/\/www.hicreategames.com\/wp-content\/uploads\/2022\/04\/Penguin-Brawl-Action-Card-Game.mp4<\/a><\/video><\/div>\r\n<div style=\"width: 640px;\" class=\"wp-video\"><video class=\"wp-video-shortcode\" id=\"video-3527-2\" width=\"640\" height=\"360\" preload=\"metadata\" controls=\"controls\"><source type=\"video\/mp4\" src=\"https:\/\/www.hicreategames.com\/wp-content\/uploads\/2022\/04\/custom-card-game.mp4?_=2\" \/><source type=\"video\/mp4\" src=\"https:\/\/www.hicreategames.com\/wp-content\/uploads\/2022\/04\/custom-card-game.mp4?_=2\" \/><a href=\"https:\/\/www.hicreategames.com\/wp-content\/uploads\/2022\/04\/custom-card-game.mp4\">https:\/\/www.hicreategames.com\/wp-content\/uploads\/2022\/04\/custom-card-game.mp4<\/a><\/video><\/div>\r\n<p><img loading=\"lazy\" decoding=\"async\" title=\"juegos de cartas personalizados\" src=\"https:\/\/www.hicreategames.com\/wp-content\/uploads\/2022\/04\/custom-game-cards.png\" alt=\"juegos de cartas personalizados\" width=\"500\" height=\"500\" \/><\/p>\r\n<h3>P\u00f3ngase en contacto con nosotras ahora<\/h3>\r\n\n<div class=\"wpcf7 no-js\" id=\"wpcf7-f3522-o2\" lang=\"es-ES\" dir=\"ltr\" data-wpcf7-id=\"3522\">\n<div class=\"screen-reader-response\"><p role=\"status\" aria-live=\"polite\" aria-atomic=\"true\"><\/p> <ul><\/ul><\/div>\n<form action=\"\/es\/wp-json\/wp\/v2\/pages\/3527#wpcf7-f3522-o2\" method=\"post\" class=\"wpcf7-form init\" aria-label=\"Formulario de contacto\" enctype=\"multipart\/form-data\" novalidate=\"novalidate\" data-status=\"init\">\n<fieldset class=\"hidden-fields-container\"><input type=\"hidden\" name=\"_wpcf7\" value=\"3522\" \/><input type=\"hidden\" name=\"_wpcf7_version\" value=\"6.1.5\" \/><input type=\"hidden\" name=\"_wpcf7_locale\" value=\"es_ES\" \/><input type=\"hidden\" name=\"_wpcf7_unit_tag\" value=\"wpcf7-f3522-o2\" \/><input type=\"hidden\" name=\"_wpcf7_container_post\" value=\"0\" \/><input type=\"hidden\" name=\"_wpcf7_posted_data_hash\" value=\"\" \/><input type=\"hidden\" name=\"_wpcf7_recaptcha_response\" value=\"\" \/>\n<\/fieldset>\n<p><label> Su nombre<br \/>\n<span class=\"wpcf7-form-control-wrap\" data-name=\"your-name\"><input size=\"40\" maxlength=\"400\" class=\"wpcf7-form-control wpcf7-text wpcf7-validates-as-required\" aria-required=\"true\" aria-invalid=\"false\" value=\"\" type=\"text\" name=\"your-name\" \/><\/span> <\/label>\n<\/p>\n<p><label> Tu correo electr\u00f3nico<br \/>\n<span class=\"wpcf7-form-control-wrap\" data-name=\"your-email\"><input size=\"40\" maxlength=\"400\" class=\"wpcf7-form-control wpcf7-email wpcf7-validates-as-required wpcf7-text wpcf7-validates-as-email\" aria-required=\"true\" aria-invalid=\"false\" value=\"\" type=\"email\" name=\"your-email\" \/><\/span> <\/label>\n<\/p>\n<p><label> Cantidad m\u00ednima de pedido<br \/>\n<span class=\"wpcf7-form-control-wrap\" data-name=\"menu-734\"><select class=\"wpcf7-form-control wpcf7-select wpcf7-validates-as-required\" aria-required=\"true\" aria-invalid=\"false\" name=\"menu-734\"><option value=\"\">&#8212;Por favor, elige una opci\u00f3n&#8212;<\/option><option value=\"300\">300<\/option><option value=\"500\">500<\/option><option value=\"1000\">1000<\/option><\/select><\/span> <\/label>\n<\/p>\n<p><label> Tu mensaje<br \/>\n<span class=\"wpcf7-form-control-wrap\" data-name=\"your-message\"><textarea cols=\"40\" rows=\"10\" maxlength=\"2000\" class=\"wpcf7-form-control wpcf7-textarea wpcf7-validates-as-required\" aria-required=\"true\" aria-invalid=\"false\" name=\"your-message\"><\/textarea><\/span> <\/label>\n<\/p>\n<p><label> Tu archivo (opcional)<br \/>\n<span class=\"wpcf7-form-control-wrap\" data-name=\"file-978\"><input size=\"40\" class=\"wpcf7-form-control wpcf7-file\" accept=\"audio\/*,video\/*,image\/*\" aria-invalid=\"false\" type=\"file\" name=\"file-978\" \/><\/span> <\/label>\n<\/p>\n<p><span class=\"wpcf7-form-control-wrap\" data-name=\"quiz-747\"><label><span class=\"wpcf7-quiz-label\">2+6=?<\/span> <input size=\"40\" class=\"wpcf7-form-control wpcf7-quiz\" autocomplete=\"off\" aria-required=\"true\" aria-invalid=\"false\" type=\"text\" name=\"quiz-747\" \/><\/label><input type=\"hidden\" name=\"_wpcf7_quiz_answer_quiz-747\" value=\"34fe0dce70d770da3a4b02c0e1fa88fe\" \/><\/span>\n<\/p>\n<p><input class=\"wpcf7-form-control wpcf7-submit has-spinner\" type=\"submit\" value=\"Entregar\" \/>\n<\/p><div class=\"wpcf7-response-output\" aria-hidden=\"true\"><\/div>\n<\/form>\n<\/div>\n\r\n","protected":false},"excerpt":{"rendered":"<p>Fabricante de Juegos de Cartas: Dise\u00f1o e Impresi\u00f3n Desde el concepto hasta la producci\u00f3n en masa de prototipos, ayudamos a los desarrolladores de juegos, creadores de Kickstarter y editores a fabricar juegos de cartas de alta calidad con opciones de personalizaci\u00f3n completas. Cont\u00e1ctanos y sube tus ideas \u00bfQu\u00e9 podemos personalizar [&hellip;]<\/p>\n","protected":false},"author":1,"featured_media":0,"parent":0,"menu_order":0,"comment_status":"closed","ping_status":"closed","template":"","meta":{"site-sidebar-layout":"no-sidebar","site-content-layout":"page-builder","ast-site-content-layout":"default","site-content-style":"default","site-sidebar-style":"default","ast-global-header-display":"","ast-banner-title-visibility":"","ast-main-header-display":"","ast-hfb-above-header-display":"","ast-hfb-below-header-display":"","ast-hfb-mobile-header-display":"","site-post-title":"disabled","ast-breadcrumbs-content":"","ast-featured-img":"disabled","footer-sml-layout":"","ast-disable-related-posts":"","theme-transparent-header-meta":"default","adv-header-id-meta":"","stick-header-meta":"default","header-above-stick-meta":"","header-main-stick-meta":"","header-below-stick-meta":"","astra-migrate-meta-layouts":"set","ast-page-background-enabled":"default","ast-page-background-meta":{"desktop":{"background-color":"","background-image":"","background-repeat":"repeat","background-position":"center center","background-size":"auto","background-attachment":"scroll","background-type":"","background-media":"","overlay-type":"","overlay-color":"","overlay-opacity":"","overlay-gradient":""},"tablet":{"background-color":"","background-image":"","background-repeat":"repeat","background-position":"center center","background-size":"auto","background-attachment":"scroll","background-type":"","background-media":"","overlay-type":"","overlay-color":"","overlay-opacity":"","overlay-gradient":""},"mobile":{"background-color":"","background-image":"","background-repeat":"repeat","background-position":"center center","background-size":"auto","background-attachment":"scroll","background-type":"","background-media":"","overlay-type":"","overlay-color":"","overlay-opacity":"","overlay-gradient":""}},"ast-content-background-meta":{"desktop":{"background-color":"var(--ast-global-color-5)","background-image":"","background-repeat":"repeat","background-position":"center center","background-size":"auto","background-attachment":"scroll","background-type":"","background-media":"","overlay-type":"","overlay-color":"","overlay-opacity":"","overlay-gradient":""},"tablet":{"background-color":"var(--ast-global-color-5)","background-image":"","background-repeat":"repeat","background-position":"center center","background-size":"auto","background-attachment":"scroll","background-type":"","background-media":"","overlay-type":"","overlay-color":"","overlay-opacity":"","overlay-gradient":""},"mobile":{"background-color":"var(--ast-global-color-5)","background-image":"","background-repeat":"repeat","background-position":"center center","background-size":"auto","background-attachment":"scroll","background-type":"","background-media":"","overlay-type":"","overlay-color":"","overlay-opacity":"","overlay-gradient":""}},"footnotes":""},"class_list":["post-3527","page","type-page","status-publish","hentry"],"_links":{"self":[{"href":"https:\/\/www.hicreategames.com\/es\/wp-json\/wp\/v2\/pages\/3527","targetHints":{"allow":["GET"]}}],"collection":[{"href":"https:\/\/www.hicreategames.com\/es\/wp-json\/wp\/v2\/pages"}],"about":[{"href":"https:\/\/www.hicreategames.com\/es\/wp-json\/wp\/v2\/types\/page"}],"author":[{"embeddable":true,"href":"https:\/\/www.hicreategames.com\/es\/wp-json\/wp\/v2\/users\/1"}],"replies":[{"embeddable":true,"href":"https:\/\/www.hicreategames.com\/es\/wp-json\/wp\/v2\/comments?post=3527"}],"version-history":[{"count":5,"href":"https:\/\/www.hicreategames.com\/es\/wp-json\/wp\/v2\/pages\/3527\/revisions"}],"predecessor-version":[{"id":26589,"href":"https:\/\/www.hicreategames.com\/es\/wp-json\/wp\/v2\/pages\/3527\/revisions\/26589"}],"wp:attachment":[{"href":"https:\/\/www.hicreategames.com\/es\/wp-json\/wp\/v2\/media?parent=3527"}],"curies":[{"name":"wp","href":"https:\/\/api.w.org\/{rel}","templated":true}]}}