{"id":3531,"date":"2022-04-04T09:13:54","date_gmt":"2022-04-04T09:13:54","guid":{"rendered":"https:\/\/www.hicreategames.com\/tablero-de-juego-personalizado\/"},"modified":"2025-08-27T06:56:58","modified_gmt":"2025-08-27T06:56:58","slug":"tablero-de-juego-personalizado","status":"publish","type":"page","link":"https:\/\/www.hicreategames.com\/es\/tablero-de-juego-personalizado\/","title":{"rendered":"Tablero de Juego Personalizado"},"content":{"rendered":"\n\n\t<h3>\n\t\t\t\tTablero de Juego Personalizado\n\t\t\t<\/h3>\n\t<p>Desde simples tableros plegables hasta elaborados dise\u00f1os modulares, nos especializamos en la fabricaci\u00f3n de tableros de juego de alta calidad y totalmente personalizables, adaptados a su visi\u00f3n.<\/p>\n\t\t\t<a href=\"#\" role=\"button\">\n\t\t\t\t\t\t\tSolicite un Presupuesto\n\t\t\t\t\t<\/a>\n\t\t\t\n<div class=\"wpcf7 no-js\" id=\"wpcf7-f3522-o1\" lang=\"es-ES\" dir=\"ltr\" data-wpcf7-id=\"3522\">\n<div class=\"screen-reader-response\"><p role=\"status\" aria-live=\"polite\" aria-atomic=\"true\"><\/p> <ul><\/ul><\/div>\n<form action=\"\/es\/wp-json\/wp\/v2\/pages\/3531#wpcf7-f3522-o1\" method=\"post\" class=\"wpcf7-form init\" aria-label=\"Formulario de contacto\" enctype=\"multipart\/form-data\" novalidate=\"novalidate\" data-status=\"init\">\n<fieldset class=\"hidden-fields-container\"><input type=\"hidden\" name=\"_wpcf7\" value=\"3522\" \/><input type=\"hidden\" name=\"_wpcf7_version\" value=\"6.1.5\" \/><input type=\"hidden\" name=\"_wpcf7_locale\" value=\"es_ES\" \/><input type=\"hidden\" name=\"_wpcf7_unit_tag\" value=\"wpcf7-f3522-o1\" \/><input type=\"hidden\" name=\"_wpcf7_container_post\" value=\"0\" \/><input type=\"hidden\" name=\"_wpcf7_posted_data_hash\" value=\"\" \/><input type=\"hidden\" name=\"_wpcf7_recaptcha_response\" value=\"\" \/>\n<\/fieldset>\n<p><label> Su nombre<br \/>\n<span class=\"wpcf7-form-control-wrap\" data-name=\"your-name\"><input size=\"40\" maxlength=\"400\" class=\"wpcf7-form-control wpcf7-text wpcf7-validates-as-required\" aria-required=\"true\" aria-invalid=\"false\" value=\"\" type=\"text\" name=\"your-name\" \/><\/span> <\/label>\n<\/p>\n<p><label> Tu correo electr\u00f3nico<br \/>\n<span class=\"wpcf7-form-control-wrap\" data-name=\"your-email\"><input size=\"40\" maxlength=\"400\" class=\"wpcf7-form-control wpcf7-email wpcf7-validates-as-required wpcf7-text wpcf7-validates-as-email\" aria-required=\"true\" aria-invalid=\"false\" value=\"\" type=\"email\" name=\"your-email\" \/><\/span> <\/label>\n<\/p>\n<p><label> Cantidad m\u00ednima de pedido<br \/>\n<span class=\"wpcf7-form-control-wrap\" data-name=\"menu-734\"><select class=\"wpcf7-form-control wpcf7-select wpcf7-validates-as-required\" aria-required=\"true\" aria-invalid=\"false\" name=\"menu-734\"><option value=\"\">&#8212;Por favor, elige una opci\u00f3n&#8212;<\/option><option value=\"300\">300<\/option><option value=\"500\">500<\/option><option value=\"1000\">1000<\/option><\/select><\/span> <\/label>\n<\/p>\n<p><label> Tu mensaje<br \/>\n<span class=\"wpcf7-form-control-wrap\" data-name=\"your-message\"><textarea cols=\"40\" rows=\"10\" maxlength=\"2000\" class=\"wpcf7-form-control wpcf7-textarea wpcf7-validates-as-required\" aria-required=\"true\" aria-invalid=\"false\" name=\"your-message\"><\/textarea><\/span> <\/label>\n<\/p>\n<p><label> Tu archivo (opcional)<br \/>\n<span class=\"wpcf7-form-control-wrap\" data-name=\"file-978\"><input size=\"40\" class=\"wpcf7-form-control wpcf7-file\" accept=\"audio\/*,video\/*,image\/*\" aria-invalid=\"false\" type=\"file\" name=\"file-978\" \/><\/span> <\/label>\n<\/p>\n<p><span class=\"wpcf7-form-control-wrap\" data-name=\"quiz-747\"><label><span class=\"wpcf7-quiz-label\">2+6=?<\/span> <input size=\"40\" class=\"wpcf7-form-control wpcf7-quiz\" autocomplete=\"off\" aria-required=\"true\" aria-invalid=\"false\" type=\"text\" name=\"quiz-747\" \/><\/label><input type=\"hidden\" name=\"_wpcf7_quiz_answer_quiz-747\" value=\"34fe0dce70d770da3a4b02c0e1fa88fe\" \/><\/span>\n<\/p>\n<p><input class=\"wpcf7-form-control wpcf7-submit has-spinner\" type=\"submit\" value=\"Entregar\" \/>\n<\/p><div class=\"wpcf7-response-output\" aria-hidden=\"true\"><\/div>\n<\/form>\n<\/div>\n\t\t\n\t<h3>\n\t\t\t\t\u00bfQu\u00e9 podemos personalizar para el tablero de juego?\n\t\t\t<\/h3>\n\t\t\t\t<img decoding=\"async\" src=\"https:\/\/www.hicreategames.com\/wp-content\/uploads\/2023\/07\/Maquina-formadora-automatica-de-tableros-de-juego-Yamaha.jpg\" alt=\"M\u00e1quina formadora autom\u00e1tica de tableros de juego Yamaha\" itemprop=\"image\" height=\"959\" width=\"640\" title=\"M\u00e1quina formadora autom\u00e1tica de tableros de juego Yamaha\" onerror=\"this.style.display='none'\" loading=\"lazy\" \/>\n\t<p><em>M\u00e1quina formadora autom\u00e1tica de tableros de juego Yamaha<\/em><\/p>\n\t<ul>\n<li>Aceptar tama\u00f1o personalizado<\/li>\n<li>El tama\u00f1o m\u00e1ximo es de 100*80 cm.<\/li>\n<\/ul>\n\t<ul>\n<li>157 g\/ <span id=\"su_tooltip_69e11f1691079_button\" class=\"su-tooltip-button su-tooltip-button-outline-yes\" aria-describedby=\"su_tooltip_69e11f1691079\" data-settings='{\"position\":\"top\",\"behavior\":\"hover\",\"hideDelay\":0}' tabindex=\"0\"><u>m\u00b2 C2S<\/u><\/span><span style=\"display:none;z-index:100\" id=\"su_tooltip_69e11f1691079\" class=\"su-tooltip\" role=\"tooltip\"><span class=\"su-tooltip-inner su-tooltip-shadow-yes\" style=\"z-index:100;background:#ffffff;color:#00000;font-size:14px;border-radius:5px;text-align:left;max-width:300px;line-height:1.25\"><span class=\"su-tooltip-title\"><\/span><span class=\"su-tooltip-content su-u-trim\">dos caras recubiertas<\/span><\/span><span id=\"su_tooltip_69e11f1691079_arrow\" class=\"su-tooltip-arrow\" style=\"z-index:100;background:#ffffff\" data-popper-arrow><\/span><\/span> + pizarra gris + papel envolvente negro<\/li>\n<\/ul>\n\t<ul>\n<li>1,2 mm\/1,5 mm\/1,8 mm\/2,0 mm<\/li>\n<\/ul>\n\t<ul>\n<li>3~5mm<\/li>\n<\/ul>\n\t<ul>\n<li>Doble, triple, cu\u00e1druple, s\u00e9xtuple, en acorde\u00f3n, enrollable y en rompecabezas.<\/li>\n<\/ul>\n\t<ul>\n<li>Barniz Brillo\/Mate<\/li>\n<li>Laminaci\u00f3n Brillo\/Mate<\/li>\n<\/ul>\n\t<ul>\n<li>PDF, PSD, AI o CRD<\/li>\n<\/ul>\n\t<ul>\n<li>Al menos 300 ppp o m\u00e1s<\/li>\n<\/ul>\n\t<ul>\n<li>CMYK (cian, magenta, amarillo y negro).<\/li>\n<li>El negro necesita negro puro (C:0 %,M:0% , Y:0 %,K:100% )<\/li>\n<\/ul>\n\t<ul>\n<li>4C\/4C (impresi\u00f3n a 2 caras en 4 colores)<\/li>\n<li>4C\/0C (impresi\u00f3n a 1 cara en 4 colores)<\/li>\n<\/ul>\n\t<h3>\n\t\t\t\tFactores que afectan al coste de los tableros de juego\n\t\t\t<\/h3>\n\t\t\t<p>El coste de los tableros de juego puede variar mucho en funci\u00f3n de muchos factores, como el tama\u00f1o, los materiales, el grosor, las opciones de plegado, el tratamiento de la superficie, la complejidad del dise\u00f1o y otros servicios personalizados.<\/p>\t\n\t<p>Por lo general, los tableros de juego m\u00e1s grandes requieren m\u00e1s materiales y tiempo de fabricaci\u00f3n. Adem\u00e1s, necesitan materiales de embalaje m\u00e1s grandes y tienen gastos de env\u00edo m\u00e1s elevados. <\/p>\n\t<p>El cart\u00f3n es m\u00e1s asequible que otros materiales, como el pl\u00e1stico, la madera y el metal. Aparte de esto, los diferentes tipos de cart\u00f3n tambi\u00e9n pueden afectar al coste. <\/p>\n\t<p>Los tableros de juego m\u00e1s gruesos suelen requerir m\u00e1s materiales y maquinaria y procesos de producci\u00f3n m\u00e1s complejos, lo que aumenta los costes de producci\u00f3n.<\/p>\n\t<p>Los tableros de juego que requieren m\u00e1s opciones de plegado tienden a ser m\u00e1s complejos, ya que necesitan maquinaria especializada y trabajadores cualificados para garantizar el proceso de plegado correcto.<\/p>\n\t<p>Los tratamientos de superficie m\u00e1s complejos, como el estampado en relieve, el laminado o el recubrimiento UV selectivo, requieren equipos y mano de obra especializados, lo que aumenta el coste de producci\u00f3n.<\/p>\n\t<p>Cuanto m\u00e1s complejo es el dise\u00f1o de los tableros de juego, m\u00e1s tiempo, esfuerzo y recursos se necesitan para crearlos, lo que a su vez puede suponer un mayor coste.<\/p>\n\t<h3>\n\t\t\t\t\u00bfC\u00f3mo elegir el grosor adecuado?\n\t\t\t<\/h3>\n\t\t<meta itemprop=\"url\" content=\"https:\/\/www.hicreategames.com\/wp-content\/uploads\/2022\/04\/custom-game-board.mp4\" \/><div style=\"width: 640px;\" class=\"wp-video\"><video class=\"wp-video-shortcode\" id=\"video-3531-1\" width=\"640\" height=\"360\" poster=\"https:\/\/www.hicreategames.com\/wp-content\/uploads\/2025\/08\/Grosor-del-tablero-de-juego.jpg\" preload=\"none\" controls=\"controls\"><source type=\"video\/mp4\" src=\"https:\/\/www.hicreategames.com\/wp-content\/uploads\/2022\/04\/custom-game-board.mp4?_=1\" \/><source type=\"video\/mp4\" src=\"https:\/\/www.hicreategames.com\/wp-content\/uploads\/2022\/04\/custom-game-board.mp4?_=1\" \/><a href=\"https:\/\/www.hicreategames.com\/wp-content\/uploads\/2022\/04\/custom-game-board.mp4\">https:\/\/www.hicreategames.com\/wp-content\/uploads\/2022\/04\/custom-game-board.mp4<\/a><\/video><\/div>\t\n\t<p>Establecemos el tama\u00f1o de la caja seg\u00fan el tama\u00f1o del tablero de juego y sus opciones de plegado.<\/p>\n<p>Por lo general, establecemos el tama\u00f1o del tablero de 50&#215;50 cm como valor cr\u00edtico.<\/p>\n<ul>\n<li>Si la longitud o anchura de su tablero de juego es &lt;50 cm, puede elegir nuestro tablero gris de 1,5 mm.<\/li>\n<li>Si la longitud o anchura del tablero de juego es &gt;50 cm, puede elegir nuestro tablero gris de \u22651,8 mm.<\/li>\n<\/ul>\n<p>Si tiene un tablero de juego grande y usa un tablero gris delgado, el tablero se deformar\u00e1 f\u00e1cilmente.<\/p>\n\t<h3>\n\t\t\t\tOpciones de plegado\n\t\t\t<\/h3>\n\t\t\t\t<img decoding=\"async\" src=\"https:\/\/www.hicreategames.com\/wp-content\/uploads\/2025\/08\/Tableros-de-juego-plegado-dupla.png\" alt=\"Tableros de juego plegado dupla\" itemprop=\"image\" height=\"310\" width=\"355\" title=\"Tableros de juego plegado dupla\" onerror=\"this.style.display='none'\" loading=\"lazy\" \/>\n\t<h5>\n\t\t\t\tDoble plegado\n\t\t\t<\/h5>\n\t\t\t<p>Esta es la forma m\u00e1s com\u00fan de plegar los tableros de juego. Se utilizan habitualmente para juegos de mesa que tienen superficies de juego m\u00e1s grandes o que incluyen m\u00faltiples componentes. <\/p>\t\n\t\t\t\t<img decoding=\"async\" src=\"https:\/\/www.hicreategames.com\/wp-content\/uploads\/2025\/08\/Tableros-de-juego-plegado-tripla.png\" alt=\"Tableros de juego plegado tripla\" itemprop=\"image\" height=\"310\" width=\"355\" title=\"Tableros de juego plegado tripla\" onerror=\"this.style.display='none'\" loading=\"lazy\" \/>\n\t<h5>\n\t\t\t\tTriple plegado\n\t\t\t<\/h5>\n\t\t\t<p>El tablero de juego con triple plegado es una opci\u00f3n muy popular, ya que ofrece una gran superficie de juego y es f\u00e1cil de transportar y guardar. Tambi\u00e9n es una soluci\u00f3n m\u00e1s econ\u00f3mica que un tablero grande \u00fanico. <\/p>\t\n\t\t\t\t<img decoding=\"async\" src=\"https:\/\/www.hicreategames.com\/wp-content\/uploads\/2025\/08\/Tableros-de-juego-plegado-quadrupla.png\" alt=\"Tableros de juego plegado qu\u00e1drupla\" itemprop=\"image\" height=\"310\" width=\"355\" title=\"Tableros de juego plegado qu\u00e1drupla\" onerror=\"this.style.display='none'\" loading=\"lazy\" \/>\n\t<h5>\n\t\t\t\tCu\u00e1druple plegado\n\t\t\t<\/h5>\n\t\t\t<p>Cuando se despliega, el tablero de juego con cu\u00e1druple plegado queda plano, lo que proporciona una gran superficie de juego. A la hora de guardar el juego, el tablero se puede plegar en cuatro partes, lo que facilita su almacenamiento. <\/p> \t\n\t\t\t\t<img decoding=\"async\" src=\"https:\/\/www.hicreategames.com\/wp-content\/uploads\/2025\/08\/Tableros-de-juego-plegado-sextupla.png\" alt=\"Tableros de juego plegado sextupla\" itemprop=\"image\" height=\"310\" width=\"355\" title=\"Tableros de juego plegado sextupla\" onerror=\"this.style.display='none'\" loading=\"lazy\" \/>\n\t<h5>\n\t\t\t\tSeis pliegues\n\t\t\t<\/h5>\n\t\t\t<p>Es un tipo de tablero de juego que se puede plegar en seis secciones. Normalmente est\u00e1 fabricado con materiales resistentes, como cart\u00f3n o pl\u00e1stico, y est\u00e1 dise\u00f1ado para utilizarse en una gran variedad de juegos diferentes. <\/p> \t\n\t<h3>\n\t\t\t\tTratamiento de la superficie de los tableros de juego\n\t\t\t<\/h3>\n\t\t\t<p>Depende del efecto de impresi\u00f3n, el nivel de protecci\u00f3n que desee y el presupuesto.<\/p>\t\n\t<strong>Tratamiento superficial con barniz<br \/>\n<\/strong>El barniz es el proceso de aplicar una capa transparente de silicona sobre la superficie del tablero para protegerlo y darle un acabado brillante.\n<div class=\"i2-pros-cons-icons i2-pros-cons-main-wrapper theme-i2pc-theme-1000 no-title no-button no-space-between-column no-outer-border no-round-corner no-heading-icon\"><div class=\"i2-pros-cons-wrapper\"><div class=\"i2-pros\"><strong class=\"i2-pros-title\">Ventaja<\/strong><div class=\"section\"><ul class='has-icon'><li><i class='icon icon-thumbs-up'><\/i>M\u00e1s econ\u00f3mico<\/li><li><i class='icon icon-thumbs-up'><\/i>Ecol\u00f3gico<\/li><\/ul><\/div><\/div><div class=\"i2-cons\"><strong class=\"i2-cons-title\">Defecto<\/strong><div class=\"section\"><ul class='has-icon'><li><i class='icon icon-thumbs-down'><\/i>Menos Protecci\u00f3n<\/li><\/ul><\/div><\/div><\/div><\/div>\n\t<strong>Tratamiento superficial con laminado<\/strong><br \/>\nEl laminado es el proceso de aplicar una pel\u00edcula de pl\u00e1stico a la superficie del tablero para protegerlo del desgaste.\n<div class=\"i2-pros-cons-icons i2-pros-cons-main-wrapper theme-i2pc-theme-1000 no-title no-button no-space-between-column no-outer-border no-round-corner no-heading-icon\"><div class=\"i2-pros-cons-wrapper\"><div class=\"i2-pros\"><strong class=\"i2-pros-title\">Ventaja<\/strong><div class=\"section\"><ul class='has-icon'><li><i class='icon icon-thumbs-up'><\/i>M\u00e1s protecci\u00f3n<\/li><\/ul><\/div><\/div><div class=\"i2-cons\"><strong class=\"i2-cons-title\">Defecto<\/strong><div class=\"section\"><ul class='has-icon'><li><i class='icon icon-thumbs-down'><\/i>Menos ecol\u00f3gico<\/li><li><i class='icon icon-thumbs-down'><\/i>M\u00e1s caros<\/li><\/ul><\/div><\/div><\/div><\/div>\n\t\t\t\t<img decoding=\"async\" src=\"https:\/\/www.hicreategames.com\/wp-content\/uploads\/2025\/08\/Tableros-de-juego.jpg\" alt=\"Tableros de juego\" itemprop=\"image\" height=\"800\" width=\"800\" title=\"Tableros de juego\" onerror=\"this.style.display='none'\" loading=\"lazy\" \/>\n\t<h3>\n\t\t\t\tCont\u00e1ctanos Ahora\n\t\t\t<\/h3>\n\t\n<div class=\"wpcf7 no-js\" id=\"wpcf7-f3522-o2\" lang=\"es-ES\" dir=\"ltr\" data-wpcf7-id=\"3522\">\n<div class=\"screen-reader-response\"><p role=\"status\" aria-live=\"polite\" aria-atomic=\"true\"><\/p> <ul><\/ul><\/div>\n<form action=\"\/es\/wp-json\/wp\/v2\/pages\/3531#wpcf7-f3522-o2\" method=\"post\" class=\"wpcf7-form init\" aria-label=\"Formulario de contacto\" enctype=\"multipart\/form-data\" novalidate=\"novalidate\" data-status=\"init\">\n<fieldset class=\"hidden-fields-container\"><input type=\"hidden\" name=\"_wpcf7\" value=\"3522\" \/><input type=\"hidden\" name=\"_wpcf7_version\" value=\"6.1.5\" \/><input type=\"hidden\" name=\"_wpcf7_locale\" value=\"es_ES\" \/><input type=\"hidden\" name=\"_wpcf7_unit_tag\" value=\"wpcf7-f3522-o2\" \/><input type=\"hidden\" name=\"_wpcf7_container_post\" value=\"0\" \/><input type=\"hidden\" name=\"_wpcf7_posted_data_hash\" value=\"\" \/><input type=\"hidden\" name=\"_wpcf7_recaptcha_response\" value=\"\" \/>\n<\/fieldset>\n<p><label> Su nombre<br \/>\n<span class=\"wpcf7-form-control-wrap\" data-name=\"your-name\"><input size=\"40\" maxlength=\"400\" class=\"wpcf7-form-control wpcf7-text wpcf7-validates-as-required\" aria-required=\"true\" aria-invalid=\"false\" value=\"\" type=\"text\" name=\"your-name\" \/><\/span> <\/label>\n<\/p>\n<p><label> Tu correo electr\u00f3nico<br \/>\n<span class=\"wpcf7-form-control-wrap\" data-name=\"your-email\"><input size=\"40\" maxlength=\"400\" class=\"wpcf7-form-control wpcf7-email wpcf7-validates-as-required wpcf7-text wpcf7-validates-as-email\" aria-required=\"true\" aria-invalid=\"false\" value=\"\" type=\"email\" name=\"your-email\" \/><\/span> <\/label>\n<\/p>\n<p><label> Cantidad m\u00ednima de pedido<br \/>\n<span class=\"wpcf7-form-control-wrap\" data-name=\"menu-734\"><select class=\"wpcf7-form-control wpcf7-select wpcf7-validates-as-required\" aria-required=\"true\" aria-invalid=\"false\" name=\"menu-734\"><option value=\"\">&#8212;Por favor, elige una opci\u00f3n&#8212;<\/option><option value=\"300\">300<\/option><option value=\"500\">500<\/option><option value=\"1000\">1000<\/option><\/select><\/span> <\/label>\n<\/p>\n<p><label> Tu mensaje<br \/>\n<span class=\"wpcf7-form-control-wrap\" data-name=\"your-message\"><textarea cols=\"40\" rows=\"10\" maxlength=\"2000\" class=\"wpcf7-form-control wpcf7-textarea wpcf7-validates-as-required\" aria-required=\"true\" aria-invalid=\"false\" name=\"your-message\"><\/textarea><\/span> <\/label>\n<\/p>\n<p><label> Tu archivo (opcional)<br \/>\n<span class=\"wpcf7-form-control-wrap\" data-name=\"file-978\"><input size=\"40\" class=\"wpcf7-form-control wpcf7-file\" accept=\"audio\/*,video\/*,image\/*\" aria-invalid=\"false\" type=\"file\" name=\"file-978\" \/><\/span> <\/label>\n<\/p>\n<p><span class=\"wpcf7-form-control-wrap\" data-name=\"quiz-747\"><label><span class=\"wpcf7-quiz-label\">2+6=?<\/span> <input size=\"40\" class=\"wpcf7-form-control wpcf7-quiz\" autocomplete=\"off\" aria-required=\"true\" aria-invalid=\"false\" type=\"text\" name=\"quiz-747\" \/><\/label><input type=\"hidden\" name=\"_wpcf7_quiz_answer_quiz-747\" value=\"34fe0dce70d770da3a4b02c0e1fa88fe\" \/><\/span>\n<\/p>\n<p><input class=\"wpcf7-form-control wpcf7-submit has-spinner\" type=\"submit\" value=\"Entregar\" \/>\n<\/p><div class=\"wpcf7-response-output\" aria-hidden=\"true\"><\/div>\n<\/form>\n<\/div>\n\n\n","protected":false},"excerpt":{"rendered":"<p>Tablero de Juego Personalizado Desde simples tableros plegables hasta elaborados dise\u00f1os modulares, nos especializamos en la fabricaci\u00f3n de tableros de juego de alta calidad y totalmente personalizables, adaptados a su visi\u00f3n. Solicite un Presupuesto \u00bfQu\u00e9 podemos personalizar para el tablero de juego? M\u00e1quina formadora autom\u00e1tica de tableros de juego Yamaha [&hellip;]<\/p>\n","protected":false},"author":1,"featured_media":0,"parent":0,"menu_order":0,"comment_status":"closed","ping_status":"closed","template":"","meta":{"site-sidebar-layout":"no-sidebar","site-content-layout":"page-builder","ast-site-content-layout":"default","site-content-style":"default","site-sidebar-style":"default","ast-global-header-display":"","ast-banner-title-visibility":"","ast-main-header-display":"","ast-hfb-above-header-display":"","ast-hfb-below-header-display":"","ast-hfb-mobile-header-display":"","site-post-title":"disabled","ast-breadcrumbs-content":"","ast-featured-img":"disabled","footer-sml-layout":"","ast-disable-related-posts":"","theme-transparent-header-meta":"default","adv-header-id-meta":"","stick-header-meta":"default","header-above-stick-meta":"","header-main-stick-meta":"","header-below-stick-meta":"","astra-migrate-meta-layouts":"default","ast-page-background-enabled":"default","ast-page-background-meta":{"desktop":{"background-color":"","background-image":"","background-repeat":"repeat","background-position":"center center","background-size":"auto","background-attachment":"scroll","background-type":"","background-media":"","overlay-type":"","overlay-color":"","overlay-opacity":"","overlay-gradient":""},"tablet":{"background-color":"","background-image":"","background-repeat":"repeat","background-position":"center center","background-size":"auto","background-attachment":"scroll","background-type":"","background-media":"","overlay-type":"","overlay-color":"","overlay-opacity":"","overlay-gradient":""},"mobile":{"background-color":"","background-image":"","background-repeat":"repeat","background-position":"center center","background-size":"auto","background-attachment":"scroll","background-type":"","background-media":"","overlay-type":"","overlay-color":"","overlay-opacity":"","overlay-gradient":""}},"ast-content-background-meta":{"desktop":{"background-color":"var(--ast-global-color-5)","background-image":"","background-repeat":"repeat","background-position":"center center","background-size":"auto","background-attachment":"scroll","background-type":"","background-media":"","overlay-type":"","overlay-color":"","overlay-opacity":"","overlay-gradient":""},"tablet":{"background-color":"var(--ast-global-color-5)","background-image":"","background-repeat":"repeat","background-position":"center center","background-size":"auto","background-attachment":"scroll","background-type":"","background-media":"","overlay-type":"","overlay-color":"","overlay-opacity":"","overlay-gradient":""},"mobile":{"background-color":"var(--ast-global-color-5)","background-image":"","background-repeat":"repeat","background-position":"center center","background-size":"auto","background-attachment":"scroll","background-type":"","background-media":"","overlay-type":"","overlay-color":"","overlay-opacity":"","overlay-gradient":""}},"footnotes":""},"class_list":["post-3531","page","type-page","status-publish","hentry"],"_links":{"self":[{"href":"https:\/\/www.hicreategames.com\/es\/wp-json\/wp\/v2\/pages\/3531","targetHints":{"allow":["GET"]}}],"collection":[{"href":"https:\/\/www.hicreategames.com\/es\/wp-json\/wp\/v2\/pages"}],"about":[{"href":"https:\/\/www.hicreategames.com\/es\/wp-json\/wp\/v2\/types\/page"}],"author":[{"embeddable":true,"href":"https:\/\/www.hicreategames.com\/es\/wp-json\/wp\/v2\/users\/1"}],"replies":[{"embeddable":true,"href":"https:\/\/www.hicreategames.com\/es\/wp-json\/wp\/v2\/comments?post=3531"}],"version-history":[{"count":2,"href":"https:\/\/www.hicreategames.com\/es\/wp-json\/wp\/v2\/pages\/3531\/revisions"}],"predecessor-version":[{"id":25759,"href":"https:\/\/www.hicreategames.com\/es\/wp-json\/wp\/v2\/pages\/3531\/revisions\/25759"}],"wp:attachment":[{"href":"https:\/\/www.hicreategames.com\/es\/wp-json\/wp\/v2\/media?parent=3531"}],"curies":[{"name":"wp","href":"https:\/\/api.w.org\/{rel}","templated":true}]}}