{"id":3536,"date":"2022-04-06T11:19:27","date_gmt":"2022-04-06T11:19:27","guid":{"rendered":"https:\/\/www.hicreategames.com\/miniaturas-personalizadas\/"},"modified":"2025-08-27T10:54:41","modified_gmt":"2025-08-27T10:54:41","slug":"miniaturas-personalizadas","status":"publish","type":"page","link":"https:\/\/www.hicreategames.com\/es\/miniaturas-personalizadas\/","title":{"rendered":"Miniaturas Personalizadas"},"content":{"rendered":"\n<h3>\n\t\tPersonaliza e Imprime tus Miniaturas\n\t<\/h3>\n\t\t\t<a href=\"#\" role=\"button\">\n\t\t\t\t\t\t\tCont\u00e1ctanos y sube tus ideas\n\t\t\t<\/a>\n\t\t\n<div class=\"wpcf7 no-js\" id=\"wpcf7-f3522-o1\" lang=\"es-ES\" dir=\"ltr\" data-wpcf7-id=\"3522\">\n<div class=\"screen-reader-response\"><p role=\"status\" aria-live=\"polite\" aria-atomic=\"true\"><\/p> <ul><\/ul><\/div>\n<form action=\"\/es\/wp-json\/wp\/v2\/pages\/3536#wpcf7-f3522-o1\" method=\"post\" class=\"wpcf7-form init\" aria-label=\"Formulario de contacto\" enctype=\"multipart\/form-data\" novalidate=\"novalidate\" data-status=\"init\">\n<fieldset class=\"hidden-fields-container\"><input type=\"hidden\" name=\"_wpcf7\" value=\"3522\" \/><input type=\"hidden\" name=\"_wpcf7_version\" value=\"6.1.5\" \/><input type=\"hidden\" name=\"_wpcf7_locale\" value=\"es_ES\" \/><input type=\"hidden\" name=\"_wpcf7_unit_tag\" value=\"wpcf7-f3522-o1\" \/><input type=\"hidden\" name=\"_wpcf7_container_post\" value=\"0\" \/><input type=\"hidden\" name=\"_wpcf7_posted_data_hash\" value=\"\" \/><input type=\"hidden\" name=\"_wpcf7_recaptcha_response\" value=\"\" \/>\n<\/fieldset>\n<p><label> Su nombre<br \/>\n<span class=\"wpcf7-form-control-wrap\" data-name=\"your-name\"><input size=\"40\" maxlength=\"400\" class=\"wpcf7-form-control wpcf7-text wpcf7-validates-as-required\" aria-required=\"true\" aria-invalid=\"false\" value=\"\" type=\"text\" name=\"your-name\" \/><\/span> <\/label>\n<\/p>\n<p><label> Tu correo electr\u00f3nico<br \/>\n<span class=\"wpcf7-form-control-wrap\" data-name=\"your-email\"><input size=\"40\" maxlength=\"400\" class=\"wpcf7-form-control wpcf7-email wpcf7-validates-as-required wpcf7-text wpcf7-validates-as-email\" aria-required=\"true\" aria-invalid=\"false\" value=\"\" type=\"email\" name=\"your-email\" \/><\/span> <\/label>\n<\/p>\n<p><label> Cantidad m\u00ednima de pedido<br \/>\n<span class=\"wpcf7-form-control-wrap\" data-name=\"menu-734\"><select class=\"wpcf7-form-control wpcf7-select wpcf7-validates-as-required\" aria-required=\"true\" aria-invalid=\"false\" name=\"menu-734\"><option value=\"\">&#8212;Por favor, elige una opci\u00f3n&#8212;<\/option><option value=\"300\">300<\/option><option value=\"500\">500<\/option><option value=\"1000\">1000<\/option><\/select><\/span> <\/label>\n<\/p>\n<p><label> Tu mensaje<br \/>\n<span class=\"wpcf7-form-control-wrap\" data-name=\"your-message\"><textarea cols=\"40\" rows=\"10\" maxlength=\"2000\" class=\"wpcf7-form-control wpcf7-textarea wpcf7-validates-as-required\" aria-required=\"true\" aria-invalid=\"false\" name=\"your-message\"><\/textarea><\/span> <\/label>\n<\/p>\n<p><label> Tu archivo (opcional)<br \/>\n<span class=\"wpcf7-form-control-wrap\" data-name=\"file-978\"><input size=\"40\" class=\"wpcf7-form-control wpcf7-file\" accept=\"audio\/*,video\/*,image\/*\" aria-invalid=\"false\" type=\"file\" name=\"file-978\" \/><\/span> <\/label>\n<\/p>\n<p><span class=\"wpcf7-form-control-wrap\" data-name=\"quiz-747\"><label><span class=\"wpcf7-quiz-label\">2+6=?<\/span> <input size=\"40\" class=\"wpcf7-form-control wpcf7-quiz\" autocomplete=\"off\" aria-required=\"true\" aria-invalid=\"false\" type=\"text\" name=\"quiz-747\" \/><\/label><input type=\"hidden\" name=\"_wpcf7_quiz_answer_quiz-747\" value=\"34fe0dce70d770da3a4b02c0e1fa88fe\" \/><\/span>\n<\/p>\n<p><input class=\"wpcf7-form-control wpcf7-submit has-spinner\" type=\"submit\" value=\"Entregar\" \/>\n<\/p><div class=\"wpcf7-response-output\" aria-hidden=\"true\"><\/div>\n<\/form>\n<\/div>\n\t\n\t<h3>\n\t\t\t\tMiniaturas Personalizadas para Juegos\n\t\t\t<\/h3>\n\t\t\t<p>Las miniaturas personalizadas pueden agregar su toque personal a los juegos y hacerlos m\u00e1s envolventes y atractivos para los jugadores.<\/p>\t\n\t\t\t\t<img loading=\"lazy\" decoding=\"async\" src=\"https:\/\/www.hicreategames.com\/wp-content\/uploads\/2023\/02\/Dungeons-And-Dragons-Miniaturas.jpg\" alt=\"Dungeons And Dragons Miniaturas\" itemprop=\"image\" height=\"426\" width=\"640\" title=\"Dungeons And Dragons Miniaturas\" onerror=\"this.style.display='none'\"  \/>\n\t<h5>\n\t\t\t\tD&#038;D Miniaturas\n\t\t\t<\/h5>\n\t\t\t<p>Adem\u00e1s de imprimir, podemos ayudarlo a planificar sus dise\u00f1os en miniatura de D&amp;D, como materiales, tama\u00f1o, combinaci\u00f3n de colores y textura.<\/p>\t\n\t\t\t\t<img loading=\"lazy\" decoding=\"async\" src=\"https:\/\/www.hicreategames.com\/wp-content\/uploads\/2023\/02\/Warhammer-40k-Miniaturas.jpg\" alt=\"Warhammer 40k Miniaturas\" itemprop=\"image\" height=\"426\" width=\"640\" title=\"Warhammer 40k Miniaturas\" onerror=\"this.style.display='none'\"  \/>\n\t<h5>\n\t\t\t\tWarhammer 40k Miniaturas\n\t\t\t<\/h5>\n\t\t\t<p>Podr\u00eda inspirarse en tus personajes y ej\u00e9rcitos favoritos del juego de mesa Warhammer 40k, o podr\u00edas crear tu propio concepto.<\/p>\t\n\t\t\t\t<img loading=\"lazy\" decoding=\"async\" src=\"https:\/\/www.hicreategames.com\/wp-content\/uploads\/2023\/02\/Star-Wars-Miniaturas.jpg\" alt=\"Star Wars Miniaturas\" itemprop=\"image\" height=\"426\" width=\"640\" title=\"Star Wars Miniaturas\" onerror=\"this.style.display='none'\"  \/>\n\t<h5>\n\t\t\t\tStar Wars Miniaturas\n\t\t\t<\/h5>\n\t\t\t<p>Podemos ayudarte a personalizar los peinados, los colores de piel y mucho m\u00e1s de las miniaturas de Star Wars. \u00a1Lleva a tus tropas a la victoria ahora!<\/p>\t\n\t<h3>\n\t\t\t\tProceso de Producci\u00f3n de Miniaturas de Pl\u00e1stico\n\t\t\t<\/h3>\n\t<meta itemprop=\"url\" content=\"https:\/\/www.hicreategames.com\/wp-content\/uploads\/2022\/04\/Miniature-Procedure.mp4\" \/><div style=\"width: 640px;\" class=\"wp-video\"><video class=\"wp-video-shortcode\" id=\"video-3536-1\" width=\"640\" height=\"360\" preload=\"metadata\" controls=\"controls\"><source type=\"video\/mp4\" src=\"https:\/\/www.hicreategames.com\/wp-content\/uploads\/2022\/04\/Miniature-Procedure.mp4?_=1\" \/><source type=\"video\/mp4\" src=\"https:\/\/www.hicreategames.com\/wp-content\/uploads\/2022\/04\/Miniature-Procedure.mp4?_=1\" \/><a href=\"https:\/\/www.hicreategames.com\/wp-content\/uploads\/2022\/04\/Miniature-Procedure.mp4\">https:\/\/www.hicreategames.com\/wp-content\/uploads\/2022\/04\/Miniature-Procedure.mp4<\/a><\/video><\/div>\n\t<p>Procedimiento en miniatura<\/p>\n\t<p>1. Si tiene ilustraciones en 3D, haremos una muestra en 3D en una semana y se la enviaremos para su confirmaci\u00f3n. Luego abriremos los moldes (en un mes) y haremos una muestra de preproducci\u00f3n (PPS) en 3 a 5 d\u00edas para su confirmaci\u00f3n. Finalmente, organizaremos la producci\u00f3n en masa y los colorearemos.<\/p>\n<p>2. Si solo puede proporcionar fotos, le brindamos 2 opciones:<\/p>\n<ul>\n<li>1. Dibujaremos archivos STL que son caros y finos;<\/li>\n<li>2. Prototipo que es barato y menos fino.<\/li>\n<\/ul>\n<p>Luego haremos una muestra 3D, abriremos moldes, haremos una muestra de preproducci\u00f3n, producci\u00f3n en masa y coloreado.<\/p>\n<p>3. Para las muestras entrantes, las copiaremos haciendo una muestra de PU, los moldes abiertos, haremos una muestra de preproducci\u00f3n, producci\u00f3n en masa y coloreado.<\/p>\n\t<h3>\n\t\t\t\t\u00bfCu\u00e1nto Cuestan las Miniaturas Personalizadas?\n\t\t\t<\/h3>\n\t<meta itemprop=\"url\" content=\"https:\/\/www.hicreategames.com\/wp-content\/uploads\/2022\/04\/Custom-Miniatures.mp4\" \/><div style=\"width: 640px;\" class=\"wp-video\"><video class=\"wp-video-shortcode\" id=\"video-3536-2\" width=\"640\" height=\"360\" preload=\"metadata\" controls=\"controls\"><source type=\"video\/mp4\" src=\"https:\/\/www.hicreategames.com\/wp-content\/uploads\/2022\/04\/Custom-Miniatures.mp4?_=2\" \/><source type=\"video\/mp4\" src=\"https:\/\/www.hicreategames.com\/wp-content\/uploads\/2022\/04\/Custom-Miniatures.mp4?_=2\" \/><a href=\"https:\/\/www.hicreategames.com\/wp-content\/uploads\/2022\/04\/Custom-Miniatures.mp4\">https:\/\/www.hicreategames.com\/wp-content\/uploads\/2022\/04\/Custom-Miniatures.mp4<\/a><\/video><\/div>\n\t<meta itemprop=\"url\" content=\"https:\/\/www.hicreategames.com\/wp-content\/uploads\/2022\/04\/Plastic-Miniature.mp4\" \/><div style=\"width: 640px;\" class=\"wp-video\"><video class=\"wp-video-shortcode\" id=\"video-3536-3\" width=\"640\" height=\"360\" preload=\"metadata\" controls=\"controls\"><source type=\"video\/mp4\" src=\"https:\/\/www.hicreategames.com\/wp-content\/uploads\/2022\/04\/Plastic-Miniature.mp4?_=3\" \/><source type=\"video\/mp4\" src=\"https:\/\/www.hicreategames.com\/wp-content\/uploads\/2022\/04\/Plastic-Miniature.mp4?_=3\" \/><a href=\"https:\/\/www.hicreategames.com\/wp-content\/uploads\/2022\/04\/Plastic-Miniature.mp4\">https:\/\/www.hicreategames.com\/wp-content\/uploads\/2022\/04\/Plastic-Miniature.mp4<\/a><\/video><\/div>\n\t<p>El costo de las miniaturas de pl\u00e1stico personalizadas consta de dos partes: la carga del molde y el costo del producto.<\/p>\n<p><strong>1. Carga de molde<\/strong><\/p>\n<p>El costo de la moldura depende de la complejidad de tu miniatura. Por lo tanto, necesitamos confirmar el precio de acuerdo con su obra de arte. Si es necesario, necesitamos afinar su obra de arte.<\/p>\n<ul>\n<li>Para personalizar una miniatura m\u00e1s compleja, necesitamos dividir tu obra de arte para reflejar sus detalles; Luego, haz un molde separado para cada parte; Finalmente, ens\u00e1mblelos con pegamento.<\/li>\n<li>Miniatura con estructura simple, no hay necesidad de dividir su obra de arte.<\/li>\n<\/ul>\n<p><strong>2. Costo del producto<\/strong><\/p>\n<p>El precio del producto depende de la forma del m\u00e9todo de eyecci\u00f3n en miniatura, ya sea de una sola cavidad o de m\u00faltiples cavidades .<\/p>\n<p>Por lo tanto, la cotizaci\u00f3n exacta se basa en su obra de arte, los requisitos de formato de archivo son STL , OBJ y STP .<\/p>\n<p><strong>3. Tarifa de dise\u00f1o de ilustraciones<\/strong><\/p>\n<p>Podemos ayudar a los clientes a dibujar obras de arte y cobrar la tarifa correspondiente seg\u00fan el nivel de dificultad.<\/p>\n\t<h3>\n\t\t\t\tNuestras Opciones de Materiales para Muestras en Miniatura 3D\n\t\t\t<\/h3>\n\t<meta itemprop=\"url\" content=\"https:\/\/www.hicreategames.com\/wp-content\/uploads\/2022\/04\/Miniature-Materials.mp4\" \/><div style=\"width: 640px;\" class=\"wp-video\"><video class=\"wp-video-shortcode\" id=\"video-3536-4\" width=\"640\" height=\"360\" preload=\"metadata\" controls=\"controls\"><source type=\"video\/mp4\" src=\"https:\/\/www.hicreategames.com\/wp-content\/uploads\/2022\/04\/Miniature-Materials.mp4?_=4\" \/><source type=\"video\/mp4\" src=\"https:\/\/www.hicreategames.com\/wp-content\/uploads\/2022\/04\/Miniature-Materials.mp4?_=4\" \/><a href=\"https:\/\/www.hicreategames.com\/wp-content\/uploads\/2022\/04\/Miniature-Materials.mp4\">https:\/\/www.hicreategames.com\/wp-content\/uploads\/2022\/04\/Miniature-Materials.mp4<\/a><\/video><\/div>\n\t<p>A diferencia de las miniaturas de metal, podemos proporcionar muestras en 3D para miniaturas de pl\u00e1stico. Hay dos tipos de materiales para elegir para hacer muestras 3D.<\/p>\n<p><strong>1. Cera roja<\/strong><\/p>\n<p>Con mayor precisi\u00f3n, puede reflejar los detalles y restaurar perfectamente la obra de arte. Es m\u00e1s caro y normalmente se ha usado en miniaturas complejas.<\/p>\n<p><strong>2. Cera Blanca<\/strong><\/p>\n<p>Tiene menor precisi\u00f3n y se suele utilizar en miniaturas con dise\u00f1os sencillos.<\/p>\n<p><strong>3. PU<\/strong><\/p>\n<p>Generalmente, para presentar mejor los detalles del manuscrito de dise\u00f1o, proporcionamos muestras de cera roja, pero la cera roja es un material muy fr\u00e1gil y se da\u00f1a f\u00e1cilmente durante el transporte, por lo que tambi\u00e9n copiamos una muestra de PU para que la confirme.<\/p>\n<p><strong>4. PVC<\/strong><\/p>\n<p>Para la producci\u00f3n en masa final, utilizaremos material de PVC.<\/p>\n<p>En t\u00e9rminos comparativos, las muestras de PU son m\u00e1s fuertes y se da\u00f1an con menos facilidad durante el transporte; pero todav\u00eda son relativamente fr\u00e1giles en comparaci\u00f3n con los materiales de PVC.<\/p>\n\t\t\t\t<img loading=\"lazy\" decoding=\"async\" src=\"https:\/\/www.hicreategames.com\/wp-content\/uploads\/2022\/04\/custom-miniatures.png\" alt=\"miniaturas personalizadas\" itemprop=\"image\" height=\"500\" width=\"500\" title=\"miniaturas personalizadas\" onerror=\"this.style.display='none'\"  \/>\n\t<h3>\n\t\t\t\tP\u00f3ngase en Contacto con Nosotras Ahora\n\t\t\t<\/h3>\n\t\n<div class=\"wpcf7 no-js\" id=\"wpcf7-f3522-o2\" lang=\"es-ES\" dir=\"ltr\" data-wpcf7-id=\"3522\">\n<div class=\"screen-reader-response\"><p role=\"status\" aria-live=\"polite\" aria-atomic=\"true\"><\/p> <ul><\/ul><\/div>\n<form action=\"\/es\/wp-json\/wp\/v2\/pages\/3536#wpcf7-f3522-o2\" method=\"post\" class=\"wpcf7-form init\" aria-label=\"Formulario de contacto\" enctype=\"multipart\/form-data\" novalidate=\"novalidate\" data-status=\"init\">\n<fieldset class=\"hidden-fields-container\"><input type=\"hidden\" name=\"_wpcf7\" value=\"3522\" \/><input type=\"hidden\" name=\"_wpcf7_version\" value=\"6.1.5\" \/><input type=\"hidden\" name=\"_wpcf7_locale\" value=\"es_ES\" \/><input type=\"hidden\" name=\"_wpcf7_unit_tag\" value=\"wpcf7-f3522-o2\" \/><input type=\"hidden\" name=\"_wpcf7_container_post\" value=\"0\" \/><input type=\"hidden\" name=\"_wpcf7_posted_data_hash\" value=\"\" \/><input type=\"hidden\" name=\"_wpcf7_recaptcha_response\" value=\"\" \/>\n<\/fieldset>\n<p><label> Su nombre<br \/>\n<span class=\"wpcf7-form-control-wrap\" data-name=\"your-name\"><input size=\"40\" maxlength=\"400\" class=\"wpcf7-form-control wpcf7-text wpcf7-validates-as-required\" aria-required=\"true\" aria-invalid=\"false\" value=\"\" type=\"text\" name=\"your-name\" \/><\/span> <\/label>\n<\/p>\n<p><label> Tu correo electr\u00f3nico<br \/>\n<span class=\"wpcf7-form-control-wrap\" data-name=\"your-email\"><input size=\"40\" maxlength=\"400\" class=\"wpcf7-form-control wpcf7-email wpcf7-validates-as-required wpcf7-text wpcf7-validates-as-email\" aria-required=\"true\" aria-invalid=\"false\" value=\"\" type=\"email\" name=\"your-email\" \/><\/span> <\/label>\n<\/p>\n<p><label> Cantidad m\u00ednima de pedido<br \/>\n<span class=\"wpcf7-form-control-wrap\" data-name=\"menu-734\"><select class=\"wpcf7-form-control wpcf7-select wpcf7-validates-as-required\" aria-required=\"true\" aria-invalid=\"false\" name=\"menu-734\"><option value=\"\">&#8212;Por favor, elige una opci\u00f3n&#8212;<\/option><option value=\"300\">300<\/option><option value=\"500\">500<\/option><option value=\"1000\">1000<\/option><\/select><\/span> <\/label>\n<\/p>\n<p><label> Tu mensaje<br \/>\n<span class=\"wpcf7-form-control-wrap\" data-name=\"your-message\"><textarea cols=\"40\" rows=\"10\" maxlength=\"2000\" class=\"wpcf7-form-control wpcf7-textarea wpcf7-validates-as-required\" aria-required=\"true\" aria-invalid=\"false\" name=\"your-message\"><\/textarea><\/span> <\/label>\n<\/p>\n<p><label> Tu archivo (opcional)<br \/>\n<span class=\"wpcf7-form-control-wrap\" data-name=\"file-978\"><input size=\"40\" class=\"wpcf7-form-control wpcf7-file\" accept=\"audio\/*,video\/*,image\/*\" aria-invalid=\"false\" type=\"file\" name=\"file-978\" \/><\/span> <\/label>\n<\/p>\n<p><span class=\"wpcf7-form-control-wrap\" data-name=\"quiz-747\"><label><span class=\"wpcf7-quiz-label\">2+6=?<\/span> <input size=\"40\" class=\"wpcf7-form-control wpcf7-quiz\" autocomplete=\"off\" aria-required=\"true\" aria-invalid=\"false\" type=\"text\" name=\"quiz-747\" \/><\/label><input type=\"hidden\" name=\"_wpcf7_quiz_answer_quiz-747\" value=\"34fe0dce70d770da3a4b02c0e1fa88fe\" \/><\/span>\n<\/p>\n<p><input class=\"wpcf7-form-control wpcf7-submit has-spinner\" type=\"submit\" value=\"Entregar\" \/>\n<\/p><div class=\"wpcf7-response-output\" aria-hidden=\"true\"><\/div>\n<\/form>\n<\/div>\n\n\n","protected":false},"excerpt":{"rendered":"<p>Personaliza e Imprime tus Miniaturas Cont\u00e1ctanos y sube tus ideas Miniaturas Personalizadas para Juegos Las miniaturas personalizadas pueden agregar su toque personal a los juegos y hacerlos m\u00e1s envolventes y atractivos para los jugadores. D&#038;D Miniaturas Adem\u00e1s de imprimir, podemos ayudarlo a planificar sus dise\u00f1os en miniatura de D&amp;D, como [&hellip;]<\/p>\n","protected":false},"author":1,"featured_media":0,"parent":0,"menu_order":0,"comment_status":"closed","ping_status":"closed","template":"","meta":{"site-sidebar-layout":"no-sidebar","site-content-layout":"page-builder","ast-site-content-layout":"full-width-container","site-content-style":"unboxed","site-sidebar-style":"unboxed","ast-global-header-display":"","ast-banner-title-visibility":"","ast-main-header-display":"","ast-hfb-above-header-display":"","ast-hfb-below-header-display":"","ast-hfb-mobile-header-display":"","site-post-title":"disabled","ast-breadcrumbs-content":"","ast-featured-img":"disabled","footer-sml-layout":"","ast-disable-related-posts":"","theme-transparent-header-meta":"default","adv-header-id-meta":"","stick-header-meta":"default","header-above-stick-meta":"","header-main-stick-meta":"","header-below-stick-meta":"","astra-migrate-meta-layouts":"default","ast-page-background-enabled":"default","ast-page-background-meta":{"desktop":{"background-color":"","background-image":"","background-repeat":"repeat","background-position":"center center","background-size":"auto","background-attachment":"scroll","background-type":"","background-media":"","overlay-type":"","overlay-color":"","overlay-opacity":"","overlay-gradient":""},"tablet":{"background-color":"","background-image":"","background-repeat":"repeat","background-position":"center center","background-size":"auto","background-attachment":"scroll","background-type":"","background-media":"","overlay-type":"","overlay-color":"","overlay-opacity":"","overlay-gradient":""},"mobile":{"background-color":"","background-image":"","background-repeat":"repeat","background-position":"center center","background-size":"auto","background-attachment":"scroll","background-type":"","background-media":"","overlay-type":"","overlay-color":"","overlay-opacity":"","overlay-gradient":""}},"ast-content-background-meta":{"desktop":{"background-color":"var(--ast-global-color-5)","background-image":"","background-repeat":"repeat","background-position":"center center","background-size":"auto","background-attachment":"scroll","background-type":"","background-media":"","overlay-type":"","overlay-color":"","overlay-opacity":"","overlay-gradient":""},"tablet":{"background-color":"var(--ast-global-color-5)","background-image":"","background-repeat":"repeat","background-position":"center center","background-size":"auto","background-attachment":"scroll","background-type":"","background-media":"","overlay-type":"","overlay-color":"","overlay-opacity":"","overlay-gradient":""},"mobile":{"background-color":"var(--ast-global-color-5)","background-image":"","background-repeat":"repeat","background-position":"center center","background-size":"auto","background-attachment":"scroll","background-type":"","background-media":"","overlay-type":"","overlay-color":"","overlay-opacity":"","overlay-gradient":""}},"footnotes":""},"class_list":["post-3536","page","type-page","status-publish","hentry"],"_links":{"self":[{"href":"https:\/\/www.hicreategames.com\/es\/wp-json\/wp\/v2\/pages\/3536","targetHints":{"allow":["GET"]}}],"collection":[{"href":"https:\/\/www.hicreategames.com\/es\/wp-json\/wp\/v2\/pages"}],"about":[{"href":"https:\/\/www.hicreategames.com\/es\/wp-json\/wp\/v2\/types\/page"}],"author":[{"embeddable":true,"href":"https:\/\/www.hicreategames.com\/es\/wp-json\/wp\/v2\/users\/1"}],"replies":[{"embeddable":true,"href":"https:\/\/www.hicreategames.com\/es\/wp-json\/wp\/v2\/comments?post=3536"}],"version-history":[{"count":2,"href":"https:\/\/www.hicreategames.com\/es\/wp-json\/wp\/v2\/pages\/3536\/revisions"}],"predecessor-version":[{"id":26209,"href":"https:\/\/www.hicreategames.com\/es\/wp-json\/wp\/v2\/pages\/3536\/revisions\/26209"}],"wp:attachment":[{"href":"https:\/\/www.hicreategames.com\/es\/wp-json\/wp\/v2\/media?parent=3536"}],"curies":[{"name":"wp","href":"https:\/\/api.w.org\/{rel}","templated":true}]}}