{"id":8257,"date":"2022-12-02T09:09:52","date_gmt":"2022-12-02T09:09:52","guid":{"rendered":"https:\/\/www.hicreategames.com\/naipes-personalizados\/"},"modified":"2025-08-29T07:38:01","modified_gmt":"2025-08-29T07:38:01","slug":"naipes-personalizados","status":"publish","type":"page","link":"https:\/\/www.hicreategames.com\/es\/naipes-personalizados\/","title":{"rendered":"Naipes Personalizados"},"content":{"rendered":"\n<h3>\n\t\t\tImpresi\u00f3n Personalizada de Naipes\t<\/h3>\n\t<p>Nos especializamos en la impresi\u00f3n personalizada de naipes de alta calidad con total flexibilidad en cuanto a dise\u00f1o, tama\u00f1o, material, acabado y embalaje.<\/p>\n\t\t\t<a href=\"#\" role=\"button\">\n\t\t\t\t\t\t\tSolicite un Presupuesto\n\t\t\t\t\t<\/a>\n\t\t\t\n<div class=\"wpcf7 no-js\" id=\"wpcf7-f3522-o1\" lang=\"es-ES\" dir=\"ltr\" data-wpcf7-id=\"3522\">\n<div class=\"screen-reader-response\"><p role=\"status\" aria-live=\"polite\" aria-atomic=\"true\"><\/p> <ul><\/ul><\/div>\n<form action=\"\/es\/wp-json\/wp\/v2\/pages\/8257#wpcf7-f3522-o1\" method=\"post\" class=\"wpcf7-form init\" aria-label=\"Formulario de contacto\" enctype=\"multipart\/form-data\" novalidate=\"novalidate\" data-status=\"init\">\n<fieldset class=\"hidden-fields-container\"><input type=\"hidden\" name=\"_wpcf7\" value=\"3522\" \/><input type=\"hidden\" name=\"_wpcf7_version\" value=\"6.1.5\" \/><input type=\"hidden\" name=\"_wpcf7_locale\" value=\"es_ES\" \/><input type=\"hidden\" name=\"_wpcf7_unit_tag\" value=\"wpcf7-f3522-o1\" \/><input type=\"hidden\" name=\"_wpcf7_container_post\" value=\"0\" \/><input type=\"hidden\" name=\"_wpcf7_posted_data_hash\" value=\"\" \/><input type=\"hidden\" name=\"_wpcf7_recaptcha_response\" value=\"\" \/>\n<\/fieldset>\n<p><label> Su nombre<br \/>\n<span class=\"wpcf7-form-control-wrap\" data-name=\"your-name\"><input size=\"40\" maxlength=\"400\" class=\"wpcf7-form-control wpcf7-text wpcf7-validates-as-required\" aria-required=\"true\" aria-invalid=\"false\" value=\"\" type=\"text\" name=\"your-name\" \/><\/span> <\/label>\n<\/p>\n<p><label> Tu correo electr\u00f3nico<br \/>\n<span class=\"wpcf7-form-control-wrap\" data-name=\"your-email\"><input size=\"40\" maxlength=\"400\" class=\"wpcf7-form-control wpcf7-email wpcf7-validates-as-required wpcf7-text wpcf7-validates-as-email\" aria-required=\"true\" aria-invalid=\"false\" value=\"\" type=\"email\" name=\"your-email\" \/><\/span> <\/label>\n<\/p>\n<p><label> Cantidad m\u00ednima de pedido<br \/>\n<span class=\"wpcf7-form-control-wrap\" data-name=\"menu-734\"><select class=\"wpcf7-form-control wpcf7-select wpcf7-validates-as-required\" aria-required=\"true\" aria-invalid=\"false\" name=\"menu-734\"><option value=\"\">&#8212;Por favor, elige una opci\u00f3n&#8212;<\/option><option value=\"300\">300<\/option><option value=\"500\">500<\/option><option value=\"1000\">1000<\/option><\/select><\/span> <\/label>\n<\/p>\n<p><label> Tu mensaje<br \/>\n<span class=\"wpcf7-form-control-wrap\" data-name=\"your-message\"><textarea cols=\"40\" rows=\"10\" maxlength=\"2000\" class=\"wpcf7-form-control wpcf7-textarea wpcf7-validates-as-required\" aria-required=\"true\" aria-invalid=\"false\" name=\"your-message\"><\/textarea><\/span> <\/label>\n<\/p>\n<p><label> Tu archivo (opcional)<br \/>\n<span class=\"wpcf7-form-control-wrap\" data-name=\"file-978\"><input size=\"40\" class=\"wpcf7-form-control wpcf7-file\" accept=\"audio\/*,video\/*,image\/*\" aria-invalid=\"false\" type=\"file\" name=\"file-978\" \/><\/span> <\/label>\n<\/p>\n<p><span class=\"wpcf7-form-control-wrap\" data-name=\"quiz-747\"><label><span class=\"wpcf7-quiz-label\">2+6=?<\/span> <input size=\"40\" class=\"wpcf7-form-control wpcf7-quiz\" autocomplete=\"off\" aria-required=\"true\" aria-invalid=\"false\" type=\"text\" name=\"quiz-747\" \/><\/label><input type=\"hidden\" name=\"_wpcf7_quiz_answer_quiz-747\" value=\"34fe0dce70d770da3a4b02c0e1fa88fe\" \/><\/span>\n<\/p>\n<p><input class=\"wpcf7-form-control wpcf7-submit has-spinner\" type=\"submit\" value=\"Entregar\" \/>\n<\/p><div class=\"wpcf7-response-output\" aria-hidden=\"true\"><\/div>\n<\/form>\n<\/div>\n\t\t\n\t<h3>\n\t\t\t\tTama\u00f1o de las cartas de p\u00f3ker\n\t\t\t<\/h3>\n\t\t\t\t<img decoding=\"async\" src=\"https:\/\/www.hicreategames.com\/wp-content\/uploads\/2022\/12\/Mini-Playing-Cards.jpg\" alt=\"Mini naipes\" itemprop=\"image\" height=\"500\" width=\"500\" title=\"Mini naipes\" onerror=\"this.style.display='none'\" loading=\"lazy\" \/>\n\t<h5>\n\t\t\t\tTama\u00f1o peque\u00f1o\n\t\t\t<\/h5>\n\t\t\t<p>Estos las cartas de p\u00f3ker de tama\u00f1o mini son port\u00e1tiles, con un ancho de entre 3,2 y 3,7 cm y una longitud de entre 6 y 8,7 cm.<\/p>\t\n\t\t\t\t<img decoding=\"async\" src=\"https:\/\/www.hicreategames.com\/wp-content\/uploads\/2022\/12\/Bridge-Size-Playing-Cards.jpg\" alt=\"Naipes tama\u00f1o bridge\" itemprop=\"image\" height=\"500\" width=\"500\" title=\"Naipes tama\u00f1o bridge\" onerror=\"this.style.display='none'\" loading=\"lazy\" \/>\n\t<h5>\n\t\t\t\tTama\u00f1o del puente\n\t\t\t<\/h5>\n\t\t\t<p>Este es el tama\u00f1o de las cartas de p\u00f3ker m\u00e1s com\u00fan (5,7 x 8,8 cm), lo que garantiza la comodidad de los jugadores con 13 cartas.<\/p>\t\n\t\t\t\t<img decoding=\"async\" src=\"https:\/\/www.hicreategames.com\/wp-content\/uploads\/2022\/12\/Poker-Playing-Card.jpg\" alt=\"Naipes de p\u00f3quer\" itemprop=\"image\" height=\"500\" width=\"500\" title=\"Naipes de p\u00f3quer\" onerror=\"this.style.display='none'\" loading=\"lazy\" \/>\n\t<h5>\n\t\t\t\tTama\u00f1o de p\u00f3quer\n\t\t\t<\/h5>\n\t\t\t<p>Como las cartas de p\u00f3ker de tama\u00f1o est\u00e1ndar (6,3*8,8 cm), es adecuado para competiciones internacionales de p\u00f3quer.<\/p>\t\n\t\t\t\t<img decoding=\"async\" src=\"https:\/\/www.hicreategames.com\/wp-content\/uploads\/2022\/12\/Jumbo-Size-Playing-Cards.jpg\" alt=\"Naipes tama\u00f1o jumbo\" itemprop=\"image\" height=\"500\" width=\"500\" title=\"Naipes tama\u00f1o jumbo\" onerror=\"this.style.display='none'\" loading=\"lazy\" \/>\n\t<h5>\n\t\t\t\tTama\u00f1o gigante\n\t\t\t<\/h5>\n\t\t\t<p>Los las cartas de p\u00f3ker de este tama\u00f1o jumbo a menudo se personalizan para ocasiones como presentaciones y exhibiciones especiales.<\/p>\t\n\t<h3>\n\t\t\t\tMateriales de las cartas de p\u00f3ker\n\t\t\t<\/h3>\n\t\t\t<p>Desde papel asequible, pl\u00e1stico hasta metal de lujo y chapado en oro.<\/p>\t\n\t\t\t\t<img decoding=\"async\" src=\"https:\/\/www.hicreategames.com\/wp-content\/uploads\/2022\/12\/Paper-Playing-Cards.jpg\" alt=\"las cartas de p\u00f3ker de papel\" itemprop=\"image\" height=\"500\" width=\"500\" title=\"las cartas de p\u00f3ker de papel\" onerror=\"this.style.display='none'\" loading=\"lazy\" \/>\n\t<h5>\n\t\t\t\tlas cartas de p\u00f3ker de papel\n\t\t\t<\/h5>\n\t\t\t<p>El papel es el material m\u00e1s asequible para hacer naipes, la calidad de las cartas depende del GSM y la cartulina.<\/p>\t\n\t\t\t\t<img decoding=\"async\" src=\"https:\/\/www.hicreategames.com\/wp-content\/uploads\/2022\/12\/Plastic-Playing-Cards.jpg\" alt=\"las cartas de p\u00f3ker de pl\u00e1stico\" itemprop=\"image\" height=\"500\" width=\"500\" title=\"las cartas de p\u00f3ker de pl\u00e1stico\" onerror=\"this.style.display='none'\" loading=\"lazy\" \/>\n\t<h5>\n\t\t\t\tlas cartas de p\u00f3ker de pl\u00e1stico\n\t\t\t<\/h5>\n\t\t\t<p>El PVC es el pl\u00e1stico com\u00fan para jugar a las cartas. Puede hacer que las cartas sean m\u00e1s duraderas que las de papel, durar\u00e1n 50 veces m\u00e1s que las cartas de baraja de papel. <\/p>\t\n\t\t\t\t<img decoding=\"async\" src=\"https:\/\/www.hicreategames.com\/wp-content\/uploads\/2022\/12\/Metal-Playing-Cards.jpg\" alt=\"las cartas de p\u00f3ker de metal\" itemprop=\"image\" height=\"500\" width=\"500\" title=\"las cartas de p\u00f3ker de metal\" onerror=\"this.style.display='none'\" loading=\"lazy\" \/>\n\t<h5>\n\t\t\t\tlas cartas de p\u00f3ker de metal\n\t\t\t<\/h5>\n\t\t\t<p>El acero inoxidable y el cobre son 2 materiales comunes para fabricar naipes de metal. No puede mezclarlos tradicionalmente debido al peso y la cresta. <\/p>\t\n\t<h3>\n\t\t\t\tM\u00e1s opciones personalizadas para sus cartas\n\t\t\t<\/h3>\n\t\t\t\t<img decoding=\"async\" src=\"https:\/\/www.hicreategames.com\/wp-content\/uploads\/2025\/08\/Custom-Playing-Cards-Front.jpg\" alt=\"Naipes personalizados - Anverso\" itemprop=\"image\" height=\"426\" width=\"600\" title=\"Naipes personalizados - Anverso\" onerror=\"this.style.display='none'\" loading=\"lazy\" \/>\n\t<h5>\n\t\t\t\tCaras de las cartas (anverso)\n\t\t\t<\/h5>\n\t<ul>\n\t\t<li>\t\t\t\t\n\t\tS\u00edmbolos cl\u00e1sicos est\u00e1ndar para juegos de p\u00f3quer tradicionales.<\/li><li>\t\t\t\t\n\t\tDise\u00f1os totalmente personalizados para creaciones \u00fanicas.<\/li><li>\t\t\t\t\n\t\tPersonalice los comodines, los n\u00fameros y las figuras con sus gr\u00e1ficos o fotos.<\/li>\t<\/ul>\n\t\t\t\t<img decoding=\"async\" src=\"https:\/\/www.hicreategames.com\/wp-content\/uploads\/2025\/08\/Custom-Playing-Card-Backs.jpg\" alt=\"Naipes personalizados - Reverso\" itemprop=\"image\" height=\"426\" width=\"600\" title=\"Naipes personalizados - Reverso\" onerror=\"this.style.display='none'\" loading=\"lazy\" \/>\n\t<h5>\n\t\t\t\tReverso de las cartas\n\t\t\t<\/h5>\n\t<ul>\n\t\t<li>\t\t\t\t\n\t\tImpresi\u00f3n en un solo color para un estilo sencillo y elegante.<\/li><li>\t\t\t\t\n\t\tImpresi\u00f3n a todo color para dise\u00f1os vibrantes y llamativos.<\/li><li>\t\t\t\t\n\t\tA\u00f1ada logotipos, marcas o ilustraciones personales para darle un toque personalizado.<\/li>\t<\/ul>\n\t\t\t\t<img decoding=\"async\" src=\"https:\/\/www.hicreategames.com\/wp-content\/uploads\/2025\/08\/Playing-Card-Cardstock.jpg\" alt=\"Cartulina para naipes\" itemprop=\"image\" height=\"426\" width=\"600\" title=\"Cartulina para naipes\" onerror=\"this.style.display='none'\" loading=\"lazy\" \/>\n\t<h5>\n\t\t\t\tCartulina\n\t\t\t<\/h5>\n\t<ul>\n\t\t<li>\t\t\t\t\n\t\tPapel de alta calidad de 300 g\/m\u00b2 para uso diario.<\/li><li>\t\t\t\t\n\t\tAcabado de lino de 310 g\/m\u00b2 para un manejo suave y una sensaci\u00f3n agradable al barajar.<\/li><li>\t\t\t\t\n\t\tCartas 100 % pl\u00e1sticas para una mayor durabilidad, resistencia al agua y a los desgarros.<\/li>\t<\/ul>\n\t\t\t\t<img decoding=\"async\" src=\"https:\/\/www.hicreategames.com\/wp-content\/uploads\/2025\/08\/Smooth-Finish-Playing-Cards.jpg\" alt=\"Naipes con acabado liso\" itemprop=\"image\" height=\"426\" width=\"600\" title=\"Naipes con acabado liso\" onerror=\"this.style.display='none'\" loading=\"lazy\" \/>\n\t<h5>\n\t\t\t\tAcabados\n\t\t\t<\/h5>\n\t<ul>\n\t\t<li>\t\t\t\t\n\t\tAcabado suave para barajar f\u00e1cilmente y con un tacto cl\u00e1sico.<\/li><li>\t\t\t\t\n\t\tAcabado de lino (colch\u00f3n de aire) para un manejo profesional y mayor durabilidad.<\/li><li>\t\t\t\t\n\t\tRecubrimiento mate, brillante o UV para una protecci\u00f3n adicional y un mayor atractivo visual.<\/li>\t<\/ul>\n\t\t\t\t<img decoding=\"async\" src=\"https:\/\/www.hicreategames.com\/wp-content\/uploads\/2025\/08\/Gold-Gilt-Edged-Playing-Cards.jpg\" alt=\"Naipes con bordes dorados\" itemprop=\"image\" height=\"426\" width=\"600\" title=\"Naipes con bordes dorados\" onerror=\"this.style.display='none'\" loading=\"lazy\" \/>\n\t<h5>\n\t\t\t\tEfectos especiales\n\t\t\t<\/h5>\n\t<ul>\n\t\t<li>\t\t\t\t\n\t\tEstampado en caliente para resaltar logotipos, nombres o dise\u00f1os.<\/li><li>\t\t\t\t\n\t\tRelieve o UV selectivo para dar textura y una est\u00e9tica premium.<\/li><li>\t\t\t\t\n\t\tTintas met\u00e1licas o bordes dorados para que las barajas destaquen realmente.<\/li>\t<\/ul>\n\t\t\t\t<img decoding=\"async\" src=\"https:\/\/www.hicreategames.com\/wp-content\/uploads\/2025\/08\/Playing-Cards-Tuck-Box.jpg\" alt=\"Caja para naipes\" itemprop=\"image\" height=\"426\" width=\"600\" title=\"Caja para naipes\" onerror=\"this.style.display='none'\" loading=\"lazy\" \/>\n\t<h5>\n\t\t\t\tEmbalaje\n\t\t\t<\/h5>\n\t<ul>\n\t\t<li>\t\t\t\t\n\t\tCajas est\u00e1ndar para la presentaci\u00f3n tradicional de las cartas.<\/li><li>\t\t\t\t\n\t\tCajas magn\u00e9ticas o r\u00edgidas para una sensaci\u00f3n de lujo y alta calidad.<\/li><li>\t\t\t\t\n\t\tEstuches de hojalata o pl\u00e1stico para barajas coleccionables o almacenamiento impermeable.<\/li>\t<\/ul>\n\t<h3>\n\t\t\t\tNuestros proyectos de naipes\n\t\t\t<\/h3>\n\t\t<meta itemprop=\"url\" content=\"https:\/\/www.hicreategames.com\/wp-content\/uploads\/2025\/08\/Gold-Edge-Poker-Playing-Cards.mp4\" \/><div style=\"width: 640px;\" class=\"wp-video\"><video class=\"wp-video-shortcode\" id=\"video-8257-1\" width=\"640\" height=\"360\" poster=\"https:\/\/www.hicreategames.com\/wp-content\/uploads\/2025\/08\/Gold-Edge-Poker-Playing-Cards.jpg\" preload=\"none\" controls=\"controls\"><source type=\"video\/mp4\" src=\"https:\/\/www.hicreategames.com\/wp-content\/uploads\/2025\/08\/Gold-Edge-Poker-Playing-Cards.mp4?_=1\" \/><source type=\"video\/mp4\" src=\"https:\/\/www.hicreategames.com\/wp-content\/uploads\/2025\/08\/Gold-Edge-Poker-Playing-Cards.mp4?_=1\" \/><a href=\"https:\/\/www.hicreategames.com\/wp-content\/uploads\/2025\/08\/Gold-Edge-Poker-Playing-Cards.mp4\">https:\/\/www.hicreategames.com\/wp-content\/uploads\/2025\/08\/Gold-Edge-Poker-Playing-Cards.mp4<\/a><\/video><\/div>\t\n\t\t<meta itemprop=\"url\" content=\"https:\/\/www.hicreategames.com\/wp-content\/uploads\/2025\/08\/PVC-Gold-Foil-Poker-Playing-Cards.mp4\" \/><div style=\"width: 640px;\" class=\"wp-video\"><video class=\"wp-video-shortcode\" id=\"video-8257-2\" width=\"640\" height=\"360\" poster=\"https:\/\/www.hicreategames.com\/wp-content\/uploads\/2025\/08\/PVC-Gold-Foil-Poker-Playing-Cards.jpg\" preload=\"none\" controls=\"controls\"><source type=\"video\/mp4\" src=\"https:\/\/www.hicreategames.com\/wp-content\/uploads\/2025\/08\/PVC-Gold-Foil-Poker-Playing-Cards.mp4?_=2\" \/><source type=\"video\/mp4\" src=\"https:\/\/www.hicreategames.com\/wp-content\/uploads\/2025\/08\/PVC-Gold-Foil-Poker-Playing-Cards.mp4?_=2\" \/><a href=\"https:\/\/www.hicreategames.com\/wp-content\/uploads\/2025\/08\/PVC-Gold-Foil-Poker-Playing-Cards.mp4\">https:\/\/www.hicreategames.com\/wp-content\/uploads\/2025\/08\/PVC-Gold-Foil-Poker-Playing-Cards.mp4<\/a><\/video><\/div>\t\n\t\t<meta itemprop=\"url\" content=\"https:\/\/www.hicreategames.com\/wp-content\/uploads\/2025\/08\/Mahjong-Playing-Cards.mp4\" \/><div style=\"width: 640px;\" class=\"wp-video\"><video class=\"wp-video-shortcode\" id=\"video-8257-3\" width=\"640\" height=\"360\" poster=\"https:\/\/www.hicreategames.com\/wp-content\/uploads\/2025\/08\/Mahjong-Playing-Cards.jpg\" preload=\"none\" controls=\"controls\"><source type=\"video\/mp4\" src=\"https:\/\/www.hicreategames.com\/wp-content\/uploads\/2025\/08\/Mahjong-Playing-Cards.mp4?_=3\" \/><source type=\"video\/mp4\" src=\"https:\/\/www.hicreategames.com\/wp-content\/uploads\/2025\/08\/Mahjong-Playing-Cards.mp4?_=3\" \/><a href=\"https:\/\/www.hicreategames.com\/wp-content\/uploads\/2025\/08\/Mahjong-Playing-Cards.mp4\">https:\/\/www.hicreategames.com\/wp-content\/uploads\/2025\/08\/Mahjong-Playing-Cards.mp4<\/a><\/video><\/div>\t\n\t\t<meta itemprop=\"url\" content=\"https:\/\/www.hicreategames.com\/wp-content\/uploads\/2025\/08\/The-Surprise-Poker-Playing-Cards.mp4\" \/><div style=\"width: 640px;\" class=\"wp-video\"><video class=\"wp-video-shortcode\" id=\"video-8257-4\" width=\"640\" height=\"360\" poster=\"https:\/\/www.hicreategames.com\/wp-content\/uploads\/2025\/08\/The-Surprise-Poker-Playing-Cards.jpg\" preload=\"none\" controls=\"controls\"><source type=\"video\/mp4\" src=\"https:\/\/www.hicreategames.com\/wp-content\/uploads\/2025\/08\/The-Surprise-Poker-Playing-Cards.mp4?_=4\" \/><source type=\"video\/mp4\" src=\"https:\/\/www.hicreategames.com\/wp-content\/uploads\/2025\/08\/The-Surprise-Poker-Playing-Cards.mp4?_=4\" \/><a href=\"https:\/\/www.hicreategames.com\/wp-content\/uploads\/2025\/08\/The-Surprise-Poker-Playing-Cards.mp4\">https:\/\/www.hicreategames.com\/wp-content\/uploads\/2025\/08\/The-Surprise-Poker-Playing-Cards.mp4<\/a><\/video><\/div>\t\n\t<h3>\n\t\t\t\tCont\u00e1ctanos\n\t\t\t<\/h3>\n\t\t\t\t<img decoding=\"async\" src=\"https:\/\/www.hicreategames.com\/wp-content\/uploads\/2022\/12\/Custom-Playing-Cards-with-Photos.jpg\" alt=\"Barajas personalizadas con fotos\" itemprop=\"image\" height=\"500\" width=\"500\" title=\"Barajas personalizadas con fotos\" onerror=\"this.style.display='none'\" loading=\"lazy\" \/>\n\t\n<div class=\"wpcf7 no-js\" id=\"wpcf7-f3522-o2\" lang=\"es-ES\" dir=\"ltr\" data-wpcf7-id=\"3522\">\n<div class=\"screen-reader-response\"><p role=\"status\" aria-live=\"polite\" aria-atomic=\"true\"><\/p> <ul><\/ul><\/div>\n<form action=\"\/es\/wp-json\/wp\/v2\/pages\/8257#wpcf7-f3522-o2\" method=\"post\" class=\"wpcf7-form init\" aria-label=\"Formulario de contacto\" enctype=\"multipart\/form-data\" novalidate=\"novalidate\" data-status=\"init\">\n<fieldset class=\"hidden-fields-container\"><input type=\"hidden\" name=\"_wpcf7\" value=\"3522\" \/><input type=\"hidden\" name=\"_wpcf7_version\" value=\"6.1.5\" \/><input type=\"hidden\" name=\"_wpcf7_locale\" value=\"es_ES\" \/><input type=\"hidden\" name=\"_wpcf7_unit_tag\" value=\"wpcf7-f3522-o2\" \/><input type=\"hidden\" name=\"_wpcf7_container_post\" value=\"0\" \/><input type=\"hidden\" name=\"_wpcf7_posted_data_hash\" value=\"\" \/><input type=\"hidden\" name=\"_wpcf7_recaptcha_response\" value=\"\" \/>\n<\/fieldset>\n<p><label> Su nombre<br \/>\n<span class=\"wpcf7-form-control-wrap\" data-name=\"your-name\"><input size=\"40\" maxlength=\"400\" class=\"wpcf7-form-control wpcf7-text wpcf7-validates-as-required\" aria-required=\"true\" aria-invalid=\"false\" value=\"\" type=\"text\" name=\"your-name\" \/><\/span> <\/label>\n<\/p>\n<p><label> Tu correo electr\u00f3nico<br \/>\n<span class=\"wpcf7-form-control-wrap\" data-name=\"your-email\"><input size=\"40\" maxlength=\"400\" class=\"wpcf7-form-control wpcf7-email wpcf7-validates-as-required wpcf7-text wpcf7-validates-as-email\" aria-required=\"true\" aria-invalid=\"false\" value=\"\" type=\"email\" name=\"your-email\" \/><\/span> <\/label>\n<\/p>\n<p><label> Cantidad m\u00ednima de pedido<br \/>\n<span class=\"wpcf7-form-control-wrap\" data-name=\"menu-734\"><select class=\"wpcf7-form-control wpcf7-select wpcf7-validates-as-required\" aria-required=\"true\" aria-invalid=\"false\" name=\"menu-734\"><option value=\"\">&#8212;Por favor, elige una opci\u00f3n&#8212;<\/option><option value=\"300\">300<\/option><option value=\"500\">500<\/option><option value=\"1000\">1000<\/option><\/select><\/span> <\/label>\n<\/p>\n<p><label> Tu mensaje<br \/>\n<span class=\"wpcf7-form-control-wrap\" data-name=\"your-message\"><textarea cols=\"40\" rows=\"10\" maxlength=\"2000\" class=\"wpcf7-form-control wpcf7-textarea wpcf7-validates-as-required\" aria-required=\"true\" aria-invalid=\"false\" name=\"your-message\"><\/textarea><\/span> <\/label>\n<\/p>\n<p><label> Tu archivo (opcional)<br \/>\n<span class=\"wpcf7-form-control-wrap\" data-name=\"file-978\"><input size=\"40\" class=\"wpcf7-form-control wpcf7-file\" accept=\"audio\/*,video\/*,image\/*\" aria-invalid=\"false\" type=\"file\" name=\"file-978\" \/><\/span> <\/label>\n<\/p>\n<p><span class=\"wpcf7-form-control-wrap\" data-name=\"quiz-747\"><label><span class=\"wpcf7-quiz-label\">2+6=?<\/span> <input size=\"40\" class=\"wpcf7-form-control wpcf7-quiz\" autocomplete=\"off\" aria-required=\"true\" aria-invalid=\"false\" type=\"text\" name=\"quiz-747\" \/><\/label><input type=\"hidden\" name=\"_wpcf7_quiz_answer_quiz-747\" value=\"34fe0dce70d770da3a4b02c0e1fa88fe\" \/><\/span>\n<\/p>\n<p><input class=\"wpcf7-form-control wpcf7-submit has-spinner\" type=\"submit\" value=\"Entregar\" \/>\n<\/p><div class=\"wpcf7-response-output\" aria-hidden=\"true\"><\/div>\n<\/form>\n<\/div>\n\n\n","protected":false},"excerpt":{"rendered":"<p>Impresi\u00f3n Personalizada de Naipes Nos especializamos en la impresi\u00f3n personalizada de naipes de alta calidad con total flexibilidad en cuanto a dise\u00f1o, tama\u00f1o, material, acabado y embalaje. Solicite un Presupuesto Tama\u00f1o de las cartas de p\u00f3ker Tama\u00f1o peque\u00f1o Estos las cartas de p\u00f3ker de tama\u00f1o mini son port\u00e1tiles, con un [&hellip;]<\/p>\n","protected":false},"author":1,"featured_media":0,"parent":0,"menu_order":0,"comment_status":"closed","ping_status":"closed","template":"","meta":{"site-sidebar-layout":"no-sidebar","site-content-layout":"page-builder","ast-site-content-layout":"full-width-container","site-content-style":"unboxed","site-sidebar-style":"unboxed","ast-global-header-display":"","ast-banner-title-visibility":"","ast-main-header-display":"","ast-hfb-above-header-display":"","ast-hfb-below-header-display":"","ast-hfb-mobile-header-display":"","site-post-title":"disabled","ast-breadcrumbs-content":"","ast-featured-img":"disabled","footer-sml-layout":"","ast-disable-related-posts":"","theme-transparent-header-meta":"default","adv-header-id-meta":"","stick-header-meta":"default","header-above-stick-meta":"","header-main-stick-meta":"","header-below-stick-meta":"","astra-migrate-meta-layouts":"set","ast-page-background-enabled":"default","ast-page-background-meta":{"desktop":{"background-color":"","background-image":"","background-repeat":"repeat","background-position":"center center","background-size":"auto","background-attachment":"scroll","background-type":"","background-media":"","overlay-type":"","overlay-color":"","overlay-opacity":"","overlay-gradient":""},"tablet":{"background-color":"","background-image":"","background-repeat":"repeat","background-position":"center center","background-size":"auto","background-attachment":"scroll","background-type":"","background-media":"","overlay-type":"","overlay-color":"","overlay-opacity":"","overlay-gradient":""},"mobile":{"background-color":"","background-image":"","background-repeat":"repeat","background-position":"center center","background-size":"auto","background-attachment":"scroll","background-type":"","background-media":"","overlay-type":"","overlay-color":"","overlay-opacity":"","overlay-gradient":""}},"ast-content-background-meta":{"desktop":{"background-color":"var(--ast-global-color-5)","background-image":"","background-repeat":"repeat","background-position":"center center","background-size":"auto","background-attachment":"scroll","background-type":"","background-media":"","overlay-type":"","overlay-color":"","overlay-opacity":"","overlay-gradient":""},"tablet":{"background-color":"var(--ast-global-color-5)","background-image":"","background-repeat":"repeat","background-position":"center center","background-size":"auto","background-attachment":"scroll","background-type":"","background-media":"","overlay-type":"","overlay-color":"","overlay-opacity":"","overlay-gradient":""},"mobile":{"background-color":"var(--ast-global-color-5)","background-image":"","background-repeat":"repeat","background-position":"center center","background-size":"auto","background-attachment":"scroll","background-type":"","background-media":"","overlay-type":"","overlay-color":"","overlay-opacity":"","overlay-gradient":""}},"footnotes":""},"class_list":["post-8257","page","type-page","status-publish","hentry"],"_links":{"self":[{"href":"https:\/\/www.hicreategames.com\/es\/wp-json\/wp\/v2\/pages\/8257","targetHints":{"allow":["GET"]}}],"collection":[{"href":"https:\/\/www.hicreategames.com\/es\/wp-json\/wp\/v2\/pages"}],"about":[{"href":"https:\/\/www.hicreategames.com\/es\/wp-json\/wp\/v2\/types\/page"}],"author":[{"embeddable":true,"href":"https:\/\/www.hicreategames.com\/es\/wp-json\/wp\/v2\/users\/1"}],"replies":[{"embeddable":true,"href":"https:\/\/www.hicreategames.com\/es\/wp-json\/wp\/v2\/comments?post=8257"}],"version-history":[{"count":3,"href":"https:\/\/www.hicreategames.com\/es\/wp-json\/wp\/v2\/pages\/8257\/revisions"}],"predecessor-version":[{"id":26667,"href":"https:\/\/www.hicreategames.com\/es\/wp-json\/wp\/v2\/pages\/8257\/revisions\/26667"}],"wp:attachment":[{"href":"https:\/\/www.hicreategames.com\/es\/wp-json\/wp\/v2\/media?parent=8257"}],"curies":[{"name":"wp","href":"https:\/\/api.w.org\/{rel}","templated":true}]}}