{"id":14829,"date":"2024-03-13T08:25:42","date_gmt":"2024-03-13T08:25:42","guid":{"rendered":"https:\/\/www.hicreategames.com\/jeu-cluedo-personnalise\/"},"modified":"2025-08-25T14:14:54","modified_gmt":"2025-08-25T14:14:54","slug":"jeu-cluedo-personnalise","status":"publish","type":"page","link":"https:\/\/www.hicreategames.com\/fr\/jeu-cluedo-personnalise\/","title":{"rendered":"Jeu Cluedo personnalis\u00e9"},"content":{"rendered":"\n\n\t<h3>\n\t\t\t\tJeu Cluedo Personnalis\u00e9 : Qui, O\u00f9 et Comment\n\t\t\t<\/h3>\n\t<p>Rendre le jeu de d\u00e9tective classique plus complexe et jouable.<\/p>\n\t\t\t<a href=\"#\" role=\"button\">\n\t\t\t\t\t\t\tObtenir un Devis\n\t\t\t\t\t<\/a>\n\t\t\t\n<div class=\"wpcf7 no-js\" id=\"wpcf7-f2893-o1\" lang=\"fr-FR\" dir=\"ltr\" data-wpcf7-id=\"2893\">\n<div class=\"screen-reader-response\"><p role=\"status\" aria-live=\"polite\" aria-atomic=\"true\"><\/p> <ul><\/ul><\/div>\n<form action=\"\/fr\/wp-json\/wp\/v2\/pages\/14829#wpcf7-f2893-o1\" method=\"post\" class=\"wpcf7-form init\" aria-label=\"Formulaire de contact\" enctype=\"multipart\/form-data\" novalidate=\"novalidate\" data-status=\"init\">\n<fieldset class=\"hidden-fields-container\"><input type=\"hidden\" name=\"_wpcf7\" value=\"2893\" \/><input type=\"hidden\" name=\"_wpcf7_version\" value=\"6.1.5\" \/><input type=\"hidden\" name=\"_wpcf7_locale\" value=\"fr_FR\" \/><input type=\"hidden\" name=\"_wpcf7_unit_tag\" value=\"wpcf7-f2893-o1\" \/><input type=\"hidden\" name=\"_wpcf7_container_post\" value=\"0\" \/><input type=\"hidden\" name=\"_wpcf7_posted_data_hash\" value=\"\" \/><input type=\"hidden\" name=\"_wpcf7_recaptcha_response\" value=\"\" \/>\n<\/fieldset>\n<p><label> Votre nom<br \/>\n<span class=\"wpcf7-form-control-wrap\" data-name=\"your-name\"><input size=\"40\" maxlength=\"400\" class=\"wpcf7-form-control wpcf7-text wpcf7-validates-as-required\" aria-required=\"true\" aria-invalid=\"false\" value=\"\" type=\"text\" name=\"your-name\" \/><\/span> <\/label>\n<\/p>\n<p><label> Votre e-mail<br \/>\n<span class=\"wpcf7-form-control-wrap\" data-name=\"your-email\"><input size=\"40\" maxlength=\"400\" class=\"wpcf7-form-control wpcf7-email wpcf7-validates-as-required wpcf7-text wpcf7-validates-as-email\" aria-required=\"true\" aria-invalid=\"false\" value=\"\" type=\"email\" name=\"your-email\" \/><\/span> <\/label>\n<\/p>\n<p><label> Quantit\u00e9 minimale de commande<br \/>\n<span class=\"wpcf7-form-control-wrap\" data-name=\"menu-734\"><select class=\"wpcf7-form-control wpcf7-select wpcf7-validates-as-required\" aria-required=\"true\" aria-invalid=\"false\" name=\"menu-734\"><option value=\"\">&#8212;Veuillez choisir une option&#8212;<\/option><option value=\"300\">300<\/option><option value=\"500\">500<\/option><option value=\"1000\">1000<\/option><\/select><\/span> <\/label>\n<\/p>\n<p><label> Votre message<br \/>\n<span class=\"wpcf7-form-control-wrap\" data-name=\"your-message\"><textarea cols=\"40\" rows=\"10\" maxlength=\"2000\" class=\"wpcf7-form-control wpcf7-textarea wpcf7-validates-as-required\" aria-required=\"true\" aria-invalid=\"false\" name=\"your-message\"><\/textarea><\/span> <\/label>\n<\/p>\n<p><label> Votre dossier (facultatif)<br \/>\n<span class=\"wpcf7-form-control-wrap\" data-name=\"file-978\"><input size=\"40\" class=\"wpcf7-form-control wpcf7-file\" accept=\"audio\/*,video\/*,image\/*\" aria-invalid=\"false\" type=\"file\" name=\"file-978\" \/><\/span> <\/label>\n<\/p>\n<p><span class=\"wpcf7-form-control-wrap\" data-name=\"quiz-747\"><label><span class=\"wpcf7-quiz-label\">2+6=?<\/span> <input size=\"40\" class=\"wpcf7-form-control wpcf7-quiz\" autocomplete=\"off\" aria-required=\"true\" aria-invalid=\"false\" type=\"text\" name=\"quiz-747\" \/><\/label><input type=\"hidden\" name=\"_wpcf7_quiz_answer_quiz-747\" value=\"34fe0dce70d770da3a4b02c0e1fa88fe\" \/><\/span>\n<\/p>\n<p><input class=\"wpcf7-form-control wpcf7-submit has-spinner\" type=\"submit\" value=\"Soumettre\" \/>\n<\/p><div class=\"wpcf7-response-output\" aria-hidden=\"true\"><\/div>\n<\/form>\n<\/div>\n\t\t\n<h3>\n\t\t\tQue pouvons-nous personnaliser pour votre jeu UNO?\t<\/h3>\n\t\t\t\t<img decoding=\"async\" src=\"https:\/\/www.hicreategames.com\/wp-content\/uploads\/2024\/03\/Histoire-de-jeu-de-Cluedo-personnalisee.jpg\" alt=\"Histoire de jeu de Cluedo personnalis\u00e9e\" itemprop=\"image\" height=\"426\" width=\"640\" title=\"Histoire de jeu de Cluedo personnalis\u00e9e\" onerror=\"this.style.display='none'\" loading=\"lazy\" \/>\n\t<h5>\n\t\t\t\t1. Histoire myst\u00e9rieuse de meurtre\n\t\t\t<\/h5>\n\t\t\t<p>Personnalisez un r\u00e9cit d\u00e9taill\u00e9 autour du myst\u00e8re du meurtre, offrant ainsi aux joueurs plus de contexte et de motivation. Cela pourrait inclure un prologue, les motivations des personnages et m\u00eame des r\u00e9v\u00e9lations sc\u00e9naris\u00e9es. <\/p>\t\n\t\t\t\t<img decoding=\"async\" src=\"https:\/\/www.hicreategames.com\/wp-content\/uploads\/2024\/03\/Plateau-de-jeu-personnalise.jpg\" alt=\"Plateau de jeu personnalis\u00e9\" itemprop=\"image\" height=\"426\" width=\"640\" title=\"Plateau de jeu personnalis\u00e9\" onerror=\"this.style.display='none'\" loading=\"lazy\" \/>\n\t<h5>\n\t\t\t\t2. Plateau de jeu\n\t\t\t<\/h5>\n\t\t\t<p>Des plateaux Cluedo sur mesure pour que votre jeu soit unique. Nous pouvons vous aider \u00e0 personnaliser votre planche avec des options personnalis\u00e9es, notamment diff\u00e9rentes dispositions, formes, plus de pi\u00e8ces, tailles, mat\u00e9riaux, etc. <\/p>\t\n\t\t\t\t<img decoding=\"async\" src=\"https:\/\/www.hicreategames.com\/wp-content\/uploads\/2024\/03\/Pieces-de-Cluedo-personnalisees.jpg\" alt=\"Pi\u00e8ces de Cluedo personnalis\u00e9es\" itemprop=\"image\" height=\"426\" width=\"640\" title=\"Pi\u00e8ces de Cluedo personnalis\u00e9es\" onerror=\"this.style.display='none'\" loading=\"lazy\" \/>\n\t<h5>\n\t\t\t\t3. Pi\u00e8ces de jeu\n\t\t\t<\/h5>\n\t\t\t<p>Cela pourrait impliquer de peindre des pi\u00e8ces de jeu en plastique existantes ou d&rsquo;adapter de nouveaux mat\u00e9riaux pour en fabriquer de nouveaux gr\u00e2ce \u00e0 l&rsquo;impression 3D. L&rsquo;int\u00e9gration de touches personnelles rendra le jeu plus engageant. <\/p>\t\n\t\t\t\t<img decoding=\"async\" src=\"https:\/\/www.hicreategames.com\/wp-content\/uploads\/2024\/03\/Cartes-de-personnages-de-Cluedo-personnalisees.jpg\" alt=\"Cartes de personnages de Cluedo personnalis\u00e9es\" itemprop=\"image\" height=\"426\" width=\"640\" title=\"Cartes de personnages de Cluedo personnalis\u00e9es\" onerror=\"this.style.display='none'\" loading=\"lazy\" \/>\n\t<h5>\n\t\t\t\t4. Cartes de personnage\n\t\t\t<\/h5>\n\t\t\t<p>Remplacez les cartes de personnages Cluedo standard par des cartes personnalis\u00e9es. Ils peuvent \u00eatre con\u00e7us avec de nouveaux textes et images. Vous pouvez \u00e9galement cr\u00e9er des histoires pour ces personnages afin d&rsquo;ajouter de la profondeur au jeu.  <\/p>\t\n\t\t\t\t<img decoding=\"async\" src=\"https:\/\/www.hicreategames.com\/wp-content\/uploads\/2024\/03\/Carte-darme-de-Cluedo-personnalisee.jpg\" alt=\"Carte d'arme de Cluedo personnalis\u00e9e\" itemprop=\"image\" height=\"426\" width=\"640\" title=\"Carte d'arme de Cluedo personnalis\u00e9e\" onerror=\"this.style.display='none'\" loading=\"lazy\" \/>\n\t<h5>\n\t\t\t\t5. Cartes d&rsquo;armes\n\t\t\t<\/h5>\n\t\t\t<p>Au-del\u00e0 des cartes originales chandelier, couteau et revolver, pensez \u00e0 cr\u00e9er des cartes d&rsquo;armes uniques qui pourraient \u00eatre utilis\u00e9es dans le crime. Cela peut aller d&rsquo;une baguette magique \u00e0 un gadget sur mesure. <\/p>\t\n\t\t\t\t<img decoding=\"async\" src=\"https:\/\/www.hicreategames.com\/wp-content\/uploads\/2024\/03\/Boites-de-Cluedo-personnalisees.jpg\" alt=\"Bo\u00eetes de Cluedo personnalis\u00e9es\" itemprop=\"image\" height=\"426\" width=\"640\" title=\"Bo\u00eetes de Cluedo personnalis\u00e9es\" onerror=\"this.style.display='none'\" loading=\"lazy\" \/>\n\t<h5>\n\t\t\t\t6. Bo\u00eete d&#8217;emballage\n\t\t\t<\/h5>\n\t\t\t<p>Cr\u00e9er une bo\u00eete personnalis\u00e9e pour votre jeu Cluedo peut le transformer d&rsquo;une \u00e9dition standard en une \u00e9dition unique. La bo\u00eete d&#8217;emballage peut inclure des portraits de personnages et un aper\u00e7u du design du plateau. <\/p>\t\n\t<h3>\n\t\t\t\tAvantages de la personnalisation d&rsquo;une nouvelle version\n\t\t\t<\/h3>\n\t\t\t<p>La personnalisation de Cluedo peut rendre le jeu plus accessible et plus attrayant, am\u00e9liorer l&rsquo;exp\u00e9rience de jeu gr\u00e2ce \u00e0 une immersion plus profonde et d\u00e9bloquer de nouvelles opportunit\u00e9s \u00e9conomiques pour les cr\u00e9ateurs et les distributeurs.<\/p>\n\t\t\t\t<img decoding=\"async\" src=\"https:\/\/www.hicreategames.com\/wp-content\/uploads\/2024\/03\/Joueurs-de-Cluedo.jpg\" alt=\"Joueurs de Cluedo\" itemprop=\"image\" height=\"426\" width=\"640\" title=\"Joueurs de Cluedo\" onerror=\"this.style.display='none'\" loading=\"lazy\" \/>\n\t<h5>\n\t\t\t\tS&rsquo;adapter \u00e0 plus de joueurs\n\t\t\t<\/h5>\n\t\t\t<p>En introduisant des personnages, des armes et des salles suppl\u00e9mentaires, le jeu peut \u00eatre \u00e9tendu pour permettre \u00e0 plus de personnes de jouer simultan\u00e9ment. Cela rend non seulement le jeu plus inclusif, mais ajoute \u00e9galement de la complexit\u00e9 et de la vari\u00e9t\u00e9 au gameplay. <\/p>\n\t\t\t\t<img decoding=\"async\" src=\"https:\/\/www.hicreategames.com\/wp-content\/uploads\/2024\/03\/Ameliorer-limmersion-dans-le-jeu-de-Cluedo.jpg\" alt=\"Am\u00e9liorer l'immersion dans le jeu de Cluedo\" itemprop=\"image\" height=\"426\" width=\"640\" title=\"Am\u00e9liorer l'immersion dans le jeu de Cluedo\" onerror=\"this.style.display='none'\" loading=\"lazy\" \/>\n\t<h5>\n\t\t\t\tImmersion am\u00e9lior\u00e9e\n\t\t\t<\/h5>\n\t\t\t<p>En adaptant le th\u00e8me, les param\u00e8tres et les personnages du jeu aux pr\u00e9f\u00e9rences des joueurs, le jeu devient plus immersif. Cela peut encourager les joueurs \u00e0 s&rsquo;impliquer pleinement dans l&rsquo;histoire et les m\u00e9canismes et \u00e9galement promouvoir leur narration. <\/p>\t\n\t\t\t\t<img decoding=\"async\" src=\"https:\/\/www.hicreategames.com\/wp-content\/uploads\/2024\/03\/Cluedo-personnalise-Potentiel-economique.jpg\" alt=\"Cluedo personnalis\u00e9 - Potentiel \u00e9conomique\" itemprop=\"image\" height=\"426\" width=\"640\" title=\"Cluedo personnalis\u00e9 - Potentiel \u00e9conomique\" onerror=\"this.style.display='none'\" loading=\"lazy\" \/>\n\t<h5>\n\t\t\t\tPotentiel \u00e9conomique\n\t\t\t<\/h5>\n\t\t\t<p>Les versions personnalis\u00e9es du jeu Cluedo peuvent attirer les collectionneurs et les passionn\u00e9s pr\u00eats \u00e0 payer plus cher pour un contenu unique ou exclusif. De plus, il peut \u00eatre commercialis\u00e9 pour des \u00e9v\u00e9nements sp\u00e9ciaux, ouvrant ainsi de nouveaux segments de march\u00e9 au-del\u00e0 du Cluedo original. <\/p>\t\n\t<h3>\n\t\t\t\tContactez-nous Maintenant\n\t\t\t<\/h3>\n\t\t\t\t<img decoding=\"async\" src=\"https:\/\/www.hicreategames.com\/wp-content\/uploads\/2024\/03\/Jeu-de-societe-Cluedo-personnalise.jpg\" alt=\"Jeu de soci\u00e9t\u00e9 Cluedo personnalis\u00e9\" itemprop=\"image\" height=\"600\" width=\"600\" title=\"Jeu de soci\u00e9t\u00e9 Cluedo personnalis\u00e9\" onerror=\"this.style.display='none'\" loading=\"lazy\" \/>\n\t\n<div class=\"wpcf7 no-js\" id=\"wpcf7-f2893-o2\" lang=\"fr-FR\" dir=\"ltr\" data-wpcf7-id=\"2893\">\n<div class=\"screen-reader-response\"><p role=\"status\" aria-live=\"polite\" aria-atomic=\"true\"><\/p> <ul><\/ul><\/div>\n<form action=\"\/fr\/wp-json\/wp\/v2\/pages\/14829#wpcf7-f2893-o2\" method=\"post\" class=\"wpcf7-form init\" aria-label=\"Formulaire de contact\" enctype=\"multipart\/form-data\" novalidate=\"novalidate\" data-status=\"init\">\n<fieldset class=\"hidden-fields-container\"><input type=\"hidden\" name=\"_wpcf7\" value=\"2893\" \/><input type=\"hidden\" name=\"_wpcf7_version\" value=\"6.1.5\" \/><input type=\"hidden\" name=\"_wpcf7_locale\" value=\"fr_FR\" \/><input type=\"hidden\" name=\"_wpcf7_unit_tag\" value=\"wpcf7-f2893-o2\" \/><input type=\"hidden\" name=\"_wpcf7_container_post\" value=\"0\" \/><input type=\"hidden\" name=\"_wpcf7_posted_data_hash\" value=\"\" \/><input type=\"hidden\" name=\"_wpcf7_recaptcha_response\" value=\"\" \/>\n<\/fieldset>\n<p><label> Votre nom<br \/>\n<span class=\"wpcf7-form-control-wrap\" data-name=\"your-name\"><input size=\"40\" maxlength=\"400\" class=\"wpcf7-form-control wpcf7-text wpcf7-validates-as-required\" aria-required=\"true\" aria-invalid=\"false\" value=\"\" type=\"text\" name=\"your-name\" \/><\/span> <\/label>\n<\/p>\n<p><label> Votre e-mail<br \/>\n<span class=\"wpcf7-form-control-wrap\" data-name=\"your-email\"><input size=\"40\" maxlength=\"400\" class=\"wpcf7-form-control wpcf7-email wpcf7-validates-as-required wpcf7-text wpcf7-validates-as-email\" aria-required=\"true\" aria-invalid=\"false\" value=\"\" type=\"email\" name=\"your-email\" \/><\/span> <\/label>\n<\/p>\n<p><label> Quantit\u00e9 minimale de commande<br \/>\n<span class=\"wpcf7-form-control-wrap\" data-name=\"menu-734\"><select class=\"wpcf7-form-control wpcf7-select wpcf7-validates-as-required\" aria-required=\"true\" aria-invalid=\"false\" name=\"menu-734\"><option value=\"\">&#8212;Veuillez choisir une option&#8212;<\/option><option value=\"300\">300<\/option><option value=\"500\">500<\/option><option value=\"1000\">1000<\/option><\/select><\/span> <\/label>\n<\/p>\n<p><label> Votre message<br \/>\n<span class=\"wpcf7-form-control-wrap\" data-name=\"your-message\"><textarea cols=\"40\" rows=\"10\" maxlength=\"2000\" class=\"wpcf7-form-control wpcf7-textarea wpcf7-validates-as-required\" aria-required=\"true\" aria-invalid=\"false\" name=\"your-message\"><\/textarea><\/span> <\/label>\n<\/p>\n<p><label> Votre dossier (facultatif)<br \/>\n<span class=\"wpcf7-form-control-wrap\" data-name=\"file-978\"><input size=\"40\" class=\"wpcf7-form-control wpcf7-file\" accept=\"audio\/*,video\/*,image\/*\" aria-invalid=\"false\" type=\"file\" name=\"file-978\" \/><\/span> <\/label>\n<\/p>\n<p><span class=\"wpcf7-form-control-wrap\" data-name=\"quiz-747\"><label><span class=\"wpcf7-quiz-label\">2+6=?<\/span> <input size=\"40\" class=\"wpcf7-form-control wpcf7-quiz\" autocomplete=\"off\" aria-required=\"true\" aria-invalid=\"false\" type=\"text\" name=\"quiz-747\" \/><\/label><input type=\"hidden\" name=\"_wpcf7_quiz_answer_quiz-747\" value=\"34fe0dce70d770da3a4b02c0e1fa88fe\" \/><\/span>\n<\/p>\n<p><input class=\"wpcf7-form-control wpcf7-submit has-spinner\" type=\"submit\" value=\"Soumettre\" \/>\n<\/p><div class=\"wpcf7-response-output\" aria-hidden=\"true\"><\/div>\n<\/form>\n<\/div>\n\n\n","protected":false},"excerpt":{"rendered":"<p>Jeu Cluedo Personnalis\u00e9 : Qui, O\u00f9 et Comment Rendre le jeu de d\u00e9tective classique plus complexe et jouable. Obtenir un Devis Que pouvons-nous personnaliser pour votre jeu UNO? 1. Histoire myst\u00e9rieuse de meurtre Personnalisez un r\u00e9cit d\u00e9taill\u00e9 autour du myst\u00e8re du meurtre, offrant ainsi aux joueurs plus de contexte et [&hellip;]<\/p>\n","protected":false},"author":1,"featured_media":0,"parent":0,"menu_order":0,"comment_status":"closed","ping_status":"closed","template":"","meta":{"site-sidebar-layout":"no-sidebar","site-content-layout":"page-builder","ast-site-content-layout":"full-width-container","site-content-style":"unboxed","site-sidebar-style":"unboxed","ast-global-header-display":"","ast-banner-title-visibility":"","ast-main-header-display":"","ast-hfb-above-header-display":"","ast-hfb-below-header-display":"","ast-hfb-mobile-header-display":"","site-post-title":"disabled","ast-breadcrumbs-content":"","ast-featured-img":"disabled","footer-sml-layout":"","ast-disable-related-posts":"","theme-transparent-header-meta":"default","adv-header-id-meta":"","stick-header-meta":"default","header-above-stick-meta":"","header-main-stick-meta":"","header-below-stick-meta":"","astra-migrate-meta-layouts":"default","ast-page-background-enabled":"default","ast-page-background-meta":{"desktop":{"background-color":"","background-image":"","background-repeat":"repeat","background-position":"center center","background-size":"auto","background-attachment":"scroll","background-type":"","background-media":"","overlay-type":"","overlay-color":"","overlay-opacity":"","overlay-gradient":""},"tablet":{"background-color":"","background-image":"","background-repeat":"repeat","background-position":"center center","background-size":"auto","background-attachment":"scroll","background-type":"","background-media":"","overlay-type":"","overlay-color":"","overlay-opacity":"","overlay-gradient":""},"mobile":{"background-color":"","background-image":"","background-repeat":"repeat","background-position":"center center","background-size":"auto","background-attachment":"scroll","background-type":"","background-media":"","overlay-type":"","overlay-color":"","overlay-opacity":"","overlay-gradient":""}},"ast-content-background-meta":{"desktop":{"background-color":"var(--ast-global-color-5)","background-image":"","background-repeat":"repeat","background-position":"center center","background-size":"auto","background-attachment":"scroll","background-type":"","background-media":"","overlay-type":"","overlay-color":"","overlay-opacity":"","overlay-gradient":""},"tablet":{"background-color":"var(--ast-global-color-5)","background-image":"","background-repeat":"repeat","background-position":"center center","background-size":"auto","background-attachment":"scroll","background-type":"","background-media":"","overlay-type":"","overlay-color":"","overlay-opacity":"","overlay-gradient":""},"mobile":{"background-color":"var(--ast-global-color-5)","background-image":"","background-repeat":"repeat","background-position":"center center","background-size":"auto","background-attachment":"scroll","background-type":"","background-media":"","overlay-type":"","overlay-color":"","overlay-opacity":"","overlay-gradient":""}},"footnotes":""},"class_list":["post-14829","page","type-page","status-publish","hentry"],"_links":{"self":[{"href":"https:\/\/www.hicreategames.com\/fr\/wp-json\/wp\/v2\/pages\/14829","targetHints":{"allow":["GET"]}}],"collection":[{"href":"https:\/\/www.hicreategames.com\/fr\/wp-json\/wp\/v2\/pages"}],"about":[{"href":"https:\/\/www.hicreategames.com\/fr\/wp-json\/wp\/v2\/types\/page"}],"author":[{"embeddable":true,"href":"https:\/\/www.hicreategames.com\/fr\/wp-json\/wp\/v2\/users\/1"}],"replies":[{"embeddable":true,"href":"https:\/\/www.hicreategames.com\/fr\/wp-json\/wp\/v2\/comments?post=14829"}],"version-history":[{"count":3,"href":"https:\/\/www.hicreategames.com\/fr\/wp-json\/wp\/v2\/pages\/14829\/revisions"}],"predecessor-version":[{"id":24738,"href":"https:\/\/www.hicreategames.com\/fr\/wp-json\/wp\/v2\/pages\/14829\/revisions\/24738"}],"wp:attachment":[{"href":"https:\/\/www.hicreategames.com\/fr\/wp-json\/wp\/v2\/media?parent=14829"}],"curies":[{"name":"wp","href":"https:\/\/api.w.org\/{rel}","templated":true}]}}