{"id":16311,"date":"2024-04-07T10:50:09","date_gmt":"2024-04-07T10:50:09","guid":{"rendered":"https:\/\/www.hicreategames.com\/jeu-de-memoire-personnalise\/"},"modified":"2025-08-26T05:06:17","modified_gmt":"2025-08-26T05:06:17","slug":"jeu-de-memoire-personnalise","status":"publish","type":"page","link":"https:\/\/www.hicreategames.com\/fr\/jeu-de-memoire-personnalise\/","title":{"rendered":"Jeu de M\u00e9moire Personnalis\u00e9"},"content":{"rendered":"\n\n\t<h2>\n\t\t\t\tJeu de M\u00e9moire Personnalis\u00e9\n\t\t\t<\/h2>\n\t<p>La cr\u00e9ation d&rsquo;un jeu de carte m\u00e9moire personnalisable permet une exp\u00e9rience de jeu personnalis\u00e9e adapt\u00e9e \u00e0 diff\u00e9rents th\u00e8mes, niveaux de difficult\u00e9 et pr\u00e9f\u00e9rences esth\u00e9tiques.<\/p>\n<p>Voici les \u00e9l\u00e9ments que nous pouvons personnaliser pour vous :<\/p>\n\t\t\t<a href=\"#\" role=\"button\">\n\t\t\t\t\t\t\tObtenir un Devis\n\t\t\t\t\t<\/a>\n\t\t\t\n<div class=\"wpcf7 no-js\" id=\"wpcf7-f2893-o1\" lang=\"fr-FR\" dir=\"ltr\" data-wpcf7-id=\"2893\">\n<div class=\"screen-reader-response\"><p role=\"status\" aria-live=\"polite\" aria-atomic=\"true\"><\/p> <ul><\/ul><\/div>\n<form action=\"\/fr\/wp-json\/wp\/v2\/pages\/16311#wpcf7-f2893-o1\" method=\"post\" class=\"wpcf7-form init\" aria-label=\"Formulaire de contact\" enctype=\"multipart\/form-data\" novalidate=\"novalidate\" data-status=\"init\">\n<fieldset class=\"hidden-fields-container\"><input type=\"hidden\" name=\"_wpcf7\" value=\"2893\" \/><input type=\"hidden\" name=\"_wpcf7_version\" value=\"6.1.5\" \/><input type=\"hidden\" name=\"_wpcf7_locale\" value=\"fr_FR\" \/><input type=\"hidden\" name=\"_wpcf7_unit_tag\" value=\"wpcf7-f2893-o1\" \/><input type=\"hidden\" name=\"_wpcf7_container_post\" value=\"0\" \/><input type=\"hidden\" name=\"_wpcf7_posted_data_hash\" value=\"\" \/><input type=\"hidden\" name=\"_wpcf7_recaptcha_response\" value=\"\" \/>\n<\/fieldset>\n<p><label> Votre nom<br \/>\n<span class=\"wpcf7-form-control-wrap\" data-name=\"your-name\"><input size=\"40\" maxlength=\"400\" class=\"wpcf7-form-control wpcf7-text wpcf7-validates-as-required\" aria-required=\"true\" aria-invalid=\"false\" value=\"\" type=\"text\" name=\"your-name\" \/><\/span> <\/label>\n<\/p>\n<p><label> Votre e-mail<br \/>\n<span class=\"wpcf7-form-control-wrap\" data-name=\"your-email\"><input size=\"40\" maxlength=\"400\" class=\"wpcf7-form-control wpcf7-email wpcf7-validates-as-required wpcf7-text wpcf7-validates-as-email\" aria-required=\"true\" aria-invalid=\"false\" value=\"\" type=\"email\" name=\"your-email\" \/><\/span> <\/label>\n<\/p>\n<p><label> Quantit\u00e9 minimale de commande<br \/>\n<span class=\"wpcf7-form-control-wrap\" data-name=\"menu-734\"><select class=\"wpcf7-form-control wpcf7-select wpcf7-validates-as-required\" aria-required=\"true\" aria-invalid=\"false\" name=\"menu-734\"><option value=\"\">&#8212;Veuillez choisir une option&#8212;<\/option><option value=\"300\">300<\/option><option value=\"500\">500<\/option><option value=\"1000\">1000<\/option><\/select><\/span> <\/label>\n<\/p>\n<p><label> Votre message<br \/>\n<span class=\"wpcf7-form-control-wrap\" data-name=\"your-message\"><textarea cols=\"40\" rows=\"10\" maxlength=\"2000\" class=\"wpcf7-form-control wpcf7-textarea wpcf7-validates-as-required\" aria-required=\"true\" aria-invalid=\"false\" name=\"your-message\"><\/textarea><\/span> <\/label>\n<\/p>\n<p><label> Votre dossier (facultatif)<br \/>\n<span class=\"wpcf7-form-control-wrap\" data-name=\"file-978\"><input size=\"40\" class=\"wpcf7-form-control wpcf7-file\" accept=\"audio\/*,video\/*,image\/*\" aria-invalid=\"false\" type=\"file\" name=\"file-978\" \/><\/span> <\/label>\n<\/p>\n<p><span class=\"wpcf7-form-control-wrap\" data-name=\"quiz-747\"><label><span class=\"wpcf7-quiz-label\">2+6=?<\/span> <input size=\"40\" class=\"wpcf7-form-control wpcf7-quiz\" autocomplete=\"off\" aria-required=\"true\" aria-invalid=\"false\" type=\"text\" name=\"quiz-747\" \/><\/label><input type=\"hidden\" name=\"_wpcf7_quiz_answer_quiz-747\" value=\"34fe0dce70d770da3a4b02c0e1fa88fe\" \/><\/span>\n<\/p>\n<p><input class=\"wpcf7-form-control wpcf7-submit has-spinner\" type=\"submit\" value=\"Soumettre\" \/>\n<\/p><div class=\"wpcf7-response-output\" aria-hidden=\"true\"><\/div>\n<\/form>\n<\/div>\n\t\t\n\t<h3>\n\t\t\t\tCiblez votre public\n\t\t\t<\/h3>\n\t\t\t<p>En personnalisant le th\u00e8me, la conception, la complexit\u00e9 et le contenu du jeu de cartes m\u00e9moire pour r\u00e9pondre aux pr\u00e9f\u00e9rences des adultes, des personnes \u00e2g\u00e9es et des enfants d&rsquo;\u00e2ge pr\u00e9scolaire.<\/p>\t\n\t\t\t\t<img decoding=\"async\" src=\"https:\/\/www.hicreategames.com\/wp-content\/uploads\/2024\/07\/Jeux-de-cartes-memoire-pour-adultes.jpg\" alt=\"Jeux de cartes m\u00e9moire pour adultes\" itemprop=\"image\" height=\"426\" width=\"640\" title=\"Jeux de cartes m\u00e9moire pour adultes\" onerror=\"this.style.display='none'\" loading=\"lazy\" \/>\n\t<h5>\n\t\t\t\tPour adultes\n\t\t\t<\/h5>\n\t\t\t<p>Choisissez des th\u00e8mes qui int\u00e9ressent les adultes comme les voyages, la cuisine ou les films. Augmentez la complexit\u00e9 en ajoutant plus de paires de cartes ou du contenu stimulant. Encouragez l&rsquo;interaction sociale avec des cartes d&rsquo;action ou d&rsquo;histoire.<\/p>\t\n\t\t\t\t<img decoding=\"async\" src=\"https:\/\/www.hicreategames.com\/wp-content\/uploads\/2024\/07\/Jeux-de-cartes-memoire-pour-seniors.jpg\" alt=\"Jeux de cartes m\u00e9moire pour seniors\" itemprop=\"image\" height=\"426\" width=\"640\" title=\"Jeux de cartes m\u00e9moire pour seniors\" onerror=\"this.style.display='none'\" loading=\"lazy\" \/>\n\t<h5>\n\t\t\t\tPour les a\u00een\u00e9s\n\t\t\t<\/h5>\n\t\t\t<p>Cr\u00e9ez un jeu pour les seniors avec des th\u00e8mes nostalgiques comme les voitures classiques ou le jardinage. Simplifiez le jeu et utilisez des gros caract\u00e8res pour une lecture facile. Incluez des aide-m\u00e9moire pour aider les personnes ayant des difficult\u00e9s cognitives.<\/p>\n\t\t\t\t<img decoding=\"async\" src=\"https:\/\/www.hicreategames.com\/wp-content\/uploads\/2024\/07\/Jeux-de-cartes-assortis-pour-les-enfants-dage-prescolaire.jpg\" alt=\"Jeux de cartes assortis pour les enfants d'\u00e2ge pr\u00e9scolaire\" itemprop=\"image\" height=\"426\" width=\"640\" title=\"Jeux de cartes assortis pour les enfants d'\u00e2ge pr\u00e9scolaire\" onerror=\"this.style.display='none'\" loading=\"lazy\" \/>\n\t<h5>\n\t\t\t\tPour les enfants d&rsquo;\u00e2ge pr\u00e9scolaire\n\t\t\t<\/h5>\n\t\t\t<p>Cr\u00e9ez des jeux pr\u00e9scolaires avec des th\u00e8mes comme les animaux ou les couleurs, avec un gameplay simple, des visuels \u00e9clatants et du contenu \u00e9ducatif comme des chiffres et des lettres pour l&rsquo;apprentissage et le d\u00e9veloppement pr\u00e9coces.<\/p>\n\t<h3>\n\t\t\t\tPersonnages c\u00e9l\u00e8bres pour le jeu de cartes m\u00e9moire\n\t\t\t<\/h3>\n\t\t\t<p>Ces personnages proviennent de diverses franchises et sont largement reconnus, ce qui les rend adapt\u00e9s \u00e0 un jeu de cartes m\u00e9moire qui s&rsquo;adresse \u00e0 un large public.<\/p>\n\t\t\t\t<img decoding=\"async\" src=\"https:\/\/www.hicreategames.com\/wp-content\/uploads\/2024\/07\/Jeu-de-cartes-memoire-Super-Mario.jpg\" alt=\"Jeu de cartes m\u00e9moire Super Mario\" itemprop=\"image\" height=\"426\" width=\"640\" title=\"Jeu de cartes m\u00e9moire Super Mario\" onerror=\"this.style.display='none'\" loading=\"lazy\" \/>\n\t<h5>\n\t\t\t\tSuper Mario\n\t\t\t<\/h5>\n\t\t\t<p>Chaque carte m\u00e9moire peut comporter un personnage, un objet ou un \u00e9l\u00e9ment Super Mario diff\u00e9rent (comme Mario lui-m\u00eame, des champignons, des pi\u00e8ces de monnaie, des Goombas, etc.).<\/p>\t\n\t\t\t\t<img decoding=\"async\" src=\"https:\/\/www.hicreategames.com\/wp-content\/uploads\/2024\/07\/Jeu-de-cartes-memoire-Harry-Potter.jpg\" alt=\"Jeu de cartes m\u00e9moire Harry Potter\" itemprop=\"image\" height=\"426\" width=\"640\" title=\"Jeu de cartes m\u00e9moire Harry Potter\" onerror=\"this.style.display='none'\" loading=\"lazy\" \/>\n\t<h5>\n\t\t\t\tHarry Potter\n\t\t\t<\/h5>\n\t\t\t<p>D\u00e9cidez quels \u00e9l\u00e9ments de l&rsquo;univers Harry Potter vous pouvez choisir des personnages, des objets magiques, des sorts ou m\u00eame des lieux de la s\u00e9rie.<\/p>\t\n\t\t\t\t<img decoding=\"async\" src=\"https:\/\/www.hicreategames.com\/wp-content\/uploads\/2024\/07\/Jeu-de-cartes-memoire-dinosaure.jpg\" alt=\"Jeu de cartes m\u00e9moire dinosaure\" itemprop=\"image\" height=\"426\" width=\"640\" title=\"Jeu de cartes m\u00e9moire dinosaure\" onerror=\"this.style.display='none'\" loading=\"lazy\" \/>\n\t<h5>\n\t\t\t\tDinosaure\n\t\t\t<\/h5>\n\t\t\t<p>Commencez par rechercher diff\u00e9rents types de dinosaures. Pensez \u00e0 inclure des dinosaures populaires bien connus des enfants et des adultes.<\/p>\t\n\t\t\t\t<img decoding=\"async\" src=\"https:\/\/www.hicreategames.com\/wp-content\/uploads\/2024\/07\/Jeu-de-cartes-memoire-de-Noel.jpg\" alt=\"Jeu de cartes m\u00e9moire de No\u00ebl\" itemprop=\"image\" height=\"426\" width=\"640\" title=\"Jeu de cartes m\u00e9moire de No\u00ebl\" onerror=\"this.style.display='none'\" loading=\"lazy\" \/>\n\t<h5>\n\t\t\t\tNo\u00ebl\n\t\t\t<\/h5>\n\t\t\t<p>Choisissez une vari\u00e9t\u00e9 de personnages de No\u00ebl bien connus et facilement reconnaissables. Cela peut inclure le P\u00e8re No\u00ebl, les rennes, les elfes, les bonhommes de neige, etc.<\/p>\t\n\t\t\t\t<img decoding=\"async\" src=\"https:\/\/www.hicreategames.com\/wp-content\/uploads\/2024\/07\/Jeu-de-cartes-memoire-Pokemon.jpg\" alt=\"Jeu de cartes m\u00e9moire Pok\u00e9mon\" itemprop=\"image\" height=\"426\" width=\"640\" title=\"Jeu de cartes m\u00e9moire Pok\u00e9mon\" onerror=\"this.style.display='none'\" loading=\"lazy\" \/>\n\t<h5>\n\t\t\t\tPok\u00e9mon\n\t\t\t<\/h5>\n\t\t\t<p>D\u00e9cidez quels personnages Pok\u00e9mon vous souhaitez pr\u00e9senter dans votre jeu. Vous pouvez s\u00e9lectionner les plus populaires comme Pikachu, Charmander, Bulbasaur, Squirtle, etc.<\/p>\t\n\t\t\t\t<img decoding=\"async\" src=\"https:\/\/www.hicreategames.com\/wp-content\/uploads\/2024\/07\/Jeu-de-cartes-Princess-Pairs.jpg\" alt=\"Jeu de cartes Princess Pairs\" itemprop=\"image\" height=\"426\" width=\"640\" title=\"Jeu de cartes Princess Pairs\" onerror=\"this.style.display='none'\" loading=\"lazy\" \/>\n\t<h5>\n\t\t\t\tPrincesse\n\t\t\t<\/h5>\n\t\t\t<p>Choisissez un ensemble de personnages de princesse que vous souhaitez inclure. Il peut s&rsquo;agir de princesses Disney classiques comme Cendrillon, Blanche-Neige, Ariel, Belle, Jasmine, etc.<\/p>\t\n\t<h3>\n\t\t\t\tContactez-nous Maintenant\n\t\t\t<\/h3>\n\t\t\t\t<img decoding=\"async\" src=\"https:\/\/www.hicreategames.com\/wp-content\/uploads\/2024\/07\/Jeu-de-cartes-memoire.jpg\" alt=\"Jeu de cartes m\u00e9moire\" itemprop=\"image\" height=\"600\" width=\"600\" title=\"Jeu de cartes m\u00e9moire\" onerror=\"this.style.display='none'\" loading=\"lazy\" \/>\n\t\n<div class=\"wpcf7 no-js\" id=\"wpcf7-f2893-o2\" lang=\"fr-FR\" dir=\"ltr\" data-wpcf7-id=\"2893\">\n<div class=\"screen-reader-response\"><p role=\"status\" aria-live=\"polite\" aria-atomic=\"true\"><\/p> <ul><\/ul><\/div>\n<form action=\"\/fr\/wp-json\/wp\/v2\/pages\/16311#wpcf7-f2893-o2\" method=\"post\" class=\"wpcf7-form init\" aria-label=\"Formulaire de contact\" enctype=\"multipart\/form-data\" novalidate=\"novalidate\" data-status=\"init\">\n<fieldset class=\"hidden-fields-container\"><input type=\"hidden\" name=\"_wpcf7\" value=\"2893\" \/><input type=\"hidden\" name=\"_wpcf7_version\" value=\"6.1.5\" \/><input type=\"hidden\" name=\"_wpcf7_locale\" value=\"fr_FR\" \/><input type=\"hidden\" name=\"_wpcf7_unit_tag\" value=\"wpcf7-f2893-o2\" \/><input type=\"hidden\" name=\"_wpcf7_container_post\" value=\"0\" \/><input type=\"hidden\" name=\"_wpcf7_posted_data_hash\" value=\"\" \/><input type=\"hidden\" name=\"_wpcf7_recaptcha_response\" value=\"\" \/>\n<\/fieldset>\n<p><label> Votre nom<br \/>\n<span class=\"wpcf7-form-control-wrap\" data-name=\"your-name\"><input size=\"40\" maxlength=\"400\" class=\"wpcf7-form-control wpcf7-text wpcf7-validates-as-required\" aria-required=\"true\" aria-invalid=\"false\" value=\"\" type=\"text\" name=\"your-name\" \/><\/span> <\/label>\n<\/p>\n<p><label> Votre e-mail<br \/>\n<span class=\"wpcf7-form-control-wrap\" data-name=\"your-email\"><input size=\"40\" maxlength=\"400\" class=\"wpcf7-form-control wpcf7-email wpcf7-validates-as-required wpcf7-text wpcf7-validates-as-email\" aria-required=\"true\" aria-invalid=\"false\" value=\"\" type=\"email\" name=\"your-email\" \/><\/span> <\/label>\n<\/p>\n<p><label> Quantit\u00e9 minimale de commande<br \/>\n<span class=\"wpcf7-form-control-wrap\" data-name=\"menu-734\"><select class=\"wpcf7-form-control wpcf7-select wpcf7-validates-as-required\" aria-required=\"true\" aria-invalid=\"false\" name=\"menu-734\"><option value=\"\">&#8212;Veuillez choisir une option&#8212;<\/option><option value=\"300\">300<\/option><option value=\"500\">500<\/option><option value=\"1000\">1000<\/option><\/select><\/span> <\/label>\n<\/p>\n<p><label> Votre message<br \/>\n<span class=\"wpcf7-form-control-wrap\" data-name=\"your-message\"><textarea cols=\"40\" rows=\"10\" maxlength=\"2000\" class=\"wpcf7-form-control wpcf7-textarea wpcf7-validates-as-required\" aria-required=\"true\" aria-invalid=\"false\" name=\"your-message\"><\/textarea><\/span> <\/label>\n<\/p>\n<p><label> Votre dossier (facultatif)<br \/>\n<span class=\"wpcf7-form-control-wrap\" data-name=\"file-978\"><input size=\"40\" class=\"wpcf7-form-control wpcf7-file\" accept=\"audio\/*,video\/*,image\/*\" aria-invalid=\"false\" type=\"file\" name=\"file-978\" \/><\/span> <\/label>\n<\/p>\n<p><span class=\"wpcf7-form-control-wrap\" data-name=\"quiz-747\"><label><span class=\"wpcf7-quiz-label\">2+6=?<\/span> <input size=\"40\" class=\"wpcf7-form-control wpcf7-quiz\" autocomplete=\"off\" aria-required=\"true\" aria-invalid=\"false\" type=\"text\" name=\"quiz-747\" \/><\/label><input type=\"hidden\" name=\"_wpcf7_quiz_answer_quiz-747\" value=\"34fe0dce70d770da3a4b02c0e1fa88fe\" \/><\/span>\n<\/p>\n<p><input class=\"wpcf7-form-control wpcf7-submit has-spinner\" type=\"submit\" value=\"Soumettre\" \/>\n<\/p><div class=\"wpcf7-response-output\" aria-hidden=\"true\"><\/div>\n<\/form>\n<\/div>\n\n\n","protected":false},"excerpt":{"rendered":"<p>Jeu de M\u00e9moire Personnalis\u00e9 La cr\u00e9ation d&rsquo;un jeu de carte m\u00e9moire personnalisable permet une exp\u00e9rience de jeu personnalis\u00e9e adapt\u00e9e \u00e0 diff\u00e9rents th\u00e8mes, niveaux de difficult\u00e9 et pr\u00e9f\u00e9rences esth\u00e9tiques. Voici les \u00e9l\u00e9ments que nous pouvons personnaliser pour vous : Obtenir un Devis Ciblez votre public En personnalisant le th\u00e8me, la conception, [&hellip;]<\/p>\n","protected":false},"author":1,"featured_media":0,"parent":0,"menu_order":0,"comment_status":"closed","ping_status":"closed","template":"","meta":{"site-sidebar-layout":"no-sidebar","site-content-layout":"page-builder","ast-site-content-layout":"full-width-container","site-content-style":"unboxed","site-sidebar-style":"unboxed","ast-global-header-display":"","ast-banner-title-visibility":"","ast-main-header-display":"","ast-hfb-above-header-display":"","ast-hfb-below-header-display":"","ast-hfb-mobile-header-display":"","site-post-title":"disabled","ast-breadcrumbs-content":"","ast-featured-img":"disabled","footer-sml-layout":"","ast-disable-related-posts":"","theme-transparent-header-meta":"default","adv-header-id-meta":"","stick-header-meta":"default","header-above-stick-meta":"","header-main-stick-meta":"","header-below-stick-meta":"","astra-migrate-meta-layouts":"default","ast-page-background-enabled":"default","ast-page-background-meta":{"desktop":{"background-color":"","background-image":"","background-repeat":"repeat","background-position":"center center","background-size":"auto","background-attachment":"scroll","background-type":"","background-media":"","overlay-type":"","overlay-color":"","overlay-opacity":"","overlay-gradient":""},"tablet":{"background-color":"","background-image":"","background-repeat":"repeat","background-position":"center center","background-size":"auto","background-attachment":"scroll","background-type":"","background-media":"","overlay-type":"","overlay-color":"","overlay-opacity":"","overlay-gradient":""},"mobile":{"background-color":"","background-image":"","background-repeat":"repeat","background-position":"center center","background-size":"auto","background-attachment":"scroll","background-type":"","background-media":"","overlay-type":"","overlay-color":"","overlay-opacity":"","overlay-gradient":""}},"ast-content-background-meta":{"desktop":{"background-color":"var(--ast-global-color-5)","background-image":"","background-repeat":"repeat","background-position":"center center","background-size":"auto","background-attachment":"scroll","background-type":"","background-media":"","overlay-type":"","overlay-color":"","overlay-opacity":"","overlay-gradient":""},"tablet":{"background-color":"var(--ast-global-color-5)","background-image":"","background-repeat":"repeat","background-position":"center center","background-size":"auto","background-attachment":"scroll","background-type":"","background-media":"","overlay-type":"","overlay-color":"","overlay-opacity":"","overlay-gradient":""},"mobile":{"background-color":"var(--ast-global-color-5)","background-image":"","background-repeat":"repeat","background-position":"center center","background-size":"auto","background-attachment":"scroll","background-type":"","background-media":"","overlay-type":"","overlay-color":"","overlay-opacity":"","overlay-gradient":""}},"footnotes":""},"class_list":["post-16311","page","type-page","status-publish","hentry"],"_links":{"self":[{"href":"https:\/\/www.hicreategames.com\/fr\/wp-json\/wp\/v2\/pages\/16311","targetHints":{"allow":["GET"]}}],"collection":[{"href":"https:\/\/www.hicreategames.com\/fr\/wp-json\/wp\/v2\/pages"}],"about":[{"href":"https:\/\/www.hicreategames.com\/fr\/wp-json\/wp\/v2\/types\/page"}],"author":[{"embeddable":true,"href":"https:\/\/www.hicreategames.com\/fr\/wp-json\/wp\/v2\/users\/1"}],"replies":[{"embeddable":true,"href":"https:\/\/www.hicreategames.com\/fr\/wp-json\/wp\/v2\/comments?post=16311"}],"version-history":[{"count":5,"href":"https:\/\/www.hicreategames.com\/fr\/wp-json\/wp\/v2\/pages\/16311\/revisions"}],"predecessor-version":[{"id":24774,"href":"https:\/\/www.hicreategames.com\/fr\/wp-json\/wp\/v2\/pages\/16311\/revisions\/24774"}],"wp:attachment":[{"href":"https:\/\/www.hicreategames.com\/fr\/wp-json\/wp\/v2\/media?parent=16311"}],"curies":[{"name":"wp","href":"https:\/\/api.w.org\/{rel}","templated":true}]}}