{"id":18578,"date":"2024-12-12T07:50:48","date_gmt":"2024-12-12T07:50:48","guid":{"rendered":"https:\/\/www.hicreategames.com\/carte-affirmation-positive\/"},"modified":"2025-08-25T09:40:35","modified_gmt":"2025-08-25T09:40:35","slug":"carte-affirmation-positive","status":"publish","type":"page","link":"https:\/\/www.hicreategames.com\/fr\/carte-affirmation-positive\/","title":{"rendered":"Carte Affirmation Positive"},"content":{"rendered":"\n\n\t<h2>\n\t\t\t\tImpression de Cartes Positives\n\t\t\t<\/h2>\n\t<p>Nous sommes sp\u00e9cialis\u00e9s dans la personnalisation et l&rsquo;impression de jeux de cartes d&rsquo;affirmation adapt\u00e9s \u00e0 vos besoins. <\/p>\n<p>Nos services personnalis\u00e9s vous permettent de choisir parmi une grande vari\u00e9t\u00e9 de designs, de tailles, de papiers cartonn\u00e9s, de m\u00e9thodes d&rsquo;impression, de finitions de surface et d&rsquo;options d&#8217;emballage, afin que vos cartes refl\u00e8tent parfaitement votre marque ou votre style personnel.<\/p>\n\t\t\t<a href=\"#\" role=\"button\">\n\t\t\t\t\t\t\tObtenir un Devis\n\t\t\t\t\t<\/a>\n\t\t\t\n<div class=\"wpcf7 no-js\" id=\"wpcf7-f2893-o1\" lang=\"fr-FR\" dir=\"ltr\" data-wpcf7-id=\"2893\">\n<div class=\"screen-reader-response\"><p role=\"status\" aria-live=\"polite\" aria-atomic=\"true\"><\/p> <ul><\/ul><\/div>\n<form action=\"\/fr\/wp-json\/wp\/v2\/pages\/18578#wpcf7-f2893-o1\" method=\"post\" class=\"wpcf7-form init\" aria-label=\"Formulaire de contact\" enctype=\"multipart\/form-data\" novalidate=\"novalidate\" data-status=\"init\">\n<fieldset class=\"hidden-fields-container\"><input type=\"hidden\" name=\"_wpcf7\" value=\"2893\" \/><input type=\"hidden\" name=\"_wpcf7_version\" value=\"6.1.5\" \/><input type=\"hidden\" name=\"_wpcf7_locale\" value=\"fr_FR\" \/><input type=\"hidden\" name=\"_wpcf7_unit_tag\" value=\"wpcf7-f2893-o1\" \/><input type=\"hidden\" name=\"_wpcf7_container_post\" value=\"0\" \/><input type=\"hidden\" name=\"_wpcf7_posted_data_hash\" value=\"\" \/><input type=\"hidden\" name=\"_wpcf7_recaptcha_response\" value=\"\" \/>\n<\/fieldset>\n<p><label> Votre nom<br \/>\n<span class=\"wpcf7-form-control-wrap\" data-name=\"your-name\"><input size=\"40\" maxlength=\"400\" class=\"wpcf7-form-control wpcf7-text wpcf7-validates-as-required\" aria-required=\"true\" aria-invalid=\"false\" value=\"\" type=\"text\" name=\"your-name\" \/><\/span> <\/label>\n<\/p>\n<p><label> Votre e-mail<br \/>\n<span class=\"wpcf7-form-control-wrap\" data-name=\"your-email\"><input size=\"40\" maxlength=\"400\" class=\"wpcf7-form-control wpcf7-email wpcf7-validates-as-required wpcf7-text wpcf7-validates-as-email\" aria-required=\"true\" aria-invalid=\"false\" value=\"\" type=\"email\" name=\"your-email\" \/><\/span> <\/label>\n<\/p>\n<p><label> Quantit\u00e9 minimale de commande<br \/>\n<span class=\"wpcf7-form-control-wrap\" data-name=\"menu-734\"><select class=\"wpcf7-form-control wpcf7-select wpcf7-validates-as-required\" aria-required=\"true\" aria-invalid=\"false\" name=\"menu-734\"><option value=\"\">&#8212;Veuillez choisir une option&#8212;<\/option><option value=\"300\">300<\/option><option value=\"500\">500<\/option><option value=\"1000\">1000<\/option><\/select><\/span> <\/label>\n<\/p>\n<p><label> Votre message<br \/>\n<span class=\"wpcf7-form-control-wrap\" data-name=\"your-message\"><textarea cols=\"40\" rows=\"10\" maxlength=\"2000\" class=\"wpcf7-form-control wpcf7-textarea wpcf7-validates-as-required\" aria-required=\"true\" aria-invalid=\"false\" name=\"your-message\"><\/textarea><\/span> <\/label>\n<\/p>\n<p><label> Votre dossier (facultatif)<br \/>\n<span class=\"wpcf7-form-control-wrap\" data-name=\"file-978\"><input size=\"40\" class=\"wpcf7-form-control wpcf7-file\" accept=\"audio\/*,video\/*,image\/*\" aria-invalid=\"false\" type=\"file\" name=\"file-978\" \/><\/span> <\/label>\n<\/p>\n<p><span class=\"wpcf7-form-control-wrap\" data-name=\"quiz-747\"><label><span class=\"wpcf7-quiz-label\">2+6=?<\/span> <input size=\"40\" class=\"wpcf7-form-control wpcf7-quiz\" autocomplete=\"off\" aria-required=\"true\" aria-invalid=\"false\" type=\"text\" name=\"quiz-747\" \/><\/label><input type=\"hidden\" name=\"_wpcf7_quiz_answer_quiz-747\" value=\"34fe0dce70d770da3a4b02c0e1fa88fe\" \/><\/span>\n<\/p>\n<p><input class=\"wpcf7-form-control wpcf7-submit has-spinner\" type=\"submit\" value=\"Soumettre\" \/>\n<\/p><div class=\"wpcf7-response-output\" aria-hidden=\"true\"><\/div>\n<\/form>\n<\/div>\n\t\t\n<h3>\n\t\t\tQue pouvons-nous personnaliser pour vos cartes d&rsquo;affirmation ?\t<\/h3>\n\t\t\t\t<img decoding=\"async\" src=\"https:\/\/www.hicreategames.com\/wp-content\/uploads\/2025\/04\/Objet-de-la-carte-affirmation.jpg\" alt=\"Objet de la carte d'affirmation\" itemprop=\"image\" height=\"426\" width=\"640\" title=\"Objet de la carte d'affirmation\" onerror=\"this.style.display='none'\" loading=\"lazy\" \/>\n\t<h5>\n\t\t\t\tObjectif\n\t\t\t<\/h5>\n\t\t\t<p>Adaptez vos cartes d&rsquo;affirmation \u00e0 des objectifs sp\u00e9cifiques, tels que la pleine conscience, l&rsquo;amour de soi, la motivation ou la gratitude.<\/p>\t\n\t\t\t\t<img decoding=\"async\" src=\"https:\/\/www.hicreategames.com\/wp-content\/uploads\/2025\/04\/Tailles-des-cartes-daffirmation.jpg\" alt=\"Tailles des cartes d'affirmation\" itemprop=\"image\" height=\"426\" width=\"640\" title=\"Tailles des cartes d'affirmation\" onerror=\"this.style.display='none'\" loading=\"lazy\" \/>\n\t<h5>\n\t\t\t\tTailles\n\t\t\t<\/h5>\n\t\t\t<p>Choisissez parmi des dimensions de carte standard ou des tailles personnalis\u00e9es pour correspondre \u00e0 la vision unique du design ou de la fonctionnalit\u00e9 de votre marque.<\/p>\n\t\t\t\t<img decoding=\"async\" src=\"https:\/\/www.hicreategames.com\/wp-content\/uploads\/2025\/04\/Formes-des-cartes-daffirmation.jpg\" alt=\"Formes des cartes d'affirmation\" itemprop=\"image\" height=\"426\" width=\"640\" title=\"Formes des cartes d'affirmation\" onerror=\"this.style.display='none'\" loading=\"lazy\" \/>\n\t<h5>\n\t\t\t\tFormes\n\t\t\t<\/h5>\n\t\t\t<p>Explorez une vari\u00e9t\u00e9 de formes telles que rectangulaires, carr\u00e9es, circulaires ou m\u00eame des formes d\u00e9coup\u00e9es sur mesure pour que vos cartes se d\u00e9marquent.<\/p>\n\t\t\t\t<img decoding=\"async\" src=\"https:\/\/www.hicreategames.com\/wp-content\/uploads\/2025\/04\/Papier-pour-cartes-daffirmation.jpg\" alt=\"Papier pour cartes d'affirmation\" itemprop=\"image\" height=\"426\" width=\"640\" title=\"Papier pour cartes d'affirmation\" onerror=\"this.style.display='none'\" loading=\"lazy\" \/>\n\t<h5>\n\t\t\t\tPapier cartonn\u00e9\n\t\t\t<\/h5>\n\t\t\t<p>Un \u00e9ventail de cartes de 250 \u00e0 350 g\/m\u00b2 et d&rsquo;options de noyau de carte gris\/bleu\/blanc\/noir, pour obtenir une durabilit\u00e9 parfaite.<\/p>\n\t\t\t\t<img decoding=\"async\" src=\"https:\/\/www.hicreategames.com\/wp-content\/uploads\/2025\/04\/Bordure-doree-des-cartes-daffirmation.jpg\" alt=\"Bordure dor\u00e9e des cartes d'affirmation\" itemprop=\"image\" height=\"426\" width=\"640\" title=\"Bordure dor\u00e9e des cartes d'affirmation\" onerror=\"this.style.display='none'\" loading=\"lazy\" \/>\n\t<h5>\n\t\t\t\tBords\n\t\t\t<\/h5>\n\t\t\t<p>Personnalisez le design des bords avec des bords lisses, arrondis ou sp\u00e9ciaux, comme des finitions dor\u00e9es ou peintes, pour un look sophistiqu\u00e9.<\/p>\n\t\t\t\t<img decoding=\"async\" src=\"https:\/\/www.hicreategames.com\/wp-content\/uploads\/2025\/04\/Mots-daffirmation.jpg\" alt=\"Mots d'affirmation\" itemprop=\"image\" height=\"426\" width=\"640\" title=\"Mots d'affirmation\" onerror=\"this.style.display='none'\" loading=\"lazy\" \/>\n\t<h5>\n\t\t\t\tMots\n\t\t\t<\/h5>\n\t\t\t<p>Personnalisez le texte en y incluant des affirmations, des mantras ou des citations motivantes adapt\u00e9es \u00e0 vos th\u00e8mes, \u00e0 votre ton et \u00e0 votre public.<\/p>\t\n\t\t\t\t<img decoding=\"async\" src=\"https:\/\/www.hicreategames.com\/wp-content\/uploads\/2025\/04\/Finition-de-surface-des-cartes-daffirmation.jpg\" alt=\"Finition de surface des cartes d'affirmation\" itemprop=\"image\" height=\"426\" width=\"640\" title=\"Finition de surface des cartes d'affirmation\" onerror=\"this.style.display='none'\" loading=\"lazy\" \/>\n\t<h5>\n\t\t\t\tFinitions de surface\n\t\t\t<\/h5>\n\t\t\t<p>Am\u00e9liorez l&rsquo;attrait esth\u00e9tique avec des options telles que les finitions mates, brillantes, gaufr\u00e9es, m\u00e9tallis\u00e9es ou UV pour une touche haut de gamme.<\/p>\n\t\t\t\t<img decoding=\"async\" src=\"https:\/\/www.hicreategames.com\/wp-content\/uploads\/2025\/04\/Langues-des-cartes-daffirmation.jpg\" alt=\"Langues des cartes d'affirmation\" itemprop=\"image\" height=\"426\" width=\"640\" title=\"Langues des cartes d'affirmation\" onerror=\"this.style.display='none'\" loading=\"lazy\" \/>\n\t<h5>\n\t\t\t\tOptions linguistiques\n\t\t\t<\/h5>\n\t\t\t<p>Proposez des affirmations multilingues ou des cartes de design dans des langues sp\u00e9cifiques pour r\u00e9pondre aux besoins de march\u00e9s et de cultures divers.<\/p>\n\t\t\t\t<img decoding=\"async\" src=\"https:\/\/www.hicreategames.com\/wp-content\/uploads\/2025\/04\/Emballage-des-cartes-daffirmation.jpg\" alt=\"Emballage des cartes d'affirmation\" itemprop=\"image\" height=\"426\" width=\"640\" title=\"Emballage des cartes d'affirmation\" onerror=\"this.style.display='none'\" loading=\"lazy\" \/>\n\t<h5>\n\t\t\t\tOptions d&#8217;emballage\n\t\t\t<\/h5>\n\t\t\t<p>Personnalisez les emballages avec des options telles que les bo\u00eetes \u00e0 rabats, les bo\u00eetes magn\u00e9tiques, les pochettes \u00e0 cordon ou les mat\u00e9riaux \u00e9cologiques.<\/p>\n\t<h3>\n\t\t\t\tPar Audience\n\t\t\t<\/h3>\n\t\t\t<p>La personnalisation des cartes d&rsquo;affirmation pour diff\u00e9rents groupes d&rsquo;\u00e2ge implique l&rsquo;utilisation d&rsquo;un langage, de th\u00e8mes et d&rsquo;\u00e9l\u00e9ments visuels adapt\u00e9s \u00e0 l&rsquo;\u00e2ge. Pour les femmes, mettez l&rsquo;accent sur l&rsquo;autonomisation ; pour les hommes, sur la force et la r\u00e9silience ; pour les enfants, sur des concepts positifs et amusants. <\/p>\n\t\t\t\t<img decoding=\"async\" src=\"https:\/\/www.hicreategames.com\/wp-content\/uploads\/2025\/04\/Cartes-daffirmation-pour-femmes.jpg\" alt=\"Cartes d'affirmation pour femmes\" itemprop=\"image\" height=\"426\" width=\"640\" title=\"Cartes d'affirmation pour femmes\" onerror=\"this.style.display='none'\" loading=\"lazy\" \/>\n\t<h5>\n\t\t\t\tPour les femmes\n\t\t\t<\/h5>\n\t\t\t<p>Personnalisez avec des messages stimulants sur l&rsquo;amour de soi, le renforcement de la confiance et la croissance. Utilisez des motifs apaisants ou \u00e9difiants tels que des motifs floraux, des couleurs pastel ou de l&rsquo;art abstrait. <\/p>\t\n\t\t\t\t<img decoding=\"async\" src=\"https:\/\/www.hicreategames.com\/wp-content\/uploads\/2025\/04\/Cartes-daffirmation-pour-hommes.jpg\" alt=\"Cartes d'affirmation pour hommes\" itemprop=\"image\" height=\"426\" width=\"640\" title=\"Cartes d'affirmation pour hommes\" onerror=\"this.style.display='none'\" loading=\"lazy\" \/>\n\t<h5>\n\t\t\t\tPour les hommes\n\t\t\t<\/h5>\n\t\t\t<p>Mettez l&rsquo;accent sur des th\u00e8mes tels que la confiance, la pers\u00e9v\u00e9rance et la d\u00e9termination. Optez pour des designs audacieux, des tons terreux et des affirmations concises qui r\u00e9sonnent avec leurs objectifs et leurs d\u00e9fis quotidiens. <\/p>\n\t\t\t\t<img decoding=\"async\" src=\"https:\/\/www.hicreategames.com\/wp-content\/uploads\/2025\/04\/Cartes-daffirmation-pour-enfants.jpg\" alt=\"Cartes d'affirmation pour enfants\" itemprop=\"image\" height=\"426\" width=\"640\" title=\"Cartes d'affirmation pour enfants\" onerror=\"this.style.display='none'\" loading=\"lazy\" \/>\n\t<h5>\n\t\t\t\tPour les enfants\n\t\t\t<\/h5>\n\t\t\t<p>Personnalisez-les avec des illustrations ludiques, des couleurs vives et des phrases simples et positives. Incluez des th\u00e8mes tels que la gentillesse, le courage et l&rsquo;apprentissage pour favoriser la confiance et le d\u00e9veloppement \u00e9motionnel de mani\u00e8re amusante et attrayante. <\/p>\n\t<h3>\n\t\t\t\tNos projets de jeux de cartes d&rsquo;affirmation\n\t\t\t<\/h3>\n\t\t\t\t<img decoding=\"async\" src=\"https:\/\/www.hicreategames.com\/wp-content\/uploads\/2025\/04\/Cartes-de-plenitude-de-lesprit.jpg\" alt=\"Cartes de pl\u00e9nitude de l'esprit\" itemprop=\"image\" height=\"426\" width=\"640\" title=\"Cartes de pl\u00e9nitude de l'esprit\" onerror=\"this.style.display='none'\" loading=\"lazy\" \/>\n\t<h5>\n\t\t\t\tCartes de pl\u00e9nitude de l&rsquo;esprit\n\t\t\t<\/h5>\n\t\t\t<ul><li>Taille unique : 14*10*5.5 cm<\/li><li>Taille des cartes : 60 pi\u00e8ces 9*12 cm<\/li><li>Emballage en carton : 18 jeux\/carton<\/li><li>Taille du carton : 30*32*18.5 cm<\/li><li>Poids du carton : 7,5 kg\/carton<\/li><\/ul>\t\n\t\t\t\t<img decoding=\"async\" src=\"https:\/\/www.hicreategames.com\/wp-content\/uploads\/2025\/04\/Carte-de-purification-de-lesprit.jpg\" alt=\"Carte de purification de l'esprit\" itemprop=\"image\" height=\"426\" width=\"640\" title=\"Carte de purification de l'esprit\" onerror=\"this.style.display='none'\" loading=\"lazy\" \/>\n\t<h5>\n\t\t\t\tCarte de purification de l&rsquo;esprit\n\t\t\t<\/h5>\n\t\t\t<ul><li>Taille unique : 10.3*11.5*9.5 cm<\/li><li>Taille de la carte : 60 pi\u00e8ces 8*9,5 cm<\/li><li>Emballage en carton : 18 jeux\/carton<\/li><li>Taille du carton : 33*37*21 cm<\/li><li>Poids du carton : 8,5 kg\/carton<\/li><\/ul>\t\n\t\t\t\t<img decoding=\"async\" src=\"https:\/\/www.hicreategames.com\/wp-content\/uploads\/2025\/04\/Vous-etes-excellent-.jpg\" alt=\"Vous \u00eates excellent !\" itemprop=\"image\" height=\"426\" width=\"640\" title=\"Vous \u00eates excellent !\" onerror=\"this.style.display='none'\" loading=\"lazy\" \/>\n\t<h5>\n\t\t\t\tVous \u00eates excellent !\n\t\t\t<\/h5>\n\t\t\t<ul><li>Taille unique : 9,5*9,5*6,6 cm<\/li><li>Taille de la carte : 60 pi\u00e8ces 16,3*8,8 cm<\/li><li>Conditionnement : 27 jeux\/carton<\/li><li>Taille du carton : 31*31*22 cm<\/li><li>Poids du carton : 11kg\/carton<\/li><\/ul>\t\n\t\t\t\t<img decoding=\"async\" src=\"https:\/\/www.hicreategames.com\/wp-content\/uploads\/2025\/04\/La-bonne-humeur-au-quotidien-1.jpg\" alt=\"La bonne humeur au quotidien - 1\" itemprop=\"image\" height=\"426\" width=\"640\" title=\"La bonne humeur au quotidien - 1\" onerror=\"this.style.display='none'\" loading=\"lazy\" \/>\n\t<h5>\n\t\t\t\tLa bonne humeur au quotidien &#8211; 1\n\t\t\t<\/h5>\n\t\t\t<ul><li>Taille unique : 13*8.15*4 cm<\/li><li>Taille de la carte : 60 pi\u00e8ces 10*7 cm<\/li><li>Emballage en carton : 64 jeux\/carton<\/li><li>Taille du carton : 28*26*33,5 cm<\/li><li>Poids du carton : 12,5 kg\/carton<\/li><\/ul>\t\n\t\t\t\t<img decoding=\"async\" src=\"https:\/\/www.hicreategames.com\/wp-content\/uploads\/2025\/04\/La-bonne-humeur-au-quotidien-2.jpg\" alt=\"La bonne humeur au quotidien - 2\" itemprop=\"image\" height=\"426\" width=\"640\" title=\"La bonne humeur au quotidien - 2\" onerror=\"this.style.display='none'\" loading=\"lazy\" \/>\n\t<h5>\n\t\t\t\tLa bonne humeur au quotidien &#8211; 2\n\t\t\t<\/h5>\n\t\t\t<ul><li>Taille unique : 15*18*4 cm<\/li><li>Taille des cartes : 60 pi\u00e8ces 10*10 cm<\/li><li>Emballage en carton : 40 jeux\/carton<\/li><li>Taille du carton : 32*36*40 cm<\/li><li>Poids du carton : 7kg\/carton<\/li><\/ul>\t\n\t\t\t\t<img decoding=\"async\" src=\"https:\/\/www.hicreategames.com\/wp-content\/uploads\/2025\/04\/Profiter-de-ce-moment.jpg\" alt=\"Profiter de ce moment\" itemprop=\"image\" height=\"426\" width=\"640\" title=\"Profiter de ce moment\" onerror=\"this.style.display='none'\" loading=\"lazy\" \/>\n\t<h5>\n\t\t\t\tProfiter de ce moment\n\t\t\t<\/h5>\n\t\t\t<ul><li>Taille de la bo\u00eete en fer blanc : 12,5*9*4 cm<\/li><li>Taille de la carte : 51 pi\u00e8ces 11,5*8 cm<\/li><li>Emballage en carton : 48 jeux\/carton<\/li><li>Taille du carton : 28*26*33,5 cm<\/li><li>Poids du carton : 16,5 kg\/carton<\/li><\/ul>\t\n\t<h3>\n\t\t\t\tContactez-nous Maintenant\n\t\t\t<\/h3>\n\t\t\t\t<img decoding=\"async\" src=\"https:\/\/www.hicreategames.com\/wp-content\/uploads\/2025\/04\/Cartes-daffirmation-personnalisees.jpg\" alt=\"Cartes d'affirmation personnalis\u00e9es\" itemprop=\"image\" height=\"500\" width=\"500\" title=\"Cartes d'affirmation personnalis\u00e9es\" onerror=\"this.style.display='none'\" loading=\"lazy\" \/>\n\t\n<div class=\"wpcf7 no-js\" id=\"wpcf7-f2893-o2\" lang=\"fr-FR\" dir=\"ltr\" data-wpcf7-id=\"2893\">\n<div class=\"screen-reader-response\"><p role=\"status\" aria-live=\"polite\" aria-atomic=\"true\"><\/p> <ul><\/ul><\/div>\n<form action=\"\/fr\/wp-json\/wp\/v2\/pages\/18578#wpcf7-f2893-o2\" method=\"post\" class=\"wpcf7-form init\" aria-label=\"Formulaire de contact\" enctype=\"multipart\/form-data\" novalidate=\"novalidate\" data-status=\"init\">\n<fieldset class=\"hidden-fields-container\"><input type=\"hidden\" name=\"_wpcf7\" value=\"2893\" \/><input type=\"hidden\" name=\"_wpcf7_version\" value=\"6.1.5\" \/><input type=\"hidden\" name=\"_wpcf7_locale\" value=\"fr_FR\" \/><input type=\"hidden\" name=\"_wpcf7_unit_tag\" value=\"wpcf7-f2893-o2\" \/><input type=\"hidden\" name=\"_wpcf7_container_post\" value=\"0\" \/><input type=\"hidden\" name=\"_wpcf7_posted_data_hash\" value=\"\" \/><input type=\"hidden\" name=\"_wpcf7_recaptcha_response\" value=\"\" \/>\n<\/fieldset>\n<p><label> Votre nom<br \/>\n<span class=\"wpcf7-form-control-wrap\" data-name=\"your-name\"><input size=\"40\" maxlength=\"400\" class=\"wpcf7-form-control wpcf7-text wpcf7-validates-as-required\" aria-required=\"true\" aria-invalid=\"false\" value=\"\" type=\"text\" name=\"your-name\" \/><\/span> <\/label>\n<\/p>\n<p><label> Votre e-mail<br \/>\n<span class=\"wpcf7-form-control-wrap\" data-name=\"your-email\"><input size=\"40\" maxlength=\"400\" class=\"wpcf7-form-control wpcf7-email wpcf7-validates-as-required wpcf7-text wpcf7-validates-as-email\" aria-required=\"true\" aria-invalid=\"false\" value=\"\" type=\"email\" name=\"your-email\" \/><\/span> <\/label>\n<\/p>\n<p><label> Quantit\u00e9 minimale de commande<br \/>\n<span class=\"wpcf7-form-control-wrap\" data-name=\"menu-734\"><select class=\"wpcf7-form-control wpcf7-select wpcf7-validates-as-required\" aria-required=\"true\" aria-invalid=\"false\" name=\"menu-734\"><option value=\"\">&#8212;Veuillez choisir une option&#8212;<\/option><option value=\"300\">300<\/option><option value=\"500\">500<\/option><option value=\"1000\">1000<\/option><\/select><\/span> <\/label>\n<\/p>\n<p><label> Votre message<br \/>\n<span class=\"wpcf7-form-control-wrap\" data-name=\"your-message\"><textarea cols=\"40\" rows=\"10\" maxlength=\"2000\" class=\"wpcf7-form-control wpcf7-textarea wpcf7-validates-as-required\" aria-required=\"true\" aria-invalid=\"false\" name=\"your-message\"><\/textarea><\/span> <\/label>\n<\/p>\n<p><label> Votre dossier (facultatif)<br \/>\n<span class=\"wpcf7-form-control-wrap\" data-name=\"file-978\"><input size=\"40\" class=\"wpcf7-form-control wpcf7-file\" accept=\"audio\/*,video\/*,image\/*\" aria-invalid=\"false\" type=\"file\" name=\"file-978\" \/><\/span> <\/label>\n<\/p>\n<p><span class=\"wpcf7-form-control-wrap\" data-name=\"quiz-747\"><label><span class=\"wpcf7-quiz-label\">2+6=?<\/span> <input size=\"40\" class=\"wpcf7-form-control wpcf7-quiz\" autocomplete=\"off\" aria-required=\"true\" aria-invalid=\"false\" type=\"text\" name=\"quiz-747\" \/><\/label><input type=\"hidden\" name=\"_wpcf7_quiz_answer_quiz-747\" value=\"34fe0dce70d770da3a4b02c0e1fa88fe\" \/><\/span>\n<\/p>\n<p><input class=\"wpcf7-form-control wpcf7-submit has-spinner\" type=\"submit\" value=\"Soumettre\" \/>\n<\/p><div class=\"wpcf7-response-output\" aria-hidden=\"true\"><\/div>\n<\/form>\n<\/div>\n\n\n","protected":false},"excerpt":{"rendered":"<p>Impression de Cartes Positives Nous sommes sp\u00e9cialis\u00e9s dans la personnalisation et l&rsquo;impression de jeux de cartes d&rsquo;affirmation adapt\u00e9s \u00e0 vos besoins. Nos services personnalis\u00e9s vous permettent de choisir parmi une grande vari\u00e9t\u00e9 de designs, de tailles, de papiers cartonn\u00e9s, de m\u00e9thodes d&rsquo;impression, de finitions de surface et d&rsquo;options d&#8217;emballage, afin [&hellip;]<\/p>\n","protected":false},"author":1,"featured_media":0,"parent":0,"menu_order":0,"comment_status":"closed","ping_status":"closed","template":"","meta":{"site-sidebar-layout":"no-sidebar","site-content-layout":"page-builder","ast-site-content-layout":"full-width-container","site-content-style":"unboxed","site-sidebar-style":"unboxed","ast-global-header-display":"","ast-banner-title-visibility":"","ast-main-header-display":"","ast-hfb-above-header-display":"","ast-hfb-below-header-display":"","ast-hfb-mobile-header-display":"","site-post-title":"disabled","ast-breadcrumbs-content":"","ast-featured-img":"disabled","footer-sml-layout":"","ast-disable-related-posts":"","theme-transparent-header-meta":"default","adv-header-id-meta":"","stick-header-meta":"default","header-above-stick-meta":"","header-main-stick-meta":"","header-below-stick-meta":"","astra-migrate-meta-layouts":"default","ast-page-background-enabled":"default","ast-page-background-meta":{"desktop":{"background-color":"","background-image":"","background-repeat":"repeat","background-position":"center center","background-size":"auto","background-attachment":"scroll","background-type":"","background-media":"","overlay-type":"","overlay-color":"","overlay-opacity":"","overlay-gradient":""},"tablet":{"background-color":"","background-image":"","background-repeat":"repeat","background-position":"center center","background-size":"auto","background-attachment":"scroll","background-type":"","background-media":"","overlay-type":"","overlay-color":"","overlay-opacity":"","overlay-gradient":""},"mobile":{"background-color":"","background-image":"","background-repeat":"repeat","background-position":"center center","background-size":"auto","background-attachment":"scroll","background-type":"","background-media":"","overlay-type":"","overlay-color":"","overlay-opacity":"","overlay-gradient":""}},"ast-content-background-meta":{"desktop":{"background-color":"var(--ast-global-color-5)","background-image":"","background-repeat":"repeat","background-position":"center center","background-size":"auto","background-attachment":"scroll","background-type":"","background-media":"","overlay-type":"","overlay-color":"","overlay-opacity":"","overlay-gradient":""},"tablet":{"background-color":"var(--ast-global-color-5)","background-image":"","background-repeat":"repeat","background-position":"center center","background-size":"auto","background-attachment":"scroll","background-type":"","background-media":"","overlay-type":"","overlay-color":"","overlay-opacity":"","overlay-gradient":""},"mobile":{"background-color":"var(--ast-global-color-5)","background-image":"","background-repeat":"repeat","background-position":"center center","background-size":"auto","background-attachment":"scroll","background-type":"","background-media":"","overlay-type":"","overlay-color":"","overlay-opacity":"","overlay-gradient":""}},"footnotes":""},"class_list":["post-18578","page","type-page","status-publish","hentry"],"_links":{"self":[{"href":"https:\/\/www.hicreategames.com\/fr\/wp-json\/wp\/v2\/pages\/18578","targetHints":{"allow":["GET"]}}],"collection":[{"href":"https:\/\/www.hicreategames.com\/fr\/wp-json\/wp\/v2\/pages"}],"about":[{"href":"https:\/\/www.hicreategames.com\/fr\/wp-json\/wp\/v2\/types\/page"}],"author":[{"embeddable":true,"href":"https:\/\/www.hicreategames.com\/fr\/wp-json\/wp\/v2\/users\/1"}],"replies":[{"embeddable":true,"href":"https:\/\/www.hicreategames.com\/fr\/wp-json\/wp\/v2\/comments?post=18578"}],"version-history":[{"count":4,"href":"https:\/\/www.hicreategames.com\/fr\/wp-json\/wp\/v2\/pages\/18578\/revisions"}],"predecessor-version":[{"id":24727,"href":"https:\/\/www.hicreategames.com\/fr\/wp-json\/wp\/v2\/pages\/18578\/revisions\/24727"}],"wp:attachment":[{"href":"https:\/\/www.hicreategames.com\/fr\/wp-json\/wp\/v2\/media?parent=18578"}],"curies":[{"name":"wp","href":"https:\/\/api.w.org\/{rel}","templated":true}]}}