{"id":19403,"date":"2025-04-02T06:58:37","date_gmt":"2025-04-02T06:58:37","guid":{"rendered":"https:\/\/www.hicreategames.com\/dobble-personnalise\/"},"modified":"2025-08-25T10:24:35","modified_gmt":"2025-08-25T10:24:35","slug":"dobble-personnalise","status":"publish","type":"page","link":"https:\/\/www.hicreategames.com\/fr\/dobble-personnalise\/","title":{"rendered":"Dobble Personnalis\u00e9"},"content":{"rendered":"\n\n\t<h2>\n\t\t\t\tDobble Personnalis\u00e9 \n\t\t\t<\/h2>\n\t<p>Personnaliser le jeu classique Dobble pour en cr\u00e9er des versions personnalis\u00e9es peut \u00eatre un projet amusant et cr\u00e9atif.<\/p>\n\t\t\t<a href=\"#\" role=\"button\">\n\t\t\t\t\t\t\tObtenir un Devis\n\t\t\t\t\t<\/a>\n\t\t\t\n<div class=\"wpcf7 no-js\" id=\"wpcf7-f2893-o1\" lang=\"fr-FR\" dir=\"ltr\" data-wpcf7-id=\"2893\">\n<div class=\"screen-reader-response\"><p role=\"status\" aria-live=\"polite\" aria-atomic=\"true\"><\/p> <ul><\/ul><\/div>\n<form action=\"\/fr\/wp-json\/wp\/v2\/pages\/19403#wpcf7-f2893-o1\" method=\"post\" class=\"wpcf7-form init\" aria-label=\"Formulaire de contact\" enctype=\"multipart\/form-data\" novalidate=\"novalidate\" data-status=\"init\">\n<fieldset class=\"hidden-fields-container\"><input type=\"hidden\" name=\"_wpcf7\" value=\"2893\" \/><input type=\"hidden\" name=\"_wpcf7_version\" value=\"6.1.5\" \/><input type=\"hidden\" name=\"_wpcf7_locale\" value=\"fr_FR\" \/><input type=\"hidden\" name=\"_wpcf7_unit_tag\" value=\"wpcf7-f2893-o1\" \/><input type=\"hidden\" name=\"_wpcf7_container_post\" value=\"0\" \/><input type=\"hidden\" name=\"_wpcf7_posted_data_hash\" value=\"\" \/><input type=\"hidden\" name=\"_wpcf7_recaptcha_response\" value=\"\" \/>\n<\/fieldset>\n<p><label> Votre nom<br \/>\n<span class=\"wpcf7-form-control-wrap\" data-name=\"your-name\"><input size=\"40\" maxlength=\"400\" class=\"wpcf7-form-control wpcf7-text wpcf7-validates-as-required\" aria-required=\"true\" aria-invalid=\"false\" value=\"\" type=\"text\" name=\"your-name\" \/><\/span> <\/label>\n<\/p>\n<p><label> Votre e-mail<br \/>\n<span class=\"wpcf7-form-control-wrap\" data-name=\"your-email\"><input size=\"40\" maxlength=\"400\" class=\"wpcf7-form-control wpcf7-email wpcf7-validates-as-required wpcf7-text wpcf7-validates-as-email\" aria-required=\"true\" aria-invalid=\"false\" value=\"\" type=\"email\" name=\"your-email\" \/><\/span> <\/label>\n<\/p>\n<p><label> Quantit\u00e9 minimale de commande<br \/>\n<span class=\"wpcf7-form-control-wrap\" data-name=\"menu-734\"><select class=\"wpcf7-form-control wpcf7-select wpcf7-validates-as-required\" aria-required=\"true\" aria-invalid=\"false\" name=\"menu-734\"><option value=\"\">&#8212;Veuillez choisir une option&#8212;<\/option><option value=\"300\">300<\/option><option value=\"500\">500<\/option><option value=\"1000\">1000<\/option><\/select><\/span> <\/label>\n<\/p>\n<p><label> Votre message<br \/>\n<span class=\"wpcf7-form-control-wrap\" data-name=\"your-message\"><textarea cols=\"40\" rows=\"10\" maxlength=\"2000\" class=\"wpcf7-form-control wpcf7-textarea wpcf7-validates-as-required\" aria-required=\"true\" aria-invalid=\"false\" name=\"your-message\"><\/textarea><\/span> <\/label>\n<\/p>\n<p><label> Votre dossier (facultatif)<br \/>\n<span class=\"wpcf7-form-control-wrap\" data-name=\"file-978\"><input size=\"40\" class=\"wpcf7-form-control wpcf7-file\" accept=\"audio\/*,video\/*,image\/*\" aria-invalid=\"false\" type=\"file\" name=\"file-978\" \/><\/span> <\/label>\n<\/p>\n<p><span class=\"wpcf7-form-control-wrap\" data-name=\"quiz-747\"><label><span class=\"wpcf7-quiz-label\">2+6=?<\/span> <input size=\"40\" class=\"wpcf7-form-control wpcf7-quiz\" autocomplete=\"off\" aria-required=\"true\" aria-invalid=\"false\" type=\"text\" name=\"quiz-747\" \/><\/label><input type=\"hidden\" name=\"_wpcf7_quiz_answer_quiz-747\" value=\"34fe0dce70d770da3a4b02c0e1fa88fe\" \/><\/span>\n<\/p>\n<p><input class=\"wpcf7-form-control wpcf7-submit has-spinner\" type=\"submit\" value=\"Soumettre\" \/>\n<\/p><div class=\"wpcf7-response-output\" aria-hidden=\"true\"><\/div>\n<\/form>\n<\/div>\n\t\t\n<h3>\n\t\t\tQue pouvons-nous personnaliser pour votre jeu Dobble ? \t<\/h3>\n\t\t\t\t<img decoding=\"async\" src=\"https:\/\/www.hicreategames.com\/wp-content\/uploads\/2025\/04\/Cartes-Dobble.jpg\" alt=\"Cartes Dobble\" itemprop=\"image\" height=\"426\" width=\"640\" title=\"Cartes Dobble\" onerror=\"this.style.display='none'\" loading=\"lazy\" \/>\n\t<h5>\n\t\t\t\tCartes circulaires\n\t\t\t<\/h5>\n\t\t\t<p>Nous pouvons personnaliser le nombre, la taille, le design, le papier et la finition des cartes circulaires, vous permettant ainsi de choisir des symboles, des couleurs et des illustrations uniques adapt\u00e9s \u00e0 votre th\u00e8me ou \u00e0 votre image de marque.<\/p>\t\n\t\t\t\t<img decoding=\"async\" src=\"https:\/\/www.hicreategames.com\/wp-content\/uploads\/2025\/04\/Symboles-Dobble.jpg\" alt=\"Symboles Dobble\" itemprop=\"image\" height=\"426\" width=\"640\" title=\"Symboles Dobble\" onerror=\"this.style.display='none'\" loading=\"lazy\" \/>\n\t<h5>\n\t\t\t\tSymboles\n\t\t\t<\/h5>\n\t\t\t<p>Nous offrons la possibilit\u00e9 de cr\u00e9er des symboles personnalis\u00e9s qui correspondent au th\u00e8me de votre jeu. Que vous souhaitiez des illustrations ou des logos uniques, nous pouvons les concevoir et les imprimer sur les cartes. <\/p>\n\t\t\t\t<img decoding=\"async\" src=\"https:\/\/www.hicreategames.com\/wp-content\/uploads\/2025\/04\/Boite-metallique-Dobble.jpg\" alt=\"Bo\u00eete m\u00e9tallique Dobble\" itemprop=\"image\" height=\"426\" width=\"640\" title=\"Bo\u00eete m\u00e9tallique Dobble\" onerror=\"this.style.display='none'\" loading=\"lazy\" \/>\n\t<h5>\n\t\t\t\tBo\u00eete en fer-blanc\n\t\t\t<\/h5>\n\t\t\t<p>Nos bo\u00eetes en m\u00e9tal personnalisables peuvent \u00eatre personnalis\u00e9es avec des logos, des graphiques et des \u00e9l\u00e9ments de marque. Vous pouvez choisir le design, la finition et les couleurs de la bo\u00eete afin qu&rsquo;elle s&rsquo;harmonise avec l&rsquo;esth\u00e9tique g\u00e9n\u00e9rale du jeu. <\/p>\n\t<h3>\n\t\t\t\tVersions des personnages\n\t\t\t<\/h3>\n\t\t\t<p>Ces variantes th\u00e9matiques du jeu Dobble ajouteraient des rebondissements amusants en fonction des int\u00e9r\u00eats des joueurs, le rendant encore plus captivant.<\/p>\t\n\t\t\t\t<img decoding=\"async\" src=\"https:\/\/www.hicreategames.com\/wp-content\/uploads\/2025\/04\/Animaux-Dobble.jpg\" alt=\"Animaux Dobble\" itemprop=\"image\" height=\"426\" width=\"640\" title=\"Animaux Dobble\" onerror=\"this.style.display='none'\" loading=\"lazy\" \/>\n\t<h5>\n\t\t\t\tAnimaux Dobble\n\t\t\t<\/h5>\n\t\t\t<p>Les symboles sur les cartes repr\u00e9sentent divers animaux. Les joueurs doivent trouver des animaux identiques, tels qu&rsquo;un lion, un \u00e9l\u00e9phant ou un dauphin, et les associer \u00e0 l&rsquo;animal correspondant sur une autre carte. <\/p>\t\n\t\t\t\t<img decoding=\"async\" src=\"https:\/\/www.hicreategames.com\/wp-content\/uploads\/2025\/04\/Alphabets-Dobble.jpg\" alt=\"Alphabets Dobble\" itemprop=\"image\" height=\"426\" width=\"640\" title=\"Alphabets Dobble\" onerror=\"this.style.display='none'\" loading=\"lazy\" \/>\n\t<h5>\n\t\t\t\tAlphabets Dobble\n\t\t\t<\/h5>\n\t\t\t<p>Chaque carte contient des lettres de l&rsquo;alphabet, l&rsquo;objectif \u00e9tant de trouver les lettres correspondantes sur une autre carte. Le jeu peut inclure des lettres majuscules et minuscules pour plus de difficult\u00e9 ! <\/p>\t\n\t\t\t\t<img decoding=\"async\" src=\"https:\/\/www.hicreategames.com\/wp-content\/uploads\/2025\/04\/Animes-Dessins-Dobble.jpg\" alt=\"Animes Dessins Dobble\" itemprop=\"image\" height=\"426\" width=\"640\" title=\"Animes Dessins Dobble\" onerror=\"this.style.display='none'\" loading=\"lazy\" \/>\n\t<h5>\n\t\t\t\tAnimes \/ Dessins anim\u00e9sDobble\n\t\t\t<\/h5>\n\t\t\t<p>Des personnages tels que Paw Patrol, Pok\u00e9mon, Frozen Princess issus de s\u00e9ries anim\u00e9es ou de dessins anim\u00e9s populaires. Les joueurs doivent associer des personnages de la m\u00eame s\u00e9rie ou du m\u00eame dessin anim\u00e9 ! <\/p>\t\n\t<h3>\n\t\t\t\tVersions sportives\n\t\t\t<\/h3>\n\t\t\t<p>La cr\u00e9ation de versions sur le th\u00e8me du sport peut rendre le jeu plus attrayant pour les fans de diff\u00e9rents sports. Voici quelques id\u00e9es pour des versions sur le th\u00e8me du football, du hockey et du baseball : <\/p>\n\t\t\t\t<img decoding=\"async\" src=\"https:\/\/www.hicreategames.com\/wp-content\/uploads\/2025\/04\/Football-Dobble-1.jpg\" alt=\"Football Dobble\" itemprop=\"image\" height=\"426\" width=\"640\" title=\"Football Dobble\" onerror=\"this.style.display='none'\" loading=\"lazy\" \/>\n\t<h5>\n\t\t\t\tFootball Dobble\n\t\t\t<\/h5>\n\t\t\t<ul><li><strong>Symboles <\/strong> : ballon de football, casque, poteaux de but, sifflet, logo de l&rsquo;\u00e9quipe, num\u00e9ro de maillot, arbitre, pom-pom girl, sch\u00e9ma de jeu, troph\u00e9e<\/li><li><strong>Cartes sp\u00e9ciales<\/strong>: Touchdown, Fumble, Hail Mary<\/li><li><strong>Th\u00e8me<\/strong>: Mod\u00e8les de football de la NFL ou de l&rsquo;universit\u00e9<\/li><\/ul>\t\n\t\t\t\t<img decoding=\"async\" src=\"https:\/\/www.hicreategames.com\/wp-content\/uploads\/2025\/04\/Hockey-Dobble-1.jpg\" alt=\"Hockey Dobble\" itemprop=\"image\" height=\"426\" width=\"640\" title=\"Hockey Dobble\" onerror=\"this.style.display='none'\" loading=\"lazy\" \/>\n\t<h5>\n\t\t\t\tHockey Dobble\n\t\t\t<\/h5>\n\t\t\t<ul><li><strong>Symboles <\/strong> : crosse de hockey, palet, masque de gardien de but, patinoire, cercle d&rsquo;engagement, Zamboni, ic\u00f4ne de jeu en sup\u00e9riorit\u00e9 num\u00e9rique, arbitre, maillot, Coupe Stanley<\/li><li><strong>Cartes sp\u00e9ciales<\/strong>: Hat Trick, Penalty Box, Overtime<\/li><li><strong>Th\u00e8me<\/strong>: LNH, Jeux olympiques ou ligues locales<\/li><\/ul>\t\n\t\t\t\t<img decoding=\"async\" src=\"https:\/\/www.hicreategames.com\/wp-content\/uploads\/2025\/04\/Baseball-Dobble-1.jpg\" alt=\"Baseball Dobble\" itemprop=\"image\" height=\"426\" width=\"640\" title=\"Baseball Dobble\" onerror=\"this.style.display='none'\" loading=\"lazy\" \/>\n\t<h5>\n\t\t\t\tBaseball Dobble\n\t\t\t<\/h5>\n\t\t\t<ul><li><strong>Symboles <\/strong> : Balle de baseball, Batte, Gant, Marque de but, Monticule du lanceur, Tableau d&rsquo;affichage, Arbitre, Hot-dog, Abri des joueurs, Bague de championnat<\/li><li><strong>Cartes sp\u00e9ciales<\/strong>: Grand Chelem, Home Run, Strikeout<\/li><li><strong>Th\u00e8me<\/strong>: MLB ou Little League<\/li><\/ul>\t\n\t<h3>\n\t\t\t\tVersions pour les f\u00eates\n\t\t\t<\/h3>\n\t\t\t<p>Les versions th\u00e9matiques de Dobble peuvent rendre le jeu plus festif pour les occasions sp\u00e9ciales. Ces versions remplacent les symboles habituels par des images li\u00e9es aux f\u00eates. Voici quelques-unes de nos id\u00e9es pour des versions festives de Dobble :  <\/p>\t\n\t\t\t\t<img decoding=\"async\" src=\"https:\/\/www.hicreategames.com\/wp-content\/uploads\/2025\/04\/Dobble-de-Noel.jpg\" alt=\"Dobble de No\u00ebl\" itemprop=\"image\" height=\"426\" width=\"640\" title=\"Dobble de No\u00ebl\" onerror=\"this.style.display='none'\" loading=\"lazy\" \/>\n\t<h5>\n\t\t\t\tDobble de No\u00ebl\n\t\t\t<\/h5>\n\t\t\t<p>Utilisez des symboles tels que le P\u00e8re No\u00ebl, les rennes, le sapin de No\u00ebl, les flocons de neige, les sucres d&rsquo;orge, les chaussettes, les bonhommes de neige, les d\u00e9corations, les bonhommes en pain d&rsquo;\u00e9pice, les cadeaux, le gui et les couronnes. Ajoutez des \u00e9l\u00e9ments dor\u00e9s scintillants ou m\u00e9talliques au design pour cr\u00e9er une ambiance festive. <\/p>\t\n\t\t\t\t<img decoding=\"async\" src=\"https:\/\/www.hicreategames.com\/wp-content\/uploads\/2025\/04\/Dobble-Halloween.jpg\" alt=\"Dobble Halloween\" itemprop=\"image\" height=\"426\" width=\"640\" title=\"Dobble Halloween\" onerror=\"this.style.display='none'\" loading=\"lazy\" \/>\n\t<h5>\n\t\t\t\tDobble Halloween\n\t\t\t<\/h5>\n\t\t\t<p>Utilisez des \u00e9l\u00e9ments d&rsquo;Halloween tels que des citrouilles, des fant\u00f4mes, des chapeaux de sorci\u00e8res, des chats noirs, des toiles d&rsquo;araign\u00e9es, des chaudrons, des chauves-souris, des cr\u00e2nes, des balais, des vampires, des globes oculaires et des pierres tombales. Ajoutez des touches sp\u00e9ciales telles que des cartes phosphorescentes ou des arri\u00e8re-plans effrayants. <\/p>\t\n\t\t\t\t<img decoding=\"async\" src=\"https:\/\/www.hicreategames.com\/wp-content\/uploads\/2025\/04\/Dobble-de-Paques.jpg\" alt=\"Dobble de P\u00e2ques\" itemprop=\"image\" height=\"426\" width=\"640\" title=\"Dobble de P\u00e2ques\" onerror=\"this.style.display='none'\" loading=\"lazy\" \/>\n\t<h5>\n\t\t\t\tDobble de P\u00e2ques\n\t\t\t<\/h5>\n\t\t\t<p>Remplac\u00e9 par des symboles de P\u00e2ques, tels que le lapin de P\u00e2ques, des \u0153ufs d\u00e9cor\u00e9s, un poussin, un panier, une tulipe, un lapin en chocolat, un papillon, un arc-en-ciel, un agneau, un chapeau de P\u00e2ques et des bonbons. Con\u00e7u avec des arri\u00e8re-plans aux couleurs pastel et des bordures sur le th\u00e8me du printemps. <\/p>\t\n\t<h3>\n\t\t\t\tContactez-nous Maintenant\n\t\t\t<\/h3>\n\t\t\t\t<img decoding=\"async\" src=\"https:\/\/www.hicreategames.com\/wp-content\/uploads\/2025\/04\/Dobble-Jeu-de-Carte.jpg\" alt=\"Dobble Jeu de Carte\" itemprop=\"image\" height=\"600\" width=\"600\" title=\"Dobble Jeu de Carte\" onerror=\"this.style.display='none'\" loading=\"lazy\" \/>\n\t\n<div class=\"wpcf7 no-js\" id=\"wpcf7-f2893-o2\" lang=\"fr-FR\" dir=\"ltr\" data-wpcf7-id=\"2893\">\n<div class=\"screen-reader-response\"><p role=\"status\" aria-live=\"polite\" aria-atomic=\"true\"><\/p> <ul><\/ul><\/div>\n<form action=\"\/fr\/wp-json\/wp\/v2\/pages\/19403#wpcf7-f2893-o2\" method=\"post\" class=\"wpcf7-form init\" aria-label=\"Formulaire de contact\" enctype=\"multipart\/form-data\" novalidate=\"novalidate\" data-status=\"init\">\n<fieldset class=\"hidden-fields-container\"><input type=\"hidden\" name=\"_wpcf7\" value=\"2893\" \/><input type=\"hidden\" name=\"_wpcf7_version\" value=\"6.1.5\" \/><input type=\"hidden\" name=\"_wpcf7_locale\" value=\"fr_FR\" \/><input type=\"hidden\" name=\"_wpcf7_unit_tag\" value=\"wpcf7-f2893-o2\" \/><input type=\"hidden\" name=\"_wpcf7_container_post\" value=\"0\" \/><input type=\"hidden\" name=\"_wpcf7_posted_data_hash\" value=\"\" \/><input type=\"hidden\" name=\"_wpcf7_recaptcha_response\" value=\"\" \/>\n<\/fieldset>\n<p><label> Votre nom<br \/>\n<span class=\"wpcf7-form-control-wrap\" data-name=\"your-name\"><input size=\"40\" maxlength=\"400\" class=\"wpcf7-form-control wpcf7-text wpcf7-validates-as-required\" aria-required=\"true\" aria-invalid=\"false\" value=\"\" type=\"text\" name=\"your-name\" \/><\/span> <\/label>\n<\/p>\n<p><label> Votre e-mail<br \/>\n<span class=\"wpcf7-form-control-wrap\" data-name=\"your-email\"><input size=\"40\" maxlength=\"400\" class=\"wpcf7-form-control wpcf7-email wpcf7-validates-as-required wpcf7-text wpcf7-validates-as-email\" aria-required=\"true\" aria-invalid=\"false\" value=\"\" type=\"email\" name=\"your-email\" \/><\/span> <\/label>\n<\/p>\n<p><label> Quantit\u00e9 minimale de commande<br \/>\n<span class=\"wpcf7-form-control-wrap\" data-name=\"menu-734\"><select class=\"wpcf7-form-control wpcf7-select wpcf7-validates-as-required\" aria-required=\"true\" aria-invalid=\"false\" name=\"menu-734\"><option value=\"\">&#8212;Veuillez choisir une option&#8212;<\/option><option value=\"300\">300<\/option><option value=\"500\">500<\/option><option value=\"1000\">1000<\/option><\/select><\/span> <\/label>\n<\/p>\n<p><label> Votre message<br \/>\n<span class=\"wpcf7-form-control-wrap\" data-name=\"your-message\"><textarea cols=\"40\" rows=\"10\" maxlength=\"2000\" class=\"wpcf7-form-control wpcf7-textarea wpcf7-validates-as-required\" aria-required=\"true\" aria-invalid=\"false\" name=\"your-message\"><\/textarea><\/span> <\/label>\n<\/p>\n<p><label> Votre dossier (facultatif)<br \/>\n<span class=\"wpcf7-form-control-wrap\" data-name=\"file-978\"><input size=\"40\" class=\"wpcf7-form-control wpcf7-file\" accept=\"audio\/*,video\/*,image\/*\" aria-invalid=\"false\" type=\"file\" name=\"file-978\" \/><\/span> <\/label>\n<\/p>\n<p><span class=\"wpcf7-form-control-wrap\" data-name=\"quiz-747\"><label><span class=\"wpcf7-quiz-label\">2+6=?<\/span> <input size=\"40\" class=\"wpcf7-form-control wpcf7-quiz\" autocomplete=\"off\" aria-required=\"true\" aria-invalid=\"false\" type=\"text\" name=\"quiz-747\" \/><\/label><input type=\"hidden\" name=\"_wpcf7_quiz_answer_quiz-747\" value=\"34fe0dce70d770da3a4b02c0e1fa88fe\" \/><\/span>\n<\/p>\n<p><input class=\"wpcf7-form-control wpcf7-submit has-spinner\" type=\"submit\" value=\"Soumettre\" \/>\n<\/p><div class=\"wpcf7-response-output\" aria-hidden=\"true\"><\/div>\n<\/form>\n<\/div>\n\n\n","protected":false},"excerpt":{"rendered":"<p>Dobble Personnalis\u00e9 Personnaliser le jeu classique Dobble pour en cr\u00e9er des versions personnalis\u00e9es peut \u00eatre un projet amusant et cr\u00e9atif. Obtenir un Devis Que pouvons-nous personnaliser pour votre jeu Dobble ? Cartes circulaires Nous pouvons personnaliser le nombre, la taille, le design, le papier et la finition des cartes circulaires, [&hellip;]<\/p>\n","protected":false},"author":1,"featured_media":0,"parent":0,"menu_order":0,"comment_status":"closed","ping_status":"closed","template":"","meta":{"site-sidebar-layout":"no-sidebar","site-content-layout":"page-builder","ast-site-content-layout":"full-width-container","site-content-style":"unboxed","site-sidebar-style":"unboxed","ast-global-header-display":"","ast-banner-title-visibility":"","ast-main-header-display":"","ast-hfb-above-header-display":"","ast-hfb-below-header-display":"","ast-hfb-mobile-header-display":"","site-post-title":"disabled","ast-breadcrumbs-content":"","ast-featured-img":"disabled","footer-sml-layout":"","ast-disable-related-posts":"","theme-transparent-header-meta":"default","adv-header-id-meta":"","stick-header-meta":"default","header-above-stick-meta":"","header-main-stick-meta":"","header-below-stick-meta":"","astra-migrate-meta-layouts":"default","ast-page-background-enabled":"default","ast-page-background-meta":{"desktop":{"background-color":"","background-image":"","background-repeat":"repeat","background-position":"center center","background-size":"auto","background-attachment":"scroll","background-type":"","background-media":"","overlay-type":"","overlay-color":"","overlay-opacity":"","overlay-gradient":""},"tablet":{"background-color":"","background-image":"","background-repeat":"repeat","background-position":"center center","background-size":"auto","background-attachment":"scroll","background-type":"","background-media":"","overlay-type":"","overlay-color":"","overlay-opacity":"","overlay-gradient":""},"mobile":{"background-color":"","background-image":"","background-repeat":"repeat","background-position":"center center","background-size":"auto","background-attachment":"scroll","background-type":"","background-media":"","overlay-type":"","overlay-color":"","overlay-opacity":"","overlay-gradient":""}},"ast-content-background-meta":{"desktop":{"background-color":"var(--ast-global-color-5)","background-image":"","background-repeat":"repeat","background-position":"center center","background-size":"auto","background-attachment":"scroll","background-type":"","background-media":"","overlay-type":"","overlay-color":"","overlay-opacity":"","overlay-gradient":""},"tablet":{"background-color":"var(--ast-global-color-5)","background-image":"","background-repeat":"repeat","background-position":"center center","background-size":"auto","background-attachment":"scroll","background-type":"","background-media":"","overlay-type":"","overlay-color":"","overlay-opacity":"","overlay-gradient":""},"mobile":{"background-color":"var(--ast-global-color-5)","background-image":"","background-repeat":"repeat","background-position":"center center","background-size":"auto","background-attachment":"scroll","background-type":"","background-media":"","overlay-type":"","overlay-color":"","overlay-opacity":"","overlay-gradient":""}},"footnotes":""},"class_list":["post-19403","page","type-page","status-publish","hentry"],"_links":{"self":[{"href":"https:\/\/www.hicreategames.com\/fr\/wp-json\/wp\/v2\/pages\/19403","targetHints":{"allow":["GET"]}}],"collection":[{"href":"https:\/\/www.hicreategames.com\/fr\/wp-json\/wp\/v2\/pages"}],"about":[{"href":"https:\/\/www.hicreategames.com\/fr\/wp-json\/wp\/v2\/types\/page"}],"author":[{"embeddable":true,"href":"https:\/\/www.hicreategames.com\/fr\/wp-json\/wp\/v2\/users\/1"}],"replies":[{"embeddable":true,"href":"https:\/\/www.hicreategames.com\/fr\/wp-json\/wp\/v2\/comments?post=19403"}],"version-history":[{"count":3,"href":"https:\/\/www.hicreategames.com\/fr\/wp-json\/wp\/v2\/pages\/19403\/revisions"}],"predecessor-version":[{"id":24732,"href":"https:\/\/www.hicreategames.com\/fr\/wp-json\/wp\/v2\/pages\/19403\/revisions\/24732"}],"wp:attachment":[{"href":"https:\/\/www.hicreategames.com\/fr\/wp-json\/wp\/v2\/media?parent=19403"}],"curies":[{"name":"wp","href":"https:\/\/api.w.org\/{rel}","templated":true}]}}