{"id":20177,"date":"2024-12-15T08:50:31","date_gmt":"2024-12-15T08:50:31","guid":{"rendered":"https:\/\/www.hicreategames.com\/jeux-dalcool-avec-cartes\/"},"modified":"2025-08-26T03:23:06","modified_gmt":"2025-08-26T03:23:06","slug":"jeux-dalcool-avec-cartes","status":"publish","type":"page","link":"https:\/\/www.hicreategames.com\/fr\/jeux-dalcool-avec-cartes\/","title":{"rendered":"Jeu de Carte A Boire"},"content":{"rendered":"\n\n\t<h2>\n\t\t\t\tJeu de Carte A Boire\n\t\t\t<\/h2>\n\t<p>Nous sommes sp\u00e9cialis\u00e9s dans la cr\u00e9ation de jeux de cartes \u00e0 boire personnalis\u00e9s et de haute qualit\u00e9, adapt\u00e9s \u00e0 votre th\u00e8me et \u00e0 votre style unique. <\/p>\n<p>Gr\u00e2ce \u00e0 des options de personnalisation infinies, des mat\u00e9riaux durables et des solutions d&rsquo;impression et d&#8217;emballage professionnelles, nous veillons \u00e0 ce que votre jeu \u00e0 boire se d\u00e9marque lors de chaque f\u00eate, \u00e9v\u00e9nement ou r\u00e9union.<\/p>\n\t\t\t<a href=\"#\" role=\"button\">\n\t\t\t\t\t\t\tObtenir un Devis\n\t\t\t\t\t<\/a>\n\t\t\t\n<div class=\"wpcf7 no-js\" id=\"wpcf7-f2893-o1\" lang=\"fr-FR\" dir=\"ltr\" data-wpcf7-id=\"2893\">\n<div class=\"screen-reader-response\"><p role=\"status\" aria-live=\"polite\" aria-atomic=\"true\"><\/p> <ul><\/ul><\/div>\n<form action=\"\/fr\/wp-json\/wp\/v2\/pages\/20177#wpcf7-f2893-o1\" method=\"post\" class=\"wpcf7-form init\" aria-label=\"Formulaire de contact\" enctype=\"multipart\/form-data\" novalidate=\"novalidate\" data-status=\"init\">\n<fieldset class=\"hidden-fields-container\"><input type=\"hidden\" name=\"_wpcf7\" value=\"2893\" \/><input type=\"hidden\" name=\"_wpcf7_version\" value=\"6.1.5\" \/><input type=\"hidden\" name=\"_wpcf7_locale\" value=\"fr_FR\" \/><input type=\"hidden\" name=\"_wpcf7_unit_tag\" value=\"wpcf7-f2893-o1\" \/><input type=\"hidden\" name=\"_wpcf7_container_post\" value=\"0\" \/><input type=\"hidden\" name=\"_wpcf7_posted_data_hash\" value=\"\" \/><input type=\"hidden\" name=\"_wpcf7_recaptcha_response\" value=\"\" \/>\n<\/fieldset>\n<p><label> Votre nom<br \/>\n<span class=\"wpcf7-form-control-wrap\" data-name=\"your-name\"><input size=\"40\" maxlength=\"400\" class=\"wpcf7-form-control wpcf7-text wpcf7-validates-as-required\" aria-required=\"true\" aria-invalid=\"false\" value=\"\" type=\"text\" name=\"your-name\" \/><\/span> <\/label>\n<\/p>\n<p><label> Votre e-mail<br \/>\n<span class=\"wpcf7-form-control-wrap\" data-name=\"your-email\"><input size=\"40\" maxlength=\"400\" class=\"wpcf7-form-control wpcf7-email wpcf7-validates-as-required wpcf7-text wpcf7-validates-as-email\" aria-required=\"true\" aria-invalid=\"false\" value=\"\" type=\"email\" name=\"your-email\" \/><\/span> <\/label>\n<\/p>\n<p><label> Quantit\u00e9 minimale de commande<br \/>\n<span class=\"wpcf7-form-control-wrap\" data-name=\"menu-734\"><select class=\"wpcf7-form-control wpcf7-select wpcf7-validates-as-required\" aria-required=\"true\" aria-invalid=\"false\" name=\"menu-734\"><option value=\"\">&#8212;Veuillez choisir une option&#8212;<\/option><option value=\"300\">300<\/option><option value=\"500\">500<\/option><option value=\"1000\">1000<\/option><\/select><\/span> <\/label>\n<\/p>\n<p><label> Votre message<br \/>\n<span class=\"wpcf7-form-control-wrap\" data-name=\"your-message\"><textarea cols=\"40\" rows=\"10\" maxlength=\"2000\" class=\"wpcf7-form-control wpcf7-textarea wpcf7-validates-as-required\" aria-required=\"true\" aria-invalid=\"false\" name=\"your-message\"><\/textarea><\/span> <\/label>\n<\/p>\n<p><label> Votre dossier (facultatif)<br \/>\n<span class=\"wpcf7-form-control-wrap\" data-name=\"file-978\"><input size=\"40\" class=\"wpcf7-form-control wpcf7-file\" accept=\"audio\/*,video\/*,image\/*\" aria-invalid=\"false\" type=\"file\" name=\"file-978\" \/><\/span> <\/label>\n<\/p>\n<p><span class=\"wpcf7-form-control-wrap\" data-name=\"quiz-747\"><label><span class=\"wpcf7-quiz-label\">2+6=?<\/span> <input size=\"40\" class=\"wpcf7-form-control wpcf7-quiz\" autocomplete=\"off\" aria-required=\"true\" aria-invalid=\"false\" type=\"text\" name=\"quiz-747\" \/><\/label><input type=\"hidden\" name=\"_wpcf7_quiz_answer_quiz-747\" value=\"34fe0dce70d770da3a4b02c0e1fa88fe\" \/><\/span>\n<\/p>\n<p><input class=\"wpcf7-form-control wpcf7-submit has-spinner\" type=\"submit\" value=\"Soumettre\" \/>\n<\/p><div class=\"wpcf7-response-output\" aria-hidden=\"true\"><\/div>\n<\/form>\n<\/div>\n\t\t\n<h3>\n\t\t\tOptions de personnalisation pour votre jeu \u00e0 boire\t<\/h3>\n\t\t\t\t<img decoding=\"async\" src=\"https:\/\/www.hicreategames.com\/wp-content\/uploads\/2025\/04\/Themes-du-Jeu-de-Carte-A-Boire.jpg\" alt=\"Th\u00e8mes du Jeu de Carte A Boire\" itemprop=\"image\" height=\"426\" width=\"640\" title=\"Th\u00e8mes du Jeu de Carte A Boire\" onerror=\"this.style.display='none'\" loading=\"lazy\" \/>\n\t<h5>\n\t\t\t\tTh\u00e8mes et concepts\n\t\t\t<\/h5>\n\t\t\t<p>Nous proposons une large gamme de th\u00e8mes, allant de l&rsquo;humour festif aux aventures fantastiques, adapt\u00e9s \u00e0 votre \u00e9v\u00e9nement, \u00e0 votre marque ou \u00e0 vos concepts narratifs uniques.<\/p>\n\t\t\t\t<img decoding=\"async\" src=\"https:\/\/www.hicreategames.com\/wp-content\/uploads\/2025\/04\/Design-des-Jeu-de-Carte-A-Boire.jpg\" alt=\"Design des Jeu de Carte A Boire\" itemprop=\"image\" height=\"426\" width=\"640\" title=\"Design des Jeu de Carte A Boire\" onerror=\"this.style.display='none'\" loading=\"lazy\" \/>\n\t<h5>\n\t\t\t\tConception de la carte et graphisme\n\t\t\t<\/h5>\n\t\t\t<p>Notre \u00e9quipe cr\u00e9e de superbes designs de cartes avec des illustrations personnalis\u00e9es, des couleurs vives et des styles uniques, afin que chaque carte corresponde \u00e0 votre vision cr\u00e9ative.<\/p>\n\t\t\t\t<img decoding=\"async\" src=\"https:\/\/www.hicreategames.com\/wp-content\/uploads\/2025\/04\/Types-du-Cartes-de-A-Boire.jpg\" alt=\"Types du Cartes de A Boire\" itemprop=\"image\" height=\"426\" width=\"640\" title=\"Types du Cartes de A Boire\" onerror=\"this.style.display='none'\" loading=\"lazy\" \/>\n\t<h5>\n\t\t\t\tTypes de cartes\n\t\t\t<\/h5>\n\t\t\t<p>Nous proposons une vari\u00e9t\u00e9 de cartes personnalis\u00e9es sur le th\u00e8me de la boisson, notamment des cartes d\u00e9fi, des cartes action, des cartes quiz, des cartes \u00e0 ignorer et des cartes invers\u00e9es.<\/p>\n\t\t\t\t<img decoding=\"async\" src=\"https:\/\/www.hicreategames.com\/wp-content\/uploads\/2025\/04\/Regles-du-Jeu-de-Carte-A-Boire.jpg\" alt=\"R\u00e8gles du Jeu de Carte A Boire\" itemprop=\"image\" height=\"426\" width=\"640\" title=\"R\u00e8gles du Jeu de Carte A Boire\" onerror=\"this.style.display='none'\" loading=\"lazy\" \/>\n\t<h5>\n\t\t\t\tR\u00e8gles du jeu et actions\n\t\t\t<\/h5>\n\t\t\t<p>Simplifiez des id\u00e9es complexes en m\u00e9canismes de jeu attrayants. Nous fournissons un service de personnalisation des r\u00e8gles et des actions, afin qu&rsquo;elles correspondent \u00e0 votre style de jeu. <\/p>\n\t\t\t\t<img decoding=\"async\" src=\"https:\/\/www.hicreategames.com\/wp-content\/uploads\/2025\/04\/Composants-du-Jeu-de-Carte-A-Boire.jpg\" alt=\"Composants du Jeu de Carte A Boire\" itemprop=\"image\" height=\"426\" width=\"640\" title=\"Composants du Jeu de Carte A Boire\" onerror=\"this.style.display='none'\" loading=\"lazy\" \/>\n\t<h5>\n\t\t\t\tComposants de Jeux\n\t\t\t<\/h5>\n\t\t\t<p>Au-del\u00e0 des cartes, nous proposons des verres \u00e0 shot, des jetons, des d\u00e9s, des toupies et autres \u00e9l\u00e9ments de jeu personnalis\u00e9s, tous con\u00e7us pour s&rsquo;harmoniser avec le th\u00e8me de votre jeu \u00e0 boire.<\/p>\n\t\t\t\t<img decoding=\"async\" src=\"https:\/\/www.hicreategames.com\/wp-content\/uploads\/2025\/04\/Emballage-du-Jeu-de-Carte-A-Boire.jpg\" alt=\"Emballage du Jeu de Carte A Boire\" itemprop=\"image\" height=\"426\" width=\"640\" title=\"Emballage du Jeu de Carte A Boire\" onerror=\"this.style.display='none'\" loading=\"lazy\" \/>\n\t<h5>\n\t\t\t\tConception d&#8217;emballages et de bo\u00eetes\n\t\t\t<\/h5>\n\t\t\t<p>D\u00e9marquez-vous avec un emballage personnalis\u00e9, des bo\u00eetes \u00e9l\u00e9gantes aux options \u00e9cologiques, avec des graphismes et des inserts personnalis\u00e9s pour une exp\u00e9rience de d\u00e9ballage inoubliable.<\/p>\n\t<h3>\n\t\t\t\tNos jeux \u00e0 boire prot\u00e9g\u00e9s par le droit d&rsquo;auteur\n\t\t\t<\/h3>\n\t\t\t\t<img decoding=\"async\" src=\"https:\/\/www.hicreategames.com\/wp-content\/uploads\/2025\/04\/Aventure-ou-boisson-A.jpg\" alt=\"Aventure ou boisson - A\" itemprop=\"image\" height=\"426\" width=\"640\" title=\"Aventure ou boisson - A\" onerror=\"this.style.display='none'\" loading=\"lazy\" \/>\n\t<h5>\n\t\t\t\tAventure ou boisson &#8211; A\n\t\t\t<\/h5>\n\t\t\t<ul>\n<li>Taille unique : 8*12*3,2 cm<\/li>\n<li>Taille de la carte : 60 pi\u00e8ces 6,8*10,8 cm<\/li>\n<li>Emballage en carton : 54 jeux\/carton<\/li>\n<li>Taille du carton : 27*26*31 cm<\/li>\n<li>Poids du carton : 14kg\/carton<\/li>\n<\/ul>\n\t\t\t\t<img decoding=\"async\" src=\"https:\/\/www.hicreategames.com\/wp-content\/uploads\/2025\/04\/Aventure-ou-boisson-B.jpg\" alt=\"Aventure ou boisson - B\" itemprop=\"image\" height=\"426\" width=\"640\" title=\"Aventure ou boisson - B\" onerror=\"this.style.display='none'\" loading=\"lazy\" \/>\n\t<h5>\n\t\t\t\tAventure ou boisson &#8211; B\n\t\t\t<\/h5>\n\t\t\t<ul>\n<li>Taille unique : 22*22*4.4 cm<\/li>\n<li>Taille de la carte : 60 pi\u00e8ces 6,8*10,8 cm<\/li>\n<li>Verres \u00e0 cocktail : 4 pi\u00e8ces<\/li>\n<li>Emballage en carton : 16 jeux\/carton<\/li>\n<li>Taille du carton : 46*46*20 cm<\/li>\n<li>Poids du carton : 9kg\/carton<\/li>\n<\/ul>\n\t\t\t\t<img decoding=\"async\" src=\"https:\/\/www.hicreategames.com\/wp-content\/uploads\/2025\/04\/Aventure-ou-boisson-C.jpg\" alt=\"Aventure ou boisson - C\" itemprop=\"image\" height=\"426\" width=\"640\" title=\"Aventure ou boisson - C\" onerror=\"this.style.display='none'\" loading=\"lazy\" \/>\n\t<h5>\n\t\t\t\tAventure ou boisson &#8211; C\n\t\t\t<\/h5>\n\t\t\t<ul>\n<li>Taille unique : 9,8*8,2*2,95 cm<\/li>\n<li>Taille de la carte : 50 pi\u00e8ces 6,3*8,8 cm<\/li>\n<li>Emballage en carton : 100 jeux\/carton<\/li>\n<li>Taille du carton : 44*21*33,5 cm<\/li>\n<li>Poids du carton : 15,5 kg\/carton<\/li>\n<\/ul>\n\t\t\t\t<img decoding=\"async\" src=\"https:\/\/www.hicreategames.com\/wp-content\/uploads\/2025\/04\/Jeu-a-boire-Action-Verite.jpg\" alt=\"Jeu \u00e0 boire Action &amp; V\u00e9rit\u00e9\" itemprop=\"image\" height=\"426\" width=\"640\" title=\"Jeu \u00e0 boire Action &amp; V\u00e9rit\u00e9\" onerror=\"this.style.display='none'\" loading=\"lazy\" \/>\n\t<h5>\n\t\t\t\tJeu \u00e0 boire Action &amp; V\u00e9rit\u00e9\n\t\t\t<\/h5>\n\t\t\t<ul>\n<li>Taille unique : 14,3*10*2,95 cm<\/li>\n<li>Taille des cartes : 110 pi\u00e8ces 6,3*8,8 cm<\/li>\n<li>Emballage en carton : 40 jeux\/carton<\/li>\n<li>Taille du carton : 32*30,5*22 cm<\/li>\n<li>Poids du carton : 11,5 kg\/carton<\/li>\n<\/ul>\n\t\t\t\t<img decoding=\"async\" src=\"https:\/\/www.hicreategames.com\/wp-content\/uploads\/2025\/04\/Le-hasard-ou-la-boisson.jpg\" alt=\"Le hasard ou la boisson\" itemprop=\"image\" height=\"426\" width=\"640\" title=\"Le hasard ou la boisson\" onerror=\"this.style.display='none'\" loading=\"lazy\" \/>\n\t<h5>\n\t\t\t\tLe hasard ou la boisson\n\t\t\t<\/h5>\n\t\t\t<ul>\n<li>Taille unique : 7,7*7,7*10,7 cm<\/li>\n<li>Taille des cartes : 154 pi\u00e8ces 6,3*8,8 cm<\/li>\n<li>Emballage en carton : 46 jeux\/carton<\/li>\n<li>Taille du carton : 23.1*23.1*53.5 cm<\/li>\n<li>Poids du carton : 15kg\/carton<\/li>\n<\/ul>\n\t\t\t\t<img decoding=\"async\" src=\"https:\/\/www.hicreategames.com\/wp-content\/uploads\/2025\/04\/Jeu-de-fete-amusant.jpg\" alt=\"Jeu de f\u00eate amusant\" itemprop=\"image\" height=\"426\" width=\"640\" title=\"Jeu de f\u00eate amusant\" onerror=\"this.style.display='none'\" loading=\"lazy\" \/>\n\t<h5>\n\t\t\t\tJeu de f\u00eate amusant\n\t\t\t<\/h5>\n\t\t\t<ul><li>Bo\u00eete \u00e0 tubes : hauteur 24 cm, diam\u00e8tre 5,5 cm<\/li><li>B\u00e2ton en bois : 50 pi\u00e8ces 22*1 cm<\/li><li>Emballage en carton : 36 jeux\/carton<\/li><li>Taille du carton : 34*34*25,5 cm<\/li><li>Poids du carton : 8,2 kg\/carton<\/li><\/ul>\t\n\t<h3>\n\t\t\t\tContactez-nous Maintenant\n\t\t\t<\/h3>\n\t\t\t\t<img decoding=\"async\" src=\"https:\/\/www.hicreategames.com\/wp-content\/uploads\/2025\/04\/Jeu-de-Carte-A-Boire-pour-Adultes.jpg\" alt=\"Jeu de Carte A Boire pour Adultes\" itemprop=\"image\" height=\"500\" width=\"500\" title=\"Jeu de Carte A Boire pour Adultes\" onerror=\"this.style.display='none'\" loading=\"lazy\" \/>\n\t\n<div class=\"wpcf7 no-js\" id=\"wpcf7-f2893-o2\" lang=\"fr-FR\" dir=\"ltr\" data-wpcf7-id=\"2893\">\n<div class=\"screen-reader-response\"><p role=\"status\" aria-live=\"polite\" aria-atomic=\"true\"><\/p> <ul><\/ul><\/div>\n<form action=\"\/fr\/wp-json\/wp\/v2\/pages\/20177#wpcf7-f2893-o2\" method=\"post\" class=\"wpcf7-form init\" aria-label=\"Formulaire de contact\" enctype=\"multipart\/form-data\" novalidate=\"novalidate\" data-status=\"init\">\n<fieldset class=\"hidden-fields-container\"><input type=\"hidden\" name=\"_wpcf7\" value=\"2893\" \/><input type=\"hidden\" name=\"_wpcf7_version\" value=\"6.1.5\" \/><input type=\"hidden\" name=\"_wpcf7_locale\" value=\"fr_FR\" \/><input type=\"hidden\" name=\"_wpcf7_unit_tag\" value=\"wpcf7-f2893-o2\" \/><input type=\"hidden\" name=\"_wpcf7_container_post\" value=\"0\" \/><input type=\"hidden\" name=\"_wpcf7_posted_data_hash\" value=\"\" \/><input type=\"hidden\" name=\"_wpcf7_recaptcha_response\" value=\"\" \/>\n<\/fieldset>\n<p><label> Votre nom<br \/>\n<span class=\"wpcf7-form-control-wrap\" data-name=\"your-name\"><input size=\"40\" maxlength=\"400\" class=\"wpcf7-form-control wpcf7-text wpcf7-validates-as-required\" aria-required=\"true\" aria-invalid=\"false\" value=\"\" type=\"text\" name=\"your-name\" \/><\/span> <\/label>\n<\/p>\n<p><label> Votre e-mail<br \/>\n<span class=\"wpcf7-form-control-wrap\" data-name=\"your-email\"><input size=\"40\" maxlength=\"400\" class=\"wpcf7-form-control wpcf7-email wpcf7-validates-as-required wpcf7-text wpcf7-validates-as-email\" aria-required=\"true\" aria-invalid=\"false\" value=\"\" type=\"email\" name=\"your-email\" \/><\/span> <\/label>\n<\/p>\n<p><label> Quantit\u00e9 minimale de commande<br \/>\n<span class=\"wpcf7-form-control-wrap\" data-name=\"menu-734\"><select class=\"wpcf7-form-control wpcf7-select wpcf7-validates-as-required\" aria-required=\"true\" aria-invalid=\"false\" name=\"menu-734\"><option value=\"\">&#8212;Veuillez choisir une option&#8212;<\/option><option value=\"300\">300<\/option><option value=\"500\">500<\/option><option value=\"1000\">1000<\/option><\/select><\/span> <\/label>\n<\/p>\n<p><label> Votre message<br \/>\n<span class=\"wpcf7-form-control-wrap\" data-name=\"your-message\"><textarea cols=\"40\" rows=\"10\" maxlength=\"2000\" class=\"wpcf7-form-control wpcf7-textarea wpcf7-validates-as-required\" aria-required=\"true\" aria-invalid=\"false\" name=\"your-message\"><\/textarea><\/span> <\/label>\n<\/p>\n<p><label> Votre dossier (facultatif)<br \/>\n<span class=\"wpcf7-form-control-wrap\" data-name=\"file-978\"><input size=\"40\" class=\"wpcf7-form-control wpcf7-file\" accept=\"audio\/*,video\/*,image\/*\" aria-invalid=\"false\" type=\"file\" name=\"file-978\" \/><\/span> <\/label>\n<\/p>\n<p><span class=\"wpcf7-form-control-wrap\" data-name=\"quiz-747\"><label><span class=\"wpcf7-quiz-label\">2+6=?<\/span> <input size=\"40\" class=\"wpcf7-form-control wpcf7-quiz\" autocomplete=\"off\" aria-required=\"true\" aria-invalid=\"false\" type=\"text\" name=\"quiz-747\" \/><\/label><input type=\"hidden\" name=\"_wpcf7_quiz_answer_quiz-747\" value=\"34fe0dce70d770da3a4b02c0e1fa88fe\" \/><\/span>\n<\/p>\n<p><input class=\"wpcf7-form-control wpcf7-submit has-spinner\" type=\"submit\" value=\"Soumettre\" \/>\n<\/p><div class=\"wpcf7-response-output\" aria-hidden=\"true\"><\/div>\n<\/form>\n<\/div>\n\n\n","protected":false},"excerpt":{"rendered":"<p>Jeu de Carte A Boire Nous sommes sp\u00e9cialis\u00e9s dans la cr\u00e9ation de jeux de cartes \u00e0 boire personnalis\u00e9s et de haute qualit\u00e9, adapt\u00e9s \u00e0 votre th\u00e8me et \u00e0 votre style unique. Gr\u00e2ce \u00e0 des options de personnalisation infinies, des mat\u00e9riaux durables et des solutions d&rsquo;impression et d&#8217;emballage professionnelles, nous veillons [&hellip;]<\/p>\n","protected":false},"author":1,"featured_media":0,"parent":0,"menu_order":0,"comment_status":"closed","ping_status":"closed","template":"","meta":{"site-sidebar-layout":"no-sidebar","site-content-layout":"page-builder","ast-site-content-layout":"full-width-container","site-content-style":"unboxed","site-sidebar-style":"unboxed","ast-global-header-display":"","ast-banner-title-visibility":"","ast-main-header-display":"","ast-hfb-above-header-display":"","ast-hfb-below-header-display":"","ast-hfb-mobile-header-display":"","site-post-title":"disabled","ast-breadcrumbs-content":"","ast-featured-img":"disabled","footer-sml-layout":"","ast-disable-related-posts":"","theme-transparent-header-meta":"default","adv-header-id-meta":"","stick-header-meta":"default","header-above-stick-meta":"","header-main-stick-meta":"","header-below-stick-meta":"","astra-migrate-meta-layouts":"default","ast-page-background-enabled":"default","ast-page-background-meta":{"desktop":{"background-color":"","background-image":"","background-repeat":"repeat","background-position":"center center","background-size":"auto","background-attachment":"scroll","background-type":"","background-media":"","overlay-type":"","overlay-color":"","overlay-opacity":"","overlay-gradient":""},"tablet":{"background-color":"","background-image":"","background-repeat":"repeat","background-position":"center center","background-size":"auto","background-attachment":"scroll","background-type":"","background-media":"","overlay-type":"","overlay-color":"","overlay-opacity":"","overlay-gradient":""},"mobile":{"background-color":"","background-image":"","background-repeat":"repeat","background-position":"center center","background-size":"auto","background-attachment":"scroll","background-type":"","background-media":"","overlay-type":"","overlay-color":"","overlay-opacity":"","overlay-gradient":""}},"ast-content-background-meta":{"desktop":{"background-color":"var(--ast-global-color-5)","background-image":"","background-repeat":"repeat","background-position":"center center","background-size":"auto","background-attachment":"scroll","background-type":"","background-media":"","overlay-type":"","overlay-color":"","overlay-opacity":"","overlay-gradient":""},"tablet":{"background-color":"var(--ast-global-color-5)","background-image":"","background-repeat":"repeat","background-position":"center center","background-size":"auto","background-attachment":"scroll","background-type":"","background-media":"","overlay-type":"","overlay-color":"","overlay-opacity":"","overlay-gradient":""},"mobile":{"background-color":"var(--ast-global-color-5)","background-image":"","background-repeat":"repeat","background-position":"center center","background-size":"auto","background-attachment":"scroll","background-type":"","background-media":"","overlay-type":"","overlay-color":"","overlay-opacity":"","overlay-gradient":""}},"footnotes":""},"class_list":["post-20177","page","type-page","status-publish","hentry"],"_links":{"self":[{"href":"https:\/\/www.hicreategames.com\/fr\/wp-json\/wp\/v2\/pages\/20177","targetHints":{"allow":["GET"]}}],"collection":[{"href":"https:\/\/www.hicreategames.com\/fr\/wp-json\/wp\/v2\/pages"}],"about":[{"href":"https:\/\/www.hicreategames.com\/fr\/wp-json\/wp\/v2\/types\/page"}],"author":[{"embeddable":true,"href":"https:\/\/www.hicreategames.com\/fr\/wp-json\/wp\/v2\/users\/1"}],"replies":[{"embeddable":true,"href":"https:\/\/www.hicreategames.com\/fr\/wp-json\/wp\/v2\/comments?post=20177"}],"version-history":[{"count":4,"href":"https:\/\/www.hicreategames.com\/fr\/wp-json\/wp\/v2\/pages\/20177\/revisions"}],"predecessor-version":[{"id":24746,"href":"https:\/\/www.hicreategames.com\/fr\/wp-json\/wp\/v2\/pages\/20177\/revisions\/24746"}],"wp:attachment":[{"href":"https:\/\/www.hicreategames.com\/fr\/wp-json\/wp\/v2\/media?parent=20177"}],"curies":[{"name":"wp","href":"https:\/\/api.w.org\/{rel}","templated":true}]}}