{"id":2514,"date":"2017-07-12T05:53:59","date_gmt":"2017-07-12T05:53:59","guid":{"rendered":"https:\/\/www.hicreategames.com\/a-propos-de-nous\/"},"modified":"2025-08-25T05:14:15","modified_gmt":"2025-08-25T05:14:15","slug":"a-propos-de-nous","status":"publish","type":"page","link":"https:\/\/www.hicreategames.com\/fr\/a-propos-de-nous\/","title":{"rendered":"\u00c0 propos de nous"},"content":{"rendered":"\n\n\t<h1>\n\t\t\t\t\t\u00c0 propos de nous\n\t\t\t\t<\/h1>\n\t<h2>\n\t\t\t\t\thicreate\n\t\t\t\t<\/h2>\n\t\t\t<p>Cr\u00e9ateur de jeux de soci\u00e9t\u00e9 professionnel<\/p>\n\t<p>Jiangsu Hicreate Entertainment Co., Ltd. a \u00e9t\u00e9 cr\u00e9\u00e9 en 2015, en tant que fabricant leader de jeux de soci\u00e9t\u00e9 et de cartes, nous nous sommes sp\u00e9cialis\u00e9s dans la recherche, le d\u00e9veloppement, la personnalisation, la fabrication et la vente de toutes sortes de jeux de soci\u00e9t\u00e9 et de cartes et de composants de jeu pertinents tels que pion, miniature et d\u00e9s.<\/p>\n<p>Nous avons notre propre \u00e9quipe de conception et notre \u00e9quipe de service qui peuvent servir le client dans le monde entier.<\/p>\n<p>Notre philosophie : Offrir un service \u00e0 guichet unique et r\u00e9aliser votre cr\u00e9ation.<\/p>\n<p>Notre objectif : \u00eatre le meilleur fabricant de jeux de soci\u00e9t\u00e9 au monde !<\/p>\n<p>Bienvenue pour visiter notre entreprise et \u00e9tablir une relation d&rsquo;affaires avec notre entreprise.<\/p>\n\t<ul>\n\t\t<li>\t\t\t\t\n\t\t<h5>Fabricant professionnel<\/h5><\/li><li>\t\t\t\t\n\t\t<h5>Des id\u00e9es brillantes<\/h5><\/li>\t<\/ul>\n\t<ul>\n\t\t<li>\t\t\t\t\n\t\t<h5>Meilleur prix et service<\/h5><\/li><li>\t\t\t\t\n\t\t<h5>Assistance 24h\/24 et 7j\/7<\/h5><\/li>\t<\/ul>\n\t\t\t\t<img loading=\"lazy\" decoding=\"async\" src=\"https:\/\/www.hicreategames.com\/wp-content\/uploads\/2022\/04\/company.jpg\" alt=\"hicreate entreprise\" itemprop=\"image\" height=\"400\" width=\"708\" title=\"hicreate entreprise\" onerror=\"this.style.display='none'\"  \/>\n\t\t\t\t<img loading=\"lazy\" decoding=\"async\" src=\"https:\/\/www.hicreategames.com\/wp-content\/uploads\/2022\/06\/hicreate-team.jpg\" alt=\"hicreate l'\u00e9quipe\" itemprop=\"image\" height=\"475\" width=\"708\" title=\"hicreate l'\u00e9quipe\" onerror=\"this.style.display='none'\"  \/>\n<h2>\n\t\tNotre \u00e9quipe\n\t<\/h2>\n\t\t\t\t<img decoding=\"async\" src=\"https:\/\/www.hicreategames.com\/wp-content\/uploads\/2022\/04\/team.jpg\" alt=\"hicreate team\" itemprop=\"image\"\/>\n\t\t<h5>\n\t\tTourisme mensuel\n\t<\/h5>\n\t\t\t\t<img decoding=\"async\" src=\"https:\/\/www.hicreategames.com\/wp-content\/uploads\/2022\/04\/office.jpg\" alt=\"hicreate office\" itemprop=\"image\"\/>\n\t\t<h5>\n\t\tTravaillez avec pr\u00e9cision\n\t<\/h5>\n\t\t\t\t<img decoding=\"async\" src=\"https:\/\/www.hicreategames.com\/wp-content\/uploads\/2022\/04\/printing-equipment.jpg\" alt=\"hicreate printing equipment\" itemprop=\"image\"\/>\n\t\t<h5>\n\t\tIng\u00e9nieure\n\t<\/h5>\n<h2>\n\t\tNotre atelier\n\t<\/h2>\n\t\t\t\t<img decoding=\"async\" src=\"https:\/\/www.hicreategames.com\/wp-content\/uploads\/2022\/04\/assembly.jpg\" alt=\"assembly\" itemprop=\"image\"\/>\n\t\t<h5>\n\t\tAssembl\u00e9e\n\t<\/h5>\n\t\t\t\t<img decoding=\"async\" src=\"https:\/\/www.hicreategames.com\/wp-content\/uploads\/2022\/04\/embossing.jpg\" alt=\"embossing\" itemprop=\"image\"\/>\n\t\t<h5>\n\t\tGaufrage\n\t<\/h5>\n\t\t\t\t<img decoding=\"async\" src=\"https:\/\/www.hicreategames.com\/wp-content\/uploads\/2022\/04\/forming-3.jpg\" alt=\"forming 3\" itemprop=\"image\"\/>\n\t\t<h5>\n\t\tFormation 3\n\t<\/h5>\n\t\t\t\t<img decoding=\"async\" src=\"https:\/\/www.hicreategames.com\/wp-content\/uploads\/2022\/04\/cutting.jpg\" alt=\"cutting\" itemprop=\"image\"\/>\n\t\t<h5>\n\t\tCoupe\n\t<\/h5>\n\t\t\t\t<img decoding=\"async\" src=\"https:\/\/www.hicreategames.com\/wp-content\/uploads\/2022\/04\/forming-1.jpg\" alt=\"forming 1\" itemprop=\"image\"\/>\n\t\t<h5>\n\t\tFormation 1\n\t<\/h5>\n\t\t\t\t<img decoding=\"async\" src=\"https:\/\/www.hicreategames.com\/wp-content\/uploads\/2022\/04\/packaging.jpg\" alt=\"packaging\" itemprop=\"image\"\/>\n\t\t<h5>\n\t\tEmballage\n\t<\/h5>\n\t\t\t\t<img decoding=\"async\" src=\"https:\/\/www.hicreategames.com\/wp-content\/uploads\/2022\/04\/die-cutting.jpg\" alt=\"die cutting\" itemprop=\"image\"\/>\n\t\t<h5>\n\t\tD\u00e9coupe\n\t<\/h5>\n\t\t\t\t<img decoding=\"async\" src=\"https:\/\/www.hicreategames.com\/wp-content\/uploads\/2022\/04\/forming-2.jpg\" alt=\"forming 2\" itemprop=\"image\"\/>\n\t\t<h5>\n\t\tFormation 2\n\t<\/h5>\n\t\t\t\t<img decoding=\"async\" src=\"https:\/\/www.hicreategames.com\/wp-content\/uploads\/2022\/04\/printing.jpg\" alt=\"printing\" itemprop=\"image\"\/>\n\t\t<h5>\n\t\tImpression\n\t<\/h5>\n<h2>\n\t\tNos expositions\n\t<\/h2>\n\t\t\t\t<img decoding=\"async\" src=\"https:\/\/www.hicreategames.com\/wp-content\/uploads\/2022\/04\/2017-Hong-Kong-Mega-Show.jpg\" alt=\"2017.10 Hong Kong Mega Show\" itemprop=\"image\"\/>\n\t\t<h6>\n\t\t2017.10 Hong Kong Mega Show\n\t<\/h6>\n\t\t\t\t<img decoding=\"async\" src=\"https:\/\/www.hicreategames.com\/wp-content\/uploads\/2022\/04\/2019-Hong-Kong-Gift-And-Premium-Show.jpg\" alt=\"2019.4 Hong Kong Gift And Premium Show\" itemprop=\"image\"\/>\n\t\t<h6>\n\t\tSalon des cadeaux et des primes de Hong Kong 2019.4\n\t<\/h6>\n\t\t\t\t<img decoding=\"async\" src=\"https:\/\/www.hicreategames.com\/wp-content\/uploads\/2022\/04\/2018-Hong-Kong-Gift-And-Premium-Show.jpg\" alt=\"2018.4 Hong Kong Gift And Premium Show\" itemprop=\"image\"\/>\n\t\t<h6>\n\t\tSalon des cadeaux et des primes de Hong Kong 2018.4\n\t<\/h6>\n\t\t\t\t<img decoding=\"async\" src=\"https:\/\/www.hicreategames.com\/wp-content\/uploads\/2022\/04\/2019-Hong-Kong-Mega-Show.jpg\" alt=\"2019.10 Hong Kong Mega Show\" itemprop=\"image\"\/>\n\t\t<h6>\n\t\t2019.10 Hong Kong Mega Show\n\t<\/h6>\n\t\t\t\t<img decoding=\"async\" src=\"https:\/\/www.hicreategames.com\/wp-content\/uploads\/2022\/04\/2018-Hong-KongMega-Show.jpg\" alt=\"2018.10 Hong Kong Mega Show\" itemprop=\"image\"\/>\n\t\t<h6>\n\t\t2018.10 Hong Kong Mega Show\n\t<\/h6>\n\t\t\t\t<img decoding=\"async\" src=\"https:\/\/www.hicreategames.com\/wp-content\/uploads\/2022\/04\/2020-Nuremberg-International-Toy-Fair.jpg\" alt=\"2020.1 Nuremberg International Toy Fair\" itemprop=\"image\"\/>\n\t\t<h6>\n\t\tSalon international du jouet de Nuremberg 2020.1\n\t<\/h6>\n\n","protected":false},"excerpt":{"rendered":"<p>\u00c0 propos de nous hicreate Cr\u00e9ateur de jeux de soci\u00e9t\u00e9 professionnel Jiangsu Hicreate Entertainment Co., Ltd. a \u00e9t\u00e9 cr\u00e9\u00e9 en 2015, en tant que fabricant leader de jeux de soci\u00e9t\u00e9 et de cartes, nous nous sommes sp\u00e9cialis\u00e9s dans la recherche, le d\u00e9veloppement, la personnalisation, la fabrication et la vente de [&hellip;]<\/p>\n","protected":false},"author":1,"featured_media":0,"parent":0,"menu_order":0,"comment_status":"closed","ping_status":"closed","template":"","meta":{"site-sidebar-layout":"no-sidebar","site-content-layout":"page-builder","ast-site-content-layout":"default","site-content-style":"default","site-sidebar-style":"default","ast-global-header-display":"","ast-banner-title-visibility":"","ast-main-header-display":"","ast-hfb-above-header-display":"","ast-hfb-below-header-display":"","ast-hfb-mobile-header-display":"","site-post-title":"disabled","ast-breadcrumbs-content":"","ast-featured-img":"disabled","footer-sml-layout":"","ast-disable-related-posts":"","theme-transparent-header-meta":"","adv-header-id-meta":"","stick-header-meta":"","header-above-stick-meta":"","header-main-stick-meta":"","header-below-stick-meta":"","astra-migrate-meta-layouts":"default","ast-page-background-enabled":"default","ast-page-background-meta":{"desktop":{"background-color":"","background-image":"","background-repeat":"repeat","background-position":"center center","background-size":"auto","background-attachment":"scroll","background-type":"","background-media":"","overlay-type":"","overlay-color":"","overlay-opacity":"","overlay-gradient":""},"tablet":{"background-color":"","background-image":"","background-repeat":"repeat","background-position":"center center","background-size":"auto","background-attachment":"scroll","background-type":"","background-media":"","overlay-type":"","overlay-color":"","overlay-opacity":"","overlay-gradient":""},"mobile":{"background-color":"","background-image":"","background-repeat":"repeat","background-position":"center center","background-size":"auto","background-attachment":"scroll","background-type":"","background-media":"","overlay-type":"","overlay-color":"","overlay-opacity":"","overlay-gradient":""}},"ast-content-background-meta":{"desktop":{"background-color":"var(--ast-global-color-5)","background-image":"","background-repeat":"repeat","background-position":"center center","background-size":"auto","background-attachment":"scroll","background-type":"","background-media":"","overlay-type":"","overlay-color":"","overlay-opacity":"","overlay-gradient":""},"tablet":{"background-color":"var(--ast-global-color-5)","background-image":"","background-repeat":"repeat","background-position":"center center","background-size":"auto","background-attachment":"scroll","background-type":"","background-media":"","overlay-type":"","overlay-color":"","overlay-opacity":"","overlay-gradient":""},"mobile":{"background-color":"var(--ast-global-color-5)","background-image":"","background-repeat":"repeat","background-position":"center center","background-size":"auto","background-attachment":"scroll","background-type":"","background-media":"","overlay-type":"","overlay-color":"","overlay-opacity":"","overlay-gradient":""}},"footnotes":""},"class_list":["post-2514","page","type-page","status-publish","hentry"],"_links":{"self":[{"href":"https:\/\/www.hicreategames.com\/fr\/wp-json\/wp\/v2\/pages\/2514","targetHints":{"allow":["GET"]}}],"collection":[{"href":"https:\/\/www.hicreategames.com\/fr\/wp-json\/wp\/v2\/pages"}],"about":[{"href":"https:\/\/www.hicreategames.com\/fr\/wp-json\/wp\/v2\/types\/page"}],"author":[{"embeddable":true,"href":"https:\/\/www.hicreategames.com\/fr\/wp-json\/wp\/v2\/users\/1"}],"replies":[{"embeddable":true,"href":"https:\/\/www.hicreategames.com\/fr\/wp-json\/wp\/v2\/comments?post=2514"}],"version-history":[{"count":1,"href":"https:\/\/www.hicreategames.com\/fr\/wp-json\/wp\/v2\/pages\/2514\/revisions"}],"predecessor-version":[{"id":24087,"href":"https:\/\/www.hicreategames.com\/fr\/wp-json\/wp\/v2\/pages\/2514\/revisions\/24087"}],"wp:attachment":[{"href":"https:\/\/www.hicreategames.com\/fr\/wp-json\/wp\/v2\/media?parent=2514"}],"curies":[{"name":"wp","href":"https:\/\/api.w.org\/{rel}","templated":true}]}}