{"id":2884,"date":"2022-04-06T10:18:48","date_gmt":"2022-04-06T10:18:48","guid":{"rendered":"https:\/\/www.hicreategames.com\/boites-de-jeu-personnalisees\/"},"modified":"2025-08-27T11:56:15","modified_gmt":"2025-08-27T11:56:15","slug":"boites-de-jeu-personnalisees","status":"publish","type":"page","link":"https:\/\/www.hicreategames.com\/fr\/boites-de-jeu-personnalisees\/","title":{"rendered":"Bo\u00eetes de Jeu Personnalis\u00e9es"},"content":{"rendered":"\n<h3>\n\t\tPersonnalisez et fabriquez vos bo\u00eetes de jeux de soci\u00e9t\u00e9\n\t<\/h3>\n\t\t\t<a href=\"#\" role=\"button\">\n\t\t\t\t\t\t\tContactez-nous et partagez vos id\u00e9es\n\t\t\t<\/a>\n\t\t\n<div class=\"wpcf7 no-js\" id=\"wpcf7-f2893-o1\" lang=\"fr-FR\" dir=\"ltr\" data-wpcf7-id=\"2893\">\n<div class=\"screen-reader-response\"><p role=\"status\" aria-live=\"polite\" aria-atomic=\"true\"><\/p> <ul><\/ul><\/div>\n<form action=\"\/fr\/wp-json\/wp\/v2\/pages\/2884#wpcf7-f2893-o1\" method=\"post\" class=\"wpcf7-form init\" aria-label=\"Formulaire de contact\" enctype=\"multipart\/form-data\" novalidate=\"novalidate\" data-status=\"init\">\n<fieldset class=\"hidden-fields-container\"><input type=\"hidden\" name=\"_wpcf7\" value=\"2893\" \/><input type=\"hidden\" name=\"_wpcf7_version\" value=\"6.1.5\" \/><input type=\"hidden\" name=\"_wpcf7_locale\" value=\"fr_FR\" \/><input type=\"hidden\" name=\"_wpcf7_unit_tag\" value=\"wpcf7-f2893-o1\" \/><input type=\"hidden\" name=\"_wpcf7_container_post\" value=\"0\" \/><input type=\"hidden\" name=\"_wpcf7_posted_data_hash\" value=\"\" \/><input type=\"hidden\" name=\"_wpcf7_recaptcha_response\" value=\"\" \/>\n<\/fieldset>\n<p><label> Votre nom<br \/>\n<span class=\"wpcf7-form-control-wrap\" data-name=\"your-name\"><input size=\"40\" maxlength=\"400\" class=\"wpcf7-form-control wpcf7-text wpcf7-validates-as-required\" aria-required=\"true\" aria-invalid=\"false\" value=\"\" type=\"text\" name=\"your-name\" \/><\/span> <\/label>\n<\/p>\n<p><label> Votre e-mail<br \/>\n<span class=\"wpcf7-form-control-wrap\" data-name=\"your-email\"><input size=\"40\" maxlength=\"400\" class=\"wpcf7-form-control wpcf7-email wpcf7-validates-as-required wpcf7-text wpcf7-validates-as-email\" aria-required=\"true\" aria-invalid=\"false\" value=\"\" type=\"email\" name=\"your-email\" \/><\/span> <\/label>\n<\/p>\n<p><label> Quantit\u00e9 minimale de commande<br \/>\n<span class=\"wpcf7-form-control-wrap\" data-name=\"menu-734\"><select class=\"wpcf7-form-control wpcf7-select wpcf7-validates-as-required\" aria-required=\"true\" aria-invalid=\"false\" name=\"menu-734\"><option value=\"\">&#8212;Veuillez choisir une option&#8212;<\/option><option value=\"300\">300<\/option><option value=\"500\">500<\/option><option value=\"1000\">1000<\/option><\/select><\/span> <\/label>\n<\/p>\n<p><label> Votre message<br \/>\n<span class=\"wpcf7-form-control-wrap\" data-name=\"your-message\"><textarea cols=\"40\" rows=\"10\" maxlength=\"2000\" class=\"wpcf7-form-control wpcf7-textarea wpcf7-validates-as-required\" aria-required=\"true\" aria-invalid=\"false\" name=\"your-message\"><\/textarea><\/span> <\/label>\n<\/p>\n<p><label> Votre dossier (facultatif)<br \/>\n<span class=\"wpcf7-form-control-wrap\" data-name=\"file-978\"><input size=\"40\" class=\"wpcf7-form-control wpcf7-file\" accept=\"audio\/*,video\/*,image\/*\" aria-invalid=\"false\" type=\"file\" name=\"file-978\" \/><\/span> <\/label>\n<\/p>\n<p><span class=\"wpcf7-form-control-wrap\" data-name=\"quiz-747\"><label><span class=\"wpcf7-quiz-label\">2+6=?<\/span> <input size=\"40\" class=\"wpcf7-form-control wpcf7-quiz\" autocomplete=\"off\" aria-required=\"true\" aria-invalid=\"false\" type=\"text\" name=\"quiz-747\" \/><\/label><input type=\"hidden\" name=\"_wpcf7_quiz_answer_quiz-747\" value=\"34fe0dce70d770da3a4b02c0e1fa88fe\" \/><\/span>\n<\/p>\n<p><input class=\"wpcf7-form-control wpcf7-submit has-spinner\" type=\"submit\" value=\"Soumettre\" \/>\n<\/p><div class=\"wpcf7-response-output\" aria-hidden=\"true\"><\/div>\n<\/form>\n<\/div>\n\t\n\t<h3>\n\t\t\t\tQue pouvons-nous personnaliser pour votre bo\u00eete de jeu\u00a0?\n\t\t\t<\/h3>\n\t<meta itemprop=\"url\" content=\"https:\/\/www.hicreategames.com\/wp-content\/uploads\/2022\/04\/custom-boxes-workshop.mp4\" \/><div style=\"width: 640px;\" class=\"wp-video\"><video class=\"wp-video-shortcode\" id=\"video-2884-1\" width=\"640\" height=\"360\" preload=\"metadata\" controls=\"controls\"><source type=\"video\/mp4\" src=\"https:\/\/www.hicreategames.com\/wp-content\/uploads\/2022\/04\/custom-boxes-workshop.mp4?_=1\" \/><source type=\"video\/mp4\" src=\"https:\/\/www.hicreategames.com\/wp-content\/uploads\/2022\/04\/custom-boxes-workshop.mp4?_=1\" \/><a href=\"https:\/\/www.hicreategames.com\/wp-content\/uploads\/2022\/04\/custom-boxes-workshop.mp4\">https:\/\/www.hicreategames.com\/wp-content\/uploads\/2022\/04\/custom-boxes-workshop.mp4<\/a><\/video><\/div>\n\t<ul>\n<li>Repliez\/relevez le dessus\/bas de couvercle\/\u00e9tain\/plastique\/tuck ou taille personnalis\u00e9e<\/li>\n<\/ul>\n\t<ul>\n<li>157 gsm <span id=\"su_tooltip_69f7fe1ab67e8_button\" class=\"su-tooltip-button su-tooltip-button-outline-yes\" aria-describedby=\"su_tooltip_69f7fe1ab67e8\" data-settings='{\"position\":\"top\",\"behavior\":\"hover\",\"hideDelay\":0}' tabindex=\"0\">C2S<\/span><span style=\"display:none;z-index:100\" id=\"su_tooltip_69f7fe1ab67e8\" class=\"su-tooltip\" role=\"tooltip\"><span class=\"su-tooltip-inner su-tooltip-shadow-yes\" style=\"z-index:100;background:#ffffff;color:#00000;font-size:14px;border-radius:5px;text-align:left;max-width:300px;line-height:1.25\"><span class=\"su-tooltip-title\"><\/span><span class=\"su-tooltip-content su-u-trim\">enduit deux faces<\/span><\/span><span id=\"su_tooltip_69f7fe1ab67e8_arrow\" class=\"su-tooltip-arrow\" style=\"z-index:100;background:#ffffff\" data-popper-arrow><\/span><\/span> + grey board + black wrap paper<\/li>\n<\/ul>\n\t<ul>\n<li>1.2mm\/1.5mm\/1.8mm\/2.0mm<\/li>\n<\/ul>\n\t<ul>\n<li>3 -5mm<\/li>\n<\/ul>\n\t<ul>\n<li>PDF, PSD, AI<\/li>\n<\/ul>\n\t<ul>\n<li>Au moins 300 ppp ou plus<\/li>\n<\/ul>\n\t<ul>\n<li>CMYK (Cyan, Magenta, Yellow, and Black).<\/li>\n<li>Le noir a besoin de noir pur (C : 0 %, M : 0 %, Y : 0 %, K : 100 %)<\/li>\n<\/ul>\n\t<ul>\n<li>4C\/4C (impression recto-verso 4 couleurs)<\/li>\n<li>4C\/0C (impression 4 couleurs 1 face)<\/li>\n<\/ul>\n\t<h3>\n\t\t\t\tComment choisir la meilleure \u00e9paisseur pour votre bo\u00eete de jeu\u00a0?\n\t\t\t<\/h3>\n\t\t\t\t<img loading=\"lazy\" decoding=\"async\" src=\"https:\/\/www.hicreategames.com\/wp-content\/uploads\/2022\/04\/game-box-thickness.jpg\" alt=\"\u00e9paisseur de la bo\u00eete de jeu\" itemprop=\"image\" height=\"497\" width=\"957\" title=\"\u00e9paisseur de la bo\u00eete de jeu\" onerror=\"this.style.display='none'\"  \/>\n\t<p>Il est tr\u00e8s important de choisir la bonne \u00e9paisseur de papier pour la bo\u00eete de jeu. Trop \u00e9pais n&rsquo;est pas facile \u00e0 plier et le prix est \u00e9lev\u00e9, et trop fin est facile \u00e0 d\u00e9former.<\/p>\n<p>Dites-nous la taille de votre bo\u00eete de jeu, nous vous fournirons la solution la plus rentable. Nous allons l&rsquo;expliquer avec des exemples.<\/p>\n<ul>\n<li>Si la taille de votre bo\u00eete de jeu est de 26 * 26 * 5 cm (longueur * largeur * hauteur), sa largeur \u00e9tendue est de 36 cm (26 cm + 5 cm + 5 cm). Notre panneau gris de 1,5 mm d&rsquo;\u00e9paisseur serait l&rsquo;option la plus rentable.<\/li>\n<li>Si la largeur \u00e9largie de votre bo\u00eete de jeu est \u2265 40 cm, nous vous sugg\u00e9rons de choisir le panneau gris de 1,8 mm d&rsquo;\u00e9paisseur.<\/li>\n<li>Si la hauteur de votre bo\u00eete de jeu est \u2265 7 cm, nous vous sugg\u00e9rons de choisir un panneau gris d&rsquo;une \u00e9paisseur \u2265 1,8 mm.<\/li>\n<\/ul>\n\t<h3>\n\t\t\t\tQuel type de bo\u00eetes de jeu pouvons-nous fabriquer\u00a0?\n\t\t\t<\/h3>\n\t\t\t\t<img loading=\"lazy\" decoding=\"async\" src=\"https:\/\/www.hicreategames.com\/wp-content\/uploads\/2022\/04\/RTE-Box.jpg\" alt=\"Bo\u00eete RTE\" itemprop=\"image\" height=\"426\" width=\"640\" title=\"Bo\u00eete RTE\" onerror=\"this.style.display='none'\"  \/>\n\t<h5>\n\t\t\t\tRTE\n\t\t\t<\/h5>\n\t\t\t<p>RTE signifie Reverse Tuck End, cette bo\u00eete a des rabats en haut et en bas de la bo\u00eete. Il est couramment utilis\u00e9 pour emballer des produits de petite \u00e0 moyenne taille. Il est connu pour sa durabilit\u00e9 et sa facilit\u00e9 de montage.<\/p>\t\n\t\t\t\t<img loading=\"lazy\" decoding=\"async\" src=\"https:\/\/www.hicreategames.com\/wp-content\/uploads\/2022\/04\/Flip-Over-Rigid-Box.jpg\" alt=\"Bo\u00eete Flip-Over Rigid\" itemprop=\"image\" height=\"426\" width=\"640\" title=\"Bo\u00eete Flip-Over Rigid\" onerror=\"this.style.display='none'\"  \/>\n\t<h5>\n\t\t\t\tFlip-Over rigide\n\t\t\t<\/h5>\n\t\t\t<p>La conception d&rsquo;une bo\u00eete rabattable rigide comprend g\u00e9n\u00e9ralement des languettes ou des rabats de verrouillage qui maintiennent le couvercle en place, et des coins ou des bords renforc\u00e9s pour \u00e9viter l&rsquo;\u00e9crasement ou la flexion.<\/p>\t\n\t\t\t\t<img loading=\"lazy\" decoding=\"async\" src=\"https:\/\/www.hicreategames.com\/wp-content\/uploads\/2022\/04\/ABTT-TTAB-Box.jpg\" alt=\"Bo\u00eete ABTT TTAB\" itemprop=\"image\" height=\"426\" width=\"640\" title=\"Bo\u00eete ABTT TTAB\" onerror=\"this.style.display='none'\"  \/>\n\t<h5>\n\t\t\t\tABTT \/ TTAB\n\t\t\t<\/h5>\n\t\t\t<p>ABTT\/TTAB signifie Auto Bottom Tuck Top ou Tuck Top Auto Bottom, cette box a un fond plus solide par rapport aux autres box mais est plus ch\u00e8re que les autres.<\/p>\t\n\t\t\t\t<img loading=\"lazy\" decoding=\"async\" src=\"https:\/\/www.hicreategames.com\/wp-content\/uploads\/2022\/04\/TTSLB-SLBTT-Box.jpg\" alt=\"Bo\u00eete TTSLB SLBTT\" itemprop=\"image\" height=\"426\" width=\"640\" title=\"Bo\u00eete TTSLB SLBTT\" onerror=\"this.style.display='none'\"  \/>\n\t<h5>\n\t\t\t\tTTSLB \/ SLBTT\n\t\t\t<\/h5>\n\t\t\t<p>TTSLB \/ SLBTT signifie Tuck Top Snap lock Bottom ou Snap Lock Bottom Tuck Top, cette bo\u00eete n\u00e9cessite peu ou pas de ruban adh\u00e9sif, c&rsquo;est un peu plus \u00e9conomique.<\/p>\t\n\t\t\t\t<img loading=\"lazy\" decoding=\"async\" src=\"https:\/\/www.hicreategames.com\/wp-content\/uploads\/2022\/04\/Book-style-SLBTT-Box.jpg\" alt=\"Bo\u00eete Book-style-SLBTT\" itemprop=\"image\" height=\"426\" width=\"640\" title=\"Bo\u00eete Book-style-SLBTT\" onerror=\"this.style.display='none'\"  \/>\n\t<h5>\n\t\t\t\tSnap Lock Bas\n\t\t\t<\/h5>\n\t\t\t<p>La bo\u00eete SLB (Snap Lock Bottom) a une conception unique qui lui permet d&rsquo;\u00eatre install\u00e9e facilement sans ruban adh\u00e9sif ni colle. Le bas de la bo\u00eete s&rsquo;enclenche, tandis que les c\u00f4t\u00e9s et le dessus sont rabattus et fix\u00e9s avec du ruban adh\u00e9sif.<\/p>\t\n\t\t\t\t<img loading=\"lazy\" decoding=\"async\" src=\"https:\/\/www.hicreategames.com\/wp-content\/uploads\/2022\/04\/RETF-Box.jpg\" alt=\"Bo\u00eete RETF\" itemprop=\"image\" height=\"426\" width=\"640\" title=\"Bo\u00eete RETF\" onerror=\"this.style.display='none'\"  \/>\n\t<h5>\n\t\t\t\tRETF\n\t\t\t<\/h5>\n\t\t\t<p>Le panneau avant de la bo\u00eete RETF (Roll End Tuck Front) a un rabat qui se verrouille dans la bo\u00eete lorsqu&rsquo;elle est ferm\u00e9e, tandis que le panneau arri\u00e8re a un m\u00e9canisme de verrouillage \u00e0 fente. Ce m\u00e9canisme de verrouillage s\u00e9curise le contenu de la bo\u00eete \u00e0 l&rsquo;int\u00e9rieur.<\/p>\t\n\t\t\t\t<img loading=\"lazy\" decoding=\"async\" src=\"https:\/\/www.hicreategames.com\/wp-content\/uploads\/2022\/04\/RETT-Box.jpg\" alt=\"Bo\u00eete RETT\" itemprop=\"image\" height=\"426\" width=\"640\" title=\"Bo\u00eete RETT\" onerror=\"this.style.display='none'\"  \/>\n\t<h5>\n\t\t\t\tRETT\n\t\t\t<\/h5>\n\t\t\t<p>RETT signifie Roll End Tuck Top, il est con\u00e7u avec une fermeture tuck top et une fermeture roll end \u00e0 chaque extr\u00e9mit\u00e9. La fermeture sup\u00e9rieure tuck est form\u00e9e en repliant les rabats vers l&rsquo;int\u00e9rieur, tandis que la fermeture \u00e0 extr\u00e9mit\u00e9 roul\u00e9e est form\u00e9e en rentrant les rabats dans les fentes.<\/p>\t\n\t\t\t\t<img loading=\"lazy\" decoding=\"async\" src=\"https:\/\/www.hicreategames.com\/wp-content\/uploads\/2022\/04\/RFRS-Box.jpg\" alt=\"Bo\u00eete RFRS\" itemprop=\"image\" height=\"426\" width=\"640\" title=\"Bo\u00eete RFRS\" onerror=\"this.style.display='none'\"  \/>\n\t<h5>\n\t\t\t\tRFRS\n\t\t\t<\/h5>\n\t\t\t<p>RFRS signifie Roll Front Roll Side. Il s&rsquo;agit d&rsquo;une solution d&#8217;emballage polyvalente qui offre des options de commodit\u00e9, de durabilit\u00e9 et de personnalisation aux entreprises de divers secteurs.<\/p>\t\n\t\t\t\t<img loading=\"lazy\" decoding=\"async\" src=\"https:\/\/www.hicreategames.com\/wp-content\/uploads\/2022\/04\/PDQ-Box.jpg\" alt=\"Bo\u00eete PDQ\" itemprop=\"image\" height=\"426\" width=\"640\" title=\"Bo\u00eete PDQ\" onerror=\"this.style.display='none'\"  \/>\n\t<h5>\n\t\t\t\tPDQ\n\t\t\t<\/h5>\n\t\t\t<p>PDQ signifie \u00ab\u00a0Pretty Darn Quick\u00a0\u00bb et est un terme souvent utilis\u00e9 pour d\u00e9signer une bo\u00eete pr\u00e9emball\u00e9e ou un pr\u00e9sentoir de produits pouvant \u00eatre install\u00e9 rapidement et facilement dans un magasin. Il est con\u00e7u pour attirer l&rsquo;attention d&rsquo;un client et encourager l&rsquo;achat.<\/p>\t\n\t\t\t\t<img loading=\"lazy\" decoding=\"async\" src=\"https:\/\/www.hicreategames.com\/wp-content\/uploads\/2022\/04\/FSE-Box.jpg\" alt=\"Bo\u00eete FSE\" itemprop=\"image\" height=\"426\" width=\"640\" title=\"Bo\u00eete FSE\" onerror=\"this.style.display='none'\"  \/>\n\t<h5>\n\t\t\t\tFSE\n\t\t\t<\/h5>\n\t\t\t<p>FSE signifie Full Seal End, cette bo\u00eete est construite avec deux paires de rabats en haut et en bas. Les rabats inf\u00e9rieurs sont repli\u00e9s vers l&rsquo;int\u00e9rieur et les rabats sup\u00e9rieurs sont repli\u00e9s vers l&rsquo;ext\u00e9rieur, puis scell\u00e9s en rentrant les rabats ext\u00e9rieurs dans les rabats int\u00e9rieurs.<\/p>\t\n\t\t\t\t<img loading=\"lazy\" decoding=\"async\" src=\"https:\/\/www.hicreategames.com\/wp-content\/uploads\/2022\/04\/DGSW-Box.jpg\" alt=\"Bo\u00eete DGSW\" itemprop=\"image\" height=\"426\" width=\"640\" title=\"Bo\u00eete DGSW\" onerror=\"this.style.display='none'\"  \/>\n\t<h5>\n\t\t\t\tDGSW\n\t\t\t<\/h5>\n\t\t\t<p>DGSW signifie Double Glued Sidewall Tray, cette bo\u00eete a la forme d&rsquo;un plateau ordinaire et est parfaite pour \u00e9conomiser de l&rsquo;espace. Cette bo\u00eete a une structure en forme de plateau avec des parois lat\u00e9rales \u00e0 double couche pour plus de solidit\u00e9 et de stabilit\u00e9.<\/p>\t\n\t\t\t\t<img loading=\"lazy\" decoding=\"async\" src=\"https:\/\/www.hicreategames.com\/wp-content\/uploads\/2022\/04\/Top-And-Bottom-Box.jpg\" alt=\"Bo\u00eete sup\u00e9rieure et inf\u00e9rieure\" itemprop=\"image\" height=\"426\" width=\"640\" title=\"Bo\u00eete sup\u00e9rieure et inf\u00e9rieure\" onerror=\"this.style.display='none'\"  \/>\n\t<h5>\n\t\t\t\tHaut et bas\n\t\t\t<\/h5>\n\t\t\t<p>La conception de la bo\u00eete est simpliste : le couvercle et la base (haut et bas). C&rsquo;est une bo\u00eete avec un couvercle amovible qui peut \u00eatre facilement soulev\u00e9 pour acc\u00e9der au contenu \u00e0 l&rsquo;int\u00e9rieur. Le couvercle est g\u00e9n\u00e9ralement con\u00e7u pour s&rsquo;adapter parfaitement sur le dessus de la bo\u00eete.<\/p>\t\n\t<h3>\n\t\t\t\tMat\u00e9riaux des bo\u00eetes\n\t\t\t<\/h3>\n\t\t\t<p>Les bo\u00eetes personnalis\u00e9es peuvent \u00eatre fabriqu\u00e9es \u00e0 partir de diff\u00e9rents mat\u00e9riaux, notamment du carton, du m\u00e9tal et du plastique. Le choix du mat\u00e9riau d\u00e9pend du type de composants de jeux de soci\u00e9t\u00e9 emball\u00e9s, de leur poids et du niveau de protection.<\/p>\t\n\t\t\t\t<img loading=\"lazy\" decoding=\"async\" src=\"https:\/\/www.hicreategames.com\/wp-content\/uploads\/2023\/03\/Boite-de-jeu-en-papier-cartonne.jpg\" alt=\"Bo\u00eete de jeu en papier cartonn\u00e9\" itemprop=\"image\" height=\"426\" width=\"640\" title=\"Bo\u00eete de jeu en papier cartonn\u00e9\" onerror=\"this.style.display='none'\"  \/>\n\t<h5>\n\t\t\t\tBo\u00eete de jeu en papier cartonn\u00e9\n\t\t\t<\/h5>\n\t\t\t<p>C&rsquo;est le mat\u00e9riau le plus couramment utilis\u00e9 pour les bo\u00eetes de jeux. Il est bon march\u00e9, l\u00e9ger et pr\u00e9sente g\u00e9n\u00e9ralement des graphismes color\u00e9s et des illustrations li\u00e9es au jeu.<\/p>\n\t\t\t\t<img loading=\"lazy\" decoding=\"async\" src=\"https:\/\/www.hicreategames.com\/wp-content\/uploads\/2023\/03\/Boite-de-jeu-en-metal.jpg\" alt=\"Bo\u00eete de jeu en m\u00e9tal\" itemprop=\"image\" height=\"426\" width=\"640\" title=\"Bo\u00eete de jeu en m\u00e9tal\" onerror=\"this.style.display='none'\"  \/>\n\t<h5>\n\t\t\t\tBo\u00eete de jeu en m\u00e9tal\n\t\t\t<\/h5>\n\t\t\t<p>Ces bo\u00eetes sont g\u00e9n\u00e9ralement fabriqu\u00e9es \u00e0 partir de m\u00e9tal l\u00e9ger comme l&rsquo;aluminium ou l&rsquo;\u00e9tain. Ils sont con\u00e7us pour \u00eatre durables, portables et offrir une meilleure protection.<\/p>\n\t\t\t\t<img loading=\"lazy\" decoding=\"async\" src=\"https:\/\/www.hicreategames.com\/wp-content\/uploads\/2023\/03\/Boite-de-jeu-en-plastique.jpg\" alt=\"Bo\u00eete de jeu en plastique\" itemprop=\"image\" height=\"426\" width=\"640\" title=\"Bo\u00eete de jeu en plastique\" onerror=\"this.style.display='none'\"  \/>\n\t<h5>\n\t\t\t\tBo\u00eete de jeu en plastique\n\t\t\t<\/h5>\n\t\t\t<p>Ces bo\u00eetes de jeu en plastique sont g\u00e9n\u00e9ralement con\u00e7ues avec des compartiments ou des plateaux pour aider \u00e0 organiser les pi\u00e8ces de jeu et les jeux de cartes \u00e0 l&rsquo;int\u00e9rieur.<\/p>\t\n\t\t\t\t<img loading=\"lazy\" decoding=\"async\" src=\"https:\/\/www.hicreategames.com\/wp-content\/uploads\/2022\/04\/custom-board-game-boxes.png\" alt=\"bo\u00eetes de jeux de soci\u00e9t\u00e9 personnalis\u00e9es\" itemprop=\"image\" height=\"500\" width=\"500\" title=\"bo\u00eetes de jeux de soci\u00e9t\u00e9 personnalis\u00e9es\" onerror=\"this.style.display='none'\"  \/>\n\t<h3>\n\t\t\t\tContactez-nous maintenant\n\t\t\t<\/h3>\n\t\n<div class=\"wpcf7 no-js\" id=\"wpcf7-f2893-o2\" lang=\"fr-FR\" dir=\"ltr\" data-wpcf7-id=\"2893\">\n<div class=\"screen-reader-response\"><p role=\"status\" aria-live=\"polite\" aria-atomic=\"true\"><\/p> <ul><\/ul><\/div>\n<form action=\"\/fr\/wp-json\/wp\/v2\/pages\/2884#wpcf7-f2893-o2\" method=\"post\" class=\"wpcf7-form init\" aria-label=\"Formulaire de contact\" enctype=\"multipart\/form-data\" novalidate=\"novalidate\" data-status=\"init\">\n<fieldset class=\"hidden-fields-container\"><input type=\"hidden\" name=\"_wpcf7\" value=\"2893\" \/><input type=\"hidden\" name=\"_wpcf7_version\" value=\"6.1.5\" \/><input type=\"hidden\" name=\"_wpcf7_locale\" value=\"fr_FR\" \/><input type=\"hidden\" name=\"_wpcf7_unit_tag\" value=\"wpcf7-f2893-o2\" \/><input type=\"hidden\" name=\"_wpcf7_container_post\" value=\"0\" \/><input type=\"hidden\" name=\"_wpcf7_posted_data_hash\" value=\"\" \/><input type=\"hidden\" name=\"_wpcf7_recaptcha_response\" value=\"\" \/>\n<\/fieldset>\n<p><label> Votre nom<br \/>\n<span class=\"wpcf7-form-control-wrap\" data-name=\"your-name\"><input size=\"40\" maxlength=\"400\" class=\"wpcf7-form-control wpcf7-text wpcf7-validates-as-required\" aria-required=\"true\" aria-invalid=\"false\" value=\"\" type=\"text\" name=\"your-name\" \/><\/span> <\/label>\n<\/p>\n<p><label> Votre e-mail<br \/>\n<span class=\"wpcf7-form-control-wrap\" data-name=\"your-email\"><input size=\"40\" maxlength=\"400\" class=\"wpcf7-form-control wpcf7-email wpcf7-validates-as-required wpcf7-text wpcf7-validates-as-email\" aria-required=\"true\" aria-invalid=\"false\" value=\"\" type=\"email\" name=\"your-email\" \/><\/span> <\/label>\n<\/p>\n<p><label> Quantit\u00e9 minimale de commande<br \/>\n<span class=\"wpcf7-form-control-wrap\" data-name=\"menu-734\"><select class=\"wpcf7-form-control wpcf7-select wpcf7-validates-as-required\" aria-required=\"true\" aria-invalid=\"false\" name=\"menu-734\"><option value=\"\">&#8212;Veuillez choisir une option&#8212;<\/option><option value=\"300\">300<\/option><option value=\"500\">500<\/option><option value=\"1000\">1000<\/option><\/select><\/span> <\/label>\n<\/p>\n<p><label> Votre message<br \/>\n<span class=\"wpcf7-form-control-wrap\" data-name=\"your-message\"><textarea cols=\"40\" rows=\"10\" maxlength=\"2000\" class=\"wpcf7-form-control wpcf7-textarea wpcf7-validates-as-required\" aria-required=\"true\" aria-invalid=\"false\" name=\"your-message\"><\/textarea><\/span> <\/label>\n<\/p>\n<p><label> Votre dossier (facultatif)<br \/>\n<span class=\"wpcf7-form-control-wrap\" data-name=\"file-978\"><input size=\"40\" class=\"wpcf7-form-control wpcf7-file\" accept=\"audio\/*,video\/*,image\/*\" aria-invalid=\"false\" type=\"file\" name=\"file-978\" \/><\/span> <\/label>\n<\/p>\n<p><span class=\"wpcf7-form-control-wrap\" data-name=\"quiz-747\"><label><span class=\"wpcf7-quiz-label\">2+6=?<\/span> <input size=\"40\" class=\"wpcf7-form-control wpcf7-quiz\" autocomplete=\"off\" aria-required=\"true\" aria-invalid=\"false\" type=\"text\" name=\"quiz-747\" \/><\/label><input type=\"hidden\" name=\"_wpcf7_quiz_answer_quiz-747\" value=\"34fe0dce70d770da3a4b02c0e1fa88fe\" \/><\/span>\n<\/p>\n<p><input class=\"wpcf7-form-control wpcf7-submit has-spinner\" type=\"submit\" value=\"Soumettre\" \/>\n<\/p><div class=\"wpcf7-response-output\" aria-hidden=\"true\"><\/div>\n<\/form>\n<\/div>\n\n\n","protected":false},"excerpt":{"rendered":"<p>Personnalisez et fabriquez vos bo\u00eetes de jeux de soci\u00e9t\u00e9 Contactez-nous et partagez vos id\u00e9es Que pouvons-nous personnaliser pour votre bo\u00eete de jeu\u00a0? Repliez\/relevez le dessus\/bas de couvercle\/\u00e9tain\/plastique\/tuck ou taille personnalis\u00e9e 157 gsm + grey board + black wrap paper 1.2mm\/1.5mm\/1.8mm\/2.0mm 3 -5mm PDF, PSD, AI Au moins 300 ppp ou [&hellip;]<\/p>\n","protected":false},"author":1,"featured_media":0,"parent":0,"menu_order":0,"comment_status":"closed","ping_status":"closed","template":"","meta":{"site-sidebar-layout":"no-sidebar","site-content-layout":"page-builder","ast-site-content-layout":"default","site-content-style":"default","site-sidebar-style":"default","ast-global-header-display":"","ast-banner-title-visibility":"","ast-main-header-display":"","ast-hfb-above-header-display":"","ast-hfb-below-header-display":"","ast-hfb-mobile-header-display":"","site-post-title":"disabled","ast-breadcrumbs-content":"","ast-featured-img":"disabled","footer-sml-layout":"","ast-disable-related-posts":"","theme-transparent-header-meta":"default","adv-header-id-meta":"","stick-header-meta":"default","header-above-stick-meta":"","header-main-stick-meta":"","header-below-stick-meta":"","astra-migrate-meta-layouts":"default","ast-page-background-enabled":"default","ast-page-background-meta":{"desktop":{"background-color":"","background-image":"","background-repeat":"repeat","background-position":"center center","background-size":"auto","background-attachment":"scroll","background-type":"","background-media":"","overlay-type":"","overlay-color":"","overlay-opacity":"","overlay-gradient":""},"tablet":{"background-color":"","background-image":"","background-repeat":"repeat","background-position":"center center","background-size":"auto","background-attachment":"scroll","background-type":"","background-media":"","overlay-type":"","overlay-color":"","overlay-opacity":"","overlay-gradient":""},"mobile":{"background-color":"","background-image":"","background-repeat":"repeat","background-position":"center center","background-size":"auto","background-attachment":"scroll","background-type":"","background-media":"","overlay-type":"","overlay-color":"","overlay-opacity":"","overlay-gradient":""}},"ast-content-background-meta":{"desktop":{"background-color":"var(--ast-global-color-5)","background-image":"","background-repeat":"repeat","background-position":"center center","background-size":"auto","background-attachment":"scroll","background-type":"","background-media":"","overlay-type":"","overlay-color":"","overlay-opacity":"","overlay-gradient":""},"tablet":{"background-color":"var(--ast-global-color-5)","background-image":"","background-repeat":"repeat","background-position":"center center","background-size":"auto","background-attachment":"scroll","background-type":"","background-media":"","overlay-type":"","overlay-color":"","overlay-opacity":"","overlay-gradient":""},"mobile":{"background-color":"var(--ast-global-color-5)","background-image":"","background-repeat":"repeat","background-position":"center center","background-size":"auto","background-attachment":"scroll","background-type":"","background-media":"","overlay-type":"","overlay-color":"","overlay-opacity":"","overlay-gradient":""}},"footnotes":""},"class_list":["post-2884","page","type-page","status-publish","hentry"],"_links":{"self":[{"href":"https:\/\/www.hicreategames.com\/fr\/wp-json\/wp\/v2\/pages\/2884","targetHints":{"allow":["GET"]}}],"collection":[{"href":"https:\/\/www.hicreategames.com\/fr\/wp-json\/wp\/v2\/pages"}],"about":[{"href":"https:\/\/www.hicreategames.com\/fr\/wp-json\/wp\/v2\/types\/page"}],"author":[{"embeddable":true,"href":"https:\/\/www.hicreategames.com\/fr\/wp-json\/wp\/v2\/users\/1"}],"replies":[{"embeddable":true,"href":"https:\/\/www.hicreategames.com\/fr\/wp-json\/wp\/v2\/comments?post=2884"}],"version-history":[{"count":2,"href":"https:\/\/www.hicreategames.com\/fr\/wp-json\/wp\/v2\/pages\/2884\/revisions"}],"predecessor-version":[{"id":17876,"href":"https:\/\/www.hicreategames.com\/fr\/wp-json\/wp\/v2\/pages\/2884\/revisions\/17876"}],"wp:attachment":[{"href":"https:\/\/www.hicreategames.com\/fr\/wp-json\/wp\/v2\/media?parent=2884"}],"curies":[{"name":"wp","href":"https:\/\/api.w.org\/{rel}","templated":true}]}}