{"id":2886,"date":"2022-04-19T03:44:01","date_gmt":"2022-04-19T03:44:01","guid":{"rendered":"https:\/\/www.hicreategames.com\/pieces-de-jeu-personnalisees\/"},"modified":"2025-08-26T11:17:37","modified_gmt":"2025-08-26T11:17:37","slug":"pieces-de-jeu-personnalisees","status":"publish","type":"page","link":"https:\/\/www.hicreategames.com\/fr\/pieces-de-jeu-personnalisees\/","title":{"rendered":"Pi\u00e8ces de Jeu Personnalis\u00e9es"},"content":{"rendered":"\n<h3>\n\t\tPersonnalisez et fabriquez vos pi\u00e8ces de jeu\n\t<\/h3>\n\t\t\t<a href=\"#\" role=\"button\">\n\t\t\t\t\t\t\tContactez-nous et partagez vos id\u00e9es\n\t\t\t<\/a>\n\t\t\n<div class=\"wpcf7 no-js\" id=\"wpcf7-f2893-o1\" lang=\"fr-FR\" dir=\"ltr\" data-wpcf7-id=\"2893\">\n<div class=\"screen-reader-response\"><p role=\"status\" aria-live=\"polite\" aria-atomic=\"true\"><\/p> <ul><\/ul><\/div>\n<form action=\"\/fr\/wp-json\/wp\/v2\/pages\/2886#wpcf7-f2893-o1\" method=\"post\" class=\"wpcf7-form init\" aria-label=\"Formulaire de contact\" enctype=\"multipart\/form-data\" novalidate=\"novalidate\" data-status=\"init\">\n<fieldset class=\"hidden-fields-container\"><input type=\"hidden\" name=\"_wpcf7\" value=\"2893\" \/><input type=\"hidden\" name=\"_wpcf7_version\" value=\"6.1.5\" \/><input type=\"hidden\" name=\"_wpcf7_locale\" value=\"fr_FR\" \/><input type=\"hidden\" name=\"_wpcf7_unit_tag\" value=\"wpcf7-f2893-o1\" \/><input type=\"hidden\" name=\"_wpcf7_container_post\" value=\"0\" \/><input type=\"hidden\" name=\"_wpcf7_posted_data_hash\" value=\"\" \/><input type=\"hidden\" name=\"_wpcf7_recaptcha_response\" value=\"\" \/>\n<\/fieldset>\n<p><label> Votre nom<br \/>\n<span class=\"wpcf7-form-control-wrap\" data-name=\"your-name\"><input size=\"40\" maxlength=\"400\" class=\"wpcf7-form-control wpcf7-text wpcf7-validates-as-required\" aria-required=\"true\" aria-invalid=\"false\" value=\"\" type=\"text\" name=\"your-name\" \/><\/span> <\/label>\n<\/p>\n<p><label> Votre e-mail<br \/>\n<span class=\"wpcf7-form-control-wrap\" data-name=\"your-email\"><input size=\"40\" maxlength=\"400\" class=\"wpcf7-form-control wpcf7-email wpcf7-validates-as-required wpcf7-text wpcf7-validates-as-email\" aria-required=\"true\" aria-invalid=\"false\" value=\"\" type=\"email\" name=\"your-email\" \/><\/span> <\/label>\n<\/p>\n<p><label> Quantit\u00e9 minimale de commande<br \/>\n<span class=\"wpcf7-form-control-wrap\" data-name=\"menu-734\"><select class=\"wpcf7-form-control wpcf7-select wpcf7-validates-as-required\" aria-required=\"true\" aria-invalid=\"false\" name=\"menu-734\"><option value=\"\">&#8212;Veuillez choisir une option&#8212;<\/option><option value=\"300\">300<\/option><option value=\"500\">500<\/option><option value=\"1000\">1000<\/option><\/select><\/span> <\/label>\n<\/p>\n<p><label> Votre message<br \/>\n<span class=\"wpcf7-form-control-wrap\" data-name=\"your-message\"><textarea cols=\"40\" rows=\"10\" maxlength=\"2000\" class=\"wpcf7-form-control wpcf7-textarea wpcf7-validates-as-required\" aria-required=\"true\" aria-invalid=\"false\" name=\"your-message\"><\/textarea><\/span> <\/label>\n<\/p>\n<p><label> Votre dossier (facultatif)<br \/>\n<span class=\"wpcf7-form-control-wrap\" data-name=\"file-978\"><input size=\"40\" class=\"wpcf7-form-control wpcf7-file\" accept=\"audio\/*,video\/*,image\/*\" aria-invalid=\"false\" type=\"file\" name=\"file-978\" \/><\/span> <\/label>\n<\/p>\n<p><span class=\"wpcf7-form-control-wrap\" data-name=\"quiz-747\"><label><span class=\"wpcf7-quiz-label\">2+6=?<\/span> <input size=\"40\" class=\"wpcf7-form-control wpcf7-quiz\" autocomplete=\"off\" aria-required=\"true\" aria-invalid=\"false\" type=\"text\" name=\"quiz-747\" \/><\/label><input type=\"hidden\" name=\"_wpcf7_quiz_answer_quiz-747\" value=\"34fe0dce70d770da3a4b02c0e1fa88fe\" \/><\/span>\n<\/p>\n<p><input class=\"wpcf7-form-control wpcf7-submit has-spinner\" type=\"submit\" value=\"Soumettre\" \/>\n<\/p><div class=\"wpcf7-response-output\" aria-hidden=\"true\"><\/div>\n<\/form>\n<\/div>\n\t\n\t<h3>\n\t\t\t\tMat\u00e9riaux pour les pi\u00e8ces de jeu\n\t\t\t<\/h3>\n\t\t\t\t<img loading=\"lazy\" decoding=\"async\" src=\"https:\/\/www.hicreategames.com\/wp-content\/uploads\/2022\/04\/Wooden-Game-Pieces.jpg\" alt=\"Pi\u00e8ces de jeu en bois\" itemprop=\"image\" height=\"426\" width=\"640\" title=\"Pi\u00e8ces de jeu en bois\" onerror=\"this.style.display='none'\"  \/>\n\t<h5>\n\t\t\t\tPi\u00e8ces de Jeu en Bois\n\t\t\t<\/h5>\n\t\t\t<p>Ils sont g\u00e9n\u00e9ralement fabriqu\u00e9s en bois et sont con\u00e7us pour \u00eatre durables, tactiles et visuellement attrayants. Certains exemples courants de pi\u00e8ces de jeu en bois incluent des pions, des d\u00e9s, des cubes, des disques et des m\u00e8vres.<\/p>\t\n\t\t\t\t<img loading=\"lazy\" decoding=\"async\" src=\"https:\/\/www.hicreategames.com\/wp-content\/uploads\/2022\/04\/Plastic-Game-Pieces.jpg\" alt=\"Pi\u00e8ces de jeu en plastique\" itemprop=\"image\" height=\"426\" width=\"640\" title=\"Pi\u00e8ces de jeu en plastique\" onerror=\"this.style.display='none'\"  \/>\n\t<h5>\n\t\t\t\tPi\u00e8ces de Jeu en Plastique\n\t\t\t<\/h5>\n\t\t\t<p>Les pi\u00e8ces de jeu en plastique sont souvent pr\u00e9f\u00e9r\u00e9es \u00e0 d&rsquo;autres mat\u00e9riaux comme le m\u00e9tal ou le bois car ils sont abordables, l\u00e9gers, durables et peuvent \u00eatre fabriqu\u00e9s dans une grande vari\u00e9t\u00e9 de formes et de couleurs.<\/p>\t\n\t\t\t\t<img loading=\"lazy\" decoding=\"async\" src=\"https:\/\/www.hicreategames.com\/wp-content\/uploads\/2022\/04\/Metal-Game-Pieces.jpg\" alt=\"Pi\u00e8ces de jeu en m\u00e9tal\" itemprop=\"image\" height=\"426\" width=\"640\" title=\"Pi\u00e8ces de jeu en m\u00e9tal\" onerror=\"this.style.display='none'\"  \/>\n\t<h5>\n\t\t\t\tPi\u00e8ces de Jeu en M\u00e9tal\n\t\t\t<\/h5>\n\t\t\t<p>Les pi\u00e8ces de jeu en m\u00e9tal peuvent \u00eatre faites de zinc, d&rsquo;\u00e9tain, de cuivre ou d&rsquo;aluminium \u00e0 travers des processus de moulage, d&rsquo;estampage ou de gravure. Ils sont pr\u00e9f\u00e9r\u00e9s pour leur poids, leur durabilit\u00e9 et leur apparence premium.<\/p>\t\n<h3>\n\t\tProcessus de fabrication des pi\u00e8ces de jeu en bois\n\t<\/h3>\n\t\t\t\t<img loading=\"lazy\" decoding=\"async\" src=\"https:\/\/www.hicreategames.com\/wp-content\/uploads\/2022\/04\/wooden-raw-material.jpg\" alt=\"mati\u00e8re premi\u00e8re en bois\" itemprop=\"image\" height=\"125\" width=\"143\" title=\"mati\u00e8re premi\u00e8re en bois\" onerror=\"this.style.display='none'\"  \/>\n<h6>\n\t\tMati\u00e8re premi\u00e8re\n\t<\/h6>\n\t\t\t\t<img loading=\"lazy\" decoding=\"async\" src=\"https:\/\/www.hicreategames.com\/wp-content\/uploads\/2022\/04\/wooden-distribution.jpg\" alt=\"wooden distribution\" itemprop=\"image\" height=\"126\" width=\"143\" title=\"distribution en bois\" onerror=\"this.style.display='none'\"  \/>\n<h6>\n\t\tDistribution\n\t<\/h6>\n\t\t\t\t<img loading=\"lazy\" decoding=\"async\" src=\"https:\/\/www.hicreategames.com\/wp-content\/uploads\/2022\/04\/wooden-cutting.jpg\" alt=\"coupe en bois\" itemprop=\"image\" height=\"127\" width=\"145\" title=\"coupe en bois\" onerror=\"this.style.display='none'\"  \/>\n<h6>\n\t\tCoupe\n\t<\/h6>\n\t\t\t\t<img loading=\"lazy\" decoding=\"async\" src=\"https:\/\/www.hicreategames.com\/wp-content\/uploads\/2022\/04\/wooden-game-pieces-polishing.jpg\" alt=\"polissage de pi\u00e8ces de jeu en bois\" itemprop=\"image\" height=\"126\" width=\"146\" title=\"polissage de pi\u00e8ces de jeu en bois\" onerror=\"this.style.display='none'\"  \/>\n<h6>\n\t\tPolissage\n\t<\/h6>\n\t\t\t\t<img loading=\"lazy\" decoding=\"async\" src=\"https:\/\/www.hicreategames.com\/wp-content\/uploads\/2022\/04\/wooden-game-pieces-assembly.jpg\" alt=\"assemblage de pi\u00e8ces de jeu en bois\" itemprop=\"image\" height=\"123\" width=\"144\" title=\"assemblage de pi\u00e8ces de jeu en bois\" onerror=\"this.style.display='none'\"  \/>\n<h6>\n\t\tAssembl\u00e9e\n\t<\/h6>\n\t\t\t\t<img loading=\"lazy\" decoding=\"async\" src=\"https:\/\/www.hicreategames.com\/wp-content\/uploads\/2022\/04\/wooden-game-pieces-printing.jpg\" alt=\"impression de pi\u00e8ces de jeu en bois\" itemprop=\"image\" height=\"123\" width=\"144\" title=\"impression de pi\u00e8ces de jeu en bois\" onerror=\"this.style.display='none'\"  \/>\n<h6>\n\t\tImpression\n\t<\/h6>\n\t\t\t\t<img loading=\"lazy\" decoding=\"async\" src=\"https:\/\/www.hicreategames.com\/wp-content\/uploads\/2022\/04\/wooden-game-pieces-shrink-wrap.jpg\" alt=\"film r\u00e9tractable de pi\u00e8ces de jeu en bois\" itemprop=\"image\" height=\"122\" width=\"144\" title=\"film r\u00e9tractable de pi\u00e8ces de jeu en bois\" onerror=\"this.style.display='none'\"  \/>\n<h6>\n\t\tFilm r\u00e9tractable\n\t<\/h6>\n\t\t\t\t<img loading=\"lazy\" decoding=\"async\" src=\"https:\/\/www.hicreategames.com\/wp-content\/uploads\/2022\/04\/wooden-game-pieces-packaging.jpg\" alt=\"emballage de pi\u00e8ces de jeu en bois\" itemprop=\"image\" height=\"123\" width=\"144\" title=\"emballage de pi\u00e8ces de jeu en bois\" onerror=\"this.style.display='none'\"  \/>\n<h6>\n\t\tEmballage\n\t<\/h6>\n<h3>\n\t\tProc\u00e9d\u00e9s de fabrication de pi\u00e8ces de jeu en plastique\n\t<\/h3>\n\t\t\t\t<img loading=\"lazy\" decoding=\"async\" src=\"https:\/\/www.hicreategames.com\/wp-content\/uploads\/2022\/04\/make-layout.jpg\" alt=\"faire la mise en page\" itemprop=\"image\" height=\"141\" width=\"160\" title=\"faire la mise en page\" onerror=\"this.style.display='none'\"  \/>\n<h6>\n\t\tFaire la mise en page\n\t<\/h6>\n\t\t\t\t<img loading=\"lazy\" decoding=\"async\" src=\"https:\/\/www.hicreategames.com\/wp-content\/uploads\/2022\/04\/creat-model.jpg\" alt=\"cr\u00e9er un mod\u00e8le\" itemprop=\"image\" height=\"138\" width=\"159\" title=\"cr\u00e9er un mod\u00e8le\" onerror=\"this.style.display='none'\"  \/>\n<h6>\n\t\tCr\u00e9er un mod\u00e8le\n\t<\/h6>\n\t\t\t\t<img loading=\"lazy\" decoding=\"async\" src=\"https:\/\/www.hicreategames.com\/wp-content\/uploads\/2022\/04\/injection.jpg\" alt=\"injection\" itemprop=\"image\" height=\"138\" width=\"159\" title=\"injection\" onerror=\"this.style.display='none'\"  \/>\n<h6>\n\t\tInjection\n\t<\/h6>\n\t\t\t\t<img loading=\"lazy\" decoding=\"async\" src=\"https:\/\/www.hicreategames.com\/wp-content\/uploads\/2022\/04\/composing.jpg\" alt=\"composition\" itemprop=\"image\" height=\"140\" width=\"159\" title=\"composition\" onerror=\"this.style.display='none'\"  \/>\n<h6>\n\t\tComposition\n\t<\/h6>\n\t\t\t\t<img loading=\"lazy\" decoding=\"async\" src=\"https:\/\/www.hicreategames.com\/wp-content\/uploads\/2022\/04\/engraving.jpg\" alt=\"gravure\" itemprop=\"image\" height=\"141\" width=\"160\" title=\"gravure\" onerror=\"this.style.display='none'\"  \/>\n<h6>\n\t\tGravure\n\t<\/h6>\n\t\t\t\t<img loading=\"lazy\" decoding=\"async\" src=\"https:\/\/www.hicreategames.com\/wp-content\/uploads\/2022\/04\/assembly-1.jpg\" alt=\"Assembl\u00e9e\" itemprop=\"image\" height=\"140\" width=\"161\" title=\"Assembl\u00e9e\" onerror=\"this.style.display='none'\"  \/>\n<h6>\n\t\tAssembl\u00e9e\n\t<\/h6>\n\t\t\t\t<img loading=\"lazy\" decoding=\"async\" src=\"https:\/\/www.hicreategames.com\/wp-content\/uploads\/2022\/04\/inspection.jpg\" alt=\"inspection\" itemprop=\"image\" height=\"141\" width=\"161\" title=\"inspection\" onerror=\"this.style.display='none'\"  \/>\n<h6>\n\t\tInspection\n\t<\/h6>\n\t\t\t\t<img loading=\"lazy\" decoding=\"async\" src=\"https:\/\/www.hicreategames.com\/wp-content\/uploads\/2022\/04\/packaging-1.jpg\" alt=\"emballage\" itemprop=\"image\" height=\"140\" width=\"160\" title=\"emballage\" onerror=\"this.style.display='none'\"  \/>\n<h6>\n\t\tEmballage\n\t<\/h6>\n<h3>\n\t\tProcessus de fabrication des pi\u00e8ces de jeu en m\u00e9tal\n\t<\/h3>\n\t\t\t\t<img loading=\"lazy\" decoding=\"async\" src=\"https:\/\/www.hicreategames.com\/wp-content\/uploads\/2022\/04\/Metal-Pieces-Manufacturing.jpg\" alt=\"Fabrication de pi\u00e8ces m\u00e9talliques\" itemprop=\"image\" height=\"390\" width=\"670\" title=\"Fabrication de pi\u00e8ces m\u00e9talliques\" onerror=\"this.style.display='none'\"  \/>\n\t<ul>\n<li>Presque tous les jeux de soci\u00e9t\u00e9 ont des pi\u00e8ces m\u00e9talliques, en alliage de zinc et des surfaces galvanis\u00e9es.<\/li>\n<li>La quantit\u00e9 minimum de commande (MOQ) est de 500 pi\u00e8ces, et le prix d\u00e9pend de la complexit\u00e9 de vos pi\u00e8ces m\u00e9talliques.<\/li>\n<li>Impossible de faire des \u00e9chantillons 3D, produisez-les directement en ouvrant le moule.<\/li>\n<li>Les \u00e9chantillons existants sont gratuits.<\/li>\n<\/ul>\n<h3>\n\t\tPi\u00e8ces de jeu de soci\u00e9t\u00e9 classiques personnalis\u00e9es\n\t<\/h3>\n\t\t\t\t<img loading=\"lazy\" decoding=\"async\" src=\"https:\/\/www.hicreategames.com\/wp-content\/uploads\/2023\/03\/Pieces-de-Monopoly.jpg\" alt=\"Pi\u00e8ces de Monopoly\" itemprop=\"image\" height=\"426\" width=\"640\" title=\"Pi\u00e8ces de Monopoly\" onerror=\"this.style.display='none'\"  \/>\n\t<h5>\n\t\t\t\tPi\u00e8ces de Monopoly\n\t\t\t<\/h5>\n\t\t\t<p>En personnalisant vos pi\u00e8ces Monopoly, nous pouvons vous aider \u00e0 cr\u00e9er un plus large \u00e9ventail d&rsquo;options et de th\u00e8mes pour ce jeu de soci\u00e9t\u00e9 classique. Et faites en sorte que vos pi\u00e8ces de jeu uniques se d\u00e9marquent des pi\u00e8ces de chien, de chat, de cheval, de canon et de chapeau Monopoly standard.<\/p>\t\n\t\t\t\t<img loading=\"lazy\" decoding=\"async\" src=\"https:\/\/www.hicreategames.com\/wp-content\/uploads\/2023\/03\/Pieces-de-Colons-de-Catane.jpg\" alt=\"Pi\u00e8ces de Colons de Catane\" itemprop=\"image\" height=\"426\" width=\"640\" title=\"Pi\u00e8ces de Colons de Catane\" onerror=\"this.style.display='none'\"  \/>\n\t<h5>\n\t\t\t\tPi\u00e8ces de Colons de Catane\n\t\t\t<\/h5>\n\t\t\t<p>Afin d&rsquo;am\u00e9liorer l&rsquo;esth\u00e9tique et la jouabilit\u00e9, nous pouvons vous aider \u00e0 personnaliser vos pi\u00e8ces de jeu Catan, telles que la refonte des pi\u00e8ces traditionnelles de Catan (ports, voleurs, ports, routes, colonies et villes), ou l&rsquo;ajout de nouvelles pi\u00e8ces de jeu qui repr\u00e9sentent des ressources.<\/p>\t\n\t\t\t\t<img loading=\"lazy\" decoding=\"async\" src=\"https:\/\/www.hicreategames.com\/wp-content\/uploads\/2023\/03\/Pieces-de-Risque.jpg\" alt=\"Pi\u00e8ces de Risque\" itemprop=\"image\" height=\"426\" width=\"640\" title=\"Pi\u00e8ces de Risque\" onerror=\"this.style.display='none'\"  \/>\n\t<h5>\n\t\t\t\tPi\u00e8ces de Risque\n\t\t\t<\/h5>\n\t\t\t<p>La personnalisation des pi\u00e8ces du jeu de soci\u00e9t\u00e9 Risk avec des designs uniques peut ajouter de la personnalisation et de la diff\u00e9renciation \u00e0 votre jeu. Outre l&rsquo;infanterie, la cavalerie et l&rsquo;artillerie, nous pouvons vous aider \u00e0 personnaliser de nouvelles pi\u00e8ces de troupes pour ajouter une nouvelle couche de strat\u00e9gie au jeu.<\/p>\t\n<h3>\n\t\tNos r\u00e9cents projets de pi\u00e8ces de jeu\n\t<\/h3>\n\t<meta itemprop=\"url\" content=\"https:\/\/www.hicreategames.com\/wp-content\/uploads\/2022\/04\/Wooden-Game-Pieces.mp4\" \/><div style=\"width: 640px;\" class=\"wp-video\"><video class=\"wp-video-shortcode\" id=\"video-2886-1\" width=\"640\" height=\"360\" preload=\"metadata\" controls=\"controls\"><source type=\"video\/mp4\" src=\"https:\/\/www.hicreategames.com\/wp-content\/uploads\/2022\/04\/Wooden-Game-Pieces.mp4?_=1\" \/><source type=\"video\/mp4\" src=\"https:\/\/www.hicreategames.com\/wp-content\/uploads\/2022\/04\/Wooden-Game-Pieces.mp4?_=1\" \/><a href=\"https:\/\/www.hicreategames.com\/wp-content\/uploads\/2022\/04\/Wooden-Game-Pieces.mp4\">https:\/\/www.hicreategames.com\/wp-content\/uploads\/2022\/04\/Wooden-Game-Pieces.mp4<\/a><\/video><\/div>\n\t<meta itemprop=\"url\" content=\"https:\/\/www.hicreategames.com\/wp-content\/uploads\/2022\/04\/Plastic-Game-Pieces.mp4\" \/><div style=\"width: 640px;\" class=\"wp-video\"><video class=\"wp-video-shortcode\" id=\"video-2886-2\" width=\"640\" height=\"360\" preload=\"metadata\" controls=\"controls\"><source type=\"video\/mp4\" src=\"https:\/\/www.hicreategames.com\/wp-content\/uploads\/2022\/04\/Plastic-Game-Pieces.mp4?_=2\" \/><source type=\"video\/mp4\" src=\"https:\/\/www.hicreategames.com\/wp-content\/uploads\/2022\/04\/Plastic-Game-Pieces.mp4?_=2\" \/><a href=\"https:\/\/www.hicreategames.com\/wp-content\/uploads\/2022\/04\/Plastic-Game-Pieces.mp4\">https:\/\/www.hicreategames.com\/wp-content\/uploads\/2022\/04\/Plastic-Game-Pieces.mp4<\/a><\/video><\/div>\n\t<meta itemprop=\"url\" content=\"https:\/\/www.hicreategames.com\/wp-content\/uploads\/2022\/04\/Metal-Game-Pieces.mp4\" \/><div style=\"width: 640px;\" class=\"wp-video\"><video class=\"wp-video-shortcode\" id=\"video-2886-3\" width=\"640\" height=\"360\" preload=\"metadata\" controls=\"controls\"><source type=\"video\/mp4\" src=\"https:\/\/www.hicreategames.com\/wp-content\/uploads\/2022\/04\/Metal-Game-Pieces.mp4?_=3\" \/><source type=\"video\/mp4\" src=\"https:\/\/www.hicreategames.com\/wp-content\/uploads\/2022\/04\/Metal-Game-Pieces.mp4?_=3\" \/><a href=\"https:\/\/www.hicreategames.com\/wp-content\/uploads\/2022\/04\/Metal-Game-Pieces.mp4\">https:\/\/www.hicreategames.com\/wp-content\/uploads\/2022\/04\/Metal-Game-Pieces.mp4<\/a><\/video><\/div>\n\t<meta itemprop=\"url\" content=\"https:\/\/www.hicreategames.com\/wp-content\/uploads\/2022\/04\/Custom-Made-Card-Game-Pieces.mp4\" \/><div style=\"width: 640px;\" class=\"wp-video\"><video class=\"wp-video-shortcode\" id=\"video-2886-4\" width=\"640\" height=\"360\" preload=\"metadata\" controls=\"controls\"><source type=\"video\/mp4\" src=\"https:\/\/www.hicreategames.com\/wp-content\/uploads\/2022\/04\/Custom-Made-Card-Game-Pieces.mp4?_=4\" \/><source type=\"video\/mp4\" src=\"https:\/\/www.hicreategames.com\/wp-content\/uploads\/2022\/04\/Custom-Made-Card-Game-Pieces.mp4?_=4\" \/><a href=\"https:\/\/www.hicreategames.com\/wp-content\/uploads\/2022\/04\/Custom-Made-Card-Game-Pieces.mp4\">https:\/\/www.hicreategames.com\/wp-content\/uploads\/2022\/04\/Custom-Made-Card-Game-Pieces.mp4<\/a><\/video><\/div>\n\t\t\t\t<img loading=\"lazy\" decoding=\"async\" src=\"https:\/\/www.hicreategames.com\/wp-content\/uploads\/2022\/04\/custom-game-pieces.png\" alt=\"pi\u00e8ces de jeu personnalis\u00e9es\" itemprop=\"image\" height=\"500\" width=\"500\" title=\"pi\u00e8ces de jeu personnalis\u00e9es\" onerror=\"this.style.display='none'\"  \/>\n\t<h3>\n\t\t\t\tContactez-nous\n\t\t\t<\/h3>\n\t\n<div class=\"wpcf7 no-js\" id=\"wpcf7-f2893-o2\" lang=\"fr-FR\" dir=\"ltr\" data-wpcf7-id=\"2893\">\n<div class=\"screen-reader-response\"><p role=\"status\" aria-live=\"polite\" aria-atomic=\"true\"><\/p> <ul><\/ul><\/div>\n<form action=\"\/fr\/wp-json\/wp\/v2\/pages\/2886#wpcf7-f2893-o2\" method=\"post\" class=\"wpcf7-form init\" aria-label=\"Formulaire de contact\" enctype=\"multipart\/form-data\" novalidate=\"novalidate\" data-status=\"init\">\n<fieldset class=\"hidden-fields-container\"><input type=\"hidden\" name=\"_wpcf7\" value=\"2893\" \/><input type=\"hidden\" name=\"_wpcf7_version\" value=\"6.1.5\" \/><input type=\"hidden\" name=\"_wpcf7_locale\" value=\"fr_FR\" \/><input type=\"hidden\" name=\"_wpcf7_unit_tag\" value=\"wpcf7-f2893-o2\" \/><input type=\"hidden\" name=\"_wpcf7_container_post\" value=\"0\" \/><input type=\"hidden\" name=\"_wpcf7_posted_data_hash\" value=\"\" \/><input type=\"hidden\" name=\"_wpcf7_recaptcha_response\" value=\"\" \/>\n<\/fieldset>\n<p><label> Votre nom<br \/>\n<span class=\"wpcf7-form-control-wrap\" data-name=\"your-name\"><input size=\"40\" maxlength=\"400\" class=\"wpcf7-form-control wpcf7-text wpcf7-validates-as-required\" aria-required=\"true\" aria-invalid=\"false\" value=\"\" type=\"text\" name=\"your-name\" \/><\/span> <\/label>\n<\/p>\n<p><label> Votre e-mail<br \/>\n<span class=\"wpcf7-form-control-wrap\" data-name=\"your-email\"><input size=\"40\" maxlength=\"400\" class=\"wpcf7-form-control wpcf7-email wpcf7-validates-as-required wpcf7-text wpcf7-validates-as-email\" aria-required=\"true\" aria-invalid=\"false\" value=\"\" type=\"email\" name=\"your-email\" \/><\/span> <\/label>\n<\/p>\n<p><label> Quantit\u00e9 minimale de commande<br \/>\n<span class=\"wpcf7-form-control-wrap\" data-name=\"menu-734\"><select class=\"wpcf7-form-control wpcf7-select wpcf7-validates-as-required\" aria-required=\"true\" aria-invalid=\"false\" name=\"menu-734\"><option value=\"\">&#8212;Veuillez choisir une option&#8212;<\/option><option value=\"300\">300<\/option><option value=\"500\">500<\/option><option value=\"1000\">1000<\/option><\/select><\/span> <\/label>\n<\/p>\n<p><label> Votre message<br \/>\n<span class=\"wpcf7-form-control-wrap\" data-name=\"your-message\"><textarea cols=\"40\" rows=\"10\" maxlength=\"2000\" class=\"wpcf7-form-control wpcf7-textarea wpcf7-validates-as-required\" aria-required=\"true\" aria-invalid=\"false\" name=\"your-message\"><\/textarea><\/span> <\/label>\n<\/p>\n<p><label> Votre dossier (facultatif)<br \/>\n<span class=\"wpcf7-form-control-wrap\" data-name=\"file-978\"><input size=\"40\" class=\"wpcf7-form-control wpcf7-file\" accept=\"audio\/*,video\/*,image\/*\" aria-invalid=\"false\" type=\"file\" name=\"file-978\" \/><\/span> <\/label>\n<\/p>\n<p><span class=\"wpcf7-form-control-wrap\" data-name=\"quiz-747\"><label><span class=\"wpcf7-quiz-label\">2+6=?<\/span> <input size=\"40\" class=\"wpcf7-form-control wpcf7-quiz\" autocomplete=\"off\" aria-required=\"true\" aria-invalid=\"false\" type=\"text\" name=\"quiz-747\" \/><\/label><input type=\"hidden\" name=\"_wpcf7_quiz_answer_quiz-747\" value=\"34fe0dce70d770da3a4b02c0e1fa88fe\" \/><\/span>\n<\/p>\n<p><input class=\"wpcf7-form-control wpcf7-submit has-spinner\" type=\"submit\" value=\"Soumettre\" \/>\n<\/p><div class=\"wpcf7-response-output\" aria-hidden=\"true\"><\/div>\n<\/form>\n<\/div>\n\n\n","protected":false},"excerpt":{"rendered":"<p>Personnalisez et fabriquez vos pi\u00e8ces de jeu Contactez-nous et partagez vos id\u00e9es Mat\u00e9riaux pour les pi\u00e8ces de jeu Pi\u00e8ces de Jeu en Bois Ils sont g\u00e9n\u00e9ralement fabriqu\u00e9s en bois et sont con\u00e7us pour \u00eatre durables, tactiles et visuellement attrayants. Certains exemples courants de pi\u00e8ces de jeu en bois incluent des [&hellip;]<\/p>\n","protected":false},"author":1,"featured_media":0,"parent":0,"menu_order":0,"comment_status":"closed","ping_status":"closed","template":"","meta":{"site-sidebar-layout":"no-sidebar","site-content-layout":"page-builder","ast-site-content-layout":"full-width-container","site-content-style":"unboxed","site-sidebar-style":"unboxed","ast-global-header-display":"","ast-banner-title-visibility":"","ast-main-header-display":"","ast-hfb-above-header-display":"","ast-hfb-below-header-display":"","ast-hfb-mobile-header-display":"","site-post-title":"disabled","ast-breadcrumbs-content":"","ast-featured-img":"disabled","footer-sml-layout":"","ast-disable-related-posts":"","theme-transparent-header-meta":"default","adv-header-id-meta":"","stick-header-meta":"default","header-above-stick-meta":"","header-main-stick-meta":"","header-below-stick-meta":"","astra-migrate-meta-layouts":"default","ast-page-background-enabled":"default","ast-page-background-meta":{"desktop":{"background-color":"","background-image":"","background-repeat":"repeat","background-position":"center center","background-size":"auto","background-attachment":"scroll","background-type":"","background-media":"","overlay-type":"","overlay-color":"","overlay-opacity":"","overlay-gradient":""},"tablet":{"background-color":"","background-image":"","background-repeat":"repeat","background-position":"center center","background-size":"auto","background-attachment":"scroll","background-type":"","background-media":"","overlay-type":"","overlay-color":"","overlay-opacity":"","overlay-gradient":""},"mobile":{"background-color":"","background-image":"","background-repeat":"repeat","background-position":"center center","background-size":"auto","background-attachment":"scroll","background-type":"","background-media":"","overlay-type":"","overlay-color":"","overlay-opacity":"","overlay-gradient":""}},"ast-content-background-meta":{"desktop":{"background-color":"var(--ast-global-color-5)","background-image":"","background-repeat":"repeat","background-position":"center center","background-size":"auto","background-attachment":"scroll","background-type":"","background-media":"","overlay-type":"","overlay-color":"","overlay-opacity":"","overlay-gradient":""},"tablet":{"background-color":"var(--ast-global-color-5)","background-image":"","background-repeat":"repeat","background-position":"center center","background-size":"auto","background-attachment":"scroll","background-type":"","background-media":"","overlay-type":"","overlay-color":"","overlay-opacity":"","overlay-gradient":""},"mobile":{"background-color":"var(--ast-global-color-5)","background-image":"","background-repeat":"repeat","background-position":"center center","background-size":"auto","background-attachment":"scroll","background-type":"","background-media":"","overlay-type":"","overlay-color":"","overlay-opacity":"","overlay-gradient":""}},"footnotes":""},"class_list":["post-2886","page","type-page","status-publish","hentry"],"_links":{"self":[{"href":"https:\/\/www.hicreategames.com\/fr\/wp-json\/wp\/v2\/pages\/2886","targetHints":{"allow":["GET"]}}],"collection":[{"href":"https:\/\/www.hicreategames.com\/fr\/wp-json\/wp\/v2\/pages"}],"about":[{"href":"https:\/\/www.hicreategames.com\/fr\/wp-json\/wp\/v2\/types\/page"}],"author":[{"embeddable":true,"href":"https:\/\/www.hicreategames.com\/fr\/wp-json\/wp\/v2\/users\/1"}],"replies":[{"embeddable":true,"href":"https:\/\/www.hicreategames.com\/fr\/wp-json\/wp\/v2\/comments?post=2886"}],"version-history":[{"count":1,"href":"https:\/\/www.hicreategames.com\/fr\/wp-json\/wp\/v2\/pages\/2886\/revisions"}],"predecessor-version":[{"id":17897,"href":"https:\/\/www.hicreategames.com\/fr\/wp-json\/wp\/v2\/pages\/2886\/revisions\/17897"}],"wp:attachment":[{"href":"https:\/\/www.hicreategames.com\/fr\/wp-json\/wp\/v2\/media?parent=2886"}],"curies":[{"name":"wp","href":"https:\/\/api.w.org\/{rel}","templated":true}]}}