{"id":2888,"date":"2022-04-06T11:19:27","date_gmt":"2022-04-06T11:19:27","guid":{"rendered":"https:\/\/www.hicreategames.com\/miniatures-personnalisees\/"},"modified":"2025-08-27T10:20:25","modified_gmt":"2025-08-27T10:20:25","slug":"miniatures-personnalisees","status":"publish","type":"page","link":"https:\/\/www.hicreategames.com\/fr\/miniatures-personnalisees\/","title":{"rendered":"Miniatures Personnalis\u00e9es"},"content":{"rendered":"\n<h3>\n\t\tPersonnalisez et imprimez vos figurines\n\t<\/h3>\n\t\t\t<a href=\"#\" role=\"button\">\n\t\t\t\t\t\t\tContactez-nous et partagez vos id\u00e9es\n\t\t\t<\/a>\n\t\t\n<div class=\"wpcf7 no-js\" id=\"wpcf7-f2893-o1\" lang=\"fr-FR\" dir=\"ltr\" data-wpcf7-id=\"2893\">\n<div class=\"screen-reader-response\"><p role=\"status\" aria-live=\"polite\" aria-atomic=\"true\"><\/p> <ul><\/ul><\/div>\n<form action=\"\/fr\/wp-json\/wp\/v2\/pages\/2888#wpcf7-f2893-o1\" method=\"post\" class=\"wpcf7-form init\" aria-label=\"Formulaire de contact\" enctype=\"multipart\/form-data\" novalidate=\"novalidate\" data-status=\"init\">\n<fieldset class=\"hidden-fields-container\"><input type=\"hidden\" name=\"_wpcf7\" value=\"2893\" \/><input type=\"hidden\" name=\"_wpcf7_version\" value=\"6.1.5\" \/><input type=\"hidden\" name=\"_wpcf7_locale\" value=\"fr_FR\" \/><input type=\"hidden\" name=\"_wpcf7_unit_tag\" value=\"wpcf7-f2893-o1\" \/><input type=\"hidden\" name=\"_wpcf7_container_post\" value=\"0\" \/><input type=\"hidden\" name=\"_wpcf7_posted_data_hash\" value=\"\" \/><input type=\"hidden\" name=\"_wpcf7_recaptcha_response\" value=\"\" \/>\n<\/fieldset>\n<p><label> Votre nom<br \/>\n<span class=\"wpcf7-form-control-wrap\" data-name=\"your-name\"><input size=\"40\" maxlength=\"400\" class=\"wpcf7-form-control wpcf7-text wpcf7-validates-as-required\" aria-required=\"true\" aria-invalid=\"false\" value=\"\" type=\"text\" name=\"your-name\" \/><\/span> <\/label>\n<\/p>\n<p><label> Votre e-mail<br \/>\n<span class=\"wpcf7-form-control-wrap\" data-name=\"your-email\"><input size=\"40\" maxlength=\"400\" class=\"wpcf7-form-control wpcf7-email wpcf7-validates-as-required wpcf7-text wpcf7-validates-as-email\" aria-required=\"true\" aria-invalid=\"false\" value=\"\" type=\"email\" name=\"your-email\" \/><\/span> <\/label>\n<\/p>\n<p><label> Quantit\u00e9 minimale de commande<br \/>\n<span class=\"wpcf7-form-control-wrap\" data-name=\"menu-734\"><select class=\"wpcf7-form-control wpcf7-select wpcf7-validates-as-required\" aria-required=\"true\" aria-invalid=\"false\" name=\"menu-734\"><option value=\"\">&#8212;Veuillez choisir une option&#8212;<\/option><option value=\"300\">300<\/option><option value=\"500\">500<\/option><option value=\"1000\">1000<\/option><\/select><\/span> <\/label>\n<\/p>\n<p><label> Votre message<br \/>\n<span class=\"wpcf7-form-control-wrap\" data-name=\"your-message\"><textarea cols=\"40\" rows=\"10\" maxlength=\"2000\" class=\"wpcf7-form-control wpcf7-textarea wpcf7-validates-as-required\" aria-required=\"true\" aria-invalid=\"false\" name=\"your-message\"><\/textarea><\/span> <\/label>\n<\/p>\n<p><label> Votre dossier (facultatif)<br \/>\n<span class=\"wpcf7-form-control-wrap\" data-name=\"file-978\"><input size=\"40\" class=\"wpcf7-form-control wpcf7-file\" accept=\"audio\/*,video\/*,image\/*\" aria-invalid=\"false\" type=\"file\" name=\"file-978\" \/><\/span> <\/label>\n<\/p>\n<p><span class=\"wpcf7-form-control-wrap\" data-name=\"quiz-747\"><label><span class=\"wpcf7-quiz-label\">2+6=?<\/span> <input size=\"40\" class=\"wpcf7-form-control wpcf7-quiz\" autocomplete=\"off\" aria-required=\"true\" aria-invalid=\"false\" type=\"text\" name=\"quiz-747\" \/><\/label><input type=\"hidden\" name=\"_wpcf7_quiz_answer_quiz-747\" value=\"34fe0dce70d770da3a4b02c0e1fa88fe\" \/><\/span>\n<\/p>\n<p><input class=\"wpcf7-form-control wpcf7-submit has-spinner\" type=\"submit\" value=\"Soumettre\" \/>\n<\/p><div class=\"wpcf7-response-output\" aria-hidden=\"true\"><\/div>\n<\/form>\n<\/div>\n\t\n\t<h3>\n\t\t\t\tFigurines personnalis\u00e9es pour les jeux\n\t\t\t<\/h3>\n\t\t\t<p>Les figurines personnalis\u00e9es peuvent ajouter votre touche personnelle aux jeux et les rendre plus immersifs et attrayants pour les joueurs.<\/p>\t\n\t\t\t\t<img loading=\"lazy\" decoding=\"async\" src=\"https:\/\/www.hicreategames.com\/wp-content\/uploads\/2023\/02\/Figurines-Donjons-Dragons-Personnalisees.jpg\" alt=\"Figurines Donjons Dragons Personnalis\u00e9es\" itemprop=\"image\" height=\"426\" width=\"640\" title=\"Figurines Donjons Dragons Personnalis\u00e9es\" onerror=\"this.style.display='none'\"  \/>\n\t<h5>\n\t\t\t\tFigurines D&#038;D\n\t\t\t<\/h5>\n\t\t\t<p>Outre l&rsquo;impression, nous pouvons vous aider \u00e0 planifier vos conceptions figurines D&amp;D, telles que les mat\u00e9riaux, la taille, la palette de couleurs et la texture.<\/p>\t\n\t\t\t\t<img loading=\"lazy\" decoding=\"async\" src=\"https:\/\/www.hicreategames.com\/wp-content\/uploads\/2023\/02\/Figurines-Warhammer-40k-Personnalisees.jpg\" alt=\"Figurines Warhammer 40k Personnalis\u00e9es\" itemprop=\"image\" height=\"426\" width=\"640\" title=\"Figurines Warhammer 40k Personnalis\u00e9es\" onerror=\"this.style.display='none'\"  \/>\n\t<h5>\n\t\t\t\tWarhammer 40k\n\t\t\t<\/h5>\n\t\t\t<p>Il pourrait \u00eatre inspir\u00e9 par vos personnages et arm\u00e9es pr\u00e9f\u00e9r\u00e9s du jeu de table Warhammer 40k, ou vous pourriez cr\u00e9er votre propre concept.<\/p>\t\n\t\t\t\t<img loading=\"lazy\" decoding=\"async\" src=\"https:\/\/www.hicreategames.com\/wp-content\/uploads\/2023\/02\/Figurines-Star-Wars-Personnalisees.jpg\" alt=\"Figurines Warhammer 40k Personnalis\u00e9es\" itemprop=\"image\" height=\"426\" width=\"640\" title=\"Figurines Star Wars Personnalis\u00e9es\" onerror=\"this.style.display='none'\"  \/>\n\t<h5>\n\t\t\t\tStar Wars\n\t\t\t<\/h5>\n\t\t\t<p>Nous pouvons vous aider \u00e0 personnaliser les coiffures, les couleurs de peau des figurines Star Wars, etc. Menez vos troupes \u00e0 la victoire maintenant\u00a0!<\/p>\t\n\t<h3>\n\t\t\t\tProcessus de production de figurines en plastique\n\t\t\t<\/h3>\n\t<meta itemprop=\"url\" content=\"https:\/\/www.hicreategames.com\/wp-content\/uploads\/2022\/04\/Miniature-Procedure.mp4\" \/><div style=\"width: 640px;\" class=\"wp-video\"><video class=\"wp-video-shortcode\" id=\"video-2888-1\" width=\"640\" height=\"360\" preload=\"metadata\" controls=\"controls\"><source type=\"video\/mp4\" src=\"https:\/\/www.hicreategames.com\/wp-content\/uploads\/2022\/04\/Miniature-Procedure.mp4?_=1\" \/><source type=\"video\/mp4\" src=\"https:\/\/www.hicreategames.com\/wp-content\/uploads\/2022\/04\/Miniature-Procedure.mp4?_=1\" \/><a href=\"https:\/\/www.hicreategames.com\/wp-content\/uploads\/2022\/04\/Miniature-Procedure.mp4\">https:\/\/www.hicreategames.com\/wp-content\/uploads\/2022\/04\/Miniature-Procedure.mp4<\/a><\/video><\/div>\n\t<p>Proc\u00e9dure Figurines<\/p>\n\t<p>1. Si vous avez des illustrations 3D, nous ferons un \u00e9chantillon 3D en une semaine et vous l&rsquo;enverrons pour votre confirmation. Ensuite, nous ouvrirons les moules (dans un mois) et ferons un \u00e9chantillon de pr\u00e9-production (PPS) en 3 \u00e0 5 jours pour votre confirmation. Enfin, nous organiserons la production en s\u00e9rie et les colorerons.<\/p>\n<p>2. Si vous ne pouvez fournir que des photos, nous vous proposons 2 options :<\/p>\n<ul>\n<li>1. Nous allons dessiner des fichiers STL, ce qui est cher et bien;<\/li>\n<li>2. Prototype bon march\u00e9 et moins fin.<\/li>\n<\/ul>\n<p>Ensuite, nous r\u00e9aliserons un \u00e9chantillon 3D, ouvrirons des moules, r\u00e9aliserons un \u00e9chantillon de pr\u00e9-production, une production en s\u00e9rie et une coloration.<\/p>\n<p>3. Pour les \u00e9chantillons entrants, nous les copierons en cr\u00e9ant un \u00e9chantillon PU, les moules ouverts, en cr\u00e9ant un \u00e9chantillon de pr\u00e9-production, une production en s\u00e9rie et une coloration.<\/p>\n\t<h3>\n\t\t\t\tCombien co\u00fbtent les figurines personnalis\u00e9es\u00a0?\n\t\t\t<\/h3>\n\t<meta itemprop=\"url\" content=\"https:\/\/www.hicreategames.com\/wp-content\/uploads\/2022\/04\/Custom-Miniatures.mp4\" \/><div style=\"width: 640px;\" class=\"wp-video\"><video class=\"wp-video-shortcode\" id=\"video-2888-2\" width=\"640\" height=\"360\" preload=\"metadata\" controls=\"controls\"><source type=\"video\/mp4\" src=\"https:\/\/www.hicreategames.com\/wp-content\/uploads\/2022\/04\/Custom-Miniatures.mp4?_=2\" \/><source type=\"video\/mp4\" src=\"https:\/\/www.hicreategames.com\/wp-content\/uploads\/2022\/04\/Custom-Miniatures.mp4?_=2\" \/><a href=\"https:\/\/www.hicreategames.com\/wp-content\/uploads\/2022\/04\/Custom-Miniatures.mp4\">https:\/\/www.hicreategames.com\/wp-content\/uploads\/2022\/04\/Custom-Miniatures.mp4<\/a><\/video><\/div>\n\t<meta itemprop=\"url\" content=\"https:\/\/www.hicreategames.com\/wp-content\/uploads\/2022\/04\/Plastic-Miniature.mp4\" \/><div style=\"width: 640px;\" class=\"wp-video\"><video class=\"wp-video-shortcode\" id=\"video-2888-3\" width=\"640\" height=\"360\" preload=\"metadata\" controls=\"controls\"><source type=\"video\/mp4\" src=\"https:\/\/www.hicreategames.com\/wp-content\/uploads\/2022\/04\/Plastic-Miniature.mp4?_=3\" \/><source type=\"video\/mp4\" src=\"https:\/\/www.hicreategames.com\/wp-content\/uploads\/2022\/04\/Plastic-Miniature.mp4?_=3\" \/><a href=\"https:\/\/www.hicreategames.com\/wp-content\/uploads\/2022\/04\/Plastic-Miniature.mp4\">https:\/\/www.hicreategames.com\/wp-content\/uploads\/2022\/04\/Plastic-Miniature.mp4<\/a><\/video><\/div>\n\t<p>Le co\u00fbt des figurines en plastique personnalis\u00e9es se compose de deux parties : les frais de moule et le co\u00fbt du produit.<\/p>\n<p><strong>1. Frais de moisissure<\/strong><\/p>\n<p>Le co\u00fbt du moulage d\u00e9pend de la complexit\u00e9 de votre figurine. Nous devons donc confirmer le prix en fonction de votre \u0153uvre. Si n\u00e9cessaire, nous devons peaufiner votre illustration.<\/p>\n<ul>\n<li>Pour personnaliser une figurine plus complexe, nous devons diviser votre illustration pour refl\u00e9ter ses d\u00e9tails ; Ensuite, fabriquez un moule s\u00e9par\u00e9 pour chaque pi\u00e8ce ; Enfin, assemblez-les avec de la colle.<\/li>\n<li>Figurines avec une structure simple, il n&rsquo;est pas n\u00e9cessaire de diviser votre \u0153uvre.<\/li>\n<\/ul>\n<p><strong>2. Co\u00fbt du produit<\/strong><\/p>\n<p>Le prix du produit d\u00e9pend du mode d&rsquo;\u00e9jection de la figurines, qu&rsquo;il soit mono-cavit\u00e9 ou multi-cavit\u00e9.<\/p>\n<p>Ainsi, le devis exact est bas\u00e9 sur votre illustration, les exigences de format de fichier sont STL, OBJ et STP.<\/p>\n<p><strong>3. Frais d&rsquo;illustration de conception<\/strong><\/p>\n<p>Nous pouvons aider les clients \u00e0 dessiner des illustrations et facturer les frais correspondants en fonction du niveau de difficult\u00e9.<\/p>\n\t<h3>\n\t\t\t\tNos options de mat\u00e9riaux pour les \u00e9chantillons figurines 3D\n\t\t\t<\/h3>\n\t<meta itemprop=\"url\" content=\"https:\/\/www.hicreategames.com\/wp-content\/uploads\/2022\/04\/Miniature-Materials.mp4\" \/><div style=\"width: 640px;\" class=\"wp-video\"><video class=\"wp-video-shortcode\" id=\"video-2888-4\" width=\"640\" height=\"360\" preload=\"metadata\" controls=\"controls\"><source type=\"video\/mp4\" src=\"https:\/\/www.hicreategames.com\/wp-content\/uploads\/2022\/04\/Miniature-Materials.mp4?_=4\" \/><source type=\"video\/mp4\" src=\"https:\/\/www.hicreategames.com\/wp-content\/uploads\/2022\/04\/Miniature-Materials.mp4?_=4\" \/><a href=\"https:\/\/www.hicreategames.com\/wp-content\/uploads\/2022\/04\/Miniature-Materials.mp4\">https:\/\/www.hicreategames.com\/wp-content\/uploads\/2022\/04\/Miniature-Materials.mp4<\/a><\/video><\/div>\n\t<p>Diff\u00e9rent des figurines en m\u00e9tal, nous pouvons fournir des \u00e9chantillons 3D pour les figurines en plastique. Il existe deux types de mat\u00e9riaux parmi lesquels choisir pour fabriquer des \u00e9chantillons 3D.<\/p>\n<p><strong>1. Cire rouge<\/strong><\/p>\n<p>Avec une plus grande pr\u00e9cision, il peut refl\u00e9ter les d\u00e9tails et restaurer parfaitement l&rsquo;\u0153uvre d&rsquo;art. C&rsquo;est plus cher et a g\u00e9n\u00e9ralement \u00e9t\u00e9 utilis\u00e9 sur des figurines complexes.<\/p>\n<p><strong>2. Cire blanche<\/strong><\/p>\n<p>Il a une pr\u00e9cision inf\u00e9rieure et est g\u00e9n\u00e9ralement utilis\u00e9 sur des figurines aux conceptions simples.<\/p>\n<p><strong>3. PU<\/strong><\/p>\n<p>G\u00e9n\u00e9ralement, afin de mieux pr\u00e9senter les d\u00e9tails du manuscrit de conception, nous fournissons des \u00e9chantillons de cire rouge, mais la cire rouge est un mat\u00e9riau tr\u00e8s fragile et s&rsquo;endommage facilement pendant le transport, nous copions donc \u00e9galement un \u00e9chantillon de PU pour que vous le confirmiez.<\/p>\n<p><strong>4. PVC<\/strong><\/p>\n<p>Pour la production de masse finale, nous utiliserons du PVC.<\/p>\n<p>Comparativement parlant, les \u00e9chantillons de PU sont plus solides et moins facilement endommag\u00e9s pendant le transport ; mais ils sont encore relativement fragiles par rapport aux mat\u00e9riaux en PVC.<\/p>\n\t\t\t\t<img loading=\"lazy\" decoding=\"async\" src=\"https:\/\/www.hicreategames.com\/wp-content\/uploads\/2022\/04\/custom-miniatures.png\" alt=\"miniatures personnalis\u00e9es\" itemprop=\"image\" height=\"500\" width=\"500\" title=\"miniatures personnalis\u00e9es\" onerror=\"this.style.display='none'\"  \/>\n\t<h3>\n\t\t\t\tContactez-nous maintenant\n\t\t\t<\/h3>\n\t\n<div class=\"wpcf7 no-js\" id=\"wpcf7-f2893-o2\" lang=\"fr-FR\" dir=\"ltr\" data-wpcf7-id=\"2893\">\n<div class=\"screen-reader-response\"><p role=\"status\" aria-live=\"polite\" aria-atomic=\"true\"><\/p> <ul><\/ul><\/div>\n<form action=\"\/fr\/wp-json\/wp\/v2\/pages\/2888#wpcf7-f2893-o2\" method=\"post\" class=\"wpcf7-form init\" aria-label=\"Formulaire de contact\" enctype=\"multipart\/form-data\" novalidate=\"novalidate\" data-status=\"init\">\n<fieldset class=\"hidden-fields-container\"><input type=\"hidden\" name=\"_wpcf7\" value=\"2893\" \/><input type=\"hidden\" name=\"_wpcf7_version\" value=\"6.1.5\" \/><input type=\"hidden\" name=\"_wpcf7_locale\" value=\"fr_FR\" \/><input type=\"hidden\" name=\"_wpcf7_unit_tag\" value=\"wpcf7-f2893-o2\" \/><input type=\"hidden\" name=\"_wpcf7_container_post\" value=\"0\" \/><input type=\"hidden\" name=\"_wpcf7_posted_data_hash\" value=\"\" \/><input type=\"hidden\" name=\"_wpcf7_recaptcha_response\" value=\"\" \/>\n<\/fieldset>\n<p><label> Votre nom<br \/>\n<span class=\"wpcf7-form-control-wrap\" data-name=\"your-name\"><input size=\"40\" maxlength=\"400\" class=\"wpcf7-form-control wpcf7-text wpcf7-validates-as-required\" aria-required=\"true\" aria-invalid=\"false\" value=\"\" type=\"text\" name=\"your-name\" \/><\/span> <\/label>\n<\/p>\n<p><label> Votre e-mail<br \/>\n<span class=\"wpcf7-form-control-wrap\" data-name=\"your-email\"><input size=\"40\" maxlength=\"400\" class=\"wpcf7-form-control wpcf7-email wpcf7-validates-as-required wpcf7-text wpcf7-validates-as-email\" aria-required=\"true\" aria-invalid=\"false\" value=\"\" type=\"email\" name=\"your-email\" \/><\/span> <\/label>\n<\/p>\n<p><label> Quantit\u00e9 minimale de commande<br \/>\n<span class=\"wpcf7-form-control-wrap\" data-name=\"menu-734\"><select class=\"wpcf7-form-control wpcf7-select wpcf7-validates-as-required\" aria-required=\"true\" aria-invalid=\"false\" name=\"menu-734\"><option value=\"\">&#8212;Veuillez choisir une option&#8212;<\/option><option value=\"300\">300<\/option><option value=\"500\">500<\/option><option value=\"1000\">1000<\/option><\/select><\/span> <\/label>\n<\/p>\n<p><label> Votre message<br \/>\n<span class=\"wpcf7-form-control-wrap\" data-name=\"your-message\"><textarea cols=\"40\" rows=\"10\" maxlength=\"2000\" class=\"wpcf7-form-control wpcf7-textarea wpcf7-validates-as-required\" aria-required=\"true\" aria-invalid=\"false\" name=\"your-message\"><\/textarea><\/span> <\/label>\n<\/p>\n<p><label> Votre dossier (facultatif)<br \/>\n<span class=\"wpcf7-form-control-wrap\" data-name=\"file-978\"><input size=\"40\" class=\"wpcf7-form-control wpcf7-file\" accept=\"audio\/*,video\/*,image\/*\" aria-invalid=\"false\" type=\"file\" name=\"file-978\" \/><\/span> <\/label>\n<\/p>\n<p><span class=\"wpcf7-form-control-wrap\" data-name=\"quiz-747\"><label><span class=\"wpcf7-quiz-label\">2+6=?<\/span> <input size=\"40\" class=\"wpcf7-form-control wpcf7-quiz\" autocomplete=\"off\" aria-required=\"true\" aria-invalid=\"false\" type=\"text\" name=\"quiz-747\" \/><\/label><input type=\"hidden\" name=\"_wpcf7_quiz_answer_quiz-747\" value=\"34fe0dce70d770da3a4b02c0e1fa88fe\" \/><\/span>\n<\/p>\n<p><input class=\"wpcf7-form-control wpcf7-submit has-spinner\" type=\"submit\" value=\"Soumettre\" \/>\n<\/p><div class=\"wpcf7-response-output\" aria-hidden=\"true\"><\/div>\n<\/form>\n<\/div>\n\n\n","protected":false},"excerpt":{"rendered":"<p>Personnalisez et imprimez vos figurines Contactez-nous et partagez vos id\u00e9es Figurines personnalis\u00e9es pour les jeux Les figurines personnalis\u00e9es peuvent ajouter votre touche personnelle aux jeux et les rendre plus immersifs et attrayants pour les joueurs. Figurines D&#038;D Outre l&rsquo;impression, nous pouvons vous aider \u00e0 planifier vos conceptions figurines D&amp;D, telles [&hellip;]<\/p>\n","protected":false},"author":1,"featured_media":0,"parent":0,"menu_order":0,"comment_status":"closed","ping_status":"closed","template":"","meta":{"site-sidebar-layout":"no-sidebar","site-content-layout":"page-builder","ast-site-content-layout":"full-width-container","site-content-style":"unboxed","site-sidebar-style":"unboxed","ast-global-header-display":"","ast-banner-title-visibility":"","ast-main-header-display":"","ast-hfb-above-header-display":"","ast-hfb-below-header-display":"","ast-hfb-mobile-header-display":"","site-post-title":"disabled","ast-breadcrumbs-content":"","ast-featured-img":"disabled","footer-sml-layout":"","ast-disable-related-posts":"","theme-transparent-header-meta":"default","adv-header-id-meta":"","stick-header-meta":"default","header-above-stick-meta":"","header-main-stick-meta":"","header-below-stick-meta":"","astra-migrate-meta-layouts":"default","ast-page-background-enabled":"default","ast-page-background-meta":{"desktop":{"background-color":"","background-image":"","background-repeat":"repeat","background-position":"center center","background-size":"auto","background-attachment":"scroll","background-type":"","background-media":"","overlay-type":"","overlay-color":"","overlay-opacity":"","overlay-gradient":""},"tablet":{"background-color":"","background-image":"","background-repeat":"repeat","background-position":"center center","background-size":"auto","background-attachment":"scroll","background-type":"","background-media":"","overlay-type":"","overlay-color":"","overlay-opacity":"","overlay-gradient":""},"mobile":{"background-color":"","background-image":"","background-repeat":"repeat","background-position":"center center","background-size":"auto","background-attachment":"scroll","background-type":"","background-media":"","overlay-type":"","overlay-color":"","overlay-opacity":"","overlay-gradient":""}},"ast-content-background-meta":{"desktop":{"background-color":"var(--ast-global-color-5)","background-image":"","background-repeat":"repeat","background-position":"center center","background-size":"auto","background-attachment":"scroll","background-type":"","background-media":"","overlay-type":"","overlay-color":"","overlay-opacity":"","overlay-gradient":""},"tablet":{"background-color":"var(--ast-global-color-5)","background-image":"","background-repeat":"repeat","background-position":"center center","background-size":"auto","background-attachment":"scroll","background-type":"","background-media":"","overlay-type":"","overlay-color":"","overlay-opacity":"","overlay-gradient":""},"mobile":{"background-color":"var(--ast-global-color-5)","background-image":"","background-repeat":"repeat","background-position":"center center","background-size":"auto","background-attachment":"scroll","background-type":"","background-media":"","overlay-type":"","overlay-color":"","overlay-opacity":"","overlay-gradient":""}},"footnotes":""},"class_list":["post-2888","page","type-page","status-publish","hentry"],"_links":{"self":[{"href":"https:\/\/www.hicreategames.com\/fr\/wp-json\/wp\/v2\/pages\/2888","targetHints":{"allow":["GET"]}}],"collection":[{"href":"https:\/\/www.hicreategames.com\/fr\/wp-json\/wp\/v2\/pages"}],"about":[{"href":"https:\/\/www.hicreategames.com\/fr\/wp-json\/wp\/v2\/types\/page"}],"author":[{"embeddable":true,"href":"https:\/\/www.hicreategames.com\/fr\/wp-json\/wp\/v2\/users\/1"}],"replies":[{"embeddable":true,"href":"https:\/\/www.hicreategames.com\/fr\/wp-json\/wp\/v2\/comments?post=2888"}],"version-history":[{"count":1,"href":"https:\/\/www.hicreategames.com\/fr\/wp-json\/wp\/v2\/pages\/2888\/revisions"}],"predecessor-version":[{"id":17895,"href":"https:\/\/www.hicreategames.com\/fr\/wp-json\/wp\/v2\/pages\/2888\/revisions\/17895"}],"wp:attachment":[{"href":"https:\/\/www.hicreategames.com\/fr\/wp-json\/wp\/v2\/media?parent=2888"}],"curies":[{"name":"wp","href":"https:\/\/api.w.org\/{rel}","templated":true}]}}