{"id":2889,"date":"2017-07-11T08:54:31","date_gmt":"2017-07-11T08:54:31","guid":{"rendered":"https:\/\/www.hicreategames.com\/accueil\/"},"modified":"2025-08-25T07:33:35","modified_gmt":"2025-08-25T07:33:35","slug":"accueil","status":"publish","type":"page","link":"https:\/\/www.hicreategames.com\/fr\/","title":{"rendered":"Accueil"},"content":{"rendered":"\n\n\t\t\t\t<img decoding=\"async\" src=\"https:\/\/www.hicreategames.com\/wp-content\/uploads\/2021\/03\/home.png\" alt=\"home\" title=\"home\" itemprop=\"image\"\/>\n\t<h1>\n\t\t\t\tFabricant de Jeux de Table et de Pi\u00e8ces\n\t\t\t<\/h1>\n\t\t\t<p>Fourniture de services OEM et ODM<\/p>\t\n\t\t\t<a href=\"https:\/\/www.hicreategames.com\/fr\/projets\/\" title=\"Cliquez ici\" target=\"_self\"   role=\"button\" aria-label=\"Consultez nos projets\">\n\t\t\t\t\t\t\tConsultez nos projets\n\t\t<\/a>\n\t\t\t<a href=\"https:\/\/www.hicreategames.com\/fr\/nous-contacter\/\" title=\"Cliquez ici\" target=\"_self\"   role=\"button\" aria-label=\"Obtenez un devis maintenant\">\n\t\t\t\t\t\t\tObtenez un devis maintenant\n\t\t<\/a>\n\t<h3>\n\t\t\t\tBienvenue chez Hicreate Games\n\t\t\t<\/h3>\n\t\t\t<p>O\u00f9 nous transformons vos id\u00e9es de jeux en r\u00e9alit\u00e9.<\/p>\t\n\t<p>Jiangsu Hicreate Entertainment Co., Ltd. a \u00e9t\u00e9 fond\u00e9e en 2015. En tant que fabricant leader de jeux de soci\u00e9t\u00e9 et de cartes, nous sommes sp\u00e9cialis\u00e9s dans la recherche, le d\u00e9veloppement, la personnalisation, la fabrication et la vente de toutes sortes de jeux de soci\u00e9t\u00e9 et de cartes, ainsi que de composants de jeux connexes tels que des pions, des figurines et des d\u00e9s.<\/p>\n<p>Nous disposons de notre propre \u00e9quipe de conception et de service, qui peut servir les clients dans le monde entier. <\/p>\n<p>Nous vous invitons \u00e0 visiter notre entreprise et \u00e0 \u00e9tablir une relation commerciale avec nous.<\/p>\n\t\t<meta itemprop=\"url\" content=\"https:\/\/www.hicreategames.com\/wp-content\/uploads\/2022\/04\/Custom-Board-Games-Design-Partner-Company.mp4\" \/><div style=\"width: 640px;\" class=\"wp-video\"><video class=\"wp-video-shortcode\" id=\"video-2889-1\" width=\"640\" height=\"360\" poster=\"https:\/\/www.hicreategames.com\/wp-content\/uploads\/2025\/08\/Company-Introduction-Video.jpg\" preload=\"none\" controls=\"controls\"><source type=\"video\/mp4\" src=\"https:\/\/www.hicreategames.com\/wp-content\/uploads\/2022\/04\/Custom-Board-Games-Design-Partner-Company.mp4?_=1\" \/><source type=\"video\/mp4\" src=\"https:\/\/www.hicreategames.com\/wp-content\/uploads\/2022\/04\/Custom-Board-Games-Design-Partner-Company.mp4?_=1\" \/><a href=\"https:\/\/www.hicreategames.com\/wp-content\/uploads\/2022\/04\/Custom-Board-Games-Design-Partner-Company.mp4\">https:\/\/www.hicreategames.com\/wp-content\/uploads\/2022\/04\/Custom-Board-Games-Design-Partner-Company.mp4<\/a><\/video><\/div>\t\n\t\t\t<a href=\"https:\/\/www.hicreategames.com\/fr\/a-propos-de-nous\/\" title=\"Cliquez ici\" target=\"_self\"   role=\"button\" aria-label=\"En savoir plus sur nous\">\n\t\t\t\t\t\t\tEn savoir plus sur nous\n\t\t<\/a>\n\t\t\t\t<img decoding=\"async\" src=\"https:\/\/www.hicreategames.com\/wp-content\/uploads\/2023\/09\/Customer-Concentration-Countries-Regions.jpg\" alt=\"Customer Concentration CountriesRegions\" itemprop=\"image\" height=\"522\" width=\"909\" title=\"Concentration de la client\u00e8le Pays R\u00e9gions\" onerror=\"this.style.display='none'\" loading=\"lazy\" \/>\n\t<ul>\n\t\t<li>\t\t\t\t\n\t\t<p>15 \u00e9quipements avanc\u00e9s<\/p><\/li><li>\t\t\t\t\n\t\t<p>Entrep\u00f4t de 500 m\u00b3<\/p><\/li><li>\t\t\t\t\n\t\t<p>100+ pays export\u00e9s<\/p><\/li><li>\t\t\t\t\n\t\t<p>Coop\u00e9ration avec plus de 100 concepteurs de jeux par an<\/p><\/li><li>\t\t\t\t\n\t\t<p>Plus de 15 ans d&rsquo;exp\u00e9rience dans les jeux de soci\u00e9t\u00e9 personnalis\u00e9s<\/p><\/li>\t<\/ul>\n\t<h2>\n\t\t\t\tNos services\n\t\t\t<\/h2>\n\t\t\t<p>Outre la production de jeux de soci\u00e9t\u00e9 et de composants, notre \u00e9quipe fournit \u00e9galement des services complets, de la conception \u00e0 la fabrication en s\u00e9rie.<\/p>\t\n\t\t\t\t<img decoding=\"async\" src=\"https:\/\/www.hicreategames.com\/wp-content\/uploads\/2023\/09\/board-game-service.jpg\" alt=\"Service de jeux de soci\u00e9t\u00e9\" itemprop=\"image\" height=\"453\" width=\"800\" title=\"Service de jeux de soci\u00e9t\u00e9\" onerror=\"this.style.display='none'\" loading=\"lazy\" \/>\n\t<p>En suivant les \u00e9tapes ci-dessous, vous constaterez que travailler avec Hicreate Games est tr\u00e8s agr\u00e9able.<\/p>\n<ol>\n<li>Conseil &amp; Devis<\/li>\n<li>V\u00e9rification de la conception<\/li>\n<li>Prototypage<\/li>\n<li>V\u00e9rification des \u00e9chantillons<\/li>\n<li>Production de masse<\/li>\n<li>Assemblage<\/li>\n<li>Emballage et exp\u00e9dition<\/li>\n<\/ol>\n\t\t\t<a href=\"https:\/\/www.hicreategames.com\/fr\/nous-contacter\/\" title=\"Cliquez ici\" target=\"_self\"   role=\"button\" aria-label=\"Contactez-nous maintenant\">\n\t\t\t\t\t\t\tContactez-nous maintenant\n\t\t<\/a>\n\t<h2>\n\t\t\t\tNos projets\n\t\t\t<\/h2>\n\t\t\t<p>Nous faisons de notre mieux pour r\u00e9pondre aux exigences de nos clients, de la conception \u00e0 la fabrication et \u00e0 l&rsquo;impression.<\/p>\t\n\t\t\t\t<img decoding=\"async\" src=\"https:\/\/www.hicreategames.com\/wp-content\/uploads\/2023\/09\/Board-Game-Icon.png\" alt=\"Board Game Icon\" title=\"Board Game Icon\" itemprop=\"image\"\/>\n\t<h5>\n\t\t\t\t<a href=\"https:\/\/www.hicreategames.com\/fr\/jeu-de-societe-personnalise\/\" title=\"Jeux de Soci\u00e9t\u00e9 -&gt;\" target=\"_self\"  aria-label=\"Aller \u00e0 https:\/\/www.hicreategames.com\/fr\/jeu-de-societe-personnalise\/\">\n\t\t\t\tJeux de Soci\u00e9t\u00e9 -&gt;\n\t\t\t\t<\/a>\n\t\t\t<\/h5>\n\t\t\t<p>Qu&rsquo;il s&rsquo;agisse de cr\u00e9er des m\u00e9canismes de jeu complexes, de concevoir des illustrations captivantes ou de garantir une qualit\u00e9 irr\u00e9prochable, nous sommes l\u00e0 pour r\u00e9aliser vos r\u00eaves en mati\u00e8re de jeux de soci\u00e9t\u00e9.<\/p>\t\n\t\t\t\t<img decoding=\"async\" src=\"https:\/\/www.hicreategames.com\/wp-content\/uploads\/2022\/04\/Leksand-Board-Game.jpg\" alt=\"Leksand Board Game\" title=\"Leksand Board Game\" itemprop=\"image\"\/>\n\t\t<h5>\n\t\t\tLeksandspelet\t<\/h5>\n\t\t\t\t<img decoding=\"async\" src=\"https:\/\/www.hicreategames.com\/wp-content\/uploads\/2022\/04\/Game-of-Homes.jpg\" alt=\"Game of Homes Board Game\" title=\"Game of Homes Board Game\" itemprop=\"image\"\/>\n\t\t<h5>\n\t\t\tGame of Homes\t<\/h5>\n\t\t\t\t<img decoding=\"async\" src=\"https:\/\/www.hicreategames.com\/wp-content\/uploads\/2022\/04\/Holland-America-Line-GrandVenture.jpg\" alt=\"Holland America Line GrandVenture Board Game\" title=\"Holland America Line GrandVenture Board Game\" itemprop=\"image\"\/>\n\t\t<h5>\n\t\t\tGrandVenture\t<\/h5>\n\t\t\t\t<img decoding=\"async\" src=\"https:\/\/www.hicreategames.com\/wp-content\/uploads\/2023\/09\/Card-Game-Icon.png\" alt=\"Card Game Icon\" title=\"Card Game Icon\" itemprop=\"image\"\/>\n\t<h5>\n\t\t\t\t<a href=\"https:\/\/www.hicreategames.com\/fr\/jeu-de-cartes-personnalise\/\" title=\"Jeux de Cartes -&gt;\" target=\"_self\"  aria-label=\"Aller \u00e0 https:\/\/www.hicreategames.com\/fr\/jeu-de-cartes-personnalise\/\">\n\t\t\t\tJeux de Cartes -&gt;\n\t\t\t\t<\/a>\n\t\t\t<\/h5>\n\t\t\t<p>De la fabrication de cartes durables et de haute qualit\u00e9 \u00e0 la conception d&rsquo;illustrations captivantes, en passant par l&rsquo;impression et l&#8217;emballage de pr\u00e9cision, nous veillons \u00e0 ce que chaque d\u00e9tail corresponde \u00e0 votre vision.<\/p>\t\n\t\t\t\t<img decoding=\"async\" src=\"https:\/\/www.hicreategames.com\/wp-content\/uploads\/2022\/04\/Penguin-Brawl.jpg\" alt=\"Penguin Brawl Action Card Game\" title=\"Penguin Brawl Action Card Game\" itemprop=\"image\"\/>\n\t\t<h5>\n\t\t\td&rsquo;action Penguin Brawl\t<\/h5>\n\t\t\t\t<img decoding=\"async\" src=\"https:\/\/www.hicreategames.com\/wp-content\/uploads\/2022\/04\/Original-Tarot-Cards-Deck.jpg\" alt=\"Original Tarot Cards Deck\" title=\"Original Tarot Cards Deck\" itemprop=\"image\"\/>\n\t\t<h5>\n\t\t\tTarot\t<\/h5>\n\t\t\t\t<img decoding=\"async\" src=\"https:\/\/www.hicreategames.com\/wp-content\/uploads\/2023\/09\/Buzz-Card-Game.jpg\" alt=\"Buzz Card Game\" title=\"Buzz Card Game\" itemprop=\"image\"\/>\n\t\t<h5>\n\t\t\tBuzz\t<\/h5>\n\t\t\t\t<img decoding=\"async\" src=\"https:\/\/www.hicreategames.com\/wp-content\/uploads\/2023\/09\/Game-Component-Icon.png\" alt=\"Game Component Icon\" title=\"Game Component Icon\" itemprop=\"image\"\/>\n\t<h5>\n\t\t\t\tComposants de Jeux\n\t\t\t<\/h5>\n\t\t\t<p>Nous sommes sp\u00e9cialis\u00e9s dans la fabrication de composants de jeux r\u00e9pondant aux normes les plus \u00e9lev\u00e9es en mati\u00e8re de qualit\u00e9, de durabilit\u00e9 et d&rsquo;esth\u00e9tique, qui \u00e9l\u00e8veront votre jeu vers de nouveaux sommets.<\/p>\t\n\t\t\t\t<img decoding=\"async\" src=\"https:\/\/www.hicreategames.com\/wp-content\/uploads\/2023\/09\/Plastic-Miniatures.jpg\" alt=\"Plastic Miniatures\" title=\"Plastic Miniatures\" itemprop=\"image\"\/>\n\t\t<h5>\n\t\t<a href=\"https:\/\/www.hicreategames.com\/fr\/miniatures-personnalisees\/\" title=\"Miniatures -&gt;\"  target=\"_self\">\n\t\t\tMiniatures -&gt;\t\t<\/a>\n\t<\/h5>\n\t\t\t\t<img decoding=\"async\" src=\"https:\/\/www.hicreategames.com\/wp-content\/uploads\/2023\/09\/Wooden-Meeples.jpg\" alt=\"Wooden Meeples\" title=\"Wooden Meeples\" itemprop=\"image\"\/>\n\t\t<h5>\n\t\t<a href=\"https:\/\/www.hicreategames.com\/custom-meeples\/\" title=\"Meeples - &gt;\"  target=\"_self\">\n\t\t\tMeeples &#8211; &gt;\t\t<\/a>\n\t<\/h5>\n\t\t\t\t<img decoding=\"async\" src=\"https:\/\/www.hicreategames.com\/wp-content\/uploads\/2023\/09\/Dice.jpg\" alt=\"Plastic Dice\" title=\"Plastic Dice\" itemprop=\"image\"\/>\n\t\t<h5>\n\t\t<a href=\"https:\/\/www.hicreategames.com\/fr\/des-personnalises\/\" title=\"D\u00e9s - &gt;\"  target=\"_self\">\n\t\t\tD\u00e9s &#8211; &gt;\t\t<\/a>\n\t<\/h5>\n<h4>\n\t\t\tVous avez une bonne id\u00e9e de jeu ?\t<\/h4>\n\t\t\t<a href=\"https:\/\/www.hicreategames.com\/fr\/nous-contacter\/\" target=\"_self\">\n\t\t\t\t\t\tTransformez-le en r\u00e9alit\u00e9 maintenant\n\t\t\t\t\t<\/a>\n\t<h2>\n\t\t\t\tGalerie photos et vid\u00e9os\n\t\t\t<\/h2>\n\t\t\t\t<img decoding=\"async\" src=\"https:\/\/www.hicreategames.com\/wp-content\/uploads\/2022\/04\/company.jpg\" alt=\"Hicreate entreprise\" itemprop=\"image\" height=\"400\" width=\"708\" title=\"Hicreate entreprise\" onerror=\"this.style.display='none'\" loading=\"lazy\" \/>\n\t\t\t\t<img decoding=\"async\" src=\"https:\/\/www.hicreategames.com\/wp-content\/uploads\/2022\/04\/office.jpg\" alt=\"Hicreate Bureau\" itemprop=\"image\" height=\"398\" width=\"708\" title=\"Hicreate Bureau\" onerror=\"this.style.display='none'\" loading=\"lazy\" \/>\n\t\t<iframe loading=\"lazy\" width=\"560\" height=\"315\" src=\"https:\/\/www.youtube.com\/embed\/te7dcPvWyEg\" title=\"YouTube video player\" frameborder=\"0\" allow=\"accelerometer; autoplay; clipboard-write; encrypted-media; gyroscope; picture-in-picture\" allowfullscreen><\/iframe>\t\n\t\t<iframe loading=\"lazy\" width=\"560\" height=\"315\" src=\"https:\/\/www.youtube.com\/embed\/9Pi4wGsqZVA\" title=\"YouTube video player\" frameborder=\"0\" allow=\"accelerometer; autoplay; clipboard-write; encrypted-media; gyroscope; picture-in-picture\" allowfullscreen><\/iframe>\t\n\t\t<iframe loading=\"lazy\" width=\"560\" height=\"315\" src=\"https:\/\/www.youtube.com\/embed\/OnjXwID_HDM\" title=\"YouTube video player\" frameborder=\"0\" allow=\"accelerometer; autoplay; clipboard-write; encrypted-media; gyroscope; picture-in-picture\" allowfullscreen><\/iframe>\t\n\n","protected":false},"excerpt":{"rendered":"<p>Fabricant de Jeux de Table et de Pi\u00e8ces Fourniture de services OEM et ODM Consultez nos projets Obtenez un devis maintenant Bienvenue chez Hicreate Games O\u00f9 nous transformons vos id\u00e9es de jeux en r\u00e9alit\u00e9. Jiangsu Hicreate Entertainment Co., Ltd. a \u00e9t\u00e9 fond\u00e9e en 2015. En tant que fabricant leader de [&hellip;]<\/p>\n","protected":false},"author":1,"featured_media":0,"parent":0,"menu_order":0,"comment_status":"closed","ping_status":"open","template":"","meta":{"site-sidebar-layout":"no-sidebar","site-content-layout":"page-builder","ast-site-content-layout":"default","site-content-style":"default","site-sidebar-style":"default","ast-global-header-display":"","ast-banner-title-visibility":"","ast-main-header-display":"","ast-hfb-above-header-display":"","ast-hfb-below-header-display":"","ast-hfb-mobile-header-display":"","site-post-title":"disabled","ast-breadcrumbs-content":"","ast-featured-img":"disabled","footer-sml-layout":"","ast-disable-related-posts":"","theme-transparent-header-meta":"default","adv-header-id-meta":"","stick-header-meta":"default","header-above-stick-meta":"","header-main-stick-meta":"","header-below-stick-meta":"","astra-migrate-meta-layouts":"default","ast-page-background-enabled":"default","ast-page-background-meta":{"desktop":{"background-color":"","background-image":"","background-repeat":"repeat","background-position":"center center","background-size":"auto","background-attachment":"scroll","background-type":"","background-media":"","overlay-type":"","overlay-color":"","overlay-opacity":"","overlay-gradient":""},"tablet":{"background-color":"","background-image":"","background-repeat":"repeat","background-position":"center center","background-size":"auto","background-attachment":"scroll","background-type":"","background-media":"","overlay-type":"","overlay-color":"","overlay-opacity":"","overlay-gradient":""},"mobile":{"background-color":"","background-image":"","background-repeat":"repeat","background-position":"center center","background-size":"auto","background-attachment":"scroll","background-type":"","background-media":"","overlay-type":"","overlay-color":"","overlay-opacity":"","overlay-gradient":""}},"ast-content-background-meta":{"desktop":{"background-color":"var(--ast-global-color-5)","background-image":"","background-repeat":"repeat","background-position":"center center","background-size":"auto","background-attachment":"scroll","background-type":"","background-media":"","overlay-type":"","overlay-color":"","overlay-opacity":"","overlay-gradient":""},"tablet":{"background-color":"var(--ast-global-color-5)","background-image":"","background-repeat":"repeat","background-position":"center center","background-size":"auto","background-attachment":"scroll","background-type":"","background-media":"","overlay-type":"","overlay-color":"","overlay-opacity":"","overlay-gradient":""},"mobile":{"background-color":"var(--ast-global-color-5)","background-image":"","background-repeat":"repeat","background-position":"center center","background-size":"auto","background-attachment":"scroll","background-type":"","background-media":"","overlay-type":"","overlay-color":"","overlay-opacity":"","overlay-gradient":""}},"footnotes":""},"class_list":["post-2889","page","type-page","status-publish","hentry"],"_links":{"self":[{"href":"https:\/\/www.hicreategames.com\/fr\/wp-json\/wp\/v2\/pages\/2889","targetHints":{"allow":["GET"]}}],"collection":[{"href":"https:\/\/www.hicreategames.com\/fr\/wp-json\/wp\/v2\/pages"}],"about":[{"href":"https:\/\/www.hicreategames.com\/fr\/wp-json\/wp\/v2\/types\/page"}],"author":[{"embeddable":true,"href":"https:\/\/www.hicreategames.com\/fr\/wp-json\/wp\/v2\/users\/1"}],"replies":[{"embeddable":true,"href":"https:\/\/www.hicreategames.com\/fr\/wp-json\/wp\/v2\/comments?post=2889"}],"version-history":[{"count":2,"href":"https:\/\/www.hicreategames.com\/fr\/wp-json\/wp\/v2\/pages\/2889\/revisions"}],"predecessor-version":[{"id":24439,"href":"https:\/\/www.hicreategames.com\/fr\/wp-json\/wp\/v2\/pages\/2889\/revisions\/24439"}],"wp:attachment":[{"href":"https:\/\/www.hicreategames.com\/fr\/wp-json\/wp\/v2\/media?parent=2889"}],"curies":[{"name":"wp","href":"https:\/\/api.w.org\/{rel}","templated":true}]}}