{"id":2890,"date":"2022-04-19T07:05:40","date_gmt":"2022-04-19T07:05:40","guid":{"rendered":"https:\/\/www.hicreategames.com\/autres-composants-du-jeu\/"},"modified":"2025-08-26T15:26:10","modified_gmt":"2025-08-26T15:26:10","slug":"autres-composants-du-jeu","status":"publish","type":"page","link":"https:\/\/www.hicreategames.com\/fr\/autres-composants-du-jeu\/","title":{"rendered":"Autres composants du jeu"},"content":{"rendered":"\r\n<h3>Composants de jeu personnalis\u00e9s<\/h3>\r\n<p><img loading=\"lazy\" decoding=\"async\" title=\"Paquet d'argent\" src=\"https:\/\/www.hicreategames.com\/wp-content\/uploads\/2022\/04\/Money-Pack.png\" alt=\"Paquet d'argent\" width=\"618\" height=\"404\" \/><\/p>\r\n<h3>De l&rsquo;argent<\/h3>\r\n<p><strong>Mat\u00e9riel disponible :<\/strong><\/p>\r\n<ul>\r\n<li>Papier sans bois de 80 g\/m\u00b2 (grammes par m\u00e8tre carr\u00e9)<\/li>\r\n<li>Papier sans bois 100 g\/m\u00b2<\/li>\r\n<\/ul>\r\n<p><strong>Taille disponible :<\/strong><\/p>\r\n<ul>\r\n<li>100*52mm<\/li>\r\n<li>jusqu&rsquo;\u00e0 vos propres exigences<\/li>\r\n<\/ul>\r\n<h3>Sablier<\/h3>\r\n<ul>\r\n<li><strong>Mat\u00e9riel<\/strong>: PP + Verre<\/li>\r\n<li><strong>Dimension<\/strong>: 8,5 * 2,5 cm<\/li>\r\n<li><strong>N.W.<\/strong> : 0,013 kg<\/li>\r\n<li><strong>Couleur<\/strong>: Color\u00e9<\/li>\r\n<li><strong>Dur\u00e9e<\/strong>: 30 secondes\/1 minute\/2 minutes\/3 minutes\/5 minutes\/10 minutes<\/li>\r\n<\/ul>\r\n<p>Accepter OEM ou par notre conception<\/p>\r\n<p><img loading=\"lazy\" decoding=\"async\" title=\"Sablier\" src=\"https:\/\/www.hicreategames.com\/wp-content\/uploads\/2022\/04\/Sand-Timer.png\" alt=\"Sablier\" width=\"500\" height=\"500\" \/> <img loading=\"lazy\" decoding=\"async\" title=\"Marqueur\" src=\"https:\/\/www.hicreategames.com\/wp-content\/uploads\/2022\/04\/Marker-Pen.jpg\" alt=\"Marqueur\" width=\"500\" height=\"500\" \/><\/p>\r\n<h3>Marqueur<\/h3>\r\n<ul>\r\n<li><strong>Mat\u00e9riel<\/strong>: plastique + encre<\/li>\r\n<li>\u00c9cologique<\/li>\r\n<li>Acceptez l&rsquo;OEM ou achetez notre conception<\/li>\r\n<\/ul>\r\n<h3>Fileuse<\/h3>\r\n<p><img loading=\"lazy\" decoding=\"async\" title=\"Fileuse\" src=\"https:\/\/www.hicreategames.com\/wp-content\/uploads\/2022\/04\/Spinner.png\" alt=\"Fileuse\" width=\"620\" height=\"402\" \/><\/p>\r\n<h3>Plateau E-Flute<\/h3>\r\n<p><img loading=\"lazy\" decoding=\"async\" title=\"Plateau E-Flute\" src=\"https:\/\/www.hicreategames.com\/wp-content\/uploads\/2022\/04\/E-Flute-Tray.png\" alt=\"Plateau E-Flute\" width=\"500\" height=\"500\" \/><\/p>\r\n<h3>Plateau en plastique<\/h3>\r\n<p><img loading=\"lazy\" decoding=\"async\" title=\"Plateau en plastique\" src=\"https:\/\/www.hicreategames.com\/wp-content\/uploads\/2022\/04\/Plastic-Tray.png\" alt=\"Plateau en plastique\" width=\"500\" height=\"500\" \/> <img loading=\"lazy\" decoding=\"async\" title=\"Composants de jeu de soci\u00e9t\u00e9\" src=\"https:\/\/www.hicreategames.com\/wp-content\/uploads\/2022\/04\/Board-Game-Components.png\" alt=\"Composants de jeu de soci\u00e9t\u00e9\" width=\"500\" height=\"500\" \/><\/p>\r\n<h3>Contactez-nous maintenant<\/h3>\r\n\n<div class=\"wpcf7 no-js\" id=\"wpcf7-f2893-o1\" lang=\"fr-FR\" dir=\"ltr\" data-wpcf7-id=\"2893\">\n<div class=\"screen-reader-response\"><p role=\"status\" aria-live=\"polite\" aria-atomic=\"true\"><\/p> <ul><\/ul><\/div>\n<form action=\"\/fr\/wp-json\/wp\/v2\/pages\/2890#wpcf7-f2893-o1\" method=\"post\" class=\"wpcf7-form init\" aria-label=\"Formulaire de contact\" enctype=\"multipart\/form-data\" novalidate=\"novalidate\" data-status=\"init\">\n<fieldset class=\"hidden-fields-container\"><input type=\"hidden\" name=\"_wpcf7\" value=\"2893\" \/><input type=\"hidden\" name=\"_wpcf7_version\" value=\"6.1.5\" \/><input type=\"hidden\" name=\"_wpcf7_locale\" value=\"fr_FR\" \/><input type=\"hidden\" name=\"_wpcf7_unit_tag\" value=\"wpcf7-f2893-o1\" \/><input type=\"hidden\" name=\"_wpcf7_container_post\" value=\"0\" \/><input type=\"hidden\" name=\"_wpcf7_posted_data_hash\" value=\"\" \/><input type=\"hidden\" name=\"_wpcf7_recaptcha_response\" value=\"\" \/>\n<\/fieldset>\n<p><label> Votre nom<br \/>\n<span class=\"wpcf7-form-control-wrap\" data-name=\"your-name\"><input size=\"40\" maxlength=\"400\" class=\"wpcf7-form-control wpcf7-text wpcf7-validates-as-required\" aria-required=\"true\" aria-invalid=\"false\" value=\"\" type=\"text\" name=\"your-name\" \/><\/span> <\/label>\n<\/p>\n<p><label> Votre e-mail<br \/>\n<span class=\"wpcf7-form-control-wrap\" data-name=\"your-email\"><input size=\"40\" maxlength=\"400\" class=\"wpcf7-form-control wpcf7-email wpcf7-validates-as-required wpcf7-text wpcf7-validates-as-email\" aria-required=\"true\" aria-invalid=\"false\" value=\"\" type=\"email\" name=\"your-email\" \/><\/span> <\/label>\n<\/p>\n<p><label> Quantit\u00e9 minimale de commande<br \/>\n<span class=\"wpcf7-form-control-wrap\" data-name=\"menu-734\"><select class=\"wpcf7-form-control wpcf7-select wpcf7-validates-as-required\" aria-required=\"true\" aria-invalid=\"false\" name=\"menu-734\"><option value=\"\">&#8212;Veuillez choisir une option&#8212;<\/option><option value=\"300\">300<\/option><option value=\"500\">500<\/option><option value=\"1000\">1000<\/option><\/select><\/span> <\/label>\n<\/p>\n<p><label> Votre message<br \/>\n<span class=\"wpcf7-form-control-wrap\" data-name=\"your-message\"><textarea cols=\"40\" rows=\"10\" maxlength=\"2000\" class=\"wpcf7-form-control wpcf7-textarea wpcf7-validates-as-required\" aria-required=\"true\" aria-invalid=\"false\" name=\"your-message\"><\/textarea><\/span> <\/label>\n<\/p>\n<p><label> Votre dossier (facultatif)<br \/>\n<span class=\"wpcf7-form-control-wrap\" data-name=\"file-978\"><input size=\"40\" class=\"wpcf7-form-control wpcf7-file\" accept=\"audio\/*,video\/*,image\/*\" aria-invalid=\"false\" type=\"file\" name=\"file-978\" \/><\/span> <\/label>\n<\/p>\n<p><span class=\"wpcf7-form-control-wrap\" data-name=\"quiz-747\"><label><span class=\"wpcf7-quiz-label\">2+6=?<\/span> <input size=\"40\" class=\"wpcf7-form-control wpcf7-quiz\" autocomplete=\"off\" aria-required=\"true\" aria-invalid=\"false\" type=\"text\" name=\"quiz-747\" \/><\/label><input type=\"hidden\" name=\"_wpcf7_quiz_answer_quiz-747\" value=\"34fe0dce70d770da3a4b02c0e1fa88fe\" \/><\/span>\n<\/p>\n<p><input class=\"wpcf7-form-control wpcf7-submit has-spinner\" type=\"submit\" value=\"Soumettre\" \/>\n<\/p><div class=\"wpcf7-response-output\" aria-hidden=\"true\"><\/div>\n<\/form>\n<\/div>\n\r\n","protected":false},"excerpt":{"rendered":"<p>Composants de jeu personnalis\u00e9s De l&rsquo;argent Mat\u00e9riel disponible : Papier sans bois de 80 g\/m\u00b2 (grammes par m\u00e8tre carr\u00e9) Papier sans bois 100 g\/m\u00b2 Taille disponible : 100*52mm jusqu&rsquo;\u00e0 vos propres exigences Sablier Mat\u00e9riel: PP + Verre Dimension: 8,5 * 2,5 cm N.W. : 0,013 kg Couleur: Color\u00e9 Dur\u00e9e: 30 [&hellip;]<\/p>\n","protected":false},"author":1,"featured_media":0,"parent":0,"menu_order":0,"comment_status":"closed","ping_status":"closed","template":"","meta":{"site-sidebar-layout":"no-sidebar","site-content-layout":"page-builder","ast-site-content-layout":"default","site-content-style":"default","site-sidebar-style":"default","ast-global-header-display":"","ast-banner-title-visibility":"","ast-main-header-display":"","ast-hfb-above-header-display":"","ast-hfb-below-header-display":"","ast-hfb-mobile-header-display":"","site-post-title":"disabled","ast-breadcrumbs-content":"","ast-featured-img":"disabled","footer-sml-layout":"","ast-disable-related-posts":"","theme-transparent-header-meta":"default","adv-header-id-meta":"","stick-header-meta":"default","header-above-stick-meta":"","header-main-stick-meta":"","header-below-stick-meta":"","astra-migrate-meta-layouts":"default","ast-page-background-enabled":"default","ast-page-background-meta":{"desktop":{"background-color":"","background-image":"","background-repeat":"repeat","background-position":"center center","background-size":"auto","background-attachment":"scroll","background-type":"","background-media":"","overlay-type":"","overlay-color":"","overlay-opacity":"","overlay-gradient":""},"tablet":{"background-color":"","background-image":"","background-repeat":"repeat","background-position":"center center","background-size":"auto","background-attachment":"scroll","background-type":"","background-media":"","overlay-type":"","overlay-color":"","overlay-opacity":"","overlay-gradient":""},"mobile":{"background-color":"","background-image":"","background-repeat":"repeat","background-position":"center center","background-size":"auto","background-attachment":"scroll","background-type":"","background-media":"","overlay-type":"","overlay-color":"","overlay-opacity":"","overlay-gradient":""}},"ast-content-background-meta":{"desktop":{"background-color":"var(--ast-global-color-5)","background-image":"","background-repeat":"repeat","background-position":"center center","background-size":"auto","background-attachment":"scroll","background-type":"","background-media":"","overlay-type":"","overlay-color":"","overlay-opacity":"","overlay-gradient":""},"tablet":{"background-color":"var(--ast-global-color-5)","background-image":"","background-repeat":"repeat","background-position":"center center","background-size":"auto","background-attachment":"scroll","background-type":"","background-media":"","overlay-type":"","overlay-color":"","overlay-opacity":"","overlay-gradient":""},"mobile":{"background-color":"var(--ast-global-color-5)","background-image":"","background-repeat":"repeat","background-position":"center center","background-size":"auto","background-attachment":"scroll","background-type":"","background-media":"","overlay-type":"","overlay-color":"","overlay-opacity":"","overlay-gradient":""}},"footnotes":""},"class_list":["post-2890","page","type-page","status-publish","hentry"],"_links":{"self":[{"href":"https:\/\/www.hicreategames.com\/fr\/wp-json\/wp\/v2\/pages\/2890","targetHints":{"allow":["GET"]}}],"collection":[{"href":"https:\/\/www.hicreategames.com\/fr\/wp-json\/wp\/v2\/pages"}],"about":[{"href":"https:\/\/www.hicreategames.com\/fr\/wp-json\/wp\/v2\/types\/page"}],"author":[{"embeddable":true,"href":"https:\/\/www.hicreategames.com\/fr\/wp-json\/wp\/v2\/users\/1"}],"replies":[{"embeddable":true,"href":"https:\/\/www.hicreategames.com\/fr\/wp-json\/wp\/v2\/comments?post=2890"}],"version-history":[{"count":1,"href":"https:\/\/www.hicreategames.com\/fr\/wp-json\/wp\/v2\/pages\/2890\/revisions"}],"predecessor-version":[{"id":25090,"href":"https:\/\/www.hicreategames.com\/fr\/wp-json\/wp\/v2\/pages\/2890\/revisions\/25090"}],"wp:attachment":[{"href":"https:\/\/www.hicreategames.com\/fr\/wp-json\/wp\/v2\/media?parent=2890"}],"curies":[{"name":"wp","href":"https:\/\/api.w.org\/{rel}","templated":true}]}}