{"id":3836,"date":"2022-04-07T08:25:29","date_gmt":"2022-04-07T08:25:29","guid":{"rendered":"https:\/\/www.hicreategames.com\/dadi-personalizzati\/"},"modified":"2025-08-27T09:30:35","modified_gmt":"2025-08-27T09:30:35","slug":"dadi-personalizzati","status":"publish","type":"page","link":"https:\/\/www.hicreategames.com\/it\/dadi-personalizzati\/","title":{"rendered":"Dadi Personalizzati"},"content":{"rendered":"\n<h3>\n\t\t\tDadi Personalizzati\t<\/h3>\n\t<p>I dadi personalizzati consentono ai creatori di portare sul tavolo storie, estetica e branding unici.<\/p>\n<p>Possiamo personalizzare ogni aspetto dei vostri dadi: aspetto, materiale, dimensioni, forma, numeri\/simboli, finitura e confezione.<\/p>\n\t\t\t<a href=\"#\" role=\"button\">\n\t\t\t\t\t\t\tRichiedi un Preventivo\n\t\t\t\t\t<\/a>\n\t\t\t\n<div class=\"wpcf7 no-js\" id=\"wpcf7-f3829-o1\" lang=\"it-IT\" dir=\"ltr\" data-wpcf7-id=\"3829\">\n<div class=\"screen-reader-response\"><p role=\"status\" aria-live=\"polite\" aria-atomic=\"true\"><\/p> <ul><\/ul><\/div>\n<form action=\"\/it\/wp-json\/wp\/v2\/pages\/3836#wpcf7-f3829-o1\" method=\"post\" class=\"wpcf7-form init\" aria-label=\"Modulo di contatto\" enctype=\"multipart\/form-data\" novalidate=\"novalidate\" data-status=\"init\">\n<fieldset class=\"hidden-fields-container\"><input type=\"hidden\" name=\"_wpcf7\" value=\"3829\" \/><input type=\"hidden\" name=\"_wpcf7_version\" value=\"6.1.5\" \/><input type=\"hidden\" name=\"_wpcf7_locale\" value=\"it_IT\" \/><input type=\"hidden\" name=\"_wpcf7_unit_tag\" value=\"wpcf7-f3829-o1\" \/><input type=\"hidden\" name=\"_wpcf7_container_post\" value=\"0\" \/><input type=\"hidden\" name=\"_wpcf7_posted_data_hash\" value=\"\" \/><input type=\"hidden\" name=\"_wpcf7_recaptcha_response\" value=\"\" \/>\n<\/fieldset>\n<p><label> Il tuo nome<br \/>\n<span class=\"wpcf7-form-control-wrap\" data-name=\"your-name\"><input size=\"40\" maxlength=\"400\" class=\"wpcf7-form-control wpcf7-text wpcf7-validates-as-required\" aria-required=\"true\" aria-invalid=\"false\" value=\"\" type=\"text\" name=\"your-name\" \/><\/span> <\/label>\n<\/p>\n<p><label> La tua email<br \/>\n<span class=\"wpcf7-form-control-wrap\" data-name=\"your-email\"><input size=\"40\" maxlength=\"400\" class=\"wpcf7-form-control wpcf7-email wpcf7-validates-as-required wpcf7-text wpcf7-validates-as-email\" aria-required=\"true\" aria-invalid=\"false\" value=\"\" type=\"email\" name=\"your-email\" \/><\/span> <\/label>\n<\/p>\n<p><label> Quantit\u00e0 minima ordinabile<br \/>\n<span class=\"wpcf7-form-control-wrap\" data-name=\"menu-734\"><select class=\"wpcf7-form-control wpcf7-select wpcf7-validates-as-required\" aria-required=\"true\" aria-invalid=\"false\" name=\"menu-734\"><option value=\"\">&#8212;Seleziona un&#039;opzione&#8212;<\/option><option value=\"300\">300<\/option><option value=\"500\">500<\/option><option value=\"1000\">1000<\/option><\/select><\/span> <\/label>\n<\/p>\n<p><label> Il tuo messaggio<br \/>\n<span class=\"wpcf7-form-control-wrap\" data-name=\"your-message\"><textarea cols=\"40\" rows=\"10\" maxlength=\"2000\" class=\"wpcf7-form-control wpcf7-textarea wpcf7-validates-as-required\" aria-required=\"true\" aria-invalid=\"false\" name=\"your-message\"><\/textarea><\/span> <\/label>\n<\/p>\n<p><label> Il tuo file (opzionale)<br \/>\n<span class=\"wpcf7-form-control-wrap\" data-name=\"file-978\"><input size=\"40\" class=\"wpcf7-form-control wpcf7-file\" accept=\"audio\/*,video\/*,image\/*\" aria-invalid=\"false\" type=\"file\" name=\"file-978\" \/><\/span> <\/label>\n<\/p>\n<p><span class=\"wpcf7-form-control-wrap\" data-name=\"quiz-747\"><label><span class=\"wpcf7-quiz-label\">2+6=?<\/span> <input size=\"40\" class=\"wpcf7-form-control wpcf7-quiz\" autocomplete=\"off\" aria-required=\"true\" aria-invalid=\"false\" type=\"text\" name=\"quiz-747\" \/><\/label><input type=\"hidden\" name=\"_wpcf7_quiz_answer_quiz-747\" value=\"34fe0dce70d770da3a4b02c0e1fa88fe\" \/><\/span>\n<\/p>\n<p><input class=\"wpcf7-form-control wpcf7-submit has-spinner\" type=\"submit\" value=\"Invia\" \/>\n<\/p><div class=\"wpcf7-response-output\" aria-hidden=\"true\"><\/div>\n<\/form>\n<\/div>\n\t\t\n\t<h3>\n\t\t\t\tCosa possiamo personalizzare per i tuoi dadi?\n\t\t\t<\/h3>\n\t\t\t\t<img decoding=\"async\" src=\"https:\/\/www.hicreategames.com\/wp-content\/uploads\/2022\/04\/custom-dice.jpg\" alt=\"dadi personalizzati\" itemprop=\"image\" height=\"960\" width=\"640\" title=\"dadi personalizzati\" onerror=\"this.style.display='none'\" loading=\"lazy\" \/>\n\t<p>10 mm, 12 mm, 13 mm, 14 mm, 15 mm, 6 mm, 18 mm, 19 mm, 20 mm, 22 mm, 25 mm, 30 mm, 35 mm, 40 mm, 50 mm, 100 mm<\/p>\n\t<p>Acrilico, Resina o personalizzato<\/p>\n\t<p>D4 (4 facce), D6 (6 facce), D8 (8 facce), D10 (10 facce), D12 (12 facce), D20 (20 facce), D50 (50 facce), D100 (100 facce), dadi DnD personalizzati<\/p>\n\t<p>Accettiamo colori Pantone personalizzati, due colori miscelati<\/p>\n\t<p><strong>Stampa serigrafica<\/strong>: \u00e8 pi\u00f9 adatta per dadi dal design semplice, crea immagini pi\u00f9 durevoli e durature ed \u00e8 pi\u00f9 conveniente con quantit\u00e0 maggiori.<\/p>\n<p><strong>Trasferimento di calore<\/strong>: viene utilizzato principalmente per dadi con motivi complessi, ha una risoluzione migliore ed \u00e8 pi\u00f9 conveniente per piccole quantit\u00e0.<\/p>\n<p><strong>Incisione<\/strong>: \u00e8 pi\u00f9 costoso e richiede pi\u00f9 tempo, ma modelli pi\u00f9 permanenti.<\/p>\n\t<p>Confezione singola in sacchetto di plastica, tubo, scatola regalo o personalizzata<\/p>\n\t<h3>\n\t\t\t\tConfronto tra i materiali dei dadi: acrilico, resina, metallo, pietra\n\t\t\t<\/h3>\n\t\t\t\t<img decoding=\"async\" src=\"https:\/\/www.hicreategames.com\/wp-content\/uploads\/2022\/04\/Acrylic-Dice-300x300.png\" alt=\"Dadi acrilici\" itemprop=\"image\" height=\"300\" width=\"300\" title=\"Dadi acrilici\" onerror=\"this.style.display='none'\" loading=\"lazy\" \/>\n\t<h5>\n\t\t\t\t<a href=\"https:\/\/www.hicreategames.com\/which-material-dice-is-the-best-acrylic-resin-stone-or-metal\/#Acrylic_Dice\" title=\"Dadi in acrilico\" target=\"_self\"  aria-label=\"Go to https:\/\/www.hicreategames.com\/which-material-dice-is-the-best-acrylic-resin-stone-or-metal\/#Acrylic_Dice\">\n\t\t\t\tDadi in acrilico\n\t\t\t\t<\/a>\n\t\t\t<\/h5>\n\t\t\t<p>I dadi in acrilico sono il tipo pi\u00f9 comune di dadi, sono leggeri, resistenti, economici e lucidi. Possono essere personalizzati con vari disegni utilizzando processi come l&#8217;incisione, la serigrafia e il trasferimento termico. <\/p>\t\n\t\t\t\t<img decoding=\"async\" src=\"https:\/\/www.hicreategames.com\/wp-content\/uploads\/2022\/04\/Resin-Dice-300x300.png\" alt=\"Dadi di resina\" itemprop=\"image\" height=\"300\" width=\"300\" title=\"Dadi di resina\" onerror=\"this.style.display='none'\" loading=\"lazy\" \/>\n\t<h5>\n\t\t\t\t<a href=\"https:\/\/www.hicreategames.com\/which-material-dice-is-the-best-acrylic-resin-stone-or-metal\/#Resin_Dice\" title=\"Dadi in resina\" target=\"_self\"  aria-label=\"Go to https:\/\/www.hicreategames.com\/which-material-dice-is-the-best-acrylic-resin-stone-or-metal\/#Resin_Dice\">\n\t\t\t\tDadi in resina\n\t\t\t\t<\/a>\n\t\t\t<\/h5>\n\t\t\t<p>I dadi in resina sono un altro tipo di dadi in plastica, pi\u00f9 resistenti e pesanti di quelli in acrilico, ma molto meno lisci. Sono pi\u00f9 facili da personalizzare con motivi e combinazioni di colori unici che non si trovano in altri tipi di dadi. <\/p>\t\n\t\t\t\t<img decoding=\"async\" src=\"https:\/\/www.hicreategames.com\/wp-content\/uploads\/2022\/04\/Metal-Dice-300x300.png\" alt=\"Dadi di metallo\" itemprop=\"image\" height=\"300\" width=\"300\" title=\"Dadi di metallo\" onerror=\"this.style.display='none'\" loading=\"lazy\" \/>\n\t<h5>\n\t\t\t\t<a href=\"https:\/\/www.hicreategames.com\/which-material-dice-is-the-best-acrylic-resin-stone-or-metal\/#Metal_Dice\" title=\"Dadi in metallo\" target=\"_self\"  aria-label=\"Go to https:\/\/www.hicreategames.com\/which-material-dice-is-the-best-acrylic-resin-stone-or-metal\/#Metal_Dice\">\n\t\t\t\tDadi in metallo\n\t\t\t\t<\/a>\n\t\t\t<\/h5>\n\t\t\t<p>I dadi in metallo sono molto pi\u00f9 costosi e davvero resistenti, ma sono i migliori in termini di equilibrio e peso. Possono essere personalizzati con vari disegni o loghi utilizzando tecniche come l&#8217;incisione laser o l&#8217;incisione chimica. <\/p>\t\n\t\t\t\t<img decoding=\"async\" src=\"https:\/\/www.hicreategames.com\/wp-content\/uploads\/2022\/04\/Stone-Dice-300x300.png\" alt=\"Dadi di pietra\" itemprop=\"image\" height=\"300\" width=\"300\" title=\"Dadi di pietra\" onerror=\"this.style.display='none'\" loading=\"lazy\" \/>\n\t<h5>\n\t\t\t\t<a href=\"https:\/\/www.hicreategames.com\/which-material-dice-is-the-best-acrylic-resin-stone-or-metal\/#Stone_Dice\" title=\"Dadi in pietra\" target=\"_self\"  aria-label=\"Go to https:\/\/www.hicreategames.com\/which-material-dice-is-the-best-acrylic-resin-stone-or-metal\/#Stone_Dice\">\n\t\t\t\tDadi in pietra\n\t\t\t\t<\/a>\n\t\t\t<\/h5>\n\t\t\t<p>I dadi in pietra hanno una bellezza unica e naturale. Sono pi\u00f9 costosi, fragili, personalizzabili in modo limitato e richiedono pi\u00f9 maestria rispetto ad altri tipi di dadi, ma producono un rumore molto soddisfacente quando colpiscono il tavolo. <\/p>\t\n\t<h3>\n\t\t\t\tQuali tipi di dadi possiamo fornire?\n\t\t\t<\/h3>\n\t\t\t\t<img decoding=\"async\" src=\"https:\/\/www.hicreategames.com\/wp-content\/uploads\/2022\/04\/D4-Dice-150x150.png\" alt=\"D4 Dadi\" itemprop=\"image\" height=\"150\" width=\"150\" title=\"D4 Dadi\" onerror=\"this.style.display='none'\" loading=\"lazy\" \/>\n\t<h5>\n\t\t\t\tD4 Dadi\n\t\t\t<\/h5>\n\t\t\t<p>Ogni faccia \u00e8 un triangolo. I numeri visualizzati sulla faccia inferiore sono i numeri di questo lancio. <\/p>\t\n\t\t\t\t<img decoding=\"async\" src=\"https:\/\/www.hicreategames.com\/wp-content\/uploads\/2022\/04\/D6-Dice-150x150.png\" alt=\"D6 Dadi\" itemprop=\"image\" height=\"150\" width=\"150\" title=\"D6 Dadi\" onerror=\"this.style.display='none'\" loading=\"lazy\" \/>\n\t<h5>\n\t\t\t\tD6 Dadi\n\t\t\t<\/h5>\n\t\t\t<p>Dadi cubici. Ogni faccia \u00e8 un quadrato. I dadi pi\u00f9 comuni sono stati ampiamente utilizzati in vari giochi da tavolo.  <\/p>\t\n\t\t\t\t<img decoding=\"async\" src=\"https:\/\/www.hicreategames.com\/wp-content\/uploads\/2022\/04\/D8-Dice-150x150.png\" alt=\"D8 Dadi\" itemprop=\"image\" height=\"150\" width=\"150\" title=\"D8 Dadi\" onerror=\"this.style.display='none'\" loading=\"lazy\" \/>\n\t<h5>\n\t\t\t\tD8 Dadi\n\t\t\t<\/h5>\n\t\t\t<p>Ogni faccia \u00e8 un triangolo equilatero. Le abilit\u00e0 di lancio dei dadi possono aumentare la probabilit\u00e0 che esca una determinata faccia. <\/p>\t\n\t\t\t\t<img decoding=\"async\" src=\"https:\/\/www.hicreategames.com\/wp-content\/uploads\/2022\/04\/D10-Dice-150x150.png\" alt=\"D10 Dadi\" itemprop=\"image\" height=\"150\" width=\"150\" title=\"D10 Dadi\" onerror=\"this.style.display='none'\" loading=\"lazy\" \/>\n\t<h5>\n\t\t\t\tD10 Dadi\n\t\t\t<\/h5>\n\t\t\t<p>Sono progettati per alcuni giochi specifici. Quindi, quando si gioca, \u00e8 importante prestare attenzione a non ruotarli. <\/p>\t\n\t\t\t\t<img decoding=\"async\" src=\"https:\/\/www.hicreategames.com\/wp-content\/uploads\/2022\/04\/D12-Dice-150x150.png\" alt=\"D12 Dadi\" itemprop=\"image\" height=\"150\" width=\"150\" title=\"D12 Dadi\" onerror=\"this.style.display='none'\" loading=\"lazy\" \/>\n\t<h5>\n\t\t\t\tD12 Dadi\n\t\t\t<\/h5>\n\t\t\t<p>Sono dadi dodecaedrici regolari. Ogni faccia \u00e8 un poligono regolare a 5 lati. Sono spesso utilizzati nei giochi di ruolo da tavolo.  <\/p>\t\n\t\t\t\t<img decoding=\"async\" src=\"https:\/\/www.hicreategames.com\/wp-content\/uploads\/2022\/04\/D20-Dice-150x150.png\" alt=\"D20 Dadi\" itemprop=\"image\" height=\"150\" width=\"150\" title=\"D20 Dadi\" onerror=\"this.style.display='none'\" loading=\"lazy\" \/>\n\t<h5>\n\t\t\t\tD20 Dadi\n\t\t\t<\/h5>\n\t\t\t<p>I dadi a 20 facce sono molto comunemente usati nei giochi da tavolo. La situazione in cui vengono utilizzati pi\u00f9 spesso \u00e8 per segnare i punti ferita. <\/p>\t\n\t\t\t\t<img decoding=\"async\" src=\"https:\/\/www.hicreategames.com\/wp-content\/uploads\/2022\/04\/D50-Dice-150x150.png\" alt=\"D50 Dadi\" itemprop=\"image\" height=\"150\" width=\"150\" title=\"D50 Dadi\" onerror=\"this.style.display='none'\" loading=\"lazy\" \/>\n\t<h5>\n\t\t\t\tD50 Dadi\n\t\t\t<\/h5>\n\t\t\t<p>I dadi D50 non sono cos\u00ec comunemente usati come gli altri, ma possono essere utili in alcuni giochi che richiedono un&#8217;ampia gamma di numeri.<\/p>\t\n\t\t\t\t<img decoding=\"async\" src=\"https:\/\/www.hicreategames.com\/wp-content\/uploads\/2022\/04\/D100-Dice-150x150.png\" alt=\"D100 Dadi\" itemprop=\"image\" height=\"150\" width=\"150\" title=\"D100 Dadi\" onerror=\"this.style.display='none'\" loading=\"lazy\" \/>\n\t<h5>\n\t\t\t\tD100 Dadi\n\t\t\t<\/h5>\n\t\t\t<p>Lanciare un dado a 100 facce in DND pu\u00f2 trasformarsi in questa enorme palla pesante piuttosto che in un paio di dadi a 10 facce.<\/p>\t\n\t<h3>\n\t\t\t\tVetrina dei dadi\n\t\t\t<\/h3>\n\t\t<meta itemprop=\"url\" content=\"https:\/\/www.hicreategames.com\/wp-content\/uploads\/2025\/08\/Dice-Showcase-1.mp4\" \/><div style=\"width: 640px;\" class=\"wp-video\"><video class=\"wp-video-shortcode\" id=\"video-3836-1\" width=\"640\" height=\"360\" poster=\"https:\/\/www.hicreategames.com\/wp-content\/uploads\/2025\/08\/Espositore-per-dadi-1.jpg\" preload=\"none\" controls=\"controls\"><source type=\"video\/mp4\" src=\"https:\/\/www.hicreategames.com\/wp-content\/uploads\/2025\/08\/Dice-Showcase-1.mp4?_=1\" \/><source type=\"video\/mp4\" src=\"https:\/\/www.hicreategames.com\/wp-content\/uploads\/2025\/08\/Dice-Showcase-1.mp4?_=1\" \/><a href=\"https:\/\/www.hicreategames.com\/wp-content\/uploads\/2025\/08\/Dice-Showcase-1.mp4\">https:\/\/www.hicreategames.com\/wp-content\/uploads\/2025\/08\/Dice-Showcase-1.mp4<\/a><\/video><\/div>\t\n\t\t<meta itemprop=\"url\" content=\"https:\/\/www.hicreategames.com\/wp-content\/uploads\/2025\/08\/Dice-Showcase-3.mp4\" \/><div style=\"width: 640px;\" class=\"wp-video\"><video class=\"wp-video-shortcode\" id=\"video-3836-2\" width=\"640\" height=\"360\" poster=\"https:\/\/www.hicreategames.com\/wp-content\/uploads\/2025\/08\/Espositore-per-dadi-3.jpg\" preload=\"none\" controls=\"controls\"><source type=\"video\/mp4\" src=\"https:\/\/www.hicreategames.com\/wp-content\/uploads\/2025\/08\/Dice-Showcase-3.mp4?_=2\" \/><source type=\"video\/mp4\" src=\"https:\/\/www.hicreategames.com\/wp-content\/uploads\/2025\/08\/Dice-Showcase-3.mp4?_=2\" \/><a href=\"https:\/\/www.hicreategames.com\/wp-content\/uploads\/2025\/08\/Dice-Showcase-3.mp4\">https:\/\/www.hicreategames.com\/wp-content\/uploads\/2025\/08\/Dice-Showcase-3.mp4<\/a><\/video><\/div>\t\n\t<h3>\n\t\t\t\tContattaci Ora\n\t\t\t<\/h3>\n\t\t\t\t<img decoding=\"async\" src=\"https:\/\/www.hicreategames.com\/wp-content\/uploads\/2022\/04\/personalised-dice.png\" alt=\"dadi personalizzati\" itemprop=\"image\" height=\"500\" width=\"500\" title=\"dadi personalizzati\" onerror=\"this.style.display='none'\" loading=\"lazy\" \/>\n\t\n<div class=\"wpcf7 no-js\" id=\"wpcf7-f3829-o2\" lang=\"it-IT\" dir=\"ltr\" data-wpcf7-id=\"3829\">\n<div class=\"screen-reader-response\"><p role=\"status\" aria-live=\"polite\" aria-atomic=\"true\"><\/p> <ul><\/ul><\/div>\n<form action=\"\/it\/wp-json\/wp\/v2\/pages\/3836#wpcf7-f3829-o2\" method=\"post\" class=\"wpcf7-form init\" aria-label=\"Modulo di contatto\" enctype=\"multipart\/form-data\" novalidate=\"novalidate\" data-status=\"init\">\n<fieldset class=\"hidden-fields-container\"><input type=\"hidden\" name=\"_wpcf7\" value=\"3829\" \/><input type=\"hidden\" name=\"_wpcf7_version\" value=\"6.1.5\" \/><input type=\"hidden\" name=\"_wpcf7_locale\" value=\"it_IT\" \/><input type=\"hidden\" name=\"_wpcf7_unit_tag\" value=\"wpcf7-f3829-o2\" \/><input type=\"hidden\" name=\"_wpcf7_container_post\" value=\"0\" \/><input type=\"hidden\" name=\"_wpcf7_posted_data_hash\" value=\"\" \/><input type=\"hidden\" name=\"_wpcf7_recaptcha_response\" value=\"\" \/>\n<\/fieldset>\n<p><label> Il tuo nome<br \/>\n<span class=\"wpcf7-form-control-wrap\" data-name=\"your-name\"><input size=\"40\" maxlength=\"400\" class=\"wpcf7-form-control wpcf7-text wpcf7-validates-as-required\" aria-required=\"true\" aria-invalid=\"false\" value=\"\" type=\"text\" name=\"your-name\" \/><\/span> <\/label>\n<\/p>\n<p><label> La tua email<br \/>\n<span class=\"wpcf7-form-control-wrap\" data-name=\"your-email\"><input size=\"40\" maxlength=\"400\" class=\"wpcf7-form-control wpcf7-email wpcf7-validates-as-required wpcf7-text wpcf7-validates-as-email\" aria-required=\"true\" aria-invalid=\"false\" value=\"\" type=\"email\" name=\"your-email\" \/><\/span> <\/label>\n<\/p>\n<p><label> Quantit\u00e0 minima ordinabile<br \/>\n<span class=\"wpcf7-form-control-wrap\" data-name=\"menu-734\"><select class=\"wpcf7-form-control wpcf7-select wpcf7-validates-as-required\" aria-required=\"true\" aria-invalid=\"false\" name=\"menu-734\"><option value=\"\">&#8212;Seleziona un&#039;opzione&#8212;<\/option><option value=\"300\">300<\/option><option value=\"500\">500<\/option><option value=\"1000\">1000<\/option><\/select><\/span> <\/label>\n<\/p>\n<p><label> Il tuo messaggio<br \/>\n<span class=\"wpcf7-form-control-wrap\" data-name=\"your-message\"><textarea cols=\"40\" rows=\"10\" maxlength=\"2000\" class=\"wpcf7-form-control wpcf7-textarea wpcf7-validates-as-required\" aria-required=\"true\" aria-invalid=\"false\" name=\"your-message\"><\/textarea><\/span> <\/label>\n<\/p>\n<p><label> Il tuo file (opzionale)<br \/>\n<span class=\"wpcf7-form-control-wrap\" data-name=\"file-978\"><input size=\"40\" class=\"wpcf7-form-control wpcf7-file\" accept=\"audio\/*,video\/*,image\/*\" aria-invalid=\"false\" type=\"file\" name=\"file-978\" \/><\/span> <\/label>\n<\/p>\n<p><span class=\"wpcf7-form-control-wrap\" data-name=\"quiz-747\"><label><span class=\"wpcf7-quiz-label\">2+6=?<\/span> <input size=\"40\" class=\"wpcf7-form-control wpcf7-quiz\" autocomplete=\"off\" aria-required=\"true\" aria-invalid=\"false\" type=\"text\" name=\"quiz-747\" \/><\/label><input type=\"hidden\" name=\"_wpcf7_quiz_answer_quiz-747\" value=\"34fe0dce70d770da3a4b02c0e1fa88fe\" \/><\/span>\n<\/p>\n<p><input class=\"wpcf7-form-control wpcf7-submit has-spinner\" type=\"submit\" value=\"Invia\" \/>\n<\/p><div class=\"wpcf7-response-output\" aria-hidden=\"true\"><\/div>\n<\/form>\n<\/div>\n\n\n","protected":false},"excerpt":{"rendered":"<p>Dadi Personalizzati I dadi personalizzati consentono ai creatori di portare sul tavolo storie, estetica e branding unici. Possiamo personalizzare ogni aspetto dei vostri dadi: aspetto, materiale, dimensioni, forma, numeri\/simboli, finitura e confezione. Richiedi un Preventivo Cosa possiamo personalizzare per i tuoi dadi? 10 mm, 12 mm, 13 mm, 14 mm, [&hellip;]<\/p>\n","protected":false},"author":1,"featured_media":0,"parent":0,"menu_order":0,"comment_status":"closed","ping_status":"closed","template":"","meta":{"site-sidebar-layout":"no-sidebar","site-content-layout":"page-builder","ast-site-content-layout":"full-width-container","site-content-style":"unboxed","site-sidebar-style":"unboxed","ast-global-header-display":"","ast-banner-title-visibility":"","ast-main-header-display":"","ast-hfb-above-header-display":"","ast-hfb-below-header-display":"","ast-hfb-mobile-header-display":"","site-post-title":"disabled","ast-breadcrumbs-content":"","ast-featured-img":"disabled","footer-sml-layout":"","ast-disable-related-posts":"","theme-transparent-header-meta":"default","adv-header-id-meta":"","stick-header-meta":"default","header-above-stick-meta":"","header-main-stick-meta":"","header-below-stick-meta":"","astra-migrate-meta-layouts":"default","ast-page-background-enabled":"default","ast-page-background-meta":{"desktop":{"background-color":"","background-image":"","background-repeat":"repeat","background-position":"center center","background-size":"auto","background-attachment":"scroll","background-type":"","background-media":"","overlay-type":"","overlay-color":"","overlay-opacity":"","overlay-gradient":""},"tablet":{"background-color":"","background-image":"","background-repeat":"repeat","background-position":"center center","background-size":"auto","background-attachment":"scroll","background-type":"","background-media":"","overlay-type":"","overlay-color":"","overlay-opacity":"","overlay-gradient":""},"mobile":{"background-color":"","background-image":"","background-repeat":"repeat","background-position":"center center","background-size":"auto","background-attachment":"scroll","background-type":"","background-media":"","overlay-type":"","overlay-color":"","overlay-opacity":"","overlay-gradient":""}},"ast-content-background-meta":{"desktop":{"background-color":"var(--ast-global-color-5)","background-image":"","background-repeat":"repeat","background-position":"center center","background-size":"auto","background-attachment":"scroll","background-type":"","background-media":"","overlay-type":"","overlay-color":"","overlay-opacity":"","overlay-gradient":""},"tablet":{"background-color":"var(--ast-global-color-5)","background-image":"","background-repeat":"repeat","background-position":"center center","background-size":"auto","background-attachment":"scroll","background-type":"","background-media":"","overlay-type":"","overlay-color":"","overlay-opacity":"","overlay-gradient":""},"mobile":{"background-color":"var(--ast-global-color-5)","background-image":"","background-repeat":"repeat","background-position":"center center","background-size":"auto","background-attachment":"scroll","background-type":"","background-media":"","overlay-type":"","overlay-color":"","overlay-opacity":"","overlay-gradient":""}},"footnotes":""},"class_list":["post-3836","page","type-page","status-publish","hentry"],"_links":{"self":[{"href":"https:\/\/www.hicreategames.com\/it\/wp-json\/wp\/v2\/pages\/3836","targetHints":{"allow":["GET"]}}],"collection":[{"href":"https:\/\/www.hicreategames.com\/it\/wp-json\/wp\/v2\/pages"}],"about":[{"href":"https:\/\/www.hicreategames.com\/it\/wp-json\/wp\/v2\/types\/page"}],"author":[{"embeddable":true,"href":"https:\/\/www.hicreategames.com\/it\/wp-json\/wp\/v2\/users\/1"}],"replies":[{"embeddable":true,"href":"https:\/\/www.hicreategames.com\/it\/wp-json\/wp\/v2\/comments?post=3836"}],"version-history":[{"count":2,"href":"https:\/\/www.hicreategames.com\/it\/wp-json\/wp\/v2\/pages\/3836\/revisions"}],"predecessor-version":[{"id":26122,"href":"https:\/\/www.hicreategames.com\/it\/wp-json\/wp\/v2\/pages\/3836\/revisions\/26122"}],"wp:attachment":[{"href":"https:\/\/www.hicreategames.com\/it\/wp-json\/wp\/v2\/media?parent=3836"}],"curies":[{"name":"wp","href":"https:\/\/api.w.org\/{rel}","templated":true}]}}