{"id":3837,"date":"2022-04-04T09:13:54","date_gmt":"2022-04-04T09:13:54","guid":{"rendered":"https:\/\/www.hicreategames.com\/tabellone-di-gioco-personalizzato\/"},"modified":"2025-08-27T05:58:35","modified_gmt":"2025-08-27T05:58:35","slug":"tabellone-di-gioco-personalizzato","status":"publish","type":"page","link":"https:\/\/www.hicreategames.com\/it\/tabellone-di-gioco-personalizzato\/","title":{"rendered":"Tabellone di Gioco Personalizzato"},"content":{"rendered":"\n\n\t<h3>\n\t\t\t\tTabellone di Gioco Personalizzato\n\t\t\t<\/h3>\n\t<p>Da semplici tavoli pieghevoli a elaborati design modulari, siamo specializzati nella realizzazione di tavoli da gioco di alta qualit\u00e0, completamente personalizzabili e su misura per le vostre esigenze.<\/p>\n\t\t\t<a href=\"#\" role=\"button\">\n\t\t\t\t\t\t\tRichiedi un Preventivo\n\t\t\t\t\t<\/a>\n\t\t\t\n<div class=\"wpcf7 no-js\" id=\"wpcf7-f3829-o1\" lang=\"it-IT\" dir=\"ltr\" data-wpcf7-id=\"3829\">\n<div class=\"screen-reader-response\"><p role=\"status\" aria-live=\"polite\" aria-atomic=\"true\"><\/p> <ul><\/ul><\/div>\n<form action=\"\/it\/wp-json\/wp\/v2\/pages\/3837#wpcf7-f3829-o1\" method=\"post\" class=\"wpcf7-form init\" aria-label=\"Modulo di contatto\" enctype=\"multipart\/form-data\" novalidate=\"novalidate\" data-status=\"init\">\n<fieldset class=\"hidden-fields-container\"><input type=\"hidden\" name=\"_wpcf7\" value=\"3829\" \/><input type=\"hidden\" name=\"_wpcf7_version\" value=\"6.1.5\" \/><input type=\"hidden\" name=\"_wpcf7_locale\" value=\"it_IT\" \/><input type=\"hidden\" name=\"_wpcf7_unit_tag\" value=\"wpcf7-f3829-o1\" \/><input type=\"hidden\" name=\"_wpcf7_container_post\" value=\"0\" \/><input type=\"hidden\" name=\"_wpcf7_posted_data_hash\" value=\"\" \/><input type=\"hidden\" name=\"_wpcf7_recaptcha_response\" value=\"\" \/>\n<\/fieldset>\n<p><label> Il tuo nome<br \/>\n<span class=\"wpcf7-form-control-wrap\" data-name=\"your-name\"><input size=\"40\" maxlength=\"400\" class=\"wpcf7-form-control wpcf7-text wpcf7-validates-as-required\" aria-required=\"true\" aria-invalid=\"false\" value=\"\" type=\"text\" name=\"your-name\" \/><\/span> <\/label>\n<\/p>\n<p><label> La tua email<br \/>\n<span class=\"wpcf7-form-control-wrap\" data-name=\"your-email\"><input size=\"40\" maxlength=\"400\" class=\"wpcf7-form-control wpcf7-email wpcf7-validates-as-required wpcf7-text wpcf7-validates-as-email\" aria-required=\"true\" aria-invalid=\"false\" value=\"\" type=\"email\" name=\"your-email\" \/><\/span> <\/label>\n<\/p>\n<p><label> Quantit\u00e0 minima ordinabile<br \/>\n<span class=\"wpcf7-form-control-wrap\" data-name=\"menu-734\"><select class=\"wpcf7-form-control wpcf7-select wpcf7-validates-as-required\" aria-required=\"true\" aria-invalid=\"false\" name=\"menu-734\"><option value=\"\">&#8212;Seleziona un&#039;opzione&#8212;<\/option><option value=\"300\">300<\/option><option value=\"500\">500<\/option><option value=\"1000\">1000<\/option><\/select><\/span> <\/label>\n<\/p>\n<p><label> Il tuo messaggio<br \/>\n<span class=\"wpcf7-form-control-wrap\" data-name=\"your-message\"><textarea cols=\"40\" rows=\"10\" maxlength=\"2000\" class=\"wpcf7-form-control wpcf7-textarea wpcf7-validates-as-required\" aria-required=\"true\" aria-invalid=\"false\" name=\"your-message\"><\/textarea><\/span> <\/label>\n<\/p>\n<p><label> Il tuo file (opzionale)<br \/>\n<span class=\"wpcf7-form-control-wrap\" data-name=\"file-978\"><input size=\"40\" class=\"wpcf7-form-control wpcf7-file\" accept=\"audio\/*,video\/*,image\/*\" aria-invalid=\"false\" type=\"file\" name=\"file-978\" \/><\/span> <\/label>\n<\/p>\n<p><span class=\"wpcf7-form-control-wrap\" data-name=\"quiz-747\"><label><span class=\"wpcf7-quiz-label\">2+6=?<\/span> <input size=\"40\" class=\"wpcf7-form-control wpcf7-quiz\" autocomplete=\"off\" aria-required=\"true\" aria-invalid=\"false\" type=\"text\" name=\"quiz-747\" \/><\/label><input type=\"hidden\" name=\"_wpcf7_quiz_answer_quiz-747\" value=\"34fe0dce70d770da3a4b02c0e1fa88fe\" \/><\/span>\n<\/p>\n<p><input class=\"wpcf7-form-control wpcf7-submit has-spinner\" type=\"submit\" value=\"Invia\" \/>\n<\/p><div class=\"wpcf7-response-output\" aria-hidden=\"true\"><\/div>\n<\/form>\n<\/div>\n\t\t\n\t<h3>\n\t\t\t\tCosa possiamo personalizzare per il tabellone di gioco?\n\t\t\t<\/h3>\n\t\t\t\t<img decoding=\"async\" src=\"https:\/\/www.hicreategames.com\/wp-content\/uploads\/2023\/07\/Macchina-formatrice-automatica-da-tavolo-da-gioco-Yamaha.jpg\" alt=\"Macchina formatrice automatica da tavolo da gioco Yamaha\" itemprop=\"image\" height=\"959\" width=\"640\" title=\"Macchina formatrice automatica da tavolo da gioco Yamaha\" onerror=\"this.style.display='none'\" loading=\"lazy\" \/>\n\t<p><em>Macchina formatrice automatica da tavolo da gioco Yamaha<\/em><\/p>\n\t<ul>\n<li>Accetta dimensioni personalizzate<\/li>\n<li>La dimensione massima \u00e8 100 * 80 cm.<\/li>\n<\/ul>\n\t<ul>\n<li>157 gsm <span id=\"su_tooltip_69efd3fd1510b_button\" class=\"su-tooltip-button su-tooltip-button-outline-yes\" aria-describedby=\"su_tooltip_69efd3fd1510b\" data-settings='{\"position\":\"top\",\"behavior\":\"hover\",\"hideDelay\":0}' tabindex=\"0\"><u>C2S<\/u><\/span><span style=\"display:none;z-index:100\" id=\"su_tooltip_69efd3fd1510b\" class=\"su-tooltip\" role=\"tooltip\"><span class=\"su-tooltip-inner su-tooltip-shadow-yes\" style=\"z-index:100;background:#ffffff;color:#00000;font-size:14px;border-radius:5px;text-align:left;max-width:300px;line-height:1.25\"><span class=\"su-tooltip-title\"><\/span><span class=\"su-tooltip-content su-u-trim\">rivestito su due lati<\/span><\/span><span id=\"su_tooltip_69efd3fd1510b_arrow\" class=\"su-tooltip-arrow\" style=\"z-index:100;background:#ffffff\" data-popper-arrow><\/span><\/span> + cartone grigio + carta da imballaggio nera<\/li>\n<\/ul>\n\t<ul>\n<li>1,2 mm\/1,5 mm\/1,8 mm\/2,0 mm<\/li>\n<\/ul>\n\t<ul>\n<li>3~5 mm<\/li>\n<\/ul>\n\t<ul>\n<li>Pieghevole in due, in tre, in quattro, in sei, a fisarmonica, arrotolabile e a puzzle.<\/li>\n<\/ul>\n\t<ul>\n<li>Vernice lucida\/opaca<\/li>\n<li>Laminazione lucida\/opaca<\/li>\n<\/ul>\n\t<ul>\n<li>PDF, PSD, AI o CRD<\/li>\n<\/ul>\n\t<ul>\n<li>Almeno 300 ppi o superiore<\/li>\n<\/ul>\n\t<ul>\n<li>CMYK (ciano, magenta, giallo e nero).<\/li>\n<li>Il nero ha bisogno di nero puro (C:0 %,M:0% ,Y:0 %,K:100% )<\/li>\n<\/ul>\n\t<ul>\n<li>4C\/4C (stampa a 4 colori su 2 lati)<\/li>\n<li>4C\/0C (stampa a 4 colori su 1 lato)<\/li>\n<\/ul>\n\t<h3>\n\t\t\t\tFattori che influenzano il costo dei tabelloni da gioco\n\t\t\t<\/h3>\n\t\t\t<p>Il costo dei tabelloni da gioco pu\u00f2 variare notevolmente a seconda di molti fattori, quali dimensioni, materiali, spessore, opzioni di piegatura, trattamento superficiale, complessit\u00e0 del design e altri servizi personalizzati.<\/p>\t\n\t<p>In genere, i tabelloni da gioco pi\u00f9 grandi richiedono pi\u00f9 materiali e tempi di produzione pi\u00f9 lunghi. Inoltre, richiedono materiali di imballaggio pi\u00f9 grandi e spese di spedizione pi\u00f9 elevate. <\/p>\n\t<p>Il cartone \u00e8 pi\u00f9 economico rispetto ad altri materiali, come la plastica, il legno e il metallo. Oltre a questo, anche i diversi tipi di cartone possono influire sul costo. <\/p>\n\t<p>I tabelloni da gioco pi\u00f9 spessi richiedono in genere pi\u00f9 materiali e macchinari e processi di produzione pi\u00f9 complessi, il che aumenta i costi di produzione.<\/p>\n\t<p>I tabelloni da gioco che richiedono pi\u00f9 opzioni di piegatura tendono ad essere pi\u00f9 complessi, poich\u00e9 necessitano di macchinari specializzati e lavoratori qualificati per garantire il corretto processo di piegatura.<\/p>\n\t<p>Trattamenti superficiali pi\u00f9 complessi come la goffratura, la laminatura o la verniciatura UV spot richiedono attrezzature e manodopera specializzate, aumentando il costo di produzione.<\/p>\n\t<p>Pi\u00f9 complesso \u00e8 il design dei tabelloni da gioco, pi\u00f9 tempo, impegno e risorse sono necessari per crearli, il che a sua volta pu\u00f2 comportare un costo pi\u00f9 elevato.<\/p>\n\t<h3>\n\t\t\t\tCome scegliere lo spessore giusto?\n\t\t\t<\/h3>\n\t\t<meta itemprop=\"url\" content=\"https:\/\/www.hicreategames.com\/wp-content\/uploads\/2022\/04\/custom-game-board.mp4\" \/><div style=\"width: 640px;\" class=\"wp-video\"><video class=\"wp-video-shortcode\" id=\"video-3837-1\" width=\"640\" height=\"360\" poster=\"https:\/\/www.hicreategames.com\/wp-content\/uploads\/2025\/08\/Spessore-del-tabellone-da-gioco.jpg\" preload=\"none\" controls=\"controls\"><source type=\"video\/mp4\" src=\"https:\/\/www.hicreategames.com\/wp-content\/uploads\/2022\/04\/custom-game-board.mp4?_=1\" \/><source type=\"video\/mp4\" src=\"https:\/\/www.hicreategames.com\/wp-content\/uploads\/2022\/04\/custom-game-board.mp4?_=1\" \/><a href=\"https:\/\/www.hicreategames.com\/wp-content\/uploads\/2022\/04\/custom-game-board.mp4\">https:\/\/www.hicreategames.com\/wp-content\/uploads\/2022\/04\/custom-game-board.mp4<\/a><\/video><\/div>\t\n\t<p>Impostiamo le dimensioni della scatola in base alle dimensioni del tabellone di gioco e alle sue opzioni di piegatura.<\/p>\n<p>Di solito, impostiamo la dimensione della scheda 50&#215;50 cm come valore critico.<\/p>\n<ul>\n<li>Se la lunghezza o la larghezza del vostro tabellone da gioco \u00e8 &lt;50 cm, potete scegliere il nostro cartoncino grigio da 1,5 mm.<\/li>\n<li>Se la lunghezza o la larghezza del tuo tabellone di gioco \u00e8 &gt;50 cm, puoi scegliere il nostro tabellone grigio da \u22651,8 mm.<\/li>\n<\/ul>\n<p>Se hai una tavola da gioco grande e usi una tavola grigia sottile, la tavola si deformer\u00e0 facilmente.<\/p>\n\t<h3>\n\t\t\t\tOpzioni di piegatura\n\t\t\t<\/h3>\n\t\t\t\t<img decoding=\"async\" src=\"https:\/\/www.hicreategames.com\/wp-content\/uploads\/2025\/08\/Pieghevole-in-due.png\" alt=\"Pieghevole in due\" itemprop=\"image\" height=\"310\" width=\"355\" title=\"Pieghevole in due\" onerror=\"this.style.display='none'\" loading=\"lazy\" \/>\n\t<h5>\n\t\t\t\tPieghevole in due\n\t\t\t<\/h5>\n\t\t\t<p>Questo \u00e8 il modo pi\u00f9 comune di piegare i tabelloni di gioco. Sono comunemente usati per i giochi da tavolo che hanno superfici di gioco pi\u00f9 grandi o che sono dotati di pi\u00f9 componenti. <\/p>\t\n\t\t\t\t<img decoding=\"async\" src=\"https:\/\/www.hicreategames.com\/wp-content\/uploads\/2025\/08\/Pieghevole-in-tre.png\" alt=\"Pieghevole in tre\" itemprop=\"image\" height=\"310\" width=\"355\" title=\"Pieghevole in tre\" onerror=\"this.style.display='none'\" loading=\"lazy\" \/>\n\t<h5>\n\t\t\t\tPieghevole in tre\n\t\t\t<\/h5>\n\t\t\t<p>Il tabellone da gioco tri-fold \u00e8 una scelta popolare, in quanto offre un&#8217;ampia superficie di gioco con prestazioni di trasportabilit\u00e0 e conservazione. \u00c8 anche una soluzione pi\u00f9 economica rispetto a un unico tabellone di grandi dimensioni. <\/p>\t\n\t\t\t\t<img decoding=\"async\" src=\"https:\/\/www.hicreategames.com\/wp-content\/uploads\/2025\/08\/Pieghevole-in-quattro.png\" alt=\"Pieghevole in quattro\" itemprop=\"image\" height=\"310\" width=\"355\" title=\"Pieghevole in quattro\" onerror=\"this.style.display='none'\" loading=\"lazy\" \/>\n\t<h5>\n\t\t\t\tPieghevole in quattro\n\t\t\t<\/h5>\n\t\t\t<p>Una volta aperto, il tabellone da gioco quad-fold rimane piatto, offrendo un&#8217;ampia superficie di gioco. Quando si ripone il gioco, il tabellone pu\u00f2 essere piegato in quattro parti, rendendolo facile da conservare. <\/p> \t\n\t\t\t\t<img decoding=\"async\" src=\"https:\/\/www.hicreategames.com\/wp-content\/uploads\/2025\/08\/Pieghevole-in-sei.png\" alt=\"Pieghevole in sei\" itemprop=\"image\" height=\"310\" width=\"355\" title=\"Pieghevole in sei\" onerror=\"this.style.display='none'\" loading=\"lazy\" \/>\n\t<h5>\n\t\t\t\tPieghevole in sei\n\t\t\t<\/h5>\n\t\t\t<p>\u00c8 un tipo di tabellone da gioco che pu\u00f2 essere piegato in sei sezioni. In genere \u00e8 realizzato con materiali resistenti come cartone o plastica ed \u00e8 progettato per essere utilizzato per una variet\u00e0 di giochi diversi. <\/p> \t\n\t<h3>\n\t\t\t\tTrattamento superficiale dei tabelloni da gioco\n\t\t\t<\/h3>\n\t\t\t<p>Dipende dall&#8217;effetto di stampa, dal livello di protezione desiderato e dal budget.<\/p>\t\n\t<strong>Trattamento superficiale con vernice<br \/>\n<\/strong>La verniciatura \u00e8 il processo di applicazione di uno strato trasparente di silicone sulla superficie del tabellone per proteggerlo e conferirgli una finitura lucida.\n<div class=\"i2-pros-cons-icons i2-pros-cons-main-wrapper theme-i2pc-theme-1000 no-title no-button no-space-between-column no-outer-border no-round-corner no-heading-icon\"><div class=\"i2-pros-cons-wrapper\"><div class=\"i2-pros\"><strong class=\"i2-pros-title\">Vantaggio<\/strong><div class=\"section\"><ul class='has-icon'><li><i class='icon icon-thumbs-up'><\/i>Pi\u00f9 economico<\/li><li><i class='icon icon-thumbs-up'><\/i>Ecologico<\/li><\/ul><\/div><\/div><div class=\"i2-cons\"><strong class=\"i2-cons-title\">Svantaggi<\/strong><div class=\"section\"><ul class='has-icon'><li><i class='icon icon-thumbs-down'><\/i>Meno Protezione<\/li><\/ul><\/div><\/div><\/div><\/div>\n\t<strong>Trattamento superficiale con laminazione<\/strong><br \/>\nLa laminazione \u00e8 il processo di applicazione di una pellicola di plastica sulla superficie del tabellone, per proteggerlo dall&#8217;usura.\n<div class=\"i2-pros-cons-icons i2-pros-cons-main-wrapper theme-i2pc-theme-1000 no-title no-button no-space-between-column no-outer-border no-round-corner no-heading-icon\"><div class=\"i2-pros-cons-wrapper\"><div class=\"i2-pros\"><strong class=\"i2-pros-title\">Vantaggi<\/strong><div class=\"section\"><ul class='has-icon'><li><i class='icon icon-thumbs-up'><\/i>Pi\u00f9 protezione<\/li><\/ul><\/div><\/div><div class=\"i2-cons\"><strong class=\"i2-cons-title\">Svantaggi<\/strong><div class=\"section\"><ul class='has-icon'><li><i class='icon icon-thumbs-down'><\/i>Meno ecologico<\/li><li><i class='icon icon-thumbs-down'><\/i>Costoso<\/li><\/ul><\/div><\/div><\/div><\/div>\n\t\t\t\t<img decoding=\"async\" src=\"https:\/\/www.hicreategames.com\/wp-content\/uploads\/2025\/08\/Tabelloni-da-gioco.jpg\" alt=\"Tabelloni da gioco\" itemprop=\"image\" height=\"800\" width=\"800\" title=\"Tabelloni da gioco\" onerror=\"this.style.display='none'\" loading=\"lazy\" \/>\n\t<h3>\n\t\t\t\tContattaci Ora\n\t\t\t<\/h3>\n\t\n<div class=\"wpcf7 no-js\" id=\"wpcf7-f3829-o2\" lang=\"it-IT\" dir=\"ltr\" data-wpcf7-id=\"3829\">\n<div class=\"screen-reader-response\"><p role=\"status\" aria-live=\"polite\" aria-atomic=\"true\"><\/p> <ul><\/ul><\/div>\n<form action=\"\/it\/wp-json\/wp\/v2\/pages\/3837#wpcf7-f3829-o2\" method=\"post\" class=\"wpcf7-form init\" aria-label=\"Modulo di contatto\" enctype=\"multipart\/form-data\" novalidate=\"novalidate\" data-status=\"init\">\n<fieldset class=\"hidden-fields-container\"><input type=\"hidden\" name=\"_wpcf7\" value=\"3829\" \/><input type=\"hidden\" name=\"_wpcf7_version\" value=\"6.1.5\" \/><input type=\"hidden\" name=\"_wpcf7_locale\" value=\"it_IT\" \/><input type=\"hidden\" name=\"_wpcf7_unit_tag\" value=\"wpcf7-f3829-o2\" \/><input type=\"hidden\" name=\"_wpcf7_container_post\" value=\"0\" \/><input type=\"hidden\" name=\"_wpcf7_posted_data_hash\" value=\"\" \/><input type=\"hidden\" name=\"_wpcf7_recaptcha_response\" value=\"\" \/>\n<\/fieldset>\n<p><label> Il tuo nome<br \/>\n<span class=\"wpcf7-form-control-wrap\" data-name=\"your-name\"><input size=\"40\" maxlength=\"400\" class=\"wpcf7-form-control wpcf7-text wpcf7-validates-as-required\" aria-required=\"true\" aria-invalid=\"false\" value=\"\" type=\"text\" name=\"your-name\" \/><\/span> <\/label>\n<\/p>\n<p><label> La tua email<br \/>\n<span class=\"wpcf7-form-control-wrap\" data-name=\"your-email\"><input size=\"40\" maxlength=\"400\" class=\"wpcf7-form-control wpcf7-email wpcf7-validates-as-required wpcf7-text wpcf7-validates-as-email\" aria-required=\"true\" aria-invalid=\"false\" value=\"\" type=\"email\" name=\"your-email\" \/><\/span> <\/label>\n<\/p>\n<p><label> Quantit\u00e0 minima ordinabile<br \/>\n<span class=\"wpcf7-form-control-wrap\" data-name=\"menu-734\"><select class=\"wpcf7-form-control wpcf7-select wpcf7-validates-as-required\" aria-required=\"true\" aria-invalid=\"false\" name=\"menu-734\"><option value=\"\">&#8212;Seleziona un&#039;opzione&#8212;<\/option><option value=\"300\">300<\/option><option value=\"500\">500<\/option><option value=\"1000\">1000<\/option><\/select><\/span> <\/label>\n<\/p>\n<p><label> Il tuo messaggio<br \/>\n<span class=\"wpcf7-form-control-wrap\" data-name=\"your-message\"><textarea cols=\"40\" rows=\"10\" maxlength=\"2000\" class=\"wpcf7-form-control wpcf7-textarea wpcf7-validates-as-required\" aria-required=\"true\" aria-invalid=\"false\" name=\"your-message\"><\/textarea><\/span> <\/label>\n<\/p>\n<p><label> Il tuo file (opzionale)<br \/>\n<span class=\"wpcf7-form-control-wrap\" data-name=\"file-978\"><input size=\"40\" class=\"wpcf7-form-control wpcf7-file\" accept=\"audio\/*,video\/*,image\/*\" aria-invalid=\"false\" type=\"file\" name=\"file-978\" \/><\/span> <\/label>\n<\/p>\n<p><span class=\"wpcf7-form-control-wrap\" data-name=\"quiz-747\"><label><span class=\"wpcf7-quiz-label\">2+6=?<\/span> <input size=\"40\" class=\"wpcf7-form-control wpcf7-quiz\" autocomplete=\"off\" aria-required=\"true\" aria-invalid=\"false\" type=\"text\" name=\"quiz-747\" \/><\/label><input type=\"hidden\" name=\"_wpcf7_quiz_answer_quiz-747\" value=\"34fe0dce70d770da3a4b02c0e1fa88fe\" \/><\/span>\n<\/p>\n<p><input class=\"wpcf7-form-control wpcf7-submit has-spinner\" type=\"submit\" value=\"Invia\" \/>\n<\/p><div class=\"wpcf7-response-output\" aria-hidden=\"true\"><\/div>\n<\/form>\n<\/div>\n\n\n","protected":false},"excerpt":{"rendered":"<p>Tabellone di Gioco Personalizzato Da semplici tavoli pieghevoli a elaborati design modulari, siamo specializzati nella realizzazione di tavoli da gioco di alta qualit\u00e0, completamente personalizzabili e su misura per le vostre esigenze. Richiedi un Preventivo Cosa possiamo personalizzare per il tabellone di gioco? Macchina formatrice automatica da tavolo da gioco [&hellip;]<\/p>\n","protected":false},"author":1,"featured_media":0,"parent":0,"menu_order":0,"comment_status":"closed","ping_status":"closed","template":"","meta":{"site-sidebar-layout":"no-sidebar","site-content-layout":"page-builder","ast-site-content-layout":"default","site-content-style":"default","site-sidebar-style":"default","ast-global-header-display":"","ast-banner-title-visibility":"","ast-main-header-display":"","ast-hfb-above-header-display":"","ast-hfb-below-header-display":"","ast-hfb-mobile-header-display":"","site-post-title":"disabled","ast-breadcrumbs-content":"","ast-featured-img":"disabled","footer-sml-layout":"","ast-disable-related-posts":"","theme-transparent-header-meta":"default","adv-header-id-meta":"","stick-header-meta":"default","header-above-stick-meta":"","header-main-stick-meta":"","header-below-stick-meta":"","astra-migrate-meta-layouts":"default","ast-page-background-enabled":"default","ast-page-background-meta":{"desktop":{"background-color":"","background-image":"","background-repeat":"repeat","background-position":"center center","background-size":"auto","background-attachment":"scroll","background-type":"","background-media":"","overlay-type":"","overlay-color":"","overlay-opacity":"","overlay-gradient":""},"tablet":{"background-color":"","background-image":"","background-repeat":"repeat","background-position":"center center","background-size":"auto","background-attachment":"scroll","background-type":"","background-media":"","overlay-type":"","overlay-color":"","overlay-opacity":"","overlay-gradient":""},"mobile":{"background-color":"","background-image":"","background-repeat":"repeat","background-position":"center center","background-size":"auto","background-attachment":"scroll","background-type":"","background-media":"","overlay-type":"","overlay-color":"","overlay-opacity":"","overlay-gradient":""}},"ast-content-background-meta":{"desktop":{"background-color":"var(--ast-global-color-5)","background-image":"","background-repeat":"repeat","background-position":"center center","background-size":"auto","background-attachment":"scroll","background-type":"","background-media":"","overlay-type":"","overlay-color":"","overlay-opacity":"","overlay-gradient":""},"tablet":{"background-color":"var(--ast-global-color-5)","background-image":"","background-repeat":"repeat","background-position":"center center","background-size":"auto","background-attachment":"scroll","background-type":"","background-media":"","overlay-type":"","overlay-color":"","overlay-opacity":"","overlay-gradient":""},"mobile":{"background-color":"var(--ast-global-color-5)","background-image":"","background-repeat":"repeat","background-position":"center center","background-size":"auto","background-attachment":"scroll","background-type":"","background-media":"","overlay-type":"","overlay-color":"","overlay-opacity":"","overlay-gradient":""}},"footnotes":""},"class_list":["post-3837","page","type-page","status-publish","hentry"],"_links":{"self":[{"href":"https:\/\/www.hicreategames.com\/it\/wp-json\/wp\/v2\/pages\/3837","targetHints":{"allow":["GET"]}}],"collection":[{"href":"https:\/\/www.hicreategames.com\/it\/wp-json\/wp\/v2\/pages"}],"about":[{"href":"https:\/\/www.hicreategames.com\/it\/wp-json\/wp\/v2\/types\/page"}],"author":[{"embeddable":true,"href":"https:\/\/www.hicreategames.com\/it\/wp-json\/wp\/v2\/users\/1"}],"replies":[{"embeddable":true,"href":"https:\/\/www.hicreategames.com\/it\/wp-json\/wp\/v2\/comments?post=3837"}],"version-history":[{"count":2,"href":"https:\/\/www.hicreategames.com\/it\/wp-json\/wp\/v2\/pages\/3837\/revisions"}],"predecessor-version":[{"id":25465,"href":"https:\/\/www.hicreategames.com\/it\/wp-json\/wp\/v2\/pages\/3837\/revisions\/25465"}],"wp:attachment":[{"href":"https:\/\/www.hicreategames.com\/it\/wp-json\/wp\/v2\/media?parent=3837"}],"curies":[{"name":"wp","href":"https:\/\/api.w.org\/{rel}","templated":true}]}}