{"id":3838,"date":"2022-04-06T10:18:48","date_gmt":"2022-04-06T10:18:48","guid":{"rendered":"https:\/\/www.hicreategames.com\/scatole-di-gioco-personalizzate\/"},"modified":"2025-08-27T14:31:30","modified_gmt":"2025-08-27T14:31:30","slug":"scatole-di-gioco-personalizzate","status":"publish","type":"page","link":"https:\/\/www.hicreategames.com\/it\/scatole-di-gioco-personalizzate\/","title":{"rendered":"Scatole di Gioco Personalizzate"},"content":{"rendered":"\n<h3>\n\t\tPersonalizza e realizza le tue scatola giochi da tavolo\n\t<\/h3>\n\t\t\t<a href=\"#\" role=\"button\">\n\t\t\t\t\t\t\tContattaci e carica le tue idee\n\t\t\t<\/a>\n\t\t\n<div class=\"wpcf7 no-js\" id=\"wpcf7-f3829-o1\" lang=\"it-IT\" dir=\"ltr\" data-wpcf7-id=\"3829\">\n<div class=\"screen-reader-response\"><p role=\"status\" aria-live=\"polite\" aria-atomic=\"true\"><\/p> <ul><\/ul><\/div>\n<form action=\"\/it\/wp-json\/wp\/v2\/pages\/3838#wpcf7-f3829-o1\" method=\"post\" class=\"wpcf7-form init\" aria-label=\"Modulo di contatto\" enctype=\"multipart\/form-data\" novalidate=\"novalidate\" data-status=\"init\">\n<fieldset class=\"hidden-fields-container\"><input type=\"hidden\" name=\"_wpcf7\" value=\"3829\" \/><input type=\"hidden\" name=\"_wpcf7_version\" value=\"6.1.5\" \/><input type=\"hidden\" name=\"_wpcf7_locale\" value=\"it_IT\" \/><input type=\"hidden\" name=\"_wpcf7_unit_tag\" value=\"wpcf7-f3829-o1\" \/><input type=\"hidden\" name=\"_wpcf7_container_post\" value=\"0\" \/><input type=\"hidden\" name=\"_wpcf7_posted_data_hash\" value=\"\" \/><input type=\"hidden\" name=\"_wpcf7_recaptcha_response\" value=\"\" \/>\n<\/fieldset>\n<p><label> Il tuo nome<br \/>\n<span class=\"wpcf7-form-control-wrap\" data-name=\"your-name\"><input size=\"40\" maxlength=\"400\" class=\"wpcf7-form-control wpcf7-text wpcf7-validates-as-required\" aria-required=\"true\" aria-invalid=\"false\" value=\"\" type=\"text\" name=\"your-name\" \/><\/span> <\/label>\n<\/p>\n<p><label> La tua email<br \/>\n<span class=\"wpcf7-form-control-wrap\" data-name=\"your-email\"><input size=\"40\" maxlength=\"400\" class=\"wpcf7-form-control wpcf7-email wpcf7-validates-as-required wpcf7-text wpcf7-validates-as-email\" aria-required=\"true\" aria-invalid=\"false\" value=\"\" type=\"email\" name=\"your-email\" \/><\/span> <\/label>\n<\/p>\n<p><label> Quantit\u00e0 minima ordinabile<br \/>\n<span class=\"wpcf7-form-control-wrap\" data-name=\"menu-734\"><select class=\"wpcf7-form-control wpcf7-select wpcf7-validates-as-required\" aria-required=\"true\" aria-invalid=\"false\" name=\"menu-734\"><option value=\"\">&#8212;Seleziona un&#039;opzione&#8212;<\/option><option value=\"300\">300<\/option><option value=\"500\">500<\/option><option value=\"1000\">1000<\/option><\/select><\/span> <\/label>\n<\/p>\n<p><label> Il tuo messaggio<br \/>\n<span class=\"wpcf7-form-control-wrap\" data-name=\"your-message\"><textarea cols=\"40\" rows=\"10\" maxlength=\"2000\" class=\"wpcf7-form-control wpcf7-textarea wpcf7-validates-as-required\" aria-required=\"true\" aria-invalid=\"false\" name=\"your-message\"><\/textarea><\/span> <\/label>\n<\/p>\n<p><label> Il tuo file (opzionale)<br \/>\n<span class=\"wpcf7-form-control-wrap\" data-name=\"file-978\"><input size=\"40\" class=\"wpcf7-form-control wpcf7-file\" accept=\"audio\/*,video\/*,image\/*\" aria-invalid=\"false\" type=\"file\" name=\"file-978\" \/><\/span> <\/label>\n<\/p>\n<p><span class=\"wpcf7-form-control-wrap\" data-name=\"quiz-747\"><label><span class=\"wpcf7-quiz-label\">2+6=?<\/span> <input size=\"40\" class=\"wpcf7-form-control wpcf7-quiz\" autocomplete=\"off\" aria-required=\"true\" aria-invalid=\"false\" type=\"text\" name=\"quiz-747\" \/><\/label><input type=\"hidden\" name=\"_wpcf7_quiz_answer_quiz-747\" value=\"34fe0dce70d770da3a4b02c0e1fa88fe\" \/><\/span>\n<\/p>\n<p><input class=\"wpcf7-form-control wpcf7-submit has-spinner\" type=\"submit\" value=\"Invia\" \/>\n<\/p><div class=\"wpcf7-response-output\" aria-hidden=\"true\"><\/div>\n<\/form>\n<\/div>\n\t\n\t<h3>\n\t\t\t\tCosa possiamo personalizzare per il tuo scatola di gioco?\n\t\t\t<\/h3>\n\t<meta itemprop=\"url\" content=\"https:\/\/www.hicreategames.com\/wp-content\/uploads\/2022\/04\/custom-boxes-workshop.mp4\" \/><div style=\"width: 640px;\" class=\"wp-video\"><video class=\"wp-video-shortcode\" id=\"video-3838-1\" width=\"640\" height=\"360\" preload=\"metadata\" controls=\"controls\"><source type=\"video\/mp4\" src=\"https:\/\/www.hicreategames.com\/wp-content\/uploads\/2022\/04\/custom-boxes-workshop.mp4?_=1\" \/><source type=\"video\/mp4\" src=\"https:\/\/www.hicreategames.com\/wp-content\/uploads\/2022\/04\/custom-boxes-workshop.mp4?_=1\" \/><a href=\"https:\/\/www.hicreategames.com\/wp-content\/uploads\/2022\/04\/custom-boxes-workshop.mp4\">https:\/\/www.hicreategames.com\/wp-content\/uploads\/2022\/04\/custom-boxes-workshop.mp4<\/a><\/video><\/div>\n\t<ul>\n<li>Piega sopra\/ribalta superiore\/coperchio e fondo\/latta\/plastica\/rimboccatura o formato personalizzato<\/li>\n<\/ul>\n\t<ul>\n<li>157 gsm <span id=\"su_tooltip_69fd7bdce4466_button\" class=\"su-tooltip-button su-tooltip-button-outline-yes\" aria-describedby=\"su_tooltip_69fd7bdce4466\" data-settings='{\"position\":\"top\",\"behavior\":\"hover\",\"hideDelay\":0}' tabindex=\"0\">C2S<\/span><span style=\"display:none;z-index:100\" id=\"su_tooltip_69fd7bdce4466\" class=\"su-tooltip\" role=\"tooltip\"><span class=\"su-tooltip-inner su-tooltip-shadow-yes\" style=\"z-index:100;background:#ffffff;color:#00000;font-size:14px;border-radius:5px;text-align:left;max-width:300px;line-height:1.25\"><span class=\"su-tooltip-title\"><\/span><span class=\"su-tooltip-content su-u-trim\">rivestito su due lati<\/span><\/span><span id=\"su_tooltip_69fd7bdce4466_arrow\" class=\"su-tooltip-arrow\" style=\"z-index:100;background:#ffffff\" data-popper-arrow><\/span><\/span> + cartone grigio + carta da imballaggio nera<\/li>\n<\/ul>\n\t<ul>\n<li>1,2 mm\/1,5 mm\/1,8 mm\/2,0 mm<\/li>\n<\/ul>\n\t<ul>\n<li>3-5 mm<\/li>\n<\/ul>\n\t<ul>\n<li>PDF, PSD, AI<\/li>\n<\/ul>\n\t<ul>\n<li>Almeno 300 ppi o superiore<\/li>\n<\/ul>\n\t<ul>\n<li>CMYK (ciano, magenta, giallo e nero).<\/li>\n<li>Il nero ha bisogno di nero puro (C:0 %,M:0% ,Y:0 %,K:100% )<\/li>\n<\/ul>\n\t<ul>\n<li>4C\/4C (stampa a 4 colori su 2 lati)<\/li>\n<li>4C\/0C (stampa a 4 colori su 1 lato)<\/li>\n<\/ul>\n\t<h3>\n\t\t\t\tCome scegliere lo spessore migliore per la tua scatola di gioco?\n\t\t\t<\/h3>\n\t\t\t\t<img loading=\"lazy\" decoding=\"async\" src=\"https:\/\/www.hicreategames.com\/wp-content\/uploads\/2022\/04\/game-box-thickness.jpg\" alt=\"spessore della scatola del gioco\" itemprop=\"image\" height=\"497\" width=\"957\" title=\"spessore della scatola del gioco\" onerror=\"this.style.display='none'\"  \/>\n\t<p>\u00c8 molto importante scegliere lo spessore della carta corretto per la scatola del gioco. Troppo spesso non \u00e8 facile da piegare e il prezzo \u00e8 alto, e troppo sottile \u00e8 facile da deformare.<\/p>\n<p>Dicci la tua dimensione della scatola del gioco, ti forniremo la soluzione pi\u00f9 conveniente. Lo spiegheremo con esempi.<\/p>\n<ul>\n<li>Se le dimensioni della tua scatola del gioco sono 26*26*5 cm (lunghezza*larghezza*altezza), la sua larghezza espansa \u00e8 di 36 cm (26 cm+5 cm+5 cm). Il nostro pannello grigio di 1,5 mm di spessore sarebbe l&#8217;opzione pi\u00f9 conveniente.<\/li>\n<li>Se la larghezza espansa della tua scatola di gioco \u00e8 \u226540 cm, ti consigliamo di scegliere la tavola grigia con spessore di 1,8 mm.<\/li>\n<li>Se l&#8217;altezza della tua scatola di gioco \u00e8 \u22657 cm, ti suggeriamo di scegliere una tavola grigia con spessore \u22651,8 mm.<\/li>\n<\/ul>\n\t<h3>\n\t\t\t\tChe tipo di scatole possiamo produrre?\n\t\t\t<\/h3>\n\t\t\t\t<img loading=\"lazy\" decoding=\"async\" src=\"https:\/\/www.hicreategames.com\/wp-content\/uploads\/2022\/04\/RTE-Box.jpg\" alt=\"Scatola RTE\" itemprop=\"image\" height=\"426\" width=\"640\" title=\"Scatola RTE\" onerror=\"this.style.display='none'\"  \/>\n\t<h5>\n\t\t\t\tRTE\n\t\t\t<\/h5>\n\t\t\t<p>RTE significa Reverse Tuck End, questa scatola ha alette sia sulla parte superiore che inferiore della scatola. Viene comunemente utilizzato per confezionare prodotti di piccole e medie dimensioni. \u00c8 noto per la sua durata e facilit\u00e0 di montaggio.<\/p>\n\t\t\t\t<img loading=\"lazy\" decoding=\"async\" src=\"https:\/\/www.hicreategames.com\/wp-content\/uploads\/2022\/04\/Flip-Over-Rigid-Box.jpg\" alt=\"Scatola rigida ribaltabile\" itemprop=\"image\" height=\"426\" width=\"640\" title=\"Scatola rigida ribaltabile\" onerror=\"this.style.display='none'\"  \/>\n\t<h5>\n\t\t\t\tRigid Flip-Over\n\t\t\t<\/h5>\n\t\t\t<p>Il design di una scatola rigida ribaltabile include tipicamente linguette o alette ad incastro che fissano il coperchio in posizione e angoli o bordi rinforzati per evitare schiacciamenti o piegature.<\/p>\n\t\t\t\t<img loading=\"lazy\" decoding=\"async\" src=\"https:\/\/www.hicreategames.com\/wp-content\/uploads\/2022\/04\/ABTT-TTAB-Box.jpg\" alt=\"ABTT TTAB Box\" itemprop=\"image\" height=\"426\" width=\"640\" title=\"ABTT TTAB Box\" onerror=\"this.style.display='none'\"  \/>\n\t<h5>\n\t\t\t\tABTT \/ TTAB\n\t\t\t<\/h5>\n\t\t\t<p>ABTT \/ TTAB significa Auto Bottom Tuck Top o Tuck Top Auto Bottom, questa scatola ha un fondo pi\u00f9 resistente rispetto alle altre scatole ma \u00e8 pi\u00f9 costosa delle altre.<\/p>\n\t\t\t\t<img loading=\"lazy\" decoding=\"async\" src=\"https:\/\/www.hicreategames.com\/wp-content\/uploads\/2022\/04\/TTSLB-SLBTT-Box.jpg\" alt=\"Scatola TTSLB SLBTT\" itemprop=\"image\" height=\"426\" width=\"640\" title=\"Scatola TTSLB SLBTT\" onerror=\"this.style.display='none'\"  \/>\n\t<h5>\n\t\t\t\tTTSLB \/ SLBTT\n\t\t\t<\/h5>\n\t\t\t<p>TTSLB \/ SLBTT significa Tuck Top Snap lock Bottom o Snap Lock Bottom Tuck Top, questa scatola richiede poco o nessun nastro, \u00e8 un po&#8217; pi\u00f9 economica.<\/p>\n\t\t\t\t<img loading=\"lazy\" decoding=\"async\" src=\"https:\/\/www.hicreategames.com\/wp-content\/uploads\/2022\/04\/Book-style-SLBTT-Box.jpg\" alt=\"Scatola SLBTT a libro\" itemprop=\"image\" height=\"426\" width=\"640\" title=\"Scatola SLBTT a libro\" onerror=\"this.style.display='none'\"  \/>\n\t<h5>\n\t\t\t\tSnap Lock Bottom\n\t\t\t<\/h5>\n\t\t\t<p>La scatola SLB (Snap Lock Bottom) ha un design unico che consente di installarla facilmente senza nastro adesivo o colla. Il fondo della scatola scatta in posizione, mentre i lati e la parte superiore sono ripiegati e fissati con del nastro adesivo.<\/p>\n\t\t\t\t<img loading=\"lazy\" decoding=\"async\" src=\"https:\/\/www.hicreategames.com\/wp-content\/uploads\/2022\/04\/RETF-Box.jpg\" alt=\"Scatola RETF\" itemprop=\"image\" height=\"426\" width=\"640\" title=\"Scatola RETF\" onerror=\"this.style.display='none'\"  \/>\n\t<h5>\n\t\t\t\tRETF\n\t\t\t<\/h5>\n\t\t\t<p>Il pannello frontale della scatola RETF (Roll End Tuck Front) ha un risvolto che si blocca nella scatola quando \u00e8 chiuso, mentre il pannello posteriore ha un meccanismo di bloccaggio a fessura. Questo meccanismo di bloccaggio protegge il contenuto della scatola all&#8217;interno.<\/p>\n\t\t\t\t<img loading=\"lazy\" decoding=\"async\" src=\"https:\/\/www.hicreategames.com\/wp-content\/uploads\/2022\/04\/RETT-Box.jpg\" alt=\"Scatola RETT\" itemprop=\"image\" height=\"426\" width=\"640\" title=\"Scatola RETT\" onerror=\"this.style.display='none'\"  \/>\n\t<h5>\n\t\t\t\tRETT\n\t\t\t<\/h5>\n\t\t\t<p>RETT significa Roll End Tuck Top, \u00e8 progettato con una chiusura tuck top e una chiusura roll end su ciascuna estremit\u00e0. La chiusura tuck top \u00e8 formata piegando i lembi verso l&#8217;interno, mentre la chiusura roll-end \u00e8 formata infilando i lembi nelle fessure.<\/p>\n\t\t\t\t<img loading=\"lazy\" decoding=\"async\" src=\"https:\/\/www.hicreategames.com\/wp-content\/uploads\/2022\/04\/RFRS-Box.jpg\" alt=\"Casella RFRS\" itemprop=\"image\" height=\"426\" width=\"640\" title=\"Casella RFRS\" onerror=\"this.style.display='none'\"  \/>\n\t<h5>\n\t\t\t\tRFRS\n\t\t\t<\/h5>\n\t\t\t<p>RFRS significa Roll Front Roll Side. \u00c8 una soluzione di imballaggio versatile che offre opzioni di praticit\u00e0, durata e personalizzazione alle aziende di vari settori.<\/p>\n\t\t\t\t<img loading=\"lazy\" decoding=\"async\" src=\"https:\/\/www.hicreategames.com\/wp-content\/uploads\/2022\/04\/PDQ-Box.jpg\" alt=\"Scatola PDQ\" itemprop=\"image\" height=\"426\" width=\"640\" title=\"Scatola PDQ\" onerror=\"this.style.display='none'\"  \/>\n\t<h5>\n\t\t\t\tPDQ\n\t\t\t<\/h5>\n\t\t\t<p>PDQ sta per &#8220;Pretty Darn Quick&#8221; ed \u00e8 un termine spesso usato per riferirsi a una scatola preconfezionata o un&#8217;esposizione di prodotti che possono essere allestiti rapidamente e facilmente in un negozio. \u00c8 progettato per catturare l&#8217;attenzione del cliente e incoraggiare l&#8217;acquisto.<\/p>\n\t\t\t\t<img loading=\"lazy\" decoding=\"async\" src=\"https:\/\/www.hicreategames.com\/wp-content\/uploads\/2022\/04\/FSE-Box.jpg\" alt=\"Scatola FSE\" itemprop=\"image\" height=\"426\" width=\"640\" title=\"Scatola FSE\" onerror=\"this.style.display='none'\"  \/>\n\t<h5>\n\t\t\t\tFSE\n\t\t\t<\/h5>\n\t\t\t<p>FSE significa Full Seal End, questa scatola \u00e8 costruita con due paia di alette in alto e in basso. I lembi inferiori sono piegati verso l&#8217;interno e quelli superiori sono piegati verso l&#8217;esterno, quindi sigillati infilando i lembi esterni nei lembi interni.<\/p>\n\t\t\t\t<img loading=\"lazy\" decoding=\"async\" src=\"https:\/\/www.hicreategames.com\/wp-content\/uploads\/2022\/04\/DGSW-Box.jpg\" alt=\"Scatola DGSW\" itemprop=\"image\" height=\"426\" width=\"640\" title=\"Scatola DGSW\" onerror=\"this.style.display='none'\"  \/>\n\t<h5>\n\t\t\t\tDGSW\n\t\t\t<\/h5>\n\t\t\t<p>DGSW significa Double Glued Sidewall Tray, questa scatola ha la forma di un normale vassoio ed \u00e8 perfetta per risparmiare spazio. Questa scatola ha una struttura simile a un vassoio con pareti laterali a doppio strato per una maggiore resistenza e stabilit\u00e0.<\/p>\n\t\t\t\t<img loading=\"lazy\" decoding=\"async\" src=\"https:\/\/www.hicreategames.com\/wp-content\/uploads\/2022\/04\/Top-And-Bottom-Box.jpg\" alt=\"Casella superiore e inferiore\" itemprop=\"image\" height=\"426\" width=\"640\" title=\"Casella superiore e inferiore\" onerror=\"this.style.display='none'\"  \/>\n\t<h5>\n\t\t\t\tTop And Bottom\n\t\t\t<\/h5>\n\t\t\t<p>Il design della scatola \u00e8 semplicistico: il coperchio e la base (superiore e inferiore). \u00c8 una scatola con un coperchio sollevabile che pu\u00f2 essere facilmente sollevato per accedere al contenuto all&#8217;interno. Il coperchio \u00e8 solitamente progettato per adattarsi perfettamente alla parte superiore della scatola.<\/p>\n\t<h3>\n\t\t\t\tMateriali delle scatole\n\t\t\t<\/h3>\n\t\t\t<p>Le scatole personalizzate possono essere realizzate con materiali diversi, tra cui cartone, metallo e plastica. La scelta del materiale dipende dal tipo di componenti del gioco da tavolo da imballare, dal loro peso e dal livello di protezione.<\/p>\t\n\t\t\t\t<img loading=\"lazy\" decoding=\"async\" src=\"https:\/\/www.hicreategames.com\/wp-content\/uploads\/2023\/03\/Scatola-da-gioco-in-carta.jpg\" alt=\"Scatola da gioco in carta\" itemprop=\"image\" height=\"426\" width=\"640\" title=\"Scatola da gioco in carta\" onerror=\"this.style.display='none'\"  \/>\n\t<h5>\n\t\t\t\tScatola da gioco in carta\n\t\t\t<\/h5>\n\t\t\t<p>\u00c8 il materiale pi\u00f9 comune utilizzato per le scatole da gioco. \u00c8 economico, leggero e di solito presenta grafica colorata e opere d&#8217;arte relative al gioco.<\/p>\n\t\t\t\t<img loading=\"lazy\" decoding=\"async\" src=\"https:\/\/www.hicreategames.com\/wp-content\/uploads\/2023\/03\/Scatola-da-gioco-in-metallo.jpg\" alt=\"Scatola da gioco in metallo\" itemprop=\"image\" height=\"426\" width=\"640\" title=\"Scatola da gioco in metallo\" onerror=\"this.style.display='none'\"  \/>\n\t<h5>\n\t\t\t\tScatola da gioco in metallo\n\t\t\t<\/h5>\n\t\t\t<p>Queste scatole sono generalmente realizzate in metallo leggero come alluminio o stagno. Sono progettati per essere durevoli, portatili e fornire una migliore protezione.<\/p>\t\n\t\t\t\t<img loading=\"lazy\" decoding=\"async\" src=\"https:\/\/www.hicreategames.com\/wp-content\/uploads\/2023\/03\/Scatola-da-gioco-in-plastica.jpg\" alt=\"Scatola da gioco in plastica\" itemprop=\"image\" height=\"426\" width=\"640\" title=\"Scatola da gioco in plastica\" onerror=\"this.style.display='none'\"  \/>\n\t<h5>\n\t\t\t\tScatola da gioco in plastica\n\t\t\t<\/h5>\n\t\t\t<p>Queste scatole da gioco in plastica sono generalmente progettate con scomparti o vassoi per aiutare a organizzare i pezzi del gioco e i mazzi di carte all&#8217;interno.<\/p>\n\t\t\t\t<img loading=\"lazy\" decoding=\"async\" src=\"https:\/\/www.hicreategames.com\/wp-content\/uploads\/2022\/04\/custom-board-game-boxes.png\" alt=\"scatole di giochi da tavolo personalizzate\" itemprop=\"image\" height=\"500\" width=\"500\" title=\"scatole di giochi da tavolo personalizzate\" onerror=\"this.style.display='none'\"  \/>\n\t<h3>\n\t\t\t\tMettiti in contatto con noi ora\n\t\t\t<\/h3>\n\t\n<div class=\"wpcf7 no-js\" id=\"wpcf7-f3829-o2\" lang=\"it-IT\" dir=\"ltr\" data-wpcf7-id=\"3829\">\n<div class=\"screen-reader-response\"><p role=\"status\" aria-live=\"polite\" aria-atomic=\"true\"><\/p> <ul><\/ul><\/div>\n<form action=\"\/it\/wp-json\/wp\/v2\/pages\/3838#wpcf7-f3829-o2\" method=\"post\" class=\"wpcf7-form init\" aria-label=\"Modulo di contatto\" enctype=\"multipart\/form-data\" novalidate=\"novalidate\" data-status=\"init\">\n<fieldset class=\"hidden-fields-container\"><input type=\"hidden\" name=\"_wpcf7\" value=\"3829\" \/><input type=\"hidden\" name=\"_wpcf7_version\" value=\"6.1.5\" \/><input type=\"hidden\" name=\"_wpcf7_locale\" value=\"it_IT\" \/><input type=\"hidden\" name=\"_wpcf7_unit_tag\" value=\"wpcf7-f3829-o2\" \/><input type=\"hidden\" name=\"_wpcf7_container_post\" value=\"0\" \/><input type=\"hidden\" name=\"_wpcf7_posted_data_hash\" value=\"\" \/><input type=\"hidden\" name=\"_wpcf7_recaptcha_response\" value=\"\" \/>\n<\/fieldset>\n<p><label> Il tuo nome<br \/>\n<span class=\"wpcf7-form-control-wrap\" data-name=\"your-name\"><input size=\"40\" maxlength=\"400\" class=\"wpcf7-form-control wpcf7-text wpcf7-validates-as-required\" aria-required=\"true\" aria-invalid=\"false\" value=\"\" type=\"text\" name=\"your-name\" \/><\/span> <\/label>\n<\/p>\n<p><label> La tua email<br \/>\n<span class=\"wpcf7-form-control-wrap\" data-name=\"your-email\"><input size=\"40\" maxlength=\"400\" class=\"wpcf7-form-control wpcf7-email wpcf7-validates-as-required wpcf7-text wpcf7-validates-as-email\" aria-required=\"true\" aria-invalid=\"false\" value=\"\" type=\"email\" name=\"your-email\" \/><\/span> <\/label>\n<\/p>\n<p><label> Quantit\u00e0 minima ordinabile<br \/>\n<span class=\"wpcf7-form-control-wrap\" data-name=\"menu-734\"><select class=\"wpcf7-form-control wpcf7-select wpcf7-validates-as-required\" aria-required=\"true\" aria-invalid=\"false\" name=\"menu-734\"><option value=\"\">&#8212;Seleziona un&#039;opzione&#8212;<\/option><option value=\"300\">300<\/option><option value=\"500\">500<\/option><option value=\"1000\">1000<\/option><\/select><\/span> <\/label>\n<\/p>\n<p><label> Il tuo messaggio<br \/>\n<span class=\"wpcf7-form-control-wrap\" data-name=\"your-message\"><textarea cols=\"40\" rows=\"10\" maxlength=\"2000\" class=\"wpcf7-form-control wpcf7-textarea wpcf7-validates-as-required\" aria-required=\"true\" aria-invalid=\"false\" name=\"your-message\"><\/textarea><\/span> <\/label>\n<\/p>\n<p><label> Il tuo file (opzionale)<br \/>\n<span class=\"wpcf7-form-control-wrap\" data-name=\"file-978\"><input size=\"40\" class=\"wpcf7-form-control wpcf7-file\" accept=\"audio\/*,video\/*,image\/*\" aria-invalid=\"false\" type=\"file\" name=\"file-978\" \/><\/span> <\/label>\n<\/p>\n<p><span class=\"wpcf7-form-control-wrap\" data-name=\"quiz-747\"><label><span class=\"wpcf7-quiz-label\">2+6=?<\/span> <input size=\"40\" class=\"wpcf7-form-control wpcf7-quiz\" autocomplete=\"off\" aria-required=\"true\" aria-invalid=\"false\" type=\"text\" name=\"quiz-747\" \/><\/label><input type=\"hidden\" name=\"_wpcf7_quiz_answer_quiz-747\" value=\"34fe0dce70d770da3a4b02c0e1fa88fe\" \/><\/span>\n<\/p>\n<p><input class=\"wpcf7-form-control wpcf7-submit has-spinner\" type=\"submit\" value=\"Invia\" \/>\n<\/p><div class=\"wpcf7-response-output\" aria-hidden=\"true\"><\/div>\n<\/form>\n<\/div>\n\n\n","protected":false},"excerpt":{"rendered":"<p>Personalizza e realizza le tue scatola giochi da tavolo Contattaci e carica le tue idee Cosa possiamo personalizzare per il tuo scatola di gioco? Piega sopra\/ribalta superiore\/coperchio e fondo\/latta\/plastica\/rimboccatura o formato personalizzato 157 gsm + cartone grigio + carta da imballaggio nera 1,2 mm\/1,5 mm\/1,8 mm\/2,0 mm 3-5 mm PDF, [&hellip;]<\/p>\n","protected":false},"author":1,"featured_media":0,"parent":0,"menu_order":0,"comment_status":"closed","ping_status":"closed","template":"","meta":{"site-sidebar-layout":"no-sidebar","site-content-layout":"page-builder","ast-site-content-layout":"default","site-content-style":"default","site-sidebar-style":"default","ast-global-header-display":"","ast-banner-title-visibility":"","ast-main-header-display":"","ast-hfb-above-header-display":"","ast-hfb-below-header-display":"","ast-hfb-mobile-header-display":"","site-post-title":"disabled","ast-breadcrumbs-content":"","ast-featured-img":"disabled","footer-sml-layout":"","ast-disable-related-posts":"","theme-transparent-header-meta":"default","adv-header-id-meta":"","stick-header-meta":"default","header-above-stick-meta":"","header-main-stick-meta":"","header-below-stick-meta":"","astra-migrate-meta-layouts":"default","ast-page-background-enabled":"default","ast-page-background-meta":{"desktop":{"background-color":"","background-image":"","background-repeat":"repeat","background-position":"center center","background-size":"auto","background-attachment":"scroll","background-type":"","background-media":"","overlay-type":"","overlay-color":"","overlay-opacity":"","overlay-gradient":""},"tablet":{"background-color":"","background-image":"","background-repeat":"repeat","background-position":"center center","background-size":"auto","background-attachment":"scroll","background-type":"","background-media":"","overlay-type":"","overlay-color":"","overlay-opacity":"","overlay-gradient":""},"mobile":{"background-color":"","background-image":"","background-repeat":"repeat","background-position":"center center","background-size":"auto","background-attachment":"scroll","background-type":"","background-media":"","overlay-type":"","overlay-color":"","overlay-opacity":"","overlay-gradient":""}},"ast-content-background-meta":{"desktop":{"background-color":"var(--ast-global-color-5)","background-image":"","background-repeat":"repeat","background-position":"center center","background-size":"auto","background-attachment":"scroll","background-type":"","background-media":"","overlay-type":"","overlay-color":"","overlay-opacity":"","overlay-gradient":""},"tablet":{"background-color":"var(--ast-global-color-5)","background-image":"","background-repeat":"repeat","background-position":"center center","background-size":"auto","background-attachment":"scroll","background-type":"","background-media":"","overlay-type":"","overlay-color":"","overlay-opacity":"","overlay-gradient":""},"mobile":{"background-color":"var(--ast-global-color-5)","background-image":"","background-repeat":"repeat","background-position":"center center","background-size":"auto","background-attachment":"scroll","background-type":"","background-media":"","overlay-type":"","overlay-color":"","overlay-opacity":"","overlay-gradient":""}},"footnotes":""},"class_list":["post-3838","page","type-page","status-publish","hentry"],"_links":{"self":[{"href":"https:\/\/www.hicreategames.com\/it\/wp-json\/wp\/v2\/pages\/3838","targetHints":{"allow":["GET"]}}],"collection":[{"href":"https:\/\/www.hicreategames.com\/it\/wp-json\/wp\/v2\/pages"}],"about":[{"href":"https:\/\/www.hicreategames.com\/it\/wp-json\/wp\/v2\/types\/page"}],"author":[{"embeddable":true,"href":"https:\/\/www.hicreategames.com\/it\/wp-json\/wp\/v2\/users\/1"}],"replies":[{"embeddable":true,"href":"https:\/\/www.hicreategames.com\/it\/wp-json\/wp\/v2\/comments?post=3838"}],"version-history":[{"count":3,"href":"https:\/\/www.hicreategames.com\/it\/wp-json\/wp\/v2\/pages\/3838\/revisions"}],"predecessor-version":[{"id":26214,"href":"https:\/\/www.hicreategames.com\/it\/wp-json\/wp\/v2\/pages\/3838\/revisions\/26214"}],"wp:attachment":[{"href":"https:\/\/www.hicreategames.com\/it\/wp-json\/wp\/v2\/media?parent=3838"}],"curies":[{"name":"wp","href":"https:\/\/api.w.org\/{rel}","templated":true}]}}