{"id":3840,"date":"2022-04-19T03:44:01","date_gmt":"2022-04-19T03:44:01","guid":{"rendered":"https:\/\/www.hicreategames.com\/pezzi-di-gioco-personalizzati\/"},"modified":"2025-08-26T11:32:25","modified_gmt":"2025-08-26T11:32:25","slug":"pezzi-di-gioco-personalizzati","status":"publish","type":"page","link":"https:\/\/www.hicreategames.com\/it\/pezzi-di-gioco-personalizzati\/","title":{"rendered":"Pezzi di gioco personalizzati"},"content":{"rendered":"\n<h3>\n\t\tPersonalizza e realizza i tuoi pezzi di gioco\n\t<\/h3>\n\t\t\t<a href=\"#\" role=\"button\">\n\t\t\t\t\t\t\tContattaci e carica le tue idee\n\t\t\t<\/a>\n\t\t\n<div class=\"wpcf7 no-js\" id=\"wpcf7-f3829-o1\" lang=\"it-IT\" dir=\"ltr\" data-wpcf7-id=\"3829\">\n<div class=\"screen-reader-response\"><p role=\"status\" aria-live=\"polite\" aria-atomic=\"true\"><\/p> <ul><\/ul><\/div>\n<form action=\"\/it\/wp-json\/wp\/v2\/pages\/3840#wpcf7-f3829-o1\" method=\"post\" class=\"wpcf7-form init\" aria-label=\"Modulo di contatto\" enctype=\"multipart\/form-data\" novalidate=\"novalidate\" data-status=\"init\">\n<fieldset class=\"hidden-fields-container\"><input type=\"hidden\" name=\"_wpcf7\" value=\"3829\" \/><input type=\"hidden\" name=\"_wpcf7_version\" value=\"6.1.5\" \/><input type=\"hidden\" name=\"_wpcf7_locale\" value=\"it_IT\" \/><input type=\"hidden\" name=\"_wpcf7_unit_tag\" value=\"wpcf7-f3829-o1\" \/><input type=\"hidden\" name=\"_wpcf7_container_post\" value=\"0\" \/><input type=\"hidden\" name=\"_wpcf7_posted_data_hash\" value=\"\" \/><input type=\"hidden\" name=\"_wpcf7_recaptcha_response\" value=\"\" \/>\n<\/fieldset>\n<p><label> Il tuo nome<br \/>\n<span class=\"wpcf7-form-control-wrap\" data-name=\"your-name\"><input size=\"40\" maxlength=\"400\" class=\"wpcf7-form-control wpcf7-text wpcf7-validates-as-required\" aria-required=\"true\" aria-invalid=\"false\" value=\"\" type=\"text\" name=\"your-name\" \/><\/span> <\/label>\n<\/p>\n<p><label> La tua email<br \/>\n<span class=\"wpcf7-form-control-wrap\" data-name=\"your-email\"><input size=\"40\" maxlength=\"400\" class=\"wpcf7-form-control wpcf7-email wpcf7-validates-as-required wpcf7-text wpcf7-validates-as-email\" aria-required=\"true\" aria-invalid=\"false\" value=\"\" type=\"email\" name=\"your-email\" \/><\/span> <\/label>\n<\/p>\n<p><label> Quantit\u00e0 minima ordinabile<br \/>\n<span class=\"wpcf7-form-control-wrap\" data-name=\"menu-734\"><select class=\"wpcf7-form-control wpcf7-select wpcf7-validates-as-required\" aria-required=\"true\" aria-invalid=\"false\" name=\"menu-734\"><option value=\"\">&#8212;Seleziona un&#039;opzione&#8212;<\/option><option value=\"300\">300<\/option><option value=\"500\">500<\/option><option value=\"1000\">1000<\/option><\/select><\/span> <\/label>\n<\/p>\n<p><label> Il tuo messaggio<br \/>\n<span class=\"wpcf7-form-control-wrap\" data-name=\"your-message\"><textarea cols=\"40\" rows=\"10\" maxlength=\"2000\" class=\"wpcf7-form-control wpcf7-textarea wpcf7-validates-as-required\" aria-required=\"true\" aria-invalid=\"false\" name=\"your-message\"><\/textarea><\/span> <\/label>\n<\/p>\n<p><label> Il tuo file (opzionale)<br \/>\n<span class=\"wpcf7-form-control-wrap\" data-name=\"file-978\"><input size=\"40\" class=\"wpcf7-form-control wpcf7-file\" accept=\"audio\/*,video\/*,image\/*\" aria-invalid=\"false\" type=\"file\" name=\"file-978\" \/><\/span> <\/label>\n<\/p>\n<p><span class=\"wpcf7-form-control-wrap\" data-name=\"quiz-747\"><label><span class=\"wpcf7-quiz-label\">2+6=?<\/span> <input size=\"40\" class=\"wpcf7-form-control wpcf7-quiz\" autocomplete=\"off\" aria-required=\"true\" aria-invalid=\"false\" type=\"text\" name=\"quiz-747\" \/><\/label><input type=\"hidden\" name=\"_wpcf7_quiz_answer_quiz-747\" value=\"34fe0dce70d770da3a4b02c0e1fa88fe\" \/><\/span>\n<\/p>\n<p><input class=\"wpcf7-form-control wpcf7-submit has-spinner\" type=\"submit\" value=\"Invia\" \/>\n<\/p><div class=\"wpcf7-response-output\" aria-hidden=\"true\"><\/div>\n<\/form>\n<\/div>\n\t\n\t<h3>\n\t\t\t\tMateriali per i pezzi del gioco\n\t\t\t<\/h3>\n\t\t\t\t<img loading=\"lazy\" decoding=\"async\" src=\"https:\/\/www.hicreategames.com\/wp-content\/uploads\/2022\/04\/Wooden-Game-Pieces.jpg\" alt=\"Pezzi di gioco in legno\" itemprop=\"image\" height=\"426\" width=\"640\" title=\"Pezzi di gioco in legno\" onerror=\"this.style.display='none'\"  \/>\n\t<h5>\n\t\t\t\tPezzi di Gioco in Legno\n\t\t\t<\/h5>\n\t\t\t<p>Sono in genere realizzati in legno e sono progettati per essere durevoli, tattili e visivamente accattivanti. Alcuni esempi comuni di pezzi di gioco in legno includono pedine, dadi, cubi, dischi e meeple.<\/p>\t\n\t\t\t\t<img loading=\"lazy\" decoding=\"async\" src=\"https:\/\/www.hicreategames.com\/wp-content\/uploads\/2022\/04\/Plastic-Game-Pieces.jpg\" alt=\"Pezzi di gioco in plastica\" itemprop=\"image\" height=\"426\" width=\"640\" title=\"Pezzi di gioco in plastica\" onerror=\"this.style.display='none'\"  \/>\n\t<h5>\n\t\t\t\tPiece di Gioco di Plastica\n\t\t\t<\/h5>\n\t\t\t<p>I pezzi di gioco in plastica sono spesso preferiti da altri materiali come il metallo o il legno perch\u00e9 sono convenienti, leggeri, durevoli e possono essere fabbricati in un&#8217;ampia variet\u00e0 di forme e colori.<\/p>\t\n\t\t\t\t<img loading=\"lazy\" decoding=\"async\" src=\"https:\/\/www.hicreategames.com\/wp-content\/uploads\/2022\/04\/Metal-Game-Pieces.jpg\" alt=\"Pezzi di gioco in metallo\" itemprop=\"image\" height=\"426\" width=\"640\" title=\"Pezzi di gioco in metallo\" onerror=\"this.style.display='none'\"  \/>\n\t<h5>\n\t\t\t\tPieni di Gioco in Metallo\n\t\t\t<\/h5>\n\t\t\t<p>I pezzi di gioco di metallo possono essere realizzati in zinco, peltro, rame o alluminio attraverso i processi di fusione, timbratura o incisione. Sono preferiti per il loro peso, durata e aspetto premium.<\/p>\t\n<h3>\n\t\tProcessi di produzione di pezzi di gioco in legno\n\t<\/h3>\n\t\t\t\t<img loading=\"lazy\" decoding=\"async\" src=\"https:\/\/www.hicreategames.com\/wp-content\/uploads\/2022\/04\/wooden-raw-material.jpg\" alt=\"materia prima di legno\" itemprop=\"image\" height=\"125\" width=\"143\" title=\"materia prima di legno\" onerror=\"this.style.display='none'\"  \/>\n<h6>\n\t\tMateriale grezzo\n\t<\/h6>\n\t\t\t\t<img loading=\"lazy\" decoding=\"async\" src=\"https:\/\/www.hicreategames.com\/wp-content\/uploads\/2022\/04\/wooden-distribution.jpg\" alt=\"distribuzione in legno\" itemprop=\"image\" height=\"126\" width=\"143\" title=\"distribuzione in legno\" onerror=\"this.style.display='none'\"  \/>\n<h6>\n\t\tDistribuzione\n\t<\/h6>\n\t\t\t\t<img loading=\"lazy\" decoding=\"async\" src=\"https:\/\/www.hicreategames.com\/wp-content\/uploads\/2022\/04\/wooden-cutting.jpg\" alt=\"taglio del legno\" itemprop=\"image\" height=\"127\" width=\"145\" title=\"taglio del legno\" onerror=\"this.style.display='none'\"  \/>\n<h6>\n\t\tTaglio\n\t<\/h6>\n\t\t\t\t<img loading=\"lazy\" decoding=\"async\" src=\"https:\/\/www.hicreategames.com\/wp-content\/uploads\/2022\/04\/wooden-game-pieces-polishing.jpg\" alt=\"lucidatura di pezzi di gioco in legno\" itemprop=\"image\" height=\"126\" width=\"146\" title=\"lucidatura di pezzi di gioco in legno\" onerror=\"this.style.display='none'\"  \/>\n<h6>\n\t\tLucidatura\n\t<\/h6>\n\t\t\t\t<img loading=\"lazy\" decoding=\"async\" src=\"https:\/\/www.hicreategames.com\/wp-content\/uploads\/2022\/04\/wooden-game-pieces-assembly.jpg\" alt=\"assemblaggio di pezzi di gioco in legno\" itemprop=\"image\" height=\"123\" width=\"144\" title=\"assemblaggio di pezzi di gioco in legno\" onerror=\"this.style.display='none'\"  \/>\n<h6>\n\t\tAssemblea\n\t<\/h6>\n\t\t\t\t<img loading=\"lazy\" decoding=\"async\" src=\"https:\/\/www.hicreategames.com\/wp-content\/uploads\/2022\/04\/wooden-game-pieces-printing.jpg\" alt=\"stampa di pezzi di gioco in legno\" itemprop=\"image\" height=\"123\" width=\"144\" title=\"stampa di pezzi di gioco in legno\" onerror=\"this.style.display='none'\"  \/>\n<h6>\n\t\tStampa\n\t<\/h6>\n\t\t\t\t<img loading=\"lazy\" decoding=\"async\" src=\"https:\/\/www.hicreategames.com\/wp-content\/uploads\/2022\/04\/wooden-game-pieces-shrink-wrap.jpg\" alt=\"pezzi di gioco in legno pellicola termoretraibile\" itemprop=\"image\" height=\"122\" width=\"144\" title=\"pezzi di gioco in legno pellicola termoretraibile\" onerror=\"this.style.display='none'\"  \/>\n<h6>\n\t\tInvolucro termoretraibile\n\t<\/h6>\n\t\t\t\t<img loading=\"lazy\" decoding=\"async\" src=\"https:\/\/www.hicreategames.com\/wp-content\/uploads\/2022\/04\/wooden-game-pieces-packaging.jpg\" alt=\"confezione di pezzi di gioco in legno\" itemprop=\"image\" height=\"123\" width=\"144\" title=\"confezione di pezzi di gioco in legno\" onerror=\"this.style.display='none'\"  \/>\n<h6>\n\t\tConfezione\n\t<\/h6>\n<h3>\n\t\tProcessi di produzione di pezzi di gioco in plastica\n\t<\/h3>\n\t\t\t\t<img loading=\"lazy\" decoding=\"async\" src=\"https:\/\/www.hicreategames.com\/wp-content\/uploads\/2022\/04\/make-layout.jpg\" alt=\"fare layout\" itemprop=\"image\" height=\"141\" width=\"160\" title=\"fare layout\" onerror=\"this.style.display='none'\"  \/>\n<h6>\n\t\tCrea layout\n\t<\/h6>\n\t\t\t\t<img loading=\"lazy\" decoding=\"async\" src=\"https:\/\/www.hicreategames.com\/wp-content\/uploads\/2022\/04\/creat-model.jpg\" alt=\"creare modello\" itemprop=\"image\" height=\"138\" width=\"159\" title=\"creare modello\" onerror=\"this.style.display='none'\"  \/>\n<h6>\n\t\tCrea modello\n\t<\/h6>\n\t\t\t\t<img loading=\"lazy\" decoding=\"async\" src=\"https:\/\/www.hicreategames.com\/wp-content\/uploads\/2022\/04\/injection.jpg\" alt=\"iniezione\" itemprop=\"image\" height=\"138\" width=\"159\" title=\"iniezione\" onerror=\"this.style.display='none'\"  \/>\n<h6>\n\t\tIniezione\n\t<\/h6>\n\t\t\t\t<img loading=\"lazy\" decoding=\"async\" src=\"https:\/\/www.hicreategames.com\/wp-content\/uploads\/2022\/04\/composing.jpg\" alt=\"comporre\" itemprop=\"image\" height=\"140\" width=\"159\" title=\"comporre\" onerror=\"this.style.display='none'\"  \/>\n<h6>\n\t\tComporre\n\t<\/h6>\n\t\t\t\t<img loading=\"lazy\" decoding=\"async\" src=\"https:\/\/www.hicreategames.com\/wp-content\/uploads\/2022\/04\/engraving.jpg\" alt=\"incisione\" itemprop=\"image\" height=\"141\" width=\"160\" title=\"incisione\" onerror=\"this.style.display='none'\"  \/>\n<h6>\n\t\tIncisione\n\t<\/h6>\n\t\t\t\t<img loading=\"lazy\" decoding=\"async\" src=\"https:\/\/www.hicreategames.com\/wp-content\/uploads\/2022\/04\/assembly-1.jpg\" alt=\"assemblaggio\" itemprop=\"image\" height=\"140\" width=\"161\" title=\"assemblaggio\" onerror=\"this.style.display='none'\"  \/>\n<h6>\n\t\tAssemblea\n\t<\/h6>\n\t\t\t\t<img loading=\"lazy\" decoding=\"async\" src=\"https:\/\/www.hicreategames.com\/wp-content\/uploads\/2022\/04\/inspection.jpg\" alt=\"ispezione\" itemprop=\"image\" height=\"141\" width=\"161\" title=\"ispezione\" onerror=\"this.style.display='none'\"  \/>\n<h6>\n\t\tIspezione\n\t<\/h6>\n\t\t\t\t<img loading=\"lazy\" decoding=\"async\" src=\"https:\/\/www.hicreategames.com\/wp-content\/uploads\/2022\/04\/packaging-1.jpg\" alt=\"confezione\" itemprop=\"image\" height=\"140\" width=\"160\" title=\"confezione\" onerror=\"this.style.display='none'\"  \/>\n<h6>\n\t\tConfezione\n\t<\/h6>\n<h3>\n\t\tProcessi di produzione di pezzi di gioco in metallo\n\t<\/h3>\n\t\t\t\t<img loading=\"lazy\" decoding=\"async\" src=\"https:\/\/www.hicreategames.com\/wp-content\/uploads\/2022\/04\/Metal-Pieces-Manufacturing.jpg\" alt=\"Produzione di pezzi di metallo\" itemprop=\"image\" height=\"390\" width=\"670\" title=\"Produzione di pezzi di metallo\" onerror=\"this.style.display='none'\"  \/>\n\t<ul>\n<li>Quasi i giochi da tavolo hanno pezzi di metallo, realizzati in lega di zinco e superfici elettroplaccate.<\/li>\n<li>La quantit\u00e0 minima dell&#8217;ordine (MOQ) \u00e8 di 500 pezzi e il prezzo dipende dalla complessit\u00e0 dei tuoi pezzi di metallo.<\/li>\n<li>Non \u00e8 possibile eseguire campioni 3D, produrli direttamente aprendo lo stampo.<\/li>\n<li>I campioni esistenti sono gratuiti.<\/li>\n<\/ul>\n<h3>\n\t\tPezzi di giochi da tavolo classici personalizzati\n\t<\/h3>\n\t\t\t\t<img loading=\"lazy\" decoding=\"async\" src=\"https:\/\/www.hicreategames.com\/wp-content\/uploads\/2023\/03\/Pezzi-de-Monopoly.jpg\" alt=\"Pezzi de Monopoly\" itemprop=\"image\" height=\"426\" width=\"640\" title=\"Pezzi de Monopoly\" onerror=\"this.style.display='none'\"  \/>\n\t<h5>\n\t\t\t\tPezzi de Monopoly\n\t\t\t<\/h5>\n\t\t\t<p>Personalizzando i tuoi pezzi Monopoly, possiamo aiutarti a creare una gamma pi\u00f9 ampia di opzioni e temi per questo classico gioco da tavolo. E fai in modo che i tuoi pezzi di gioco unici si distinguano dai pezzi standard di cane, gatto, cavallo, cannone e cappello Monopoly.<\/p>\t\n\t\t\t\t<img loading=\"lazy\" decoding=\"async\" src=\"https:\/\/www.hicreategames.com\/wp-content\/uploads\/2023\/03\/Pezzi-de-Colons-de-Catane.jpg\" alt=\"Pezzi de Colons de Catane\" itemprop=\"image\" height=\"426\" width=\"640\" title=\"Pezzi de Colons de Catane\" onerror=\"this.style.display='none'\"  \/>\n\t<h5>\n\t\t\t\tPezzi de Colons de Catane\n\t\t\t<\/h5>\n\t\t\t<p>Per migliorare l&#8217;estetica e la giocabilit\u00e0, possiamo aiutarti a personalizzare i tuoi pezzi di gioco Catan, ad esempio ridisegnando i tradizionali pezzi di Catan (porti, ladri, porti, strade, insediamenti e citt\u00e0) o aggiungendo nuovi pezzi di gioco che rappresentano risorse.<\/p>\t\n\t\t\t\t<img loading=\"lazy\" decoding=\"async\" src=\"https:\/\/www.hicreategames.com\/wp-content\/uploads\/2023\/03\/Pezzi-de-Risque.jpg\" alt=\"Pezzi de Risque\" itemprop=\"image\" height=\"426\" width=\"640\" title=\"Pezzi de Risque\" onerror=\"this.style.display='none'\"  \/>\n\t<h5>\n\t\t\t\tPezzi de Risque\n\t\t\t<\/h5>\n\t\t\t<p>La personalizzazione dei pezzi del gioco da tavolo Risk con design unici pu\u00f2 aggiungere personalizzazione e differenziazione al tuo gioco. Oltre a fanteria, cavalleria e artiglieria, possiamo aiutarti a personalizzare nuovi pezzi di truppa per aggiungere un nuovo livello di strategia al gioco.<\/p>\t\n<h3>\n\t\tI nostri recenti progetti di pezzi di gioco\n\t<\/h3>\n\t<meta itemprop=\"url\" content=\"https:\/\/www.hicreategames.com\/wp-content\/uploads\/2022\/04\/Wooden-Game-Pieces.mp4\" \/><div style=\"width: 640px;\" class=\"wp-video\"><video class=\"wp-video-shortcode\" id=\"video-3840-1\" width=\"640\" height=\"360\" preload=\"metadata\" controls=\"controls\"><source type=\"video\/mp4\" src=\"https:\/\/www.hicreategames.com\/wp-content\/uploads\/2022\/04\/Wooden-Game-Pieces.mp4?_=1\" \/><source type=\"video\/mp4\" src=\"https:\/\/www.hicreategames.com\/wp-content\/uploads\/2022\/04\/Wooden-Game-Pieces.mp4?_=1\" \/><a href=\"https:\/\/www.hicreategames.com\/wp-content\/uploads\/2022\/04\/Wooden-Game-Pieces.mp4\">https:\/\/www.hicreategames.com\/wp-content\/uploads\/2022\/04\/Wooden-Game-Pieces.mp4<\/a><\/video><\/div>\n\t<meta itemprop=\"url\" content=\"https:\/\/www.hicreategames.com\/wp-content\/uploads\/2022\/04\/Plastic-Game-Pieces.mp4\" \/><div style=\"width: 640px;\" class=\"wp-video\"><video class=\"wp-video-shortcode\" id=\"video-3840-2\" width=\"640\" height=\"360\" preload=\"metadata\" controls=\"controls\"><source type=\"video\/mp4\" src=\"https:\/\/www.hicreategames.com\/wp-content\/uploads\/2022\/04\/Plastic-Game-Pieces.mp4?_=2\" \/><source type=\"video\/mp4\" src=\"https:\/\/www.hicreategames.com\/wp-content\/uploads\/2022\/04\/Plastic-Game-Pieces.mp4?_=2\" \/><a href=\"https:\/\/www.hicreategames.com\/wp-content\/uploads\/2022\/04\/Plastic-Game-Pieces.mp4\">https:\/\/www.hicreategames.com\/wp-content\/uploads\/2022\/04\/Plastic-Game-Pieces.mp4<\/a><\/video><\/div>\n\t<meta itemprop=\"url\" content=\"https:\/\/www.hicreategames.com\/wp-content\/uploads\/2022\/04\/Metal-Game-Pieces.mp4\" \/><div style=\"width: 640px;\" class=\"wp-video\"><video class=\"wp-video-shortcode\" id=\"video-3840-3\" width=\"640\" height=\"360\" preload=\"metadata\" controls=\"controls\"><source type=\"video\/mp4\" src=\"https:\/\/www.hicreategames.com\/wp-content\/uploads\/2022\/04\/Metal-Game-Pieces.mp4?_=3\" \/><source type=\"video\/mp4\" src=\"https:\/\/www.hicreategames.com\/wp-content\/uploads\/2022\/04\/Metal-Game-Pieces.mp4?_=3\" \/><a href=\"https:\/\/www.hicreategames.com\/wp-content\/uploads\/2022\/04\/Metal-Game-Pieces.mp4\">https:\/\/www.hicreategames.com\/wp-content\/uploads\/2022\/04\/Metal-Game-Pieces.mp4<\/a><\/video><\/div>\n\t<meta itemprop=\"url\" content=\"https:\/\/www.hicreategames.com\/wp-content\/uploads\/2022\/04\/Custom-Made-Card-Game-Pieces.mp4\" \/><div style=\"width: 640px;\" class=\"wp-video\"><video class=\"wp-video-shortcode\" id=\"video-3840-4\" width=\"640\" height=\"360\" preload=\"metadata\" controls=\"controls\"><source type=\"video\/mp4\" src=\"https:\/\/www.hicreategames.com\/wp-content\/uploads\/2022\/04\/Custom-Made-Card-Game-Pieces.mp4?_=4\" \/><source type=\"video\/mp4\" src=\"https:\/\/www.hicreategames.com\/wp-content\/uploads\/2022\/04\/Custom-Made-Card-Game-Pieces.mp4?_=4\" \/><a href=\"https:\/\/www.hicreategames.com\/wp-content\/uploads\/2022\/04\/Custom-Made-Card-Game-Pieces.mp4\">https:\/\/www.hicreategames.com\/wp-content\/uploads\/2022\/04\/Custom-Made-Card-Game-Pieces.mp4<\/a><\/video><\/div>\n\t\t\t\t<img loading=\"lazy\" decoding=\"async\" src=\"https:\/\/www.hicreategames.com\/wp-content\/uploads\/2022\/04\/custom-game-pieces.png\" alt=\"pezzi di gioco personalizzati\" itemprop=\"image\" height=\"500\" width=\"500\" title=\"pezzi di gioco personalizzati\" onerror=\"this.style.display='none'\"  \/>\n\t<h3>\n\t\t\t\tContattaci\n\t\t\t<\/h3>\n\t\n<div class=\"wpcf7 no-js\" id=\"wpcf7-f3829-o2\" lang=\"it-IT\" dir=\"ltr\" data-wpcf7-id=\"3829\">\n<div class=\"screen-reader-response\"><p role=\"status\" aria-live=\"polite\" aria-atomic=\"true\"><\/p> <ul><\/ul><\/div>\n<form action=\"\/it\/wp-json\/wp\/v2\/pages\/3840#wpcf7-f3829-o2\" method=\"post\" class=\"wpcf7-form init\" aria-label=\"Modulo di contatto\" enctype=\"multipart\/form-data\" novalidate=\"novalidate\" data-status=\"init\">\n<fieldset class=\"hidden-fields-container\"><input type=\"hidden\" name=\"_wpcf7\" value=\"3829\" \/><input type=\"hidden\" name=\"_wpcf7_version\" value=\"6.1.5\" \/><input type=\"hidden\" name=\"_wpcf7_locale\" value=\"it_IT\" \/><input type=\"hidden\" name=\"_wpcf7_unit_tag\" value=\"wpcf7-f3829-o2\" \/><input type=\"hidden\" name=\"_wpcf7_container_post\" value=\"0\" \/><input type=\"hidden\" name=\"_wpcf7_posted_data_hash\" value=\"\" \/><input type=\"hidden\" name=\"_wpcf7_recaptcha_response\" value=\"\" \/>\n<\/fieldset>\n<p><label> Il tuo nome<br \/>\n<span class=\"wpcf7-form-control-wrap\" data-name=\"your-name\"><input size=\"40\" maxlength=\"400\" class=\"wpcf7-form-control wpcf7-text wpcf7-validates-as-required\" aria-required=\"true\" aria-invalid=\"false\" value=\"\" type=\"text\" name=\"your-name\" \/><\/span> <\/label>\n<\/p>\n<p><label> La tua email<br \/>\n<span class=\"wpcf7-form-control-wrap\" data-name=\"your-email\"><input size=\"40\" maxlength=\"400\" class=\"wpcf7-form-control wpcf7-email wpcf7-validates-as-required wpcf7-text wpcf7-validates-as-email\" aria-required=\"true\" aria-invalid=\"false\" value=\"\" type=\"email\" name=\"your-email\" \/><\/span> <\/label>\n<\/p>\n<p><label> Quantit\u00e0 minima ordinabile<br \/>\n<span class=\"wpcf7-form-control-wrap\" data-name=\"menu-734\"><select class=\"wpcf7-form-control wpcf7-select wpcf7-validates-as-required\" aria-required=\"true\" aria-invalid=\"false\" name=\"menu-734\"><option value=\"\">&#8212;Seleziona un&#039;opzione&#8212;<\/option><option value=\"300\">300<\/option><option value=\"500\">500<\/option><option value=\"1000\">1000<\/option><\/select><\/span> <\/label>\n<\/p>\n<p><label> Il tuo messaggio<br \/>\n<span class=\"wpcf7-form-control-wrap\" data-name=\"your-message\"><textarea cols=\"40\" rows=\"10\" maxlength=\"2000\" class=\"wpcf7-form-control wpcf7-textarea wpcf7-validates-as-required\" aria-required=\"true\" aria-invalid=\"false\" name=\"your-message\"><\/textarea><\/span> <\/label>\n<\/p>\n<p><label> Il tuo file (opzionale)<br \/>\n<span class=\"wpcf7-form-control-wrap\" data-name=\"file-978\"><input size=\"40\" class=\"wpcf7-form-control wpcf7-file\" accept=\"audio\/*,video\/*,image\/*\" aria-invalid=\"false\" type=\"file\" name=\"file-978\" \/><\/span> <\/label>\n<\/p>\n<p><span class=\"wpcf7-form-control-wrap\" data-name=\"quiz-747\"><label><span class=\"wpcf7-quiz-label\">2+6=?<\/span> <input size=\"40\" class=\"wpcf7-form-control wpcf7-quiz\" autocomplete=\"off\" aria-required=\"true\" aria-invalid=\"false\" type=\"text\" name=\"quiz-747\" \/><\/label><input type=\"hidden\" name=\"_wpcf7_quiz_answer_quiz-747\" value=\"34fe0dce70d770da3a4b02c0e1fa88fe\" \/><\/span>\n<\/p>\n<p><input class=\"wpcf7-form-control wpcf7-submit has-spinner\" type=\"submit\" value=\"Invia\" \/>\n<\/p><div class=\"wpcf7-response-output\" aria-hidden=\"true\"><\/div>\n<\/form>\n<\/div>\n\n\n","protected":false},"excerpt":{"rendered":"<p>Personalizza e realizza i tuoi pezzi di gioco Contattaci e carica le tue idee Materiali per i pezzi del gioco Pezzi di Gioco in Legno Sono in genere realizzati in legno e sono progettati per essere durevoli, tattili e visivamente accattivanti. Alcuni esempi comuni di pezzi di gioco in legno [&hellip;]<\/p>\n","protected":false},"author":1,"featured_media":0,"parent":0,"menu_order":0,"comment_status":"closed","ping_status":"closed","template":"","meta":{"site-sidebar-layout":"no-sidebar","site-content-layout":"page-builder","ast-site-content-layout":"full-width-container","site-content-style":"unboxed","site-sidebar-style":"unboxed","ast-global-header-display":"","ast-banner-title-visibility":"","ast-main-header-display":"","ast-hfb-above-header-display":"","ast-hfb-below-header-display":"","ast-hfb-mobile-header-display":"","site-post-title":"disabled","ast-breadcrumbs-content":"","ast-featured-img":"disabled","footer-sml-layout":"","ast-disable-related-posts":"","theme-transparent-header-meta":"default","adv-header-id-meta":"","stick-header-meta":"default","header-above-stick-meta":"","header-main-stick-meta":"","header-below-stick-meta":"","astra-migrate-meta-layouts":"default","ast-page-background-enabled":"default","ast-page-background-meta":{"desktop":{"background-color":"","background-image":"","background-repeat":"repeat","background-position":"center center","background-size":"auto","background-attachment":"scroll","background-type":"","background-media":"","overlay-type":"","overlay-color":"","overlay-opacity":"","overlay-gradient":""},"tablet":{"background-color":"","background-image":"","background-repeat":"repeat","background-position":"center center","background-size":"auto","background-attachment":"scroll","background-type":"","background-media":"","overlay-type":"","overlay-color":"","overlay-opacity":"","overlay-gradient":""},"mobile":{"background-color":"","background-image":"","background-repeat":"repeat","background-position":"center center","background-size":"auto","background-attachment":"scroll","background-type":"","background-media":"","overlay-type":"","overlay-color":"","overlay-opacity":"","overlay-gradient":""}},"ast-content-background-meta":{"desktop":{"background-color":"var(--ast-global-color-5)","background-image":"","background-repeat":"repeat","background-position":"center center","background-size":"auto","background-attachment":"scroll","background-type":"","background-media":"","overlay-type":"","overlay-color":"","overlay-opacity":"","overlay-gradient":""},"tablet":{"background-color":"var(--ast-global-color-5)","background-image":"","background-repeat":"repeat","background-position":"center center","background-size":"auto","background-attachment":"scroll","background-type":"","background-media":"","overlay-type":"","overlay-color":"","overlay-opacity":"","overlay-gradient":""},"mobile":{"background-color":"var(--ast-global-color-5)","background-image":"","background-repeat":"repeat","background-position":"center center","background-size":"auto","background-attachment":"scroll","background-type":"","background-media":"","overlay-type":"","overlay-color":"","overlay-opacity":"","overlay-gradient":""}},"footnotes":""},"class_list":["post-3840","page","type-page","status-publish","hentry"],"_links":{"self":[{"href":"https:\/\/www.hicreategames.com\/it\/wp-json\/wp\/v2\/pages\/3840","targetHints":{"allow":["GET"]}}],"collection":[{"href":"https:\/\/www.hicreategames.com\/it\/wp-json\/wp\/v2\/pages"}],"about":[{"href":"https:\/\/www.hicreategames.com\/it\/wp-json\/wp\/v2\/types\/page"}],"author":[{"embeddable":true,"href":"https:\/\/www.hicreategames.com\/it\/wp-json\/wp\/v2\/users\/1"}],"replies":[{"embeddable":true,"href":"https:\/\/www.hicreategames.com\/it\/wp-json\/wp\/v2\/comments?post=3840"}],"version-history":[{"count":2,"href":"https:\/\/www.hicreategames.com\/it\/wp-json\/wp\/v2\/pages\/3840\/revisions"}],"predecessor-version":[{"id":25086,"href":"https:\/\/www.hicreategames.com\/it\/wp-json\/wp\/v2\/pages\/3840\/revisions\/25086"}],"wp:attachment":[{"href":"https:\/\/www.hicreategames.com\/it\/wp-json\/wp\/v2\/media?parent=3840"}],"curies":[{"name":"wp","href":"https:\/\/api.w.org\/{rel}","templated":true}]}}