{"id":3846,"date":"2022-04-04T04:59:18","date_gmt":"2022-04-04T04:59:18","guid":{"rendered":"https:\/\/www.hicreategames.com\/termini-condizioni\/"},"modified":"2022-05-03T09:06:05","modified_gmt":"2022-05-03T09:06:05","slug":"termini-condizioni","status":"publish","type":"page","link":"https:\/\/www.hicreategames.com\/it\/termini-condizioni\/","title":{"rendered":"Termini &amp; Condizioni"},"content":{"rendered":"\n\n\t<p>Questo sito web \u00e8 gestito da HicreateGames. In tutto il sito, i termini &#8220;noi&#8221;, &#8220;noi&#8221; e &#8220;nostro&#8221; si riferiscono a HicreateGames. HicreateGames offre questo sito Web, comprese tutte le informazioni, gli strumenti e i servizi disponibili da questo sito all&#8217;utente, a condizione che l&#8217;utente accetti tutti i termini, le condizioni, le politiche e le comunicazioni qui indicati.<\/p>\n<p>Visitando il nostro sito e\/o acquistando qualcosa da noi, ti impegni nel nostro &#8220;Servizio&#8221; e accetti di essere vincolato dai seguenti termini e condizioni (&#8220;Termini di servizio&#8221;, &#8220;Termini&#8221;), inclusi quei termini e condizioni aggiuntivi e politiche a cui si fa riferimento nel presente documento e\/o disponibili tramite collegamento ipertestuale. I presenti Termini di servizio si applicano a tutti gli utenti del sito, inclusi, a titolo esemplificativo, gli utenti che sono browser, fornitori, clienti, commercianti e\/o contributori di contenuti.<\/p>\n<p>Si prega di leggere attentamente questi Termini di servizio prima di accedere o utilizzare il nostro sito web. Accedendo o utilizzando qualsiasi parte del sito, accetti di essere vincolato da questi Termini di servizio. Se non si accettano tutti i termini e le condizioni di questo accordo, non \u00e8 possibile accedere al sito Web o utilizzare alcun servizio. Se i presenti Termini di servizio sono considerati un&#8217;offerta, l&#8217;accettazione \u00e8 espressamente limitata ai presenti Termini di servizio.<\/p>\n<p>Eventuali nuove funzionalit\u00e0 o strumenti aggiunti al negozio corrente saranno anch&#8217;essi soggetti ai Termini di servizio. Puoi rivedere la versione pi\u00f9 recente dei Termini di servizio in qualsiasi momento su questa pagina. Ci riserviamo il diritto di aggiornare, modificare o sostituire qualsiasi parte dei presenti Termini di servizio pubblicando aggiornamenti e\/o modifiche al nostro sito web. \u00c8 tua responsabilit\u00e0 controllare periodicamente questa pagina per eventuali modifiche. L&#8217;uso continuato o l&#8217;accesso al sito Web dopo la pubblicazione di eventuali modifiche costituisce accettazione di tali modifiche.<\/p>\n<p>Il nostro negozio \u00e8 ospitato su Shopify Inc. Ci forniscono una piattaforma di e-commerce online che ci consente di venderti i nostri prodotti e servizi.<\/p>\n<h2>Sezione 1 &#8211; Termini del negozio online<\/h2>\n<p>Accettando i presenti Termini di servizio, dichiari di avere almeno la maggiore et\u00e0 nel tuo stato o provincia di residenza, o di avere la maggiore et\u00e0 nel tuo stato o provincia di residenza e ci hai dato il tuo consenso a consenti a qualsiasi tuo minorenne a carico di utilizzare questo sito.<\/p>\n<p>Non puoi utilizzare i nostri prodotti per scopi illegali o non autorizzati n\u00e9 puoi, nell&#8217;uso del Servizio, violare alcuna legge nella tua giurisdizione (incluse ma non limitate alle leggi sul copyright).<\/p>\n<p>Non devi trasmettere worm, virus o codici di natura distruttiva.<\/p>\n<p>Una violazione o una violazione di uno qualsiasi dei Termini comporter\u00e0 l&#8217;immediata cessazione dei tuoi Servizi.<\/p>\n<h2>Sezione 2 &#8211; Condizioni Generali<\/h2>\n<p>Ci riserviamo il diritto di rifiutare il servizio a chiunque per qualsiasi motivo in qualsiasi momento.<\/p>\n<p>Comprendi che i tuoi contenuti (esclusi i dati della carta di credito), possono essere trasferiti non crittografati e comportano (a) trasmissioni su varie reti; e (b) modifiche per conformarsi e adattarsi ai requisiti tecnici delle reti o dei dispositivi di connessione. Le informazioni sulla carta di credito sono sempre crittografate durante il trasferimento sulle reti.<\/p>\n<p>Accetti di non riprodurre, duplicare, copiare, vendere, rivendere o sfruttare qualsiasi parte del Servizio, l&#8217;uso del Servizio o l&#8217;accesso al Servizio o qualsiasi contatto sul sito Web attraverso il quale viene fornito il servizio, senza espressa autorizzazione scritta da parte nostra .<\/p>\n<p>Le intestazioni utilizzate in questo accordo sono incluse solo per comodit\u00e0 e non limiteranno o influenzeranno in altro modo i presenti Termini.<\/p>\n<h2>Sezione 3 &#8211; Accuratezza, completezza e tempestivit\u00e0 delle informazioni<\/h2>\n<p>Non siamo responsabili se le informazioni rese disponibili su questo sito non sono accurate, complete o aggiornate. Il materiale su questo sito \u00e8 fornito solo per informazioni generali e non deve essere considerato o utilizzato come unica base per prendere decisioni senza consultare fonti di informazione primarie, pi\u00f9 accurate, pi\u00f9 complete o pi\u00f9 tempestive. Qualsiasi affidamento sul materiale su questo sito \u00e8 a proprio rischio.<\/p>\n<p>Questo sito pu\u00f2 contenere alcune informazioni storiche. Le informazioni storiche, necessariamente, non sono attuali e vengono fornite solo come riferimento. Ci riserviamo il diritto di modificare i contenuti di questo sito in qualsiasi momento, ma non abbiamo l&#8217;obbligo di aggiornare alcuna informazione sul nostro sito. Accetti che \u00e8 tua responsabilit\u00e0 monitorare le modifiche al nostro sito.<\/p>\n<h2>Sezione 4 &#8211; Modifiche al servizio e ai prezzi<\/h2>\n<p>I prezzi dei nostri prodotti sono soggetti a modifiche senza preavviso.<\/p>\n<p>Ci riserviamo il diritto in qualsiasi momento di modificare o interrompere il Servizio (o qualsiasi parte o contenuto di esso) senza preavviso in qualsiasi momento.<\/p>\n<p>Non saremo responsabili nei confronti dell&#8217;utente o di terzi per qualsiasi modifica, variazione di prezzo, sospensione o interruzione del Servizio.<\/p>\n<h2>Sezione 5 &#8211; Prodotti o servizi (se applicabile)<\/h2>\n<p>Alcuni prodotti o servizi possono essere disponibili esclusivamente online attraverso il sito web. Questi prodotti o servizi possono avere quantit\u00e0 limitate e sono soggetti a restituzione o cambio solo in base alla nostra Politica di restituzione.<\/p>\n<p>Abbiamo fatto ogni sforzo per visualizzare nel modo pi\u00f9 accurato possibile i colori e le immagini dei nostri prodotti che appaiono nel negozio. Non possiamo garantire che la visualizzazione di qualsiasi colore del monitor del tuo computer sia accurata.<\/p>\n<p>Ci riserviamo il diritto, ma non siamo obbligati, di limitare le vendite dei nostri prodotti o Servizi a qualsiasi persona, regione geografica o giurisdizione. Possiamo esercitare questo diritto caso per caso. Ci riserviamo il diritto di limitare le quantit\u00e0 di qualsiasi prodotto o servizio che offriamo. Tutte le descrizioni dei prodotti o i prezzi dei prodotti sono soggetti a modifiche in qualsiasi momento senza preavviso, a nostra esclusiva discrezione. Ci riserviamo il diritto di interrompere qualsiasi prodotto in qualsiasi momento. Qualsiasi offerta per qualsiasi prodotto o servizio fatta su questo sito \u00e8 nulla laddove proibita.<\/p>\n<p>Non garantiamo che la qualit\u00e0 di qualsiasi prodotto, servizio, informazione o altro materiale acquistato o ottenuto dall&#8217;utente soddisfer\u00e0 le sue aspettative o che eventuali errori nel Servizio verranno corretti.<\/p>\n<h2>Sezione 6 &#8211; Accuratezza della fatturazione e delle informazioni sull&#8217;account<\/h2>\n<p>Ci riserviamo il diritto di rifiutare qualsiasi ordine effettuato con noi. Possiamo, a nostra esclusiva discrezione, limitare o annullare le quantit\u00e0 acquistate per persona, per nucleo familiare o per ordine. Queste restrizioni possono includere ordini effettuati da o con lo stesso account cliente, la stessa carta di credito e\/o ordini che utilizzano lo stesso indirizzo di fatturazione e\/o spedizione. Nel caso in cui apportiamo una modifica o annulliamo un ordine, potremmo tentare di avvisarti contattando l&#8217;e-mail e\/o l&#8217;indirizzo di fatturazione\/numero di telefono fornito al momento dell&#8217;effettuazione dell&#8217;ordine. Ci riserviamo il diritto di limitare o vietare gli ordini che, a nostro insindacabile giudizio, sembrano essere effettuati da rivenditori, rivenditori o distributori.<\/p>\n<p>Accetti di fornire informazioni aggiornate, complete e accurate sull&#8217;acquisto e sull&#8217;account per tutti gli acquisti effettuati presso il nostro negozio. Accetti di aggiornare tempestivamente il tuo account e altre informazioni, incluso il tuo indirizzo e-mail, i numeri di carta di credito e le date di scadenza in modo che possiamo completare le tue transazioni e contattarti se necessario.<\/p>\n<p>Per maggiori dettagli, consulta la nostra Politica sui resi.<\/p>\n<h2>Sezione 7 &#8211; Strumenti opzionali<\/h2>\nPotremmo fornirti l&#8217;accesso a strumenti di terze parti sui quali non monitoriamo n\u00e9 abbiamo alcun controllo o input.<br \/>\nRiconosci e accetti che forniamo l&#8217;accesso a tali strumenti &#8220;cos\u00ec come sono&#8221; e &#8220;come disponibili&#8221; senza garanzie, dichiarazioni o condizioni di alcun tipo e senza alcuna approvazione. Non avremo alcuna responsabilit\u00e0 derivante da o relativa all&#8217;utilizzo di strumenti opzionali di terze parti.\n<p>Qualsiasi utilizzo da parte tua degli strumenti opzionali offerti attraverso il sito \u00e8 interamente a tuo rischio e discrezione e dovresti assicurarti di conoscere e approvare i termini in base ai quali gli strumenti sono forniti dai relativi fornitori di terze parti.<\/p>\n<p>Potremmo anche, in futuro, offrire nuovi servizi e\/o funzionalit\u00e0 attraverso il sito Web (incluso il rilascio di nuovi strumenti e risorse). Tali nuove funzionalit\u00e0 e\/o servizi saranno inoltre soggetti ai presenti Termini di servizio.<\/p>\n<h2>Sezione 8 &#8211; Collegamenti di terze parti<\/h2>\n<p>Alcuni contenuti, prodotti e servizi disponibili tramite il nostro Servizio possono includere materiali di terze parti.<\/p>\n<p>I collegamenti di terze parti su questo sito possono indirizzarti a siti Web di terze parti che non sono affiliati con noi. Non siamo responsabili dell&#8217;esame o della valutazione del contenuto o dell&#8217;accuratezza e non garantiamo e non avremo alcuna responsabilit\u00e0 per materiali o siti Web di terze parti o per qualsiasi altro materiale, prodotto o servizio di terze parti.<\/p>\n<p>Non siamo responsabili per eventuali danni o danni relativi all&#8217;acquisto o all&#8217;uso di beni, servizi, risorse, contenuti o qualsiasi altra transazione effettuata in relazione a siti Web di terzi. Si prega di rivedere attentamente le politiche e le pratiche di terze parti e assicurarsi di averle comprese prima di intraprendere qualsiasi transazione. Reclami, reclami, dubbi o domande riguardanti i prodotti di terze parti devono essere indirizzati alla terza parte.<\/p>\n<h2>Sezione 9 &#8211; Commenti degli utenti, feedback e altri contributi<\/h2>\n<p>Se su nostra richiesta, invii determinati contributi specifici (ad esempio iscrizioni a un concorso) o senza una nostra richiesta invii idee creative, suggerimenti, proposte, piani o altro materiale, sia online, tramite e-mail, posta o altro ( collettivamente, &#8216;commenti), accetti che possiamo, in qualsiasi momento, senza restrizioni, modificare, copiare, pubblicare, distribuire, tradurre e utilizzare in altro modo con qualsiasi mezzo qualsiasi commento che ci inoltri. Non siamo e non saremo obbligati (1) a mantenere alcun commento riservato; (2) pagare un risarcimento per eventuali commenti; o (3) per rispondere a qualsiasi commento.<\/p>\n<p>Possiamo, ma non abbiamo alcun obbligo, monitorare, modificare o rimuovere contenuti che determiniamo a nostra esclusiva discrezione essere illegali, offensivi, minacciosi, calunniosi, diffamatori, pornografici, osceni o altrimenti discutibili o che violano la propriet\u00e0 intellettuale di qualsiasi parte o questi Termini di Servizio.<\/p>\n<p>Accetti che i tuoi commenti non violino alcun diritto di terze parti, inclusi copyright, marchi, privacy, personalit\u00e0 o altri diritti personali o di propriet\u00e0. Accetti inoltre che i tuoi commenti non conterranno materiale diffamatorio o altrimenti illegale, offensivo o osceno, n\u00e9 conterranno virus informatici o altri malware che potrebbero in alcun modo influenzare il funzionamento del Servizio o di qualsiasi sito Web correlato. Non puoi utilizzare un indirizzo e-mail falso, fingere di essere qualcuno diverso da te stesso o in altro modo fuorviare noi o terze parti sull&#8217;origine di eventuali commenti. Sei l&#8217;unico responsabile di qualsiasi commento che fai e della loro accuratezza. Non ci assumiamo alcuna responsabilit\u00e0 e non ci assumiamo alcuna responsabilit\u00e0 per eventuali commenti pubblicati da te o da terze parti.<\/p>\n<h2>Sezione 10 &#8211; Informazioni personali<\/h2>\n<p>L&#8217;invio di informazioni personali attraverso il negozio \u00e8 regolato dalla nostra Informativa sulla privacy. Per visualizzare la nostra Informativa sulla privacy.<\/p>\n<h2>Sezione 11 &#8211; Errori, inesattezze e omissioni<\/h2>\n<p>Occasionalmente potrebbero esserci informazioni sul nostro sito o nel Servizio che contengono errori tipografici, imprecisioni o omissioni che possono riguardare descrizioni dei prodotti, prezzi, promozioni, offerte, spese di spedizione del prodotto, tempi di transito e disponibilit\u00e0. Ci riserviamo il diritto di correggere eventuali errori, imprecisioni o omissioni e di modificare o aggiornare le informazioni o annullare gli ordini se qualsiasi informazione nel Servizio o su qualsiasi sito Web correlato \u00e8 inaccurata in qualsiasi momento senza preavviso.<\/p>\n<p>Non ci assumiamo alcun obbligo di aggiornare, modificare o chiarire le informazioni nel Servizio o su qualsiasi sito Web correlato, incluse, senza limitazioni, le informazioni sui prezzi, ad eccezione di quanto richiesto dalla legge. Nessun aggiornamento specificato o data di aggiornamento applicata nel Servizio o su qualsiasi sito Web correlato deve essere considerato per indicare che tutte le informazioni nel Servizio o su qualsiasi sito Web correlato sono state modificate o aggiornate.<\/p>\n<h2>Sezione 12 &#8211; Usi vietati<\/h2>\n<p>Oltre agli altri divieti stabiliti nei Termini di servizio, \u00e8 vietato utilizzare il sito o il suo contenuto:<\/p>\n<ul>\n<li>(a) per qualsiasi scopo illecito;<\/li>\n<li>(b) sollecitare altri a compiere o partecipare ad atti illeciti;<\/li>\n<li>(c) violare qualsiasi regolamento, norma, legge o ordinanza internazionale, federale, provinciale o statale;<\/li>\n<li>(d) violare o violare i nostri diritti di propriet\u00e0 intellettuale oi diritti di propriet\u00e0 intellettuale di altri;<\/li>\n<li>(e) molestare, abusare, insultare, danneggiare, diffamare, diffamare, denigrare, intimidire o discriminare in base a genere, orientamento sessuale, religione, etnia, razza, et\u00e0, origine nazionale o disabilit\u00e0;<\/li>\n<li>(f) fornire informazioni false o fuorvianti;<\/li>\n<li>(g) caricare o trasmettere virus o qualsiasi altro tipo di codice dannoso che sar\u00e0 o potrebbe essere utilizzato in qualsiasi modo che influir\u00e0 sulla funzionalit\u00e0 o sul funzionamento del Servizio o di qualsiasi sito Web correlato, altri siti Web o Internet;<\/li>\n<li>(h) per raccogliere o tenere traccia delle informazioni personali di altri;<\/li>\n<li>(i) per spam, phishing, pharm, pretesto, spider, crawl o scrape;<\/li>\n<li>(j) per qualsiasi scopo osceno o immorale;<\/li>\n<li>(k) interferire o eludere le funzionalit\u00e0 di sicurezza del Servizio o di qualsiasi sito Web correlato, altri siti Web o Internet. Ci riserviamo il diritto di interrompere l&#8217;utilizzo del Servizio o di qualsiasi sito Web correlato per violazione di uno degli usi vietati.<\/li>\n<\/ul>\n<h2>Sezione 13 &#8211; Esclusione di garanzie; Limitazione di responsabilit\u00e0<\/h2>\n<p>Non garantiamo, dichiariamo o garantiamo che l&#8217;utilizzo del nostro servizio sar\u00e0 ininterrotto, tempestivo, sicuro o privo di errori. Non garantiamo che i risultati che possono essere ottenuti dall&#8217;uso del servizio saranno accurati o affidabili.<\/p>\n<p>Accetti che di volta in volta potremmo rimuovere il servizio per periodi di tempo indefiniti o annullare il servizio in qualsiasi momento, senza preavviso.<\/p>\n<p>Accetti espressamente che l&#8217;utilizzo o l&#8217;impossibilit\u00e0 di utilizzare il servizio \u00e8 a tuo esclusivo rischio. Il servizio e tutti i prodotti e servizi forniti all&#8217;utente tramite il servizio sono (ad eccezione di quanto espressamente dichiarato da noi) forniti &#8220;cos\u00ec come sono&#8221; e &#8220;come disponibili per l&#8217;uso, senza alcuna dichiarazione, garanzia o condizione di alcun tipo, espressa o implicite, comprese tutte le garanzie o condizioni implicite di commerciabilit\u00e0, qualit\u00e0 commerciabile, idoneit\u00e0 per uno scopo particolare, durata, titolo e non violazione.<\/p>\n<p>In nessun caso HicreateGames, i nostri direttori, funzionari, dipendenti, affiliati, agenti, appaltatori, stagisti, fornitori, fornitori di servizi o licenziatari saranno ritenuti responsabili per qualsiasi lesione, perdita, reclamo o qualsiasi danno diretto, indiretto, incidentale, punitivo, speciale, o danni consequenziali di qualsiasi tipo, inclusi, senza limitazione, mancati profitti, mancati guadagni, mancati risparmi, perdita di dati, costi di sostituzione o danni simili, basati su contratto, illecito civile (inclusa la negligenza), responsabilit\u00e0 oggettiva o altro, derivanti da l&#8217;utilizzo da parte dell&#8217;utente di uno qualsiasi dei servizi o dei prodotti acquistati utilizzando il servizio, o per qualsiasi altro reclamo correlato in qualsiasi modo all&#8217;utilizzo del servizio o di qualsiasi prodotto, inclusi, a titolo esemplificativo, eventuali errori o omissioni in qualsiasi contenuto, o qualsiasi perdita o danno di qualsiasi tipo subiti a seguito dell&#8217;uso del servizio o di qualsiasi contenuto (o prodotto) pubblicato, trasmesso o altrimenti reso disponibile tramite il servizio, anche se avvisato della loro possibilit\u00e0. Poich\u00e9 alcuni stati o giurisdizioni non consentono l&#8217;esclusione o la limitazione di responsabilit\u00e0 per danni consequenziali o incidentali, in tali stati o giurisdizioni, la nostra responsabilit\u00e0 sar\u00e0 limitata nella misura massima consentita dalla legge.<\/p>\n<h2>Sezione 14 &#8211; Indennizzo<\/h2>\n<p>Accetti di indennizzare, difendere e tenere indenne HicreateGames e la nostra societ\u00e0 madre, sussidiarie, affiliate, partner, funzionari, direttori, agenti, appaltatori, licenziatari, fornitori di servizi, subappaltatori, fornitori, stagisti e dipendenti, indenni da qualsiasi reclamo o richiesta, incluso spese legali ragionevoli, sostenute da terzi a causa o derivanti dalla violazione dei presenti Termini di servizio o dei documenti che incorporano per riferimento o dalla violazione di qualsiasi legge o dei diritti di terzi.<\/p>\n<h2>Sezione 15 &#8211; Separabilit\u00e0<\/h2>\n<p>Nel caso in cui una qualsiasi disposizione dei presenti Termini di servizio sia ritenuta illegale, nulla o inapplicabile, tale disposizione sar\u00e0 comunque applicabile nella misura massima consentita dalla legge applicabile e la parte non applicabile sar\u00e0 considerata separata dai presenti Termini di Servizio, tale determinazione non pregiudicher\u00e0 la validit\u00e0 e l&#8217;applicabilit\u00e0 delle restanti disposizioni.<\/p>\n<h2>Sezione 16 &#8211; Risoluzione<\/h2>\n<p>Gli obblighi e le responsabilit\u00e0 delle parti sostenute prima della data di risoluzione sopravvivranno alla risoluzione del presente contratto a tutti gli effetti.<\/p>\nI presenti Termini di servizio sono efficaci a meno che e fino alla risoluzione da parte dell&#8217;utente o di noi. Puoi rescindere questi Termini di servizio in qualsiasi momento notificandoci che non desideri pi\u00f9 utilizzare i nostri Servizi o quando smetti di utilizzare il nostro sito.<br \/>\nSe a nostro insindacabile giudizio non riesci, o sospettiamo che tu abbia mancato, di rispettare qualsiasi termine o disposizione dei presenti Termini di servizio, possiamo anche rescindere questo accordo in qualsiasi momento senza preavviso e rimarrai responsabile per tutti gli importi dovuti fino alla data di cessazione inclusa; e\/o di conseguenza pu\u00f2 negarti l&#8217;accesso ai nostri Servizi (o parte di essi).\n<h2>Sezione 17 &#8211; Intero accordo<\/h2>\n<p>Il mancato esercizio o applicazione da parte nostra di qualsiasi diritto o disposizione dei presenti Termini di servizio non costituisce una rinuncia a tale diritto o disposizione.<\/p>\n<p>I presenti Termini di servizio e qualsiasi politica o regola operativa pubblicata da noi su questo sito o in relazione al Servizio costituiscono l&#8217;intero accordo e intesa tra te e noi e regolano l&#8217;utilizzo del Servizio, sostituendo qualsiasi accordo, comunicazione e proposte, sia orali che scritte, tra te e noi (incluse, ma non limitate a, eventuali versioni precedenti dei Termini di servizio).<\/p>\n<p>Eventuali ambiguit\u00e0 nell&#8217;interpretazione dei presenti Termini di servizio non potranno essere interpretate contro il redattore.<\/p>\n<h2>Sezione 18 &#8211; Legge applicabile<\/h2>\n<p>I presenti Termini di servizio ed eventuali accordi separati in base ai quali forniamo i Servizi saranno disciplinati e interpretati in conformit\u00e0 con le leggi cinesi.<\/p>\n<h2>Sezione 19 &#8211; Modifiche ai Termini di servizio<\/h2>\n<p>Puoi rivedere la versione pi\u00f9 recente dei Termini di servizio in qualsiasi momento su questa pagina.<\/p>\n<p>Ci riserviamo il diritto, a nostra esclusiva discrezione, di aggiornare, modificare o sostituire qualsiasi parte dei presenti Termini di servizio pubblicando aggiornamenti e modifiche sul nostro sito web. \u00c8 tua responsabilit\u00e0 controllare periodicamente il nostro sito Web per eventuali modifiche.<\/p>\n<p>L&#8217;uso continuato o l&#8217;accesso al nostro sito Web o al Servizio dopo la pubblicazione di eventuali modifiche ai presenti Termini di servizio costituisce accettazione di tali modifiche.<\/p>\n\n","protected":false},"excerpt":{"rendered":"<p>Questo sito web \u00e8 gestito da HicreateGames. In tutto il sito, i termini &#8220;noi&#8221;, &#8220;noi&#8221; e &#8220;nostro&#8221; si riferiscono a HicreateGames. HicreateGames offre questo sito Web, comprese tutte le informazioni, gli strumenti e i servizi disponibili da questo sito all&#8217;utente, a condizione che l&#8217;utente accetti tutti i termini, le condizioni, [&hellip;]<\/p>\n","protected":false},"author":1,"featured_media":0,"parent":0,"menu_order":0,"comment_status":"closed","ping_status":"closed","template":"","meta":{"site-sidebar-layout":"no-sidebar","site-content-layout":"page-builder","ast-site-content-layout":"default","site-content-style":"default","site-sidebar-style":"default","ast-global-header-display":"","ast-banner-title-visibility":"","ast-main-header-display":"","ast-hfb-above-header-display":"","ast-hfb-below-header-display":"","ast-hfb-mobile-header-display":"","site-post-title":"disabled","ast-breadcrumbs-content":"","ast-featured-img":"disabled","footer-sml-layout":"","ast-disable-related-posts":"","theme-transparent-header-meta":"default","adv-header-id-meta":"","stick-header-meta":"default","header-above-stick-meta":"","header-main-stick-meta":"","header-below-stick-meta":"","astra-migrate-meta-layouts":"default","ast-page-background-enabled":"default","ast-page-background-meta":{"desktop":{"background-color":"","background-image":"","background-repeat":"repeat","background-position":"center center","background-size":"auto","background-attachment":"scroll","background-type":"","background-media":"","overlay-type":"","overlay-color":"","overlay-opacity":"","overlay-gradient":""},"tablet":{"background-color":"","background-image":"","background-repeat":"repeat","background-position":"center center","background-size":"auto","background-attachment":"scroll","background-type":"","background-media":"","overlay-type":"","overlay-color":"","overlay-opacity":"","overlay-gradient":""},"mobile":{"background-color":"","background-image":"","background-repeat":"repeat","background-position":"center center","background-size":"auto","background-attachment":"scroll","background-type":"","background-media":"","overlay-type":"","overlay-color":"","overlay-opacity":"","overlay-gradient":""}},"ast-content-background-meta":{"desktop":{"background-color":"var(--ast-global-color-5)","background-image":"","background-repeat":"repeat","background-position":"center center","background-size":"auto","background-attachment":"scroll","background-type":"","background-media":"","overlay-type":"","overlay-color":"","overlay-opacity":"","overlay-gradient":""},"tablet":{"background-color":"var(--ast-global-color-5)","background-image":"","background-repeat":"repeat","background-position":"center center","background-size":"auto","background-attachment":"scroll","background-type":"","background-media":"","overlay-type":"","overlay-color":"","overlay-opacity":"","overlay-gradient":""},"mobile":{"background-color":"var(--ast-global-color-5)","background-image":"","background-repeat":"repeat","background-position":"center center","background-size":"auto","background-attachment":"scroll","background-type":"","background-media":"","overlay-type":"","overlay-color":"","overlay-opacity":"","overlay-gradient":""}},"footnotes":""},"class_list":["post-3846","page","type-page","status-publish","hentry"],"_links":{"self":[{"href":"https:\/\/www.hicreategames.com\/it\/wp-json\/wp\/v2\/pages\/3846","targetHints":{"allow":["GET"]}}],"collection":[{"href":"https:\/\/www.hicreategames.com\/it\/wp-json\/wp\/v2\/pages"}],"about":[{"href":"https:\/\/www.hicreategames.com\/it\/wp-json\/wp\/v2\/types\/page"}],"author":[{"embeddable":true,"href":"https:\/\/www.hicreategames.com\/it\/wp-json\/wp\/v2\/users\/1"}],"replies":[{"embeddable":true,"href":"https:\/\/www.hicreategames.com\/it\/wp-json\/wp\/v2\/comments?post=3846"}],"version-history":[{"count":0,"href":"https:\/\/www.hicreategames.com\/it\/wp-json\/wp\/v2\/pages\/3846\/revisions"}],"wp:attachment":[{"href":"https:\/\/www.hicreategames.com\/it\/wp-json\/wp\/v2\/media?parent=3846"}],"curies":[{"name":"wp","href":"https:\/\/api.w.org\/{rel}","templated":true}]}}