{"id":8251,"date":"2022-12-02T09:09:52","date_gmt":"2022-12-02T09:09:52","guid":{"rendered":"https:\/\/www.hicreategames.com\/carte-da-gioco-personalizzate-2\/"},"modified":"2025-08-29T09:25:49","modified_gmt":"2025-08-29T09:25:49","slug":"carte-da-poker-personalizzate","status":"publish","type":"page","link":"https:\/\/www.hicreategames.com\/it\/carte-da-poker-personalizzate\/","title":{"rendered":"Carte da Poker Personalizzate"},"content":{"rendered":"\n<h3>\n\t\t\tStampa Personalizzata di Carte da Poker\t<\/h3>\n\t<p>Siamo specializzati nella stampa di carte da poker personalizzate di alta qualit\u00e0 con piena flessibilit\u00e0 in termini di design, dimensioni, materiale, finitura e confezione.<\/p>\n\t\t\t<a href=\"#\" role=\"button\">\n\t\t\t\t\t\t\tRichiedi un Preventivo\n\t\t\t\t\t<\/a>\n\t\t\t\n<div class=\"wpcf7 no-js\" id=\"wpcf7-f3829-o1\" lang=\"it-IT\" dir=\"ltr\" data-wpcf7-id=\"3829\">\n<div class=\"screen-reader-response\"><p role=\"status\" aria-live=\"polite\" aria-atomic=\"true\"><\/p> <ul><\/ul><\/div>\n<form action=\"\/it\/wp-json\/wp\/v2\/pages\/8251#wpcf7-f3829-o1\" method=\"post\" class=\"wpcf7-form init\" aria-label=\"Modulo di contatto\" enctype=\"multipart\/form-data\" novalidate=\"novalidate\" data-status=\"init\">\n<fieldset class=\"hidden-fields-container\"><input type=\"hidden\" name=\"_wpcf7\" value=\"3829\" \/><input type=\"hidden\" name=\"_wpcf7_version\" value=\"6.1.5\" \/><input type=\"hidden\" name=\"_wpcf7_locale\" value=\"it_IT\" \/><input type=\"hidden\" name=\"_wpcf7_unit_tag\" value=\"wpcf7-f3829-o1\" \/><input type=\"hidden\" name=\"_wpcf7_container_post\" value=\"0\" \/><input type=\"hidden\" name=\"_wpcf7_posted_data_hash\" value=\"\" \/><input type=\"hidden\" name=\"_wpcf7_recaptcha_response\" value=\"\" \/>\n<\/fieldset>\n<p><label> Il tuo nome<br \/>\n<span class=\"wpcf7-form-control-wrap\" data-name=\"your-name\"><input size=\"40\" maxlength=\"400\" class=\"wpcf7-form-control wpcf7-text wpcf7-validates-as-required\" aria-required=\"true\" aria-invalid=\"false\" value=\"\" type=\"text\" name=\"your-name\" \/><\/span> <\/label>\n<\/p>\n<p><label> La tua email<br \/>\n<span class=\"wpcf7-form-control-wrap\" data-name=\"your-email\"><input size=\"40\" maxlength=\"400\" class=\"wpcf7-form-control wpcf7-email wpcf7-validates-as-required wpcf7-text wpcf7-validates-as-email\" aria-required=\"true\" aria-invalid=\"false\" value=\"\" type=\"email\" name=\"your-email\" \/><\/span> <\/label>\n<\/p>\n<p><label> Quantit\u00e0 minima ordinabile<br \/>\n<span class=\"wpcf7-form-control-wrap\" data-name=\"menu-734\"><select class=\"wpcf7-form-control wpcf7-select wpcf7-validates-as-required\" aria-required=\"true\" aria-invalid=\"false\" name=\"menu-734\"><option value=\"\">&#8212;Seleziona un&#039;opzione&#8212;<\/option><option value=\"300\">300<\/option><option value=\"500\">500<\/option><option value=\"1000\">1000<\/option><\/select><\/span> <\/label>\n<\/p>\n<p><label> Il tuo messaggio<br \/>\n<span class=\"wpcf7-form-control-wrap\" data-name=\"your-message\"><textarea cols=\"40\" rows=\"10\" maxlength=\"2000\" class=\"wpcf7-form-control wpcf7-textarea wpcf7-validates-as-required\" aria-required=\"true\" aria-invalid=\"false\" name=\"your-message\"><\/textarea><\/span> <\/label>\n<\/p>\n<p><label> Il tuo file (opzionale)<br \/>\n<span class=\"wpcf7-form-control-wrap\" data-name=\"file-978\"><input size=\"40\" class=\"wpcf7-form-control wpcf7-file\" accept=\"audio\/*,video\/*,image\/*\" aria-invalid=\"false\" type=\"file\" name=\"file-978\" \/><\/span> <\/label>\n<\/p>\n<p><span class=\"wpcf7-form-control-wrap\" data-name=\"quiz-747\"><label><span class=\"wpcf7-quiz-label\">2+6=?<\/span> <input size=\"40\" class=\"wpcf7-form-control wpcf7-quiz\" autocomplete=\"off\" aria-required=\"true\" aria-invalid=\"false\" type=\"text\" name=\"quiz-747\" \/><\/label><input type=\"hidden\" name=\"_wpcf7_quiz_answer_quiz-747\" value=\"34fe0dce70d770da3a4b02c0e1fa88fe\" \/><\/span>\n<\/p>\n<p><input class=\"wpcf7-form-control wpcf7-submit has-spinner\" type=\"submit\" value=\"Invia\" \/>\n<\/p><div class=\"wpcf7-response-output\" aria-hidden=\"true\"><\/div>\n<\/form>\n<\/div>\n\t\t\n\t<h3>\n\t\t\t\tDimensioni delle carte da Poker\n\t\t\t<\/h3>\n\t\t\t\t<img decoding=\"async\" src=\"https:\/\/www.hicreategames.com\/wp-content\/uploads\/2022\/12\/Mini-Playing-Cards.jpg\" alt=\"Mini carte da poker\" itemprop=\"image\" height=\"500\" width=\"500\" title=\"Mini carte da poker\" onerror=\"this.style.display='none'\" loading=\"lazy\" \/>\n\t<h5>\n\t\t\t\tMini formato\n\t\t\t<\/h5>\n\t\t\t<p>Queste carte da Poker di dimensioni mini sono portatili, con una larghezza compresa tra 3,2 e 3,7 cm e una lunghezza compresa tra 6 e 8,7 cm.<\/p>\t\n\t\t\t\t<img decoding=\"async\" src=\"https:\/\/www.hicreategames.com\/wp-content\/uploads\/2022\/12\/Bridge-Size-Playing-Cards.jpg\" alt=\"Carte da poker formato bridge\" itemprop=\"image\" height=\"500\" width=\"500\" title=\"Carte da poker formato bridge\" onerror=\"this.style.display='none'\" loading=\"lazy\" \/>\n\t<h5>\n\t\t\t\tDimensione del ponte\n\t\t\t<\/h5>\n\t\t\t<p>Questa \u00e8 la dimensione delle carte da Poker pi\u00f9 comune (5,7 * 8,8 cm), che ha garantito il comfort dei giocatori in possesso di 13 carte.<\/p>\t\n\t\t\t\t<img decoding=\"async\" src=\"https:\/\/www.hicreategames.com\/wp-content\/uploads\/2022\/12\/Poker-Playing-Card.jpg\" alt=\"Carte da poker da poker\" itemprop=\"image\" height=\"500\" width=\"500\" title=\"Carte da poker da poker\" onerror=\"this.style.display='none'\" loading=\"lazy\" \/>\n\t<h5>\n\t\t\t\tDimensione della mazza\n\t\t\t<\/h5>\n\t\t\t<p>Come le carte da Poker di dimensioni standard (6,3 * 8,8 cm), \u00e8 adatto per le competizioni internazionali di poker.<\/p>\t\n\t\t\t\t<img decoding=\"async\" src=\"https:\/\/www.hicreategames.com\/wp-content\/uploads\/2022\/12\/Jumbo-Size-Playing-Cards.jpg\" alt=\"Carte da poker formato jumbo\" itemprop=\"image\" height=\"500\" width=\"500\" title=\"Carte da poker formato jumbo\" onerror=\"this.style.display='none'\" loading=\"lazy\" \/>\n\t<h5>\n\t\t\t\tDimensione enorme\n\t\t\t<\/h5>\n\t\t\t<p>Le carte da Poker di queste dimensioni jumbo sono spesso personalizzate per occasioni come spettacoli e spettacoli speciali.<\/p>\t\n\t<h3>\n\t\t\t\tMateriali delle carte da Poker\n\t\t\t<\/h3>\n\t\t\t<p>Da carta economica, plastica a metallo di lusso e placcato in oro.<\/p>\t\n\t\t\t\t<img decoding=\"async\" src=\"https:\/\/www.hicreategames.com\/wp-content\/uploads\/2022\/12\/Paper-Playing-Cards.jpg\" alt=\"Carte da Poker di carta\" itemprop=\"image\" height=\"500\" width=\"500\" title=\"Carte da Poker di carta\" onerror=\"this.style.display='none'\" loading=\"lazy\" \/>\n\t<h5>\n\t\t\t\tCarte da Poker di carta\n\t\t\t<\/h5>\n\t\t\t<p>La carta \u00e8 il materiale pi\u00f9 economico per realizzare carte da Poker, la qualit\u00e0 delle carte dipende dal GSM e dal cartoncino.<\/p>\t\n\t\t\t\t<img decoding=\"async\" src=\"https:\/\/www.hicreategames.com\/wp-content\/uploads\/2022\/12\/Plastic-Playing-Cards.jpg\" alt=\"Carte da Poker in plastica\" itemprop=\"image\" height=\"500\" width=\"500\" title=\"Carte da Poker in plastica\" onerror=\"this.style.display='none'\" loading=\"lazy\" \/>\n\t<h5>\n\t\t\t\tCarte da Poker in plastica\n\t\t\t<\/h5>\n\t\t\t<p>Il PVC \u00e8 la plastica comune per le carte da Poker. Pu\u00f2 rendere le carte pi\u00f9 resistenti delle carte di carta, avranno 50 volte pi\u00f9 a lungo delle carte del mazzo di carta. <\/p>\t\n\t\t\t\t<img decoding=\"async\" src=\"https:\/\/www.hicreategames.com\/wp-content\/uploads\/2022\/12\/Metal-Playing-Cards.jpg\" alt=\"Carte da Poker in metallo\" itemprop=\"image\" height=\"500\" width=\"500\" title=\"Carte da Poker in metallo\" onerror=\"this.style.display='none'\" loading=\"lazy\" \/>\n\t<h5>\n\t\t\t\tCarte da Poker in metallo\n\t\t\t<\/h5>\n\t\t\t<p>L&#8217;acciaio inossidabile e il rame sono 2 materiali comuni per realizzare carte da Poker in metallo. Non puoi mescolarli tradizionalmente a causa del peso e della cresta. <\/p>\t\n\t<h3>\n\t\t\t\tAltre opzioni personalizzate per le tue carte da poker\n\t\t\t<\/h3>\n\t\t\t\t<img decoding=\"async\" src=\"https:\/\/www.hicreategames.com\/wp-content\/uploads\/2025\/08\/Custom-Playing-Cards-Front.jpg\" alt=\"Carte da poker personalizzate Frontale\" itemprop=\"image\" height=\"426\" width=\"600\" title=\"Carte da poker personalizzate Frontale\" onerror=\"this.style.display='none'\" loading=\"lazy\" \/>\n\t<h5>\n\t\t\t\tFacciate delle carte (lato anteriore)\n\t\t\t<\/h5>\n\t<ul>\n\t\t<li>\t\t\t\t\n\t\tSimboli classici standard per i giochi di poker tradizionali.<\/li><li>\t\t\t\t\n\t\tGrafica completamente personalizzata per design unici.<\/li><li>\t\t\t\t\n\t\tPersonalizza jolly, numeri e figure con le tue immagini o foto.<\/li>\t<\/ul>\n\t\t\t\t<img decoding=\"async\" src=\"https:\/\/www.hicreategames.com\/wp-content\/uploads\/2025\/08\/Custom-Playing-Card-Backs.jpg\" alt=\"Dorso delle carte da poker personalizzate\" itemprop=\"image\" height=\"426\" width=\"600\" title=\"Dorso delle carte da poker personalizzate\" onerror=\"this.style.display='none'\" loading=\"lazy\" \/>\n\t<h5>\n\t\t\t\tDorsi delle carte\n\t\t\t<\/h5>\n\t<ul>\n\t\t<li>\t\t\t\t\n\t\tStampa monocolore per uno stile semplice ed elegante.<\/li><li>\t\t\t\t\n\t\tStampa a colori per disegni vivaci e accattivanti.<\/li><li>\t\t\t\t\n\t\tAggiungi loghi, marchi o illustrazioni personali per un tocco personalizzato.<\/li>\t<\/ul>\n\t\t\t\t<img decoding=\"async\" src=\"https:\/\/www.hicreategames.com\/wp-content\/uploads\/2025\/08\/Playing-Card-Cardstock.jpg\" alt=\"Cartoncino delle carte da poker\" itemprop=\"image\" height=\"426\" width=\"600\" title=\"Cartoncino delle carte da poker\" onerror=\"this.style.display='none'\" loading=\"lazy\" \/>\n\t<h5>\n\t\t\t\tCartoncino\n\t\t\t<\/h5>\n\t<ul>\n\t\t<li>\t\t\t\t\n\t\tCarta premium da 300 gsm per l&#8217;uso quotidiano.<\/li><li>\t\t\t\t\n\t\tFinitura in lino da 310 gsm per una maneggevolezza fluida e una sensazione di mescolamento.<\/li><li>\t\t\t\t\n\t\tCarte 100% plastica per impermeabilit\u00e0, resistenza allo strappo e lunga durata.<\/li>\t<\/ul>\n\t\t\t\t<img decoding=\"async\" src=\"https:\/\/www.hicreategames.com\/wp-content\/uploads\/2025\/08\/Smooth-Finish-Playing-Cards.jpg\" alt=\"Carte da poker con finitura liscia\" itemprop=\"image\" height=\"426\" width=\"600\" title=\"Carte da poker con finitura liscia\" onerror=\"this.style.display='none'\" loading=\"lazy\" \/>\n\t<h5>\n\t\t\t\tFiniture\n\t\t\t<\/h5>\n\t<ul>\n\t\t<li>\t\t\t\t\n\t\tFinitura liscia per una facile mescolatura e una sensazione classica.<\/li><li>\t\t\t\t\n\t\tFinitura in lino (cuscinetto d&#8217;aria) per una maneggevolezza professionale e una maggiore durata.<\/li><li>\t\t\t\t\n\t\tRivestimento opaco, lucido o UV per una protezione extra e un maggiore impatto visivo.<\/li>\t<\/ul>\n\t\t\t\t<img decoding=\"async\" src=\"https:\/\/www.hicreategames.com\/wp-content\/uploads\/2025\/08\/Gold-Gilt-Edged-Playing-Cards.jpg\" alt=\"Carte da poker con bordi dorati\" itemprop=\"image\" height=\"426\" width=\"600\" title=\"Carte da poker con bordi dorati\" onerror=\"this.style.display='none'\" loading=\"lazy\" \/>\n\t<h5>\n\t\t\t\tEffetti speciali\n\t\t\t<\/h5>\n\t<ul>\n\t\t<li>\t\t\t\t\n\t\tStampa a caldo per evidenziare loghi, nomi o disegni.<\/li><li>\t\t\t\t\n\t\tGoffratura o UV spot per texture ed estetica di alta qualit\u00e0.<\/li><li>\t\t\t\t\n\t\tInchiostri metallici o bordi dorati per rendere i mazzi davvero unici.<\/li>\t<\/ul>\n\t\t\t\t<img decoding=\"async\" src=\"https:\/\/www.hicreategames.com\/wp-content\/uploads\/2025\/08\/Playing-Cards-Tuck-Box.jpg\" alt=\"Scatola per carte da poker\" itemprop=\"image\" height=\"426\" width=\"600\" title=\"Scatola per carte da poker\" onerror=\"this.style.display='none'\" loading=\"lazy\" \/>\n\t<h5>\n\t\t\t\tConfezione\n\t\t\t<\/h5>\n\t<ul>\n\t\t<li>\t\t\t\t\n\t\tScatole standard per la presentazione tradizionale delle carte.<\/li><li>\t\t\t\t\n\t\tScatole magnetiche o rigide per un tocco di lusso e premium.<\/li><li>\t\t\t\t\n\t\tScatole in latta o plastica per mazzi da collezione o conservazione impermeabile.<\/li>\t<\/ul>\n\t<h3>\n\t\t\t\tI nostri progetti di carte da poker\n\t\t\t<\/h3>\n\t\t<meta itemprop=\"url\" content=\"https:\/\/www.hicreategames.com\/wp-content\/uploads\/2025\/08\/Gold-Edge-Poker-Playing-Cards.mp4\" \/><div style=\"width: 640px;\" class=\"wp-video\"><video class=\"wp-video-shortcode\" id=\"video-8251-1\" width=\"640\" height=\"360\" poster=\"https:\/\/www.hicreategames.com\/wp-content\/uploads\/2025\/08\/Gold-Edge-Poker-Playing-Cards.jpg\" preload=\"none\" controls=\"controls\"><source type=\"video\/mp4\" src=\"https:\/\/www.hicreategames.com\/wp-content\/uploads\/2025\/08\/Gold-Edge-Poker-Playing-Cards.mp4?_=1\" \/><source type=\"video\/mp4\" src=\"https:\/\/www.hicreategames.com\/wp-content\/uploads\/2025\/08\/Gold-Edge-Poker-Playing-Cards.mp4?_=1\" \/><a href=\"https:\/\/www.hicreategames.com\/wp-content\/uploads\/2025\/08\/Gold-Edge-Poker-Playing-Cards.mp4\">https:\/\/www.hicreategames.com\/wp-content\/uploads\/2025\/08\/Gold-Edge-Poker-Playing-Cards.mp4<\/a><\/video><\/div>\t\n\t\t<meta itemprop=\"url\" content=\"https:\/\/www.hicreategames.com\/wp-content\/uploads\/2025\/08\/PVC-Gold-Foil-Poker-Playing-Cards.mp4\" \/><div style=\"width: 640px;\" class=\"wp-video\"><video class=\"wp-video-shortcode\" id=\"video-8251-2\" width=\"640\" height=\"360\" poster=\"https:\/\/www.hicreategames.com\/wp-content\/uploads\/2025\/08\/PVC-Gold-Foil-Poker-Playing-Cards.jpg\" preload=\"none\" controls=\"controls\"><source type=\"video\/mp4\" src=\"https:\/\/www.hicreategames.com\/wp-content\/uploads\/2025\/08\/PVC-Gold-Foil-Poker-Playing-Cards.mp4?_=2\" \/><source type=\"video\/mp4\" src=\"https:\/\/www.hicreategames.com\/wp-content\/uploads\/2025\/08\/PVC-Gold-Foil-Poker-Playing-Cards.mp4?_=2\" \/><a href=\"https:\/\/www.hicreategames.com\/wp-content\/uploads\/2025\/08\/PVC-Gold-Foil-Poker-Playing-Cards.mp4\">https:\/\/www.hicreategames.com\/wp-content\/uploads\/2025\/08\/PVC-Gold-Foil-Poker-Playing-Cards.mp4<\/a><\/video><\/div>\t\n\t\t<meta itemprop=\"url\" content=\"https:\/\/www.hicreategames.com\/wp-content\/uploads\/2025\/08\/Mahjong-Playing-Cards.mp4\" \/><div style=\"width: 640px;\" class=\"wp-video\"><video class=\"wp-video-shortcode\" id=\"video-8251-3\" width=\"640\" height=\"360\" poster=\"https:\/\/www.hicreategames.com\/wp-content\/uploads\/2025\/08\/Mahjong-Playing-Cards.jpg\" preload=\"none\" controls=\"controls\"><source type=\"video\/mp4\" src=\"https:\/\/www.hicreategames.com\/wp-content\/uploads\/2025\/08\/Mahjong-Playing-Cards.mp4?_=3\" \/><source type=\"video\/mp4\" src=\"https:\/\/www.hicreategames.com\/wp-content\/uploads\/2025\/08\/Mahjong-Playing-Cards.mp4?_=3\" \/><a href=\"https:\/\/www.hicreategames.com\/wp-content\/uploads\/2025\/08\/Mahjong-Playing-Cards.mp4\">https:\/\/www.hicreategames.com\/wp-content\/uploads\/2025\/08\/Mahjong-Playing-Cards.mp4<\/a><\/video><\/div>\t\n\t\t<meta itemprop=\"url\" content=\"https:\/\/www.hicreategames.com\/wp-content\/uploads\/2025\/08\/The-Surprise-Poker-Playing-Cards.mp4\" \/><div style=\"width: 640px;\" class=\"wp-video\"><video class=\"wp-video-shortcode\" id=\"video-8251-4\" width=\"640\" height=\"360\" poster=\"https:\/\/www.hicreategames.com\/wp-content\/uploads\/2025\/08\/The-Surprise-Poker-Playing-Cards.jpg\" preload=\"none\" controls=\"controls\"><source type=\"video\/mp4\" src=\"https:\/\/www.hicreategames.com\/wp-content\/uploads\/2025\/08\/The-Surprise-Poker-Playing-Cards.mp4?_=4\" \/><source type=\"video\/mp4\" src=\"https:\/\/www.hicreategames.com\/wp-content\/uploads\/2025\/08\/The-Surprise-Poker-Playing-Cards.mp4?_=4\" \/><a href=\"https:\/\/www.hicreategames.com\/wp-content\/uploads\/2025\/08\/The-Surprise-Poker-Playing-Cards.mp4\">https:\/\/www.hicreategames.com\/wp-content\/uploads\/2025\/08\/The-Surprise-Poker-Playing-Cards.mp4<\/a><\/video><\/div>\t\n\t<h3>\n\t\t\t\tContattaci\n\t\t\t<\/h3>\n\t\t\t\t<img decoding=\"async\" src=\"https:\/\/www.hicreategames.com\/wp-content\/uploads\/2022\/12\/Custom-Playing-Cards-with-Photos.jpg\" alt=\"Carte da poker personalizzate con foto\" itemprop=\"image\" height=\"500\" width=\"500\" title=\"Carte da poker personalizzate con foto\" onerror=\"this.style.display='none'\" loading=\"lazy\" \/>\n\t\n<div class=\"wpcf7 no-js\" id=\"wpcf7-f3829-o2\" lang=\"it-IT\" dir=\"ltr\" data-wpcf7-id=\"3829\">\n<div class=\"screen-reader-response\"><p role=\"status\" aria-live=\"polite\" aria-atomic=\"true\"><\/p> <ul><\/ul><\/div>\n<form action=\"\/it\/wp-json\/wp\/v2\/pages\/8251#wpcf7-f3829-o2\" method=\"post\" class=\"wpcf7-form init\" aria-label=\"Modulo di contatto\" enctype=\"multipart\/form-data\" novalidate=\"novalidate\" data-status=\"init\">\n<fieldset class=\"hidden-fields-container\"><input type=\"hidden\" name=\"_wpcf7\" value=\"3829\" \/><input type=\"hidden\" name=\"_wpcf7_version\" value=\"6.1.5\" \/><input type=\"hidden\" name=\"_wpcf7_locale\" value=\"it_IT\" \/><input type=\"hidden\" name=\"_wpcf7_unit_tag\" value=\"wpcf7-f3829-o2\" \/><input type=\"hidden\" name=\"_wpcf7_container_post\" value=\"0\" \/><input type=\"hidden\" name=\"_wpcf7_posted_data_hash\" value=\"\" \/><input type=\"hidden\" name=\"_wpcf7_recaptcha_response\" value=\"\" \/>\n<\/fieldset>\n<p><label> Il tuo nome<br \/>\n<span class=\"wpcf7-form-control-wrap\" data-name=\"your-name\"><input size=\"40\" maxlength=\"400\" class=\"wpcf7-form-control wpcf7-text wpcf7-validates-as-required\" aria-required=\"true\" aria-invalid=\"false\" value=\"\" type=\"text\" name=\"your-name\" \/><\/span> <\/label>\n<\/p>\n<p><label> La tua email<br \/>\n<span class=\"wpcf7-form-control-wrap\" data-name=\"your-email\"><input size=\"40\" maxlength=\"400\" class=\"wpcf7-form-control wpcf7-email wpcf7-validates-as-required wpcf7-text wpcf7-validates-as-email\" aria-required=\"true\" aria-invalid=\"false\" value=\"\" type=\"email\" name=\"your-email\" \/><\/span> <\/label>\n<\/p>\n<p><label> Quantit\u00e0 minima ordinabile<br \/>\n<span class=\"wpcf7-form-control-wrap\" data-name=\"menu-734\"><select class=\"wpcf7-form-control wpcf7-select wpcf7-validates-as-required\" aria-required=\"true\" aria-invalid=\"false\" name=\"menu-734\"><option value=\"\">&#8212;Seleziona un&#039;opzione&#8212;<\/option><option value=\"300\">300<\/option><option value=\"500\">500<\/option><option value=\"1000\">1000<\/option><\/select><\/span> <\/label>\n<\/p>\n<p><label> Il tuo messaggio<br \/>\n<span class=\"wpcf7-form-control-wrap\" data-name=\"your-message\"><textarea cols=\"40\" rows=\"10\" maxlength=\"2000\" class=\"wpcf7-form-control wpcf7-textarea wpcf7-validates-as-required\" aria-required=\"true\" aria-invalid=\"false\" name=\"your-message\"><\/textarea><\/span> <\/label>\n<\/p>\n<p><label> Il tuo file (opzionale)<br \/>\n<span class=\"wpcf7-form-control-wrap\" data-name=\"file-978\"><input size=\"40\" class=\"wpcf7-form-control wpcf7-file\" accept=\"audio\/*,video\/*,image\/*\" aria-invalid=\"false\" type=\"file\" name=\"file-978\" \/><\/span> <\/label>\n<\/p>\n<p><span class=\"wpcf7-form-control-wrap\" data-name=\"quiz-747\"><label><span class=\"wpcf7-quiz-label\">2+6=?<\/span> <input size=\"40\" class=\"wpcf7-form-control wpcf7-quiz\" autocomplete=\"off\" aria-required=\"true\" aria-invalid=\"false\" type=\"text\" name=\"quiz-747\" \/><\/label><input type=\"hidden\" name=\"_wpcf7_quiz_answer_quiz-747\" value=\"34fe0dce70d770da3a4b02c0e1fa88fe\" \/><\/span>\n<\/p>\n<p><input class=\"wpcf7-form-control wpcf7-submit has-spinner\" type=\"submit\" value=\"Invia\" \/>\n<\/p><div class=\"wpcf7-response-output\" aria-hidden=\"true\"><\/div>\n<\/form>\n<\/div>\n\n\n","protected":false},"excerpt":{"rendered":"<p>Stampa Personalizzata di Carte da Poker Siamo specializzati nella stampa di carte da poker personalizzate di alta qualit\u00e0 con piena flessibilit\u00e0 in termini di design, dimensioni, materiale, finitura e confezione. Richiedi un Preventivo Dimensioni delle carte da Poker Mini formato Queste carte da Poker di dimensioni mini sono portatili, con [&hellip;]<\/p>\n","protected":false},"author":1,"featured_media":0,"parent":0,"menu_order":0,"comment_status":"closed","ping_status":"closed","template":"","meta":{"site-sidebar-layout":"no-sidebar","site-content-layout":"page-builder","ast-site-content-layout":"full-width-container","site-content-style":"unboxed","site-sidebar-style":"unboxed","ast-global-header-display":"","ast-banner-title-visibility":"","ast-main-header-display":"","ast-hfb-above-header-display":"","ast-hfb-below-header-display":"","ast-hfb-mobile-header-display":"","site-post-title":"disabled","ast-breadcrumbs-content":"","ast-featured-img":"disabled","footer-sml-layout":"","ast-disable-related-posts":"","theme-transparent-header-meta":"default","adv-header-id-meta":"","stick-header-meta":"default","header-above-stick-meta":"","header-main-stick-meta":"","header-below-stick-meta":"","astra-migrate-meta-layouts":"default","ast-page-background-enabled":"default","ast-page-background-meta":{"desktop":{"background-color":"","background-image":"","background-repeat":"repeat","background-position":"center center","background-size":"auto","background-attachment":"scroll","background-type":"","background-media":"","overlay-type":"","overlay-color":"","overlay-opacity":"","overlay-gradient":""},"tablet":{"background-color":"","background-image":"","background-repeat":"repeat","background-position":"center center","background-size":"auto","background-attachment":"scroll","background-type":"","background-media":"","overlay-type":"","overlay-color":"","overlay-opacity":"","overlay-gradient":""},"mobile":{"background-color":"","background-image":"","background-repeat":"repeat","background-position":"center center","background-size":"auto","background-attachment":"scroll","background-type":"","background-media":"","overlay-type":"","overlay-color":"","overlay-opacity":"","overlay-gradient":""}},"ast-content-background-meta":{"desktop":{"background-color":"var(--ast-global-color-5)","background-image":"","background-repeat":"repeat","background-position":"center center","background-size":"auto","background-attachment":"scroll","background-type":"","background-media":"","overlay-type":"","overlay-color":"","overlay-opacity":"","overlay-gradient":""},"tablet":{"background-color":"var(--ast-global-color-5)","background-image":"","background-repeat":"repeat","background-position":"center center","background-size":"auto","background-attachment":"scroll","background-type":"","background-media":"","overlay-type":"","overlay-color":"","overlay-opacity":"","overlay-gradient":""},"mobile":{"background-color":"var(--ast-global-color-5)","background-image":"","background-repeat":"repeat","background-position":"center center","background-size":"auto","background-attachment":"scroll","background-type":"","background-media":"","overlay-type":"","overlay-color":"","overlay-opacity":"","overlay-gradient":""}},"footnotes":""},"class_list":["post-8251","page","type-page","status-publish","hentry"],"_links":{"self":[{"href":"https:\/\/www.hicreategames.com\/it\/wp-json\/wp\/v2\/pages\/8251","targetHints":{"allow":["GET"]}}],"collection":[{"href":"https:\/\/www.hicreategames.com\/it\/wp-json\/wp\/v2\/pages"}],"about":[{"href":"https:\/\/www.hicreategames.com\/it\/wp-json\/wp\/v2\/types\/page"}],"author":[{"embeddable":true,"href":"https:\/\/www.hicreategames.com\/it\/wp-json\/wp\/v2\/users\/1"}],"replies":[{"embeddable":true,"href":"https:\/\/www.hicreategames.com\/it\/wp-json\/wp\/v2\/comments?post=8251"}],"version-history":[{"count":5,"href":"https:\/\/www.hicreategames.com\/it\/wp-json\/wp\/v2\/pages\/8251\/revisions"}],"predecessor-version":[{"id":26668,"href":"https:\/\/www.hicreategames.com\/it\/wp-json\/wp\/v2\/pages\/8251\/revisions\/26668"}],"wp:attachment":[{"href":"https:\/\/www.hicreategames.com\/it\/wp-json\/wp\/v2\/media?parent=8251"}],"curies":[{"name":"wp","href":"https:\/\/api.w.org\/{rel}","templated":true}]}}