{"id":16747,"date":"2017-07-12T05:53:59","date_gmt":"2017-07-12T05:53:59","guid":{"rendered":"https:\/\/www.hicreategames.com\/sobre-nos\/"},"modified":"2025-08-25T05:35:47","modified_gmt":"2025-08-25T05:35:47","slug":"sobre-nos","status":"publish","type":"page","link":"https:\/\/www.hicreategames.com\/pt-pt\/sobre-nos\/","title":{"rendered":"Sobre N\u00f3s"},"content":{"rendered":"\n\n\t<h1>\n\t\t\t\tSobre N\u00f3s\n\t\t\t<\/h1>\n\t<h2>\n\t\t\t\tHicreate\n\t\t\t<\/h2>\n\t\t\t<p>Um criador profissional de jogos de tabuleiro<\/p>\t\n\t<p>Jiangsu Hicreate Entertainment Co., Ltd. foi fundada em 2015, como fabricante l\u00edder de jogos de tabuleiro e de cartas. Somos especializados em pesquisar, desenvolver, personalizar, fabricar e vender todos os tipos de jogos de tabuleiro e de cartas e componentes de jogos relevantes, tais como pe\u00f5es, miniaturas e dados. Temos a nossa pr\u00f3pria equipa de design e equipa de servi\u00e7o que cooperaram com mais de 100 designers de jogos de tabuleiro por ano e ajudaram mais de 50 projetos no Kickstarter. A nossa filosofia: Prestar um servi\u00e7o completo e tornar a sua cria\u00e7\u00e3o realidade. O nosso objetivo: ser o maior criador de jogos de tabuleiro do mundo! Bem-vindo a visitar a nossa empresa e a estabelecer rela\u00e7\u00f5es comerciais com a nossa empresa.<\/p>\n\t<ul>\n\t\t<li>\t\t\t\t\n\t\t<h5>Profissional<\/h5><\/li><li>\t\t\t\t\n\t\t<h5>Ideias Brilhantes<\/h5><\/li>\t<\/ul>\n\t<ul>\n\t\t<li>\t\t\t\t\n\t\t<h5>Melhor pre\u00e7o e servi\u00e7o<\/h5><\/li><li>\t\t\t\t\n\t\t<h5>Assist\u00eancia 24\/7<\/h5><\/li>\t<\/ul>\n\t<iframe loading=\"lazy\" width=\"600\" height=\"320\" src=\"https:\/\/www.youtube.com\/embed\/oDPaDd2d8xU?si=S3UCM9dFVG9Dyxbl\" title=\"Reprodutor de v\u00eddeo do YouTube\" frameborder=\"0\" allow=\"accelerometer; autoplay; clipboard-write; encrypted-media; gyroscope; picture-in-picture; web-share\" allowfullscreen=\"\"><\/iframe>\n\t\t\t\t<img loading=\"lazy\" decoding=\"async\" src=\"https:\/\/www.hicreategames.com\/wp-content\/uploads\/2023\/09\/Hicreate-Team.jpg\" alt=\"Hicreate Team\" itemprop=\"image\" height=\"475\" width=\"708\" title=\"Hicreate Team\" onerror=\"this.style.display='none'\"  \/>\n<h2>\n\t\tO nosso time\n\t<\/h2>\n\t\t\t\t<img decoding=\"async\" src=\"https:\/\/www.hicreategames.com\/wp-content\/uploads\/2022\/04\/team.jpg\" alt=\"hicreate team\" title=\"hicreate team\" itemprop=\"image\"\/>\n\t\t<h5>\n\t\tTurismo Mensal\n\t<\/h5>\n\t\t\t\t<img decoding=\"async\" src=\"https:\/\/www.hicreategames.com\/wp-content\/uploads\/2022\/04\/office.jpg\" alt=\"hicreate office\" title=\"hicreate office\" itemprop=\"image\"\/>\n\t\t<h5>\n\t\tTrabalhe com precis\u00e3o\n\t<\/h5>\n\t\t\t\t<img decoding=\"async\" src=\"https:\/\/www.hicreategames.com\/wp-content\/uploads\/2022\/04\/printing-equipment.jpg\" alt=\"hicreate printing equipment\" title=\"hicreate printing equipment\" itemprop=\"image\"\/>\n\t\t<h5>\n\t\tEngenheiro\n\t<\/h5>\n<h2>\n\t\tA nossa oficina\n\t<\/h2>\n\t\t\t\t<img decoding=\"async\" src=\"https:\/\/www.hicreategames.com\/wp-content\/uploads\/2022\/04\/assembly.jpg\" alt=\"assembly\" title=\"assembly\" itemprop=\"image\"\/>\n\t\t<h5>\n\t\tAssembleia\n\t<\/h5>\n\t\t\t\t<img decoding=\"async\" src=\"https:\/\/www.hicreategames.com\/wp-content\/uploads\/2022\/04\/embossing.jpg\" alt=\"embossing\" title=\"embossing\" itemprop=\"image\"\/>\n\t\t<h5>\n\t\tGrava\u00e7\u00e3o\n\t<\/h5>\n\t\t\t\t<img decoding=\"async\" src=\"https:\/\/www.hicreategames.com\/wp-content\/uploads\/2022\/04\/forming-3.jpg\" alt=\"forming 3\" title=\"forming 3\" itemprop=\"image\"\/>\n\t\t<h5>\n\t\tFormando 3\n\t<\/h5>\n\t\t\t\t<img decoding=\"async\" src=\"https:\/\/www.hicreategames.com\/wp-content\/uploads\/2022\/04\/cutting.jpg\" alt=\"cutting\" title=\"cutting\" itemprop=\"image\"\/>\n\t\t<h5>\n\t\tCorte\n\t<\/h5>\n\t\t\t\t<img decoding=\"async\" src=\"https:\/\/www.hicreategames.com\/wp-content\/uploads\/2022\/04\/forming-1.jpg\" alt=\"forming 1\" title=\"forming 1\" itemprop=\"image\"\/>\n\t\t<h5>\n\t\tFormando 1\n\t<\/h5>\n\t\t\t\t<img decoding=\"async\" src=\"https:\/\/www.hicreategames.com\/wp-content\/uploads\/2022\/04\/packaging.jpg\" alt=\"packaging\" title=\"packaging\" itemprop=\"image\"\/>\n\t\t<h5>\n\t\tEmbalagem\n\t<\/h5>\n\t\t\t\t<img decoding=\"async\" src=\"https:\/\/www.hicreategames.com\/wp-content\/uploads\/2022\/04\/die-cutting.jpg\" alt=\"die cutting\" title=\"die cutting\" itemprop=\"image\"\/>\n\t\t<h5>\n\t\tCorte de moldes\n\t<\/h5>\n\t\t\t\t<img decoding=\"async\" src=\"https:\/\/www.hicreategames.com\/wp-content\/uploads\/2022\/04\/forming-2.jpg\" alt=\"forming 2\" title=\"forming 2\" itemprop=\"image\"\/>\n\t\t<h5>\n\t\tFormando 2\n\t<\/h5>\n\t\t\t\t<img decoding=\"async\" src=\"https:\/\/www.hicreategames.com\/wp-content\/uploads\/2022\/04\/printing.jpg\" alt=\"printing\" title=\"printing\" itemprop=\"image\"\/>\n\t\t<h5>\n\t\tImpress\u00e3o\n\t<\/h5>\n<h2>\n\t\tNossas Exposi\u00e7\u00f5es\n\t<\/h2>\n\t\t\t\t<img decoding=\"async\" src=\"https:\/\/www.hicreategames.com\/wp-content\/uploads\/2022\/04\/2017-Hong-Kong-Mega-Show.jpg\" alt=\"2017.10 Hong Kong Mega Show\" title=\"2017.10 Hong Kong Mega Show\" itemprop=\"image\"\/>\n\t\t<h6>\n\t\tMega Show de Hong Kong 2017.10\n\t<\/h6>\n\t\t\t\t<img decoding=\"async\" src=\"https:\/\/www.hicreategames.com\/wp-content\/uploads\/2022\/04\/2019-Hong-Kong-Gift-And-Premium-Show.jpg\" alt=\"2019.4 Hong Kong Gift And Premium Show\" title=\"2019.4 Hong Kong Gift And Premium Show\" itemprop=\"image\"\/>\n\t\t<h6>\n\t\tPresente e espet\u00e1culo premium de Hong Kong 2019.4\n\t<\/h6>\n\t\t\t\t<img decoding=\"async\" src=\"https:\/\/www.hicreategames.com\/wp-content\/uploads\/2022\/04\/2018-Hong-Kong-Gift-And-Premium-Show.jpg\" alt=\"2018.4 Hong Kong Gift And Premium Show\" title=\"2018.4 Hong Kong Gift And Premium Show\" itemprop=\"image\"\/>\n\t\t<h6>\n\t\tPresente e espet\u00e1culo premium de Hong Kong 2018.4\n\t<\/h6>\n\t\t\t\t<img decoding=\"async\" src=\"https:\/\/www.hicreategames.com\/wp-content\/uploads\/2022\/04\/2019-Hong-Kong-Mega-Show.jpg\" alt=\"2019.10 Hong Kong Mega Show\" title=\"2019.10 Hong Kong Mega Show\" itemprop=\"image\"\/>\n\t\t<h6>\n\t\tMega Show de Hong Kong 2019.10\n\t<\/h6>\n\t\t\t\t<img decoding=\"async\" src=\"https:\/\/www.hicreategames.com\/wp-content\/uploads\/2022\/04\/2018-Hong-KongMega-Show.jpg\" alt=\"2018.10 Hong Kong Mega Show\" title=\"2018.10 Hong Kong Mega Show\" itemprop=\"image\"\/>\n\t\t<h6>\n\t\tMega Show de Hong Kong 2018.10\n\t<\/h6>\n\t\t\t\t<img decoding=\"async\" src=\"https:\/\/www.hicreategames.com\/wp-content\/uploads\/2022\/04\/2020-Nuremberg-International-Toy-Fair.jpg\" alt=\"2020.1 Nuremberg International Toy Fair\" title=\"2020.1 Nuremberg International Toy Fair\" itemprop=\"image\"\/>\n\t\t<h6>\n\t\tFeira Internacional de Brinquedos de Nuremberga 2020.1\n\t<\/h6>\n\n","protected":false},"excerpt":{"rendered":"<p>Sobre N\u00f3s Hicreate Um criador profissional de jogos de tabuleiro Jiangsu Hicreate Entertainment Co., Ltd. foi fundada em 2015, como fabricante l\u00edder de jogos de tabuleiro e de cartas. Somos especializados em pesquisar, desenvolver, personalizar, fabricar e vender todos os tipos de jogos de tabuleiro e de cartas e componentes [&hellip;]<\/p>\n","protected":false},"author":1,"featured_media":0,"parent":0,"menu_order":0,"comment_status":"closed","ping_status":"closed","template":"","meta":{"site-sidebar-layout":"no-sidebar","site-content-layout":"page-builder","ast-site-content-layout":"default","site-content-style":"default","site-sidebar-style":"default","ast-global-header-display":"","ast-banner-title-visibility":"","ast-main-header-display":"","ast-hfb-above-header-display":"","ast-hfb-below-header-display":"","ast-hfb-mobile-header-display":"","site-post-title":"disabled","ast-breadcrumbs-content":"","ast-featured-img":"disabled","footer-sml-layout":"","ast-disable-related-posts":"","theme-transparent-header-meta":"","adv-header-id-meta":"","stick-header-meta":"","header-above-stick-meta":"","header-main-stick-meta":"","header-below-stick-meta":"","astra-migrate-meta-layouts":"default","ast-page-background-enabled":"default","ast-page-background-meta":{"desktop":{"background-color":"","background-image":"","background-repeat":"repeat","background-position":"center center","background-size":"auto","background-attachment":"scroll","background-type":"","background-media":"","overlay-type":"","overlay-color":"","overlay-opacity":"","overlay-gradient":""},"tablet":{"background-color":"","background-image":"","background-repeat":"repeat","background-position":"center center","background-size":"auto","background-attachment":"scroll","background-type":"","background-media":"","overlay-type":"","overlay-color":"","overlay-opacity":"","overlay-gradient":""},"mobile":{"background-color":"","background-image":"","background-repeat":"repeat","background-position":"center center","background-size":"auto","background-attachment":"scroll","background-type":"","background-media":"","overlay-type":"","overlay-color":"","overlay-opacity":"","overlay-gradient":""}},"ast-content-background-meta":{"desktop":{"background-color":"var(--ast-global-color-5)","background-image":"","background-repeat":"repeat","background-position":"center center","background-size":"auto","background-attachment":"scroll","background-type":"","background-media":"","overlay-type":"","overlay-color":"","overlay-opacity":"","overlay-gradient":""},"tablet":{"background-color":"var(--ast-global-color-5)","background-image":"","background-repeat":"repeat","background-position":"center center","background-size":"auto","background-attachment":"scroll","background-type":"","background-media":"","overlay-type":"","overlay-color":"","overlay-opacity":"","overlay-gradient":""},"mobile":{"background-color":"var(--ast-global-color-5)","background-image":"","background-repeat":"repeat","background-position":"center center","background-size":"auto","background-attachment":"scroll","background-type":"","background-media":"","overlay-type":"","overlay-color":"","overlay-opacity":"","overlay-gradient":""}},"footnotes":""},"class_list":["post-16747","page","type-page","status-publish","hentry"],"_links":{"self":[{"href":"https:\/\/www.hicreategames.com\/pt-pt\/wp-json\/wp\/v2\/pages\/16747","targetHints":{"allow":["GET"]}}],"collection":[{"href":"https:\/\/www.hicreategames.com\/pt-pt\/wp-json\/wp\/v2\/pages"}],"about":[{"href":"https:\/\/www.hicreategames.com\/pt-pt\/wp-json\/wp\/v2\/types\/page"}],"author":[{"embeddable":true,"href":"https:\/\/www.hicreategames.com\/pt-pt\/wp-json\/wp\/v2\/users\/1"}],"replies":[{"embeddable":true,"href":"https:\/\/www.hicreategames.com\/pt-pt\/wp-json\/wp\/v2\/comments?post=16747"}],"version-history":[{"count":3,"href":"https:\/\/www.hicreategames.com\/pt-pt\/wp-json\/wp\/v2\/pages\/16747\/revisions"}],"predecessor-version":[{"id":17525,"href":"https:\/\/www.hicreategames.com\/pt-pt\/wp-json\/wp\/v2\/pages\/16747\/revisions\/17525"}],"wp:attachment":[{"href":"https:\/\/www.hicreategames.com\/pt-pt\/wp-json\/wp\/v2\/media?parent=16747"}],"curies":[{"name":"wp","href":"https:\/\/api.w.org\/{rel}","templated":true}]}}